{"id":9489,"date":"2024-01-17T12:08:53","date_gmt":"2024-01-17T11:08:53","guid":{"rendered":"https:\/\/www.uni.lu\/fr\/?page_id=9489"},"modified":"2026-01-23T15:46:14","modified_gmt":"2026-01-23T14:46:14","slug":"etape-2","status":"publish","type":"page","link":"https:\/\/www.uni.lu\/fr\/etudes\/questions-academiques\/recours\/etape-2\/","title":{"rendered":"\u00c9tape 2"},"content":{"rendered":"<div class=\"section py-0 static\">\n<section class=\"py-0 wp-block-unilux-blocks-free-section section\"><div class=\"container xl:max-w-screen-xl\"><!-- SecondaryNavigationMirror --><div class=\"js-secondary-nav--sticky wp-block-unilux-blocks-secondary-navigation\" id=\"29738f73-89ed-427b-9ba2-82fb6b2774f1\">\n    <nav id=\"secondary-navigation\" role=\"navigation\" aria-label=\"Secondary menu\" class=\"secondary-nav\">\n        <button class=\"secondary-nav__button btn btn-solid--primary w-full\" aria-expanded=\"false\" aria-controls=\"secondary-navigation__list\" title=\"The selected page is Aper\u00e7u\" type=\"button\">\n            <span class=\"btn__name mr-auto\">Aper\u00e7u<\/span>\n            <svg aria-hidden=\"true\" focusable=\"false\" class=\"icon icon-outline icon--xs\">\n                <use xlink:href=\"https:\/\/www.uni.lu\/wp-content\/themes\/unilux-theme\/assets\/images\/icons\/icons-outline.svg#icon--arrow-down\" \/>\n            <\/svg>\n        <\/button>\n\n        <ul id=\"secondary-navigation__list\" class=\"secondary-nav__list\">\n            <li class=\"secondary-nav__item\">\n    <a href=\"https:\/\/www.uni.lu\/fr\/etudes\/questions-academiques\/\" target=\"\" rel=\"noreferrer noopener\" class=\"secondary-nav__link \">\n        <svg aria-hidden=\"true\" focusable=\"false\" class=\"icon icon-outline icon--xs\">\n            <use xlink:href=\"https:\/\/www.uni.lu\/wp-content\/themes\/unilux-theme\/assets\/images\/icons\/icons-outline.svg#icon--arrow-right\" \/>\n        <\/svg>\n        <span class=\"secondary-nav__name\">Aper\u00e7u<\/span>\n    <\/a>\n<\/li>\n<li class=\"secondary-nav__item\">\n    <a href=\"https:\/\/www.uni.lu\/fr\/etudes\/questions-academiques\/statut-d-etudiant\/\" target=\"\" rel=\"noreferrer noopener\" class=\"secondary-nav__link \">\n        <svg aria-hidden=\"true\" focusable=\"false\" class=\"icon icon-outline icon--xs\">\n            <use xlink:href=\"https:\/\/www.uni.lu\/wp-content\/themes\/unilux-theme\/assets\/images\/icons\/icons-outline.svg#icon--arrow-right\" \/>\n        <\/svg>\n        <span class=\"secondary-nav__name\">Statut d&rsquo;\u00e9tudiant<\/span>\n    <\/a>\n<\/li>\n<li class=\"secondary-nav__item\">\n    <a href=\"https:\/\/www.uni.lu\/fr\/etudes\/questions-academiques\/progression-des-etudes\/\" target=\"\" rel=\"noreferrer noopener\" class=\"secondary-nav__link \">\n        <svg aria-hidden=\"true\" focusable=\"false\" class=\"icon icon-outline icon--xs\">\n            <use xlink:href=\"https:\/\/www.uni.lu\/wp-content\/themes\/unilux-theme\/assets\/images\/icons\/icons-outline.svg#icon--arrow-right\" \/>\n        <\/svg>\n        <span class=\"secondary-nav__name\">Progression des \u00e9tudes<\/span>\n    <\/a>\n<\/li>\n<li class=\"secondary-nav__item\">\n    <a href=\"https:\/\/www.uni.lu\/fr\/etudes\/questions-academiques\/dispositions-speciales\/\" target=\"\" rel=\"noreferrer noopener\" class=\"secondary-nav__link \">\n        <svg aria-hidden=\"true\" focusable=\"false\" class=\"icon icon-outline icon--xs\">\n            <use xlink:href=\"https:\/\/www.uni.lu\/wp-content\/themes\/unilux-theme\/assets\/images\/icons\/icons-outline.svg#icon--arrow-right\" \/>\n        <\/svg>\n        <span class=\"secondary-nav__name\">Dispositions sp\u00e9ciales<\/span>\n    <\/a>\n<\/li>\n<li class=\"secondary-nav__item\">\n    <a href=\"https:\/\/www.uni.lu\/fr\/etudes\/questions-academiques\/conduite-academique\/\" target=\"\" rel=\"noreferrer noopener\" class=\"secondary-nav__link \">\n        <svg aria-hidden=\"true\" focusable=\"false\" class=\"icon icon-outline icon--xs\">\n            <use xlink:href=\"https:\/\/www.uni.lu\/wp-content\/themes\/unilux-theme\/assets\/images\/icons\/icons-outline.svg#icon--arrow-right\" \/>\n        <\/svg>\n        <span class=\"secondary-nav__name\">Conduite acad\u00e9mique<\/span>\n    <\/a>\n<\/li>\n<li class=\"secondary-nav__item\">\n    <a href=\"https:\/\/www.uni.lu\/fr\/etudes\/questions-academiques\/recours\/\" target=\"\" rel=\"noreferrer noopener\" class=\"secondary-nav__link \">\n        <svg aria-hidden=\"true\" focusable=\"false\" class=\"icon icon-outline icon--xs\">\n            <use xlink:href=\"https:\/\/www.uni.lu\/wp-content\/themes\/unilux-theme\/assets\/images\/icons\/icons-outline.svg#icon--arrow-right\" \/>\n        <\/svg>\n        <span class=\"secondary-nav__name\">Recours<\/span>\n    <\/a>\n<\/li>\n        <\/ul>\n    <\/nav>\n<\/div>\n<!-- end SecondaryNavigationMirror --><\/div><\/section>\n\n\n\n<section class=\"wp-block-unilux-blocks-free-section section\"><div class=\"container xl:max-w-screen-xl\">\n<p><strong><strong>\u00c9tape&nbsp;2<\/strong><\/strong><\/p>\n\n\n\n<h1 class=\"has-text-align-left wp-block-unilux-blocks-heading\"        id=\"recours-aupres-de-la-commission-des-litiges\"\n    >\nRecours aupr\u00e8s de la Commission des litiges<\/h1>\n\n\n\n<p>La Commission des litiges de l\u2019Universit\u00e9 r\u00e8gle les litiges entre les usagers de l\u2019Universit\u00e9 et les organes d\u00e9cisionnels selon une proc\u00e9dure contradictoire. Elle est compos\u00e9e de professeurs, d\u2019\u00e9tudiants et de membres du personnel administratif, technique et financier de l\u2019Universit\u00e9. Elle d\u00e9cide de mani\u00e8re ind\u00e9pendante. Elle examine les d\u00e9cisions contest\u00e9es du point de vue de la l\u00e9galit\u00e9 et de l\u2019exactitude factuelle.<\/p>\n\n\n\n<p>La comp\u00e9tence de la Commission des Litiges est limit\u00e9e aux recours contre :<\/p>\n\n\n\n<ol class=\"ulux-list\">\n<li class=\"ulux-list-item\">les d\u00e9cisions prises en vertu des articles 32 \u00e0 37 et de l\u2019article 39 de la loi relative \u00e0 l\u2019organisation de l\u2019Universit\u00e9 du Luxembourg ;<\/li>\n\n\n\n<li class=\"ulux-list-item\">les d\u00e9cisions concernant les <a href=\"https:\/\/www.uni.lu\/fr\/etudes\/questions-academiques\/conduite-academique\/#en-savoir-plus-sur-la-mauvaise-conduite-acad\u00e9mique\">mesures disciplinaires<\/a>.<\/li>\n<\/ol>\n\n\n\n<p>Tout recours aupr\u00e8s de la Commission des Litiges doit \u00eatre d\u00e9pos\u00e9 dans un d\u00e9lai d\u2019un (1) mois \u00e0 compter de la notification de la d\u00e9cision faisant l\u2019objet du recours, ou dans un d\u00e9lai d\u2019un (1) mois \u00e0 compter de la notification du rejet d\u2019un recours gracieux contre la d\u00e9cision initiale.<\/p>\n\n\n\n<p>Les recours concernant une sanction disciplinaire doivent toutefois \u00eatre d\u00e9pos\u00e9s dans les sept (7) jours suivant la notification de la d\u00e9cision faisant l\u2019objet du recours.<\/p>\n\n\n\n<p>Le recours doit \u00eatre introduit en utilisant le <a href=\"https:\/\/uni-lu-advocate.symplicity.com\/collections\/uni\/674bd0afdf691f3641f5f3f189cb652e\" target=\"_blank\" rel=\"noreferrer noopener\">formulaire de litigation<\/a>. \u00c9tant donn\u00e9 que les textes juridiques applicables sont r\u00e9dig\u00e9s en fran\u00e7ais, la Commission des Litiges recommande fortement d\u2019utiliser le fran\u00e7ais. Sauf cas exceptionnels, la d\u00e9cision sera rendue en fran\u00e7ais.<\/p>\n\n\n\n<p>Le recours doit contenir les informations suivantes&nbsp;:<\/p>\n\n\n\n<ul class=\"ulux-list\">\n<li class=\"ulux-list-item\">coordonn\u00e9es personnelles du requ\u00e9rant&nbsp;: nom complet, matricule (le cas \u00e9ch\u00e9ant), adresse e-mail (de l\u2019\u00e9tudiant),<\/li>\n\n\n\n<li class=\"ulux-list-item\">informations concernant la d\u00e9cision faisant l\u2019objet du recours&nbsp;: date, forme de notification, nom de la personne ou de l\u2019organe qui a pris la d\u00e9cision, programme d\u2019\u00e9tudes, nature et contenu de la d\u00e9cision et contenu de la d\u00e9cision,<\/li>\n\n\n\n<li class=\"ulux-list-item\">Informations sur les motifs de contestation de la d\u00e9cision,<\/li>\n\n\n\n<li class=\"ulux-list-item\">preuves pertinentes.<\/li>\n<\/ul>\n\n\n\n<p>La Commission des litiges commence par examiner la recevabilit\u00e9 du recours. Si le recours est recevable, la Commission examine si la d\u00e9cision contest\u00e9e est conforme ou non \u00e0 toutes les r\u00e8gles applicables \u00e0 l\u2019Universit\u00e9.<\/p>\n\n\n\n<p>La proc\u00e9dure de litige est contradictoire. Le recours est transmis au d\u00e9fendeur, c\u2019est-\u00e0-dire \u00e0 l\u2019organe\/\u00e0 la personne qui a pris la d\u00e9cision contest\u00e9e. La Commission peut demander au d\u00e9fendeur de r\u00e9agir par une d\u00e9claration \u00e9crite, qu\u2019elle transmet au requ\u00e9rant.<\/p>\n\n\n\n<p>Si, au cours de la proc\u00e9dure \u00e9crite, tous les \u00e9l\u00e9ments du litige ne peuvent \u00eatre clarifi\u00e9s, la Commission des litiges peut convoquer les deux parties \u00e0 une audience. Lors de cette audience, chacune des deux parties peut \u00eatre accompagn\u00e9e de la personne de son choix (par exemple : un avocat), qui peut intervenir dans la discussion.<\/p>\n\n\n\n<p>Les membres de la Commission d\u00e9cident en toute ind\u00e9pendance. La Commission des litiges peut soit confirmer la d\u00e9cision et rejeter le recours, soit retenir partiellement ou totalement le recours, auquel cas elle peut soit annuler la d\u00e9cision (l\u2019auteur de la d\u00e9cision contest\u00e9e doit prendre une nouvelle d\u00e9cision), soit modifier la d\u00e9cision (en rempla\u00e7ant la d\u00e9cision contest\u00e9e par sa propre d\u00e9cision).<\/p>\n\n\n\n<p>Le requ\u00e9rant et le d\u00e9fendeur sont inform\u00e9s de la d\u00e9cision par e-mail. Si l\u2019appelant ne re\u00e7oit pas de r\u00e9ponse dans un d\u00e9lai d\u2019un mois \u00e0 compter du d\u00e9p\u00f4t de son recours, il doit consid\u00e9rer celui-ci comme implicitement rejet\u00e9.<\/p>\n\n\n\n<p>L\u2019appelant peut alors contester la d\u00e9cision de la Commission des litiges en d\u00e9posant un recours en annulation aupr\u00e8s du Tribunal administratif du Luxembourg. Ce recours judiciaire doit \u00eatre introduit dans un d\u00e9lai d\u2019un (1) mois \u00e0 compter de la notification de la d\u00e9cision de la Commission des litiges.<\/p>\n<\/div><\/section>\n\n\n\n<section class=\"py-0 wp-block-unilux-blocks-free-section section\"><div class=\"container xl:max-w-screen-xl\">\n<h2 class=\"has-text-align-left wp-block-unilux-blocks-heading\"        id=\"contact-pratique\"\n    >\nContact pratique<\/h2>\n\n\n\n<ul class=\"wp-block-unilux-blocks-quick-link-highlight quick-link-list\">\n<li class=\"wp-block-unilux-blocks-quick-link-highlight-item\">\n    <a\n                    href=\"https:\/\/www.uni.lu\/fr\/a-propos\/gouvernance\/commission-des-litiges\/\"\n                    class=\"quick-link\"\n            target=\"\"\n    >\n            <span class=\"quick-link__container\">\n                <span class=\"quick-link__body\">\n                    <span class=\"quick-link__number\">\n                                            <\/span>\n                    <span class=\"quick-link__title\">\n                        Commission des litiges                    <\/span>\n                    <span class=\"quick-link__action\">\n                                            <\/span>\n                <\/span>\n                <svg aria-hidden=\"true\" focusable=\"false\" class=\"icon icon-outline icon--arrow-right \"><use xlink:href=\"https:\/\/www.uni.lu\/wp-content\/themes\/unilux-theme\/assets\/images\/icons\/icons-outline.svg#icon--arrow-right\"><\/use><\/svg>            <\/span>\n    <\/a>\n<\/li>\n<\/ul>\n<\/div><\/section>\n<\/div>","protected":false},"excerpt":{"rendered":"","protected":false},"author":68,"featured_media":0,"parent":9485,"menu_order":0,"comment_status":"closed","ping_status":"closed","template":"","meta":{"featured_image_focal_point":[],"show_featured_caption":false,"ulux_newsletter_groups":"","uluxPostTitle":"Questions acad\u00e9miques","uluxPrePostTitle":"\u00c9tudes","_trash_the_other_posts":false,"_price":"","_stock":"","_tribe_ticket_header":"","_tribe_default_ticket_provider":"","_tribe_ticket_capacity":"0","_ticket_start_date":"","_ticket_end_date":"","_tribe_ticket_show_description":"","_tribe_ticket_show_not_going":false,"_tribe_ticket_use_global_stock":"","_tribe_ticket_global_stock_level":"","_global_stock_mode":"","_global_stock_cap":"","_tribe_rsvp_for_event":"","_tribe_ticket_going_count":"","_tribe_ticket_not_going_count":"","_tribe_tickets_list":"[]","_tribe_ticket_has_attendee_info_fields":false,"footnotes":""},"field-of-interest":[],"organisation":[],"authorship":[68,33,337,210],"acf":[],"yoast_head":"<!-- This site is optimized with the Yoast SEO Premium plugin v22.3 (Yoast SEO v22.3) - https:\/\/yoast.com\/wordpress\/plugins\/seo\/ -->\n<title>\u00c9tape 2 - Universit\u00e9 du Luxembourg<\/title>\n<meta name=\"description\" content=\"\u00c9tape&nbsp;2 La Commission des litiges de l\u2019Universit\u00e9 r\u00e8gle les litiges entre les usagers de l\u2019Universit\u00e9 et les organes d\u00e9cisionnels selon une proc\u00e9dure\" \/>\n<meta name=\"robots\" content=\"index, follow, max-snippet:-1, max-image-preview:large, max-video-preview:-1\" \/>\n<link rel=\"canonical\" href=\"https:\/\/www.uni.lu\/fr\/etudes\/questions-academiques\/recours\/etape-2\/\" \/>\n<meta property=\"og:locale\" content=\"fr_FR\" \/>\n<meta property=\"og:type\" content=\"article\" \/>\n<meta property=\"og:title\" content=\"\u00c9tape 2\" \/>\n<meta property=\"og:description\" content=\"\u00c9tape&nbsp;2 La Commission des litiges de l\u2019Universit\u00e9 r\u00e8gle les litiges entre les usagers de l\u2019Universit\u00e9 et les organes d\u00e9cisionnels selon une proc\u00e9dure\" \/>\n<meta property=\"og:url\" content=\"https:\/\/www.uni.lu\/fr\/etudes\/questions-academiques\/recours\/etape-2\/\" \/>\n<meta property=\"og:site_name\" content=\"UNI FR\" \/>\n<meta property=\"article:publisher\" content=\"https:\/\/www.facebook.com\/uni.lu\" \/>\n<meta property=\"article:modified_time\" content=\"2026-01-23T14:46:14+00:00\" \/>\n<meta property=\"og:image\" content=\"https:\/\/www.uni.lu\/wp-content\/uploads\/sites\/11\/2026\/03\/03120045\/UNIV_SM-Profile_1600x1600px-scaled.jpg\" \/>\n\t<meta property=\"og:image:width\" content=\"2560\" \/>\n\t<meta property=\"og:image:height\" content=\"2560\" \/>\n\t<meta property=\"og:image:type\" content=\"image\/jpeg\" \/>\n<meta name=\"twitter:card\" content=\"summary_large_image\" \/>\n<meta name=\"twitter:label1\" content=\"Dur\u00e9e de lecture estim\u00e9e\" \/>\n\t<meta name=\"twitter:data1\" content=\"3 minutes\" \/>\n<script type=\"application\/ld+json\" class=\"yoast-schema-graph\">{\"@context\":\"https:\/\/schema.org\",\"@graph\":[{\"@type\":\"WebPage\",\"@id\":\"https:\/\/www.uni.lu\/fr\/etudes\/questions-academiques\/recours\/etape-2\/\",\"url\":\"https:\/\/www.uni.lu\/fr\/etudes\/questions-academiques\/recours\/etape-2\/\",\"name\":\"\u00c9tape 2 - Universit\u00e9 du Luxembourg\",\"isPartOf\":{\"@id\":\"https:\/\/www.uni.lu\/fr\/#website\"},\"datePublished\":\"2024-01-17T11:08:53+00:00\",\"dateModified\":\"2026-01-23T14:46:14+00:00\",\"description\":\"\u00c9tape&nbsp;2 La Commission des litiges de l\u2019Universit\u00e9 r\u00e8gle les litiges entre les usagers de l\u2019Universit\u00e9 et les organes d\u00e9cisionnels selon une proc\u00e9dure\",\"breadcrumb\":{\"@id\":\"https:\/\/www.uni.lu\/fr\/etudes\/questions-academiques\/recours\/etape-2\/#breadcrumb\"},\"inLanguage\":\"fr-FR\",\"potentialAction\":[{\"@type\":\"ReadAction\",\"target\":[\"https:\/\/www.uni.lu\/fr\/etudes\/questions-academiques\/recours\/etape-2\/\"]}]},{\"@type\":\"BreadcrumbList\",\"@id\":\"https:\/\/www.uni.lu\/fr\/etudes\/questions-academiques\/recours\/etape-2\/#breadcrumb\",\"itemListElement\":[{\"@type\":\"ListItem\",\"position\":1,\"name\":\"Home\",\"item\":\"https:\/\/www.uni.lu\/fr\/\"},{\"@type\":\"ListItem\",\"position\":2,\"name\":\"\u00c9tudes\",\"item\":\"https:\/\/www.uni.lu\/fr\/etudes\/\"},{\"@type\":\"ListItem\",\"position\":3,\"name\":\"Questions acad\u00e9miques\",\"item\":\"https:\/\/www.uni.lu\/fr\/etudes\/questions-academiques\/\"},{\"@type\":\"ListItem\",\"position\":4,\"name\":\"Recours\",\"item\":\"https:\/\/www.uni.lu\/fr\/etudes\/questions-academiques\/recours\/\"},{\"@type\":\"ListItem\",\"position\":5,\"name\":\"\u00c9tape 2\"}]},{\"@type\":\"WebSite\",\"@id\":\"https:\/\/www.uni.lu\/fr\/#website\",\"url\":\"https:\/\/www.uni.lu\/fr\/\",\"name\":\"Uni.lu\",\"description\":\"Universit\u00e9 du Luxembourg\",\"publisher\":{\"@id\":\"https:\/\/www.uni.lu\/fr\/#organization\"},\"alternateName\":\"Universit\u00e9 du Luxembourg\",\"potentialAction\":[{\"@type\":\"SearchAction\",\"target\":{\"@type\":\"EntryPoint\",\"urlTemplate\":\"https:\/\/www.uni.lu\/fr\/?s={search_term_string}\"},\"query-input\":\"required name=search_term_string\"}],\"inLanguage\":\"fr-FR\"},{\"@type\":\"Organization\",\"@id\":\"https:\/\/www.uni.lu\/fr\/#organization\",\"name\":\"Universit\u00e9 du Luxembourg\",\"alternateName\":\"Uni.lu\",\"url\":\"https:\/\/www.uni.lu\/fr\/\",\"logo\":{\"@type\":\"ImageObject\",\"inLanguage\":\"fr-FR\",\"@id\":\"https:\/\/www.uni.lu\/fr\/#\/schema\/logo\/image\/\",\"url\":\"https:\/\/www.uni.lu\/wp-content\/uploads\/sites\/11\/2026\/03\/03120045\/UNIV_SM-Profile_1600x1600px-scaled.jpg\",\"contentUrl\":\"https:\/\/www.uni.lu\/wp-content\/uploads\/sites\/11\/2026\/03\/03120045\/UNIV_SM-Profile_1600x1600px-scaled.jpg\",\"width\":2560,\"height\":2560,\"caption\":\"Universit\u00e9 du Luxembourg\"},\"image\":{\"@id\":\"https:\/\/www.uni.lu\/fr\/#\/schema\/logo\/image\/\"},\"sameAs\":[\"https:\/\/www.facebook.com\/uni.lu\",\"https:\/\/www.linkedin.com\/school\/university-of-luxembourg\/\",\"https:\/\/www.instagram.com\/uni.lu\",\"https:\/\/www.youtube.com\/@uni_lu\",\"https:\/\/en.wikipedia.org\/wiki\/University_of_Luxembourg\"]}]}<\/script>\n<!-- \/ Yoast SEO Premium plugin. -->","yoast_head_json":{"title":"\u00c9tape 2 - Universit\u00e9 du Luxembourg","description":"\u00c9tape&nbsp;2 La Commission des litiges de l\u2019Universit\u00e9 r\u00e8gle les litiges entre les usagers de l\u2019Universit\u00e9 et les organes d\u00e9cisionnels selon une proc\u00e9dure","robots":{"index":"index","follow":"follow","max-snippet":"max-snippet:-1","max-image-preview":"max-image-preview:large","max-video-preview":"max-video-preview:-1"},"canonical":"https:\/\/www.uni.lu\/fr\/etudes\/questions-academiques\/recours\/etape-2\/","og_locale":"fr_FR","og_type":"article","og_title":"\u00c9tape 2","og_description":"\u00c9tape&nbsp;2 La Commission des litiges de l\u2019Universit\u00e9 r\u00e8gle les litiges entre les usagers de l\u2019Universit\u00e9 et les organes d\u00e9cisionnels selon une proc\u00e9dure","og_url":"https:\/\/www.uni.lu\/fr\/etudes\/questions-academiques\/recours\/etape-2\/","og_site_name":"UNI FR","article_publisher":"https:\/\/www.facebook.com\/uni.lu","article_modified_time":"2026-01-23T14:46:14+00:00","og_image":[{"width":2560,"height":2560,"url":"https:\/\/www.uni.lu\/wp-content\/uploads\/sites\/11\/2026\/03\/03120045\/UNIV_SM-Profile_1600x1600px-scaled.jpg","type":"image\/jpeg"}],"twitter_card":"summary_large_image","twitter_misc":{"Dur\u00e9e de lecture estim\u00e9e":"3 minutes"},"schema":{"@context":"https:\/\/schema.org","@graph":[{"@type":"WebPage","@id":"https:\/\/www.uni.lu\/fr\/etudes\/questions-academiques\/recours\/etape-2\/","url":"https:\/\/www.uni.lu\/fr\/etudes\/questions-academiques\/recours\/etape-2\/","name":"\u00c9tape 2 - Universit\u00e9 du Luxembourg","isPartOf":{"@id":"https:\/\/www.uni.lu\/fr\/#website"},"datePublished":"2024-01-17T11:08:53+00:00","dateModified":"2026-01-23T14:46:14+00:00","description":"\u00c9tape&nbsp;2 La Commission des litiges de l\u2019Universit\u00e9 r\u00e8gle les litiges entre les usagers de l\u2019Universit\u00e9 et les organes d\u00e9cisionnels selon une proc\u00e9dure","breadcrumb":{"@id":"https:\/\/www.uni.lu\/fr\/etudes\/questions-academiques\/recours\/etape-2\/#breadcrumb"},"inLanguage":"fr-FR","potentialAction":[{"@type":"ReadAction","target":["https:\/\/www.uni.lu\/fr\/etudes\/questions-academiques\/recours\/etape-2\/"]}]},{"@type":"BreadcrumbList","@id":"https:\/\/www.uni.lu\/fr\/etudes\/questions-academiques\/recours\/etape-2\/#breadcrumb","itemListElement":[{"@type":"ListItem","position":1,"name":"Home","item":"https:\/\/www.uni.lu\/fr\/"},{"@type":"ListItem","position":2,"name":"\u00c9tudes","item":"https:\/\/www.uni.lu\/fr\/etudes\/"},{"@type":"ListItem","position":3,"name":"Questions acad\u00e9miques","item":"https:\/\/www.uni.lu\/fr\/etudes\/questions-academiques\/"},{"@type":"ListItem","position":4,"name":"Recours","item":"https:\/\/www.uni.lu\/fr\/etudes\/questions-academiques\/recours\/"},{"@type":"ListItem","position":5,"name":"\u00c9tape 2"}]},{"@type":"WebSite","@id":"https:\/\/www.uni.lu\/fr\/#website","url":"https:\/\/www.uni.lu\/fr\/","name":"Uni.lu","description":"Universit\u00e9 du Luxembourg","publisher":{"@id":"https:\/\/www.uni.lu\/fr\/#organization"},"alternateName":"Universit\u00e9 du Luxembourg","potentialAction":[{"@type":"SearchAction","target":{"@type":"EntryPoint","urlTemplate":"https:\/\/www.uni.lu\/fr\/?s={search_term_string}"},"query-input":"required name=search_term_string"}],"inLanguage":"fr-FR"},{"@type":"Organization","@id":"https:\/\/www.uni.lu\/fr\/#organization","name":"Universit\u00e9 du Luxembourg","alternateName":"Uni.lu","url":"https:\/\/www.uni.lu\/fr\/","logo":{"@type":"ImageObject","inLanguage":"fr-FR","@id":"https:\/\/www.uni.lu\/fr\/#\/schema\/logo\/image\/","url":"https:\/\/www.uni.lu\/wp-content\/uploads\/sites\/11\/2026\/03\/03120045\/UNIV_SM-Profile_1600x1600px-scaled.jpg","contentUrl":"https:\/\/www.uni.lu\/wp-content\/uploads\/sites\/11\/2026\/03\/03120045\/UNIV_SM-Profile_1600x1600px-scaled.jpg","width":2560,"height":2560,"caption":"Universit\u00e9 du Luxembourg"},"image":{"@id":"https:\/\/www.uni.lu\/fr\/#\/schema\/logo\/image\/"},"sameAs":["https:\/\/www.facebook.com\/uni.lu","https:\/\/www.linkedin.com\/school\/university-of-luxembourg\/","https:\/\/www.instagram.com\/uni.lu","https:\/\/www.youtube.com\/@uni_lu","https:\/\/en.wikipedia.org\/wiki\/University_of_Luxembourg"]}]}},"ticketed":false,"_links":{"self":[{"href":"https:\/\/www.uni.lu\/fr\/wp-json\/wp\/v2\/pages\/9489"}],"collection":[{"href":"https:\/\/www.uni.lu\/fr\/wp-json\/wp\/v2\/pages"}],"about":[{"href":"https:\/\/www.uni.lu\/fr\/wp-json\/wp\/v2\/types\/page"}],"author":[{"embeddable":true,"href":"https:\/\/www.uni.lu\/fr\/wp-json\/wp\/v2\/users\/68"}],"replies":[{"embeddable":true,"href":"https:\/\/www.uni.lu\/fr\/wp-json\/wp\/v2\/comments?post=9489"}],"version-history":[{"count":5,"href":"https:\/\/www.uni.lu\/fr\/wp-json\/wp\/v2\/pages\/9489\/revisions"}],"predecessor-version":[{"id":17981,"href":"https:\/\/www.uni.lu\/fr\/wp-json\/wp\/v2\/pages\/9489\/revisions\/17981"}],"up":[{"embeddable":true,"href":"https:\/\/www.uni.lu\/fr\/wp-json\/wp\/v2\/pages\/9485"}],"wp:authorship":[{"embeddable":true,"href":"https:\/\/www.uni.lu\/fr\/wp-json\/wp\/v2\/users\/68"},{"embeddable":true,"href":"https:\/\/www.uni.lu\/fr\/wp-json\/wp\/v2\/users\/33"},{"embeddable":true,"href":"https:\/\/www.uni.lu\/fr\/wp-json\/wp\/v2\/users\/337"},{"embeddable":true,"href":"https:\/\/www.uni.lu\/fr\/wp-json\/wp\/v2\/users\/210"}],"wp:attachment":[{"href":"https:\/\/www.uni.lu\/fr\/wp-json\/wp\/v2\/media?parent=9489"}],"wp:term":[{"taxonomy":"field-of-interest","embeddable":true,"href":"https:\/\/www.uni.lu\/fr\/wp-json\/wp\/v2\/field-of-interest?post=9489"},{"taxonomy":"organisation","embeddable":true,"href":"https:\/\/www.uni.lu\/fr\/wp-json\/wp\/v2\/organisation?post=9489"}],"curies":[{"name":"wp","href":"https:\/\/api.w.org\/{rel}","templated":true}]}}