{"id":9487,"date":"2024-01-17T12:07:13","date_gmt":"2024-01-17T11:07:13","guid":{"rendered":"https:\/\/www.uni.lu\/fr\/?page_id=9487"},"modified":"2026-03-26T08:40:23","modified_gmt":"2026-03-26T07:40:23","slug":"etape-1","status":"publish","type":"page","link":"https:\/\/www.uni.lu\/fr\/etudes\/questions-academiques\/recours\/etape-1\/","title":{"rendered":"\u00c9tape 1"},"content":{"rendered":"<div class=\"section py-0 static\">\n<section class=\"py-0 wp-block-unilux-blocks-free-section section\"><div class=\"container xl:max-w-screen-xl\"><!-- SecondaryNavigationMirror --><div class=\"js-secondary-nav--sticky wp-block-unilux-blocks-secondary-navigation\" id=\"29738f73-89ed-427b-9ba2-82fb6b2774f1\">\n    <nav id=\"secondary-navigation\" role=\"navigation\" aria-label=\"Secondary menu\" class=\"secondary-nav\">\n        <button class=\"secondary-nav__button btn btn-solid--primary w-full\" aria-expanded=\"false\" aria-controls=\"secondary-navigation__list\" title=\"The selected page is Aper\u00e7u\" type=\"button\">\n            <span class=\"btn__name mr-auto\">Aper\u00e7u<\/span>\n            <svg aria-hidden=\"true\" focusable=\"false\" class=\"icon icon-outline icon--xs\">\n                <use xlink:href=\"https:\/\/www.uni.lu\/wp-content\/themes\/unilux-theme\/assets\/images\/icons\/icons-outline.svg#icon--arrow-down\" \/>\n            <\/svg>\n        <\/button>\n\n        <ul id=\"secondary-navigation__list\" class=\"secondary-nav__list\">\n            <li class=\"secondary-nav__item\">\n    <a href=\"https:\/\/www.uni.lu\/fr\/etudes\/questions-academiques\/\" target=\"\" rel=\"noreferrer noopener\" class=\"secondary-nav__link \">\n        <svg aria-hidden=\"true\" focusable=\"false\" class=\"icon icon-outline icon--xs\">\n            <use xlink:href=\"https:\/\/www.uni.lu\/wp-content\/themes\/unilux-theme\/assets\/images\/icons\/icons-outline.svg#icon--arrow-right\" \/>\n        <\/svg>\n        <span class=\"secondary-nav__name\">Aper\u00e7u<\/span>\n    <\/a>\n<\/li>\n<li class=\"secondary-nav__item\">\n    <a href=\"https:\/\/www.uni.lu\/fr\/etudes\/questions-academiques\/statut-d-etudiant\/\" target=\"\" rel=\"noreferrer noopener\" class=\"secondary-nav__link \">\n        <svg aria-hidden=\"true\" focusable=\"false\" class=\"icon icon-outline icon--xs\">\n            <use xlink:href=\"https:\/\/www.uni.lu\/wp-content\/themes\/unilux-theme\/assets\/images\/icons\/icons-outline.svg#icon--arrow-right\" \/>\n        <\/svg>\n        <span class=\"secondary-nav__name\">Statut d&rsquo;\u00e9tudiant<\/span>\n    <\/a>\n<\/li>\n<li class=\"secondary-nav__item\">\n    <a href=\"https:\/\/www.uni.lu\/fr\/etudes\/questions-academiques\/progression-des-etudes\/\" target=\"\" rel=\"noreferrer noopener\" class=\"secondary-nav__link \">\n        <svg aria-hidden=\"true\" focusable=\"false\" class=\"icon icon-outline icon--xs\">\n            <use xlink:href=\"https:\/\/www.uni.lu\/wp-content\/themes\/unilux-theme\/assets\/images\/icons\/icons-outline.svg#icon--arrow-right\" \/>\n        <\/svg>\n        <span class=\"secondary-nav__name\">Progression des \u00e9tudes<\/span>\n    <\/a>\n<\/li>\n<li class=\"secondary-nav__item\">\n    <a href=\"https:\/\/www.uni.lu\/fr\/etudes\/questions-academiques\/dispositions-speciales\/\" target=\"\" rel=\"noreferrer noopener\" class=\"secondary-nav__link \">\n        <svg aria-hidden=\"true\" focusable=\"false\" class=\"icon icon-outline icon--xs\">\n            <use xlink:href=\"https:\/\/www.uni.lu\/wp-content\/themes\/unilux-theme\/assets\/images\/icons\/icons-outline.svg#icon--arrow-right\" \/>\n        <\/svg>\n        <span class=\"secondary-nav__name\">Dispositions sp\u00e9ciales<\/span>\n    <\/a>\n<\/li>\n<li class=\"secondary-nav__item\">\n    <a href=\"https:\/\/www.uni.lu\/fr\/etudes\/questions-academiques\/conduite-academique\/\" target=\"\" rel=\"noreferrer noopener\" class=\"secondary-nav__link \">\n        <svg aria-hidden=\"true\" focusable=\"false\" class=\"icon icon-outline icon--xs\">\n            <use xlink:href=\"https:\/\/www.uni.lu\/wp-content\/themes\/unilux-theme\/assets\/images\/icons\/icons-outline.svg#icon--arrow-right\" \/>\n        <\/svg>\n        <span class=\"secondary-nav__name\">Conduite acad\u00e9mique<\/span>\n    <\/a>\n<\/li>\n<li class=\"secondary-nav__item\">\n    <a href=\"https:\/\/www.uni.lu\/fr\/etudes\/questions-academiques\/recours\/\" target=\"\" rel=\"noreferrer noopener\" class=\"secondary-nav__link \">\n        <svg aria-hidden=\"true\" focusable=\"false\" class=\"icon icon-outline icon--xs\">\n            <use xlink:href=\"https:\/\/www.uni.lu\/wp-content\/themes\/unilux-theme\/assets\/images\/icons\/icons-outline.svg#icon--arrow-right\" \/>\n        <\/svg>\n        <span class=\"secondary-nav__name\">Recours<\/span>\n    <\/a>\n<\/li>\n        <\/ul>\n    <\/nav>\n<\/div>\n<!-- end SecondaryNavigationMirror --><\/div><\/section>\n\n\n\n<section class=\"py-0 wp-block-unilux-blocks-free-section section\"><div class=\"container xl:max-w-screen-xl\">\n<p><strong><strong>\u00c9tape<\/strong><\/strong> <strong><strong>1<\/strong><\/strong><\/p>\n\n\n\n<h1 class=\"has-text-align-left wp-block-unilux-blocks-heading\"        id=\"recours-gracieux-aupres-de-lauteur-de-la-decision\"\n    >\nRecours gracieux aupr\u00e8s de l\u2019auteur de la d\u00e9cision<\/h1>\n\n\n\n<p>Un recours gracieux est un recours administratif interne adress\u00e9 \u00e0 la personne ou \u00e0 l\u2019organe qui a pris la d\u00e9cision en question.<\/p>\n\n\n\n<p>Les \u00e9tudiants ou candidats \u00e0 l\u2019Universit\u00e9 qui souhaitent introduire un recours gracieux doivent le faire dans le d\u00e9lai indiqu\u00e9 dans la d\u00e9cision&nbsp;:<\/p>\n\n\n\n<ul class=\"ulux-list\">\n<li class=\"ulux-list-item\">Les recours gracieux d\u00e9pos\u00e9s contre les d\u00e9cisions li\u00e9es \u00e0 l\u2019admission doivent \u00eatre introduits dans les sept (7) jours suivant la publication de la d\u00e9cision sur le portail d\u2019admission en ligne (par exemple&nbsp;: en cas de notification un mardi, le d\u00e9lai est fix\u00e9 au mardi de la semaine suivante \u00e0 minuit).<\/li>\n\n\n\n<li class=\"ulux-list-item\">Les recours gracieux contre les r\u00e9sultats d\u2019une \u00e9valuation doivent \u00eatre introduits dans un d\u00e9lai d\u2019un (1) mois \u00e0 compter de la notification du r\u00e9sultat (1&nbsp;mois = le lendemain de la date de notification du mois suivant&nbsp;; par exemple&nbsp;: en cas de notification le 3&nbsp;f\u00e9vrier, la date limite = le 4&nbsp;mars \u00e0 minuit).<\/li>\n\n\n\n<li class=\"ulux-list-item\">Pour toutes les autres d\u00e9cisions, le d\u00e9lai est de quatorze (14) jours apr\u00e8s r\u00e9ception de la d\u00e9cision, sauf indication contraire dans la notification de la d\u00e9cision.<\/li>\n<\/ul>\n\n\n\n<p>Si le recours gracieux est admis (c\u2019est-\u00e0-dire que le destinataire examine le recours), cela prolonge le d\u00e9lai d\u2019introduction d\u2019un appel officiel aupr\u00e8s de la Commission des litiges de l\u2019Universit\u00e9 (voir <a href=\"https:\/\/www.uni.lu\/fr\/etudes\/questions-academiques\/recours\/etape-2\/\">\u00c9tape&nbsp;2<\/a>). Si le recours gracieux est rejet\u00e9 pour des raisons de proc\u00e9dure, une telle prolongation ne s\u2019applique pas.<\/p>\n\n\n\n<p>Le recours gracieux doit \u00eatre introduit par lettre recommand\u00e9e dans l\u2019une des trois langues officielles de l\u2019Universit\u00e9 (fran\u00e7ais, allemand ou anglais) aupr\u00e8s de l\u2019autorit\u00e9 qui a pris la d\u00e9cision, comme indiqu\u00e9 dans la d\u00e9cision (g\u00e9n\u00e9ralement l\u2019exp\u00e9diteur de la lettre notifiant la d\u00e9cision).<\/p>\n\n\n\n<p>Si un recours peut \u00eatre introduit via la plateforme en ligne du Guichet \u00e9tudiant de l\u2019Universit\u00e9, les \u00e9tudiants et candidats \u00e0 l\u2019Universit\u00e9 doivent faire usage de cette possibilit\u00e9. Cela s\u2019applique, par exemple, aux recours gracieux d\u00e9pos\u00e9s contre les d\u00e9cisions d\u2019admission.<\/p>\n\n\n\n<p>Le recours doit contenir les informations suivantes&nbsp;:<\/p>\n\n\n\n<ul class=\"ulux-list\">\n<li class=\"ulux-list-item\">nom complet de l\u2019appelant,<\/li>\n\n\n\n<li class=\"ulux-list-item\">matricule de l\u2019\u00e9tudiant (num\u00e9ro \u00e0 10&nbsp;chiffres figurant sur la carte d\u2019\u00e9tudiant ou le formulaire de candidature),<\/li>\n\n\n\n<li class=\"ulux-list-item\">programme d\u2019\u00e9tudes concern\u00e9,<\/li>\n\n\n\n<li class=\"ulux-list-item\">r\u00e9f\u00e9rence pr\u00e9cise \u00e0 la d\u00e9cision contre laquelle le recours est form\u00e9,<\/li>\n\n\n\n<li class=\"ulux-list-item\">justification d\u00e9taill\u00e9e d\u00e9crivant les motifs pour lesquels un r\u00e9examen de la d\u00e9cision est demand\u00e9, comme d\u00e9crit dans la <a href=\"https:\/\/www.uni.lu\/fr\/etudes\/questions-academiques\/recours\/#en-savoir-plus-sur-les-recours\">FAQ<\/a>. Si cet argument invoque des r\u00e8gles et r\u00e8glements acad\u00e9miques, ceux-ci doivent \u00eatre clairement identifi\u00e9s en utilisant la source et la r\u00e9f\u00e9rence correctes.<\/li>\n<\/ul>\n\n\n\n<p>La personne ou l\u2019organe qui re\u00e7oit le recours en accuse r\u00e9ception et informe le requ\u00e9rant s\u2019il rejette le recours pour des raisons de proc\u00e9dure (recours non admis).<\/p>\n\n\n\n<p>La d\u00e9cision de retenir ou de rejeter un recours admis est prise dans les quatre (4) semaines suivant la r\u00e9ception du recours, sauf communication contraire. Si l\u2019appelant ne re\u00e7oit pas de r\u00e9ponse dans ce d\u00e9lai, le recours doit \u00eatre consid\u00e9r\u00e9 comme rejet\u00e9. Dans ce cas, l\u2019\u00e9tudiant ou le candidat dispose alors d\u2019un mois pour introduire un recours devant la Commission des Litiges s\u2019il le souhaite (voir <a href=\"https:\/\/www.uni.lu\/fr\/etudes\/questions-academiques\/recours\/etape-2\/\">\u00c9tape 2<\/a>).<\/p>\n\n\n\n<p>Les motifs de refus peuvent inclure&nbsp;:<\/p>\n\n\n\n<ul class=\"ulux-list\">\n<li class=\"ulux-list-item\">Introduction tardive du recours,<\/li>\n\n\n\n<li class=\"ulux-list-item\">absence de motifs pertinents,<\/li>\n\n\n\n<li class=\"ulux-list-item\">fondement de l\u2019appel irrecevable,<\/li>\n\n\n\n<li class=\"ulux-list-item\">manque de preuves,<\/li>\n\n\n\n<li class=\"ulux-list-item\">preuves ne permettant pas de corroborer les circonstances invoqu\u00e9es.<\/li>\n<\/ul>\n\n\n<div class=\"wp-block-unilux-blocks-spacer is-spacer-size-sm\"><\/div><\/div><\/section>\n\n\n\n<section class=\"wp-block-unilux-blocks-free-section section\"><div class=\"container xl:max-w-screen-xl\">\n<h2 class=\"has-text-align-left wp-block-unilux-blocks-heading\"        id=\"contact-pratique\"\n    >\nContact pratique<\/h2>\n\n\n\n<ul class=\"wp-block-unilux-blocks-quick-link-highlight quick-link-list\">\n<li class=\"wp-block-unilux-blocks-quick-link-highlight-item\">\n    <a\n                    href=\"https:\/\/www.uni.lu\/fr\/a-propos\/gouvernance\/commission-des-litiges\/\"\n                    class=\"quick-link\"\n            target=\"\"\n    >\n            <span class=\"quick-link__container\">\n                <span class=\"quick-link__body\">\n                    <span class=\"quick-link__number\">\n                                            <\/span>\n                    <span class=\"quick-link__title\">\n                        Commission des litiges                    <\/span>\n                    <span class=\"quick-link__action\">\n                                            <\/span>\n                <\/span>\n                <svg aria-hidden=\"true\" focusable=\"false\" class=\"icon icon-outline icon--arrow-right \"><use xlink:href=\"https:\/\/www.uni.lu\/wp-content\/themes\/unilux-theme\/assets\/images\/icons\/icons-outline.svg#icon--arrow-right\"><\/use><\/svg>            <\/span>\n    <\/a>\n<\/li>\n<\/ul>\n<\/div><\/section>\n<\/div>","protected":false},"excerpt":{"rendered":"","protected":false},"author":68,"featured_media":0,"parent":9485,"menu_order":0,"comment_status":"closed","ping_status":"closed","template":"","meta":{"featured_image_focal_point":[],"show_featured_caption":false,"ulux_newsletter_groups":"","uluxPostTitle":"Questions acad\u00e9miques","uluxPrePostTitle":"\u00c9tudes","_trash_the_other_posts":false,"_price":"","_stock":"","_tribe_ticket_header":"","_tribe_default_ticket_provider":"","_tribe_ticket_capacity":"0","_ticket_start_date":"","_ticket_end_date":"","_tribe_ticket_show_description":"","_tribe_ticket_show_not_going":false,"_tribe_ticket_use_global_stock":"","_tribe_ticket_global_stock_level":"","_global_stock_mode":"","_global_stock_cap":"","_tribe_rsvp_for_event":"","_tribe_ticket_going_count":"","_tribe_ticket_not_going_count":"","_tribe_tickets_list":"[]","_tribe_ticket_has_attendee_info_fields":false,"footnotes":""},"field-of-interest":[],"organisation":[],"authorship":[33,337,210,68],"acf":[],"yoast_head":"<!-- This site is optimized with the Yoast SEO Premium plugin v22.3 (Yoast SEO v22.3) - https:\/\/yoast.com\/wordpress\/plugins\/seo\/ -->\n<title>\u00c9tape 1 - Universit\u00e9 du Luxembourg<\/title>\n<meta name=\"description\" content=\"\u00c9tape 1 Un recours gracieux est un recours administratif interne adress\u00e9 \u00e0 la personne ou \u00e0 l\u2019organe qui a pris la d\u00e9cision en question. Les \u00e9tudiants ou\" \/>\n<meta name=\"robots\" content=\"index, follow, max-snippet:-1, max-image-preview:large, max-video-preview:-1\" \/>\n<link rel=\"canonical\" href=\"https:\/\/www.uni.lu\/fr\/etudes\/questions-academiques\/recours\/etape-1\/\" \/>\n<meta property=\"og:locale\" content=\"fr_FR\" \/>\n<meta property=\"og:type\" content=\"article\" \/>\n<meta property=\"og:title\" content=\"\u00c9tape 1\" \/>\n<meta property=\"og:description\" content=\"\u00c9tape 1 Un recours gracieux est un recours administratif interne adress\u00e9 \u00e0 la personne ou \u00e0 l\u2019organe qui a pris la d\u00e9cision en question. Les \u00e9tudiants ou\" \/>\n<meta property=\"og:url\" content=\"https:\/\/www.uni.lu\/fr\/etudes\/questions-academiques\/recours\/etape-1\/\" \/>\n<meta property=\"og:site_name\" content=\"UNI FR\" \/>\n<meta property=\"article:publisher\" content=\"https:\/\/www.facebook.com\/uni.lu\" \/>\n<meta property=\"article:modified_time\" content=\"2026-03-26T07:40:23+00:00\" \/>\n<meta property=\"og:image\" content=\"https:\/\/www.uni.lu\/wp-content\/uploads\/sites\/11\/2026\/03\/03120045\/UNIV_SM-Profile_1600x1600px-scaled.jpg\" \/>\n\t<meta property=\"og:image:width\" content=\"2560\" \/>\n\t<meta property=\"og:image:height\" content=\"2560\" \/>\n\t<meta property=\"og:image:type\" content=\"image\/jpeg\" \/>\n<meta name=\"twitter:card\" content=\"summary_large_image\" \/>\n<meta name=\"twitter:label1\" content=\"Dur\u00e9e de lecture estim\u00e9e\" \/>\n\t<meta name=\"twitter:data1\" content=\"3 minutes\" \/>\n<script type=\"application\/ld+json\" class=\"yoast-schema-graph\">{\"@context\":\"https:\/\/schema.org\",\"@graph\":[{\"@type\":\"WebPage\",\"@id\":\"https:\/\/www.uni.lu\/fr\/etudes\/questions-academiques\/recours\/etape-1\/\",\"url\":\"https:\/\/www.uni.lu\/fr\/etudes\/questions-academiques\/recours\/etape-1\/\",\"name\":\"\u00c9tape 1 - Universit\u00e9 du Luxembourg\",\"isPartOf\":{\"@id\":\"https:\/\/www.uni.lu\/fr\/#website\"},\"datePublished\":\"2024-01-17T11:07:13+00:00\",\"dateModified\":\"2026-03-26T07:40:23+00:00\",\"description\":\"\u00c9tape 1 Un recours gracieux est un recours administratif interne adress\u00e9 \u00e0 la personne ou \u00e0 l\u2019organe qui a pris la d\u00e9cision en question. Les \u00e9tudiants ou\",\"breadcrumb\":{\"@id\":\"https:\/\/www.uni.lu\/fr\/etudes\/questions-academiques\/recours\/etape-1\/#breadcrumb\"},\"inLanguage\":\"fr-FR\",\"potentialAction\":[{\"@type\":\"ReadAction\",\"target\":[\"https:\/\/www.uni.lu\/fr\/etudes\/questions-academiques\/recours\/etape-1\/\"]}]},{\"@type\":\"BreadcrumbList\",\"@id\":\"https:\/\/www.uni.lu\/fr\/etudes\/questions-academiques\/recours\/etape-1\/#breadcrumb\",\"itemListElement\":[{\"@type\":\"ListItem\",\"position\":1,\"name\":\"Home\",\"item\":\"https:\/\/www.uni.lu\/fr\/\"},{\"@type\":\"ListItem\",\"position\":2,\"name\":\"\u00c9tudes\",\"item\":\"https:\/\/www.uni.lu\/fr\/etudes\/\"},{\"@type\":\"ListItem\",\"position\":3,\"name\":\"Questions acad\u00e9miques\",\"item\":\"https:\/\/www.uni.lu\/fr\/etudes\/questions-academiques\/\"},{\"@type\":\"ListItem\",\"position\":4,\"name\":\"Recours\",\"item\":\"https:\/\/www.uni.lu\/fr\/etudes\/questions-academiques\/recours\/\"},{\"@type\":\"ListItem\",\"position\":5,\"name\":\"\u00c9tape 1\"}]},{\"@type\":\"WebSite\",\"@id\":\"https:\/\/www.uni.lu\/fr\/#website\",\"url\":\"https:\/\/www.uni.lu\/fr\/\",\"name\":\"Uni.lu\",\"description\":\"Universit\u00e9 du Luxembourg\",\"publisher\":{\"@id\":\"https:\/\/www.uni.lu\/fr\/#organization\"},\"alternateName\":\"Universit\u00e9 du Luxembourg\",\"potentialAction\":[{\"@type\":\"SearchAction\",\"target\":{\"@type\":\"EntryPoint\",\"urlTemplate\":\"https:\/\/www.uni.lu\/fr\/?s={search_term_string}\"},\"query-input\":\"required name=search_term_string\"}],\"inLanguage\":\"fr-FR\"},{\"@type\":\"Organization\",\"@id\":\"https:\/\/www.uni.lu\/fr\/#organization\",\"name\":\"Universit\u00e9 du Luxembourg\",\"alternateName\":\"Uni.lu\",\"url\":\"https:\/\/www.uni.lu\/fr\/\",\"logo\":{\"@type\":\"ImageObject\",\"inLanguage\":\"fr-FR\",\"@id\":\"https:\/\/www.uni.lu\/fr\/#\/schema\/logo\/image\/\",\"url\":\"https:\/\/www.uni.lu\/wp-content\/uploads\/sites\/11\/2026\/03\/03120045\/UNIV_SM-Profile_1600x1600px-scaled.jpg\",\"contentUrl\":\"https:\/\/www.uni.lu\/wp-content\/uploads\/sites\/11\/2026\/03\/03120045\/UNIV_SM-Profile_1600x1600px-scaled.jpg\",\"width\":2560,\"height\":2560,\"caption\":\"Universit\u00e9 du Luxembourg\"},\"image\":{\"@id\":\"https:\/\/www.uni.lu\/fr\/#\/schema\/logo\/image\/\"},\"sameAs\":[\"https:\/\/www.facebook.com\/uni.lu\",\"https:\/\/www.linkedin.com\/school\/university-of-luxembourg\/\",\"https:\/\/www.instagram.com\/uni.lu\",\"https:\/\/www.youtube.com\/@uni_lu\",\"https:\/\/en.wikipedia.org\/wiki\/University_of_Luxembourg\"]}]}<\/script>\n<!-- \/ Yoast SEO Premium plugin. -->","yoast_head_json":{"title":"\u00c9tape 1 - Universit\u00e9 du Luxembourg","description":"\u00c9tape 1 Un recours gracieux est un recours administratif interne adress\u00e9 \u00e0 la personne ou \u00e0 l\u2019organe qui a pris la d\u00e9cision en question. Les \u00e9tudiants ou","robots":{"index":"index","follow":"follow","max-snippet":"max-snippet:-1","max-image-preview":"max-image-preview:large","max-video-preview":"max-video-preview:-1"},"canonical":"https:\/\/www.uni.lu\/fr\/etudes\/questions-academiques\/recours\/etape-1\/","og_locale":"fr_FR","og_type":"article","og_title":"\u00c9tape 1","og_description":"\u00c9tape 1 Un recours gracieux est un recours administratif interne adress\u00e9 \u00e0 la personne ou \u00e0 l\u2019organe qui a pris la d\u00e9cision en question. Les \u00e9tudiants ou","og_url":"https:\/\/www.uni.lu\/fr\/etudes\/questions-academiques\/recours\/etape-1\/","og_site_name":"UNI FR","article_publisher":"https:\/\/www.facebook.com\/uni.lu","article_modified_time":"2026-03-26T07:40:23+00:00","og_image":[{"width":2560,"height":2560,"url":"https:\/\/www.uni.lu\/wp-content\/uploads\/sites\/11\/2026\/03\/03120045\/UNIV_SM-Profile_1600x1600px-scaled.jpg","type":"image\/jpeg"}],"twitter_card":"summary_large_image","twitter_misc":{"Dur\u00e9e de lecture estim\u00e9e":"3 minutes"},"schema":{"@context":"https:\/\/schema.org","@graph":[{"@type":"WebPage","@id":"https:\/\/www.uni.lu\/fr\/etudes\/questions-academiques\/recours\/etape-1\/","url":"https:\/\/www.uni.lu\/fr\/etudes\/questions-academiques\/recours\/etape-1\/","name":"\u00c9tape 1 - Universit\u00e9 du Luxembourg","isPartOf":{"@id":"https:\/\/www.uni.lu\/fr\/#website"},"datePublished":"2024-01-17T11:07:13+00:00","dateModified":"2026-03-26T07:40:23+00:00","description":"\u00c9tape 1 Un recours gracieux est un recours administratif interne adress\u00e9 \u00e0 la personne ou \u00e0 l\u2019organe qui a pris la d\u00e9cision en question. Les \u00e9tudiants ou","breadcrumb":{"@id":"https:\/\/www.uni.lu\/fr\/etudes\/questions-academiques\/recours\/etape-1\/#breadcrumb"},"inLanguage":"fr-FR","potentialAction":[{"@type":"ReadAction","target":["https:\/\/www.uni.lu\/fr\/etudes\/questions-academiques\/recours\/etape-1\/"]}]},{"@type":"BreadcrumbList","@id":"https:\/\/www.uni.lu\/fr\/etudes\/questions-academiques\/recours\/etape-1\/#breadcrumb","itemListElement":[{"@type":"ListItem","position":1,"name":"Home","item":"https:\/\/www.uni.lu\/fr\/"},{"@type":"ListItem","position":2,"name":"\u00c9tudes","item":"https:\/\/www.uni.lu\/fr\/etudes\/"},{"@type":"ListItem","position":3,"name":"Questions acad\u00e9miques","item":"https:\/\/www.uni.lu\/fr\/etudes\/questions-academiques\/"},{"@type":"ListItem","position":4,"name":"Recours","item":"https:\/\/www.uni.lu\/fr\/etudes\/questions-academiques\/recours\/"},{"@type":"ListItem","position":5,"name":"\u00c9tape 1"}]},{"@type":"WebSite","@id":"https:\/\/www.uni.lu\/fr\/#website","url":"https:\/\/www.uni.lu\/fr\/","name":"Uni.lu","description":"Universit\u00e9 du Luxembourg","publisher":{"@id":"https:\/\/www.uni.lu\/fr\/#organization"},"alternateName":"Universit\u00e9 du Luxembourg","potentialAction":[{"@type":"SearchAction","target":{"@type":"EntryPoint","urlTemplate":"https:\/\/www.uni.lu\/fr\/?s={search_term_string}"},"query-input":"required name=search_term_string"}],"inLanguage":"fr-FR"},{"@type":"Organization","@id":"https:\/\/www.uni.lu\/fr\/#organization","name":"Universit\u00e9 du Luxembourg","alternateName":"Uni.lu","url":"https:\/\/www.uni.lu\/fr\/","logo":{"@type":"ImageObject","inLanguage":"fr-FR","@id":"https:\/\/www.uni.lu\/fr\/#\/schema\/logo\/image\/","url":"https:\/\/www.uni.lu\/wp-content\/uploads\/sites\/11\/2026\/03\/03120045\/UNIV_SM-Profile_1600x1600px-scaled.jpg","contentUrl":"https:\/\/www.uni.lu\/wp-content\/uploads\/sites\/11\/2026\/03\/03120045\/UNIV_SM-Profile_1600x1600px-scaled.jpg","width":2560,"height":2560,"caption":"Universit\u00e9 du Luxembourg"},"image":{"@id":"https:\/\/www.uni.lu\/fr\/#\/schema\/logo\/image\/"},"sameAs":["https:\/\/www.facebook.com\/uni.lu","https:\/\/www.linkedin.com\/school\/university-of-luxembourg\/","https:\/\/www.instagram.com\/uni.lu","https:\/\/www.youtube.com\/@uni_lu","https:\/\/en.wikipedia.org\/wiki\/University_of_Luxembourg"]}]}},"ticketed":false,"_links":{"self":[{"href":"https:\/\/www.uni.lu\/fr\/wp-json\/wp\/v2\/pages\/9487"}],"collection":[{"href":"https:\/\/www.uni.lu\/fr\/wp-json\/wp\/v2\/pages"}],"about":[{"href":"https:\/\/www.uni.lu\/fr\/wp-json\/wp\/v2\/types\/page"}],"author":[{"embeddable":true,"href":"https:\/\/www.uni.lu\/fr\/wp-json\/wp\/v2\/users\/68"}],"replies":[{"embeddable":true,"href":"https:\/\/www.uni.lu\/fr\/wp-json\/wp\/v2\/comments?post=9487"}],"version-history":[{"count":5,"href":"https:\/\/www.uni.lu\/fr\/wp-json\/wp\/v2\/pages\/9487\/revisions"}],"predecessor-version":[{"id":11433,"href":"https:\/\/www.uni.lu\/fr\/wp-json\/wp\/v2\/pages\/9487\/revisions\/11433"}],"up":[{"embeddable":true,"href":"https:\/\/www.uni.lu\/fr\/wp-json\/wp\/v2\/pages\/9485"}],"wp:authorship":[{"embeddable":true,"href":"https:\/\/www.uni.lu\/fr\/wp-json\/wp\/v2\/users\/33"},{"embeddable":true,"href":"https:\/\/www.uni.lu\/fr\/wp-json\/wp\/v2\/users\/337"},{"embeddable":true,"href":"https:\/\/www.uni.lu\/fr\/wp-json\/wp\/v2\/users\/210"},{"embeddable":true,"href":"https:\/\/www.uni.lu\/fr\/wp-json\/wp\/v2\/users\/68"}],"wp:attachment":[{"href":"https:\/\/www.uni.lu\/fr\/wp-json\/wp\/v2\/media?parent=9487"}],"wp:term":[{"taxonomy":"field-of-interest","embeddable":true,"href":"https:\/\/www.uni.lu\/fr\/wp-json\/wp\/v2\/field-of-interest?post=9487"},{"taxonomy":"organisation","embeddable":true,"href":"https:\/\/www.uni.lu\/fr\/wp-json\/wp\/v2\/organisation?post=9487"}],"curies":[{"name":"wp","href":"https:\/\/api.w.org\/{rel}","templated":true}]}}