{"id":57,"date":"2023-07-05T16:52:08","date_gmt":"2023-07-05T16:52:08","guid":{"rendered":"https:\/\/website.prod.unilu.spikeseed.cloud\/fr\/?page_id=57"},"modified":"2026-03-26T07:36:15","modified_gmt":"2026-03-26T06:36:15","slug":"ma-b","status":"publish","type":"page","link":"https:\/\/www.uni.lu\/fr\/admissions\/bachelor-master\/ma-b\/","title":{"rendered":"MA-B"},"content":{"rendered":"\n<section class=\"py-0 wp-block-unilux-blocks-free-section section\"><div class=\"container xl:max-w-screen-xl\">\n<h2 class=\"has-text-align-left wp-block-unilux-blocks-heading\"        id=\"votre-situation\"\n    >\nVotre situation<\/h2>\n\n\n\n<ul class=\"ulux-list\">\n<li class=\"ulux-list-item\">Vous souhaitez postuler \u00e0 un <strong>programme de Master<\/strong><\/li>\n\n\n\n<li class=\"ulux-list-item\">Vous \u00eates <strong>citoyen&nbsp;UE\/EEE\/Suisse <\/strong>ou<strong> citoyen&nbsp;hors&nbsp;UE titulaire d\u2019un titre de s\u00e9jour luxembourgeois valide<\/strong><\/li>\n\n\n\n<li class=\"ulux-list-item\">Vous \u00eates titulaire de l\u2019un des \u00e9l\u00e9ments suivants&nbsp;:\n<ul class=\"ulux-list\">\n<li class=\"ulux-list-item\"><strong>Dipl\u00f4me de Bachelor&nbsp;UE\/EEE\/Suisse<\/strong>&nbsp;<strong>qui<\/strong> <strong>n\u2019est pas reconnu par le processus de Bologne<\/strong><\/li>\n\n\n\n<li class=\"ulux-list-item\"><strong>Dipl\u00f4me hors&nbsp;UE<\/strong><\/li>\n<\/ul>\n<\/li>\n<\/ul>\n\n\n\n<h2 class=\"has-text-align-left wp-block-unilux-blocks-heading\"        id=\"vos-criteres\"\n    >\nVos crit\u00e8res<\/h2>\n\n\n\n<ul class=\"wp-block-unilux-blocks-highlighted-list list-highlighted list-highlighted--architectural\"><li class=\"list-highlighted__item  wp-block-unilux-blocks-highlighted-list-item\">\n    <header class=\"list-highlighted__header wp-block-unilux-blocks-highlighted-list-item-header\">\n    \n<h4 class=\"title text-18 font-bold has-text-align-left wp-block-unilux-blocks-heading\"        id=\"diplome\"\n    >\nDipl\u00f4me<\/h4>\n<div class=\"wp-block-unilux-blocks-bigtext\">\n    <span>\n        \n    <\/span>\n<\/div><\/header><div class=\"list-highlighted__body wp-block-unilux-blocks-highlighted-list-item-body\">\n    <div class=\"wp-block-unilux-blocks-highlighted-list-item-free-content-area\">\n    \n<p><strong>Si vous n\u2019avez pas encore re\u00e7u votre dipl\u00f4me Bachelor ou attestation de r\u00e9ussite<\/strong>&nbsp;au moment de la p\u00e9riode de candidature du programme choisi,&nbsp;<strong>vous pouvez tout de m\u00eame d\u00e9poser votre candidature sans dipl\u00f4me&nbsp;<\/strong>pendant la p\u00e9riode de candidature.<\/p>\n\n<p>Si vous candidatez sans joindre une copie de votre dipl\u00f4me, vous devrez fournir votre dipl\u00f4me ainsi que votre relev\u00e9 de notes final si une lettre d\u2019admission conditionnelle vous est d\u00e9livr\u00e9e. Votre inscription ne pourra \u00eatre finalis\u00e9e que lorsque l\u2019ensemble des documents requis aura \u00e9t\u00e9 transmis et que toutes les autres conditions d\u2019admission auront \u00e9t\u00e9 remplies.<\/p>\n<\/div><\/div><\/li>\n\n<li class=\"list-highlighted__item  wp-block-unilux-blocks-highlighted-list-item\">\n    <header class=\"list-highlighted__header wp-block-unilux-blocks-highlighted-list-item-header\">\n    \n<h4 class=\"title text-18 font-bold has-text-align-left wp-block-unilux-blocks-heading\"        id=\"registre-des-titres-reconnaissance-du-diplome-de-bachelor\"\n    >\nRegistre des titres (Reconnaissance du dipl\u00f4me de Bachelor)<\/h4>\n<div class=\"wp-block-unilux-blocks-bigtext\">\n    <span>\n        \n    <\/span>\n<\/div><\/header><div class=\"list-highlighted__body wp-block-unilux-blocks-highlighted-list-item-body\">\n    <div class=\"wp-block-unilux-blocks-highlighted-list-item-free-content-area\">\n    \n<p>Votre dipl\u00f4me de bachelor est accept\u00e9 par l&rsquo;Universit\u00e9 <strong>dans la mesure o\u00f9 il est<\/strong> <strong>reconnu par le Minist\u00e8re de la Recherche et de l&rsquo;Enseignement Sup\u00e9rieur au niveau 6 du cadre europ\u00e9en des qualifications<\/strong>.<br>Vous devez demander l&rsquo;inscription de votre dipl\u00f4me au Registre des Titres aupr\u00e8s du Minist\u00e8re luxembourgeois de la Recherche et de l\u2019Enseignement Sup\u00e9rieur.<\/p>\n\n<p><strong>L\u2019inscription au registre des titres n\u2019est pas requise lors de la soumission de votre candidature au programme d\u2019\u00e9tudes choisi<\/strong>, car elle ne peut \u00eatre demand\u00e9e au minist\u00e8re de la Recherche et de l\u2019Enseignement sup\u00e9rieur qu\u2019<strong>apr\u00e8s votre admission \u00e0 l\u2019Universit\u00e9<\/strong>. Pour conna\u00eetre les conditions compl\u00e8tes et obtenir plus d\u2019informations sur la proc\u00e9dure, veuillez consulter le lien ci-dessous :<\/p>\n<ul class=\"wp-block-unilux-blocks-button-list\">\n    <li class=\"wp-block-unilux-blocks-button-list-item\">\n    <a\n            href=\"https:\/\/guichet.public.lu\/en\/citoyens\/famille-education\/etudes-superieures\/reconnaissance-diplomes\/inscription-registre-titres\"\n            class=\"quick-link wp-block-unilux-blocks-anchor\"        target=\"_blank\"\n>\n    \n<span class=\"wp-block-unilux-blocks-wrapper quick-link__container\"><figure class=\"wp-block-dev4-reusable-blocks-image quick-link__img object-fit--scale-down\">\n        <\/figure>\n\n\n<span class=\"quick-link__name wp-block-unilux-blocks-plain-text\">Demander l&rsquo;inscription au registre des titres de votre dipl\u00f4me de Bachelor<\/span>\n\n<svg aria-hidden=\"true\" focusable=\"false\" class=\"icon icon-outline icon--external-link \"><use xlink:href=\"https:\/\/www.uni.lu\/wp-content\/themes\/unilux-theme\/assets\/images\/icons\/icons-outline.svg#icon--external-link\"><\/use><\/svg><\/span>\n<\/a>\n<\/li><\/ul>\n<\/div><\/div><\/li>\n\n<li class=\"list-highlighted__item  wp-block-unilux-blocks-highlighted-list-item\">\n    <header class=\"list-highlighted__header wp-block-unilux-blocks-highlighted-list-item-header\">\n    \n<h4 class=\"title text-18 font-bold has-text-align-left wp-block-unilux-blocks-heading\"        id=\"justificatif-de-competences-linguistiques\"\n    >\nJustificatif de comp\u00e9tences linguistiques\r\n<\/h4>\n<div class=\"wp-block-unilux-blocks-bigtext\">\n    <span>\n        \n    <\/span>\n<\/div><\/header><div class=\"list-highlighted__body wp-block-unilux-blocks-highlighted-list-item-body\">\n    <div class=\"wp-block-unilux-blocks-highlighted-list-item-free-content-area\">\n    \n<p>Tous les candidats doivent d\u00e9montrer le niveau de comp\u00e9tence requis dans&nbsp;<strong>toutes les langues d\u2019enseignement<\/strong>&nbsp;du programme choisi. Les exigences linguistiques pour chaque programme, bas\u00e9es sur le&nbsp;<a href=\"https:\/\/www.coe.int\/fr\/web\/common-european-framework-reference-languages\/table-1-cefr-3.3-common-reference-levels-global-scale\">Cadre europ\u00e9en commun de r\u00e9f\u00e9rence pour les langues (CECR)<\/a>, sont indiqu\u00e9es sur&nbsp;<a href=\"https:\/\/www.uni.lu\/fr\/etudes\/vue-d-ensemble-des-programmes-d-etudes\/\">la page web d\u00e9di\u00e9e au programme<\/a>. Si plusieurs langues sont mentionn\u00e9es, cela signifie que le programme est multilingue et que les candidats doivent fournir une preuve de comp\u00e9tence dans toutes les langues list\u00e9es, sauf indication contraire.<\/p>\n\n<p><strong>Les candidats qui n\u2019ont pas atteint le niveau de comp\u00e9tence requis dans toutes les langues d\u2019enseignement avant la date limite de candidature ne sont pas \u00e9ligibles pour ce cycle d\u2019admission.<\/strong><\/p>\n\n<ul class=\"wp-block-unilux-blocks-button-list-v2\">\n<li class=\"wp-block-unilux-blocks-button-list-item-v2\"><a class=\"quick-link\" href=\"https:\/\/www.uni.lu\/fr\/admissions\/justificatif-de-competences-linguistiques\/\" target=\"\" role=\"link\" rel=\"noopener\" tabindex=\"0\"><span class=\"quick-link__container\">\n<div class=\"wp-block-unilux-blocks-block-inserter quick-link__img\">\n<div class=\"icon--primary icon--secondary-2 icon--xl wp-block-unilux-blocks-icon-picker\">\n    <svg aria-hidden=\"true\" focusable=\"false\" class=\"icon icon-outline icon--languages \"><use xlink:href=\"https:\/\/www.uni.lu\/wp-content\/themes\/unilux-theme\/assets\/images\/icons\/icons-outline.svg#icon--languages\"><\/use><\/svg><\/div><\/div>\n\n\n\n<span class=\"quick-link__name wp-block-unilux-blocks-plain-text\">En savoir plus sur les justificatifs de comp\u00e9tences linguistiques accept\u00e9s<\/span>\n\n<svg aria-hidden=\"true\" focusable=\"false\" class=\"icon icon-outline icon--arrow-right \"><use xlink:href=\"https:\/\/www.uni.lu\/wp-content\/themes\/unilux-theme\/assets\/images\/icons\/icons-outline.svg#icon--arrow-right\"><\/use><\/svg><\/span><\/a><\/li>\n<\/ul>\n<\/div><\/div><\/li>\n\n<li class=\"list-highlighted__item  wp-block-unilux-blocks-highlighted-list-item\">\n    <header class=\"list-highlighted__header wp-block-unilux-blocks-highlighted-list-item-header\">\n    \n<h4 class=\"title text-18 font-bold has-text-align-left wp-block-unilux-blocks-heading\"        id=\"date-limite\"\n    >\nDate limite<\/h4>\n<div class=\"wp-block-unilux-blocks-bigtext\">\n    <span>\n        \n    <\/span>\n<\/div><\/header><div class=\"list-highlighted__body wp-block-unilux-blocks-highlighted-list-item-body\">\n    <div class=\"wp-block-unilux-blocks-highlighted-list-item-free-content-area\">\n    <div class=\"icon-info-wrapper\">\n    <ul class=\"wp-block-unilux-blocks-icon-info\">\n        <li class=\"wp-block-unilux-blocks-icon-info-item\">\n    \n<div class=\"wp-block-unilux-blocks-wrapper icon-info\">\n<div class=\"icon--primary icon--secondary-2 icon--xl wp-block-unilux-blocks-icon-picker\">\n    <svg aria-hidden=\"true\" focusable=\"false\" class=\"icon icon-outline icon--duration \"><use xlink:href=\"https:\/\/www.uni.lu\/wp-content\/themes\/unilux-theme\/assets\/images\/icons\/icons-outline.svg#icon--duration\"><\/use><\/svg><\/div>\n\n\n<p class=\"has-1-125-rem-font-size\">Les dates limites peuvent varier selon les programmes d\u2019\u00e9tudes. Veuillez d\u00e9poser votre candidature&nbsp;<strong>avant la date limite applicable aux citoyens de l\u2019UE\/EEE\/Suisse indiqu\u00e9e dans votre portail d\u2019admission.<\/strong><\/p>\n<\/div>\n<\/li>\n    <\/ul>\n<\/div>\n<\/div><\/div><\/li>\n\n<li class=\"list-highlighted__item  wp-block-unilux-blocks-highlighted-list-item\">\n    <header class=\"list-highlighted__header wp-block-unilux-blocks-highlighted-list-item-header\">\n    \n<h4 class=\"title text-18 font-bold has-text-align-left wp-block-unilux-blocks-heading\"        id=\"si-votre-candidature-est-acceptee\"\n    >\nSi votre candidature est accept\u00e9e\r\n<\/h4>\n<div class=\"wp-block-unilux-blocks-bigtext\">\n    <span>\n        \n    <\/span>\n<\/div><\/header><div class=\"list-highlighted__body wp-block-unilux-blocks-highlighted-list-item-body\">\n    <div class=\"wp-block-unilux-blocks-highlighted-list-item-free-content-area\">\n    \n<p>Si votre candidature est accept\u00e9e par le comit\u00e9 de s\u00e9lection, vous recevrez :<\/p>\n\n<ul class=\"ulux-list\">\n<li class=\"ulux-list-item\">une&nbsp;<strong>lettre d\u2019admission d\u00e9finitive<\/strong>&nbsp;si votre dossier est complet<\/li>\n\n\n\n<li class=\"ulux-list-item\">une&nbsp;<strong>lettre d\u2019admission conditionnelle<\/strong>&nbsp;si votre dossier est incomplet (par exemple : dipl\u00f4me ou attestation de r\u00e9ussite manquant, relev\u00e9 de notes final, inscription au registre des titres, preuve d\u2019assurance maladie, etc.). Vous devrez t\u00e9l\u00e9charger les documents manquants via votre portail d\u2019admission<strong>&nbsp;avant le 15 novembre de votre premier semestre d\u2019\u00e9tudes<\/strong>. Une fois l\u2019ensemble des documents re\u00e7us, la lettre d\u2019admission d\u00e9finitive vous sera envoy\u00e9e.<\/li>\n<\/ul>\n<\/div><\/div><\/li>\n\n<li class=\"list-highlighted__item  wp-block-unilux-blocks-highlighted-list-item\">\n    <header class=\"list-highlighted__header wp-block-unilux-blocks-highlighted-list-item-header\">\n    \n<h4 class=\"title text-18 font-bold has-text-align-left wp-block-unilux-blocks-heading\"        id=\"si-vous-ne-pouvez-pas-finaliser-votre-inscription\"\n    >\nSi vous ne pouvez pas finaliser votre inscription\r\n<\/h4>\n<div class=\"wp-block-unilux-blocks-bigtext\">\n    <span>\n        \n    <\/span>\n<\/div><\/header><div class=\"list-highlighted__body wp-block-unilux-blocks-highlighted-list-item-body\">\n    <div class=\"wp-block-unilux-blocks-highlighted-list-item-free-content-area\">\n    \n<div class=\"wp-block-columns is-layout-flex wp-block-columns-is-layout-flex\">\n<div class=\"wp-block-column is-layout-flow wp-block-column-is-layout-flow\">\n<div class=\"wp-block-unilux-blocks-icons-group icon--xl has-text-align-center\"><svg aria-hidden=\"true\" focusable=\"false\" class=\"icon icon-outline icon--warning \"><use xlink:href=\"https:\/\/www.uni.lu\/wp-content\/themes\/unilux-theme\/assets\/images\/icons\/icons-outline.svg#icon--warning\"><\/use><\/svg><\/div>\n<\/div>\n<\/div>\n\n<p><strong>Toute inscription non finalis\u00e9e ne peut pas \u00eatre report\u00e9e aux ann\u00e9es acad\u00e9miques suivantes.<\/strong>&nbsp;Si vous ne pouvez pas finaliser votre inscription, vous devrez recommencer le processus d\u2019admission avec un nouveau matricule \u00e9tudiant et t\u00e9l\u00e9charger \u00e0 nouveau tous les documents requis. Vous serez soumis aux r\u00e8gles en vigueur au moment de votre nouvelle demande d\u2019admission concernant les frais de candidature et les crit\u00e8res d\u2019\u00e9ligibilit\u00e9.<\/p>\n\n<p>L\u2019acceptation d\u2019une candidature pour une ann\u00e9e acad\u00e9mique ne garantit pas l\u2019admission pour les ann\u00e9es suivantes.<\/p>\n<\/div><\/div><\/li><\/ul>\n\n\n\n<p><strong><strong>Vous pouvez ajouter cette page \u00e0 vos favoris en utilisant le bouton suivant<\/strong><\/strong><\/p>\n\n\n\n<ul class=\"wp-block-unilux-blocks-button-list-v2\">\n<li class=\"wp-block-unilux-blocks-button-list-item-v2\"><a class=\"quick-link\" href=\"https:\/\/www.uni.lu\/fr\/admissions\/bachelor-master\/ma-b\" target=\"\" role=\"link\" rel=\"noopener\" tabindex=\"0\"><span class=\"quick-link__container\">\n<div class=\"wp-block-unilux-blocks-block-inserter quick-link__img\"><\/div>\n\n\n\n<span class=\"quick-link__name wp-block-unilux-blocks-plain-text\">Afficher ce contenu sous forme de page<\/span>\n\n<svg aria-hidden=\"true\" focusable=\"false\" class=\"icon icon-outline icon--arrow-right \"><use xlink:href=\"https:\/\/www.uni.lu\/wp-content\/themes\/unilux-theme\/assets\/images\/icons\/icons-outline.svg#icon--arrow-right\"><\/use><\/svg><\/span><\/a><\/li>\n<\/ul>\n<\/div><\/section>\n","protected":false},"excerpt":{"rendered":"","protected":false},"author":337,"featured_media":0,"parent":33,"menu_order":0,"comment_status":"closed","ping_status":"closed","template":"","meta":{"featured_image_focal_point":[],"show_featured_caption":false,"ulux_newsletter_groups":"","uluxPostTitle":"Crit\u00e8res d\u2019admission","uluxPrePostTitle":"","_trash_the_other_posts":false,"_price":"","_stock":"","_tribe_ticket_header":"","_tribe_default_ticket_provider":"","_tribe_ticket_capacity":"0","_ticket_start_date":"","_ticket_end_date":"","_tribe_ticket_show_description":"","_tribe_ticket_show_not_going":false,"_tribe_ticket_use_global_stock":"","_tribe_ticket_global_stock_level":"","_global_stock_mode":"","_global_stock_cap":"","_tribe_rsvp_for_event":"","_tribe_ticket_going_count":"","_tribe_ticket_not_going_count":"","_tribe_tickets_list":"[]","_tribe_ticket_has_attendee_info_fields":false,"footnotes":""},"field-of-interest":[],"organisation":[],"authorship":[210,337,68],"acf":[],"yoast_head":"<!-- This site is optimized with the Yoast SEO Premium plugin v22.3 (Yoast SEO v22.3) - https:\/\/yoast.com\/wordpress\/plugins\/seo\/ -->\n<title>MA-B - Universit\u00e9 du Luxembourg<\/title>\n<meta name=\"description\" content=\"MA-B:Vous souhaitez postuler \u00e0 un programme de Master Vous \u00eates citoyen&nbsp;UE\/EEE\/Suisse ou citoyen&nbsp;hors&nbsp;UE titulaire d\u2019un titre de s\u00e9jour\" \/>\n<meta name=\"robots\" content=\"index, follow, max-snippet:-1, max-image-preview:large, max-video-preview:-1\" \/>\n<link rel=\"canonical\" href=\"https:\/\/www.uni.lu\/fr\/admissions\/bachelor-master\/ma-b\/\" \/>\n<meta property=\"og:locale\" content=\"fr_FR\" \/>\n<meta property=\"og:type\" content=\"article\" \/>\n<meta property=\"og:title\" content=\"MA-B\" \/>\n<meta property=\"og:description\" content=\"MA-B:Vous souhaitez postuler \u00e0 un programme de Master Vous \u00eates citoyen&nbsp;UE\/EEE\/Suisse ou citoyen&nbsp;hors&nbsp;UE titulaire d\u2019un titre de s\u00e9jour\" \/>\n<meta property=\"og:url\" content=\"https:\/\/www.uni.lu\/fr\/admissions\/bachelor-master\/ma-b\/\" \/>\n<meta property=\"og:site_name\" content=\"UNI FR\" \/>\n<meta property=\"article:publisher\" content=\"https:\/\/www.facebook.com\/uni.lu\" \/>\n<meta property=\"article:modified_time\" content=\"2026-03-26T06:36:15+00:00\" \/>\n<meta property=\"og:image\" content=\"https:\/\/www.uni.lu\/wp-content\/uploads\/sites\/11\/2026\/03\/03120045\/UNIV_SM-Profile_1600x1600px-scaled.jpg\" \/>\n\t<meta property=\"og:image:width\" content=\"2560\" \/>\n\t<meta property=\"og:image:height\" content=\"2560\" \/>\n\t<meta property=\"og:image:type\" content=\"image\/jpeg\" \/>\n<meta name=\"twitter:card\" content=\"summary_large_image\" \/>\n<meta name=\"twitter:label1\" content=\"Dur\u00e9e de lecture estim\u00e9e\" \/>\n\t<meta name=\"twitter:data1\" content=\"2 minutes\" \/>\n<script type=\"application\/ld+json\" class=\"yoast-schema-graph\">{\"@context\":\"https:\/\/schema.org\",\"@graph\":[{\"@type\":\"WebPage\",\"@id\":\"https:\/\/www.uni.lu\/fr\/admissions\/bachelor-master\/ma-b\/\",\"url\":\"https:\/\/www.uni.lu\/fr\/admissions\/bachelor-master\/ma-b\/\",\"name\":\"MA-B - Universit\u00e9 du Luxembourg\",\"isPartOf\":{\"@id\":\"https:\/\/www.uni.lu\/fr\/#website\"},\"datePublished\":\"2023-07-05T16:52:08+00:00\",\"dateModified\":\"2026-03-26T06:36:15+00:00\",\"description\":\"MA-B:Vous souhaitez postuler \u00e0 un programme de Master Vous \u00eates citoyen&nbsp;UE\/EEE\/Suisse ou citoyen&nbsp;hors&nbsp;UE titulaire d\u2019un titre de s\u00e9jour\",\"breadcrumb\":{\"@id\":\"https:\/\/www.uni.lu\/fr\/admissions\/bachelor-master\/ma-b\/#breadcrumb\"},\"inLanguage\":\"fr-FR\",\"potentialAction\":[{\"@type\":\"ReadAction\",\"target\":[\"https:\/\/www.uni.lu\/fr\/admissions\/bachelor-master\/ma-b\/\"]}]},{\"@type\":\"BreadcrumbList\",\"@id\":\"https:\/\/www.uni.lu\/fr\/admissions\/bachelor-master\/ma-b\/#breadcrumb\",\"itemListElement\":[{\"@type\":\"ListItem\",\"position\":1,\"name\":\"Home\",\"item\":\"https:\/\/www.uni.lu\/fr\/\"},{\"@type\":\"ListItem\",\"position\":2,\"name\":\"Admissions\",\"item\":\"https:\/\/www.uni.lu\/fr\/admissions\/\"},{\"@type\":\"ListItem\",\"position\":3,\"name\":\"Bachelor &amp; Master\",\"item\":\"https:\/\/www.uni.lu\/fr\/admissions\/bachelor-master\/\"},{\"@type\":\"ListItem\",\"position\":4,\"name\":\"MA-B\"}]},{\"@type\":\"WebSite\",\"@id\":\"https:\/\/www.uni.lu\/fr\/#website\",\"url\":\"https:\/\/www.uni.lu\/fr\/\",\"name\":\"Uni.lu\",\"description\":\"Universit\u00e9 du Luxembourg\",\"publisher\":{\"@id\":\"https:\/\/www.uni.lu\/fr\/#organization\"},\"alternateName\":\"Universit\u00e9 du Luxembourg\",\"potentialAction\":[{\"@type\":\"SearchAction\",\"target\":{\"@type\":\"EntryPoint\",\"urlTemplate\":\"https:\/\/www.uni.lu\/fr\/?s={search_term_string}\"},\"query-input\":\"required name=search_term_string\"}],\"inLanguage\":\"fr-FR\"},{\"@type\":\"Organization\",\"@id\":\"https:\/\/www.uni.lu\/fr\/#organization\",\"name\":\"Universit\u00e9 du Luxembourg\",\"alternateName\":\"Uni.lu\",\"url\":\"https:\/\/www.uni.lu\/fr\/\",\"logo\":{\"@type\":\"ImageObject\",\"inLanguage\":\"fr-FR\",\"@id\":\"https:\/\/www.uni.lu\/fr\/#\/schema\/logo\/image\/\",\"url\":\"https:\/\/www.uni.lu\/wp-content\/uploads\/sites\/11\/2026\/03\/03120045\/UNIV_SM-Profile_1600x1600px-scaled.jpg\",\"contentUrl\":\"https:\/\/www.uni.lu\/wp-content\/uploads\/sites\/11\/2026\/03\/03120045\/UNIV_SM-Profile_1600x1600px-scaled.jpg\",\"width\":2560,\"height\":2560,\"caption\":\"Universit\u00e9 du Luxembourg\"},\"image\":{\"@id\":\"https:\/\/www.uni.lu\/fr\/#\/schema\/logo\/image\/\"},\"sameAs\":[\"https:\/\/www.facebook.com\/uni.lu\",\"https:\/\/www.linkedin.com\/school\/university-of-luxembourg\/\",\"https:\/\/www.instagram.com\/uni.lu\",\"https:\/\/www.youtube.com\/@uni_lu\",\"https:\/\/en.wikipedia.org\/wiki\/University_of_Luxembourg\"]}]}<\/script>\n<!-- \/ Yoast SEO Premium plugin. -->","yoast_head_json":{"title":"MA-B - Universit\u00e9 du Luxembourg","description":"MA-B:Vous souhaitez postuler \u00e0 un programme de Master Vous \u00eates citoyen&nbsp;UE\/EEE\/Suisse ou citoyen&nbsp;hors&nbsp;UE titulaire d\u2019un titre de s\u00e9jour","robots":{"index":"index","follow":"follow","max-snippet":"max-snippet:-1","max-image-preview":"max-image-preview:large","max-video-preview":"max-video-preview:-1"},"canonical":"https:\/\/www.uni.lu\/fr\/admissions\/bachelor-master\/ma-b\/","og_locale":"fr_FR","og_type":"article","og_title":"MA-B","og_description":"MA-B:Vous souhaitez postuler \u00e0 un programme de Master Vous \u00eates citoyen&nbsp;UE\/EEE\/Suisse ou citoyen&nbsp;hors&nbsp;UE titulaire d\u2019un titre de s\u00e9jour","og_url":"https:\/\/www.uni.lu\/fr\/admissions\/bachelor-master\/ma-b\/","og_site_name":"UNI FR","article_publisher":"https:\/\/www.facebook.com\/uni.lu","article_modified_time":"2026-03-26T06:36:15+00:00","og_image":[{"width":2560,"height":2560,"url":"https:\/\/www.uni.lu\/wp-content\/uploads\/sites\/11\/2026\/03\/03120045\/UNIV_SM-Profile_1600x1600px-scaled.jpg","type":"image\/jpeg"}],"twitter_card":"summary_large_image","twitter_misc":{"Dur\u00e9e de lecture estim\u00e9e":"2 minutes"},"schema":{"@context":"https:\/\/schema.org","@graph":[{"@type":"WebPage","@id":"https:\/\/www.uni.lu\/fr\/admissions\/bachelor-master\/ma-b\/","url":"https:\/\/www.uni.lu\/fr\/admissions\/bachelor-master\/ma-b\/","name":"MA-B - Universit\u00e9 du Luxembourg","isPartOf":{"@id":"https:\/\/www.uni.lu\/fr\/#website"},"datePublished":"2023-07-05T16:52:08+00:00","dateModified":"2026-03-26T06:36:15+00:00","description":"MA-B:Vous souhaitez postuler \u00e0 un programme de Master Vous \u00eates citoyen&nbsp;UE\/EEE\/Suisse ou citoyen&nbsp;hors&nbsp;UE titulaire d\u2019un titre de s\u00e9jour","breadcrumb":{"@id":"https:\/\/www.uni.lu\/fr\/admissions\/bachelor-master\/ma-b\/#breadcrumb"},"inLanguage":"fr-FR","potentialAction":[{"@type":"ReadAction","target":["https:\/\/www.uni.lu\/fr\/admissions\/bachelor-master\/ma-b\/"]}]},{"@type":"BreadcrumbList","@id":"https:\/\/www.uni.lu\/fr\/admissions\/bachelor-master\/ma-b\/#breadcrumb","itemListElement":[{"@type":"ListItem","position":1,"name":"Home","item":"https:\/\/www.uni.lu\/fr\/"},{"@type":"ListItem","position":2,"name":"Admissions","item":"https:\/\/www.uni.lu\/fr\/admissions\/"},{"@type":"ListItem","position":3,"name":"Bachelor &amp; Master","item":"https:\/\/www.uni.lu\/fr\/admissions\/bachelor-master\/"},{"@type":"ListItem","position":4,"name":"MA-B"}]},{"@type":"WebSite","@id":"https:\/\/www.uni.lu\/fr\/#website","url":"https:\/\/www.uni.lu\/fr\/","name":"Uni.lu","description":"Universit\u00e9 du Luxembourg","publisher":{"@id":"https:\/\/www.uni.lu\/fr\/#organization"},"alternateName":"Universit\u00e9 du Luxembourg","potentialAction":[{"@type":"SearchAction","target":{"@type":"EntryPoint","urlTemplate":"https:\/\/www.uni.lu\/fr\/?s={search_term_string}"},"query-input":"required name=search_term_string"}],"inLanguage":"fr-FR"},{"@type":"Organization","@id":"https:\/\/www.uni.lu\/fr\/#organization","name":"Universit\u00e9 du Luxembourg","alternateName":"Uni.lu","url":"https:\/\/www.uni.lu\/fr\/","logo":{"@type":"ImageObject","inLanguage":"fr-FR","@id":"https:\/\/www.uni.lu\/fr\/#\/schema\/logo\/image\/","url":"https:\/\/www.uni.lu\/wp-content\/uploads\/sites\/11\/2026\/03\/03120045\/UNIV_SM-Profile_1600x1600px-scaled.jpg","contentUrl":"https:\/\/www.uni.lu\/wp-content\/uploads\/sites\/11\/2026\/03\/03120045\/UNIV_SM-Profile_1600x1600px-scaled.jpg","width":2560,"height":2560,"caption":"Universit\u00e9 du Luxembourg"},"image":{"@id":"https:\/\/www.uni.lu\/fr\/#\/schema\/logo\/image\/"},"sameAs":["https:\/\/www.facebook.com\/uni.lu","https:\/\/www.linkedin.com\/school\/university-of-luxembourg\/","https:\/\/www.instagram.com\/uni.lu","https:\/\/www.youtube.com\/@uni_lu","https:\/\/en.wikipedia.org\/wiki\/University_of_Luxembourg"]}]}},"ticketed":false,"_links":{"self":[{"href":"https:\/\/www.uni.lu\/fr\/wp-json\/wp\/v2\/pages\/57"}],"collection":[{"href":"https:\/\/www.uni.lu\/fr\/wp-json\/wp\/v2\/pages"}],"about":[{"href":"https:\/\/www.uni.lu\/fr\/wp-json\/wp\/v2\/types\/page"}],"author":[{"embeddable":true,"href":"https:\/\/www.uni.lu\/fr\/wp-json\/wp\/v2\/users\/337"}],"replies":[{"embeddable":true,"href":"https:\/\/www.uni.lu\/fr\/wp-json\/wp\/v2\/comments?post=57"}],"version-history":[{"count":5,"href":"https:\/\/www.uni.lu\/fr\/wp-json\/wp\/v2\/pages\/57\/revisions"}],"predecessor-version":[{"id":18088,"href":"https:\/\/www.uni.lu\/fr\/wp-json\/wp\/v2\/pages\/57\/revisions\/18088"}],"up":[{"embeddable":true,"href":"https:\/\/www.uni.lu\/fr\/wp-json\/wp\/v2\/pages\/33"}],"wp:authorship":[{"embeddable":true,"href":"https:\/\/www.uni.lu\/fr\/wp-json\/wp\/v2\/users\/210"},{"embeddable":true,"href":"https:\/\/www.uni.lu\/fr\/wp-json\/wp\/v2\/users\/337"},{"embeddable":true,"href":"https:\/\/www.uni.lu\/fr\/wp-json\/wp\/v2\/users\/68"}],"wp:attachment":[{"href":"https:\/\/www.uni.lu\/fr\/wp-json\/wp\/v2\/media?parent=57"}],"wp:term":[{"taxonomy":"field-of-interest","embeddable":true,"href":"https:\/\/www.uni.lu\/fr\/wp-json\/wp\/v2\/field-of-interest?post=57"},{"taxonomy":"organisation","embeddable":true,"href":"https:\/\/www.uni.lu\/fr\/wp-json\/wp\/v2\/organisation?post=57"}],"curies":[{"name":"wp","href":"https:\/\/api.w.org\/{rel}","templated":true}]}}