{"id":42,"date":"2023-07-05T16:49:32","date_gmt":"2023-07-05T16:49:32","guid":{"rendered":"https:\/\/website.prod.unilu.spikeseed.cloud\/fr\/?page_id=42"},"modified":"2026-03-26T07:36:13","modified_gmt":"2026-03-26T06:36:13","slug":"ba-b","status":"publish","type":"page","link":"https:\/\/www.uni.lu\/fr\/admissions\/bachelor-master\/ba-b\/","title":{"rendered":"BA-B"},"content":{"rendered":"\n<section class=\"py-0 wp-block-unilux-blocks-free-section section\"><div class=\"container xl:max-w-screen-xl\">\n<h2 class=\"has-text-align-left wp-block-unilux-blocks-heading\"        id=\"votre-situation\"\n    >\nVotre situation<\/h2>\n\n\n\n<ul class=\"ulux-list\">\n<li class=\"ulux-list-item\">Vous souhaitez postuler \u00e0 un <strong>programme de Bachelor<\/strong><\/li>\n\n\n\n<li class=\"ulux-list-item\">Vous \u00eates <strong>citoyen UE\/EEE\/Suisse<\/strong> ou <strong>citoyen hors UE titulaire d\u2019un titre de s\u00e9jour luxembourgeois valide<\/strong><\/li>\n\n\n\n<li class=\"ulux-list-item\">Vous \u00eates titulaire d\u2019un <strong>Dipl\u00f4me de technicien<\/strong> <strong>et d&rsquo;une attestation de r\u00e9ussite des modules pr\u00e9paratoires <\/strong><\/li>\n<\/ul>\n\n\n\n<h2 class=\"has-text-align-left wp-block-unilux-blocks-heading\"        id=\"vos-criteres\"\n    >\nVos crit\u00e8res<\/h2>\n\n\n\n<ul class=\"wp-block-unilux-blocks-highlighted-list list-highlighted list-highlighted--architectural\"><li class=\"list-highlighted__item  wp-block-unilux-blocks-highlighted-list-item\">\n    <header class=\"list-highlighted__header wp-block-unilux-blocks-highlighted-list-item-header\">\n    \n<h4 class=\"title text-18 font-bold has-text-align-left wp-block-unilux-blocks-heading\"        id=\"diplome\"\n    >\nDipl\u00f4me<\/h4>\n<div class=\"wp-block-unilux-blocks-bigtext\">\n    <span>\n        \n    <\/span>\n<\/div><\/header><div class=\"list-highlighted__body wp-block-unilux-blocks-highlighted-list-item-body\">\n    <div class=\"wp-block-unilux-blocks-highlighted-list-item-free-content-area\">\n    \n<p><strong>Votre dipl\u00f4me est reconnu pour un nombre limit\u00e9 de programmes de Bachelor, \u00e0 condition que vous ayez valid\u00e9 les modules pr\u00e9paratoires.<\/strong><\/p>\n\n<p>Vous pouvez postuler \u00e0 un programme d\u2019\u00e9tudes si la division dans laquelle vous avez obtenu votre Dipl\u00f4me de technicien et suivi les modules pr\u00e9paratoires est pertinente par rapport \u00e0 l\u2019objet du programme d\u2019\u00e9tudes envisag\u00e9, et si vous remplissez tous les crit\u00e8res d&rsquo;admission.<\/p>\n\n<figure class=\"wp-block-table\"><table><tbody><tr><td class=\"has-text-align-center\" data-align=\"center\"><strong>Division du Dipl\u00f4me de technicien <\/strong><\/td><td><strong>Bachelors accessibles (sous r\u00e9serve d\u2019\u00e9valuation par le comit\u00e9 de s\u00e9lection)<\/strong><\/td><\/tr><tr><td class=\"has-text-align-center\" data-align=\"center\"><em><strong>Division Administration et commerce<\/strong><\/em><\/td><td>&#8211; Bachelor in Business Administration<br>&#8211; Bachelor en Comptabilit\u00e9 et Fiscalit\u00e9<\/td><\/tr><tr><td class=\"has-text-align-center\" data-align=\"center\"><strong><strong><em>Division Commerce \u00e9lectronique<\/em><\/strong><\/strong><\/td><td>&#8211; Bachelor in Business Administration<br>&#8211; Bachelor en Comptabilit\u00e9 et Fiscalit\u00e9<\/td><\/tr><tr><td class=\"has-text-align-center\" data-align=\"center\"><strong><strong><em>Division Vente et gestion<\/em><\/strong><\/strong><\/td><td>&#8211; Bachelor in Business Administration<br>&#8211; Bachelor en Comptabilit\u00e9 et Fiscalit\u00e9<\/td><\/tr><tr><td class=\"has-text-align-center\" data-align=\"center\"><strong><strong><em>Division informatique<\/em><\/strong><\/strong><\/td><td>&#8211; Bachelor in Applied Information Technology<br>&#8211; Bachelor in Computer Science<\/td><\/tr><tr><td class=\"has-text-align-center\" data-align=\"center\"><strong><strong><em>Division Smart technologies<\/em><\/strong><\/strong><\/td><td>&#8211; Bachelor im Ingenieurwesen<\/td><\/tr><tr><td class=\"has-text-align-center\" data-align=\"center\"><strong><em>Division M\u00e9canique g\u00e9n\u00e9rale<\/em><\/strong><\/td><td>&#8211; Bachelor im Ingenieurwesen<\/td><\/tr><tr><td class=\"has-text-align-center\" data-align=\"center\"><strong><em>Division G\u00e9nie civil<\/em><\/strong><\/td><td>&#8211; Bachelor im Ingenieurwesen<\/td><\/tr><tr><td class=\"has-text-align-center\" data-align=\"center\"><strong><em>Division M\u00e9catronique<\/em><\/strong><\/td><td>&#8211; Bachelor im Ingenieurwesen<\/td><\/tr><tr><td class=\"has-text-align-center\" data-align=\"center\"><strong><em>Division Smart Buildings &amp; energies<\/em><\/strong><br><em>(anciennement \u00ab \u00c9quipement \u00e9nerg\u00e9tique et technique des b\u00e2timents \u00bb)<\/em><\/td><td>&#8211; Bachelor im Ingenieurwesen<\/td><\/tr><\/tbody><\/table><\/figure>\n<div class=\"wp-block-unilux-blocks-spacer is-spacer-size-sm\"><\/div>\n<p><strong>Si vous n\u2019avez pas encore obtenu votre dipl\u00f4me et l&rsquo;attestation de r\u00e9ussite des modules pr\u00e9paratoires<\/strong> au moment de la p\u00e9riode de candidature du programme choisi,&nbsp;<strong>vous pouvez tout de m\u00eame d\u00e9poser votre candidature sans dipl\u00f4me et attestation de r\u00e9ussite&nbsp;<\/strong>pendant la p\u00e9riode de candidature.<\/p>\n\n<p>Si vous candidatez sans joindre une copie de votre dipl\u00f4me et l&rsquo;attestation de r\u00e9ussite des modules pr\u00e9paratoires, vous devrez fournir votre dipl\u00f4me, l&rsquo;attestation de r\u00e9ussite des modules pr\u00e9paratoires ainsi que votre relev\u00e9 de notes final si une lettre d\u2019admission conditionnelle vous est d\u00e9livr\u00e9e. Votre inscription ne pourra \u00eatre finalis\u00e9e que lorsque l\u2019ensemble des documents requis aura \u00e9t\u00e9 transmis et que toutes les autres conditions d\u2019admission auront \u00e9t\u00e9 remplies.<\/p>\n<\/div><\/div><\/li>\n\n<li class=\"list-highlighted__item  wp-block-unilux-blocks-highlighted-list-item\">\n    <header class=\"list-highlighted__header wp-block-unilux-blocks-highlighted-list-item-header\">\n    \n<h4 class=\"title text-18 font-bold has-text-align-left wp-block-unilux-blocks-heading\"        id=\"justificatif-de-competences-linguistiques\"\n    >\nJustificatif de comp\u00e9tences linguistiques<\/h4>\n<div class=\"wp-block-unilux-blocks-bigtext\">\n    <span>\n        \n    <\/span>\n<\/div><\/header><div class=\"list-highlighted__body wp-block-unilux-blocks-highlighted-list-item-body\">\n    <div class=\"wp-block-unilux-blocks-highlighted-list-item-free-content-area\">\n    \n<p>Tous les candidats doivent d\u00e9montrer le niveau de comp\u00e9tence requis dans&nbsp;<strong>toutes les langues d\u2019enseignement<\/strong>&nbsp;du programme choisi. Les exigences linguistiques pour chaque programme, bas\u00e9es sur le&nbsp;<a href=\"https:\/\/www.coe.int\/fr\/web\/common-european-framework-reference-languages\/table-1-cefr-3.3-common-reference-levels-global-scale\">Cadre europ\u00e9en commun de r\u00e9f\u00e9rence pour les langues (CECR)<\/a>, sont indiqu\u00e9es sur&nbsp;<a href=\"https:\/\/www.uni.lu\/fr\/etudes\/vue-d-ensemble-des-programmes-d-etudes\/\">la page web d\u00e9di\u00e9e au programme<\/a>. Si plusieurs langues sont mentionn\u00e9es, cela signifie que le programme est multilingue et que les candidats doivent fournir une preuve de comp\u00e9tence dans toutes les langues list\u00e9es, sauf indication contraire.<\/p>\n\n<p><strong>Les candidats qui n\u2019ont pas atteint le niveau de comp\u00e9tence requis dans toutes les langues d\u2019enseignement avant la date limite de candidature ne sont pas \u00e9ligibles pour ce cycle d\u2019admission.<\/strong><\/p>\n\n<ul class=\"wp-block-unilux-blocks-button-list-v2\">\n<li class=\"wp-block-unilux-blocks-button-list-item-v2\"><a class=\"quick-link\" href=\"https:\/\/www.uni.lu\/fr\/admissions\/justificatif-de-competences-linguistiques\/\" target=\"\" role=\"link\" rel=\"noopener\" tabindex=\"0\"><span class=\"quick-link__container\">\n<div class=\"wp-block-unilux-blocks-block-inserter quick-link__img\">\n<div class=\"icon--primary icon--secondary-2 icon--xl wp-block-unilux-blocks-icon-picker\">\n    <svg aria-hidden=\"true\" focusable=\"false\" class=\"icon icon-outline icon--languages \"><use xlink:href=\"https:\/\/www.uni.lu\/wp-content\/themes\/unilux-theme\/assets\/images\/icons\/icons-outline.svg#icon--languages\"><\/use><\/svg><\/div><\/div>\n\n\n\n<span class=\"quick-link__name wp-block-unilux-blocks-plain-text\">En savoir plus sur les justificatifs de comp\u00e9tences linguistiques accept\u00e9s<\/span>\n\n<svg aria-hidden=\"true\" focusable=\"false\" class=\"icon icon-outline icon--arrow-right \"><use xlink:href=\"https:\/\/www.uni.lu\/wp-content\/themes\/unilux-theme\/assets\/images\/icons\/icons-outline.svg#icon--arrow-right\"><\/use><\/svg><\/span><\/a><\/li>\n<\/ul>\n<\/div><\/div><\/li>\n\n<li class=\"list-highlighted__item  wp-block-unilux-blocks-highlighted-list-item\">\n    <header class=\"list-highlighted__header wp-block-unilux-blocks-highlighted-list-item-header\">\n    \n<h4 class=\"title text-18 font-bold has-text-align-left wp-block-unilux-blocks-heading\"        id=\"date-limite\"\n    >\nDate limite<\/h4>\n<div class=\"wp-block-unilux-blocks-bigtext\">\n    <span>\n        \n    <\/span>\n<\/div><\/header><div class=\"list-highlighted__body wp-block-unilux-blocks-highlighted-list-item-body\">\n    <div class=\"wp-block-unilux-blocks-highlighted-list-item-free-content-area\">\n    <div class=\"icon-info-wrapper\">\n    <ul class=\"wp-block-unilux-blocks-icon-info\">\n        <li class=\"wp-block-unilux-blocks-icon-info-item\">\n    \n<div class=\"wp-block-unilux-blocks-wrapper icon-info\">\n<div class=\"icon--primary icon--secondary-2 icon--xl wp-block-unilux-blocks-icon-picker\">\n    <svg aria-hidden=\"true\" focusable=\"false\" class=\"icon icon-outline icon--duration \"><use xlink:href=\"https:\/\/www.uni.lu\/wp-content\/themes\/unilux-theme\/assets\/images\/icons\/icons-outline.svg#icon--duration\"><\/use><\/svg><\/div>\n\n\n<p class=\"has-1-125-rem-font-size\">Les dates limites peuvent varier selon les programmes d\u2019\u00e9tudes. Veuillez d\u00e9poser votre candidature&nbsp;<strong>avant la date limite applicable aux citoyens de l\u2019UE\/EEE\/Suisse indiqu\u00e9e dans votre portail d\u2019admission.<\/strong><\/p>\n<\/div>\n<\/li>\n    <\/ul>\n<\/div>\n<\/div><\/div><\/li>\n\n<li class=\"list-highlighted__item  wp-block-unilux-blocks-highlighted-list-item\">\n    <header class=\"list-highlighted__header wp-block-unilux-blocks-highlighted-list-item-header\">\n    \n<h4 class=\"title text-18 font-bold has-text-align-left wp-block-unilux-blocks-heading\"        id=\"si-votre-candidature-est-acceptee\"\n    >\nSi votre candidature est accept\u00e9e<\/h4>\n<div class=\"wp-block-unilux-blocks-bigtext\">\n    <span>\n        \n    <\/span>\n<\/div><\/header><div class=\"list-highlighted__body wp-block-unilux-blocks-highlighted-list-item-body\">\n    <div class=\"wp-block-unilux-blocks-highlighted-list-item-free-content-area\">\n    \n<p>Si votre candidature est accept\u00e9e par le comit\u00e9 de s\u00e9lection, vous recevrez :<\/p>\n\n<ul class=\"ulux-list\">\n<li class=\"ulux-list-item\">une&nbsp;<strong>lettre d\u2019admission d\u00e9finitive<\/strong>&nbsp;si votre dossier est complet<\/li>\n\n\n\n<li class=\"ulux-list-item\">une&nbsp;<strong>lettre d\u2019admission conditionnelle<\/strong>&nbsp;si votre dossier est incomplet (par exemple : dipl\u00f4me ou attestation de r\u00e9ussite manquant, attestation de r\u00e9ussite des modules pr\u00e9paratoires, relev\u00e9 de notes final, preuve d\u2019assurance maladie, etc.). Vous devrez t\u00e9l\u00e9charger les documents manquants via votre portail d\u2019admission<strong>&nbsp;avant le 15 novembre de votre premier semestre d\u2019\u00e9tudes<\/strong>. Une fois l\u2019ensemble des documents re\u00e7us, la lettre d\u2019admission d\u00e9finitive vous sera envoy\u00e9e.<\/li>\n<\/ul>\n<\/div><\/div><\/li>\n\n<li class=\"list-highlighted__item  wp-block-unilux-blocks-highlighted-list-item\">\n    <header class=\"list-highlighted__header wp-block-unilux-blocks-highlighted-list-item-header\">\n    \n<h4 class=\"title text-18 font-bold has-text-align-left wp-block-unilux-blocks-heading\"        id=\"si-vous-ne-pouvez-pas-finaliser-votre-inscription\"\n    >\nSi vous ne pouvez pas finaliser votre inscription<\/h4>\n<div class=\"wp-block-unilux-blocks-bigtext\">\n    <span>\n        \n    <\/span>\n<\/div><\/header><div class=\"list-highlighted__body wp-block-unilux-blocks-highlighted-list-item-body\">\n    <div class=\"wp-block-unilux-blocks-highlighted-list-item-free-content-area\">\n    \n<div class=\"wp-block-columns is-layout-flex wp-block-columns-is-layout-flex\">\n<div class=\"wp-block-column is-layout-flow wp-block-column-is-layout-flow\">\n<div class=\"wp-block-unilux-blocks-icons-group icon--xl has-text-align-center\"><svg aria-hidden=\"true\" focusable=\"false\" class=\"icon icon-outline icon--warning \"><use xlink:href=\"https:\/\/www.uni.lu\/wp-content\/themes\/unilux-theme\/assets\/images\/icons\/icons-outline.svg#icon--warning\"><\/use><\/svg><\/div>\n<\/div>\n<\/div>\n\n<p><strong>Toute inscription non finalis\u00e9e ne peut pas \u00eatre report\u00e9e aux ann\u00e9es acad\u00e9miques suivantes.<\/strong>&nbsp;Si vous ne pouvez pas finaliser votre inscription, vous devrez recommencer le processus d\u2019admission avec un nouveau matricule \u00e9tudiant et t\u00e9l\u00e9charger \u00e0 nouveau tous les documents requis. Vous serez soumis aux r\u00e8gles en vigueur au moment de votre nouvelle demande d\u2019admission concernant les frais de candidature et les crit\u00e8res d\u2019\u00e9ligibilit\u00e9.<\/p>\n\n<p>L\u2019acceptation d\u2019une candidature pour une ann\u00e9e acad\u00e9mique ne garantit pas l\u2019admission pour les ann\u00e9es suivantes.<\/p>\n<\/div><\/div><\/li><\/ul>\n\n\n\n<p><strong>Vous pouvez ajouter cette page \u00e0 vos favoris en utilisant le bouton suivant<\/strong><\/p>\n\n\n\n<ul class=\"wp-block-unilux-blocks-button-list-v2\">\n<li class=\"wp-block-unilux-blocks-button-list-item-v2\"><a class=\"quick-link\" href=\"https:\/\/www.uni.lu\/fr\/admissions\/bachelor-master\/ba-b\/\" target=\"\" role=\"link\" rel=\"noopener\" tabindex=\"0\"><span class=\"quick-link__container\">\n<div class=\"wp-block-unilux-blocks-block-inserter quick-link__img\"><\/div>\n\n\n\n<span class=\"quick-link__name wp-block-unilux-blocks-plain-text\">Afficher ce contenu sous forme de page<\/span>\n\n<svg aria-hidden=\"true\" focusable=\"false\" class=\"icon icon-outline icon--arrow-right \"><use xlink:href=\"https:\/\/www.uni.lu\/wp-content\/themes\/unilux-theme\/assets\/images\/icons\/icons-outline.svg#icon--arrow-right\"><\/use><\/svg><\/span><\/a><\/li>\n<\/ul>\n<\/div><\/section>\n","protected":false},"excerpt":{"rendered":"","protected":false},"author":337,"featured_media":0,"parent":33,"menu_order":0,"comment_status":"closed","ping_status":"closed","template":"","meta":{"featured_image_focal_point":[],"show_featured_caption":false,"ulux_newsletter_groups":"","uluxPostTitle":"Crit\u00e8res d\u2019admission","uluxPrePostTitle":"","_trash_the_other_posts":false,"_price":"","_stock":"","_tribe_ticket_header":"","_tribe_default_ticket_provider":"","_tribe_ticket_capacity":"0","_ticket_start_date":"","_ticket_end_date":"","_tribe_ticket_show_description":"","_tribe_ticket_show_not_going":false,"_tribe_ticket_use_global_stock":"","_tribe_ticket_global_stock_level":"","_global_stock_mode":"","_global_stock_cap":"","_tribe_rsvp_for_event":"","_tribe_ticket_going_count":"","_tribe_ticket_not_going_count":"","_tribe_tickets_list":"[]","_tribe_ticket_has_attendee_info_fields":false,"footnotes":""},"field-of-interest":[],"organisation":[],"authorship":[210,337,68],"acf":[],"yoast_head":"<!-- This site is optimized with the Yoast SEO Premium plugin v22.3 (Yoast SEO v22.3) - https:\/\/yoast.com\/wordpress\/plugins\/seo\/ -->\n<title>BA-B - Universit\u00e9 du Luxembourg<\/title>\n<meta name=\"description\" content=\"BA-B: Vous souhaitez postuler \u00e0 un programme de Bachelor Vous \u00eates citoyen UE\/EEE\/Suisse ou citoyen hors UE titulaire d\u2019un titre de s\u00e9jour luxembourgeois valide\" \/>\n<meta name=\"robots\" content=\"index, follow, max-snippet:-1, max-image-preview:large, max-video-preview:-1\" \/>\n<link rel=\"canonical\" href=\"https:\/\/www.uni.lu\/fr\/admissions\/bachelor-master\/ba-b\/\" \/>\n<meta property=\"og:locale\" content=\"fr_FR\" \/>\n<meta property=\"og:type\" content=\"article\" \/>\n<meta property=\"og:title\" content=\"BA-B\" \/>\n<meta property=\"og:description\" content=\"BA-B: Vous souhaitez postuler \u00e0 un programme de Bachelor Vous \u00eates citoyen UE\/EEE\/Suisse ou citoyen hors UE titulaire d\u2019un titre de s\u00e9jour luxembourgeois valide\" \/>\n<meta property=\"og:url\" content=\"https:\/\/www.uni.lu\/fr\/admissions\/bachelor-master\/ba-b\/\" \/>\n<meta property=\"og:site_name\" content=\"UNI FR\" \/>\n<meta property=\"article:publisher\" content=\"https:\/\/www.facebook.com\/uni.lu\" \/>\n<meta property=\"article:modified_time\" content=\"2026-03-26T06:36:13+00:00\" \/>\n<meta property=\"og:image\" content=\"https:\/\/www.uni.lu\/wp-content\/uploads\/sites\/11\/2026\/03\/03120045\/UNIV_SM-Profile_1600x1600px-scaled.jpg\" \/>\n\t<meta property=\"og:image:width\" content=\"2560\" \/>\n\t<meta property=\"og:image:height\" content=\"2560\" \/>\n\t<meta property=\"og:image:type\" content=\"image\/jpeg\" \/>\n<meta name=\"twitter:card\" content=\"summary_large_image\" \/>\n<meta name=\"twitter:label1\" content=\"Dur\u00e9e de lecture estim\u00e9e\" \/>\n\t<meta name=\"twitter:data1\" content=\"3 minutes\" \/>\n<script type=\"application\/ld+json\" class=\"yoast-schema-graph\">{\"@context\":\"https:\/\/schema.org\",\"@graph\":[{\"@type\":\"WebPage\",\"@id\":\"https:\/\/www.uni.lu\/fr\/admissions\/bachelor-master\/ba-b\/\",\"url\":\"https:\/\/www.uni.lu\/fr\/admissions\/bachelor-master\/ba-b\/\",\"name\":\"BA-B - Universit\u00e9 du Luxembourg\",\"isPartOf\":{\"@id\":\"https:\/\/www.uni.lu\/fr\/#website\"},\"datePublished\":\"2023-07-05T16:49:32+00:00\",\"dateModified\":\"2026-03-26T06:36:13+00:00\",\"description\":\"BA-B: Vous souhaitez postuler \u00e0 un programme de Bachelor Vous \u00eates citoyen UE\/EEE\/Suisse ou citoyen hors UE titulaire d\u2019un titre de s\u00e9jour luxembourgeois valide\",\"breadcrumb\":{\"@id\":\"https:\/\/www.uni.lu\/fr\/admissions\/bachelor-master\/ba-b\/#breadcrumb\"},\"inLanguage\":\"fr-FR\",\"potentialAction\":[{\"@type\":\"ReadAction\",\"target\":[\"https:\/\/www.uni.lu\/fr\/admissions\/bachelor-master\/ba-b\/\"]}]},{\"@type\":\"BreadcrumbList\",\"@id\":\"https:\/\/www.uni.lu\/fr\/admissions\/bachelor-master\/ba-b\/#breadcrumb\",\"itemListElement\":[{\"@type\":\"ListItem\",\"position\":1,\"name\":\"Home\",\"item\":\"https:\/\/www.uni.lu\/fr\/\"},{\"@type\":\"ListItem\",\"position\":2,\"name\":\"Admissions\",\"item\":\"https:\/\/www.uni.lu\/fr\/admissions\/\"},{\"@type\":\"ListItem\",\"position\":3,\"name\":\"Bachelor &amp; Master\",\"item\":\"https:\/\/www.uni.lu\/fr\/admissions\/bachelor-master\/\"},{\"@type\":\"ListItem\",\"position\":4,\"name\":\"BA-B\"}]},{\"@type\":\"WebSite\",\"@id\":\"https:\/\/www.uni.lu\/fr\/#website\",\"url\":\"https:\/\/www.uni.lu\/fr\/\",\"name\":\"Uni.lu\",\"description\":\"Universit\u00e9 du Luxembourg\",\"publisher\":{\"@id\":\"https:\/\/www.uni.lu\/fr\/#organization\"},\"alternateName\":\"Universit\u00e9 du Luxembourg\",\"potentialAction\":[{\"@type\":\"SearchAction\",\"target\":{\"@type\":\"EntryPoint\",\"urlTemplate\":\"https:\/\/www.uni.lu\/fr\/?s={search_term_string}\"},\"query-input\":\"required name=search_term_string\"}],\"inLanguage\":\"fr-FR\"},{\"@type\":\"Organization\",\"@id\":\"https:\/\/www.uni.lu\/fr\/#organization\",\"name\":\"Universit\u00e9 du Luxembourg\",\"alternateName\":\"Uni.lu\",\"url\":\"https:\/\/www.uni.lu\/fr\/\",\"logo\":{\"@type\":\"ImageObject\",\"inLanguage\":\"fr-FR\",\"@id\":\"https:\/\/www.uni.lu\/fr\/#\/schema\/logo\/image\/\",\"url\":\"https:\/\/www.uni.lu\/wp-content\/uploads\/sites\/11\/2026\/03\/03120045\/UNIV_SM-Profile_1600x1600px-scaled.jpg\",\"contentUrl\":\"https:\/\/www.uni.lu\/wp-content\/uploads\/sites\/11\/2026\/03\/03120045\/UNIV_SM-Profile_1600x1600px-scaled.jpg\",\"width\":2560,\"height\":2560,\"caption\":\"Universit\u00e9 du Luxembourg\"},\"image\":{\"@id\":\"https:\/\/www.uni.lu\/fr\/#\/schema\/logo\/image\/\"},\"sameAs\":[\"https:\/\/www.facebook.com\/uni.lu\",\"https:\/\/www.linkedin.com\/school\/university-of-luxembourg\/\",\"https:\/\/www.instagram.com\/uni.lu\",\"https:\/\/www.youtube.com\/@uni_lu\",\"https:\/\/en.wikipedia.org\/wiki\/University_of_Luxembourg\"]}]}<\/script>\n<!-- \/ Yoast SEO Premium plugin. -->","yoast_head_json":{"title":"BA-B - Universit\u00e9 du Luxembourg","description":"BA-B: Vous souhaitez postuler \u00e0 un programme de Bachelor Vous \u00eates citoyen UE\/EEE\/Suisse ou citoyen hors UE titulaire d\u2019un titre de s\u00e9jour luxembourgeois valide","robots":{"index":"index","follow":"follow","max-snippet":"max-snippet:-1","max-image-preview":"max-image-preview:large","max-video-preview":"max-video-preview:-1"},"canonical":"https:\/\/www.uni.lu\/fr\/admissions\/bachelor-master\/ba-b\/","og_locale":"fr_FR","og_type":"article","og_title":"BA-B","og_description":"BA-B: Vous souhaitez postuler \u00e0 un programme de Bachelor Vous \u00eates citoyen UE\/EEE\/Suisse ou citoyen hors UE titulaire d\u2019un titre de s\u00e9jour luxembourgeois valide","og_url":"https:\/\/www.uni.lu\/fr\/admissions\/bachelor-master\/ba-b\/","og_site_name":"UNI FR","article_publisher":"https:\/\/www.facebook.com\/uni.lu","article_modified_time":"2026-03-26T06:36:13+00:00","og_image":[{"width":2560,"height":2560,"url":"https:\/\/www.uni.lu\/wp-content\/uploads\/sites\/11\/2026\/03\/03120045\/UNIV_SM-Profile_1600x1600px-scaled.jpg","type":"image\/jpeg"}],"twitter_card":"summary_large_image","twitter_misc":{"Dur\u00e9e de lecture estim\u00e9e":"3 minutes"},"schema":{"@context":"https:\/\/schema.org","@graph":[{"@type":"WebPage","@id":"https:\/\/www.uni.lu\/fr\/admissions\/bachelor-master\/ba-b\/","url":"https:\/\/www.uni.lu\/fr\/admissions\/bachelor-master\/ba-b\/","name":"BA-B - Universit\u00e9 du Luxembourg","isPartOf":{"@id":"https:\/\/www.uni.lu\/fr\/#website"},"datePublished":"2023-07-05T16:49:32+00:00","dateModified":"2026-03-26T06:36:13+00:00","description":"BA-B: Vous souhaitez postuler \u00e0 un programme de Bachelor Vous \u00eates citoyen UE\/EEE\/Suisse ou citoyen hors UE titulaire d\u2019un titre de s\u00e9jour luxembourgeois valide","breadcrumb":{"@id":"https:\/\/www.uni.lu\/fr\/admissions\/bachelor-master\/ba-b\/#breadcrumb"},"inLanguage":"fr-FR","potentialAction":[{"@type":"ReadAction","target":["https:\/\/www.uni.lu\/fr\/admissions\/bachelor-master\/ba-b\/"]}]},{"@type":"BreadcrumbList","@id":"https:\/\/www.uni.lu\/fr\/admissions\/bachelor-master\/ba-b\/#breadcrumb","itemListElement":[{"@type":"ListItem","position":1,"name":"Home","item":"https:\/\/www.uni.lu\/fr\/"},{"@type":"ListItem","position":2,"name":"Admissions","item":"https:\/\/www.uni.lu\/fr\/admissions\/"},{"@type":"ListItem","position":3,"name":"Bachelor &amp; Master","item":"https:\/\/www.uni.lu\/fr\/admissions\/bachelor-master\/"},{"@type":"ListItem","position":4,"name":"BA-B"}]},{"@type":"WebSite","@id":"https:\/\/www.uni.lu\/fr\/#website","url":"https:\/\/www.uni.lu\/fr\/","name":"Uni.lu","description":"Universit\u00e9 du Luxembourg","publisher":{"@id":"https:\/\/www.uni.lu\/fr\/#organization"},"alternateName":"Universit\u00e9 du Luxembourg","potentialAction":[{"@type":"SearchAction","target":{"@type":"EntryPoint","urlTemplate":"https:\/\/www.uni.lu\/fr\/?s={search_term_string}"},"query-input":"required name=search_term_string"}],"inLanguage":"fr-FR"},{"@type":"Organization","@id":"https:\/\/www.uni.lu\/fr\/#organization","name":"Universit\u00e9 du Luxembourg","alternateName":"Uni.lu","url":"https:\/\/www.uni.lu\/fr\/","logo":{"@type":"ImageObject","inLanguage":"fr-FR","@id":"https:\/\/www.uni.lu\/fr\/#\/schema\/logo\/image\/","url":"https:\/\/www.uni.lu\/wp-content\/uploads\/sites\/11\/2026\/03\/03120045\/UNIV_SM-Profile_1600x1600px-scaled.jpg","contentUrl":"https:\/\/www.uni.lu\/wp-content\/uploads\/sites\/11\/2026\/03\/03120045\/UNIV_SM-Profile_1600x1600px-scaled.jpg","width":2560,"height":2560,"caption":"Universit\u00e9 du Luxembourg"},"image":{"@id":"https:\/\/www.uni.lu\/fr\/#\/schema\/logo\/image\/"},"sameAs":["https:\/\/www.facebook.com\/uni.lu","https:\/\/www.linkedin.com\/school\/university-of-luxembourg\/","https:\/\/www.instagram.com\/uni.lu","https:\/\/www.youtube.com\/@uni_lu","https:\/\/en.wikipedia.org\/wiki\/University_of_Luxembourg"]}]}},"ticketed":false,"_links":{"self":[{"href":"https:\/\/www.uni.lu\/fr\/wp-json\/wp\/v2\/pages\/42"}],"collection":[{"href":"https:\/\/www.uni.lu\/fr\/wp-json\/wp\/v2\/pages"}],"about":[{"href":"https:\/\/www.uni.lu\/fr\/wp-json\/wp\/v2\/types\/page"}],"author":[{"embeddable":true,"href":"https:\/\/www.uni.lu\/fr\/wp-json\/wp\/v2\/users\/337"}],"replies":[{"embeddable":true,"href":"https:\/\/www.uni.lu\/fr\/wp-json\/wp\/v2\/comments?post=42"}],"version-history":[{"count":5,"href":"https:\/\/www.uni.lu\/fr\/wp-json\/wp\/v2\/pages\/42\/revisions"}],"predecessor-version":[{"id":19160,"href":"https:\/\/www.uni.lu\/fr\/wp-json\/wp\/v2\/pages\/42\/revisions\/19160"}],"up":[{"embeddable":true,"href":"https:\/\/www.uni.lu\/fr\/wp-json\/wp\/v2\/pages\/33"}],"wp:authorship":[{"embeddable":true,"href":"https:\/\/www.uni.lu\/fr\/wp-json\/wp\/v2\/users\/210"},{"embeddable":true,"href":"https:\/\/www.uni.lu\/fr\/wp-json\/wp\/v2\/users\/337"},{"embeddable":true,"href":"https:\/\/www.uni.lu\/fr\/wp-json\/wp\/v2\/users\/68"}],"wp:attachment":[{"href":"https:\/\/www.uni.lu\/fr\/wp-json\/wp\/v2\/media?parent=42"}],"wp:term":[{"taxonomy":"field-of-interest","embeddable":true,"href":"https:\/\/www.uni.lu\/fr\/wp-json\/wp\/v2\/field-of-interest?post=42"},{"taxonomy":"organisation","embeddable":true,"href":"https:\/\/www.uni.lu\/fr\/wp-json\/wp\/v2\/organisation?post=42"}],"curies":[{"name":"wp","href":"https:\/\/api.w.org\/{rel}","templated":true}]}}