{"id":3992,"date":"2023-10-25T13:39:58","date_gmt":"2023-10-25T11:39:58","guid":{"rendered":"https:\/\/www.uni.lu\/fr\/?page_id=3992"},"modified":"2026-02-11T09:35:05","modified_gmt":"2026-02-11T08:35:05","slug":"reconnaissance-des-diplomes","status":"publish","type":"page","link":"https:\/\/www.uni.lu\/fr\/admissions\/reconnaissance-des-diplomes\/","title":{"rendered":"Reconnaissance des dipl\u00f4mes"},"content":{"rendered":"\n<section class=\"py-0 wp-block-unilux-blocks-free-section section\"><div class=\"container xl:max-w-screen-xl\">\n<h1 class=\"has-text-align-left wp-block-unilux-blocks-heading\"        id=\"reconnaissance-des-diplomes\"\n    >\nReconnaissance des dipl\u00f4mes<\/h1>\n\n\n\n<div class=\"wp-block-unilux-blocks-accordion accordion accordion--theme accordion-standard\" data-reference=\"802dce94-5fad-4068-88bd-fb25984da38f\" data-accordion-type=\"standard\"><div class=\"accordion__item  wp-block-unilux-blocks-accordion-item\">\n    <h3 class=\"accordion__header\"\n                    id=\"candidatures-aux-programmes-de-bachelor\"\n        >\n        <button\n            type=\"button\"\n            id=\"accordion-labelledby-89ab55f8-516b-4aaf-907e-a5b9da1c92af\"\n            class=\"accordion__button collapsed\"\n            aria-expanded=\"false\"\n            aria-controls=\"accordion-panel-89ab55f8-516b-4aaf-907e-a5b9da1c92af\"\n            data-bs-toggle=\"collapse\"\n            data-bs-target=\"#accordion-panel-89ab55f8-516b-4aaf-907e-a5b9da1c92af\"\n        >\n            <span class=\"accordion__title\">\n                                <strong>Candidatures aux programmes de Bachelor<\/strong>            <\/span>\n\n            <svg aria-hidden=\"true\" focusable=\"false\" class=\"icon icon-outline icon--arrow-down \"><use xlink:href=\"https:\/\/www.uni.lu\/wp-content\/themes\/unilux-theme\/assets\/images\/icons\/icons-outline.svg#icon--arrow-down\"><\/use><\/svg>        <\/button>\n    <\/h3>\n    <div id=\"accordion-panel-89ab55f8-516b-4aaf-907e-a5b9da1c92af\"\n        class=\"accordion__collapse collapse\"\n        aria-labelledby=\"accordion-labelledby-89ab55f8-516b-4aaf-907e-a5b9da1c92af\"\n        data-bs-parent=\"[data-reference=&quot;802dce94-5fad-4068-88bd-fb25984da38f&quot;]\"\n    >\n        <div class=\"accordion__body \">\n            \n<h2 class=\"has-text-align-left wp-block-unilux-blocks-heading\"        id=\"reconnaissance-des-diplomes-de-fin-detudes-secondaires-equivalence-de-diplome\"\n    >\nReconnaissance des dipl\u00f4mes de fin d\u2019\u00e9tudes secondaires (\u00e9quivalence de dipl\u00f4me)<\/h2>\n\n<p>Tout candidat \u00e0 un programme de Bachelor titulaire d\u2019un dipl\u00f4me de fin d\u2019\u00e9tudes secondaires qui n\u2019a pas \u00e9t\u00e9 d\u00e9livr\u00e9 par le minist\u00e8re luxembourgeois de l\u2019\u00c9ducation nationale doit introduire une demande de reconnaissance de l\u2019<strong>\u00e9quivalence de son dipl\u00f4me<\/strong> aupr\u00e8s du minist\u00e8re luxembourgeois de l\u2019\u00c9ducation nationale, de l\u2019Enfance et de la Jeunesse.<\/p>\n\n<h3 class=\"has-text-align-left wp-block-unilux-blocks-heading\"        id=\"qui-est-concerne\"\n    >\nQui est concern\u00e9\u00a0?<\/h3>\n\n<ul class=\"ulux-list\">\n<li class=\"ulux-list-item\">Tout candidat titulaire des dipl\u00f4mes suivants :\n<ul class=\"ulux-list\">\n<li class=\"ulux-list-item\">Baccalaur\u00e9at international<\/li>\n\n\n\n<li class=\"ulux-list-item\">IGCSE, Niveau AS et Niveau A<\/li>\n\n\n\n<li class=\"ulux-list-item\">Tout dipl\u00f4me non d\u00e9livr\u00e9 par le Minist\u00e8re de l\u2019\u00c9ducation, de l\u2019Enfance et de la Jeunesse (par exemple un dipl\u00f4me fran\u00e7ais ou am\u00e9ricain)<\/li>\n<\/ul>\n<\/li>\n<\/ul>\n\n<ul class=\"ulux-list\">\n<li class=\"ulux-list-item\">Tout candidat provenant des \u00e9tablissements secondaires suivants au Luxembourg qui ne suivent pas le programme officiel du Minist\u00e8re de l\u2019\u00c9ducation nationale luxembourgeois :\n<ul class=\"ulux-list\">\n<li class=\"ulux-list-item\">\u00c9cole Internationale (Baccalaur\u00e9at International)<\/li>\n\n\n\n<li class=\"ulux-list-item\">\u00c9cole priv\u00e9e Grandjean<\/li>\n\n\n\n<li class=\"ulux-list-item\">\u00c9cole internationale St&nbsp;George<\/li>\n\n\n\n<li class=\"ulux-list-item\">Lyc\u00e9e fran\u00e7ais du Luxembourg (Vauban)<\/li>\n\n\n\n<li class=\"ulux-list-item\">Fr\u00e4i-\u00ebffentlech-Waldorfschoul L\u00ebtzebuerg<\/li>\n\n\n\n<li class=\"ulux-list-item\">OTR International School<\/li>\n\n\n\n<li class=\"ulux-list-item\">D\u2019autres \u00e9tablissements peuvent \u00e9galement \u00eatre concern\u00e9s en fonction de leur programme<\/li>\n<\/ul>\n<\/li>\n<\/ul>\n\n<ul class=\"ulux-list\">\n<li class=\"ulux-list-item\">Tout candidat titulaire d\u2019un certificat d\u2019\u00e9tudes secondaires d\u00e9livr\u00e9 par un \u00e9tablissement d\u2019un des pays signataires de la Convention de Paris sur la reconnaissance des dipl\u00f4mes ou de la Convention de reconnaissance de Lisbonne.<\/li>\n\n\n\n<li class=\"ulux-list-item\">Tout candidat titulaire d\u2019un certificat d\u2019\u00e9tudes secondaires d\u00e9livr\u00e9 par un \u00c9tat membre de l\u2019Union europ\u00e9enne.<\/li>\n\n\n\n<li class=\"ulux-list-item\">Tout candidat titulaire d\u2019un dipl\u00f4me obtenu en dehors de l\u2019UE\/EEE.<\/li>\n<\/ul>\n\n<p><strong>Remarque :<\/strong> Cette proc\u00e9dure exige que les candidats soient en possession d\u2019un certificat de r\u00e9ussite de fin d\u2019\u00e9tudes secondaires ou d\u2019un dipl\u00f4me.<\/p>\n\n<ul class=\"wp-block-unilux-blocks-button-list-v2\">\n<li class=\"wp-block-unilux-blocks-button-list-item-v2\"><a class=\"quick-link\" href=\"https:\/\/guichet.public.lu\/fr\/citoyens\/famille-education\/enseignement-secondaire\/jeune-recemment-arrive-pays\/reconnaissance-etudes\/reconnaissance-bac-maturite.html\" target=\"_blank\" role=\"link\" rel=\"noopener\" tabindex=\"0\"><span class=\"quick-link__container\">\n<div class=\"wp-block-unilux-blocks-block-inserter quick-link__img\">\n<div class=\"icon--primary icon--secondary-2 icon--xl wp-block-unilux-blocks-icon-picker\">\n    <svg aria-hidden=\"true\" focusable=\"false\" class=\"icon icon-outline icon--register \"><use xlink:href=\"https:\/\/www.uni.lu\/wp-content\/themes\/unilux-theme\/assets\/images\/icons\/icons-outline.svg#icon--register\"><\/use><\/svg><\/div><\/div>\n\n\n\n<span class=\"quick-link__name wp-block-unilux-blocks-plain-text\">Introduire la demande de reconnaissance de dipl\u00f4me de fin d&rsquo;\u00e9tudes secondaires (\u00e9quivalence)<\/span>\n\n<svg aria-hidden=\"true\" focusable=\"false\" class=\"icon icon-outline icon--external-link \"><use xlink:href=\"https:\/\/www.uni.lu\/wp-content\/themes\/unilux-theme\/assets\/images\/icons\/icons-outline.svg#icon--external-link\"><\/use><\/svg><\/span><\/a><\/li>\n\n\n\n<li class=\"wp-block-unilux-blocks-button-list-item-v2\"><a class=\"quick-link\" href=\"mailto:reconnaissance@men.lu\" target=\"\" role=\"link\" rel=\"noopener\" tabindex=\"0\"><span class=\"quick-link__container\">\n<div class=\"wp-block-unilux-blocks-block-inserter quick-link__img\">\n<div class=\"icon--primary icon--secondary-2 icon--xl wp-block-unilux-blocks-icon-picker\">\n    <svg aria-hidden=\"true\" focusable=\"false\" class=\"icon icon-outline icon--email \"><use xlink:href=\"https:\/\/www.uni.lu\/wp-content\/themes\/unilux-theme\/assets\/images\/icons\/icons-outline.svg#icon--email\"><\/use><\/svg><\/div><\/div>\n\n\n\n<span class=\"quick-link__name wp-block-unilux-blocks-plain-text\">Contacter le minist\u00e8re luxembourgeois de l&rsquo;\u00c9ducation nationale<\/span>\n\n<svg aria-hidden=\"true\" focusable=\"false\" class=\"icon icon-outline icon--external-link \"><use xlink:href=\"https:\/\/www.uni.lu\/wp-content\/themes\/unilux-theme\/assets\/images\/icons\/icons-outline.svg#icon--external-link\"><\/use><\/svg><\/span><\/a><\/li>\n<\/ul>\n        <\/div>\n    <\/div>\n<\/div>\n\n<div class=\"accordion__item  wp-block-unilux-blocks-accordion-item\">\n    <h3 class=\"accordion__header\"\n                    id=\"candidatures-aux-programmes-de-master\"\n        >\n        <button\n            type=\"button\"\n            id=\"accordion-labelledby-03dc9d1c-cd66-4b17-9088-a23415a12c2e\"\n            class=\"accordion__button collapsed\"\n            aria-expanded=\"false\"\n            aria-controls=\"accordion-panel-03dc9d1c-cd66-4b17-9088-a23415a12c2e\"\n            data-bs-toggle=\"collapse\"\n            data-bs-target=\"#accordion-panel-03dc9d1c-cd66-4b17-9088-a23415a12c2e\"\n        >\n            <span class=\"accordion__title\">\n                                <strong>Candidatures aux programmes de Master<\/strong>            <\/span>\n\n            <svg aria-hidden=\"true\" focusable=\"false\" class=\"icon icon-outline icon--arrow-down \"><use xlink:href=\"https:\/\/www.uni.lu\/wp-content\/themes\/unilux-theme\/assets\/images\/icons\/icons-outline.svg#icon--arrow-down\"><\/use><\/svg>        <\/button>\n    <\/h3>\n    <div id=\"accordion-panel-03dc9d1c-cd66-4b17-9088-a23415a12c2e\"\n        class=\"accordion__collapse collapse\"\n        aria-labelledby=\"accordion-labelledby-03dc9d1c-cd66-4b17-9088-a23415a12c2e\"\n        data-bs-parent=\"[data-reference=&quot;802dce94-5fad-4068-88bd-fb25984da38f&quot;]\"\n    >\n        <div class=\"accordion__body \">\n            \n<h2 class=\"has-text-align-left wp-block-unilux-blocks-heading\"        id=\"reconnaissance-des-qualifications-universitaires-ou-de-lenseignement-superieur-inscription-au-registre-des-titres\"\n    >\nReconnaissance des qualifications universitaires ou de l\u2019enseignement sup\u00e9rieur (inscription au registre des titres)<\/h2>\n\n<p>En vue de son inscription dans un programme de Master \u00e0 l\u2019Universit\u00e9 du Luxembourg, tout \u00e9tudiant non titulaire d\u2019un Bachelor correspondant \u00e0 au moins 180&nbsp;ECTS selon le Cadre de Bologne, d\u00e9livr\u00e9 par un \u00e9tablissement d\u2019enseignement sup\u00e9rieur situ\u00e9 dans un autre \u00c9tat membre de l\u2019UE\/EEE ou dans la Conf\u00e9d\u00e9ration suisse, reconnu par les autorit\u00e9s comp\u00e9tentes de cet \u00c9tat et atteste d\u2019une qualification d\u2019enseignement sup\u00e9rieur reconnue par les m\u00eames autorit\u00e9s comp\u00e9tentes, doit demander l\u2019inscription du dipl\u00f4me dans la section Enseignement sup\u00e9rieur du registre des certificats tenu par le minist\u00e8re de l\u2019Enseignement sup\u00e9rieur et de la Recherche du Luxembourg.<\/p>\n\n<p><strong>L&rsquo;inscription au registre des titres n\u2019est pas requise lors de la soumission de votre candidature au programme d\u2019\u00e9tudes choisi<\/strong>, car elle ne peut \u00eatre demand\u00e9e au minist\u00e8re de la Recherche et de l\u2019Enseignement sup\u00e9rieur qu\u2019<strong>apr\u00e8s votre admission \u00e0 l\u2019Universit\u00e9<\/strong>. Pour conna\u00eetre les conditions compl\u00e8tes et obtenir plus d\u2019informations sur la proc\u00e9dure, veuillez consulter le lien ci-dessous :<\/p>\n\n<ul class=\"wp-block-unilux-blocks-button-list-v2\">\n<li class=\"wp-block-unilux-blocks-button-list-item-v2\"><a class=\"quick-link\" href=\"https:\/\/guichet.public.lu\/fr\/citoyens\/famille-education\/etudes-superieures\/reconnaissance-diplomes\/inscription-registre-titres.html\" target=\"_blank\" role=\"link\" rel=\"noopener\" tabindex=\"0\"><span class=\"quick-link__container\">\n<div class=\"wp-block-unilux-blocks-block-inserter quick-link__img\">\n<div class=\"icon--primary icon--secondary-2 icon--xl wp-block-unilux-blocks-icon-picker\">\n    <svg aria-hidden=\"true\" focusable=\"false\" class=\"icon icon-outline icon--register \"><use xlink:href=\"https:\/\/www.uni.lu\/wp-content\/themes\/unilux-theme\/assets\/images\/icons\/icons-outline.svg#icon--register\"><\/use><\/svg><\/div><\/div>\n\n\n\n<span class=\"quick-link__name wp-block-unilux-blocks-plain-text\">Demander l&rsquo;inscription au registre des titres de votre dipl\u00f4me de Bachelor<\/span>\n\n<svg aria-hidden=\"true\" focusable=\"false\" class=\"icon icon-outline icon--external-link \"><use xlink:href=\"https:\/\/www.uni.lu\/wp-content\/themes\/unilux-theme\/assets\/images\/icons\/icons-outline.svg#icon--external-link\"><\/use><\/svg><\/span><\/a><\/li>\n<\/ul>\n        <\/div>\n    <\/div>\n<\/div><\/div>\n\n\n<div class=\"wp-block-unilux-blocks-spacer is-spacer-size-md\"><\/div>\n\n\n<h2 class=\"has-text-align-left wp-block-unilux-blocks-heading\"        id=\"qui-peut-beneficier-de-la-validation-des-acquis-de-lexperience\"\n    >\nQui peut b\u00e9n\u00e9ficier de la validation des acquis de l\u2019exp\u00e9rience\u00a0?<\/h2>\n\n\n\n<ul class=\"wp-block-unilux-blocks-quick-link-underline\">\n    \n<li class=\"wp-block-unilux-blocks-quick-link-underline-item\">\n    <a\n            href=\"https:\/\/www.uni.lu\/fr\/admissions\/validation-des-acquis-de-l-experience\/\"\n            class=\"wp-block-unilux-blocks-anchor\"        target=\"\"\n>\n    \n<span class=\"hero__title__subject wp-block-unilux-blocks-plain-text\">Validation des acquis de l\u2019exp\u00e9rience<\/span><svg aria-hidden=\"true\" focusable=\"false\" class=\"icon icon-outline icon--arrow-right \"><use xlink:href=\"https:\/\/www.uni.lu\/wp-content\/themes\/unilux-theme\/assets\/images\/icons\/icons-outline.svg#icon--arrow-right\"><\/use><\/svg><\/a>\n<\/li>\n<\/ul><\/div><\/section>\n\n\n<section class=\"section section wp-block-unilux-blocks-quick-link-discover-section\">\n    <div class=\"container xl:max-w-screen-xl\">\n        \n<h2 class=\"has-text-align-left wp-block-unilux-blocks-heading\"        id=\"prodecure-dadmission\"\n    >\nProd\u00e9cure d&rsquo;admission<\/h2>\n\n<ul class=\"wp-block-unilux-blocks-quick-link-discover quick-link-list\">\n<li class=\"wp-block-unilux-blocks-quick-link-discover-item\">\n    <a\n                    href=\"https:\/\/www.uni.lu\/fr\/admissions\/bachelor-master\/#documents-requis\"\n                    class=\"quick-link\"\n            target=\"\"\n    >\n            <span class=\"quick-link__container\">\n                <span class=\"quick-link__text\">\n                    Quels sont les autres documents requis ?                <\/span>\n                <svg aria-hidden=\"true\" focusable=\"false\" class=\"icon icon-outline icon--arrow-right \"><use xlink:href=\"https:\/\/www.uni.lu\/wp-content\/themes\/unilux-theme\/assets\/images\/icons\/icons-outline.svg#icon--arrow-right\"><\/use><\/svg>            <\/span>\n    <\/a>\n<\/li>\n<\/ul>\n    <\/div>\n<\/section>","protected":false},"excerpt":{"rendered":"","protected":false},"author":68,"featured_media":0,"parent":13,"menu_order":0,"comment_status":"closed","ping_status":"closed","template":"","meta":{"featured_image_focal_point":[],"show_featured_caption":false,"ulux_newsletter_groups":"","uluxPostTitle":"Admissions","uluxPrePostTitle":"","_trash_the_other_posts":false,"_price":"","_stock":"","_tribe_ticket_header":"","_tribe_default_ticket_provider":"","_tribe_ticket_capacity":"0","_ticket_start_date":"","_ticket_end_date":"","_tribe_ticket_show_description":"","_tribe_ticket_show_not_going":false,"_tribe_ticket_use_global_stock":"","_tribe_ticket_global_stock_level":"","_global_stock_mode":"","_global_stock_cap":"","_tribe_rsvp_for_event":"","_tribe_ticket_going_count":"","_tribe_ticket_not_going_count":"","_tribe_tickets_list":"[]","_tribe_ticket_has_attendee_info_fields":false,"footnotes":""},"field-of-interest":[],"organisation":[],"authorship":[68,210,337],"acf":[],"yoast_head":"<!-- This site is optimized with the Yoast SEO Premium plugin v22.3 (Yoast SEO v22.3) - https:\/\/yoast.com\/wordpress\/plugins\/seo\/ -->\n<title>Reconnaissance des dipl\u00f4mes - Universit\u00e9 du Luxembourg<\/title>\n<meta name=\"description\" content=\"Reconnaissance des dipl\u00f4mes, es certificats de fin d\u2019\u00e9tudes secondaires, et des qualifications universitaires ou de l\u2019enseignement sup\u00e9rieur.\" \/>\n<meta name=\"robots\" content=\"index, follow, max-snippet:-1, max-image-preview:large, max-video-preview:-1\" \/>\n<link rel=\"canonical\" href=\"https:\/\/www.uni.lu\/fr\/admissions\/reconnaissance-des-diplomes\/\" \/>\n<meta property=\"og:locale\" content=\"fr_FR\" \/>\n<meta property=\"og:type\" content=\"article\" \/>\n<meta property=\"og:title\" content=\"Reconnaissance des dipl\u00f4mes\" \/>\n<meta property=\"og:description\" content=\"Reconnaissance des dipl\u00f4mes, es certificats de fin d\u2019\u00e9tudes secondaires, et des qualifications universitaires ou de l\u2019enseignement sup\u00e9rieur.\" \/>\n<meta property=\"og:url\" content=\"https:\/\/www.uni.lu\/fr\/admissions\/reconnaissance-des-diplomes\/\" \/>\n<meta property=\"og:site_name\" content=\"UNI FR\" \/>\n<meta property=\"article:publisher\" content=\"https:\/\/www.facebook.com\/uni.lu\" \/>\n<meta property=\"article:modified_time\" content=\"2026-02-11T08:35:05+00:00\" \/>\n<meta property=\"og:image\" content=\"https:\/\/www.uni.lu\/wp-content\/uploads\/sites\/11\/2026\/03\/03120045\/UNIV_SM-Profile_1600x1600px-scaled.jpg\" \/>\n\t<meta property=\"og:image:width\" content=\"2560\" \/>\n\t<meta property=\"og:image:height\" content=\"2560\" \/>\n\t<meta property=\"og:image:type\" content=\"image\/jpeg\" \/>\n<meta name=\"twitter:card\" content=\"summary_large_image\" \/>\n<meta name=\"twitter:label1\" content=\"Dur\u00e9e de lecture estim\u00e9e\" \/>\n\t<meta name=\"twitter:data1\" content=\"2 minutes\" \/>\n<script type=\"application\/ld+json\" class=\"yoast-schema-graph\">{\"@context\":\"https:\/\/schema.org\",\"@graph\":[{\"@type\":\"WebPage\",\"@id\":\"https:\/\/www.uni.lu\/fr\/admissions\/reconnaissance-des-diplomes\/\",\"url\":\"https:\/\/www.uni.lu\/fr\/admissions\/reconnaissance-des-diplomes\/\",\"name\":\"Reconnaissance des dipl\u00f4mes - Universit\u00e9 du Luxembourg\",\"isPartOf\":{\"@id\":\"https:\/\/www.uni.lu\/fr\/#website\"},\"datePublished\":\"2023-10-25T11:39:58+00:00\",\"dateModified\":\"2026-02-11T08:35:05+00:00\",\"description\":\"Reconnaissance des dipl\u00f4mes, es certificats de fin d\u2019\u00e9tudes secondaires, et des qualifications universitaires ou de l\u2019enseignement sup\u00e9rieur.\",\"breadcrumb\":{\"@id\":\"https:\/\/www.uni.lu\/fr\/admissions\/reconnaissance-des-diplomes\/#breadcrumb\"},\"inLanguage\":\"fr-FR\",\"potentialAction\":[{\"@type\":\"ReadAction\",\"target\":[\"https:\/\/www.uni.lu\/fr\/admissions\/reconnaissance-des-diplomes\/\"]}]},{\"@type\":\"BreadcrumbList\",\"@id\":\"https:\/\/www.uni.lu\/fr\/admissions\/reconnaissance-des-diplomes\/#breadcrumb\",\"itemListElement\":[{\"@type\":\"ListItem\",\"position\":1,\"name\":\"Home\",\"item\":\"https:\/\/www.uni.lu\/fr\/\"},{\"@type\":\"ListItem\",\"position\":2,\"name\":\"Admissions\",\"item\":\"https:\/\/www.uni.lu\/fr\/admissions\/\"},{\"@type\":\"ListItem\",\"position\":3,\"name\":\"Reconnaissance des dipl\u00f4mes\"}]},{\"@type\":\"WebSite\",\"@id\":\"https:\/\/www.uni.lu\/fr\/#website\",\"url\":\"https:\/\/www.uni.lu\/fr\/\",\"name\":\"Uni.lu\",\"description\":\"Universit\u00e9 du Luxembourg\",\"publisher\":{\"@id\":\"https:\/\/www.uni.lu\/fr\/#organization\"},\"alternateName\":\"Universit\u00e9 du Luxembourg\",\"potentialAction\":[{\"@type\":\"SearchAction\",\"target\":{\"@type\":\"EntryPoint\",\"urlTemplate\":\"https:\/\/www.uni.lu\/fr\/?s={search_term_string}\"},\"query-input\":\"required name=search_term_string\"}],\"inLanguage\":\"fr-FR\"},{\"@type\":\"Organization\",\"@id\":\"https:\/\/www.uni.lu\/fr\/#organization\",\"name\":\"Universit\u00e9 du Luxembourg\",\"alternateName\":\"Uni.lu\",\"url\":\"https:\/\/www.uni.lu\/fr\/\",\"logo\":{\"@type\":\"ImageObject\",\"inLanguage\":\"fr-FR\",\"@id\":\"https:\/\/www.uni.lu\/fr\/#\/schema\/logo\/image\/\",\"url\":\"https:\/\/www.uni.lu\/wp-content\/uploads\/sites\/11\/2026\/03\/03120045\/UNIV_SM-Profile_1600x1600px-scaled.jpg\",\"contentUrl\":\"https:\/\/www.uni.lu\/wp-content\/uploads\/sites\/11\/2026\/03\/03120045\/UNIV_SM-Profile_1600x1600px-scaled.jpg\",\"width\":2560,\"height\":2560,\"caption\":\"Universit\u00e9 du Luxembourg\"},\"image\":{\"@id\":\"https:\/\/www.uni.lu\/fr\/#\/schema\/logo\/image\/\"},\"sameAs\":[\"https:\/\/www.facebook.com\/uni.lu\",\"https:\/\/www.linkedin.com\/school\/university-of-luxembourg\/\",\"https:\/\/www.instagram.com\/uni.lu\",\"https:\/\/www.youtube.com\/@uni_lu\",\"https:\/\/en.wikipedia.org\/wiki\/University_of_Luxembourg\"]}]}<\/script>\n<!-- \/ Yoast SEO Premium plugin. -->","yoast_head_json":{"title":"Reconnaissance des dipl\u00f4mes - Universit\u00e9 du Luxembourg","description":"Reconnaissance des dipl\u00f4mes, es certificats de fin d\u2019\u00e9tudes secondaires, et des qualifications universitaires ou de l\u2019enseignement sup\u00e9rieur.","robots":{"index":"index","follow":"follow","max-snippet":"max-snippet:-1","max-image-preview":"max-image-preview:large","max-video-preview":"max-video-preview:-1"},"canonical":"https:\/\/www.uni.lu\/fr\/admissions\/reconnaissance-des-diplomes\/","og_locale":"fr_FR","og_type":"article","og_title":"Reconnaissance des dipl\u00f4mes","og_description":"Reconnaissance des dipl\u00f4mes, es certificats de fin d\u2019\u00e9tudes secondaires, et des qualifications universitaires ou de l\u2019enseignement sup\u00e9rieur.","og_url":"https:\/\/www.uni.lu\/fr\/admissions\/reconnaissance-des-diplomes\/","og_site_name":"UNI FR","article_publisher":"https:\/\/www.facebook.com\/uni.lu","article_modified_time":"2026-02-11T08:35:05+00:00","og_image":[{"width":2560,"height":2560,"url":"https:\/\/www.uni.lu\/wp-content\/uploads\/sites\/11\/2026\/03\/03120045\/UNIV_SM-Profile_1600x1600px-scaled.jpg","type":"image\/jpeg"}],"twitter_card":"summary_large_image","twitter_misc":{"Dur\u00e9e de lecture estim\u00e9e":"2 minutes"},"schema":{"@context":"https:\/\/schema.org","@graph":[{"@type":"WebPage","@id":"https:\/\/www.uni.lu\/fr\/admissions\/reconnaissance-des-diplomes\/","url":"https:\/\/www.uni.lu\/fr\/admissions\/reconnaissance-des-diplomes\/","name":"Reconnaissance des dipl\u00f4mes - Universit\u00e9 du Luxembourg","isPartOf":{"@id":"https:\/\/www.uni.lu\/fr\/#website"},"datePublished":"2023-10-25T11:39:58+00:00","dateModified":"2026-02-11T08:35:05+00:00","description":"Reconnaissance des dipl\u00f4mes, es certificats de fin d\u2019\u00e9tudes secondaires, et des qualifications universitaires ou de l\u2019enseignement sup\u00e9rieur.","breadcrumb":{"@id":"https:\/\/www.uni.lu\/fr\/admissions\/reconnaissance-des-diplomes\/#breadcrumb"},"inLanguage":"fr-FR","potentialAction":[{"@type":"ReadAction","target":["https:\/\/www.uni.lu\/fr\/admissions\/reconnaissance-des-diplomes\/"]}]},{"@type":"BreadcrumbList","@id":"https:\/\/www.uni.lu\/fr\/admissions\/reconnaissance-des-diplomes\/#breadcrumb","itemListElement":[{"@type":"ListItem","position":1,"name":"Home","item":"https:\/\/www.uni.lu\/fr\/"},{"@type":"ListItem","position":2,"name":"Admissions","item":"https:\/\/www.uni.lu\/fr\/admissions\/"},{"@type":"ListItem","position":3,"name":"Reconnaissance des dipl\u00f4mes"}]},{"@type":"WebSite","@id":"https:\/\/www.uni.lu\/fr\/#website","url":"https:\/\/www.uni.lu\/fr\/","name":"Uni.lu","description":"Universit\u00e9 du Luxembourg","publisher":{"@id":"https:\/\/www.uni.lu\/fr\/#organization"},"alternateName":"Universit\u00e9 du Luxembourg","potentialAction":[{"@type":"SearchAction","target":{"@type":"EntryPoint","urlTemplate":"https:\/\/www.uni.lu\/fr\/?s={search_term_string}"},"query-input":"required name=search_term_string"}],"inLanguage":"fr-FR"},{"@type":"Organization","@id":"https:\/\/www.uni.lu\/fr\/#organization","name":"Universit\u00e9 du Luxembourg","alternateName":"Uni.lu","url":"https:\/\/www.uni.lu\/fr\/","logo":{"@type":"ImageObject","inLanguage":"fr-FR","@id":"https:\/\/www.uni.lu\/fr\/#\/schema\/logo\/image\/","url":"https:\/\/www.uni.lu\/wp-content\/uploads\/sites\/11\/2026\/03\/03120045\/UNIV_SM-Profile_1600x1600px-scaled.jpg","contentUrl":"https:\/\/www.uni.lu\/wp-content\/uploads\/sites\/11\/2026\/03\/03120045\/UNIV_SM-Profile_1600x1600px-scaled.jpg","width":2560,"height":2560,"caption":"Universit\u00e9 du Luxembourg"},"image":{"@id":"https:\/\/www.uni.lu\/fr\/#\/schema\/logo\/image\/"},"sameAs":["https:\/\/www.facebook.com\/uni.lu","https:\/\/www.linkedin.com\/school\/university-of-luxembourg\/","https:\/\/www.instagram.com\/uni.lu","https:\/\/www.youtube.com\/@uni_lu","https:\/\/en.wikipedia.org\/wiki\/University_of_Luxembourg"]}]}},"ticketed":false,"_links":{"self":[{"href":"https:\/\/www.uni.lu\/fr\/wp-json\/wp\/v2\/pages\/3992"}],"collection":[{"href":"https:\/\/www.uni.lu\/fr\/wp-json\/wp\/v2\/pages"}],"about":[{"href":"https:\/\/www.uni.lu\/fr\/wp-json\/wp\/v2\/types\/page"}],"author":[{"embeddable":true,"href":"https:\/\/www.uni.lu\/fr\/wp-json\/wp\/v2\/users\/68"}],"replies":[{"embeddable":true,"href":"https:\/\/www.uni.lu\/fr\/wp-json\/wp\/v2\/comments?post=3992"}],"version-history":[{"count":5,"href":"https:\/\/www.uni.lu\/fr\/wp-json\/wp\/v2\/pages\/3992\/revisions"}],"predecessor-version":[{"id":18530,"href":"https:\/\/www.uni.lu\/fr\/wp-json\/wp\/v2\/pages\/3992\/revisions\/18530"}],"up":[{"embeddable":true,"href":"https:\/\/www.uni.lu\/fr\/wp-json\/wp\/v2\/pages\/13"}],"wp:authorship":[{"embeddable":true,"href":"https:\/\/www.uni.lu\/fr\/wp-json\/wp\/v2\/users\/68"},{"embeddable":true,"href":"https:\/\/www.uni.lu\/fr\/wp-json\/wp\/v2\/users\/210"},{"embeddable":true,"href":"https:\/\/www.uni.lu\/fr\/wp-json\/wp\/v2\/users\/337"}],"wp:attachment":[{"href":"https:\/\/www.uni.lu\/fr\/wp-json\/wp\/v2\/media?parent=3992"}],"wp:term":[{"taxonomy":"field-of-interest","embeddable":true,"href":"https:\/\/www.uni.lu\/fr\/wp-json\/wp\/v2\/field-of-interest?post=3992"},{"taxonomy":"organisation","embeddable":true,"href":"https:\/\/www.uni.lu\/fr\/wp-json\/wp\/v2\/organisation?post=3992"}],"curies":[{"name":"wp","href":"https:\/\/api.w.org\/{rel}","templated":true}]}}