{"id":3898,"date":"2023-10-25T09:55:20","date_gmt":"2023-10-25T07:55:20","guid":{"rendered":"https:\/\/www.uni.lu\/fr\/?page_id=3898"},"modified":"2026-03-26T07:36:14","modified_gmt":"2026-03-26T06:36:14","slug":"documents-requis","status":"publish","type":"page","link":"https:\/\/www.uni.lu\/fr\/admissions\/bachelor-master\/documents-requis\/","title":{"rendered":"Documents requis"},"content":{"rendered":"\n<section class=\"wp-block-unilux-blocks-free-section section\"><div class=\"container xl:max-w-screen-xl\">\n<h1 class=\"has-text-align-left wp-block-unilux-blocks-heading\"        id=\"documents-requis\"\n    >\nDocuments requis<\/h1>\n\n\n\n<p>Nous vous recommandons de pr\u00e9parer tous les documents requis avant de commencer votre candidature. Les documents n\u00e9cessaires d\u00e9pendent du programme d\u2019\u00e9tudes choisi et de votre parcours. Vous trouverez ci-dessous une <strong>liste des documents les plus fr\u00e9quemment demand\u00e9s<\/strong>. Cette liste n\u2019est pas exhaustive et <strong>le programme choisi peut n\u00e9cessiter des documents suppl\u00e9mentaires<\/strong>. Lors de votre candidature, le syst\u00e8me indiquera les documents que vous devez t\u00e9l\u00e9charger pour pouvoir postuler au programme d\u2019\u00e9tudes choisi.<\/p>\n\n\n\n<p>Tous les documents doivent \u00eatre t\u00e9l\u00e9charg\u00e9s au <strong>format PDF, JPG ou PNG<\/strong>.<strong> Taille maximale par document&nbsp;: 5&nbsp;Mo.<\/strong><\/p>\n\n\n\n<div class=\"icon--primary icon--secondary-2 icon--2xl wp-block-unilux-blocks-icon-picker\">\n    <svg aria-hidden=\"true\" focusable=\"false\" class=\"icon icon-outline icon--warning \"><use xlink:href=\"https:\/\/www.uni.lu\/wp-content\/themes\/unilux-theme\/assets\/images\/icons\/icons-outline.svg#icon--warning\"><\/use><\/svg><\/div>\n\n<div class=\"wp-block-unilux-blocks-spacer is-spacer-size-sm\"><\/div>\n\n\n<p><strong>Pour les \u00e9tudiants issus d\u2019un pays non-membre de l&rsquo;Union europ\u00e9enne :<\/strong> En cas d&rsquo;acceptation de votre candidature, vous devrez faire une demande de <strong>casier judiciaire<\/strong> afin de proc\u00e9der \u00e0 votre d\u00e9marche d&rsquo;immigration. <strong>Nous vous recommandons<\/strong> de demander le casier judiciaire de votre pays de r\u00e9sidence \u00e0 l&rsquo;avance afin d&rsquo;acc\u00e9l\u00e9rer la proc\u00e9dure aupr\u00e8s du Minist\u00e8re des Affaires \u00e9trang\u00e8res. Nous vous sugg\u00e9rons de faire cette demande au plus tard d\u00e9but avril, m\u00eame si vous n&rsquo;avez pas encore re\u00e7u le r\u00e9sultat de votre candidature.<\/p>\n\n\n<div class=\"wp-block-unilux-blocks-spacer is-spacer-size-sm\"><\/div>\n\n\n<p><strong><strong>Documents les plus fr\u00e9quemment demand\u00e9s<\/strong><\/strong><\/p>\n\n\n\n<div class=\"wp-block-columns is-layout-flex wp-block-columns-is-layout-flex\">\n<div class=\"wp-block-column is-layout-flow wp-block-column-is-layout-flow\">\n<p><strong><strong>Pour les candidatures au Bachelor<\/strong><\/strong><\/p>\n\n\n\n<ul class=\"ulux-list\">\n<li class=\"ulux-list-item\">Une photo d\u2019identit\u00e9<\/li>\n\n\n\n<li class=\"ulux-list-item\">Une copie de votre carte d\u2019identit\u00e9 ou de votre passeport<\/li>\n\n\n\n<li class=\"ulux-list-item\">Une copie de votre carte europ\u00e9enne d\u2019assurance maladie (recto verso)&nbsp;; les \u00e9tudiants hors&nbsp;UE peuvent obtenir cette carte moyennant le paiement des frais \u00e0 leur arriv\u00e9e au Luxembourg<\/li>\n\n\n\n<li class=\"ulux-list-item\">Une copie de votre certificat de fin d\u2019\u00e9tudes secondaires (veuillez consulter les crit\u00e8res d\u2019\u00e9ligibilit\u00e9 pour conna\u00eetre ceux qui s\u2019appliquent \u00e0 votre situation)<\/li>\n\n\n\n<li class=\"ulux-list-item\">Une copie du document reconnaissant l\u2019\u00e9quivalence pour les certificats de fin d\u2019\u00e9tudes secondaires non luxembourgeois (voir la page Reconnaissance des dipl\u00f4mes)<\/li>\n\n\n\n<li class=\"ulux-list-item\">Une traduction du dipl\u00f4me s\u2019il a \u00e9t\u00e9 \u00e9tabli dans une langue autre que l\u2019anglais, le fran\u00e7ais ou l\u2019allemand<\/li>\n\n\n\n<li class=\"ulux-list-item\">Une copie du relev\u00e9 de notes d\u00e9taill\u00e9 de votre certificat de fin d\u2019\u00e9tudes secondaires<\/li>\n\n\n\n<li class=\"ulux-list-item\">Une copie des r\u00e9sultats obtenus aux semestres pr\u00e9c\u00e9dents<\/li>\n\n\n\n<li class=\"ulux-list-item\">Un certificat de langue pour toutes les langues d\u2019enseignement utilis\u00e9es dans le programme (<a href=\"https:\/\/www.uni.lu\/fr\/admissions\/justificatif-de-competences-linguistiques\/\">En savoir plus sur les certificats que nous acceptons<\/a>)<\/li>\n<\/ul>\n<\/div>\n\n\n\n<div class=\"wp-block-column is-layout-flow wp-block-column-is-layout-flow\">\n<p><strong><strong>Pour les candidatures au Master<\/strong><\/strong><\/p>\n\n\n\n<ul class=\"ulux-list\">\n<li class=\"ulux-list-item\">Une photo d\u2019identit\u00e9<\/li>\n\n\n\n<li class=\"ulux-list-item\">Une copie de votre carte d\u2019identit\u00e9 ou de votre passeport<\/li>\n\n\n\n<li class=\"ulux-list-item\">Une copie de votre carte europ\u00e9enne d\u2019assurance maladie (recto verso)&nbsp;; les \u00e9tudiants hors&nbsp;UE peuvent obtenir cette carte moyennant le paiement des frais \u00e0 leur arriv\u00e9e au Luxembourg<\/li>\n\n\n\n<li class=\"ulux-list-item\">Une copie de votre certificat de dipl\u00f4me universitaire (veuillez consulter les crit\u00e8res d\u2019\u00e9ligibilit\u00e9 pour conna\u00eetre ceux qui s\u2019appliquent \u00e0 votre situation)<\/li>\n\n\n\n<li class=\"ulux-list-item\">Une traduction du dipl\u00f4me s\u2019il a \u00e9t\u00e9 \u00e9tabli dans une langue autre que l\u2019anglais, le fran\u00e7ais ou l\u2019allemand<\/li>\n\n\n\n<li class=\"ulux-list-item\">Un relev\u00e9 de notes d\u00e9taill\u00e9 de toutes les notes obtenues pour votre Bachelor<\/li>\n\n\n\n<li class=\"ulux-list-item\">Si vous avez obtenu votre dipl\u00f4me dans un pays qui n\u2019est pas membre de l\u2019Union europ\u00e9enne, une copie de la reconnaissance ou de l\u2019accr\u00e9ditation de votre dipl\u00f4me le plus \u00e9lev\u00e9 (ce document est demand\u00e9 apr\u00e8s votre acceptation \u00e0 l\u2019Universit\u00e9)<\/li>\n\n\n\n<li class=\"ulux-list-item\">Un certificat de langue pour toutes les langues d\u2019enseignement utilis\u00e9es dans le programme (<a href=\"https:\/\/www.uni.lu\/fr\/admissions\/justificatif-de-competences-linguistiques\/\">En savoir plus sur les certificats que nous acceptons<\/a>)<\/li>\n<\/ul>\n<\/div>\n<\/div>\n\n\n\n<p><em><em>Dans certains cas, nous demandons \u00e9galement&nbsp;:<\/em><\/em><\/p>\n\n\n\n<ul class=\"ulux-list\">\n<li class=\"ulux-list-item\">Une lettre de motivation (expliquant pourquoi vous \u00eates int\u00e9ress\u00e9 par le domaine ou la formation pour laquelle vous postulez, pr\u00e9cisant vos objectifs de carri\u00e8re, etc.)<\/li>\n\n\n\n<li class=\"ulux-list-item\">Un curriculum vitae d\u00e9taill\u00e9<\/li>\n\n\n\n<li class=\"ulux-list-item\">Les coordonn\u00e9es compl\u00e8tes de deux r\u00e9f\u00e9rents<\/li>\n\n\n\n<li class=\"ulux-list-item\">Une lettre de recommandation<\/li>\n<\/ul>\n<\/div><\/section>\n","protected":false},"excerpt":{"rendered":"","protected":false},"author":337,"featured_media":0,"parent":33,"menu_order":0,"comment_status":"closed","ping_status":"closed","template":"","meta":{"featured_image_focal_point":[],"show_featured_caption":false,"ulux_newsletter_groups":"","uluxPostTitle":"Programmes de Bachelor et de Master","uluxPrePostTitle":"Admissions","_trash_the_other_posts":false,"_price":"","_stock":"","_tribe_ticket_header":"","_tribe_default_ticket_provider":"","_tribe_ticket_capacity":"0","_ticket_start_date":"","_ticket_end_date":"","_tribe_ticket_show_description":"","_tribe_ticket_show_not_going":false,"_tribe_ticket_use_global_stock":"","_tribe_ticket_global_stock_level":"","_global_stock_mode":"","_global_stock_cap":"","_tribe_rsvp_for_event":"","_tribe_ticket_going_count":"","_tribe_ticket_not_going_count":"","_tribe_tickets_list":"[]","_tribe_ticket_has_attendee_info_fields":false,"footnotes":""},"field-of-interest":[],"organisation":[],"authorship":[210,337,68],"acf":[],"yoast_head":"<!-- This site is optimized with the Yoast SEO Premium plugin v22.3 (Yoast SEO v22.3) - https:\/\/yoast.com\/wordpress\/plugins\/seo\/ -->\n<title>Documents requis - Universit\u00e9 du Luxembourg<\/title>\n<meta name=\"description\" content=\"Nous vous recommandons de pr\u00e9parer tous les documents requis avant de commencer votre candidature \u00e0 l&#039;Universit\u00e9 du Luxembourg.\" \/>\n<meta name=\"robots\" content=\"index, follow, max-snippet:-1, max-image-preview:large, max-video-preview:-1\" \/>\n<link rel=\"canonical\" href=\"https:\/\/www.uni.lu\/fr\/admissions\/bachelor-master\/documents-requis\/\" \/>\n<meta property=\"og:locale\" content=\"fr_FR\" \/>\n<meta property=\"og:type\" content=\"article\" \/>\n<meta property=\"og:title\" content=\"Documents requis\" \/>\n<meta property=\"og:description\" content=\"Nous vous recommandons de pr\u00e9parer tous les documents requis avant de commencer votre candidature \u00e0 l&#039;Universit\u00e9 du Luxembourg.\" \/>\n<meta property=\"og:url\" content=\"https:\/\/www.uni.lu\/fr\/admissions\/bachelor-master\/documents-requis\/\" \/>\n<meta property=\"og:site_name\" content=\"UNI FR\" \/>\n<meta property=\"article:publisher\" content=\"https:\/\/www.facebook.com\/uni.lu\" \/>\n<meta property=\"article:modified_time\" content=\"2026-03-26T06:36:14+00:00\" \/>\n<meta property=\"og:image\" content=\"https:\/\/www.uni.lu\/wp-content\/uploads\/sites\/11\/2026\/03\/03120045\/UNIV_SM-Profile_1600x1600px-scaled.jpg\" \/>\n\t<meta property=\"og:image:width\" content=\"2560\" \/>\n\t<meta property=\"og:image:height\" content=\"2560\" \/>\n\t<meta property=\"og:image:type\" content=\"image\/jpeg\" \/>\n<meta name=\"twitter:card\" content=\"summary_large_image\" \/>\n<meta name=\"twitter:label1\" content=\"Dur\u00e9e de lecture estim\u00e9e\" \/>\n\t<meta name=\"twitter:data1\" content=\"3 minutes\" \/>\n<script type=\"application\/ld+json\" class=\"yoast-schema-graph\">{\"@context\":\"https:\/\/schema.org\",\"@graph\":[{\"@type\":\"WebPage\",\"@id\":\"https:\/\/www.uni.lu\/fr\/admissions\/bachelor-master\/documents-requis\/\",\"url\":\"https:\/\/www.uni.lu\/fr\/admissions\/bachelor-master\/documents-requis\/\",\"name\":\"Documents requis - Universit\u00e9 du Luxembourg\",\"isPartOf\":{\"@id\":\"https:\/\/www.uni.lu\/fr\/#website\"},\"datePublished\":\"2023-10-25T07:55:20+00:00\",\"dateModified\":\"2026-03-26T06:36:14+00:00\",\"description\":\"Nous vous recommandons de pr\u00e9parer tous les documents requis avant de commencer votre candidature \u00e0 l'Universit\u00e9 du Luxembourg.\",\"breadcrumb\":{\"@id\":\"https:\/\/www.uni.lu\/fr\/admissions\/bachelor-master\/documents-requis\/#breadcrumb\"},\"inLanguage\":\"fr-FR\",\"potentialAction\":[{\"@type\":\"ReadAction\",\"target\":[\"https:\/\/www.uni.lu\/fr\/admissions\/bachelor-master\/documents-requis\/\"]}]},{\"@type\":\"BreadcrumbList\",\"@id\":\"https:\/\/www.uni.lu\/fr\/admissions\/bachelor-master\/documents-requis\/#breadcrumb\",\"itemListElement\":[{\"@type\":\"ListItem\",\"position\":1,\"name\":\"Home\",\"item\":\"https:\/\/www.uni.lu\/fr\/\"},{\"@type\":\"ListItem\",\"position\":2,\"name\":\"Admissions\",\"item\":\"https:\/\/www.uni.lu\/fr\/admissions\/\"},{\"@type\":\"ListItem\",\"position\":3,\"name\":\"Bachelor &amp; Master\",\"item\":\"https:\/\/www.uni.lu\/fr\/admissions\/bachelor-master\/\"},{\"@type\":\"ListItem\",\"position\":4,\"name\":\"Documents requis\"}]},{\"@type\":\"WebSite\",\"@id\":\"https:\/\/www.uni.lu\/fr\/#website\",\"url\":\"https:\/\/www.uni.lu\/fr\/\",\"name\":\"Uni.lu\",\"description\":\"Universit\u00e9 du Luxembourg\",\"publisher\":{\"@id\":\"https:\/\/www.uni.lu\/fr\/#organization\"},\"alternateName\":\"Universit\u00e9 du Luxembourg\",\"potentialAction\":[{\"@type\":\"SearchAction\",\"target\":{\"@type\":\"EntryPoint\",\"urlTemplate\":\"https:\/\/www.uni.lu\/fr\/?s={search_term_string}\"},\"query-input\":\"required name=search_term_string\"}],\"inLanguage\":\"fr-FR\"},{\"@type\":\"Organization\",\"@id\":\"https:\/\/www.uni.lu\/fr\/#organization\",\"name\":\"Universit\u00e9 du Luxembourg\",\"alternateName\":\"Uni.lu\",\"url\":\"https:\/\/www.uni.lu\/fr\/\",\"logo\":{\"@type\":\"ImageObject\",\"inLanguage\":\"fr-FR\",\"@id\":\"https:\/\/www.uni.lu\/fr\/#\/schema\/logo\/image\/\",\"url\":\"https:\/\/www.uni.lu\/wp-content\/uploads\/sites\/11\/2026\/03\/03120045\/UNIV_SM-Profile_1600x1600px-scaled.jpg\",\"contentUrl\":\"https:\/\/www.uni.lu\/wp-content\/uploads\/sites\/11\/2026\/03\/03120045\/UNIV_SM-Profile_1600x1600px-scaled.jpg\",\"width\":2560,\"height\":2560,\"caption\":\"Universit\u00e9 du Luxembourg\"},\"image\":{\"@id\":\"https:\/\/www.uni.lu\/fr\/#\/schema\/logo\/image\/\"},\"sameAs\":[\"https:\/\/www.facebook.com\/uni.lu\",\"https:\/\/www.linkedin.com\/school\/university-of-luxembourg\/\",\"https:\/\/www.instagram.com\/uni.lu\",\"https:\/\/www.youtube.com\/@uni_lu\",\"https:\/\/en.wikipedia.org\/wiki\/University_of_Luxembourg\"]}]}<\/script>\n<!-- \/ Yoast SEO Premium plugin. -->","yoast_head_json":{"title":"Documents requis - Universit\u00e9 du Luxembourg","description":"Nous vous recommandons de pr\u00e9parer tous les documents requis avant de commencer votre candidature \u00e0 l'Universit\u00e9 du Luxembourg.","robots":{"index":"index","follow":"follow","max-snippet":"max-snippet:-1","max-image-preview":"max-image-preview:large","max-video-preview":"max-video-preview:-1"},"canonical":"https:\/\/www.uni.lu\/fr\/admissions\/bachelor-master\/documents-requis\/","og_locale":"fr_FR","og_type":"article","og_title":"Documents requis","og_description":"Nous vous recommandons de pr\u00e9parer tous les documents requis avant de commencer votre candidature \u00e0 l'Universit\u00e9 du Luxembourg.","og_url":"https:\/\/www.uni.lu\/fr\/admissions\/bachelor-master\/documents-requis\/","og_site_name":"UNI FR","article_publisher":"https:\/\/www.facebook.com\/uni.lu","article_modified_time":"2026-03-26T06:36:14+00:00","og_image":[{"width":2560,"height":2560,"url":"https:\/\/www.uni.lu\/wp-content\/uploads\/sites\/11\/2026\/03\/03120045\/UNIV_SM-Profile_1600x1600px-scaled.jpg","type":"image\/jpeg"}],"twitter_card":"summary_large_image","twitter_misc":{"Dur\u00e9e de lecture estim\u00e9e":"3 minutes"},"schema":{"@context":"https:\/\/schema.org","@graph":[{"@type":"WebPage","@id":"https:\/\/www.uni.lu\/fr\/admissions\/bachelor-master\/documents-requis\/","url":"https:\/\/www.uni.lu\/fr\/admissions\/bachelor-master\/documents-requis\/","name":"Documents requis - Universit\u00e9 du Luxembourg","isPartOf":{"@id":"https:\/\/www.uni.lu\/fr\/#website"},"datePublished":"2023-10-25T07:55:20+00:00","dateModified":"2026-03-26T06:36:14+00:00","description":"Nous vous recommandons de pr\u00e9parer tous les documents requis avant de commencer votre candidature \u00e0 l'Universit\u00e9 du Luxembourg.","breadcrumb":{"@id":"https:\/\/www.uni.lu\/fr\/admissions\/bachelor-master\/documents-requis\/#breadcrumb"},"inLanguage":"fr-FR","potentialAction":[{"@type":"ReadAction","target":["https:\/\/www.uni.lu\/fr\/admissions\/bachelor-master\/documents-requis\/"]}]},{"@type":"BreadcrumbList","@id":"https:\/\/www.uni.lu\/fr\/admissions\/bachelor-master\/documents-requis\/#breadcrumb","itemListElement":[{"@type":"ListItem","position":1,"name":"Home","item":"https:\/\/www.uni.lu\/fr\/"},{"@type":"ListItem","position":2,"name":"Admissions","item":"https:\/\/www.uni.lu\/fr\/admissions\/"},{"@type":"ListItem","position":3,"name":"Bachelor &amp; Master","item":"https:\/\/www.uni.lu\/fr\/admissions\/bachelor-master\/"},{"@type":"ListItem","position":4,"name":"Documents requis"}]},{"@type":"WebSite","@id":"https:\/\/www.uni.lu\/fr\/#website","url":"https:\/\/www.uni.lu\/fr\/","name":"Uni.lu","description":"Universit\u00e9 du Luxembourg","publisher":{"@id":"https:\/\/www.uni.lu\/fr\/#organization"},"alternateName":"Universit\u00e9 du Luxembourg","potentialAction":[{"@type":"SearchAction","target":{"@type":"EntryPoint","urlTemplate":"https:\/\/www.uni.lu\/fr\/?s={search_term_string}"},"query-input":"required name=search_term_string"}],"inLanguage":"fr-FR"},{"@type":"Organization","@id":"https:\/\/www.uni.lu\/fr\/#organization","name":"Universit\u00e9 du Luxembourg","alternateName":"Uni.lu","url":"https:\/\/www.uni.lu\/fr\/","logo":{"@type":"ImageObject","inLanguage":"fr-FR","@id":"https:\/\/www.uni.lu\/fr\/#\/schema\/logo\/image\/","url":"https:\/\/www.uni.lu\/wp-content\/uploads\/sites\/11\/2026\/03\/03120045\/UNIV_SM-Profile_1600x1600px-scaled.jpg","contentUrl":"https:\/\/www.uni.lu\/wp-content\/uploads\/sites\/11\/2026\/03\/03120045\/UNIV_SM-Profile_1600x1600px-scaled.jpg","width":2560,"height":2560,"caption":"Universit\u00e9 du Luxembourg"},"image":{"@id":"https:\/\/www.uni.lu\/fr\/#\/schema\/logo\/image\/"},"sameAs":["https:\/\/www.facebook.com\/uni.lu","https:\/\/www.linkedin.com\/school\/university-of-luxembourg\/","https:\/\/www.instagram.com\/uni.lu","https:\/\/www.youtube.com\/@uni_lu","https:\/\/en.wikipedia.org\/wiki\/University_of_Luxembourg"]}]}},"ticketed":false,"_links":{"self":[{"href":"https:\/\/www.uni.lu\/fr\/wp-json\/wp\/v2\/pages\/3898"}],"collection":[{"href":"https:\/\/www.uni.lu\/fr\/wp-json\/wp\/v2\/pages"}],"about":[{"href":"https:\/\/www.uni.lu\/fr\/wp-json\/wp\/v2\/types\/page"}],"author":[{"embeddable":true,"href":"https:\/\/www.uni.lu\/fr\/wp-json\/wp\/v2\/users\/337"}],"replies":[{"embeddable":true,"href":"https:\/\/www.uni.lu\/fr\/wp-json\/wp\/v2\/comments?post=3898"}],"version-history":[{"count":5,"href":"https:\/\/www.uni.lu\/fr\/wp-json\/wp\/v2\/pages\/3898\/revisions"}],"predecessor-version":[{"id":12231,"href":"https:\/\/www.uni.lu\/fr\/wp-json\/wp\/v2\/pages\/3898\/revisions\/12231"}],"up":[{"embeddable":true,"href":"https:\/\/www.uni.lu\/fr\/wp-json\/wp\/v2\/pages\/33"}],"wp:authorship":[{"embeddable":true,"href":"https:\/\/www.uni.lu\/fr\/wp-json\/wp\/v2\/users\/210"},{"embeddable":true,"href":"https:\/\/www.uni.lu\/fr\/wp-json\/wp\/v2\/users\/337"},{"embeddable":true,"href":"https:\/\/www.uni.lu\/fr\/wp-json\/wp\/v2\/users\/68"}],"wp:attachment":[{"href":"https:\/\/www.uni.lu\/fr\/wp-json\/wp\/v2\/media?parent=3898"}],"wp:term":[{"taxonomy":"field-of-interest","embeddable":true,"href":"https:\/\/www.uni.lu\/fr\/wp-json\/wp\/v2\/field-of-interest?post=3898"},{"taxonomy":"organisation","embeddable":true,"href":"https:\/\/www.uni.lu\/fr\/wp-json\/wp\/v2\/organisation?post=3898"}],"curies":[{"name":"wp","href":"https:\/\/api.w.org\/{rel}","templated":true}]}}