{"id":3563,"date":"2023-10-19T13:40:38","date_gmt":"2023-10-19T11:40:38","guid":{"rendered":"https:\/\/www.uni.lu\/fr\/?page_id=3563"},"modified":"2026-03-02T16:32:58","modified_gmt":"2026-03-02T15:32:58","slug":"commission-consultative-d-ethique","status":"publish","type":"page","link":"https:\/\/www.uni.lu\/fr\/a-propos\/gouvernance\/commission-consultative-d-ethique\/","title":{"rendered":"Commission consultative d&rsquo;\u00e9thique"},"content":{"rendered":"<section class=\"section section pb-0 wp-block-unilux-blocks-page-intro py-0\">\n    \n<div class=\"wp-block-unilux-blocks-wrapper container xl:max-w-screen-xl\">\n<div class=\"wp-block-unilux-blocks-wrapper flex flex-wrap -mx-16\">\n<div class=\"wp-block-unilux-blocks-wrapper flex-1 mb-48 px-16\">\n<h1 class=\"has-text-align-left wp-block-unilux-blocks-heading\"        id=\"commission-consultative-dethique\"\n    >\n\u200bCommission consultative d&rsquo;\u00e9thique<\/h1>\n\n\n\n<p>M\u00eane des enqu\u00eates et propose des conseils sur les question d&rsquo;\u00e9thique li\u00e9es \u00e0 la communaut\u00e9 universitaire, sur demande du Conseil universitaire ou du rectorat.<br><br>La Commission donne suit aux plaintes, par exemple en dirigeant des enqu\u00eates ou des requ\u00eates suite \u00e0 des soup\u00e7ons ou des all\u00e9gations de discrimination ou harc\u00e8lement contre les professeurs, les \u00e9tudiants ou les visiteurs.<br><br><em>Comit\u00e9 en cours de cr\u00e9ation<\/em><\/p>\n\n\n\n<ul class=\"wp-block-unilux-blocks-custom-buttons btn-list\"><\/ul>\n<\/div>\n\n\n\n<div class=\"wp-block-unilux-blocks-wrapper w-full md:w-auto px-16\">\n<div class=\"wp-block-unilux-blocks-wrapper flex flex-col items-center\">\n<h2 class=\"text-h4 has-text-align-left wp-block-unilux-blocks-heading\"        id=\"telecharger\"\n    >\nT\u00e9l\u00e9charger<\/h2>\n\n\n<a class=\"wp-block-unilux-blocks-button-highlight-square\"\n    href=\"https:\/\/www.uni.lu\/wp-content\/uploads\/sites\/9\/2023\/07\/University-of-Luxembourg-Policy-on-Ethics-in-Research_102012.pdf\"\n    target=\"_blank\"\n>\n    <span class=\"btn-highlight-square__container\">\n        <div class=\"btn-highlight-square__body\">\n    <svg aria-hidden=\"true\" focusable=\"false\" class=\"icon icon-outline icon--download-link icon--xl\"><use xlink:href=\"https:\/\/www.uni.lu\/wp-content\/themes\/unilux-theme\/assets\/images\/icons\/icons-outline.svg#icon--download-link\"><\/use><\/svg>    <span class=\"btn btn--dark\">\n        \n<span class=\"btn__name wp-block-unilux-blocks-plain-text\">La politique de l&rsquo;Universit\u00e9 du Luxembourg sur l&rsquo;\u00e9thique de recherche (EN)<\/span>    <\/span>\n<\/div><figure class=\"wp-block-dev4-reusable-blocks-image image-bg object-fit--contain\">\n    \n<img decoding=\"async\" class=\"wp-block-image unilux-custom-image-block\"\n                alt=\"\"\n            src=\"https:\/\/www.uni.lu\/wp-content\/uploads\/sites\/11\/2026\/03\/01193553\/universite-du-luxembourg-logo.svg\"\n                    style=\"object-position: 52.00% 0.00%; font-family: &quot;object-fit: contain; object-position: 52.00% 0.00%;&quot;; aspect-ratio: 3\/4; object-fit: contain; width: 75%;\"\n        loading=\"lazy\"\n\/>    <\/figure>    <\/span>\n<\/a><\/div>\n<\/div>\n<\/div>\n<\/div>\n<\/section>\n\n\n<section class=\"wp-block-unilux-blocks-free-section section\"><div class=\"container xl:max-w-screen-xl\">\n<h3 class=\"has-text-align-left wp-block-unilux-blocks-heading\"        id=\"coordonnees\"\n    >\nCoordonn\u00e9es<\/h3>\n\n\n<div class=\"icon-info-wrapper\">\n    <ul class=\"wp-block-unilux-blocks-icon-info\">\n        <li class=\"wp-block-unilux-blocks-icon-info-item\">\n    \n<div class=\"wp-block-unilux-blocks-wrapper icon-info\">\n<div class=\"icon--primary icon--secondary-2  wp-block-unilux-blocks-icon-picker\">\n    <svg aria-hidden=\"true\" focusable=\"false\" class=\"icon icon-outline icon--email \"><use xlink:href=\"https:\/\/www.uni.lu\/wp-content\/themes\/unilux-theme\/assets\/images\/icons\/icons-outline.svg#icon--email\"><\/use><\/svg><\/div>\n\n\n<p class=\"has-1-125-rem-font-size\"><a href=\"mailto:cce@uni.lu\" target=\"_blank\" rel=\"noreferrer noopener\">cce@uni.lu<\/a><\/p>\n<\/div>\n<\/li>\n    <\/ul>\n<\/div>\n<\/div><\/section>\n","protected":false},"excerpt":{"rendered":"","protected":false},"author":33,"featured_media":0,"parent":2579,"menu_order":9,"comment_status":"closed","ping_status":"closed","template":"","meta":{"featured_image_focal_point":[],"show_featured_caption":false,"ulux_newsletter_groups":"","uluxPostTitle":"","uluxPrePostTitle":"","_trash_the_other_posts":false,"_price":"","_stock":"","_tribe_ticket_header":"","_tribe_default_ticket_provider":"","_tribe_ticket_capacity":"0","_ticket_start_date":"","_ticket_end_date":"","_tribe_ticket_show_description":"","_tribe_ticket_show_not_going":false,"_tribe_ticket_use_global_stock":"","_tribe_ticket_global_stock_level":"","_global_stock_mode":"","_global_stock_cap":"","_tribe_rsvp_for_event":"","_tribe_ticket_going_count":"","_tribe_ticket_not_going_count":"","_tribe_tickets_list":"[]","_tribe_ticket_has_attendee_info_fields":false,"footnotes":""},"field-of-interest":[],"organisation":[],"authorship":[33],"acf":[],"yoast_head":"<!-- This site is optimized with the Yoast SEO Premium plugin v22.3 (Yoast SEO v22.3) - https:\/\/yoast.com\/wordpress\/plugins\/seo\/ -->\n<title>Commission consultative d&#039;\u00e9thique - Universit\u00e9 du Luxembourg<\/title>\n<meta name=\"description\" content=\"La Commission consultative d&#039;\u00e9thique m\u00eane des enqu\u00eates et propose des conseils sur les question d&#039;\u00e9thique li\u00e9es \u00e0 la communaut\u00e9 universitaire\" \/>\n<meta name=\"robots\" content=\"index, follow, max-snippet:-1, max-image-preview:large, max-video-preview:-1\" \/>\n<link rel=\"canonical\" href=\"https:\/\/www.uni.lu\/fr\/a-propos\/gouvernance\/commission-consultative-d-ethique\/\" \/>\n<meta property=\"og:locale\" content=\"fr_FR\" \/>\n<meta property=\"og:type\" content=\"article\" \/>\n<meta property=\"og:title\" content=\"Commission consultative d&#039;\u00e9thique\" \/>\n<meta property=\"og:description\" content=\"La Commission consultative d&#039;\u00e9thique m\u00eane des enqu\u00eates et propose des conseils sur les question d&#039;\u00e9thique li\u00e9es \u00e0 la communaut\u00e9 universitaire\" \/>\n<meta property=\"og:url\" content=\"https:\/\/www.uni.lu\/fr\/a-propos\/gouvernance\/commission-consultative-d-ethique\/\" \/>\n<meta property=\"og:site_name\" content=\"UNI FR\" \/>\n<meta property=\"article:publisher\" content=\"https:\/\/www.facebook.com\/uni.lu\" \/>\n<meta property=\"article:modified_time\" content=\"2026-03-02T15:32:58+00:00\" \/>\n<meta property=\"og:image\" content=\"https:\/\/www.uni.lu\/wp-content\/uploads\/sites\/11\/2026\/03\/03120045\/UNIV_SM-Profile_1600x1600px-scaled.jpg\" \/>\n\t<meta property=\"og:image:width\" content=\"2560\" \/>\n\t<meta property=\"og:image:height\" content=\"2560\" \/>\n\t<meta property=\"og:image:type\" content=\"image\/jpeg\" \/>\n<meta name=\"twitter:card\" content=\"summary_large_image\" \/>\n<meta name=\"twitter:label1\" content=\"Dur\u00e9e de lecture estim\u00e9e\" \/>\n\t<meta name=\"twitter:data1\" content=\"1 minute\" \/>\n<script type=\"application\/ld+json\" class=\"yoast-schema-graph\">{\"@context\":\"https:\/\/schema.org\",\"@graph\":[{\"@type\":\"WebPage\",\"@id\":\"https:\/\/www.uni.lu\/fr\/a-propos\/gouvernance\/commission-consultative-d-ethique\/\",\"url\":\"https:\/\/www.uni.lu\/fr\/a-propos\/gouvernance\/commission-consultative-d-ethique\/\",\"name\":\"Commission consultative d'\u00e9thique - Universit\u00e9 du Luxembourg\",\"isPartOf\":{\"@id\":\"https:\/\/www.uni.lu\/fr\/#website\"},\"datePublished\":\"2023-10-19T11:40:38+00:00\",\"dateModified\":\"2026-03-02T15:32:58+00:00\",\"description\":\"La Commission consultative d'\u00e9thique m\u00eane des enqu\u00eates et propose des conseils sur les question d'\u00e9thique li\u00e9es \u00e0 la communaut\u00e9 universitaire\",\"breadcrumb\":{\"@id\":\"https:\/\/www.uni.lu\/fr\/a-propos\/gouvernance\/commission-consultative-d-ethique\/#breadcrumb\"},\"inLanguage\":\"fr-FR\",\"potentialAction\":[{\"@type\":\"ReadAction\",\"target\":[\"https:\/\/www.uni.lu\/fr\/a-propos\/gouvernance\/commission-consultative-d-ethique\/\"]}]},{\"@type\":\"BreadcrumbList\",\"@id\":\"https:\/\/www.uni.lu\/fr\/a-propos\/gouvernance\/commission-consultative-d-ethique\/#breadcrumb\",\"itemListElement\":[{\"@type\":\"ListItem\",\"position\":1,\"name\":\"Home\",\"item\":\"https:\/\/www.uni.lu\/fr\/\"},{\"@type\":\"ListItem\",\"position\":2,\"name\":\"\u00c0 propos\",\"item\":\"https:\/\/www.uni.lu\/fr\/a-propos\/\"},{\"@type\":\"ListItem\",\"position\":3,\"name\":\"Gouvernance\",\"item\":\"https:\/\/www.uni.lu\/fr\/a-propos\/gouvernance\/\"},{\"@type\":\"ListItem\",\"position\":4,\"name\":\"Commission consultative d'\u00e9thique\"}]},{\"@type\":\"WebSite\",\"@id\":\"https:\/\/www.uni.lu\/fr\/#website\",\"url\":\"https:\/\/www.uni.lu\/fr\/\",\"name\":\"Uni.lu\",\"description\":\"Universit\u00e9 du Luxembourg\",\"publisher\":{\"@id\":\"https:\/\/www.uni.lu\/fr\/#organization\"},\"alternateName\":\"Universit\u00e9 du Luxembourg\",\"potentialAction\":[{\"@type\":\"SearchAction\",\"target\":{\"@type\":\"EntryPoint\",\"urlTemplate\":\"https:\/\/www.uni.lu\/fr\/?s={search_term_string}\"},\"query-input\":\"required name=search_term_string\"}],\"inLanguage\":\"fr-FR\"},{\"@type\":\"Organization\",\"@id\":\"https:\/\/www.uni.lu\/fr\/#organization\",\"name\":\"Universit\u00e9 du Luxembourg\",\"alternateName\":\"Uni.lu\",\"url\":\"https:\/\/www.uni.lu\/fr\/\",\"logo\":{\"@type\":\"ImageObject\",\"inLanguage\":\"fr-FR\",\"@id\":\"https:\/\/www.uni.lu\/fr\/#\/schema\/logo\/image\/\",\"url\":\"https:\/\/www.uni.lu\/wp-content\/uploads\/sites\/11\/2026\/03\/03120045\/UNIV_SM-Profile_1600x1600px-scaled.jpg\",\"contentUrl\":\"https:\/\/www.uni.lu\/wp-content\/uploads\/sites\/11\/2026\/03\/03120045\/UNIV_SM-Profile_1600x1600px-scaled.jpg\",\"width\":2560,\"height\":2560,\"caption\":\"Universit\u00e9 du Luxembourg\"},\"image\":{\"@id\":\"https:\/\/www.uni.lu\/fr\/#\/schema\/logo\/image\/\"},\"sameAs\":[\"https:\/\/www.facebook.com\/uni.lu\",\"https:\/\/www.linkedin.com\/school\/university-of-luxembourg\/\",\"https:\/\/www.instagram.com\/uni.lu\",\"https:\/\/www.youtube.com\/@uni_lu\",\"https:\/\/en.wikipedia.org\/wiki\/University_of_Luxembourg\"]}]}<\/script>\n<!-- \/ Yoast SEO Premium plugin. -->","yoast_head_json":{"title":"Commission consultative d'\u00e9thique - Universit\u00e9 du Luxembourg","description":"La Commission consultative d'\u00e9thique m\u00eane des enqu\u00eates et propose des conseils sur les question d'\u00e9thique li\u00e9es \u00e0 la communaut\u00e9 universitaire","robots":{"index":"index","follow":"follow","max-snippet":"max-snippet:-1","max-image-preview":"max-image-preview:large","max-video-preview":"max-video-preview:-1"},"canonical":"https:\/\/www.uni.lu\/fr\/a-propos\/gouvernance\/commission-consultative-d-ethique\/","og_locale":"fr_FR","og_type":"article","og_title":"Commission consultative d'\u00e9thique","og_description":"La Commission consultative d'\u00e9thique m\u00eane des enqu\u00eates et propose des conseils sur les question d'\u00e9thique li\u00e9es \u00e0 la communaut\u00e9 universitaire","og_url":"https:\/\/www.uni.lu\/fr\/a-propos\/gouvernance\/commission-consultative-d-ethique\/","og_site_name":"UNI FR","article_publisher":"https:\/\/www.facebook.com\/uni.lu","article_modified_time":"2026-03-02T15:32:58+00:00","og_image":[{"width":2560,"height":2560,"url":"https:\/\/www.uni.lu\/wp-content\/uploads\/sites\/11\/2026\/03\/03120045\/UNIV_SM-Profile_1600x1600px-scaled.jpg","type":"image\/jpeg"}],"twitter_card":"summary_large_image","twitter_misc":{"Dur\u00e9e de lecture estim\u00e9e":"1 minute"},"schema":{"@context":"https:\/\/schema.org","@graph":[{"@type":"WebPage","@id":"https:\/\/www.uni.lu\/fr\/a-propos\/gouvernance\/commission-consultative-d-ethique\/","url":"https:\/\/www.uni.lu\/fr\/a-propos\/gouvernance\/commission-consultative-d-ethique\/","name":"Commission consultative d'\u00e9thique - Universit\u00e9 du Luxembourg","isPartOf":{"@id":"https:\/\/www.uni.lu\/fr\/#website"},"datePublished":"2023-10-19T11:40:38+00:00","dateModified":"2026-03-02T15:32:58+00:00","description":"La Commission consultative d'\u00e9thique m\u00eane des enqu\u00eates et propose des conseils sur les question d'\u00e9thique li\u00e9es \u00e0 la communaut\u00e9 universitaire","breadcrumb":{"@id":"https:\/\/www.uni.lu\/fr\/a-propos\/gouvernance\/commission-consultative-d-ethique\/#breadcrumb"},"inLanguage":"fr-FR","potentialAction":[{"@type":"ReadAction","target":["https:\/\/www.uni.lu\/fr\/a-propos\/gouvernance\/commission-consultative-d-ethique\/"]}]},{"@type":"BreadcrumbList","@id":"https:\/\/www.uni.lu\/fr\/a-propos\/gouvernance\/commission-consultative-d-ethique\/#breadcrumb","itemListElement":[{"@type":"ListItem","position":1,"name":"Home","item":"https:\/\/www.uni.lu\/fr\/"},{"@type":"ListItem","position":2,"name":"\u00c0 propos","item":"https:\/\/www.uni.lu\/fr\/a-propos\/"},{"@type":"ListItem","position":3,"name":"Gouvernance","item":"https:\/\/www.uni.lu\/fr\/a-propos\/gouvernance\/"},{"@type":"ListItem","position":4,"name":"Commission consultative d'\u00e9thique"}]},{"@type":"WebSite","@id":"https:\/\/www.uni.lu\/fr\/#website","url":"https:\/\/www.uni.lu\/fr\/","name":"Uni.lu","description":"Universit\u00e9 du Luxembourg","publisher":{"@id":"https:\/\/www.uni.lu\/fr\/#organization"},"alternateName":"Universit\u00e9 du Luxembourg","potentialAction":[{"@type":"SearchAction","target":{"@type":"EntryPoint","urlTemplate":"https:\/\/www.uni.lu\/fr\/?s={search_term_string}"},"query-input":"required name=search_term_string"}],"inLanguage":"fr-FR"},{"@type":"Organization","@id":"https:\/\/www.uni.lu\/fr\/#organization","name":"Universit\u00e9 du Luxembourg","alternateName":"Uni.lu","url":"https:\/\/www.uni.lu\/fr\/","logo":{"@type":"ImageObject","inLanguage":"fr-FR","@id":"https:\/\/www.uni.lu\/fr\/#\/schema\/logo\/image\/","url":"https:\/\/www.uni.lu\/wp-content\/uploads\/sites\/11\/2026\/03\/03120045\/UNIV_SM-Profile_1600x1600px-scaled.jpg","contentUrl":"https:\/\/www.uni.lu\/wp-content\/uploads\/sites\/11\/2026\/03\/03120045\/UNIV_SM-Profile_1600x1600px-scaled.jpg","width":2560,"height":2560,"caption":"Universit\u00e9 du Luxembourg"},"image":{"@id":"https:\/\/www.uni.lu\/fr\/#\/schema\/logo\/image\/"},"sameAs":["https:\/\/www.facebook.com\/uni.lu","https:\/\/www.linkedin.com\/school\/university-of-luxembourg\/","https:\/\/www.instagram.com\/uni.lu","https:\/\/www.youtube.com\/@uni_lu","https:\/\/en.wikipedia.org\/wiki\/University_of_Luxembourg"]}]}},"ticketed":false,"_links":{"self":[{"href":"https:\/\/www.uni.lu\/fr\/wp-json\/wp\/v2\/pages\/3563"}],"collection":[{"href":"https:\/\/www.uni.lu\/fr\/wp-json\/wp\/v2\/pages"}],"about":[{"href":"https:\/\/www.uni.lu\/fr\/wp-json\/wp\/v2\/types\/page"}],"author":[{"embeddable":true,"href":"https:\/\/www.uni.lu\/fr\/wp-json\/wp\/v2\/users\/33"}],"replies":[{"embeddable":true,"href":"https:\/\/www.uni.lu\/fr\/wp-json\/wp\/v2\/comments?post=3563"}],"version-history":[{"count":5,"href":"https:\/\/www.uni.lu\/fr\/wp-json\/wp\/v2\/pages\/3563\/revisions"}],"predecessor-version":[{"id":18802,"href":"https:\/\/www.uni.lu\/fr\/wp-json\/wp\/v2\/pages\/3563\/revisions\/18802"}],"up":[{"embeddable":true,"href":"https:\/\/www.uni.lu\/fr\/wp-json\/wp\/v2\/pages\/2579"}],"wp:authorship":[{"embeddable":true,"href":"https:\/\/www.uni.lu\/fr\/wp-json\/wp\/v2\/users\/33"}],"wp:attachment":[{"href":"https:\/\/www.uni.lu\/fr\/wp-json\/wp\/v2\/media?parent=3563"}],"wp:term":[{"taxonomy":"field-of-interest","embeddable":true,"href":"https:\/\/www.uni.lu\/fr\/wp-json\/wp\/v2\/field-of-interest?post=3563"},{"taxonomy":"organisation","embeddable":true,"href":"https:\/\/www.uni.lu\/fr\/wp-json\/wp\/v2\/organisation?post=3563"}],"curies":[{"name":"wp","href":"https:\/\/api.w.org\/{rel}","templated":true}]}}