{"id":3494,"date":"2023-10-17T15:40:27","date_gmt":"2023-10-17T13:40:27","guid":{"rendered":"https:\/\/www.uni.lu\/fr\/?page_id=3494"},"modified":"2025-11-04T08:31:10","modified_gmt":"2025-11-04T07:31:10","slug":"service-des-finances-et-de-la-comptabilite","status":"publish","type":"page","link":"https:\/\/www.uni.lu\/fr\/a-propos\/organisation\/administration\/service-des-finances-et-de-la-comptabilite\/","title":{"rendered":"\u200bService des finances et de la comptabilit\u00e9 (SFC)"},"content":{"rendered":"<section class=\"section section pb-0 wp-block-unilux-blocks-page-intro py-0\">\n    \n<div class=\"wp-block-unilux-blocks-wrapper container xl:max-w-screen-xl\">\n<div class=\"wp-block-unilux-blocks-wrapper flex flex-wrap -mx-16\">\n<div class=\"wp-block-unilux-blocks-wrapper flex-1 mb-48 px-16\">\n<h1 class=\"has-text-align-left wp-block-unilux-blocks-heading\"        id=\"service-des-finances-et-de-la-comptabilite-sfc\"\n    >\n\u200bService des finances et de la comptabilit\u00e9 (SFC)<\/h1>\n\n\n\n<p>Le Service des Finances et de la Comptabilit\u00e9 (SFC) participe activement au pilotage de l\u2019Universit\u00e9. Il en comptabilise les op\u00e9rations et g\u00e8re la planification et le reporting de ses activit\u00e9s, afin de fournir des informations sur la sant\u00e9 financi\u00e8re et comptable de l\u2019Universit\u00e9, aider \u00e0 la d\u00e9cision en mettant en avant les donn\u00e9es pertinentes et de permettre \u00e0 l\u2019Universit\u00e9 d\u2019utiliser au mieux ses ressources financi\u00e8res.<\/p>\n\n\n\n<ul class=\"wp-block-unilux-blocks-custom-buttons btn-list\"><\/ul>\n<\/div>\n\n\n\n<div class=\"wp-block-unilux-blocks-wrapper w-full md:w-auto px-16\">\n<div class=\"wp-block-unilux-blocks-wrapper flex flex-col items-center\">\n<h2 class=\"text-h4 has-text-align-left wp-block-unilux-blocks-heading\"    >\n<\/h2>\n\n\n<a class=\"wp-block-unilux-blocks-button-highlight-square\"\n    href=\"https:\/\/www.uni.lu\/wp-content\/uploads\/sites\/9\/2025\/11\/04082944\/2025-11-03-orgchart-SFC-EN.pdf\"\n    target=\"_blank\"\n>\n    <span class=\"btn-highlight-square__container\">\n        <div class=\"btn-highlight-square__body\">\n    <svg aria-hidden=\"true\" focusable=\"false\" class=\"icon icon-outline icon--download-link icon--xl\"><use xlink:href=\"https:\/\/www.uni.lu\/wp-content\/themes\/unilux-theme\/assets\/images\/icons\/icons-outline.svg#icon--download-link\"><\/use><\/svg>    <span class=\"btn btn--dark\">\n        \n<span class=\"btn__name wp-block-unilux-blocks-plain-text\">Organigramme (EN)<\/span>    <\/span>\n<\/div><figure class=\"wp-block-dev4-reusable-blocks-image image-bg object-fit--cover\">\n    \n<img decoding=\"async\" class=\"wp-block-image unilux-custom-image-block\"\n                alt=\"\"\n            src=\"https:\/\/www.uni.lu\/wp-content\/uploads\/sites\/9\/2023\/08\/pdf-download.png\"\n                    style=\"object-position: 50.00% 50.00%; font-family: &quot;object-fit: cover; object-position: 50.00% 50.00%;&quot;; aspect-ratio: 3\/4; object-fit: cover; width: 100%;\"\n        loading=\"lazy\"\n\/>    <\/figure>    <\/span>\n<\/a><\/div>\n<\/div>\n<\/div>\n<\/div>\n<\/section>\n\n\n<section class=\"wp-block-unilux-blocks-free-section section\"><div class=\"container xl:max-w-screen-xl\">\n<p>Les diff\u00e9rentes activit\u00e9s du SFC sont organis\u00e9es comme suit :<\/p>\n\n\n\n<p><strong>Unit\u00e9 Comptablilit\u00e9 :<\/strong><\/p>\n\n\n\n<ul class=\"ulux-list\">\n<li class=\"ulux-list-item\"><strong>Front office<\/strong>&nbsp;&#8211; Traitement des questions et demandes d&rsquo;information, des factures \u00e9lectroniques et des rappels fournisseurs<\/li>\n\n\n\n<li class=\"ulux-list-item\"><strong>Back office<\/strong>&nbsp;&#8211; Traitement des documents entrants, des op\u00e9rations comptables g\u00e9n\u00e9rales et analytiques, \u00e9mission des factures clients et pr\u00e9paration des paiements<\/li>\n\n\n\n<li class=\"ulux-list-item\"><strong>Closing office<\/strong>&nbsp;&#8211; Op\u00e9rations de cl\u00f4ture, d\u00e9clarations de TVA et intrastat, \u00e9tablissement des comptes annuels et des bilans, assistance aux audits l\u00e9gaux<\/li>\n<\/ul>\n\n\n\n<p><strong>Unit\u00e9 Finances :<\/strong> Gestion de la tr\u00e9sorerie et des op\u00e9rations bancaires<\/p>\n\n\n\n<p><strong>Unit\u00e9 Planification et contr\u00f4le financier :<\/strong> Pr\u00e9paration des budgets, contr\u00f4le de l&rsquo;ex\u00e9cution budg\u00e9taire, structuration et rapports budg\u00e9taires<\/p>\n\n\n\n<p><strong>Unit\u00e9 fiscalit\u00e9 :<\/strong> Toute question fiscale (TVA, etc.) relative \u00e0 l\u2019Universit\u00e9<\/p>\n\n\n\n<p>Pour de plus amples informations, n\u2019h\u00e9sitez pas \u00e0 contacter le Front Office du SFC via<\/p>\n\n\n<div class=\"icon-info-wrapper\">\n    <ul class=\"wp-block-unilux-blocks-icon-info\">\n        <li class=\"wp-block-unilux-blocks-icon-info-item\">\n    \n<div class=\"wp-block-unilux-blocks-wrapper icon-info\">\n\n<div class=\"icon--primary icon--secondary-2  wp-block-unilux-blocks-icon-picker\">\n    <svg aria-hidden=\"true\" focusable=\"false\" class=\"icon icon-outline icon--email \"><use xlink:href=\"https:\/\/www.uni.lu\/wp-content\/themes\/unilux-theme\/assets\/images\/icons\/icons-outline.svg#icon--email\"><\/use><\/svg><\/div>\n\n<p class=\"has-1-125-rem-font-size\"><a href=\"mailto:sfc.fact@uni.lu\" target=\"_blank\" rel=\"noreferrer noopener\">sfc.fact@uni.lu<\/a><\/p>\n\n<\/div>\n<\/li>\n    <\/ul>\n<\/div>\n\n\n<div class=\"py-48 first:pt-0 last:pb-0 wp-block-unilux-blocks-people-list\">\n    \n<h2 class=\"has-text-align-left wp-block-unilux-blocks-heading\"        id=\"chef-du-sfc\"\n    >\nChef du SFC<\/h2>\n<ul class=\"flex flex-wrap -mx-16 wp-block-unilux-blocks-people-item-wrapper\">\n    <li class=\"w-full md:w-1\/2 p-16 wp-block-unilux-blocks-people-item-automated\"><div class=\"ulux-card card-people bg-theme\"><div class=\"list-people bg-theme\">\n    <div class=\"list-people__container\">\n        <div class=\"list-people__visual\">\n            <figure class=\"wp-block-dev4-reusable-blocks-image\">\n                <!-- Template Image Component: default -->\n<img decoding=\"async\" class=\"w-full\" width=\"\" height=\"\" rel=\"\" alt=\"Armand VANHEE\" src=\"https:\/\/www.uni.lu\/en\/person-image\/NTAwNDMwMjdfX0FybWFuZCBWQU5IRUU=\" srcset=\"https:\/\/www.uni.lu\/en\/person-image\/NTAwNDMwMjdfX0FybWFuZCBWQU5IRUU=--thumbnail 150w,https:\/\/www.uni.lu\/en\/person-image\/NTAwNDMwMjdfX0FybWFuZCBWQU5IRUU=--medium 300w,https:\/\/www.uni.lu\/en\/person-image\/NTAwNDMwMjdfX0FybWFuZCBWQU5IRUU=--medium_large 768w,https:\/\/www.uni.lu\/en\/person-image\/NTAwNDMwMjdfX0FybWFuZCBWQU5IRUU=--large 1024w,https:\/\/www.uni.lu\/en\/person-image\/NTAwNDMwMjdfX0FybWFuZCBWQU5IRUU=--1536x1536 1536w,https:\/\/www.uni.lu\/en\/person-image\/NTAwNDMwMjdfX0FybWFuZCBWQU5IRUU=--2048x2048 2048w\" loading=\"lazy\" \/><!-- end Image Component -->\n            <\/figure>\n        <\/div>\n        <div class=\"list-people__body\">\n            <h3 class=\"list-people__title\">Armand VANHEE<\/h3>\n            <p class=\"list-people__description\">Head of Finance and Accounting Department<\/p>\n            <div class=\"wp-block-unilux-blocks-simple-cta wp-block-unilux-blocks-people-item-automated\">\n    <a\n        href=\"https:\/\/www.uni.lu\/en\/people\/armand-vanhee\/\"\n        title=\"Armand VANHEE\"\n        class=\"link-text link-text--icon list-people__link link-absolute\"\n        target=\"\"\n    >\n        <span class=\"link-text__body\">\n            <span class=\"link-text__name\">Voir le profil<\/span>\n        <\/span>\n        <svg aria-hidden=\"true\" focusable=\"false\" class=\"icon icon-outline icon--arrow-right \"><use xlink:href=\"https:\/\/www.uni.lu\/wp-content\/themes\/unilux-theme\/assets\/images\/icons\/icons-outline.svg#icon--arrow-right\"><\/use><\/svg>    <\/a>\n<\/div>\n        <\/div>\n    <\/div>\n<\/div>\n<\/div><\/li><\/ul>\n\n<\/div>\n\n<\/div><\/section>\n\n\n\n<section class=\"py-0 wp-block-unilux-blocks-free-section section\"><div class=\"container xl:max-w-screen-xl\">\n<h3 class=\"has-text-align-left wp-block-unilux-blocks-heading\"        id=\"informations-a-lattention-des-fournisseurs-de-luniversite\"\n    >\nInformations \u00e0 l&rsquo;attention des fournisseurs de l&rsquo;Universit\u00e9 :<\/h3>\n\n\n\n<p>Veuillez noter qu&rsquo;\u00e0 partir du 18 mars 2023, toutes les factures devront \u00eatre envoy\u00e9es par Peppol (voir ID ci-dessous). L&rsquo;adresse \u00e9lectronique <a href=\"mailto:sfc.fact@uni.lu\" target=\"_blank\" rel=\"noreferrer noopener\">sfc.fact@uni.lu<\/a> reste disponible pour les factures pro forma, les rappels d&rsquo;adh\u00e9sion et de paiement.<\/p>\n\n\n\n<div class=\"wp-block-columns is-layout-flex wp-block-columns-is-layout-flex\">\n<div class=\"wp-block-column is-layout-flow wp-block-column-is-layout-flow\">\n<p><strong>Adresse du si\u00e8ge social<\/strong><\/p>\n\n\n\n<p>Universit\u00e9 du Luxembourg<br>2, place de l&rsquo;Universit\u00e9<br>L-4365 Esch-sur-Alzette<\/p>\n<\/div>\n\n\n\n<div class=\"wp-block-column is-layout-flow wp-block-column-is-layout-flow\">\n<p><strong>Adresse de facturation<\/strong><\/p>\n\n\n\n<p>Universit\u00e9 du Luxembourg<br>Service Finances et Comptabilit\u00e9<br>2, place de l&rsquo;Universit\u00e9<br>L-4365 Esch-sur-Alzette<\/p>\n<\/div>\n\n\n\n<div class=\"wp-block-column is-layout-flow wp-block-column-is-layout-flow\">\n<p><strong>Identifiants l\u00e9gaux et fiscaux<\/strong><\/p>\n\n\n\n<p>N\u00b0 TVA (EORI) :<br>LU19805732<br>N\u00b0 RCS : J20<br>N\u00b0 NACE : 85420<br>(Ens. Sup\u00e9rieur)<\/p>\n<\/div>\n<\/div>\n\n\n\n<div class=\"wp-block-columns is-layout-flex wp-block-columns-is-layout-flex\">\n<div class=\"wp-block-column is-layout-flow wp-block-column-is-layout-flow\"><figure class=\"wp-block-dev4-reusable-blocks-image  object-fit--scale-down\">\n    \n<img decoding=\"async\" class=\"wp-block-image unilux-custom-image-block\"\n                alt=\"Logo Peppol\"\n            src=\"https:\/\/www.uni.lu\/wp-content\/uploads\/sites\/11\/2024\/01\/peppol.png\"\n                    style=\"object-position: 53.00% 50.00%; font-family: &quot;object-fit: scale-down; object-position: 53.00% 50.00%;&quot;; aspect-ratio: 16\/9; object-fit: scale-down; width: 50%;\"\n        loading=\"lazy\"\n\/>    <\/figure>\n\n\n<p><strong>Identifiant Peppol <\/strong>:<\/p>\n\n\n\n<p>9938:lu19805732<\/p>\n<\/div>\n\n\n\n<div class=\"wp-block-column is-layout-flow wp-block-column-is-layout-flow\"><\/div>\n\n\n\n<div class=\"wp-block-column is-layout-flow wp-block-column-is-layout-flow\"><\/div>\n<\/div>\n\n\n\n<p>L&rsquo;Universit\u00e9 du Luxembourg est un \u00e9tablissement public r\u00e9gi par la loi du 12 ao\u00fbt 2003 modifi\u00e9e par la loi du 27 juin 2018.<\/p>\n<\/div><\/section>\n","protected":false},"excerpt":{"rendered":"","protected":false},"author":33,"featured_media":0,"parent":3111,"menu_order":0,"comment_status":"closed","ping_status":"closed","template":"","meta":{"featured_image_focal_point":[],"show_featured_caption":false,"ulux_newsletter_groups":"","uluxPostTitle":"","uluxPrePostTitle":"","_trash_the_other_posts":false,"_price":"","_stock":"","_tribe_ticket_header":"","_tribe_default_ticket_provider":"","_tribe_ticket_capacity":"0","_ticket_start_date":"","_ticket_end_date":"","_tribe_ticket_show_description":"","_tribe_ticket_show_not_going":false,"_tribe_ticket_use_global_stock":"","_tribe_ticket_global_stock_level":"","_global_stock_mode":"","_global_stock_cap":"","_tribe_rsvp_for_event":"","_tribe_ticket_going_count":"","_tribe_ticket_not_going_count":"","_tribe_tickets_list":"[]","_tribe_ticket_has_attendee_info_fields":false,"footnotes":""},"field-of-interest":[],"organisation":[],"authorship":[33],"acf":[],"yoast_head":"<!-- This site is optimized with the Yoast SEO Premium plugin v22.3 (Yoast SEO v22.3) - https:\/\/yoast.com\/wordpress\/plugins\/seo\/ -->\n<title>\u200bService des finances et de la comptabilit\u00e9 (SFC) I Uni.lu<\/title>\n<meta name=\"description\" content=\"Le Service des Finances et de la Comptabilit\u00e9 (SFC) participe activement au pilotage de l\u2019Universit\u00e9 du Luxembourg.\" \/>\n<meta name=\"robots\" content=\"index, follow, max-snippet:-1, max-image-preview:large, max-video-preview:-1\" \/>\n<link rel=\"canonical\" href=\"https:\/\/www.uni.lu\/fr\/a-propos\/organisation\/administration\/service-des-finances-et-de-la-comptabilite\/\" \/>\n<meta property=\"og:locale\" content=\"fr_FR\" \/>\n<meta property=\"og:type\" content=\"article\" \/>\n<meta property=\"og:title\" content=\"\u200bService des finances et de la comptabilit\u00e9 (SFC)\" \/>\n<meta property=\"og:description\" content=\"Le Service des Finances et de la Comptabilit\u00e9 (SFC) participe activement au pilotage de l\u2019Universit\u00e9 du Luxembourg.\" \/>\n<meta property=\"og:url\" content=\"https:\/\/www.uni.lu\/fr\/a-propos\/organisation\/administration\/service-des-finances-et-de-la-comptabilite\/\" \/>\n<meta property=\"og:site_name\" content=\"UNI FR\" \/>\n<meta property=\"article:publisher\" content=\"https:\/\/www.facebook.com\/uni.lu\" \/>\n<meta property=\"article:modified_time\" content=\"2025-11-04T07:31:10+00:00\" \/>\n<meta property=\"og:image\" content=\"https:\/\/www.uni.lu\/wp-content\/uploads\/sites\/11\/2026\/03\/03120045\/UNIV_SM-Profile_1600x1600px-scaled.jpg\" \/>\n\t<meta property=\"og:image:width\" content=\"2560\" \/>\n\t<meta property=\"og:image:height\" content=\"2560\" \/>\n\t<meta property=\"og:image:type\" content=\"image\/jpeg\" \/>\n<meta name=\"twitter:card\" content=\"summary_large_image\" \/>\n<meta name=\"twitter:label1\" content=\"Dur\u00e9e de lecture estim\u00e9e\" \/>\n\t<meta name=\"twitter:data1\" content=\"2 minutes\" \/>\n<script type=\"application\/ld+json\" class=\"yoast-schema-graph\">{\"@context\":\"https:\/\/schema.org\",\"@graph\":[{\"@type\":\"WebPage\",\"@id\":\"https:\/\/www.uni.lu\/fr\/a-propos\/organisation\/administration\/service-des-finances-et-de-la-comptabilite\/\",\"url\":\"https:\/\/www.uni.lu\/fr\/a-propos\/organisation\/administration\/service-des-finances-et-de-la-comptabilite\/\",\"name\":\"\u200bService des finances et de la comptabilit\u00e9 (SFC) I Uni.lu\",\"isPartOf\":{\"@id\":\"https:\/\/www.uni.lu\/fr\/#website\"},\"datePublished\":\"2023-10-17T13:40:27+00:00\",\"dateModified\":\"2025-11-04T07:31:10+00:00\",\"description\":\"Le Service des Finances et de la Comptabilit\u00e9 (SFC) participe activement au pilotage de l\u2019Universit\u00e9 du Luxembourg.\",\"breadcrumb\":{\"@id\":\"https:\/\/www.uni.lu\/fr\/a-propos\/organisation\/administration\/service-des-finances-et-de-la-comptabilite\/#breadcrumb\"},\"inLanguage\":\"fr-FR\",\"potentialAction\":[{\"@type\":\"ReadAction\",\"target\":[\"https:\/\/www.uni.lu\/fr\/a-propos\/organisation\/administration\/service-des-finances-et-de-la-comptabilite\/\"]}]},{\"@type\":\"BreadcrumbList\",\"@id\":\"https:\/\/www.uni.lu\/fr\/a-propos\/organisation\/administration\/service-des-finances-et-de-la-comptabilite\/#breadcrumb\",\"itemListElement\":[{\"@type\":\"ListItem\",\"position\":1,\"name\":\"Home\",\"item\":\"https:\/\/www.uni.lu\/fr\/\"},{\"@type\":\"ListItem\",\"position\":2,\"name\":\"\u00c0 propos\",\"item\":\"https:\/\/www.uni.lu\/fr\/a-propos\/\"},{\"@type\":\"ListItem\",\"position\":3,\"name\":\"Organisation\",\"item\":\"https:\/\/www.uni.lu\/fr\/a-propos\/organisation\/\"},{\"@type\":\"ListItem\",\"position\":4,\"name\":\"Administration\",\"item\":\"https:\/\/www.uni.lu\/fr\/a-propos\/organisation\/administration\/\"},{\"@type\":\"ListItem\",\"position\":5,\"name\":\"\u200bService des finances et de la comptabilit\u00e9 (SFC)\"}]},{\"@type\":\"WebSite\",\"@id\":\"https:\/\/www.uni.lu\/fr\/#website\",\"url\":\"https:\/\/www.uni.lu\/fr\/\",\"name\":\"Uni.lu\",\"description\":\"Universit\u00e9 du Luxembourg\",\"publisher\":{\"@id\":\"https:\/\/www.uni.lu\/fr\/#organization\"},\"alternateName\":\"Universit\u00e9 du Luxembourg\",\"potentialAction\":[{\"@type\":\"SearchAction\",\"target\":{\"@type\":\"EntryPoint\",\"urlTemplate\":\"https:\/\/www.uni.lu\/fr\/?s={search_term_string}\"},\"query-input\":\"required name=search_term_string\"}],\"inLanguage\":\"fr-FR\"},{\"@type\":\"Organization\",\"@id\":\"https:\/\/www.uni.lu\/fr\/#organization\",\"name\":\"Universit\u00e9 du Luxembourg\",\"alternateName\":\"Uni.lu\",\"url\":\"https:\/\/www.uni.lu\/fr\/\",\"logo\":{\"@type\":\"ImageObject\",\"inLanguage\":\"fr-FR\",\"@id\":\"https:\/\/www.uni.lu\/fr\/#\/schema\/logo\/image\/\",\"url\":\"https:\/\/www.uni.lu\/wp-content\/uploads\/sites\/11\/2026\/03\/03120045\/UNIV_SM-Profile_1600x1600px-scaled.jpg\",\"contentUrl\":\"https:\/\/www.uni.lu\/wp-content\/uploads\/sites\/11\/2026\/03\/03120045\/UNIV_SM-Profile_1600x1600px-scaled.jpg\",\"width\":2560,\"height\":2560,\"caption\":\"Universit\u00e9 du Luxembourg\"},\"image\":{\"@id\":\"https:\/\/www.uni.lu\/fr\/#\/schema\/logo\/image\/\"},\"sameAs\":[\"https:\/\/www.facebook.com\/uni.lu\",\"https:\/\/www.linkedin.com\/school\/university-of-luxembourg\/\",\"https:\/\/www.instagram.com\/uni.lu\",\"https:\/\/www.youtube.com\/@uni_lu\",\"https:\/\/en.wikipedia.org\/wiki\/University_of_Luxembourg\"]}]}<\/script>\n<!-- \/ Yoast SEO Premium plugin. -->","yoast_head_json":{"title":"\u200bService des finances et de la comptabilit\u00e9 (SFC) I Uni.lu","description":"Le Service des Finances et de la Comptabilit\u00e9 (SFC) participe activement au pilotage de l\u2019Universit\u00e9 du Luxembourg.","robots":{"index":"index","follow":"follow","max-snippet":"max-snippet:-1","max-image-preview":"max-image-preview:large","max-video-preview":"max-video-preview:-1"},"canonical":"https:\/\/www.uni.lu\/fr\/a-propos\/organisation\/administration\/service-des-finances-et-de-la-comptabilite\/","og_locale":"fr_FR","og_type":"article","og_title":"\u200bService des finances et de la comptabilit\u00e9 (SFC)","og_description":"Le Service des Finances et de la Comptabilit\u00e9 (SFC) participe activement au pilotage de l\u2019Universit\u00e9 du Luxembourg.","og_url":"https:\/\/www.uni.lu\/fr\/a-propos\/organisation\/administration\/service-des-finances-et-de-la-comptabilite\/","og_site_name":"UNI FR","article_publisher":"https:\/\/www.facebook.com\/uni.lu","article_modified_time":"2025-11-04T07:31:10+00:00","og_image":[{"width":2560,"height":2560,"url":"https:\/\/www.uni.lu\/wp-content\/uploads\/sites\/11\/2026\/03\/03120045\/UNIV_SM-Profile_1600x1600px-scaled.jpg","type":"image\/jpeg"}],"twitter_card":"summary_large_image","twitter_misc":{"Dur\u00e9e de lecture estim\u00e9e":"2 minutes"},"schema":{"@context":"https:\/\/schema.org","@graph":[{"@type":"WebPage","@id":"https:\/\/www.uni.lu\/fr\/a-propos\/organisation\/administration\/service-des-finances-et-de-la-comptabilite\/","url":"https:\/\/www.uni.lu\/fr\/a-propos\/organisation\/administration\/service-des-finances-et-de-la-comptabilite\/","name":"\u200bService des finances et de la comptabilit\u00e9 (SFC) I Uni.lu","isPartOf":{"@id":"https:\/\/www.uni.lu\/fr\/#website"},"datePublished":"2023-10-17T13:40:27+00:00","dateModified":"2025-11-04T07:31:10+00:00","description":"Le Service des Finances et de la Comptabilit\u00e9 (SFC) participe activement au pilotage de l\u2019Universit\u00e9 du Luxembourg.","breadcrumb":{"@id":"https:\/\/www.uni.lu\/fr\/a-propos\/organisation\/administration\/service-des-finances-et-de-la-comptabilite\/#breadcrumb"},"inLanguage":"fr-FR","potentialAction":[{"@type":"ReadAction","target":["https:\/\/www.uni.lu\/fr\/a-propos\/organisation\/administration\/service-des-finances-et-de-la-comptabilite\/"]}]},{"@type":"BreadcrumbList","@id":"https:\/\/www.uni.lu\/fr\/a-propos\/organisation\/administration\/service-des-finances-et-de-la-comptabilite\/#breadcrumb","itemListElement":[{"@type":"ListItem","position":1,"name":"Home","item":"https:\/\/www.uni.lu\/fr\/"},{"@type":"ListItem","position":2,"name":"\u00c0 propos","item":"https:\/\/www.uni.lu\/fr\/a-propos\/"},{"@type":"ListItem","position":3,"name":"Organisation","item":"https:\/\/www.uni.lu\/fr\/a-propos\/organisation\/"},{"@type":"ListItem","position":4,"name":"Administration","item":"https:\/\/www.uni.lu\/fr\/a-propos\/organisation\/administration\/"},{"@type":"ListItem","position":5,"name":"\u200bService des finances et de la comptabilit\u00e9 (SFC)"}]},{"@type":"WebSite","@id":"https:\/\/www.uni.lu\/fr\/#website","url":"https:\/\/www.uni.lu\/fr\/","name":"Uni.lu","description":"Universit\u00e9 du Luxembourg","publisher":{"@id":"https:\/\/www.uni.lu\/fr\/#organization"},"alternateName":"Universit\u00e9 du Luxembourg","potentialAction":[{"@type":"SearchAction","target":{"@type":"EntryPoint","urlTemplate":"https:\/\/www.uni.lu\/fr\/?s={search_term_string}"},"query-input":"required name=search_term_string"}],"inLanguage":"fr-FR"},{"@type":"Organization","@id":"https:\/\/www.uni.lu\/fr\/#organization","name":"Universit\u00e9 du Luxembourg","alternateName":"Uni.lu","url":"https:\/\/www.uni.lu\/fr\/","logo":{"@type":"ImageObject","inLanguage":"fr-FR","@id":"https:\/\/www.uni.lu\/fr\/#\/schema\/logo\/image\/","url":"https:\/\/www.uni.lu\/wp-content\/uploads\/sites\/11\/2026\/03\/03120045\/UNIV_SM-Profile_1600x1600px-scaled.jpg","contentUrl":"https:\/\/www.uni.lu\/wp-content\/uploads\/sites\/11\/2026\/03\/03120045\/UNIV_SM-Profile_1600x1600px-scaled.jpg","width":2560,"height":2560,"caption":"Universit\u00e9 du Luxembourg"},"image":{"@id":"https:\/\/www.uni.lu\/fr\/#\/schema\/logo\/image\/"},"sameAs":["https:\/\/www.facebook.com\/uni.lu","https:\/\/www.linkedin.com\/school\/university-of-luxembourg\/","https:\/\/www.instagram.com\/uni.lu","https:\/\/www.youtube.com\/@uni_lu","https:\/\/en.wikipedia.org\/wiki\/University_of_Luxembourg"]}]}},"ticketed":false,"_links":{"self":[{"href":"https:\/\/www.uni.lu\/fr\/wp-json\/wp\/v2\/pages\/3494"}],"collection":[{"href":"https:\/\/www.uni.lu\/fr\/wp-json\/wp\/v2\/pages"}],"about":[{"href":"https:\/\/www.uni.lu\/fr\/wp-json\/wp\/v2\/types\/page"}],"author":[{"embeddable":true,"href":"https:\/\/www.uni.lu\/fr\/wp-json\/wp\/v2\/users\/33"}],"replies":[{"embeddable":true,"href":"https:\/\/www.uni.lu\/fr\/wp-json\/wp\/v2\/comments?post=3494"}],"version-history":[{"count":5,"href":"https:\/\/www.uni.lu\/fr\/wp-json\/wp\/v2\/pages\/3494\/revisions"}],"predecessor-version":[{"id":17099,"href":"https:\/\/www.uni.lu\/fr\/wp-json\/wp\/v2\/pages\/3494\/revisions\/17099"}],"up":[{"embeddable":true,"href":"https:\/\/www.uni.lu\/fr\/wp-json\/wp\/v2\/pages\/3111"}],"wp:authorship":[{"embeddable":true,"href":"https:\/\/www.uni.lu\/fr\/wp-json\/wp\/v2\/users\/33"}],"wp:attachment":[{"href":"https:\/\/www.uni.lu\/fr\/wp-json\/wp\/v2\/media?parent=3494"}],"wp:term":[{"taxonomy":"field-of-interest","embeddable":true,"href":"https:\/\/www.uni.lu\/fr\/wp-json\/wp\/v2\/field-of-interest?post=3494"},{"taxonomy":"organisation","embeddable":true,"href":"https:\/\/www.uni.lu\/fr\/wp-json\/wp\/v2\/organisation?post=3494"}],"curies":[{"name":"wp","href":"https:\/\/api.w.org\/{rel}","templated":true}]}}