{"id":3440,"date":"2023-10-17T13:26:19","date_gmt":"2023-10-17T11:26:19","guid":{"rendered":"https:\/\/www.uni.lu\/fr\/?page_id=3440"},"modified":"2025-03-13T15:57:42","modified_gmt":"2025-03-13T14:57:42","slug":"vice-rectorat-aux-affaires-academiques-et-etudiantes","status":"publish","type":"page","link":"https:\/\/www.uni.lu\/fr\/a-propos\/organisation\/administration\/vice-rectorat-aux-affaires-academiques-et-etudiantes\/","title":{"rendered":"Vice-rectorat aux affaires acad\u00e9miques et \u00e9tudiantes"},"content":{"rendered":"\n<section class=\"wp-block-unilux-blocks-free-section section\"><div class=\"container xl:max-w-screen-xl\">\n<h2 class=\"has-text-align-left wp-block-unilux-blocks-heading\"        id=\"vice-recteur-aux-affaires-academiques-et-etudiantes\"\n    >\nVice-recteur aux affaires acad\u00e9miques et \u00e9tudiantes<\/h2>\n\n\n\n<p>En novembre 2024, le\u202fprofesseur <strong>Philippe Hiligsmann<\/strong> a pris ses fonctions en qualit\u00e9 de Vice-recteur aux affaires acad\u00e9miques et \u00e9tudiantes de l\u2019Universit\u00e9 du Luxembourg<\/p>\n\n\n\n<p>Le<strong>\u202fvice-rectorat aux affaires acad\u00e9miques et \u00e9tudiantes<\/strong> <strong>(VRAE)<\/strong>\u202fjoue un r\u00f4le crucial dans la supervision des programmes d\u2019enseignement sup\u00e9rieur, notamment les programmes de bachelor et de master, la formation professionnelle permanente et les programmes d\u2019apprentissage tout au long de la vie qui sont dispens\u00e9s \u00e0 l\u2019Universit\u00e9.<\/p>\n\n\n\n<p>La <strong>mission<\/strong>\u202fdu VRAE consiste \u00e0 encourager la qualit\u00e9 et l\u2019innovation dans le domaine de l\u2019apprentissage et de l\u2019enseignement, par le biais de diverses actions\u202f:\u200b\u200b\u200b\u200b\u200b\u200b\u200b<\/p>\n\n\n\n<ul class=\"ulux-list\">\n<li class=\"ulux-list-item\">Aider la communaut\u00e9 de l\u2019Universit\u00e9 \u00e0 d\u00e9couvrir et \u00e0 appliquer de meilleures m\u00e9thodes d\u2019apprentissage et d\u2019enseignement.<\/li>\n\n\n\n<li class=\"ulux-list-item\">Garantir une infrastructure conviviale et de pointe pour la mise en \u0153uvre efficace des programmes d\u2019\u00e9tudes \u00e0 l\u2019Universit\u00e9.<\/li>\n\n\n\n<li class=\"ulux-list-item\">Engager le personnel enseignant et les \u00e9tudiants dans des initiatives strat\u00e9giques qui encouragent un apprentissage et un enseignement am\u00e9lior\u00e9 gr\u00e2ce au num\u00e9rique et fond\u00e9 sur les comp\u00e9tences.<\/li>\n\n\n\n<li class=\"ulux-list-item\">Superviser l\u2019int\u00e9grit\u00e9 des politiques acad\u00e9miques de l\u2019Universit\u00e9 et veiller \u00e0 la gestion efficace des dossiers des \u00e9tudiants pendant la totalit\u00e9 du cycle de vie \u00e9tudiante.<\/li>\n\n\n\n<li class=\"ulux-list-item\">Promouvoir la participation \u00e9tudiante \u00e0 la gouvernance de l\u2019Universit\u00e9 \u00e0 tous les niveaux et parrainer les projets qui contribuent au dynamisme de la communaut\u00e9 acad\u00e9mique de l\u2019Universit\u00e9 du Luxembourg.<\/li>\n<\/ul>\n\n\n\n<p>Par toutes ces actions, le vice-rectorat aux affaires acad\u00e9miques et \u00e9tudiantes cherche \u00e0 am\u00e9liorer la qualit\u00e9 et l\u2019innovation dans le domaine de l\u2019apprentissage et de l\u2019enseignement ainsi qu\u2019\u00e0 mettre en place un environnement qui soutienne et passionne les \u00e9tudiants et le personnel enseignant de l\u2019Universit\u00e9 du Luxembourg.<\/p>\n\n\n<div class=\"py-48 first:pt-0 last:pb-0 wp-block-unilux-blocks-people-list\">\n    \n<h2 class=\"has-text-align-left wp-block-unilux-blocks-heading\"        id=\"vice-recteur-aux-affaires-academiques-et-etudiantes\"\n    >\nVice-recteur aux affaires acad\u00e9miques et \u00e9tudiantes<\/h2>\n<ul class=\"flex flex-wrap -mx-16 wp-block-unilux-blocks-people-item-wrapper\">\n    <li class=\"w-full md:w-1\/2 p-16 wp-block-unilux-blocks-people-item-automated\"><div class=\"ulux-card card-people bg-theme\"><div class=\"list-people bg-theme\">\n    <div class=\"list-people__container\">\n        <div class=\"list-people__visual\">\n            <figure class=\"wp-block-dev4-reusable-blocks-image\">\n                <!-- Template Image Component: default -->\n<img decoding=\"async\" class=\"w-full\" width=\"\" height=\"\" rel=\"\" alt=\"Prof Philippe HILIGSMANN\" src=\"https:\/\/www.uni.lu\/en\/person-image\/NTAwODc5NjlfX1BoaWxpcHBlIEhJTElHU01BTk4=\" srcset=\"https:\/\/www.uni.lu\/en\/person-image\/NTAwODc5NjlfX1BoaWxpcHBlIEhJTElHU01BTk4=--thumbnail 150w,https:\/\/www.uni.lu\/en\/person-image\/NTAwODc5NjlfX1BoaWxpcHBlIEhJTElHU01BTk4=--medium 300w,https:\/\/www.uni.lu\/en\/person-image\/NTAwODc5NjlfX1BoaWxpcHBlIEhJTElHU01BTk4=--medium_large 768w,https:\/\/www.uni.lu\/en\/person-image\/NTAwODc5NjlfX1BoaWxpcHBlIEhJTElHU01BTk4=--large 1024w,https:\/\/www.uni.lu\/en\/person-image\/NTAwODc5NjlfX1BoaWxpcHBlIEhJTElHU01BTk4=--1536x1536 1536w,https:\/\/www.uni.lu\/en\/person-image\/NTAwODc5NjlfX1BoaWxpcHBlIEhJTElHU01BTk4=--2048x2048 2048w\" loading=\"lazy\" \/><!-- end Image Component -->\n            <\/figure>\n        <\/div>\n        <div class=\"list-people__body\">\n            <h3 class=\"list-people__title\">Prof Philippe HILIGSMANN<\/h3>\n            <p class=\"list-people__description\">Vice-Rector for Academic and Student Affairs<\/p>\n            <div class=\"wp-block-unilux-blocks-simple-cta wp-block-unilux-blocks-people-item-automated\">\n    <a\n        href=\"https:\/\/www.uni.lu\/fhse-en\/people\/philippe-hiligsmann\/\"\n        title=\"Prof Philippe HILIGSMANN\"\n        class=\"link-text link-text--icon list-people__link link-absolute\"\n        target=\"\"\n    >\n        <span class=\"link-text__body\">\n            <span class=\"link-text__name\">Voir le profil<\/span>\n        <\/span>\n        <svg aria-hidden=\"true\" focusable=\"false\" class=\"icon icon-outline icon--arrow-right \"><use xlink:href=\"https:\/\/www.uni.lu\/wp-content\/themes\/unilux-theme\/assets\/images\/icons\/icons-outline.svg#icon--arrow-right\"><\/use><\/svg>    <\/a>\n<\/div>\n        <\/div>\n    <\/div>\n<\/div>\n<\/div><\/li><\/ul>\n\n<\/div>\n\n\n\n\n<p>Bureau de la Vice-recteur aux affaires acad\u00e9miques et \u00e9tudiantes :<\/p>\n\n\n\n<ul class=\"ulux-list\">\n<li class=\"ulux-list-item\">Victor Cebotari, conseiller strat\u00e9gique du vice-recteur aux affaires acad\u00e9miques et \u00e9tudiantes \u202f;<\/li>\n\n\n\n<li class=\"ulux-list-item\">Val\u00e9rie Kihn, assistante personnelle du vice-recteur.<\/li>\n<\/ul>\n<\/div><\/section>\n\n\n\n<section class=\"py-0 wp-block-unilux-blocks-free-section section\"><div class=\"container xl:max-w-screen-xl\">\n<h2 class=\"has-text-align-left wp-block-unilux-blocks-heading\"        id=\"entites-relevant-du-vice-recteur-aux-affaires-academiques-et-etudiantes\"\n    >\nEntit\u00e9s relevant du vice-recteur aux affaires acad\u00e9miques et \u00e9tudiantes<\/h2>\n\n\n\n<ul class=\"wp-block-unilux-blocks-quick-link-underline\">\n    \n<li class=\"wp-block-unilux-blocks-quick-link-underline-item\">\n    <a\n            href=\"https:\/\/www.uni.lu\/en\/about\/organisation\/administration\/espace-cultures\/\"\n            class=\"wp-block-unilux-blocks-anchor\"        target=\"\"\n>\n    \n<span class=\"hero__title__subject wp-block-unilux-blocks-plain-text\">Espaces cultures (EN)<\/span><svg aria-hidden=\"true\" focusable=\"false\" class=\"icon icon-outline icon--arrow-right \"><use xlink:href=\"https:\/\/www.uni.lu\/wp-content\/themes\/unilux-theme\/assets\/images\/icons\/icons-outline.svg#icon--arrow-right\"><\/use><\/svg><\/a>\n<\/li>\n\n<li class=\"wp-block-unilux-blocks-quick-link-underline-item\">\n    <a\n            href=\"https:\/\/www.uni.lu\/fr\/etudes\/centre-de-langues\/\"\n            class=\"wp-block-unilux-blocks-anchor\"        target=\"\"\n>\n    \n<span class=\"hero__title__subject wp-block-unilux-blocks-plain-text\">Centre de langues<\/span><svg aria-hidden=\"true\" focusable=\"false\" class=\"icon icon-outline icon--arrow-right \"><use xlink:href=\"https:\/\/www.uni.lu\/wp-content\/themes\/unilux-theme\/assets\/images\/icons\/icons-outline.svg#icon--arrow-right\"><\/use><\/svg><\/a>\n<\/li>\n\n<li class=\"wp-block-unilux-blocks-quick-link-underline-item\">\n    <a\n            href=\"https:\/\/www.uni.lu\/fr\/a-propos\/organisation\/administration\/seve\/\"\n            class=\"wp-block-unilux-blocks-anchor\"        target=\"\"\n>\n    \n<span class=\"hero__title__subject wp-block-unilux-blocks-plain-text\">Service des \u00e9tudes et de la vie \u00e9tudiante (SEVE)<\/span><svg aria-hidden=\"true\" focusable=\"false\" class=\"icon icon-outline icon--arrow-right \"><use xlink:href=\"https:\/\/www.uni.lu\/wp-content\/themes\/unilux-theme\/assets\/images\/icons\/icons-outline.svg#icon--arrow-right\"><\/use><\/svg><\/a>\n<\/li>\n\n<li class=\"wp-block-unilux-blocks-quick-link-underline-item\">\n    <a\n            href=\"https:\/\/www.uni.lu\/fr\/a-propos\/organisation\/administration\/qualite-de-l-enseignement\/\"\n            class=\"wp-block-unilux-blocks-anchor\"        target=\"\"\n>\n    \n<span class=\"hero__title__subject wp-block-unilux-blocks-plain-text\">Bureau de la qualit\u00e9 de l\u2019enseignement<\/span><svg aria-hidden=\"true\" focusable=\"false\" class=\"icon icon-outline icon--arrow-right \"><use xlink:href=\"https:\/\/www.uni.lu\/wp-content\/themes\/unilux-theme\/assets\/images\/icons\/icons-outline.svg#icon--arrow-right\"><\/use><\/svg><\/a>\n<\/li>\n\n<li class=\"wp-block-unilux-blocks-quick-link-underline-item\">\n    <a\n            href=\"https:\/\/www.uni.lu\/en\/education\/competence-centre\/\"\n            class=\"wp-block-unilux-blocks-anchor\"        target=\"\"\n>\n    \n<span class=\"hero__title__subject wp-block-unilux-blocks-plain-text\">University of Luxembourg Competence Centre (ULCC)<\/span><svg aria-hidden=\"true\" focusable=\"false\" class=\"icon icon-outline icon--arrow-right \"><use xlink:href=\"https:\/\/www.uni.lu\/wp-content\/themes\/unilux-theme\/assets\/images\/icons\/icons-outline.svg#icon--arrow-right\"><\/use><\/svg><\/a>\n<\/li>\n<\/ul><\/div><\/section>\n","protected":false},"excerpt":{"rendered":"","protected":false},"author":44,"featured_media":0,"parent":3111,"menu_order":0,"comment_status":"closed","ping_status":"closed","template":"","meta":{"featured_image_focal_point":[],"show_featured_caption":false,"ulux_newsletter_groups":"","uluxPostTitle":"","uluxPrePostTitle":"","_trash_the_other_posts":false,"_price":"","_stock":"","_tribe_ticket_header":"","_tribe_default_ticket_provider":"","_tribe_ticket_capacity":"0","_ticket_start_date":"","_ticket_end_date":"","_tribe_ticket_show_description":"","_tribe_ticket_show_not_going":false,"_tribe_ticket_use_global_stock":"","_tribe_ticket_global_stock_level":"","_global_stock_mode":"","_global_stock_cap":"","_tribe_rsvp_for_event":"","_tribe_ticket_going_count":"","_tribe_ticket_not_going_count":"","_tribe_tickets_list":"[]","_tribe_ticket_has_attendee_info_fields":false,"footnotes":""},"field-of-interest":[],"organisation":[],"authorship":[44,33],"acf":[],"yoast_head":"<!-- This site is optimized with the Yoast SEO Premium plugin v22.3 (Yoast SEO v22.3) - https:\/\/yoast.com\/wordpress\/plugins\/seo\/ -->\n<title>Vice-rectorat aux affaires acad\u00e9miques et \u00e9tudiantes - Universit\u00e9 du Luxembourg<\/title>\n<meta name=\"description\" content=\"Le\u202fvice-rectorat aux affaires acad\u00e9miques (VRA)\u202fjoue un r\u00f4le crucial dans la supervision des programmes d\u2019enseignement sup\u00e9rieur.\" \/>\n<meta name=\"robots\" content=\"index, follow, max-snippet:-1, max-image-preview:large, max-video-preview:-1\" \/>\n<link rel=\"canonical\" href=\"https:\/\/www.uni.lu\/fr\/a-propos\/organisation\/administration\/vice-rectorat-aux-affaires-academiques-et-etudiantes\/\" \/>\n<meta property=\"og:locale\" content=\"fr_FR\" \/>\n<meta property=\"og:type\" content=\"article\" \/>\n<meta property=\"og:title\" content=\"Vice-rectorat aux affaires acad\u00e9miques et \u00e9tudiantes\" \/>\n<meta property=\"og:description\" content=\"Le\u202fvice-rectorat aux affaires acad\u00e9miques (VRA)\u202fjoue un r\u00f4le crucial dans la supervision des programmes d\u2019enseignement sup\u00e9rieur.\" \/>\n<meta property=\"og:url\" content=\"https:\/\/www.uni.lu\/fr\/a-propos\/organisation\/administration\/vice-rectorat-aux-affaires-academiques-et-etudiantes\/\" \/>\n<meta property=\"og:site_name\" content=\"UNI FR\" \/>\n<meta property=\"article:publisher\" content=\"https:\/\/www.facebook.com\/uni.lu\" \/>\n<meta property=\"article:modified_time\" content=\"2025-03-13T14:57:42+00:00\" \/>\n<meta property=\"og:image\" content=\"https:\/\/www.uni.lu\/wp-content\/uploads\/sites\/11\/2026\/03\/03120045\/UNIV_SM-Profile_1600x1600px-scaled.jpg\" \/>\n\t<meta property=\"og:image:width\" content=\"2560\" \/>\n\t<meta property=\"og:image:height\" content=\"2560\" \/>\n\t<meta property=\"og:image:type\" content=\"image\/jpeg\" \/>\n<meta name=\"twitter:card\" content=\"summary_large_image\" \/>\n<meta name=\"twitter:label1\" content=\"Dur\u00e9e de lecture estim\u00e9e\" \/>\n\t<meta name=\"twitter:data1\" content=\"2 minutes\" \/>\n<script type=\"application\/ld+json\" class=\"yoast-schema-graph\">{\"@context\":\"https:\/\/schema.org\",\"@graph\":[{\"@type\":\"WebPage\",\"@id\":\"https:\/\/www.uni.lu\/fr\/a-propos\/organisation\/administration\/vice-rectorat-aux-affaires-academiques-et-etudiantes\/\",\"url\":\"https:\/\/www.uni.lu\/fr\/a-propos\/organisation\/administration\/vice-rectorat-aux-affaires-academiques-et-etudiantes\/\",\"name\":\"Vice-rectorat aux affaires acad\u00e9miques et \u00e9tudiantes - Universit\u00e9 du Luxembourg\",\"isPartOf\":{\"@id\":\"https:\/\/www.uni.lu\/fr\/#website\"},\"datePublished\":\"2023-10-17T11:26:19+00:00\",\"dateModified\":\"2025-03-13T14:57:42+00:00\",\"description\":\"Le\u202fvice-rectorat aux affaires acad\u00e9miques (VRA)\u202fjoue un r\u00f4le crucial dans la supervision des programmes d\u2019enseignement sup\u00e9rieur.\",\"breadcrumb\":{\"@id\":\"https:\/\/www.uni.lu\/fr\/a-propos\/organisation\/administration\/vice-rectorat-aux-affaires-academiques-et-etudiantes\/#breadcrumb\"},\"inLanguage\":\"fr-FR\",\"potentialAction\":[{\"@type\":\"ReadAction\",\"target\":[\"https:\/\/www.uni.lu\/fr\/a-propos\/organisation\/administration\/vice-rectorat-aux-affaires-academiques-et-etudiantes\/\"]}]},{\"@type\":\"BreadcrumbList\",\"@id\":\"https:\/\/www.uni.lu\/fr\/a-propos\/organisation\/administration\/vice-rectorat-aux-affaires-academiques-et-etudiantes\/#breadcrumb\",\"itemListElement\":[{\"@type\":\"ListItem\",\"position\":1,\"name\":\"Home\",\"item\":\"https:\/\/www.uni.lu\/fr\/\"},{\"@type\":\"ListItem\",\"position\":2,\"name\":\"\u00c0 propos\",\"item\":\"https:\/\/www.uni.lu\/fr\/a-propos\/\"},{\"@type\":\"ListItem\",\"position\":3,\"name\":\"Organisation\",\"item\":\"https:\/\/www.uni.lu\/fr\/a-propos\/organisation\/\"},{\"@type\":\"ListItem\",\"position\":4,\"name\":\"Administration\",\"item\":\"https:\/\/www.uni.lu\/fr\/a-propos\/organisation\/administration\/\"},{\"@type\":\"ListItem\",\"position\":5,\"name\":\"Vice-rectorat aux affaires acad\u00e9miques et \u00e9tudiantes\"}]},{\"@type\":\"WebSite\",\"@id\":\"https:\/\/www.uni.lu\/fr\/#website\",\"url\":\"https:\/\/www.uni.lu\/fr\/\",\"name\":\"Uni.lu\",\"description\":\"Universit\u00e9 du Luxembourg\",\"publisher\":{\"@id\":\"https:\/\/www.uni.lu\/fr\/#organization\"},\"alternateName\":\"Universit\u00e9 du Luxembourg\",\"potentialAction\":[{\"@type\":\"SearchAction\",\"target\":{\"@type\":\"EntryPoint\",\"urlTemplate\":\"https:\/\/www.uni.lu\/fr\/?s={search_term_string}\"},\"query-input\":\"required name=search_term_string\"}],\"inLanguage\":\"fr-FR\"},{\"@type\":\"Organization\",\"@id\":\"https:\/\/www.uni.lu\/fr\/#organization\",\"name\":\"Universit\u00e9 du Luxembourg\",\"alternateName\":\"Uni.lu\",\"url\":\"https:\/\/www.uni.lu\/fr\/\",\"logo\":{\"@type\":\"ImageObject\",\"inLanguage\":\"fr-FR\",\"@id\":\"https:\/\/www.uni.lu\/fr\/#\/schema\/logo\/image\/\",\"url\":\"https:\/\/www.uni.lu\/wp-content\/uploads\/sites\/11\/2026\/03\/03120045\/UNIV_SM-Profile_1600x1600px-scaled.jpg\",\"contentUrl\":\"https:\/\/www.uni.lu\/wp-content\/uploads\/sites\/11\/2026\/03\/03120045\/UNIV_SM-Profile_1600x1600px-scaled.jpg\",\"width\":2560,\"height\":2560,\"caption\":\"Universit\u00e9 du Luxembourg\"},\"image\":{\"@id\":\"https:\/\/www.uni.lu\/fr\/#\/schema\/logo\/image\/\"},\"sameAs\":[\"https:\/\/www.facebook.com\/uni.lu\",\"https:\/\/www.linkedin.com\/school\/university-of-luxembourg\/\",\"https:\/\/www.instagram.com\/uni.lu\",\"https:\/\/www.youtube.com\/@uni_lu\",\"https:\/\/en.wikipedia.org\/wiki\/University_of_Luxembourg\"]}]}<\/script>\n<!-- \/ Yoast SEO Premium plugin. -->","yoast_head_json":{"title":"Vice-rectorat aux affaires acad\u00e9miques et \u00e9tudiantes - Universit\u00e9 du Luxembourg","description":"Le\u202fvice-rectorat aux affaires acad\u00e9miques (VRA)\u202fjoue un r\u00f4le crucial dans la supervision des programmes d\u2019enseignement sup\u00e9rieur.","robots":{"index":"index","follow":"follow","max-snippet":"max-snippet:-1","max-image-preview":"max-image-preview:large","max-video-preview":"max-video-preview:-1"},"canonical":"https:\/\/www.uni.lu\/fr\/a-propos\/organisation\/administration\/vice-rectorat-aux-affaires-academiques-et-etudiantes\/","og_locale":"fr_FR","og_type":"article","og_title":"Vice-rectorat aux affaires acad\u00e9miques et \u00e9tudiantes","og_description":"Le\u202fvice-rectorat aux affaires acad\u00e9miques (VRA)\u202fjoue un r\u00f4le crucial dans la supervision des programmes d\u2019enseignement sup\u00e9rieur.","og_url":"https:\/\/www.uni.lu\/fr\/a-propos\/organisation\/administration\/vice-rectorat-aux-affaires-academiques-et-etudiantes\/","og_site_name":"UNI FR","article_publisher":"https:\/\/www.facebook.com\/uni.lu","article_modified_time":"2025-03-13T14:57:42+00:00","og_image":[{"width":2560,"height":2560,"url":"https:\/\/www.uni.lu\/wp-content\/uploads\/sites\/11\/2026\/03\/03120045\/UNIV_SM-Profile_1600x1600px-scaled.jpg","type":"image\/jpeg"}],"twitter_card":"summary_large_image","twitter_misc":{"Dur\u00e9e de lecture estim\u00e9e":"2 minutes"},"schema":{"@context":"https:\/\/schema.org","@graph":[{"@type":"WebPage","@id":"https:\/\/www.uni.lu\/fr\/a-propos\/organisation\/administration\/vice-rectorat-aux-affaires-academiques-et-etudiantes\/","url":"https:\/\/www.uni.lu\/fr\/a-propos\/organisation\/administration\/vice-rectorat-aux-affaires-academiques-et-etudiantes\/","name":"Vice-rectorat aux affaires acad\u00e9miques et \u00e9tudiantes - Universit\u00e9 du Luxembourg","isPartOf":{"@id":"https:\/\/www.uni.lu\/fr\/#website"},"datePublished":"2023-10-17T11:26:19+00:00","dateModified":"2025-03-13T14:57:42+00:00","description":"Le\u202fvice-rectorat aux affaires acad\u00e9miques (VRA)\u202fjoue un r\u00f4le crucial dans la supervision des programmes d\u2019enseignement sup\u00e9rieur.","breadcrumb":{"@id":"https:\/\/www.uni.lu\/fr\/a-propos\/organisation\/administration\/vice-rectorat-aux-affaires-academiques-et-etudiantes\/#breadcrumb"},"inLanguage":"fr-FR","potentialAction":[{"@type":"ReadAction","target":["https:\/\/www.uni.lu\/fr\/a-propos\/organisation\/administration\/vice-rectorat-aux-affaires-academiques-et-etudiantes\/"]}]},{"@type":"BreadcrumbList","@id":"https:\/\/www.uni.lu\/fr\/a-propos\/organisation\/administration\/vice-rectorat-aux-affaires-academiques-et-etudiantes\/#breadcrumb","itemListElement":[{"@type":"ListItem","position":1,"name":"Home","item":"https:\/\/www.uni.lu\/fr\/"},{"@type":"ListItem","position":2,"name":"\u00c0 propos","item":"https:\/\/www.uni.lu\/fr\/a-propos\/"},{"@type":"ListItem","position":3,"name":"Organisation","item":"https:\/\/www.uni.lu\/fr\/a-propos\/organisation\/"},{"@type":"ListItem","position":4,"name":"Administration","item":"https:\/\/www.uni.lu\/fr\/a-propos\/organisation\/administration\/"},{"@type":"ListItem","position":5,"name":"Vice-rectorat aux affaires acad\u00e9miques et \u00e9tudiantes"}]},{"@type":"WebSite","@id":"https:\/\/www.uni.lu\/fr\/#website","url":"https:\/\/www.uni.lu\/fr\/","name":"Uni.lu","description":"Universit\u00e9 du Luxembourg","publisher":{"@id":"https:\/\/www.uni.lu\/fr\/#organization"},"alternateName":"Universit\u00e9 du Luxembourg","potentialAction":[{"@type":"SearchAction","target":{"@type":"EntryPoint","urlTemplate":"https:\/\/www.uni.lu\/fr\/?s={search_term_string}"},"query-input":"required name=search_term_string"}],"inLanguage":"fr-FR"},{"@type":"Organization","@id":"https:\/\/www.uni.lu\/fr\/#organization","name":"Universit\u00e9 du Luxembourg","alternateName":"Uni.lu","url":"https:\/\/www.uni.lu\/fr\/","logo":{"@type":"ImageObject","inLanguage":"fr-FR","@id":"https:\/\/www.uni.lu\/fr\/#\/schema\/logo\/image\/","url":"https:\/\/www.uni.lu\/wp-content\/uploads\/sites\/11\/2026\/03\/03120045\/UNIV_SM-Profile_1600x1600px-scaled.jpg","contentUrl":"https:\/\/www.uni.lu\/wp-content\/uploads\/sites\/11\/2026\/03\/03120045\/UNIV_SM-Profile_1600x1600px-scaled.jpg","width":2560,"height":2560,"caption":"Universit\u00e9 du Luxembourg"},"image":{"@id":"https:\/\/www.uni.lu\/fr\/#\/schema\/logo\/image\/"},"sameAs":["https:\/\/www.facebook.com\/uni.lu","https:\/\/www.linkedin.com\/school\/university-of-luxembourg\/","https:\/\/www.instagram.com\/uni.lu","https:\/\/www.youtube.com\/@uni_lu","https:\/\/en.wikipedia.org\/wiki\/University_of_Luxembourg"]}]}},"ticketed":false,"_links":{"self":[{"href":"https:\/\/www.uni.lu\/fr\/wp-json\/wp\/v2\/pages\/3440"}],"collection":[{"href":"https:\/\/www.uni.lu\/fr\/wp-json\/wp\/v2\/pages"}],"about":[{"href":"https:\/\/www.uni.lu\/fr\/wp-json\/wp\/v2\/types\/page"}],"author":[{"embeddable":true,"href":"https:\/\/www.uni.lu\/fr\/wp-json\/wp\/v2\/users\/44"}],"replies":[{"embeddable":true,"href":"https:\/\/www.uni.lu\/fr\/wp-json\/wp\/v2\/comments?post=3440"}],"version-history":[{"count":4,"href":"https:\/\/www.uni.lu\/fr\/wp-json\/wp\/v2\/pages\/3440\/revisions"}],"predecessor-version":[{"id":13917,"href":"https:\/\/www.uni.lu\/fr\/wp-json\/wp\/v2\/pages\/3440\/revisions\/13917"}],"up":[{"embeddable":true,"href":"https:\/\/www.uni.lu\/fr\/wp-json\/wp\/v2\/pages\/3111"}],"wp:authorship":[{"embeddable":true,"href":"https:\/\/www.uni.lu\/fr\/wp-json\/wp\/v2\/users\/44"},{"embeddable":true,"href":"https:\/\/www.uni.lu\/fr\/wp-json\/wp\/v2\/users\/33"}],"wp:attachment":[{"href":"https:\/\/www.uni.lu\/fr\/wp-json\/wp\/v2\/media?parent=3440"}],"wp:term":[{"taxonomy":"field-of-interest","embeddable":true,"href":"https:\/\/www.uni.lu\/fr\/wp-json\/wp\/v2\/field-of-interest?post=3440"},{"taxonomy":"organisation","embeddable":true,"href":"https:\/\/www.uni.lu\/fr\/wp-json\/wp\/v2\/organisation?post=3440"}],"curies":[{"name":"wp","href":"https:\/\/api.w.org\/{rel}","templated":true}]}}