{"id":3329,"date":"2023-10-09T17:29:55","date_gmt":"2023-10-09T15:29:55","guid":{"rendered":"https:\/\/www.uni.lu\/fr\/?page_id=3329"},"modified":"2025-08-11T14:02:54","modified_gmt":"2025-08-11T12:02:54","slug":"bureau-des-partenariats-du-transfert-de-connaissances-et-de-technologies","status":"publish","type":"page","link":"https:\/\/www.uni.lu\/fr\/a-propos\/organisation\/administration\/bureau-des-partenariats-du-transfert-de-connaissances-et-de-technologies\/","title":{"rendered":"Bureau des partenariats, du transfert de connaissances et de technologies (PaKTT)"},"content":{"rendered":"<section class=\"section section pb-0 wp-block-unilux-blocks-page-intro\">\n    \n<div class=\"wp-block-unilux-blocks-wrapper container xl:max-w-screen-xl\">\n<div class=\"wp-block-unilux-blocks-wrapper flex flex-wrap -mx-16\">\n<div class=\"wp-block-unilux-blocks-wrapper flex-1 mb-48 px-16\">\n<h1 class=\"has-text-align-left wp-block-unilux-blocks-heading\"        id=\"bureau-des-partenariats-du-transfert-de-connaisances-et-de-technologies-paktt\"\n    >\nBureau des partenariats, du transfert de connaisances et de technologies (PaKTT)<\/h1>\n\n\n\n<p>L\u2019Universit\u00e9 du Luxembourg tient \u00e0 honorer sa mission consistant \u00e0 transf\u00e9rer des connaissances et des technologies <strong>pour en faire b\u00e9n\u00e9ficier la<\/strong> <strong>soci\u00e9t\u00e9.<\/strong><br>&nbsp;<br>Le\u202f<strong>Bureau des partenariats, du transfert de connaissances et de technologies<\/strong>\u202f(PaKTT Office) est au service des chercheurs, de la soci\u00e9t\u00e9 civile et des entreprises, et constitue votre principal point de contact dans ce domaine.<\/p>\n\n\n\n<ul class=\"wp-block-unilux-blocks-custom-buttons btn-list\"><li class=\"wp-block-unilux-blocks-custom-button\"    aria-disabled=\"false\"\n    >\n    <a\n        role=\"link\"\n        aria-disabled=\"false\"\n                    href=\"mailto:paktto@uni.lu\"\n                target=\"_self\"\n        class=\"btn btn--primary\"\n            >Contactez-nous<\/a>\n<\/li>\n<\/ul>\n<\/div>\n\n\n\n<div class=\"wp-block-unilux-blocks-wrapper w-full md:w-auto px-16\">\n<div class=\"wp-block-unilux-blocks-wrapper flex flex-col items-center\">\n<h2 class=\"text-h4 has-text-align-left wp-block-unilux-blocks-heading\"        id=\"technologies-disponibles\"\n    >\nTechnologies disponibles<\/h2>\n\n\n<a class=\"wp-block-unilux-blocks-button-highlight-square\"\n    href=\"https:\/\/researchluxembourg.portals.in-part.com\/\"\n    target=\"_blank\"\n>\n    <span class=\"btn-highlight-square__container\">\n        <div class=\"btn-highlight-square__body\">\n    <svg aria-hidden=\"true\" focusable=\"false\" class=\"icon icon-outline icon--external-link icon--xl\"><use xlink:href=\"https:\/\/www.uni.lu\/wp-content\/themes\/unilux-theme\/assets\/images\/icons\/icons-outline.svg#icon--external-link\"><\/use><\/svg>    <span class=\"btn btn--dark\">\n        \n<span class=\"btn__name wp-block-unilux-blocks-plain-text\">Notre portefeuille<\/span>    <\/span>\n<\/div><figure class=\"wp-block-dev4-reusable-blocks-image image-bg object-fit--contain\">\n    \n<img decoding=\"async\" class=\"wp-block-image unilux-custom-image-block\"\n                alt=\"un cercle bleut\u00e9 avec deux points plac\u00e9s en diagonale et le mot \u00ab inpart \u00bb.\"\n            src=\"https:\/\/www.uni.lu\/wp-content\/uploads\/sites\/11\/2025\/07\/15085332\/INPART-logo-2024.png\"\n                srcset=\"https:\/\/www.uni.lu\/wp-content\/uploads\/sites\/11\/2025\/07\/15085332\/INPART-logo-2024-300x145.png 300w, https:\/\/www.uni.lu\/wp-content\/uploads\/sites\/11\/2025\/07\/15085332\/INPART-logo-2024.png 576w\"\n                style=\"object-position: 52.00% 36.00%; font-family: &quot;object-fit: contain; object-position: 52.00% 36.00%;&quot;; aspect-ratio: 3\/4; object-fit: contain; width: 100%;\"\n        loading=\"lazy\"\n\/>    <\/figure>    <\/span>\n<\/a><\/div>\n<\/div>\n<\/div>\n<\/div>\n<\/section>\n\n\n<section class=\"wp-block-unilux-blocks-free-section section\"><div class=\"container xl:max-w-screen-xl\">\n<p>Le Bureau PaKTT soutient des projets depuis leur phase de conception jusqu\u2019\u00e0 la\u202f<strong>mise en application des r\u00e9sultats scientifiques\u202f<\/strong>obtenus. Travaillant en collaboration avec le Service de soutien \u00e0 la recherche (SSR) et les \u00e9quipes juridique et financi\u00e8re de l\u2019Universit\u00e9, le Bureau s\u2019implique dans diverses questions relatives \u00e0 la cr\u00e9ation de projets, aux contrats, \u00e0 la protection de la propri\u00e9t\u00e9 intellectuelle (PI), aux partenariats et \u00e0 la recherche d\u2019applications pour les r\u00e9sultats de recherche.<\/p>\n\n\n\n<p>Nos principaux objectifs consistent \u00e0 promouvoir la science, diffuser les connaissances et soutenir l\u2019innovation sociale et les impacts positifs en <strong>transf\u00e9rant<\/strong>\u202fdes droits de propri\u00e9t\u00e9 intellectuelle \u00e0 des <strong>entreprises existantes<\/strong>, des <strong>spin-offs de cr\u00e9ation r\u00e9cente, des institutions publiques\u202f<\/strong>et des\u202f<strong>organisations de la soci\u00e9t\u00e9 civile<\/strong>.<\/p>\n\n\n\n<p>Notre travail porte sur les recherches men\u00e9es par l\u2019Universit\u00e9 elle-m\u00eame ou en collaboration avec des institutions et acteurs publics ou priv\u00e9s. Une grande partie des partenariats conclus entre l\u2019Universit\u00e9 et des acteurs socio\u00e9conomiques b\u00e9n\u00e9ficient d\u2019<strong>un support r\u00e9gional, national et europ\u00e9en<\/strong>. Le Bureau PaKTT participe activement au d\u00e9veloppement de l\u2019\u00e9cosyst\u00e8me d\u2019innovation du Luxembourg.<\/p>\n\n\n\n<p>De plus, le Bureau joue un r\u00f4le cl\u00e9 dans la mise en \u0153uvre des engagements pris dans le cadre de la politique de transfert de connaissances de l\u2019Universit\u00e9 ainsi que dans l\u2019\u00e9laboration de sa strat\u00e9gie dans ce domaine.<\/p>\n\n\n<div class=\"wp-block-unilux-blocks-spacer is-spacer-size-md\"><\/div>\n\n\n<h2 class=\"has-text-align-left wp-block-unilux-blocks-heading\"        id=\"paktto-valo-process\"\n    >\nPaKTTO Valo process<\/h2>\n\n\n<figure class=\"wp-block-dev4-reusable-blocks-image  object-fit--cover\">\n    \n<img decoding=\"async\" class=\"wp-block-image unilux-custom-image-block\"\n                alt=\"Graph illustrating PaKTTO process\"\n            src=\"https:\/\/www.uni.lu\/wp-content\/uploads\/sites\/11\/2024\/02\/20230711_PaKTTO_Valo_Process.png\"\n                srcset=\"https:\/\/www.uni.lu\/wp-content\/uploads\/sites\/11\/2024\/02\/20230711_PaKTTO_Valo_Process-300x172.png 300w, https:\/\/www.uni.lu\/wp-content\/uploads\/sites\/11\/2024\/02\/20230711_PaKTTO_Valo_Process-768x441.png 768w, https:\/\/www.uni.lu\/wp-content\/uploads\/sites\/11\/2024\/02\/20230711_PaKTTO_Valo_Process.png 962w\"\n                style=\"object-position: 50.00% 50.00%; font-family: &quot;object-fit: cover; object-position: 50.00% 50.00%;&quot;; aspect-ratio: 16\/9; object-fit: cover; width: 100%;\"\n        loading=\"lazy\"\n\/>            <p class=\"wp-block-dev4-reusable-blocks-image-caption\">\n            En partant des r\u00e9sultats de recherche, qui sont identifi\u00e9s et formalis\u00e9s au moyen d\u2019une divulgation \u00e9crite de l\u2019invention ou d\u2019une divulgation du logiciel, une \u00e9valuation compl\u00e8te des r\u00e9sultats est r\u00e9alis\u00e9e afin d\u2019en analyser les aspects juridiques, techniques et de propri\u00e9t\u00e9 intellectuelle ainsi que les besoins du march\u00e9\/des utilisateurs. Le cas \u00e9ch\u00e9ant, une protection ad\u00e9quate de la propri\u00e9t\u00e9 intellectuelle est mise en place et int\u00e9gr\u00e9e \u00e0 travers tout le processus de transfert de connaissances. Ensuite, durant la p\u00e9riode de d\u00e9veloppement, un support est fourni pour les applications de preuve de concept avec des suivis r\u00e9guliers durant le cycle de vie du projet de preuve de concept. Au terme de toutes ces \u00e9tapes et \u00e0 la suite d\u2019un processus de prospection, de n\u00e9gociation et d\u2019octroi de licences, le projet est pr\u00eat \u00e0 \u00eatre transf\u00e9r\u00e9 \u00e0 une communaut\u00e9 d\u2019utilisateurs, une spin-off ou des entreprises existantes.        <\/p>\n    <\/figure><\/div><\/section>\n\n\n\n<section class=\"wp-block-unilux-blocks-content-free-and-virtual-tour section\">\n<div class=\"wp-block-unilux-blocks-wrapper container 2xl:max-w-screen-2xl\">\n<div class=\"wp-block-unilux-blocks-wrapper 2xl:w-11\/12 2xl:ml-auto\">\n<h2 class=\"has-text-align-left wp-block-unilux-blocks-heading\"        id=\"contactez-nous\"\n    >\nContactez-nous<\/h2>\n\n\n\n<div class=\"wp-block-unilux-blocks-wrapper flex flex-wrap lg:-mx-32\">\n<div class=\"wp-block-unilux-blocks-wrapper w-full lg:w-7\/12 lg:order-2 lg:px-32\">\n<section class=\"wp-block-unilux-blocks-image-video-wrapper\">\n    <\/section><\/div>\n\n\n\n<div class=\"wp-block-unilux-blocks-wrapper w-full lg:w-5\/12 lg:order-1 lg:px-32\">\n<h3 class=\"has-text-align-left wp-block-unilux-blocks-heading\"    >\n<\/h3>\n\n\n\n<p>Les membres de notre \u00e9quipe ont re\u00e7u une <strong>formation<\/strong> sp\u00e9cialis\u00e9e et peuvent vous faire b\u00e9n\u00e9ficier d\u2019une solide <strong>exp\u00e9rience<\/strong> acquise tant dans le domaine universitaire que dans celui des affaires, dans les secteurs scientifique, technologique, commercial, marketing, juridique et de la propri\u00e9t\u00e9 industrielle (brevets, marques commerciales et licence).<\/p>\n\n\n\n<ul class=\"wp-block-unilux-blocks-quick-link-underline\">\n    \n<li class=\"wp-block-unilux-blocks-quick-link-underline-item\">\n    <a\n            href=\"https:\/\/www.uni.lu\/research-fr\/collaboration-et-engagement\/ktt\/\"\n            class=\"wp-block-unilux-blocks-anchor\"        target=\"\"\n>\n    \n<span class=\"hero__title__subject wp-block-unilux-blocks-plain-text\">Transfert de connaissances et de technologies<\/span><svg aria-hidden=\"true\" focusable=\"false\" class=\"icon icon-outline icon--arrow-right \"><use xlink:href=\"https:\/\/www.uni.lu\/wp-content\/themes\/unilux-theme\/assets\/images\/icons\/icons-outline.svg#icon--arrow-right\"><\/use><\/svg><\/a>\n<\/li>\n\n<li class=\"wp-block-unilux-blocks-quick-link-underline-item\">\n    <a\n            href=\"mailto:paktto@uni.lu\"\n            class=\"wp-block-unilux-blocks-anchor\"        target=\"\"\n>\n    \n<span class=\"hero__title__subject wp-block-unilux-blocks-plain-text\">Devenez partenaire<\/span><svg aria-hidden=\"true\" focusable=\"false\" class=\"icon icon-outline icon--arrow-right \"><use xlink:href=\"https:\/\/www.uni.lu\/wp-content\/themes\/unilux-theme\/assets\/images\/icons\/icons-outline.svg#icon--arrow-right\"><\/use><\/svg><\/a>\n<\/li>\n<\/ul><\/div>\n<\/div>\n<\/div>\n<\/div>\n<\/section>\n","protected":false},"excerpt":{"rendered":"","protected":false},"author":58,"featured_media":0,"parent":3111,"menu_order":0,"comment_status":"closed","ping_status":"closed","template":"","meta":{"featured_image_focal_point":[],"show_featured_caption":false,"ulux_newsletter_groups":"","uluxPostTitle":"","uluxPrePostTitle":"","_trash_the_other_posts":false,"_price":"","_stock":"","_tribe_ticket_header":"","_tribe_default_ticket_provider":"","_tribe_ticket_capacity":"0","_ticket_start_date":"","_ticket_end_date":"","_tribe_ticket_show_description":"","_tribe_ticket_show_not_going":false,"_tribe_ticket_use_global_stock":"","_tribe_ticket_global_stock_level":"","_global_stock_mode":"","_global_stock_cap":"","_tribe_rsvp_for_event":"","_tribe_ticket_going_count":"","_tribe_ticket_not_going_count":"","_tribe_tickets_list":"[]","_tribe_ticket_has_attendee_info_fields":false,"footnotes":""},"field-of-interest":[],"organisation":[],"authorship":[58,33],"acf":[],"yoast_head":"<!-- This site is optimized with the Yoast SEO Premium plugin v22.3 (Yoast SEO v22.3) - https:\/\/yoast.com\/wordpress\/plugins\/seo\/ -->\n<title>Bureau des partenariats, du transfert de connaissances et de technologies (PaKTT) - Universit\u00e9 du Luxembourg<\/title>\n<meta name=\"description\" content=\"Le\u202fBureau des partenariats, du transfert de connaissances et de technologies\u202f(PaKTT) est au service des chercheurs et de la soci\u00e9t\u00e9 civile.\" \/>\n<meta name=\"robots\" content=\"index, follow, max-snippet:-1, max-image-preview:large, max-video-preview:-1\" \/>\n<link rel=\"canonical\" href=\"https:\/\/www.uni.lu\/fr\/a-propos\/organisation\/administration\/bureau-des-partenariats-du-transfert-de-connaissances-et-de-technologies\/\" \/>\n<meta property=\"og:locale\" content=\"fr_FR\" \/>\n<meta property=\"og:type\" content=\"article\" \/>\n<meta property=\"og:title\" content=\"Bureau des partenariats, du transfert de connaissances et de technologies (PaKTT)\" \/>\n<meta property=\"og:description\" content=\"Le\u202fBureau des partenariats, du transfert de connaissances et de technologies\u202f(PaKTT) est au service des chercheurs et de la soci\u00e9t\u00e9 civile.\" \/>\n<meta property=\"og:url\" content=\"https:\/\/www.uni.lu\/fr\/a-propos\/organisation\/administration\/bureau-des-partenariats-du-transfert-de-connaissances-et-de-technologies\/\" \/>\n<meta property=\"og:site_name\" content=\"UNI FR\" \/>\n<meta property=\"article:publisher\" content=\"https:\/\/www.facebook.com\/uni.lu\" \/>\n<meta property=\"article:modified_time\" content=\"2025-08-11T12:02:54+00:00\" \/>\n<meta property=\"og:image\" content=\"https:\/\/www.uni.lu\/wp-content\/uploads\/sites\/11\/2026\/03\/03120045\/UNIV_SM-Profile_1600x1600px-scaled.jpg\" \/>\n\t<meta property=\"og:image:width\" content=\"2560\" \/>\n\t<meta property=\"og:image:height\" content=\"2560\" \/>\n\t<meta property=\"og:image:type\" content=\"image\/jpeg\" \/>\n<meta name=\"twitter:card\" content=\"summary_large_image\" \/>\n<meta name=\"twitter:label1\" content=\"Dur\u00e9e de lecture estim\u00e9e\" \/>\n\t<meta name=\"twitter:data1\" content=\"2 minutes\" \/>\n<script type=\"application\/ld+json\" class=\"yoast-schema-graph\">{\"@context\":\"https:\/\/schema.org\",\"@graph\":[{\"@type\":\"WebPage\",\"@id\":\"https:\/\/www.uni.lu\/fr\/a-propos\/organisation\/administration\/bureau-des-partenariats-du-transfert-de-connaissances-et-de-technologies\/\",\"url\":\"https:\/\/www.uni.lu\/fr\/a-propos\/organisation\/administration\/bureau-des-partenariats-du-transfert-de-connaissances-et-de-technologies\/\",\"name\":\"Bureau des partenariats, du transfert de connaissances et de technologies (PaKTT) - Universit\u00e9 du Luxembourg\",\"isPartOf\":{\"@id\":\"https:\/\/www.uni.lu\/fr\/#website\"},\"datePublished\":\"2023-10-09T15:29:55+00:00\",\"dateModified\":\"2025-08-11T12:02:54+00:00\",\"description\":\"Le\u202fBureau des partenariats, du transfert de connaissances et de technologies\u202f(PaKTT) est au service des chercheurs et de la soci\u00e9t\u00e9 civile.\",\"breadcrumb\":{\"@id\":\"https:\/\/www.uni.lu\/fr\/a-propos\/organisation\/administration\/bureau-des-partenariats-du-transfert-de-connaissances-et-de-technologies\/#breadcrumb\"},\"inLanguage\":\"fr-FR\",\"potentialAction\":[{\"@type\":\"ReadAction\",\"target\":[\"https:\/\/www.uni.lu\/fr\/a-propos\/organisation\/administration\/bureau-des-partenariats-du-transfert-de-connaissances-et-de-technologies\/\"]}]},{\"@type\":\"BreadcrumbList\",\"@id\":\"https:\/\/www.uni.lu\/fr\/a-propos\/organisation\/administration\/bureau-des-partenariats-du-transfert-de-connaissances-et-de-technologies\/#breadcrumb\",\"itemListElement\":[{\"@type\":\"ListItem\",\"position\":1,\"name\":\"Home\",\"item\":\"https:\/\/www.uni.lu\/fr\/\"},{\"@type\":\"ListItem\",\"position\":2,\"name\":\"\u00c0 propos\",\"item\":\"https:\/\/www.uni.lu\/fr\/a-propos\/\"},{\"@type\":\"ListItem\",\"position\":3,\"name\":\"Organisation\",\"item\":\"https:\/\/www.uni.lu\/fr\/a-propos\/organisation\/\"},{\"@type\":\"ListItem\",\"position\":4,\"name\":\"Administration\",\"item\":\"https:\/\/www.uni.lu\/fr\/a-propos\/organisation\/administration\/\"},{\"@type\":\"ListItem\",\"position\":5,\"name\":\"Bureau des partenariats, du transfert de connaissances et de technologies (PaKTT)\"}]},{\"@type\":\"WebSite\",\"@id\":\"https:\/\/www.uni.lu\/fr\/#website\",\"url\":\"https:\/\/www.uni.lu\/fr\/\",\"name\":\"Uni.lu\",\"description\":\"Universit\u00e9 du Luxembourg\",\"publisher\":{\"@id\":\"https:\/\/www.uni.lu\/fr\/#organization\"},\"alternateName\":\"Universit\u00e9 du Luxembourg\",\"potentialAction\":[{\"@type\":\"SearchAction\",\"target\":{\"@type\":\"EntryPoint\",\"urlTemplate\":\"https:\/\/www.uni.lu\/fr\/?s={search_term_string}\"},\"query-input\":\"required name=search_term_string\"}],\"inLanguage\":\"fr-FR\"},{\"@type\":\"Organization\",\"@id\":\"https:\/\/www.uni.lu\/fr\/#organization\",\"name\":\"Universit\u00e9 du Luxembourg\",\"alternateName\":\"Uni.lu\",\"url\":\"https:\/\/www.uni.lu\/fr\/\",\"logo\":{\"@type\":\"ImageObject\",\"inLanguage\":\"fr-FR\",\"@id\":\"https:\/\/www.uni.lu\/fr\/#\/schema\/logo\/image\/\",\"url\":\"https:\/\/www.uni.lu\/wp-content\/uploads\/sites\/11\/2026\/03\/03120045\/UNIV_SM-Profile_1600x1600px-scaled.jpg\",\"contentUrl\":\"https:\/\/www.uni.lu\/wp-content\/uploads\/sites\/11\/2026\/03\/03120045\/UNIV_SM-Profile_1600x1600px-scaled.jpg\",\"width\":2560,\"height\":2560,\"caption\":\"Universit\u00e9 du Luxembourg\"},\"image\":{\"@id\":\"https:\/\/www.uni.lu\/fr\/#\/schema\/logo\/image\/\"},\"sameAs\":[\"https:\/\/www.facebook.com\/uni.lu\",\"https:\/\/www.linkedin.com\/school\/university-of-luxembourg\/\",\"https:\/\/www.instagram.com\/uni.lu\",\"https:\/\/www.youtube.com\/@uni_lu\",\"https:\/\/en.wikipedia.org\/wiki\/University_of_Luxembourg\"]}]}<\/script>\n<!-- \/ Yoast SEO Premium plugin. -->","yoast_head_json":{"title":"Bureau des partenariats, du transfert de connaissances et de technologies (PaKTT) - Universit\u00e9 du Luxembourg","description":"Le\u202fBureau des partenariats, du transfert de connaissances et de technologies\u202f(PaKTT) est au service des chercheurs et de la soci\u00e9t\u00e9 civile.","robots":{"index":"index","follow":"follow","max-snippet":"max-snippet:-1","max-image-preview":"max-image-preview:large","max-video-preview":"max-video-preview:-1"},"canonical":"https:\/\/www.uni.lu\/fr\/a-propos\/organisation\/administration\/bureau-des-partenariats-du-transfert-de-connaissances-et-de-technologies\/","og_locale":"fr_FR","og_type":"article","og_title":"Bureau des partenariats, du transfert de connaissances et de technologies (PaKTT)","og_description":"Le\u202fBureau des partenariats, du transfert de connaissances et de technologies\u202f(PaKTT) est au service des chercheurs et de la soci\u00e9t\u00e9 civile.","og_url":"https:\/\/www.uni.lu\/fr\/a-propos\/organisation\/administration\/bureau-des-partenariats-du-transfert-de-connaissances-et-de-technologies\/","og_site_name":"UNI FR","article_publisher":"https:\/\/www.facebook.com\/uni.lu","article_modified_time":"2025-08-11T12:02:54+00:00","og_image":[{"width":2560,"height":2560,"url":"https:\/\/www.uni.lu\/wp-content\/uploads\/sites\/11\/2026\/03\/03120045\/UNIV_SM-Profile_1600x1600px-scaled.jpg","type":"image\/jpeg"}],"twitter_card":"summary_large_image","twitter_misc":{"Dur\u00e9e de lecture estim\u00e9e":"2 minutes"},"schema":{"@context":"https:\/\/schema.org","@graph":[{"@type":"WebPage","@id":"https:\/\/www.uni.lu\/fr\/a-propos\/organisation\/administration\/bureau-des-partenariats-du-transfert-de-connaissances-et-de-technologies\/","url":"https:\/\/www.uni.lu\/fr\/a-propos\/organisation\/administration\/bureau-des-partenariats-du-transfert-de-connaissances-et-de-technologies\/","name":"Bureau des partenariats, du transfert de connaissances et de technologies (PaKTT) - Universit\u00e9 du Luxembourg","isPartOf":{"@id":"https:\/\/www.uni.lu\/fr\/#website"},"datePublished":"2023-10-09T15:29:55+00:00","dateModified":"2025-08-11T12:02:54+00:00","description":"Le\u202fBureau des partenariats, du transfert de connaissances et de technologies\u202f(PaKTT) est au service des chercheurs et de la soci\u00e9t\u00e9 civile.","breadcrumb":{"@id":"https:\/\/www.uni.lu\/fr\/a-propos\/organisation\/administration\/bureau-des-partenariats-du-transfert-de-connaissances-et-de-technologies\/#breadcrumb"},"inLanguage":"fr-FR","potentialAction":[{"@type":"ReadAction","target":["https:\/\/www.uni.lu\/fr\/a-propos\/organisation\/administration\/bureau-des-partenariats-du-transfert-de-connaissances-et-de-technologies\/"]}]},{"@type":"BreadcrumbList","@id":"https:\/\/www.uni.lu\/fr\/a-propos\/organisation\/administration\/bureau-des-partenariats-du-transfert-de-connaissances-et-de-technologies\/#breadcrumb","itemListElement":[{"@type":"ListItem","position":1,"name":"Home","item":"https:\/\/www.uni.lu\/fr\/"},{"@type":"ListItem","position":2,"name":"\u00c0 propos","item":"https:\/\/www.uni.lu\/fr\/a-propos\/"},{"@type":"ListItem","position":3,"name":"Organisation","item":"https:\/\/www.uni.lu\/fr\/a-propos\/organisation\/"},{"@type":"ListItem","position":4,"name":"Administration","item":"https:\/\/www.uni.lu\/fr\/a-propos\/organisation\/administration\/"},{"@type":"ListItem","position":5,"name":"Bureau des partenariats, du transfert de connaissances et de technologies (PaKTT)"}]},{"@type":"WebSite","@id":"https:\/\/www.uni.lu\/fr\/#website","url":"https:\/\/www.uni.lu\/fr\/","name":"Uni.lu","description":"Universit\u00e9 du Luxembourg","publisher":{"@id":"https:\/\/www.uni.lu\/fr\/#organization"},"alternateName":"Universit\u00e9 du Luxembourg","potentialAction":[{"@type":"SearchAction","target":{"@type":"EntryPoint","urlTemplate":"https:\/\/www.uni.lu\/fr\/?s={search_term_string}"},"query-input":"required name=search_term_string"}],"inLanguage":"fr-FR"},{"@type":"Organization","@id":"https:\/\/www.uni.lu\/fr\/#organization","name":"Universit\u00e9 du Luxembourg","alternateName":"Uni.lu","url":"https:\/\/www.uni.lu\/fr\/","logo":{"@type":"ImageObject","inLanguage":"fr-FR","@id":"https:\/\/www.uni.lu\/fr\/#\/schema\/logo\/image\/","url":"https:\/\/www.uni.lu\/wp-content\/uploads\/sites\/11\/2026\/03\/03120045\/UNIV_SM-Profile_1600x1600px-scaled.jpg","contentUrl":"https:\/\/www.uni.lu\/wp-content\/uploads\/sites\/11\/2026\/03\/03120045\/UNIV_SM-Profile_1600x1600px-scaled.jpg","width":2560,"height":2560,"caption":"Universit\u00e9 du Luxembourg"},"image":{"@id":"https:\/\/www.uni.lu\/fr\/#\/schema\/logo\/image\/"},"sameAs":["https:\/\/www.facebook.com\/uni.lu","https:\/\/www.linkedin.com\/school\/university-of-luxembourg\/","https:\/\/www.instagram.com\/uni.lu","https:\/\/www.youtube.com\/@uni_lu","https:\/\/en.wikipedia.org\/wiki\/University_of_Luxembourg"]}]}},"ticketed":false,"_links":{"self":[{"href":"https:\/\/www.uni.lu\/fr\/wp-json\/wp\/v2\/pages\/3329"}],"collection":[{"href":"https:\/\/www.uni.lu\/fr\/wp-json\/wp\/v2\/pages"}],"about":[{"href":"https:\/\/www.uni.lu\/fr\/wp-json\/wp\/v2\/types\/page"}],"author":[{"embeddable":true,"href":"https:\/\/www.uni.lu\/fr\/wp-json\/wp\/v2\/users\/58"}],"replies":[{"embeddable":true,"href":"https:\/\/www.uni.lu\/fr\/wp-json\/wp\/v2\/comments?post=3329"}],"version-history":[{"count":5,"href":"https:\/\/www.uni.lu\/fr\/wp-json\/wp\/v2\/pages\/3329\/revisions"}],"predecessor-version":[{"id":17083,"href":"https:\/\/www.uni.lu\/fr\/wp-json\/wp\/v2\/pages\/3329\/revisions\/17083"}],"up":[{"embeddable":true,"href":"https:\/\/www.uni.lu\/fr\/wp-json\/wp\/v2\/pages\/3111"}],"wp:authorship":[{"embeddable":true,"href":"https:\/\/www.uni.lu\/fr\/wp-json\/wp\/v2\/users\/58"},{"embeddable":true,"href":"https:\/\/www.uni.lu\/fr\/wp-json\/wp\/v2\/users\/33"}],"wp:attachment":[{"href":"https:\/\/www.uni.lu\/fr\/wp-json\/wp\/v2\/media?parent=3329"}],"wp:term":[{"taxonomy":"field-of-interest","embeddable":true,"href":"https:\/\/www.uni.lu\/fr\/wp-json\/wp\/v2\/field-of-interest?post=3329"},{"taxonomy":"organisation","embeddable":true,"href":"https:\/\/www.uni.lu\/fr\/wp-json\/wp\/v2\/organisation?post=3329"}],"curies":[{"name":"wp","href":"https:\/\/api.w.org\/{rel}","templated":true}]}}