{"id":3321,"date":"2023-10-09T17:04:05","date_gmt":"2023-10-09T15:04:05","guid":{"rendered":"https:\/\/www.uni.lu\/fr\/?page_id=3321"},"modified":"2025-07-21T15:30:25","modified_gmt":"2025-07-21T13:30:25","slug":"vice-rectorat-de-la-recherche","status":"publish","type":"page","link":"https:\/\/www.uni.lu\/fr\/a-propos\/organisation\/administration\/vice-rectorat-de-la-recherche\/","title":{"rendered":"Vice-rectrice recherche"},"content":{"rendered":"\n<section class=\"wp-block-unilux-blocks-free-section section\"><div class=\"container xl:max-w-screen-xl\">\n<h2 class=\"has-text-align-left wp-block-unilux-blocks-heading\"        id=\"vice-rectrice-recherche\"\n    >\nVice-rectrice recherche<\/h2>\n\n\n\n<p>La professeur Simone Niclou a pris ses fonctions de vice-rectrice \u00e0 la recherche de l&rsquo;Universit\u00e9 du Luxembourg le 1er mars 2023.<\/p>\n\n\n\n<p>La vice-rectrice \u00e0 la recherche est responsable de la vision, du programme de recherche de l&rsquo;Universit\u00e9, ainsi que de l&rsquo;\u00e9valuation et de l&rsquo;am\u00e9lioration de la qualit\u00e9 et des r\u00e9sultats de la recherche.<\/p>\n\n\n\n<p>Prof. Dr. Niclou est charg\u00e9e de coordonner les efforts de l&rsquo;universit\u00e9 pour \u00e9tablir et d\u00e9velopper l&rsquo;enseignement et la recherche dans le domaine des sciences de la vie, de la m\u00e9decine et des professions de sant\u00e9, en \u00e9troite concertation avec les acteurs nationaux.<\/p>\n\n\n\n<p>Parmi ses autres responsabilit\u00e9s cl\u00e9s figurent le renforcement des initiatives interdisciplinaires et d&rsquo;innovation, ainsi que la formation doctorale. Elle repr\u00e9sente l&rsquo;universit\u00e9 dans les comit\u00e9s et organisations scientifiques nationaux et internationaux et \u00e9tablit des relations avec les acteurs publics et industriels concern\u00e9s.<\/p>\n\n\n<div class=\"py-48 first:pt-0 last:pb-0 wp-block-unilux-blocks-people-list\">\n    \n<h2 class=\"has-text-align-left wp-block-unilux-blocks-heading\"        id=\"vice-rectrice-recherche\"\n    >\nVice-rectrice recherche<\/h2>\n<ul class=\"flex flex-wrap -mx-16 wp-block-unilux-blocks-people-item-wrapper\">\n    <li class=\"w-full md:w-1\/2 p-16 wp-block-unilux-blocks-people-item-automated\"><div class=\"ulux-card card-people bg-theme\"><div class=\"list-people bg-theme\">\n    <div class=\"list-people__container\">\n        <div class=\"list-people__visual\">\n            <figure class=\"wp-block-dev4-reusable-blocks-image\">\n                <!-- Template Image Component: default -->\n<img decoding=\"async\" class=\"w-full\" width=\"\" height=\"\" rel=\"\" alt=\"Prof Simone NICLOU\" src=\"https:\/\/www.uni.lu\/en\/person-image\/NTAwMzU1OTBfX1NpbW9uZSBOSUNMT1U=\" srcset=\"https:\/\/www.uni.lu\/en\/person-image\/NTAwMzU1OTBfX1NpbW9uZSBOSUNMT1U=--thumbnail 150w,https:\/\/www.uni.lu\/en\/person-image\/NTAwMzU1OTBfX1NpbW9uZSBOSUNMT1U=--medium 300w,https:\/\/www.uni.lu\/en\/person-image\/NTAwMzU1OTBfX1NpbW9uZSBOSUNMT1U=--medium_large 768w,https:\/\/www.uni.lu\/en\/person-image\/NTAwMzU1OTBfX1NpbW9uZSBOSUNMT1U=--large 1024w,https:\/\/www.uni.lu\/en\/person-image\/NTAwMzU1OTBfX1NpbW9uZSBOSUNMT1U=--1536x1536 1536w,https:\/\/www.uni.lu\/en\/person-image\/NTAwMzU1OTBfX1NpbW9uZSBOSUNMT1U=--2048x2048 2048w\" loading=\"lazy\" \/><!-- end Image Component -->\n            <\/figure>\n        <\/div>\n        <div class=\"list-people__body\">\n            <h3 class=\"list-people__title\">Prof Simone NICLOU<\/h3>\n            <p class=\"list-people__description\">Vice-rector for research<\/p>\n            <div class=\"wp-block-unilux-blocks-simple-cta wp-block-unilux-blocks-people-item-automated\">\n    <a\n        href=\"https:\/\/www.uni.lu\/fstm-en\/people\/simone-niclou\/\"\n        title=\"Prof Simone NICLOU\"\n        class=\"link-text link-text--icon list-people__link link-absolute\"\n        target=\"\"\n    >\n        <span class=\"link-text__body\">\n            <span class=\"link-text__name\">Voir le profil<\/span>\n        <\/span>\n        <svg aria-hidden=\"true\" focusable=\"false\" class=\"icon icon-outline icon--arrow-right \"><use xlink:href=\"https:\/\/www.uni.lu\/wp-content\/themes\/unilux-theme\/assets\/images\/icons\/icons-outline.svg#icon--arrow-right\"><\/use><\/svg>    <\/a>\n<\/div>\n        <\/div>\n    <\/div>\n<\/div>\n<\/div><\/li><\/ul>\n\n<\/div>\n\n\n\n<div class=\"wp-block-unilux-blocks-spacer is-spacer-size-sm\"><\/div>\n\n\n<p>L&rsquo;\u00e9quipe de la Vice-rectrice est compos\u00e9e de :<\/p>\n\n\n\n<ul class=\"ulux-list\">\n<li class=\"ulux-list-item\"><a href=\"https:\/\/www.uni.lu\/en\/people\/haizia-kechiche\/\"><strong>Haizia Kechiche<\/strong> (assistante personnelle de la vice-rectrice)<\/a><\/li>\n\n\n\n<li class=\"ulux-list-item\"><a href=\"https:\/\/www.uni.lu\/en\/people\/sylvie-fromentin\/\"><strong>Sylvie Fromentin<\/strong> (coordinatrice des projets strat\u00e9giques)<\/a><\/li>\n\n\n\n<li class=\"ulux-list-item\"><a href=\"https:\/\/www.uni.lu\/en\/people\/heike-scheuerpflug-hassane\/\"><strong>Heike Scheuerpflug<\/strong> (chef du service de recherche)<\/a><\/li>\n\n\n\n<li class=\"ulux-list-item\"><a href=\"https:\/\/www.uni.lu\/en\/people\/anja-lenninger\/\"><strong>Anja Lenninger<\/strong> (responsable du bureau des \u00e9tudes doctorales)<\/a><\/li>\n\n\n\n<li class=\"ulux-list-item\"><a href=\"https:\/\/www.uni.lu\/en\/people\/paula-souza\/\"><strong>Paula Souza<\/strong> (conseill\u00e8re strat\u00e9gique de la vice-rectrice)<\/a><\/li>\n\n\n\n<li class=\"ulux-list-item\"><a href=\"https:\/\/www.uni.lu\/en\/people\/marianna-bevova\/\"><strong>Marianna Bevova<\/strong> (Strategic Advisor to the Vice-rector focus on Medicine and Health Professions)<\/a><\/li>\n<\/ul>\n<\/div><\/section>\n\n\n\n<section class=\"wp-block-unilux-blocks-free-section section\"><div class=\"container xl:max-w-screen-xl\">\n<h2 class=\"has-text-align-left wp-block-unilux-blocks-heading\"        id=\"sous-lautorite-de-la-vice-rectrice-recherche\"\n    >\nSous l&rsquo;autorit\u00e9 de la vice-rectrice recherche<\/h2>\n\n\n\n<ul class=\"wp-block-unilux-blocks-quick-link-underline\">\n    \n<li class=\"wp-block-unilux-blocks-quick-link-underline-item\">\n    <a\n            href=\"https:\/\/www.uni.lu\/fr\/a-propos\/organisation\/administration\/service-de-recherche\/\"\n            class=\"wp-block-unilux-blocks-anchor\"        target=\"\"\n>\n    \n<span class=\"hero__title__subject wp-block-unilux-blocks-plain-text\">Service de recherche<\/span><svg aria-hidden=\"true\" focusable=\"false\" class=\"icon icon-outline icon--arrow-right \"><use xlink:href=\"https:\/\/www.uni.lu\/wp-content\/themes\/unilux-theme\/assets\/images\/icons\/icons-outline.svg#icon--arrow-right\"><\/use><\/svg><\/a>\n<\/li>\n\n<li class=\"wp-block-unilux-blocks-quick-link-underline-item\">\n    <a\n            href=\"https:\/\/www.uni.lu\/fr\/a-propos\/organisation\/administration\/bureau-des-etudes-doctorales\/\"\n            class=\"wp-block-unilux-blocks-anchor\"        target=\"\"\n>\n    \n<span class=\"hero__title__subject wp-block-unilux-blocks-plain-text\">Bureau des \u00c9tudes Doctorales<\/span><svg aria-hidden=\"true\" focusable=\"false\" class=\"icon icon-outline icon--arrow-right \"><use xlink:href=\"https:\/\/www.uni.lu\/wp-content\/themes\/unilux-theme\/assets\/images\/icons\/icons-outline.svg#icon--arrow-right\"><\/use><\/svg><\/a>\n<\/li>\n<\/ul><\/div><\/section>\n","protected":false},"excerpt":{"rendered":"","protected":false},"author":33,"featured_media":0,"parent":3111,"menu_order":0,"comment_status":"closed","ping_status":"closed","template":"","meta":{"featured_image_focal_point":[],"show_featured_caption":false,"ulux_newsletter_groups":"","uluxPostTitle":"","uluxPrePostTitle":"","_trash_the_other_posts":false,"_price":"","_stock":"","_tribe_ticket_header":"","_tribe_default_ticket_provider":"","_tribe_ticket_capacity":"0","_ticket_start_date":"","_ticket_end_date":"","_tribe_ticket_show_description":"","_tribe_ticket_show_not_going":false,"_tribe_ticket_use_global_stock":"","_tribe_ticket_global_stock_level":"","_global_stock_mode":"","_global_stock_cap":"","_tribe_rsvp_for_event":"","_tribe_ticket_going_count":"","_tribe_ticket_not_going_count":"","_tribe_tickets_list":"[]","_tribe_ticket_has_attendee_info_fields":false,"footnotes":""},"field-of-interest":[],"organisation":[],"authorship":[33],"acf":[],"yoast_head":"<!-- This site is optimized with the Yoast SEO Premium plugin v22.3 (Yoast SEO v22.3) - https:\/\/yoast.com\/wordpress\/plugins\/seo\/ -->\n<title>Vice-rectrice recherche - Universit\u00e9 du Luxembourg<\/title>\n<meta name=\"description\" content=\"La professeur Simone Niclou a pris ses fonctions de vice-rectrice \u00e0 la recherche de l&#039;Universit\u00e9 du Luxembourg le 1er mars 2023.\" \/>\n<meta name=\"robots\" content=\"index, follow, max-snippet:-1, max-image-preview:large, max-video-preview:-1\" \/>\n<link rel=\"canonical\" href=\"https:\/\/www.uni.lu\/fr\/a-propos\/organisation\/administration\/vice-rectorat-de-la-recherche\/\" \/>\n<meta property=\"og:locale\" content=\"fr_FR\" \/>\n<meta property=\"og:type\" content=\"article\" \/>\n<meta property=\"og:title\" content=\"Vice-rectrice recherche\" \/>\n<meta property=\"og:description\" content=\"La professeur Simone Niclou a pris ses fonctions de vice-rectrice \u00e0 la recherche de l&#039;Universit\u00e9 du Luxembourg le 1er mars 2023.\" \/>\n<meta property=\"og:url\" content=\"https:\/\/www.uni.lu\/fr\/a-propos\/organisation\/administration\/vice-rectorat-de-la-recherche\/\" \/>\n<meta property=\"og:site_name\" content=\"UNI FR\" \/>\n<meta property=\"article:publisher\" content=\"https:\/\/www.facebook.com\/uni.lu\" \/>\n<meta property=\"article:modified_time\" content=\"2025-07-21T13:30:25+00:00\" \/>\n<meta property=\"og:image\" content=\"https:\/\/www.uni.lu\/wp-content\/uploads\/sites\/11\/2026\/03\/03120045\/UNIV_SM-Profile_1600x1600px-scaled.jpg\" \/>\n\t<meta property=\"og:image:width\" content=\"2560\" \/>\n\t<meta property=\"og:image:height\" content=\"2560\" \/>\n\t<meta property=\"og:image:type\" content=\"image\/jpeg\" \/>\n<meta name=\"twitter:card\" content=\"summary_large_image\" \/>\n<meta name=\"twitter:label1\" content=\"Dur\u00e9e de lecture estim\u00e9e\" \/>\n\t<meta name=\"twitter:data1\" content=\"1 minute\" \/>\n<script type=\"application\/ld+json\" class=\"yoast-schema-graph\">{\"@context\":\"https:\/\/schema.org\",\"@graph\":[{\"@type\":\"WebPage\",\"@id\":\"https:\/\/www.uni.lu\/fr\/a-propos\/organisation\/administration\/vice-rectorat-de-la-recherche\/\",\"url\":\"https:\/\/www.uni.lu\/fr\/a-propos\/organisation\/administration\/vice-rectorat-de-la-recherche\/\",\"name\":\"Vice-rectrice recherche - Universit\u00e9 du Luxembourg\",\"isPartOf\":{\"@id\":\"https:\/\/www.uni.lu\/fr\/#website\"},\"datePublished\":\"2023-10-09T15:04:05+00:00\",\"dateModified\":\"2025-07-21T13:30:25+00:00\",\"description\":\"La professeur Simone Niclou a pris ses fonctions de vice-rectrice \u00e0 la recherche de l'Universit\u00e9 du Luxembourg le 1er mars 2023.\",\"breadcrumb\":{\"@id\":\"https:\/\/www.uni.lu\/fr\/a-propos\/organisation\/administration\/vice-rectorat-de-la-recherche\/#breadcrumb\"},\"inLanguage\":\"fr-FR\",\"potentialAction\":[{\"@type\":\"ReadAction\",\"target\":[\"https:\/\/www.uni.lu\/fr\/a-propos\/organisation\/administration\/vice-rectorat-de-la-recherche\/\"]}]},{\"@type\":\"BreadcrumbList\",\"@id\":\"https:\/\/www.uni.lu\/fr\/a-propos\/organisation\/administration\/vice-rectorat-de-la-recherche\/#breadcrumb\",\"itemListElement\":[{\"@type\":\"ListItem\",\"position\":1,\"name\":\"Home\",\"item\":\"https:\/\/www.uni.lu\/fr\/\"},{\"@type\":\"ListItem\",\"position\":2,\"name\":\"\u00c0 propos\",\"item\":\"https:\/\/www.uni.lu\/fr\/a-propos\/\"},{\"@type\":\"ListItem\",\"position\":3,\"name\":\"Organisation\",\"item\":\"https:\/\/www.uni.lu\/fr\/a-propos\/organisation\/\"},{\"@type\":\"ListItem\",\"position\":4,\"name\":\"Administration\",\"item\":\"https:\/\/www.uni.lu\/fr\/a-propos\/organisation\/administration\/\"},{\"@type\":\"ListItem\",\"position\":5,\"name\":\"Vice-rectrice recherche\"}]},{\"@type\":\"WebSite\",\"@id\":\"https:\/\/www.uni.lu\/fr\/#website\",\"url\":\"https:\/\/www.uni.lu\/fr\/\",\"name\":\"Uni.lu\",\"description\":\"Universit\u00e9 du Luxembourg\",\"publisher\":{\"@id\":\"https:\/\/www.uni.lu\/fr\/#organization\"},\"alternateName\":\"Universit\u00e9 du Luxembourg\",\"potentialAction\":[{\"@type\":\"SearchAction\",\"target\":{\"@type\":\"EntryPoint\",\"urlTemplate\":\"https:\/\/www.uni.lu\/fr\/?s={search_term_string}\"},\"query-input\":\"required name=search_term_string\"}],\"inLanguage\":\"fr-FR\"},{\"@type\":\"Organization\",\"@id\":\"https:\/\/www.uni.lu\/fr\/#organization\",\"name\":\"Universit\u00e9 du Luxembourg\",\"alternateName\":\"Uni.lu\",\"url\":\"https:\/\/www.uni.lu\/fr\/\",\"logo\":{\"@type\":\"ImageObject\",\"inLanguage\":\"fr-FR\",\"@id\":\"https:\/\/www.uni.lu\/fr\/#\/schema\/logo\/image\/\",\"url\":\"https:\/\/www.uni.lu\/wp-content\/uploads\/sites\/11\/2026\/03\/03120045\/UNIV_SM-Profile_1600x1600px-scaled.jpg\",\"contentUrl\":\"https:\/\/www.uni.lu\/wp-content\/uploads\/sites\/11\/2026\/03\/03120045\/UNIV_SM-Profile_1600x1600px-scaled.jpg\",\"width\":2560,\"height\":2560,\"caption\":\"Universit\u00e9 du Luxembourg\"},\"image\":{\"@id\":\"https:\/\/www.uni.lu\/fr\/#\/schema\/logo\/image\/\"},\"sameAs\":[\"https:\/\/www.facebook.com\/uni.lu\",\"https:\/\/www.linkedin.com\/school\/university-of-luxembourg\/\",\"https:\/\/www.instagram.com\/uni.lu\",\"https:\/\/www.youtube.com\/@uni_lu\",\"https:\/\/en.wikipedia.org\/wiki\/University_of_Luxembourg\"]}]}<\/script>\n<!-- \/ Yoast SEO Premium plugin. -->","yoast_head_json":{"title":"Vice-rectrice recherche - Universit\u00e9 du Luxembourg","description":"La professeur Simone Niclou a pris ses fonctions de vice-rectrice \u00e0 la recherche de l'Universit\u00e9 du Luxembourg le 1er mars 2023.","robots":{"index":"index","follow":"follow","max-snippet":"max-snippet:-1","max-image-preview":"max-image-preview:large","max-video-preview":"max-video-preview:-1"},"canonical":"https:\/\/www.uni.lu\/fr\/a-propos\/organisation\/administration\/vice-rectorat-de-la-recherche\/","og_locale":"fr_FR","og_type":"article","og_title":"Vice-rectrice recherche","og_description":"La professeur Simone Niclou a pris ses fonctions de vice-rectrice \u00e0 la recherche de l'Universit\u00e9 du Luxembourg le 1er mars 2023.","og_url":"https:\/\/www.uni.lu\/fr\/a-propos\/organisation\/administration\/vice-rectorat-de-la-recherche\/","og_site_name":"UNI FR","article_publisher":"https:\/\/www.facebook.com\/uni.lu","article_modified_time":"2025-07-21T13:30:25+00:00","og_image":[{"width":2560,"height":2560,"url":"https:\/\/www.uni.lu\/wp-content\/uploads\/sites\/11\/2026\/03\/03120045\/UNIV_SM-Profile_1600x1600px-scaled.jpg","type":"image\/jpeg"}],"twitter_card":"summary_large_image","twitter_misc":{"Dur\u00e9e de lecture estim\u00e9e":"1 minute"},"schema":{"@context":"https:\/\/schema.org","@graph":[{"@type":"WebPage","@id":"https:\/\/www.uni.lu\/fr\/a-propos\/organisation\/administration\/vice-rectorat-de-la-recherche\/","url":"https:\/\/www.uni.lu\/fr\/a-propos\/organisation\/administration\/vice-rectorat-de-la-recherche\/","name":"Vice-rectrice recherche - Universit\u00e9 du Luxembourg","isPartOf":{"@id":"https:\/\/www.uni.lu\/fr\/#website"},"datePublished":"2023-10-09T15:04:05+00:00","dateModified":"2025-07-21T13:30:25+00:00","description":"La professeur Simone Niclou a pris ses fonctions de vice-rectrice \u00e0 la recherche de l'Universit\u00e9 du Luxembourg le 1er mars 2023.","breadcrumb":{"@id":"https:\/\/www.uni.lu\/fr\/a-propos\/organisation\/administration\/vice-rectorat-de-la-recherche\/#breadcrumb"},"inLanguage":"fr-FR","potentialAction":[{"@type":"ReadAction","target":["https:\/\/www.uni.lu\/fr\/a-propos\/organisation\/administration\/vice-rectorat-de-la-recherche\/"]}]},{"@type":"BreadcrumbList","@id":"https:\/\/www.uni.lu\/fr\/a-propos\/organisation\/administration\/vice-rectorat-de-la-recherche\/#breadcrumb","itemListElement":[{"@type":"ListItem","position":1,"name":"Home","item":"https:\/\/www.uni.lu\/fr\/"},{"@type":"ListItem","position":2,"name":"\u00c0 propos","item":"https:\/\/www.uni.lu\/fr\/a-propos\/"},{"@type":"ListItem","position":3,"name":"Organisation","item":"https:\/\/www.uni.lu\/fr\/a-propos\/organisation\/"},{"@type":"ListItem","position":4,"name":"Administration","item":"https:\/\/www.uni.lu\/fr\/a-propos\/organisation\/administration\/"},{"@type":"ListItem","position":5,"name":"Vice-rectrice recherche"}]},{"@type":"WebSite","@id":"https:\/\/www.uni.lu\/fr\/#website","url":"https:\/\/www.uni.lu\/fr\/","name":"Uni.lu","description":"Universit\u00e9 du Luxembourg","publisher":{"@id":"https:\/\/www.uni.lu\/fr\/#organization"},"alternateName":"Universit\u00e9 du Luxembourg","potentialAction":[{"@type":"SearchAction","target":{"@type":"EntryPoint","urlTemplate":"https:\/\/www.uni.lu\/fr\/?s={search_term_string}"},"query-input":"required name=search_term_string"}],"inLanguage":"fr-FR"},{"@type":"Organization","@id":"https:\/\/www.uni.lu\/fr\/#organization","name":"Universit\u00e9 du Luxembourg","alternateName":"Uni.lu","url":"https:\/\/www.uni.lu\/fr\/","logo":{"@type":"ImageObject","inLanguage":"fr-FR","@id":"https:\/\/www.uni.lu\/fr\/#\/schema\/logo\/image\/","url":"https:\/\/www.uni.lu\/wp-content\/uploads\/sites\/11\/2026\/03\/03120045\/UNIV_SM-Profile_1600x1600px-scaled.jpg","contentUrl":"https:\/\/www.uni.lu\/wp-content\/uploads\/sites\/11\/2026\/03\/03120045\/UNIV_SM-Profile_1600x1600px-scaled.jpg","width":2560,"height":2560,"caption":"Universit\u00e9 du Luxembourg"},"image":{"@id":"https:\/\/www.uni.lu\/fr\/#\/schema\/logo\/image\/"},"sameAs":["https:\/\/www.facebook.com\/uni.lu","https:\/\/www.linkedin.com\/school\/university-of-luxembourg\/","https:\/\/www.instagram.com\/uni.lu","https:\/\/www.youtube.com\/@uni_lu","https:\/\/en.wikipedia.org\/wiki\/University_of_Luxembourg"]}]}},"ticketed":false,"_links":{"self":[{"href":"https:\/\/www.uni.lu\/fr\/wp-json\/wp\/v2\/pages\/3321"}],"collection":[{"href":"https:\/\/www.uni.lu\/fr\/wp-json\/wp\/v2\/pages"}],"about":[{"href":"https:\/\/www.uni.lu\/fr\/wp-json\/wp\/v2\/types\/page"}],"author":[{"embeddable":true,"href":"https:\/\/www.uni.lu\/fr\/wp-json\/wp\/v2\/users\/33"}],"replies":[{"embeddable":true,"href":"https:\/\/www.uni.lu\/fr\/wp-json\/wp\/v2\/comments?post=3321"}],"version-history":[{"count":5,"href":"https:\/\/www.uni.lu\/fr\/wp-json\/wp\/v2\/pages\/3321\/revisions"}],"predecessor-version":[{"id":15960,"href":"https:\/\/www.uni.lu\/fr\/wp-json\/wp\/v2\/pages\/3321\/revisions\/15960"}],"up":[{"embeddable":true,"href":"https:\/\/www.uni.lu\/fr\/wp-json\/wp\/v2\/pages\/3111"}],"wp:authorship":[{"embeddable":true,"href":"https:\/\/www.uni.lu\/fr\/wp-json\/wp\/v2\/users\/33"}],"wp:attachment":[{"href":"https:\/\/www.uni.lu\/fr\/wp-json\/wp\/v2\/media?parent=3321"}],"wp:term":[{"taxonomy":"field-of-interest","embeddable":true,"href":"https:\/\/www.uni.lu\/fr\/wp-json\/wp\/v2\/field-of-interest?post=3321"},{"taxonomy":"organisation","embeddable":true,"href":"https:\/\/www.uni.lu\/fr\/wp-json\/wp\/v2\/organisation?post=3321"}],"curies":[{"name":"wp","href":"https:\/\/api.w.org\/{rel}","templated":true}]}}