{"id":3233,"date":"2023-10-06T17:40:43","date_gmt":"2023-10-06T15:40:43","guid":{"rendered":"https:\/\/www.uni.lu\/fr\/?page_id=3233"},"modified":"2026-04-10T16:35:44","modified_gmt":"2026-04-10T14:35:44","slug":"strategy-planning","status":"publish","type":"page","link":"https:\/\/www.uni.lu\/fr\/a-propos\/organisation\/administration\/service-de-facility-management\/strategy-planning\/","title":{"rendered":"Facility Management Strategy and Planning"},"content":{"rendered":"<section class=\"section section pb-0 wp-block-unilux-blocks-page-intro py-0\">\n    \n<div class=\"wp-block-unilux-blocks-wrapper container xl:max-w-screen-xl\">\n<div class=\"wp-block-unilux-blocks-wrapper flex flex-wrap -mx-16\">\n<div class=\"wp-block-unilux-blocks-wrapper flex-1 mb-48 px-16\">\n<h2 class=\"has-text-align-left wp-block-unilux-blocks-heading\"        id=\"facility-management-strategy-and-planning\"\n    >\n\u200bFacility Management Strategy and Planning<\/h2>\n\n\n\n<p>Le Team Strategy and Planning est structur\u00e9 autour de trois p\u00f4les fonctionnels principaux, chacun avec des responsabilit\u00e9s sp\u00e9cifiques : p\u00f4le space \/ logistique, p\u00f4le projects d&rsquo;infrastruc ture et p\u00f4le maintenance centrale.<\/p>\n\n\n\n<ul class=\"wp-block-unilux-blocks-custom-buttons btn-list\"><\/ul>\n<\/div>\n\n\n\n<div class=\"wp-block-unilux-blocks-wrapper w-full md:w-auto px-16\">\n<div class=\"wp-block-unilux-blocks-wrapper flex flex-col items-center\">\n<h2 class=\"text-h4 has-text-align-left wp-block-unilux-blocks-heading\"    >\n<\/h2>\n\n\n<a class=\"wp-block-unilux-blocks-button-highlight-square\"\n    href=\"https:\/\/www.uni.lu\/wp-content\/uploads\/sites\/11\/2025\/10\/15170238\/2025-10-14-orgchart-FM.pdf\"\n    target=\"_blank\"\n>\n    <span class=\"btn-highlight-square__container\">\n        <div class=\"btn-highlight-square__body\">\n    <svg aria-hidden=\"true\" focusable=\"false\" class=\"icon icon-outline icon--download-link icon--xl\"><use xlink:href=\"https:\/\/www.uni.lu\/wp-content\/themes\/unilux-theme\/assets\/images\/icons\/icons-outline.svg#icon--download-link\"><\/use><\/svg>    <span class=\"btn btn--dark\">\n        \n<span class=\"btn__name wp-block-unilux-blocks-plain-text\">Organigramme<\/span>    <\/span>\n<\/div><figure class=\"wp-block-dev4-reusable-blocks-image image-bg object-fit--cover\">\n    \n<img decoding=\"async\" class=\"wp-block-image unilux-custom-image-block\"\n                alt=\"\"\n            src=\"https:\/\/www.uni.lu\/wp-content\/uploads\/sites\/9\/2023\/08\/pdf-download.png\"\n                    style=\"object-position: 50.00% 50.00%; font-family: &quot;object-fit: cover; object-position: 50.00% 50.00%;&quot;; aspect-ratio: 3\/4; object-fit: cover; width: 100%;\"\n        loading=\"lazy\"\n\/>    <\/figure>    <\/span>\n<\/a><\/div>\n<\/div>\n<\/div>\n<\/div>\n<\/section>\n\n\n<section class=\"wp-block-unilux-blocks-free-section section\"><div class=\"container xl:max-w-screen-xl\">\n<h2 class=\"has-text-align-left wp-block-unilux-blocks-heading\"        id=\"les-poles-fonctionnels-principaux\"\n    >\nLes p\u00f4les fonctionnels principaux<\/h2>\n\n\n\n<ul class=\"wp-block-unilux-blocks-highlighted-list list-highlighted list-highlighted--architectural\"><li class=\"list-highlighted__item  wp-block-unilux-blocks-highlighted-list-item\">\n    <header class=\"list-highlighted__header wp-block-unilux-blocks-highlighted-list-item-header\">\n    \n<h4 class=\"title text-18 font-bold has-text-align-left wp-block-unilux-blocks-heading\"        id=\"pole-space-logistique\"\n    >\nP\u00f4le space \/ logistique<\/h4>\n<div class=\"wp-block-unilux-blocks-bigtext\">\n    <span>\n        \n    <\/span>\n<\/div><\/header><div class=\"list-highlighted__body wp-block-unilux-blocks-highlighted-list-item-body\">\n    <div class=\"wp-block-unilux-blocks-highlighted-list-item-free-content-area\">\n    \n<p><strong>Gestion strat\u00e9gique des espaces, logistique \u00e9v\u00e9nementielle, mobilier, signal\u00e9tique<\/strong><\/p>\n\n<p><em>Gestion des espaces de travail<\/em><\/p>\n\n<ul class=\"ulux-list\">\n<li class=\"ulux-list-item\">D\u00e9finition et application de la strat\u00e9gie d\u2019occupation<\/li>\n\n\n\n<li class=\"ulux-list-item\">R\u00e8gles d\u2019occupation et conformit\u00e9 des espaces<\/li>\n\n\n\n<li class=\"ulux-list-item\">Traitement des demandes d\u2019espaces suppl\u00e9mentaires<\/li>\n\n\n\n<li class=\"ulux-list-item\">Gestion de la base de donn\u00e9es et D\u00e9finition des r\u00e8gles graphiques (charte, indexation\u2026)<\/li>\n\n\n\n<li class=\"ulux-list-item\">Gestion de la signal\u00e9tique des b\u00e2timents<\/li>\n\n\n\n<li class=\"ulux-list-item\">Coordination des d\u00e9m\u00e9nagements<\/li>\n<\/ul>\n\n<p><em>Logistique \u00e9v\u00e9nementielle<\/em><\/p>\n\n<ul class=\"ulux-list\">\n<li class=\"ulux-list-item\">Planification et coordination des grands \u00e9v\u00e9nements<\/li>\n\n\n\n<li class=\"ulux-list-item\">Relations avec entit\u00e9s externes (FB, ABP, MESR, Ville d\u2019Esch\u2026) et Accompagnement protocolaire<\/li>\n<\/ul>\n\n<p><em>Gestion des \u00e9quipements et stocks<\/em><\/p>\n\n<ul class=\"ulux-list\">\n<li class=\"ulux-list-item\">Achats mobilier et accessoires (lampes, poubelles, tableaux\u2026)<\/li>\n\n\n\n<li class=\"ulux-list-item\">D\u00e9finition des r\u00e8gles de gestion des stocks et Gestion de l\u2019inventaire (proc\u00e9dures, coordination\u2026)<\/li>\n<\/ul>\n<\/div><\/div><\/li>\n\n<li class=\"list-highlighted__item  wp-block-unilux-blocks-highlighted-list-item\">\n    <header class=\"list-highlighted__header wp-block-unilux-blocks-highlighted-list-item-header\">\n    \n<h4 class=\"title text-18 font-bold has-text-align-left wp-block-unilux-blocks-heading\"        id=\"pole-projects-dinfrastruc-ture\"\n    >\nP\u00f4le projects d&rsquo;infrastruc ture<\/h4>\n<div class=\"wp-block-unilux-blocks-bigtext\">\n    <span>\n        \n    <\/span>\n<\/div><\/header><div class=\"list-highlighted__body wp-block-unilux-blocks-highlighted-list-item-body\">\n    <div class=\"wp-block-unilux-blocks-highlighted-list-item-free-content-area\">\n    \n<p><strong>Conception et r\u00e9alisation de projets techniques et s\u00e9curitaires<\/strong><\/p>\n\n<ul class=\"ulux-list\">\n<li class=\"ulux-list-item\">\u00c9laboration des concepts, \u00e9tudes et programmes de besoins<\/li>\n\n\n\n<li class=\"ulux-list-item\">R\u00e9alisation et r\u00e9ception : Suivi des travaux jusqu\u2019\u00e0 r\u00e9ception finale<\/li>\n\n\n\n<li class=\"ulux-list-item\">Projets techniques sp\u00e9cifiques&nbsp;: Data cabling, Installations de s\u00e9curit\u00e9, Commodos et autorisations d\u2019exploitation<\/li>\n<\/ul>\n<\/div><\/div><\/li>\n\n<li class=\"list-highlighted__item  wp-block-unilux-blocks-highlighted-list-item\">\n    <header class=\"list-highlighted__header wp-block-unilux-blocks-highlighted-list-item-header\">\n    \n<h4 class=\"title text-18 font-bold has-text-align-left wp-block-unilux-blocks-heading\"        id=\"pole-maintenance-centrale\"\n    >\nP\u00f4le maintenance centrale<\/h4>\n<div class=\"wp-block-unilux-blocks-bigtext\">\n    <span>\n        \n    <\/span>\n<\/div><\/header><div class=\"list-highlighted__body wp-block-unilux-blocks-highlighted-list-item-body\">\n    <div class=\"wp-block-unilux-blocks-highlighted-list-item-free-content-area\">\n    \n<p><strong>Continuit\u00e9 d\u2019activit\u00e9, maintenance technique, optimisation des installations<\/strong><\/p>\n\n<ul class=\"ulux-list\">\n<li class=\"ulux-list-item\">Continuit\u00e9 d\u2019activit\u00e9 (\u00c9laboration concept BCA, Identification des d\u00e9faillances techniques)<\/li>\n\n\n\n<li class=\"ulux-list-item\">Conception, installation et exploitations des outils de maintenance<\/li>\n\n\n\n<li class=\"ulux-list-item\">Gestion et coordination des Contrats et \u00e9quipements<\/li>\n\n\n\n<li class=\"ulux-list-item\">Suivi technique et optimization (Analyse des co\u00fbts d\u2019exploitation, consommations et rapports techniques)<\/li>\n\n\n\n<li class=\"ulux-list-item\">Gestion des incidents (Analyse des d\u00e9faillances, Strat\u00e9gie de d\u00e9pannage et mesures correctives)<\/li>\n<\/ul>\n<\/div><\/div><\/li><\/ul>\n\n\n<div class=\"py-48 first:pt-0 last:pb-0 wp-block-unilux-blocks-people-list\">\n    \n<h2 class=\"has-text-align-left wp-block-unilux-blocks-heading\"        id=\"chefs-dequipe\"\n    >\nChefs d\u2019\u00e9quipe<\/h2>\n<ul class=\"flex flex-wrap -mx-16 wp-block-unilux-blocks-people-item-wrapper\">\n    <li class=\"w-full md:w-1\/2 p-16 wp-block-unilux-blocks-people-item-automated\"><div class=\"ulux-card card-people bg-theme\"><div class=\"list-people bg-theme\">\n    <div class=\"list-people__container\">\n        <div class=\"list-people__visual\">\n            <figure class=\"wp-block-dev4-reusable-blocks-image\">\n                <!-- Template Image Component: default -->\n<img decoding=\"async\" class=\"w-full\" width=\"\" height=\"\" rel=\"\" alt=\"Beno\u00eet FOUSS\" src=\"https:\/\/www.uni.lu\/en\/person-image\/NTAwMDg4NDVfX0Jlbm_DrnQgRk9VU1M=\" srcset=\"https:\/\/www.uni.lu\/en\/person-image\/NTAwMDg4NDVfX0Jlbm_DrnQgRk9VU1M=--thumbnail 150w,https:\/\/www.uni.lu\/en\/person-image\/NTAwMDg4NDVfX0Jlbm_DrnQgRk9VU1M=--medium 300w,https:\/\/www.uni.lu\/en\/person-image\/NTAwMDg4NDVfX0Jlbm_DrnQgRk9VU1M=--medium_large 768w,https:\/\/www.uni.lu\/en\/person-image\/NTAwMDg4NDVfX0Jlbm_DrnQgRk9VU1M=--large 1024w,https:\/\/www.uni.lu\/en\/person-image\/NTAwMDg4NDVfX0Jlbm_DrnQgRk9VU1M=--1536x1536 1536w,https:\/\/www.uni.lu\/en\/person-image\/NTAwMDg4NDVfX0Jlbm_DrnQgRk9VU1M=--2048x2048 2048w\" loading=\"lazy\" \/><!-- end Image Component -->\n            <\/figure>\n        <\/div>\n        <div class=\"list-people__body\">\n            <h3 class=\"list-people__title\">Beno\u00eet FOUSS<\/h3>\n            <p class=\"list-people__description\">Team Leader of FM Projects and Planning<\/p>\n            <div class=\"wp-block-unilux-blocks-simple-cta wp-block-unilux-blocks-people-item-automated\">\n    <a\n        href=\"https:\/\/www.uni.lu\/en\/people\/benoit-fouss\/\"\n        title=\"Beno\u00eet FOUSS\"\n        class=\"link-text link-text--icon list-people__link link-absolute\"\n        target=\"\"\n    >\n        <span class=\"link-text__body\">\n            <span class=\"link-text__name\">Voir le profil<\/span>\n        <\/span>\n        <svg aria-hidden=\"true\" focusable=\"false\" class=\"icon icon-outline icon--arrow-right \"><use xlink:href=\"https:\/\/www.uni.lu\/wp-content\/themes\/unilux-theme\/assets\/images\/icons\/icons-outline.svg#icon--arrow-right\"><\/use><\/svg>    <\/a>\n<\/div>\n        <\/div>\n    <\/div>\n<\/div>\n<\/div><\/li><\/ul>\n\n<\/div>\n\n<\/div><\/section>\n","protected":false},"excerpt":{"rendered":"","protected":false},"author":33,"featured_media":0,"parent":13960,"menu_order":0,"comment_status":"closed","ping_status":"closed","template":"","meta":{"featured_image_focal_point":[],"show_featured_caption":false,"ulux_newsletter_groups":"","uluxPostTitle":"","uluxPrePostTitle":"","_trash_the_other_posts":false,"_price":"","_stock":"","_tribe_ticket_header":"","_tribe_default_ticket_provider":"","_tribe_ticket_capacity":"0","_ticket_start_date":"","_ticket_end_date":"","_tribe_ticket_show_description":"","_tribe_ticket_show_not_going":false,"_tribe_ticket_use_global_stock":"","_tribe_ticket_global_stock_level":"","_global_stock_mode":"","_global_stock_cap":"","_tribe_rsvp_for_event":"","_tribe_ticket_going_count":"","_tribe_ticket_not_going_count":"","_tribe_tickets_list":"[]","_tribe_ticket_has_attendee_info_fields":false,"footnotes":""},"field-of-interest":[],"organisation":[],"authorship":[33,341],"acf":[],"yoast_head":"<!-- This site is optimized with the Yoast SEO Premium plugin v22.3 (Yoast SEO v22.3) - https:\/\/yoast.com\/wordpress\/plugins\/seo\/ -->\n<title>Facility Management Strategy and Planning - Universit\u00e9 du Luxembourg<\/title>\n<meta name=\"description\" content=\"Le service des infrastructures englobe l&#039;enti\u00e8ret\u00e9 des activit\u00e9s li\u00e9es aux b\u00e2timents, depuis la conception du projet jusqu&#039;\u00e0 leur exploitation\" \/>\n<meta name=\"robots\" content=\"index, follow, max-snippet:-1, max-image-preview:large, max-video-preview:-1\" \/>\n<link rel=\"canonical\" href=\"https:\/\/www.uni.lu\/fr\/a-propos\/organisation\/administration\/service-de-facility-management\/strategy-planning\/\" \/>\n<meta property=\"og:locale\" content=\"fr_FR\" \/>\n<meta property=\"og:type\" content=\"article\" \/>\n<meta property=\"og:title\" content=\"Facility Management Strategy and Planning\" \/>\n<meta property=\"og:description\" content=\"Le service des infrastructures englobe l&#039;enti\u00e8ret\u00e9 des activit\u00e9s li\u00e9es aux b\u00e2timents, depuis la conception du projet jusqu&#039;\u00e0 leur exploitation\" \/>\n<meta property=\"og:url\" content=\"https:\/\/www.uni.lu\/fr\/a-propos\/organisation\/administration\/service-de-facility-management\/strategy-planning\/\" \/>\n<meta property=\"og:site_name\" content=\"UNI FR\" \/>\n<meta property=\"article:publisher\" content=\"https:\/\/www.facebook.com\/uni.lu\" \/>\n<meta property=\"article:modified_time\" content=\"2026-04-10T14:35:44+00:00\" \/>\n<meta property=\"og:image\" content=\"https:\/\/www.uni.lu\/wp-content\/uploads\/sites\/11\/2026\/03\/03120045\/UNIV_SM-Profile_1600x1600px-scaled.jpg\" \/>\n\t<meta property=\"og:image:width\" content=\"2560\" \/>\n\t<meta property=\"og:image:height\" content=\"2560\" \/>\n\t<meta property=\"og:image:type\" content=\"image\/jpeg\" \/>\n<meta name=\"twitter:card\" content=\"summary_large_image\" \/>\n<meta name=\"twitter:label1\" content=\"Dur\u00e9e de lecture estim\u00e9e\" \/>\n\t<meta name=\"twitter:data1\" content=\"2 minutes\" \/>\n<script type=\"application\/ld+json\" class=\"yoast-schema-graph\">{\"@context\":\"https:\/\/schema.org\",\"@graph\":[{\"@type\":\"WebPage\",\"@id\":\"https:\/\/www.uni.lu\/fr\/a-propos\/organisation\/administration\/service-de-facility-management\/strategy-planning\/\",\"url\":\"https:\/\/www.uni.lu\/fr\/a-propos\/organisation\/administration\/service-de-facility-management\/strategy-planning\/\",\"name\":\"Facility Management Strategy and Planning - Universit\u00e9 du Luxembourg\",\"isPartOf\":{\"@id\":\"https:\/\/www.uni.lu\/fr\/#website\"},\"datePublished\":\"2023-10-06T15:40:43+00:00\",\"dateModified\":\"2026-04-10T14:35:44+00:00\",\"description\":\"Le service des infrastructures englobe l'enti\u00e8ret\u00e9 des activit\u00e9s li\u00e9es aux b\u00e2timents, depuis la conception du projet jusqu'\u00e0 leur exploitation\",\"breadcrumb\":{\"@id\":\"https:\/\/www.uni.lu\/fr\/a-propos\/organisation\/administration\/service-de-facility-management\/strategy-planning\/#breadcrumb\"},\"inLanguage\":\"fr-FR\",\"potentialAction\":[{\"@type\":\"ReadAction\",\"target\":[\"https:\/\/www.uni.lu\/fr\/a-propos\/organisation\/administration\/service-de-facility-management\/strategy-planning\/\"]}]},{\"@type\":\"BreadcrumbList\",\"@id\":\"https:\/\/www.uni.lu\/fr\/a-propos\/organisation\/administration\/service-de-facility-management\/strategy-planning\/#breadcrumb\",\"itemListElement\":[{\"@type\":\"ListItem\",\"position\":1,\"name\":\"Home\",\"item\":\"https:\/\/www.uni.lu\/fr\/\"},{\"@type\":\"ListItem\",\"position\":2,\"name\":\"\u00c0 propos\",\"item\":\"https:\/\/www.uni.lu\/fr\/a-propos\/\"},{\"@type\":\"ListItem\",\"position\":3,\"name\":\"Organisation\",\"item\":\"https:\/\/www.uni.lu\/fr\/a-propos\/organisation\/\"},{\"@type\":\"ListItem\",\"position\":4,\"name\":\"Administration\",\"item\":\"https:\/\/www.uni.lu\/fr\/a-propos\/organisation\/administration\/\"},{\"@type\":\"ListItem\",\"position\":5,\"name\":\"Service de Facility Management\",\"item\":\"https:\/\/www.uni.lu\/fr\/a-propos\/organisation\/administration\/service-de-facility-management\/\"},{\"@type\":\"ListItem\",\"position\":6,\"name\":\"Facility Management Strategy and Planning\"}]},{\"@type\":\"WebSite\",\"@id\":\"https:\/\/www.uni.lu\/fr\/#website\",\"url\":\"https:\/\/www.uni.lu\/fr\/\",\"name\":\"Uni.lu\",\"description\":\"Universit\u00e9 du Luxembourg\",\"publisher\":{\"@id\":\"https:\/\/www.uni.lu\/fr\/#organization\"},\"alternateName\":\"Universit\u00e9 du Luxembourg\",\"potentialAction\":[{\"@type\":\"SearchAction\",\"target\":{\"@type\":\"EntryPoint\",\"urlTemplate\":\"https:\/\/www.uni.lu\/fr\/?s={search_term_string}\"},\"query-input\":\"required name=search_term_string\"}],\"inLanguage\":\"fr-FR\"},{\"@type\":\"Organization\",\"@id\":\"https:\/\/www.uni.lu\/fr\/#organization\",\"name\":\"Universit\u00e9 du Luxembourg\",\"alternateName\":\"Uni.lu\",\"url\":\"https:\/\/www.uni.lu\/fr\/\",\"logo\":{\"@type\":\"ImageObject\",\"inLanguage\":\"fr-FR\",\"@id\":\"https:\/\/www.uni.lu\/fr\/#\/schema\/logo\/image\/\",\"url\":\"https:\/\/www.uni.lu\/wp-content\/uploads\/sites\/11\/2026\/03\/03120045\/UNIV_SM-Profile_1600x1600px-scaled.jpg\",\"contentUrl\":\"https:\/\/www.uni.lu\/wp-content\/uploads\/sites\/11\/2026\/03\/03120045\/UNIV_SM-Profile_1600x1600px-scaled.jpg\",\"width\":2560,\"height\":2560,\"caption\":\"Universit\u00e9 du Luxembourg\"},\"image\":{\"@id\":\"https:\/\/www.uni.lu\/fr\/#\/schema\/logo\/image\/\"},\"sameAs\":[\"https:\/\/www.facebook.com\/uni.lu\",\"https:\/\/www.linkedin.com\/school\/university-of-luxembourg\/\",\"https:\/\/www.instagram.com\/uni.lu\",\"https:\/\/www.youtube.com\/@uni_lu\",\"https:\/\/en.wikipedia.org\/wiki\/University_of_Luxembourg\"]}]}<\/script>\n<!-- \/ Yoast SEO Premium plugin. -->","yoast_head_json":{"title":"Facility Management Strategy and Planning - Universit\u00e9 du Luxembourg","description":"Le service des infrastructures englobe l'enti\u00e8ret\u00e9 des activit\u00e9s li\u00e9es aux b\u00e2timents, depuis la conception du projet jusqu'\u00e0 leur exploitation","robots":{"index":"index","follow":"follow","max-snippet":"max-snippet:-1","max-image-preview":"max-image-preview:large","max-video-preview":"max-video-preview:-1"},"canonical":"https:\/\/www.uni.lu\/fr\/a-propos\/organisation\/administration\/service-de-facility-management\/strategy-planning\/","og_locale":"fr_FR","og_type":"article","og_title":"Facility Management Strategy and Planning","og_description":"Le service des infrastructures englobe l'enti\u00e8ret\u00e9 des activit\u00e9s li\u00e9es aux b\u00e2timents, depuis la conception du projet jusqu'\u00e0 leur exploitation","og_url":"https:\/\/www.uni.lu\/fr\/a-propos\/organisation\/administration\/service-de-facility-management\/strategy-planning\/","og_site_name":"UNI FR","article_publisher":"https:\/\/www.facebook.com\/uni.lu","article_modified_time":"2026-04-10T14:35:44+00:00","og_image":[{"width":2560,"height":2560,"url":"https:\/\/www.uni.lu\/wp-content\/uploads\/sites\/11\/2026\/03\/03120045\/UNIV_SM-Profile_1600x1600px-scaled.jpg","type":"image\/jpeg"}],"twitter_card":"summary_large_image","twitter_misc":{"Dur\u00e9e de lecture estim\u00e9e":"2 minutes"},"schema":{"@context":"https:\/\/schema.org","@graph":[{"@type":"WebPage","@id":"https:\/\/www.uni.lu\/fr\/a-propos\/organisation\/administration\/service-de-facility-management\/strategy-planning\/","url":"https:\/\/www.uni.lu\/fr\/a-propos\/organisation\/administration\/service-de-facility-management\/strategy-planning\/","name":"Facility Management Strategy and Planning - Universit\u00e9 du Luxembourg","isPartOf":{"@id":"https:\/\/www.uni.lu\/fr\/#website"},"datePublished":"2023-10-06T15:40:43+00:00","dateModified":"2026-04-10T14:35:44+00:00","description":"Le service des infrastructures englobe l'enti\u00e8ret\u00e9 des activit\u00e9s li\u00e9es aux b\u00e2timents, depuis la conception du projet jusqu'\u00e0 leur exploitation","breadcrumb":{"@id":"https:\/\/www.uni.lu\/fr\/a-propos\/organisation\/administration\/service-de-facility-management\/strategy-planning\/#breadcrumb"},"inLanguage":"fr-FR","potentialAction":[{"@type":"ReadAction","target":["https:\/\/www.uni.lu\/fr\/a-propos\/organisation\/administration\/service-de-facility-management\/strategy-planning\/"]}]},{"@type":"BreadcrumbList","@id":"https:\/\/www.uni.lu\/fr\/a-propos\/organisation\/administration\/service-de-facility-management\/strategy-planning\/#breadcrumb","itemListElement":[{"@type":"ListItem","position":1,"name":"Home","item":"https:\/\/www.uni.lu\/fr\/"},{"@type":"ListItem","position":2,"name":"\u00c0 propos","item":"https:\/\/www.uni.lu\/fr\/a-propos\/"},{"@type":"ListItem","position":3,"name":"Organisation","item":"https:\/\/www.uni.lu\/fr\/a-propos\/organisation\/"},{"@type":"ListItem","position":4,"name":"Administration","item":"https:\/\/www.uni.lu\/fr\/a-propos\/organisation\/administration\/"},{"@type":"ListItem","position":5,"name":"Service de Facility Management","item":"https:\/\/www.uni.lu\/fr\/a-propos\/organisation\/administration\/service-de-facility-management\/"},{"@type":"ListItem","position":6,"name":"Facility Management Strategy and Planning"}]},{"@type":"WebSite","@id":"https:\/\/www.uni.lu\/fr\/#website","url":"https:\/\/www.uni.lu\/fr\/","name":"Uni.lu","description":"Universit\u00e9 du Luxembourg","publisher":{"@id":"https:\/\/www.uni.lu\/fr\/#organization"},"alternateName":"Universit\u00e9 du Luxembourg","potentialAction":[{"@type":"SearchAction","target":{"@type":"EntryPoint","urlTemplate":"https:\/\/www.uni.lu\/fr\/?s={search_term_string}"},"query-input":"required name=search_term_string"}],"inLanguage":"fr-FR"},{"@type":"Organization","@id":"https:\/\/www.uni.lu\/fr\/#organization","name":"Universit\u00e9 du Luxembourg","alternateName":"Uni.lu","url":"https:\/\/www.uni.lu\/fr\/","logo":{"@type":"ImageObject","inLanguage":"fr-FR","@id":"https:\/\/www.uni.lu\/fr\/#\/schema\/logo\/image\/","url":"https:\/\/www.uni.lu\/wp-content\/uploads\/sites\/11\/2026\/03\/03120045\/UNIV_SM-Profile_1600x1600px-scaled.jpg","contentUrl":"https:\/\/www.uni.lu\/wp-content\/uploads\/sites\/11\/2026\/03\/03120045\/UNIV_SM-Profile_1600x1600px-scaled.jpg","width":2560,"height":2560,"caption":"Universit\u00e9 du Luxembourg"},"image":{"@id":"https:\/\/www.uni.lu\/fr\/#\/schema\/logo\/image\/"},"sameAs":["https:\/\/www.facebook.com\/uni.lu","https:\/\/www.linkedin.com\/school\/university-of-luxembourg\/","https:\/\/www.instagram.com\/uni.lu","https:\/\/www.youtube.com\/@uni_lu","https:\/\/en.wikipedia.org\/wiki\/University_of_Luxembourg"]}]}},"ticketed":false,"_links":{"self":[{"href":"https:\/\/www.uni.lu\/fr\/wp-json\/wp\/v2\/pages\/3233"}],"collection":[{"href":"https:\/\/www.uni.lu\/fr\/wp-json\/wp\/v2\/pages"}],"about":[{"href":"https:\/\/www.uni.lu\/fr\/wp-json\/wp\/v2\/types\/page"}],"author":[{"embeddable":true,"href":"https:\/\/www.uni.lu\/fr\/wp-json\/wp\/v2\/users\/33"}],"replies":[{"embeddable":true,"href":"https:\/\/www.uni.lu\/fr\/wp-json\/wp\/v2\/comments?post=3233"}],"version-history":[{"count":5,"href":"https:\/\/www.uni.lu\/fr\/wp-json\/wp\/v2\/pages\/3233\/revisions"}],"predecessor-version":[{"id":19402,"href":"https:\/\/www.uni.lu\/fr\/wp-json\/wp\/v2\/pages\/3233\/revisions\/19402"}],"up":[{"embeddable":true,"href":"https:\/\/www.uni.lu\/fr\/wp-json\/wp\/v2\/pages\/13960"}],"wp:authorship":[{"embeddable":true,"href":"https:\/\/www.uni.lu\/fr\/wp-json\/wp\/v2\/users\/33"},{"embeddable":true,"href":"https:\/\/www.uni.lu\/fr\/wp-json\/wp\/v2\/users\/341"}],"wp:attachment":[{"href":"https:\/\/www.uni.lu\/fr\/wp-json\/wp\/v2\/media?parent=3233"}],"wp:term":[{"taxonomy":"field-of-interest","embeddable":true,"href":"https:\/\/www.uni.lu\/fr\/wp-json\/wp\/v2\/field-of-interest?post=3233"},{"taxonomy":"organisation","embeddable":true,"href":"https:\/\/www.uni.lu\/fr\/wp-json\/wp\/v2\/organisation?post=3233"}],"curies":[{"name":"wp","href":"https:\/\/api.w.org\/{rel}","templated":true}]}}