{"id":3229,"date":"2023-10-06T17:32:57","date_gmt":"2023-10-06T15:32:57","guid":{"rendered":"https:\/\/www.uni.lu\/fr\/?page_id=3229"},"modified":"2026-04-10T20:22:58","modified_gmt":"2026-04-10T18:22:58","slug":"safety-services","status":"publish","type":"page","link":"https:\/\/www.uni.lu\/fr\/a-propos\/organisation\/administration\/service-de-facility-management\/safety-services\/","title":{"rendered":"Facility Management Safety and Services"},"content":{"rendered":"<section class=\"section section pb-0 wp-block-unilux-blocks-page-intro py-0\">\n    \n<div class=\"wp-block-unilux-blocks-wrapper container xl:max-w-screen-xl\">\n<div class=\"wp-block-unilux-blocks-wrapper flex flex-wrap -mx-16\">\n<div class=\"wp-block-unilux-blocks-wrapper flex-1 mb-48 px-16\">\n<h1 class=\"has-text-align-left wp-block-unilux-blocks-heading\"        id=\"facility-management-safety-and-services\"\n    >\nFacility Management Safety and Services<\/h1>\n\n\n\n<p>Le bureau Facility Management Safety and Services a \u00e9t\u00e9 cr\u00e9e a fin de coordonner et d&rsquo;am\u00e9liorer les proc\u00e9dures et les ressources en mati\u00e8re de sant\u00e9, de s\u00e9curit\u00e9 et de s\u00fbret\u00e9.<\/p>\n\n\n\n<ul class=\"wp-block-unilux-blocks-custom-buttons btn-list\"><\/ul>\n<\/div>\n\n\n\n<div class=\"wp-block-unilux-blocks-wrapper w-full md:w-256 px-16\">\n<div class=\"wp-block-unilux-blocks-wrapper flex flex-col items-center\">\n<h2 class=\"text-h4 has-text-align-left wp-block-unilux-blocks-heading\"    >\n<\/h2>\n\n\n<a class=\"wp-block-unilux-blocks-button-highlight-square\"\n    href=\"https:\/\/www.uni.lu\/wp-content\/uploads\/sites\/9\/2026\/04\/10161508\/2026-04-09-orgchart-fm.pdf\"\n    target=\"_self\"\n>\n    <span class=\"btn-highlight-square__container\">\n        <div class=\"btn-highlight-square__body\">\n    <svg aria-hidden=\"true\" focusable=\"false\" class=\"icon icon-outline icon--download-link icon--xl\"><use xlink:href=\"https:\/\/www.uni.lu\/wp-content\/themes\/unilux-theme\/assets\/images\/icons\/icons-outline.svg#icon--download-link\"><\/use><\/svg>    <span class=\"btn btn--dark\">\n        \n<span class=\"btn__name wp-block-unilux-blocks-plain-text\">Organigramme<\/span>    <\/span>\n<\/div><figure class=\"wp-block-dev4-reusable-blocks-image image-bg object-fit--cover\">\n    \n<img decoding=\"async\" class=\"wp-block-image unilux-custom-image-block\"\n                alt=\"Thumbnail, PDF image\"\n            src=\"https:\/\/www.uni.lu\/wp-content\/uploads\/sites\/9\/2023\/08\/download-PDF-thumbnail.png\"\n                    style=\"object-position: 50.00% 50.00%; font-family: &quot;object-fit: cover; object-position: 50.00% 50.00%;&quot;; aspect-ratio: 3\/4; object-fit: cover; width: 100%;\"\n        loading=\"lazy\"\n\/>    <\/figure>    <\/span>\n<\/a><\/div>\n<\/div>\n<\/div>\n<\/div>\n<\/section>\n\n\n<section class=\"py-0 wp-block-unilux-blocks-free-section section\"><div class=\"container xl:max-w-screen-xl\">\n<p>Activit\u00e9s du Bureau Facility Management Safety and Services<\/p>\n\n\n\n<ul class=\"ulux-list\">\n<li class=\"ulux-list-item\"><strong>D\u00e9finir<\/strong> et implementer un concept et une organisation Safety Office (Bureau de s\u00fbret\u00e9) ;<\/li>\n\n\n\n<li class=\"ulux-list-item\"><strong>\u00c9tablir<\/strong>&nbsp;une politique de s\u00fbret\u00e9 pour l&rsquo;ensemble de la communaut\u00e9 universitaire ;<\/li>\n\n\n\n<li class=\"ulux-list-item\"><strong>Effectuer <\/strong>une analyse des risques et associer des mesures de pr\u00e9vention,<\/li>\n\n\n\n<li class=\"ulux-list-item\"><strong>Inventorier<\/strong> les lieux de travail dangereux en collaboration avec le service de m\u00e9decine du travail ;<\/li>\n\n\n\n<li class=\"ulux-list-item\"><strong>Informer<\/strong> et conseiller au sujet de la s\u00e9curit\u00e9 au travail ;<\/li>\n\n\n\n<li class=\"ulux-list-item\"><strong>\u00c9tablir<\/strong>&nbsp;un r\u00e9seau de correspondants, relayant et promouvant la s\u00e9curit\u00e9 au travail, au sein des facult\u00e9s, des centres interdisciplinaires et des d\u00e9partements confront\u00e9s \u00e0 des risques particuliers ;<\/li>\n\n\n\n<li class=\"ulux-list-item\"><strong>Organiser<\/strong> des formations \u00e0 la s\u00e9curit\u00e9 au travail pour les employ\u00e9s sur des th\u00e8mes sp\u00e9cifiques (s\u00e9curit\u00e9 biologique, s\u00e9curit\u00e9 laser, risques \u00e9lectriques, chariots \u00e9l\u00e9vateurs \u00e0 fourche, grues\u2026) ;<\/li>\n\n\n\n<li class=\"ulux-list-item\"><strong>Promouvoir<\/strong> la s\u00e9curit\u00e9 au travail ;<\/li>\n\n\n\n<li class=\"ulux-list-item\"><strong>Implementer<\/strong> des proc\u00e9dures, des instructions et des lignes directrices en mati\u00e8re de s\u00e9curit\u00e9 (par exemple, protection des femmes enceintes, accidents du travail\u2026) ;<\/li>\n\n\n\n<li class=\"ulux-list-item\"><strong>R\u00e9aliser<\/strong> des \u00e9valuations ergonomiques des milieux de travail ;<\/li>\n\n\n\n<li class=\"ulux-list-item\"><strong>Informer<\/strong> le personel sur les questions de s\u00e9curit\u00e9 sp\u00e9cifiques (par example, la situation des bureaux \u00e0 Limpertsberg) ;<\/li>\n\n\n\n<li class=\"ulux-list-item\"><strong>\u00c9tablir<\/strong> une politique de gestion des ordures des laboratoires et des ordures m\u00e9nag\u00e8res, conforme aux r\u00e8glements locaux.<\/li>\n<\/ul>\n\n\n<div class=\"py-48 first:pt-0 last:pb-0 wp-block-unilux-blocks-people-list\">\n    \n<h2 class=\"has-text-align-left wp-block-unilux-blocks-heading\"        id=\"team-leader-de-facility-management-safety-and-services\"\n    >\nTeam Leader de Facility Management Safety and Services<\/h2>\n<ul class=\"flex flex-wrap -mx-16 wp-block-unilux-blocks-people-item-wrapper\">\n    <li class=\"w-full md:w-1\/2 p-16 wp-block-unilux-blocks-people-item-automated\"><div class=\"ulux-card card-people bg-theme\"><div class=\"list-people bg-theme\">\n    <div class=\"list-people__container\">\n        <div class=\"list-people__visual\">\n            <figure class=\"wp-block-dev4-reusable-blocks-image\">\n                <!-- Template Image Component: default -->\n<img decoding=\"async\" class=\"w-full\" width=\"\" height=\"\" rel=\"\" alt=\"Etienne HOUX\" src=\"https:\/\/www.uni.lu\/en\/person-image\/NTAxMDEzMTdfX0V0aWVubmUgSE9VWA==\" srcset=\"https:\/\/www.uni.lu\/en\/person-image\/NTAxMDEzMTdfX0V0aWVubmUgSE9VWA==--thumbnail 150w,https:\/\/www.uni.lu\/en\/person-image\/NTAxMDEzMTdfX0V0aWVubmUgSE9VWA==--medium 300w,https:\/\/www.uni.lu\/en\/person-image\/NTAxMDEzMTdfX0V0aWVubmUgSE9VWA==--medium_large 768w,https:\/\/www.uni.lu\/en\/person-image\/NTAxMDEzMTdfX0V0aWVubmUgSE9VWA==--large 1024w,https:\/\/www.uni.lu\/en\/person-image\/NTAxMDEzMTdfX0V0aWVubmUgSE9VWA==--1536x1536 1536w,https:\/\/www.uni.lu\/en\/person-image\/NTAxMDEzMTdfX0V0aWVubmUgSE9VWA==--2048x2048 2048w\" loading=\"lazy\" \/><!-- end Image Component -->\n            <\/figure>\n        <\/div>\n        <div class=\"list-people__body\">\n            <h3 class=\"list-people__title\">Etienne HOUX<\/h3>\n            <p class=\"list-people__description\">Team Leader of FM Services and Safety<\/p>\n            <div class=\"wp-block-unilux-blocks-simple-cta wp-block-unilux-blocks-people-item-automated\">\n    <a\n        href=\"https:\/\/www.uni.lu\/en\/people\/etienne-houx\/\"\n        title=\"Etienne HOUX\"\n        class=\"link-text link-text--icon list-people__link link-absolute\"\n        target=\"\"\n    >\n        <span class=\"link-text__body\">\n            <span class=\"link-text__name\">Voir le profil<\/span>\n        <\/span>\n        <svg aria-hidden=\"true\" focusable=\"false\" class=\"icon icon-outline icon--arrow-right \"><use xlink:href=\"https:\/\/www.uni.lu\/wp-content\/themes\/unilux-theme\/assets\/images\/icons\/icons-outline.svg#icon--arrow-right\"><\/use><\/svg>    <\/a>\n<\/div>\n        <\/div>\n    <\/div>\n<\/div>\n<\/div><\/li><\/ul>\n\n<\/div>\n\n<\/div><\/section>\n","protected":false},"excerpt":{"rendered":"","protected":false},"author":33,"featured_media":0,"parent":13960,"menu_order":0,"comment_status":"closed","ping_status":"closed","template":"","meta":{"featured_image_focal_point":[],"show_featured_caption":false,"ulux_newsletter_groups":"","uluxPostTitle":"","uluxPrePostTitle":"","_trash_the_other_posts":false,"_price":"","_stock":"","_tribe_ticket_header":"","_tribe_default_ticket_provider":"","_tribe_ticket_capacity":"0","_ticket_start_date":"","_ticket_end_date":"","_tribe_ticket_show_description":"","_tribe_ticket_show_not_going":false,"_tribe_ticket_use_global_stock":"","_tribe_ticket_global_stock_level":"","_global_stock_mode":"","_global_stock_cap":"","_tribe_rsvp_for_event":"","_tribe_ticket_going_count":"","_tribe_ticket_not_going_count":"","_tribe_tickets_list":"[]","_tribe_ticket_has_attendee_info_fields":false,"footnotes":""},"field-of-interest":[],"organisation":[],"authorship":[33,341],"acf":[],"yoast_head":"<!-- This site is optimized with the Yoast SEO Premium plugin v22.3 (Yoast SEO v22.3) - https:\/\/yoast.com\/wordpress\/plugins\/seo\/ -->\n<title>Facility Management Safety and Services - Universit\u00e9 du Luxembourg<\/title>\n<meta name=\"description\" content=\"Le bureau Facility Management Safety and Services a \u00e9t\u00e9 cr\u00e9\u00e9 a fin de coordonner les ressources en mati\u00e8re de sant\u00e9, de s\u00e9curit\u00e9 et de s\u00fbret\u00e9.\" \/>\n<meta name=\"robots\" content=\"index, follow, max-snippet:-1, max-image-preview:large, max-video-preview:-1\" \/>\n<link rel=\"canonical\" href=\"https:\/\/www.uni.lu\/fr\/a-propos\/organisation\/administration\/service-de-facility-management\/safety-services\/\" \/>\n<meta property=\"og:locale\" content=\"fr_FR\" \/>\n<meta property=\"og:type\" content=\"article\" \/>\n<meta property=\"og:title\" content=\"Facility Management Safety and Services\" \/>\n<meta property=\"og:description\" content=\"Le bureau Facility Management Safety and Services a \u00e9t\u00e9 cr\u00e9\u00e9 a fin de coordonner les ressources en mati\u00e8re de sant\u00e9, de s\u00e9curit\u00e9 et de s\u00fbret\u00e9.\" \/>\n<meta property=\"og:url\" content=\"https:\/\/www.uni.lu\/fr\/a-propos\/organisation\/administration\/service-de-facility-management\/safety-services\/\" \/>\n<meta property=\"og:site_name\" content=\"UNI FR\" \/>\n<meta property=\"article:publisher\" content=\"https:\/\/www.facebook.com\/uni.lu\" \/>\n<meta property=\"article:modified_time\" content=\"2026-04-10T18:22:58+00:00\" \/>\n<meta property=\"og:image\" content=\"https:\/\/www.uni.lu\/wp-content\/uploads\/sites\/11\/2026\/03\/03120045\/UNIV_SM-Profile_1600x1600px-scaled.jpg\" \/>\n\t<meta property=\"og:image:width\" content=\"2560\" \/>\n\t<meta property=\"og:image:height\" content=\"2560\" \/>\n\t<meta property=\"og:image:type\" content=\"image\/jpeg\" \/>\n<meta name=\"twitter:card\" content=\"summary_large_image\" \/>\n<meta name=\"twitter:label1\" content=\"Dur\u00e9e de lecture estim\u00e9e\" \/>\n\t<meta name=\"twitter:data1\" content=\"2 minutes\" \/>\n<script type=\"application\/ld+json\" class=\"yoast-schema-graph\">{\"@context\":\"https:\/\/schema.org\",\"@graph\":[{\"@type\":\"WebPage\",\"@id\":\"https:\/\/www.uni.lu\/fr\/a-propos\/organisation\/administration\/service-de-facility-management\/safety-services\/\",\"url\":\"https:\/\/www.uni.lu\/fr\/a-propos\/organisation\/administration\/service-de-facility-management\/safety-services\/\",\"name\":\"Facility Management Safety and Services - Universit\u00e9 du Luxembourg\",\"isPartOf\":{\"@id\":\"https:\/\/www.uni.lu\/fr\/#website\"},\"datePublished\":\"2023-10-06T15:32:57+00:00\",\"dateModified\":\"2026-04-10T18:22:58+00:00\",\"description\":\"Le bureau Facility Management Safety and Services a \u00e9t\u00e9 cr\u00e9\u00e9 a fin de coordonner les ressources en mati\u00e8re de sant\u00e9, de s\u00e9curit\u00e9 et de s\u00fbret\u00e9.\",\"breadcrumb\":{\"@id\":\"https:\/\/www.uni.lu\/fr\/a-propos\/organisation\/administration\/service-de-facility-management\/safety-services\/#breadcrumb\"},\"inLanguage\":\"fr-FR\",\"potentialAction\":[{\"@type\":\"ReadAction\",\"target\":[\"https:\/\/www.uni.lu\/fr\/a-propos\/organisation\/administration\/service-de-facility-management\/safety-services\/\"]}]},{\"@type\":\"BreadcrumbList\",\"@id\":\"https:\/\/www.uni.lu\/fr\/a-propos\/organisation\/administration\/service-de-facility-management\/safety-services\/#breadcrumb\",\"itemListElement\":[{\"@type\":\"ListItem\",\"position\":1,\"name\":\"Home\",\"item\":\"https:\/\/www.uni.lu\/fr\/\"},{\"@type\":\"ListItem\",\"position\":2,\"name\":\"\u00c0 propos\",\"item\":\"https:\/\/www.uni.lu\/fr\/a-propos\/\"},{\"@type\":\"ListItem\",\"position\":3,\"name\":\"Organisation\",\"item\":\"https:\/\/www.uni.lu\/fr\/a-propos\/organisation\/\"},{\"@type\":\"ListItem\",\"position\":4,\"name\":\"Administration\",\"item\":\"https:\/\/www.uni.lu\/fr\/a-propos\/organisation\/administration\/\"},{\"@type\":\"ListItem\",\"position\":5,\"name\":\"Service de Facility Management\",\"item\":\"https:\/\/www.uni.lu\/fr\/a-propos\/organisation\/administration\/service-de-facility-management\/\"},{\"@type\":\"ListItem\",\"position\":6,\"name\":\"Facility Management Safety and Services\"}]},{\"@type\":\"WebSite\",\"@id\":\"https:\/\/www.uni.lu\/fr\/#website\",\"url\":\"https:\/\/www.uni.lu\/fr\/\",\"name\":\"Uni.lu\",\"description\":\"Universit\u00e9 du Luxembourg\",\"publisher\":{\"@id\":\"https:\/\/www.uni.lu\/fr\/#organization\"},\"alternateName\":\"Universit\u00e9 du Luxembourg\",\"potentialAction\":[{\"@type\":\"SearchAction\",\"target\":{\"@type\":\"EntryPoint\",\"urlTemplate\":\"https:\/\/www.uni.lu\/fr\/?s={search_term_string}\"},\"query-input\":\"required name=search_term_string\"}],\"inLanguage\":\"fr-FR\"},{\"@type\":\"Organization\",\"@id\":\"https:\/\/www.uni.lu\/fr\/#organization\",\"name\":\"Universit\u00e9 du Luxembourg\",\"alternateName\":\"Uni.lu\",\"url\":\"https:\/\/www.uni.lu\/fr\/\",\"logo\":{\"@type\":\"ImageObject\",\"inLanguage\":\"fr-FR\",\"@id\":\"https:\/\/www.uni.lu\/fr\/#\/schema\/logo\/image\/\",\"url\":\"https:\/\/www.uni.lu\/wp-content\/uploads\/sites\/11\/2026\/03\/03120045\/UNIV_SM-Profile_1600x1600px-scaled.jpg\",\"contentUrl\":\"https:\/\/www.uni.lu\/wp-content\/uploads\/sites\/11\/2026\/03\/03120045\/UNIV_SM-Profile_1600x1600px-scaled.jpg\",\"width\":2560,\"height\":2560,\"caption\":\"Universit\u00e9 du Luxembourg\"},\"image\":{\"@id\":\"https:\/\/www.uni.lu\/fr\/#\/schema\/logo\/image\/\"},\"sameAs\":[\"https:\/\/www.facebook.com\/uni.lu\",\"https:\/\/www.linkedin.com\/school\/university-of-luxembourg\/\",\"https:\/\/www.instagram.com\/uni.lu\",\"https:\/\/www.youtube.com\/@uni_lu\",\"https:\/\/en.wikipedia.org\/wiki\/University_of_Luxembourg\"]}]}<\/script>\n<!-- \/ Yoast SEO Premium plugin. -->","yoast_head_json":{"title":"Facility Management Safety and Services - Universit\u00e9 du Luxembourg","description":"Le bureau Facility Management Safety and Services a \u00e9t\u00e9 cr\u00e9\u00e9 a fin de coordonner les ressources en mati\u00e8re de sant\u00e9, de s\u00e9curit\u00e9 et de s\u00fbret\u00e9.","robots":{"index":"index","follow":"follow","max-snippet":"max-snippet:-1","max-image-preview":"max-image-preview:large","max-video-preview":"max-video-preview:-1"},"canonical":"https:\/\/www.uni.lu\/fr\/a-propos\/organisation\/administration\/service-de-facility-management\/safety-services\/","og_locale":"fr_FR","og_type":"article","og_title":"Facility Management Safety and Services","og_description":"Le bureau Facility Management Safety and Services a \u00e9t\u00e9 cr\u00e9\u00e9 a fin de coordonner les ressources en mati\u00e8re de sant\u00e9, de s\u00e9curit\u00e9 et de s\u00fbret\u00e9.","og_url":"https:\/\/www.uni.lu\/fr\/a-propos\/organisation\/administration\/service-de-facility-management\/safety-services\/","og_site_name":"UNI FR","article_publisher":"https:\/\/www.facebook.com\/uni.lu","article_modified_time":"2026-04-10T18:22:58+00:00","og_image":[{"width":2560,"height":2560,"url":"https:\/\/www.uni.lu\/wp-content\/uploads\/sites\/11\/2026\/03\/03120045\/UNIV_SM-Profile_1600x1600px-scaled.jpg","type":"image\/jpeg"}],"twitter_card":"summary_large_image","twitter_misc":{"Dur\u00e9e de lecture estim\u00e9e":"2 minutes"},"schema":{"@context":"https:\/\/schema.org","@graph":[{"@type":"WebPage","@id":"https:\/\/www.uni.lu\/fr\/a-propos\/organisation\/administration\/service-de-facility-management\/safety-services\/","url":"https:\/\/www.uni.lu\/fr\/a-propos\/organisation\/administration\/service-de-facility-management\/safety-services\/","name":"Facility Management Safety and Services - Universit\u00e9 du Luxembourg","isPartOf":{"@id":"https:\/\/www.uni.lu\/fr\/#website"},"datePublished":"2023-10-06T15:32:57+00:00","dateModified":"2026-04-10T18:22:58+00:00","description":"Le bureau Facility Management Safety and Services a \u00e9t\u00e9 cr\u00e9\u00e9 a fin de coordonner les ressources en mati\u00e8re de sant\u00e9, de s\u00e9curit\u00e9 et de s\u00fbret\u00e9.","breadcrumb":{"@id":"https:\/\/www.uni.lu\/fr\/a-propos\/organisation\/administration\/service-de-facility-management\/safety-services\/#breadcrumb"},"inLanguage":"fr-FR","potentialAction":[{"@type":"ReadAction","target":["https:\/\/www.uni.lu\/fr\/a-propos\/organisation\/administration\/service-de-facility-management\/safety-services\/"]}]},{"@type":"BreadcrumbList","@id":"https:\/\/www.uni.lu\/fr\/a-propos\/organisation\/administration\/service-de-facility-management\/safety-services\/#breadcrumb","itemListElement":[{"@type":"ListItem","position":1,"name":"Home","item":"https:\/\/www.uni.lu\/fr\/"},{"@type":"ListItem","position":2,"name":"\u00c0 propos","item":"https:\/\/www.uni.lu\/fr\/a-propos\/"},{"@type":"ListItem","position":3,"name":"Organisation","item":"https:\/\/www.uni.lu\/fr\/a-propos\/organisation\/"},{"@type":"ListItem","position":4,"name":"Administration","item":"https:\/\/www.uni.lu\/fr\/a-propos\/organisation\/administration\/"},{"@type":"ListItem","position":5,"name":"Service de Facility Management","item":"https:\/\/www.uni.lu\/fr\/a-propos\/organisation\/administration\/service-de-facility-management\/"},{"@type":"ListItem","position":6,"name":"Facility Management Safety and Services"}]},{"@type":"WebSite","@id":"https:\/\/www.uni.lu\/fr\/#website","url":"https:\/\/www.uni.lu\/fr\/","name":"Uni.lu","description":"Universit\u00e9 du Luxembourg","publisher":{"@id":"https:\/\/www.uni.lu\/fr\/#organization"},"alternateName":"Universit\u00e9 du Luxembourg","potentialAction":[{"@type":"SearchAction","target":{"@type":"EntryPoint","urlTemplate":"https:\/\/www.uni.lu\/fr\/?s={search_term_string}"},"query-input":"required name=search_term_string"}],"inLanguage":"fr-FR"},{"@type":"Organization","@id":"https:\/\/www.uni.lu\/fr\/#organization","name":"Universit\u00e9 du Luxembourg","alternateName":"Uni.lu","url":"https:\/\/www.uni.lu\/fr\/","logo":{"@type":"ImageObject","inLanguage":"fr-FR","@id":"https:\/\/www.uni.lu\/fr\/#\/schema\/logo\/image\/","url":"https:\/\/www.uni.lu\/wp-content\/uploads\/sites\/11\/2026\/03\/03120045\/UNIV_SM-Profile_1600x1600px-scaled.jpg","contentUrl":"https:\/\/www.uni.lu\/wp-content\/uploads\/sites\/11\/2026\/03\/03120045\/UNIV_SM-Profile_1600x1600px-scaled.jpg","width":2560,"height":2560,"caption":"Universit\u00e9 du Luxembourg"},"image":{"@id":"https:\/\/www.uni.lu\/fr\/#\/schema\/logo\/image\/"},"sameAs":["https:\/\/www.facebook.com\/uni.lu","https:\/\/www.linkedin.com\/school\/university-of-luxembourg\/","https:\/\/www.instagram.com\/uni.lu","https:\/\/www.youtube.com\/@uni_lu","https:\/\/en.wikipedia.org\/wiki\/University_of_Luxembourg"]}]}},"ticketed":false,"_links":{"self":[{"href":"https:\/\/www.uni.lu\/fr\/wp-json\/wp\/v2\/pages\/3229"}],"collection":[{"href":"https:\/\/www.uni.lu\/fr\/wp-json\/wp\/v2\/pages"}],"about":[{"href":"https:\/\/www.uni.lu\/fr\/wp-json\/wp\/v2\/types\/page"}],"author":[{"embeddable":true,"href":"https:\/\/www.uni.lu\/fr\/wp-json\/wp\/v2\/users\/33"}],"replies":[{"embeddable":true,"href":"https:\/\/www.uni.lu\/fr\/wp-json\/wp\/v2\/comments?post=3229"}],"version-history":[{"count":5,"href":"https:\/\/www.uni.lu\/fr\/wp-json\/wp\/v2\/pages\/3229\/revisions"}],"predecessor-version":[{"id":19405,"href":"https:\/\/www.uni.lu\/fr\/wp-json\/wp\/v2\/pages\/3229\/revisions\/19405"}],"up":[{"embeddable":true,"href":"https:\/\/www.uni.lu\/fr\/wp-json\/wp\/v2\/pages\/13960"}],"wp:authorship":[{"embeddable":true,"href":"https:\/\/www.uni.lu\/fr\/wp-json\/wp\/v2\/users\/33"},{"embeddable":true,"href":"https:\/\/www.uni.lu\/fr\/wp-json\/wp\/v2\/users\/341"}],"wp:attachment":[{"href":"https:\/\/www.uni.lu\/fr\/wp-json\/wp\/v2\/media?parent=3229"}],"wp:term":[{"taxonomy":"field-of-interest","embeddable":true,"href":"https:\/\/www.uni.lu\/fr\/wp-json\/wp\/v2\/field-of-interest?post=3229"},{"taxonomy":"organisation","embeddable":true,"href":"https:\/\/www.uni.lu\/fr\/wp-json\/wp\/v2\/organisation?post=3229"}],"curies":[{"name":"wp","href":"https:\/\/api.w.org\/{rel}","templated":true}]}}