{"id":3227,"date":"2023-10-06T17:28:02","date_gmt":"2023-10-06T15:28:02","guid":{"rendered":"https:\/\/www.uni.lu\/fr\/?page_id=3227"},"modified":"2025-09-11T11:08:52","modified_gmt":"2025-09-11T09:08:52","slug":"bureau-du-fundraising","status":"publish","type":"page","link":"https:\/\/www.uni.lu\/fr\/a-propos\/organisation\/administration\/bureau-du-fundraising\/","title":{"rendered":"Bureau du fundraising"},"content":{"rendered":"\n<section class=\"wp-block-unilux-blocks-free-section section\"><div class=\"container xl:max-w-screen-xl\">\n<h1 class=\"has-text-align-left wp-block-unilux-blocks-heading\"        id=\"bureau-du-fundraising\"\n    >\nBureau du fundraising<\/h1>\n\n\n\n<p>Les missions de l&rsquo;Universit\u00e9 sont de transmettre le savoir, \u00e0 travers l&rsquo;enseignement, mais aussi de le produire \u00e0 travers la recherche. En sus de ses sources de financement traditionnelles (dotation de l&rsquo;Etat, partenariats \u00e9tatiques, etc\u2026), l&rsquo;Universit\u00e9 favorise \u00e9galement la conclusion d&rsquo;accords de financements priv\u00e9s pour l&rsquo;accomplissement de ces missions. L&rsquo;Universit\u00e9 encourage ainsi la conclusion de conventions dans les domaines de la recherche, de la formation, de l\u2019infrastructure ou d\u2019autres projets plus sp\u00e9cifiques.<\/p>\n\n\n\n<p>L\u2019objectif de l\u2019Universit\u00e9 est de mobiliser des ressources priv\u00e9es au service d\u2019organisations et de causes d\u2019int\u00e9r\u00eat g\u00e9n\u00e9ral, qui peuvent prendre la forme soit d\u2019un m\u00e9c\u00e9nat soit d\u2019un partenariat.<\/p>\n\n\n<div class=\"py-48 first:pt-0 last:pb-0 wp-block-unilux-blocks-people-list\">\n    \n<h2 class=\"has-text-align-left wp-block-unilux-blocks-heading\"        id=\"president-du-bureau-du-fundraising\"\n    >\nPr\u00e9sident du bureau du fundraising<\/h2>\n<ul class=\"flex flex-wrap -mx-16 wp-block-unilux-blocks-people-item-wrapper\">\n    <li class=\"w-full md:w-1\/2 p-16 wp-block-unilux-blocks-people-item-automated\"><div class=\"ulux-card card-people bg-theme\"><div class=\"list-people bg-theme\">\n    <div class=\"list-people__container\">\n        <div class=\"list-people__visual\">\n            <figure class=\"wp-block-dev4-reusable-blocks-image\">\n                <!-- Template Image Component: default -->\n<img decoding=\"async\" class=\"w-full\" width=\"\" height=\"\" rel=\"\" alt=\"Philippe LAMESCH\" src=\"https:\/\/www.uni.lu\/en\/person-image\/NTAwMDIxNjJfX1BoaWxpcHBlIExBTUVTQ0g=\" srcset=\"https:\/\/www.uni.lu\/en\/person-image\/NTAwMDIxNjJfX1BoaWxpcHBlIExBTUVTQ0g=--thumbnail 150w,https:\/\/www.uni.lu\/en\/person-image\/NTAwMDIxNjJfX1BoaWxpcHBlIExBTUVTQ0g=--medium 300w,https:\/\/www.uni.lu\/en\/person-image\/NTAwMDIxNjJfX1BoaWxpcHBlIExBTUVTQ0g=--medium_large 768w,https:\/\/www.uni.lu\/en\/person-image\/NTAwMDIxNjJfX1BoaWxpcHBlIExBTUVTQ0g=--large 1024w,https:\/\/www.uni.lu\/en\/person-image\/NTAwMDIxNjJfX1BoaWxpcHBlIExBTUVTQ0g=--1536x1536 1536w,https:\/\/www.uni.lu\/en\/person-image\/NTAwMDIxNjJfX1BoaWxpcHBlIExBTUVTQ0g=--2048x2048 2048w\" loading=\"lazy\" \/><!-- end Image Component -->\n            <\/figure>\n        <\/div>\n        <div class=\"list-people__body\">\n            <h3 class=\"list-people__title\">Philippe LAMESCH<\/h3>\n            <p class=\"list-people__description\">Head of Office of Advancement Office<\/p>\n            <div class=\"wp-block-unilux-blocks-simple-cta wp-block-unilux-blocks-people-item-automated\">\n    <a\n        href=\"https:\/\/www.uni.lu\/en\/people\/philippe-lamesch\/\"\n        title=\"Philippe LAMESCH\"\n        class=\"link-text link-text--icon list-people__link link-absolute\"\n        target=\"\"\n    >\n        <span class=\"link-text__body\">\n            <span class=\"link-text__name\">Voir le profil<\/span>\n        <\/span>\n        <svg aria-hidden=\"true\" focusable=\"false\" class=\"icon icon-outline icon--arrow-right \"><use xlink:href=\"https:\/\/www.uni.lu\/wp-content\/themes\/unilux-theme\/assets\/images\/icons\/icons-outline.svg#icon--arrow-right\"><\/use><\/svg>    <\/a>\n<\/div>\n        <\/div>\n    <\/div>\n<\/div>\n<\/div><\/li><\/ul>\n\n<\/div>\n\n\n\n\n<h3 class=\"has-text-align-left wp-block-unilux-blocks-heading\"        id=\"mecenat-philanthropie\"\n    >\n<strong>M\u00e9c\u00e9nat &#8211; Philanthropie<\/strong><\/h3>\n\n\n\n<p>Le m\u00e9c\u00e9nat et la philanthropie consistent donc en un soutien mat\u00e9riel apport\u00e9, sans contrepartie directe de la part du b\u00e9n\u00e9ficiaire, \u00e0 une \u0153uvre ou \u00e0 une personne pour l\u2019exercice d\u2019activit\u00e9s pr\u00e9sentant un int\u00e9r\u00eat g\u00e9n\u00e9ral.<\/p>\n\n\n\n<p>Ce soutien est obligatoirement document\u00e9 par les \u00e9l\u00e9ments suivants avec une indication compl\u00e8te des dons ou objectifs philanthropiques :<\/p>\n\n\n\n<ul class=\"ulux-list\">\n<li class=\"ulux-list-item\">Soutien g\u00e9n\u00e9ral ou sp\u00e9cifique de la recherche,<\/li>\n\n\n\n<li class=\"ulux-list-item\">Programmes d\u2019enseignement,<\/li>\n\n\n\n<li class=\"ulux-list-item\">Subventions ou bourses pour les \u00e9tudiants,<\/li>\n\n\n\n<li class=\"ulux-list-item\">D\u00e9veloppement des logements des \u00e9tudiants (dons en nature),<\/li>\n\n\n\n<li class=\"ulux-list-item\">Legs.<\/li>\n<\/ul>\n\n\n\n<p>Le don non-affect\u00e9 est \u00e9galement possible.<\/p>\n\n\n\n<h3 class=\"has-text-align-left wp-block-unilux-blocks-heading\"        id=\"sponsoring-partenariat-entrepreneurial\"\n    >\n<strong>Sponsoring &#8211; partenariat entrepreneurial<\/strong><\/h3>\n\n\n\n<p>Il peut s\u2019agir d\u2019un engagement pluriannuel (de l\u2019ordre de 3 \u00e0 5 ans) d\u2019une entreprise, pour des montants significatifs visant \u00e0 soutenir le d\u00e9veloppement d\u2019activit\u00e9s de recherche et\/ou d\u2019enseignement dans un domaine qui int\u00e9resse une entreprise.<\/p>\n\n\n\n<p>Les sponsorings et partenariats avec les entreprises peuvent se traduire \u00e0 travers des chaires qui constituent des plateformes qui permettent l\u2019organisation d\u2019activit\u00e9s acad\u00e9miques et\/ou scientifiques multiples \u00e0 travers :<\/p>\n\n\n\n<ul class=\"ulux-list\">\n<li class=\"ulux-list-item\">L\u2019engagement d\u2019un membre du corps acad\u00e9mique des enseignants-chercheurs (Chaire acad\u00e9mique) ;<\/li>\n\n\n\n<li class=\"ulux-list-item\">Le renforcement d\u2019une \u00e9quipe de recherche dans une discipline pr\u00e9cise (Chaire de recherche) ;<\/li>\n\n\n\n<li class=\"ulux-list-item\">La promotion de cette discipline au travers de colloques scientifiques et conf\u00e9rences publiques en pr\u00e9sence de \u00ab grands formats \u00bb internationaux ;<\/li>\n\n\n\n<li class=\"ulux-list-item\">Le financement de manifestations scientifiques ou de vulgarisation \u00e0 destination des \u00e9tudiants, des chercheurs, des professionnels et du grand public.<\/li>\n<\/ul>\n\n\n\n<p>La Charte sur le Fundraising de l\u2019Universit\u00e9 du Luxembourg pr\u00e9cise les modalit\u00e9s et r\u00e8gles arr\u00eat\u00e9es par le Conseil de Gouvernance de l\u2019Universit\u00e9.<\/p>\n\n\n\n<p><strong>En savoir plus<\/strong><\/p>\n\n\n<ul class=\"wp-block-unilux-blocks-button-list\">\n    <li class=\"wp-block-unilux-blocks-button-list-item\">\n    <a\n            href=\"https:\/\/www.uni.lu\/fr\/a-propos\/soutenir-l-universite\/\"\n            class=\"quick-link wp-block-unilux-blocks-anchor\"        target=\"\"\n>\n    \n<span class=\"wp-block-unilux-blocks-wrapper quick-link__container\"><figure class=\"wp-block-dev4-reusable-blocks-image quick-link__img object-fit--scale-down\">\n        <\/figure>\n\n\n<span class=\"quick-link__name wp-block-unilux-blocks-plain-text\">Soutenir l&rsquo;Universit\u00e9<\/span>\n\n<svg aria-hidden=\"true\" focusable=\"false\" class=\"icon icon-outline icon--arrow-right \"><use xlink:href=\"https:\/\/www.uni.lu\/wp-content\/themes\/unilux-theme\/assets\/images\/icons\/icons-outline.svg#icon--arrow-right\"><\/use><\/svg><\/span>\n<\/a>\n<\/li><\/ul>\n<\/div><\/section>\n","protected":false},"excerpt":{"rendered":"","protected":false},"author":33,"featured_media":0,"parent":3111,"menu_order":0,"comment_status":"closed","ping_status":"closed","template":"","meta":{"featured_image_focal_point":[],"show_featured_caption":false,"ulux_newsletter_groups":"","uluxPostTitle":"","uluxPrePostTitle":"","_trash_the_other_posts":false,"_price":"","_stock":"","_tribe_ticket_header":"","_tribe_default_ticket_provider":"","_tribe_ticket_capacity":"0","_ticket_start_date":"","_ticket_end_date":"","_tribe_ticket_show_description":"","_tribe_ticket_show_not_going":false,"_tribe_ticket_use_global_stock":"","_tribe_ticket_global_stock_level":"","_global_stock_mode":"","_global_stock_cap":"","_tribe_rsvp_for_event":"","_tribe_ticket_going_count":"","_tribe_ticket_not_going_count":"","_tribe_tickets_list":"[]","_tribe_ticket_has_attendee_info_fields":false,"footnotes":""},"field-of-interest":[],"organisation":[],"authorship":[33,314],"acf":[],"yoast_head":"<!-- This site is optimized with the Yoast SEO Premium plugin v22.3 (Yoast SEO v22.3) - https:\/\/yoast.com\/wordpress\/plugins\/seo\/ -->\n<title>Bureau du fundraising - Universit\u00e9 du Luxembourg<\/title>\n<meta name=\"description\" content=\"L\u2019objectif du bureau du fundraising est de mobiliser des ressources priv\u00e9es au service d\u2019organisations et de causes d\u2019int\u00e9r\u00eat g\u00e9n\u00e9ral.\" \/>\n<meta name=\"robots\" content=\"index, follow, max-snippet:-1, max-image-preview:large, max-video-preview:-1\" \/>\n<link rel=\"canonical\" href=\"https:\/\/www.uni.lu\/fr\/a-propos\/organisation\/administration\/bureau-du-fundraising\/\" \/>\n<meta property=\"og:locale\" content=\"fr_FR\" \/>\n<meta property=\"og:type\" content=\"article\" \/>\n<meta property=\"og:title\" content=\"Bureau du fundraising\" \/>\n<meta property=\"og:description\" content=\"L\u2019objectif du bureau du fundraising est de mobiliser des ressources priv\u00e9es au service d\u2019organisations et de causes d\u2019int\u00e9r\u00eat g\u00e9n\u00e9ral.\" \/>\n<meta property=\"og:url\" content=\"https:\/\/www.uni.lu\/fr\/a-propos\/organisation\/administration\/bureau-du-fundraising\/\" \/>\n<meta property=\"og:site_name\" content=\"UNI FR\" \/>\n<meta property=\"article:publisher\" content=\"https:\/\/www.facebook.com\/uni.lu\" \/>\n<meta property=\"article:modified_time\" content=\"2025-09-11T09:08:52+00:00\" \/>\n<meta property=\"og:image\" content=\"https:\/\/www.uni.lu\/wp-content\/uploads\/sites\/11\/2026\/03\/03120045\/UNIV_SM-Profile_1600x1600px-scaled.jpg\" \/>\n\t<meta property=\"og:image:width\" content=\"2560\" \/>\n\t<meta property=\"og:image:height\" content=\"2560\" \/>\n\t<meta property=\"og:image:type\" content=\"image\/jpeg\" \/>\n<meta name=\"twitter:card\" content=\"summary_large_image\" \/>\n<meta name=\"twitter:label1\" content=\"Dur\u00e9e de lecture estim\u00e9e\" \/>\n\t<meta name=\"twitter:data1\" content=\"2 minutes\" \/>\n<script type=\"application\/ld+json\" class=\"yoast-schema-graph\">{\"@context\":\"https:\/\/schema.org\",\"@graph\":[{\"@type\":\"WebPage\",\"@id\":\"https:\/\/www.uni.lu\/fr\/a-propos\/organisation\/administration\/bureau-du-fundraising\/\",\"url\":\"https:\/\/www.uni.lu\/fr\/a-propos\/organisation\/administration\/bureau-du-fundraising\/\",\"name\":\"Bureau du fundraising - Universit\u00e9 du Luxembourg\",\"isPartOf\":{\"@id\":\"https:\/\/www.uni.lu\/fr\/#website\"},\"datePublished\":\"2023-10-06T15:28:02+00:00\",\"dateModified\":\"2025-09-11T09:08:52+00:00\",\"description\":\"L\u2019objectif du bureau du fundraising est de mobiliser des ressources priv\u00e9es au service d\u2019organisations et de causes d\u2019int\u00e9r\u00eat g\u00e9n\u00e9ral.\",\"breadcrumb\":{\"@id\":\"https:\/\/www.uni.lu\/fr\/a-propos\/organisation\/administration\/bureau-du-fundraising\/#breadcrumb\"},\"inLanguage\":\"fr-FR\",\"potentialAction\":[{\"@type\":\"ReadAction\",\"target\":[\"https:\/\/www.uni.lu\/fr\/a-propos\/organisation\/administration\/bureau-du-fundraising\/\"]}]},{\"@type\":\"BreadcrumbList\",\"@id\":\"https:\/\/www.uni.lu\/fr\/a-propos\/organisation\/administration\/bureau-du-fundraising\/#breadcrumb\",\"itemListElement\":[{\"@type\":\"ListItem\",\"position\":1,\"name\":\"Home\",\"item\":\"https:\/\/www.uni.lu\/fr\/\"},{\"@type\":\"ListItem\",\"position\":2,\"name\":\"\u00c0 propos\",\"item\":\"https:\/\/www.uni.lu\/fr\/a-propos\/\"},{\"@type\":\"ListItem\",\"position\":3,\"name\":\"Organisation\",\"item\":\"https:\/\/www.uni.lu\/fr\/a-propos\/organisation\/\"},{\"@type\":\"ListItem\",\"position\":4,\"name\":\"Administration\",\"item\":\"https:\/\/www.uni.lu\/fr\/a-propos\/organisation\/administration\/\"},{\"@type\":\"ListItem\",\"position\":5,\"name\":\"Bureau du fundraising\"}]},{\"@type\":\"WebSite\",\"@id\":\"https:\/\/www.uni.lu\/fr\/#website\",\"url\":\"https:\/\/www.uni.lu\/fr\/\",\"name\":\"Uni.lu\",\"description\":\"Universit\u00e9 du Luxembourg\",\"publisher\":{\"@id\":\"https:\/\/www.uni.lu\/fr\/#organization\"},\"alternateName\":\"Universit\u00e9 du Luxembourg\",\"potentialAction\":[{\"@type\":\"SearchAction\",\"target\":{\"@type\":\"EntryPoint\",\"urlTemplate\":\"https:\/\/www.uni.lu\/fr\/?s={search_term_string}\"},\"query-input\":\"required name=search_term_string\"}],\"inLanguage\":\"fr-FR\"},{\"@type\":\"Organization\",\"@id\":\"https:\/\/www.uni.lu\/fr\/#organization\",\"name\":\"Universit\u00e9 du Luxembourg\",\"alternateName\":\"Uni.lu\",\"url\":\"https:\/\/www.uni.lu\/fr\/\",\"logo\":{\"@type\":\"ImageObject\",\"inLanguage\":\"fr-FR\",\"@id\":\"https:\/\/www.uni.lu\/fr\/#\/schema\/logo\/image\/\",\"url\":\"https:\/\/www.uni.lu\/wp-content\/uploads\/sites\/11\/2026\/03\/03120045\/UNIV_SM-Profile_1600x1600px-scaled.jpg\",\"contentUrl\":\"https:\/\/www.uni.lu\/wp-content\/uploads\/sites\/11\/2026\/03\/03120045\/UNIV_SM-Profile_1600x1600px-scaled.jpg\",\"width\":2560,\"height\":2560,\"caption\":\"Universit\u00e9 du Luxembourg\"},\"image\":{\"@id\":\"https:\/\/www.uni.lu\/fr\/#\/schema\/logo\/image\/\"},\"sameAs\":[\"https:\/\/www.facebook.com\/uni.lu\",\"https:\/\/www.linkedin.com\/school\/university-of-luxembourg\/\",\"https:\/\/www.instagram.com\/uni.lu\",\"https:\/\/www.youtube.com\/@uni_lu\",\"https:\/\/en.wikipedia.org\/wiki\/University_of_Luxembourg\"]}]}<\/script>\n<!-- \/ Yoast SEO Premium plugin. -->","yoast_head_json":{"title":"Bureau du fundraising - Universit\u00e9 du Luxembourg","description":"L\u2019objectif du bureau du fundraising est de mobiliser des ressources priv\u00e9es au service d\u2019organisations et de causes d\u2019int\u00e9r\u00eat g\u00e9n\u00e9ral.","robots":{"index":"index","follow":"follow","max-snippet":"max-snippet:-1","max-image-preview":"max-image-preview:large","max-video-preview":"max-video-preview:-1"},"canonical":"https:\/\/www.uni.lu\/fr\/a-propos\/organisation\/administration\/bureau-du-fundraising\/","og_locale":"fr_FR","og_type":"article","og_title":"Bureau du fundraising","og_description":"L\u2019objectif du bureau du fundraising est de mobiliser des ressources priv\u00e9es au service d\u2019organisations et de causes d\u2019int\u00e9r\u00eat g\u00e9n\u00e9ral.","og_url":"https:\/\/www.uni.lu\/fr\/a-propos\/organisation\/administration\/bureau-du-fundraising\/","og_site_name":"UNI FR","article_publisher":"https:\/\/www.facebook.com\/uni.lu","article_modified_time":"2025-09-11T09:08:52+00:00","og_image":[{"width":2560,"height":2560,"url":"https:\/\/www.uni.lu\/wp-content\/uploads\/sites\/11\/2026\/03\/03120045\/UNIV_SM-Profile_1600x1600px-scaled.jpg","type":"image\/jpeg"}],"twitter_card":"summary_large_image","twitter_misc":{"Dur\u00e9e de lecture estim\u00e9e":"2 minutes"},"schema":{"@context":"https:\/\/schema.org","@graph":[{"@type":"WebPage","@id":"https:\/\/www.uni.lu\/fr\/a-propos\/organisation\/administration\/bureau-du-fundraising\/","url":"https:\/\/www.uni.lu\/fr\/a-propos\/organisation\/administration\/bureau-du-fundraising\/","name":"Bureau du fundraising - Universit\u00e9 du Luxembourg","isPartOf":{"@id":"https:\/\/www.uni.lu\/fr\/#website"},"datePublished":"2023-10-06T15:28:02+00:00","dateModified":"2025-09-11T09:08:52+00:00","description":"L\u2019objectif du bureau du fundraising est de mobiliser des ressources priv\u00e9es au service d\u2019organisations et de causes d\u2019int\u00e9r\u00eat g\u00e9n\u00e9ral.","breadcrumb":{"@id":"https:\/\/www.uni.lu\/fr\/a-propos\/organisation\/administration\/bureau-du-fundraising\/#breadcrumb"},"inLanguage":"fr-FR","potentialAction":[{"@type":"ReadAction","target":["https:\/\/www.uni.lu\/fr\/a-propos\/organisation\/administration\/bureau-du-fundraising\/"]}]},{"@type":"BreadcrumbList","@id":"https:\/\/www.uni.lu\/fr\/a-propos\/organisation\/administration\/bureau-du-fundraising\/#breadcrumb","itemListElement":[{"@type":"ListItem","position":1,"name":"Home","item":"https:\/\/www.uni.lu\/fr\/"},{"@type":"ListItem","position":2,"name":"\u00c0 propos","item":"https:\/\/www.uni.lu\/fr\/a-propos\/"},{"@type":"ListItem","position":3,"name":"Organisation","item":"https:\/\/www.uni.lu\/fr\/a-propos\/organisation\/"},{"@type":"ListItem","position":4,"name":"Administration","item":"https:\/\/www.uni.lu\/fr\/a-propos\/organisation\/administration\/"},{"@type":"ListItem","position":5,"name":"Bureau du fundraising"}]},{"@type":"WebSite","@id":"https:\/\/www.uni.lu\/fr\/#website","url":"https:\/\/www.uni.lu\/fr\/","name":"Uni.lu","description":"Universit\u00e9 du Luxembourg","publisher":{"@id":"https:\/\/www.uni.lu\/fr\/#organization"},"alternateName":"Universit\u00e9 du Luxembourg","potentialAction":[{"@type":"SearchAction","target":{"@type":"EntryPoint","urlTemplate":"https:\/\/www.uni.lu\/fr\/?s={search_term_string}"},"query-input":"required name=search_term_string"}],"inLanguage":"fr-FR"},{"@type":"Organization","@id":"https:\/\/www.uni.lu\/fr\/#organization","name":"Universit\u00e9 du Luxembourg","alternateName":"Uni.lu","url":"https:\/\/www.uni.lu\/fr\/","logo":{"@type":"ImageObject","inLanguage":"fr-FR","@id":"https:\/\/www.uni.lu\/fr\/#\/schema\/logo\/image\/","url":"https:\/\/www.uni.lu\/wp-content\/uploads\/sites\/11\/2026\/03\/03120045\/UNIV_SM-Profile_1600x1600px-scaled.jpg","contentUrl":"https:\/\/www.uni.lu\/wp-content\/uploads\/sites\/11\/2026\/03\/03120045\/UNIV_SM-Profile_1600x1600px-scaled.jpg","width":2560,"height":2560,"caption":"Universit\u00e9 du Luxembourg"},"image":{"@id":"https:\/\/www.uni.lu\/fr\/#\/schema\/logo\/image\/"},"sameAs":["https:\/\/www.facebook.com\/uni.lu","https:\/\/www.linkedin.com\/school\/university-of-luxembourg\/","https:\/\/www.instagram.com\/uni.lu","https:\/\/www.youtube.com\/@uni_lu","https:\/\/en.wikipedia.org\/wiki\/University_of_Luxembourg"]}]}},"ticketed":false,"_links":{"self":[{"href":"https:\/\/www.uni.lu\/fr\/wp-json\/wp\/v2\/pages\/3227"}],"collection":[{"href":"https:\/\/www.uni.lu\/fr\/wp-json\/wp\/v2\/pages"}],"about":[{"href":"https:\/\/www.uni.lu\/fr\/wp-json\/wp\/v2\/types\/page"}],"author":[{"embeddable":true,"href":"https:\/\/www.uni.lu\/fr\/wp-json\/wp\/v2\/users\/33"}],"replies":[{"embeddable":true,"href":"https:\/\/www.uni.lu\/fr\/wp-json\/wp\/v2\/comments?post=3227"}],"version-history":[{"count":5,"href":"https:\/\/www.uni.lu\/fr\/wp-json\/wp\/v2\/pages\/3227\/revisions"}],"predecessor-version":[{"id":16431,"href":"https:\/\/www.uni.lu\/fr\/wp-json\/wp\/v2\/pages\/3227\/revisions\/16431"}],"up":[{"embeddable":true,"href":"https:\/\/www.uni.lu\/fr\/wp-json\/wp\/v2\/pages\/3111"}],"wp:authorship":[{"embeddable":true,"href":"https:\/\/www.uni.lu\/fr\/wp-json\/wp\/v2\/users\/33"},{"embeddable":true,"href":"https:\/\/www.uni.lu\/fr\/wp-json\/wp\/v2\/users\/314"}],"wp:attachment":[{"href":"https:\/\/www.uni.lu\/fr\/wp-json\/wp\/v2\/media?parent=3227"}],"wp:term":[{"taxonomy":"field-of-interest","embeddable":true,"href":"https:\/\/www.uni.lu\/fr\/wp-json\/wp\/v2\/field-of-interest?post=3227"},{"taxonomy":"organisation","embeddable":true,"href":"https:\/\/www.uni.lu\/fr\/wp-json\/wp\/v2\/organisation?post=3227"}],"curies":[{"name":"wp","href":"https:\/\/api.w.org\/{rel}","templated":true}]}}