{"id":3178,"date":"2023-10-06T15:38:37","date_gmt":"2023-10-06T13:38:37","guid":{"rendered":"https:\/\/www.uni.lu\/fr\/?page_id=3178"},"modified":"2025-05-30T10:29:46","modified_gmt":"2025-05-30T08:29:46","slug":"service-de-la-communication","status":"publish","type":"page","link":"https:\/\/www.uni.lu\/fr\/a-propos\/organisation\/administration\/service-de-la-communication\/","title":{"rendered":"Service de la communication"},"content":{"rendered":"\n<section class=\"py-0 wp-block-unilux-blocks-free-section section\"><div class=\"container xl:max-w-screen-xl\">\n<h2 class=\"has-text-align-left wp-block-unilux-blocks-heading\"        id=\"service-de-la-communication\"\n    >\n<strong>Service de la communication<\/strong><\/h2>\n<\/div><\/section>\n\n\n\n<section class=\"wp-block-unilux-blocks-free-section section\"><div class=\"container xl:max-w-screen-xl\">\n<p>Le Service de communication de l\u2019Universit\u00e9 du Luxembourg est en charge :<\/p>\n\n\n\n<ul class=\"ulux-list\">\n<li class=\"ulux-list-item\"><a href=\"https:\/\/www.uni.lu\/en\/press\/\">des relation avec la presse (en) ;<\/a><\/li>\n\n\n\n<li class=\"ulux-list-item\">du conseil aupr\u00e8s des chercheurs intervenant dans les m\u00e9dias ;<\/li>\n\n\n\n<li class=\"ulux-list-item\">du marketing et de l\u2019identit\u00e9 visuelle de l\u2019Universit\u00e9 (lignes directrices relatives \u00e0 l\u2019identit\u00e9 visuelle de l\u2019Universit\u00e9 du Luxembourg) ;<\/li>\n\n\n\n<li class=\"ulux-list-item\">de la communication web (www.uni.lu, newsletter de l\u2019Universit\u00e9) ;<\/li>\n\n\n\n<li class=\"ulux-list-item\"><a href=\"https:\/\/socialmedia.uni.lu\">des m\u00e9dias sociaux<\/a> (<a href=\"https:\/\/www.facebook.com\/uni.lu\" target=\"_blank\" rel=\"noreferrer noopener\">Facebook<\/a>,\u00a0<a href=\"https:\/\/www.linkedin.com\/school\/university-of-luxembourg\/\" target=\"_blank\" rel=\"noreferrer noopener\">LinkedIn<\/a>,\u00a0<a href=\"https:\/\/www.instagram.com\/uni.lu\" target=\"_blank\" rel=\"noreferrer noopener\">Instagram<\/a>,\u00a0<a href=\"https:\/\/www.youtube.com\/@uni_lu\" target=\"_blank\" rel=\"noreferrer noopener\">YouTube<\/a>, <a href=\"https:\/\/www.threads.net\/@uni.lu\" target=\"_blank\" rel=\"noreferrer noopener\">Threads<\/a>, <a href=\"https:\/\/bsky.app\/profile\/uni.lu\" target=\"_blank\" rel=\"noreferrer noopener\">BlueSky<\/a>) ;<\/li>\n\n\n\n<li class=\"ulux-list-item\">de la gestion d\u2019\u00e9v\u00e9nements ;<\/li>\n\n\n\n<li class=\"ulux-list-item\">de la communication interne.<\/li>\n<\/ul>\n\n\n\n<p>Nous \u00e9paulons les visiteurs dans leur recherche d\u2019informations sur l\u2019Universit\u00e9 du Luxembourg et organisons des entretiens et des visites pour les journalistes.<\/p>\n\n\n\n<p>Que vous soyez professeur ou chercheur \u00e0 l\u2019Universit\u00e9 du Luxembourg, merci de nous transf\u00e9rer les projets d\u2019\u00e9tudiants, les \u00e9v\u00e9nements ou les histoires \u00e0 succ\u00e8s li\u00e9s \u00e0 l\u2019enseignement ou \u00e0 la recherche, les r\u00e9sultats de recherche, les publications \u00e0 venir ou les prix personnels.<\/p>\n\n\n\n<p>Il nous est impossible de r\u00e9pondre aux demandes d&rsquo;information des \u00e9tudiants concernant les admissions.<br>Que vous soyez un <a href=\"https:\/\/www.uni.lu\/fr\/pour-les-candidats\/\">futur \u00e9tudiant<\/a> ou que <a href=\"https:\/\/www.uni.lu\/fr\/pour-les-etudiants\/\">vous \u00e9tudiez d\u00e9j\u00e0 chez nous<\/a>, vous trouverez le bon point de contact sur notre page d\u00e9di\u00e9e aux <a href=\"https:\/\/www.uni.lu\/life-en\/contacts\/\">contacts pour les \u00e9tudiants (EN)<\/a>.<\/p>\n\n\n<div class=\"wp-block-unilux-blocks-spacer is-spacer-size-md\"><\/div>\n\n<div class=\"icon-info-wrapper\">\n    <ul class=\"wp-block-unilux-blocks-icon-info\">\n        <li class=\"wp-block-unilux-blocks-icon-info-item\">\n    \n<div class=\"wp-block-unilux-blocks-wrapper icon-info\">\n<div class=\"icon--primary icon--secondary-2  wp-block-unilux-blocks-icon-picker\">\n    <svg aria-hidden=\"true\" focusable=\"false\" class=\"icon icon-outline icon--email \"><use xlink:href=\"https:\/\/www.uni.lu\/wp-content\/themes\/unilux-theme\/assets\/images\/icons\/icons-outline.svg#icon--email\"><\/use><\/svg><\/div>\n\n\n<p class=\"has-1-125-rem-font-size\"><a href=\"mailto:communication@uni.lu\">communication@uni.lu<\/a><\/p>\n<\/div>\n<\/li>\n    <\/ul>\n<\/div>\n\n\n\n<div class=\"wp-block-unilux-blocks-icons-group icon--lg has-text-align-left\"><!--- Start template: Component Icon --><a href=\"https:\/\/www.facebook.com\/uni.lu\" class=\"\"> <svg aria-hidden=\"true\" focusable=\"false\" class=\"icon icon-solid icon--facebook \"><use xlink:href=\"https:\/\/www.uni.lu\/wp-content\/themes\/unilux-theme\/assets\/images\/icons\/icons-solid.svg#icon--facebook\"><\/use><\/svg><\/a>\n\n<!--- Start template: Component Icon --><a href=\"https:\/\/www.linkedin.com\/school\/university-of-luxembourg\/mycompany\/\" class=\"\"> <svg aria-hidden=\"true\" focusable=\"false\" class=\"icon icon-solid icon--linkedin \"><use xlink:href=\"https:\/\/www.uni.lu\/wp-content\/themes\/unilux-theme\/assets\/images\/icons\/icons-solid.svg#icon--linkedin\"><\/use><\/svg><\/a>\n\n<!--- Start template: Component Icon --><a href=\"https:\/\/www.instagram.com\/uni.lu\" class=\"\"> <svg aria-hidden=\"true\" focusable=\"false\" class=\"icon icon-solid icon--instagram \"><use xlink:href=\"https:\/\/www.uni.lu\/wp-content\/themes\/unilux-theme\/assets\/images\/icons\/icons-solid.svg#icon--instagram\"><\/use><\/svg><\/a>\n\n<!--- Start template: Component Icon --><a href=\"https:\/\/www.youtube.com\/@uni_lu\" class=\"\"> <svg aria-hidden=\"true\" focusable=\"false\" class=\"icon icon-solid icon--youtube \"><use xlink:href=\"https:\/\/www.uni.lu\/wp-content\/themes\/unilux-theme\/assets\/images\/icons\/icons-solid.svg#icon--youtube\"><\/use><\/svg><\/a>\n\n<!--- Start template: Component Icon --><a href=\"https:\/\/www.threads.net\/@uni.lu\" class=\"\"> <svg aria-hidden=\"true\" focusable=\"false\" class=\"icon icon-solid icon--threads \"><use xlink:href=\"https:\/\/www.uni.lu\/wp-content\/themes\/unilux-theme\/assets\/images\/icons\/icons-solid.svg#icon--threads\"><\/use><\/svg><\/a>\n\n<!--- Start template: Component Icon --><a href=\"https:\/\/bsky.app\/profile\/uni.lu\" class=\"\"> <svg aria-hidden=\"true\" focusable=\"false\" class=\"icon icon-solid icon--bluesky \"><use xlink:href=\"https:\/\/www.uni.lu\/wp-content\/themes\/unilux-theme\/assets\/images\/icons\/icons-solid.svg#icon--bluesky\"><\/use><\/svg><\/a><\/div>\n\n\n<div class=\"wp-block-unilux-blocks-spacer is-spacer-size-md\"><\/div>\n\n<div class=\"py-48 first:pt-0 last:pb-0 wp-block-unilux-blocks-people-list\">\n    \n<h2 class=\"has-text-align-left wp-block-unilux-blocks-heading\"        id=\"service-de-la-communication\"\n    >\nService de la communication<\/h2>\n<ul class=\"flex flex-wrap -mx-16 wp-block-unilux-blocks-people-item-wrapper\">\n    <li class=\"w-full md:w-1\/2 p-16 wp-block-unilux-blocks-people-item-automated\"><div class=\"ulux-card card-people bg-theme\"><div class=\"list-people bg-theme\">\n    <div class=\"list-people__container\">\n        <div class=\"list-people__visual\">\n            <figure class=\"wp-block-dev4-reusable-blocks-image\">\n                <!-- Template Image Component: default -->\n<img decoding=\"async\" class=\"w-full\" width=\"\" height=\"\" rel=\"\" alt=\"Geraldine KNUDSON\" src=\"https:\/\/www.uni.lu\/en\/person-image\/NTAwNzQ1NzhfX0dlcmFsZGluZSBLTlVEU09O\" srcset=\"https:\/\/www.uni.lu\/en\/person-image\/NTAwNzQ1NzhfX0dlcmFsZGluZSBLTlVEU09O--thumbnail 150w,https:\/\/www.uni.lu\/en\/person-image\/NTAwNzQ1NzhfX0dlcmFsZGluZSBLTlVEU09O--medium 300w,https:\/\/www.uni.lu\/en\/person-image\/NTAwNzQ1NzhfX0dlcmFsZGluZSBLTlVEU09O--medium_large 768w,https:\/\/www.uni.lu\/en\/person-image\/NTAwNzQ1NzhfX0dlcmFsZGluZSBLTlVEU09O--large 1024w,https:\/\/www.uni.lu\/en\/person-image\/NTAwNzQ1NzhfX0dlcmFsZGluZSBLTlVEU09O--1536x1536 1536w,https:\/\/www.uni.lu\/en\/person-image\/NTAwNzQ1NzhfX0dlcmFsZGluZSBLTlVEU09O--2048x2048 2048w\" loading=\"lazy\" \/><!-- end Image Component -->\n            <\/figure>\n        <\/div>\n        <div class=\"list-people__body\">\n            <h3 class=\"list-people__title\">Geraldine KNUDSON<\/h3>\n            <p class=\"list-people__description\">Head of Communications and Marketing<\/p>\n            <div class=\"wp-block-unilux-blocks-simple-cta wp-block-unilux-blocks-people-item-automated\">\n    <a\n        href=\"https:\/\/www.uni.lu\/en\/people\/geraldine-knudson\/\"\n        title=\"Geraldine KNUDSON\"\n        class=\"link-text link-text--icon list-people__link link-absolute\"\n        target=\"\"\n    >\n        <span class=\"link-text__body\">\n            <span class=\"link-text__name\">Voir le profil<\/span>\n        <\/span>\n        <svg aria-hidden=\"true\" focusable=\"false\" class=\"icon icon-outline icon--arrow-right \"><use xlink:href=\"https:\/\/www.uni.lu\/wp-content\/themes\/unilux-theme\/assets\/images\/icons\/icons-outline.svg#icon--arrow-right\"><\/use><\/svg>    <\/a>\n<\/div>\n        <\/div>\n    <\/div>\n<\/div>\n<\/div><\/li><\/ul>\n\n<\/div>\n\n<\/div><\/section>\n","protected":false},"excerpt":{"rendered":"","protected":false},"author":33,"featured_media":0,"parent":3111,"menu_order":0,"comment_status":"closed","ping_status":"closed","template":"","meta":{"featured_image_focal_point":[],"show_featured_caption":false,"ulux_newsletter_groups":"","uluxPostTitle":"","uluxPrePostTitle":"","_trash_the_other_posts":false,"_price":"","_stock":"","_tribe_ticket_header":"","_tribe_default_ticket_provider":"","_tribe_ticket_capacity":"0","_ticket_start_date":"","_ticket_end_date":"","_tribe_ticket_show_description":"","_tribe_ticket_show_not_going":false,"_tribe_ticket_use_global_stock":"","_tribe_ticket_global_stock_level":"","_global_stock_mode":"","_global_stock_cap":"","_tribe_rsvp_for_event":"","_tribe_ticket_going_count":"","_tribe_ticket_not_going_count":"","_tribe_tickets_list":"[]","_tribe_ticket_has_attendee_info_fields":false,"footnotes":""},"field-of-interest":[],"organisation":[],"authorship":[33],"acf":[],"yoast_head":"<!-- This site is optimized with the Yoast SEO Premium plugin v22.3 (Yoast SEO v22.3) - https:\/\/yoast.com\/wordpress\/plugins\/seo\/ -->\n<title>Service de la communication - Universit\u00e9 du Luxembourg<\/title>\n<meta name=\"description\" content=\"Le Service de communication de l\u2019Universit\u00e9 du Luxembourg est en charge des relation avec la presse, du marketing et du site web, entre autres\" \/>\n<meta name=\"robots\" content=\"index, follow, max-snippet:-1, max-image-preview:large, max-video-preview:-1\" \/>\n<link rel=\"canonical\" href=\"https:\/\/www.uni.lu\/fr\/a-propos\/organisation\/administration\/service-de-la-communication\/\" \/>\n<meta property=\"og:locale\" content=\"fr_FR\" \/>\n<meta property=\"og:type\" content=\"article\" \/>\n<meta property=\"og:title\" content=\"Service de la communication\" \/>\n<meta property=\"og:description\" content=\"Le Service de communication de l\u2019Universit\u00e9 du Luxembourg est en charge des relation avec la presse, du marketing et du site web, entre autres\" \/>\n<meta property=\"og:url\" content=\"https:\/\/www.uni.lu\/fr\/a-propos\/organisation\/administration\/service-de-la-communication\/\" \/>\n<meta property=\"og:site_name\" content=\"UNI FR\" \/>\n<meta property=\"article:publisher\" content=\"https:\/\/www.facebook.com\/uni.lu\" \/>\n<meta property=\"article:modified_time\" content=\"2025-05-30T08:29:46+00:00\" \/>\n<meta property=\"og:image\" content=\"https:\/\/www.uni.lu\/wp-content\/uploads\/sites\/11\/2026\/03\/03120045\/UNIV_SM-Profile_1600x1600px-scaled.jpg\" \/>\n\t<meta property=\"og:image:width\" content=\"2560\" \/>\n\t<meta property=\"og:image:height\" content=\"2560\" \/>\n\t<meta property=\"og:image:type\" content=\"image\/jpeg\" \/>\n<meta name=\"twitter:card\" content=\"summary_large_image\" \/>\n<meta name=\"twitter:label1\" content=\"Dur\u00e9e de lecture estim\u00e9e\" \/>\n\t<meta name=\"twitter:data1\" content=\"1 minute\" \/>\n<script type=\"application\/ld+json\" class=\"yoast-schema-graph\">{\"@context\":\"https:\/\/schema.org\",\"@graph\":[{\"@type\":\"WebPage\",\"@id\":\"https:\/\/www.uni.lu\/fr\/a-propos\/organisation\/administration\/service-de-la-communication\/\",\"url\":\"https:\/\/www.uni.lu\/fr\/a-propos\/organisation\/administration\/service-de-la-communication\/\",\"name\":\"Service de la communication - Universit\u00e9 du Luxembourg\",\"isPartOf\":{\"@id\":\"https:\/\/www.uni.lu\/fr\/#website\"},\"datePublished\":\"2023-10-06T13:38:37+00:00\",\"dateModified\":\"2025-05-30T08:29:46+00:00\",\"description\":\"Le Service de communication de l\u2019Universit\u00e9 du Luxembourg est en charge des relation avec la presse, du marketing et du site web, entre autres\",\"breadcrumb\":{\"@id\":\"https:\/\/www.uni.lu\/fr\/a-propos\/organisation\/administration\/service-de-la-communication\/#breadcrumb\"},\"inLanguage\":\"fr-FR\",\"potentialAction\":[{\"@type\":\"ReadAction\",\"target\":[\"https:\/\/www.uni.lu\/fr\/a-propos\/organisation\/administration\/service-de-la-communication\/\"]}]},{\"@type\":\"BreadcrumbList\",\"@id\":\"https:\/\/www.uni.lu\/fr\/a-propos\/organisation\/administration\/service-de-la-communication\/#breadcrumb\",\"itemListElement\":[{\"@type\":\"ListItem\",\"position\":1,\"name\":\"Home\",\"item\":\"https:\/\/www.uni.lu\/fr\/\"},{\"@type\":\"ListItem\",\"position\":2,\"name\":\"\u00c0 propos\",\"item\":\"https:\/\/www.uni.lu\/fr\/a-propos\/\"},{\"@type\":\"ListItem\",\"position\":3,\"name\":\"Organisation\",\"item\":\"https:\/\/www.uni.lu\/fr\/a-propos\/organisation\/\"},{\"@type\":\"ListItem\",\"position\":4,\"name\":\"Administration\",\"item\":\"https:\/\/www.uni.lu\/fr\/a-propos\/organisation\/administration\/\"},{\"@type\":\"ListItem\",\"position\":5,\"name\":\"Service de la communication\"}]},{\"@type\":\"WebSite\",\"@id\":\"https:\/\/www.uni.lu\/fr\/#website\",\"url\":\"https:\/\/www.uni.lu\/fr\/\",\"name\":\"Uni.lu\",\"description\":\"Universit\u00e9 du Luxembourg\",\"publisher\":{\"@id\":\"https:\/\/www.uni.lu\/fr\/#organization\"},\"alternateName\":\"Universit\u00e9 du Luxembourg\",\"potentialAction\":[{\"@type\":\"SearchAction\",\"target\":{\"@type\":\"EntryPoint\",\"urlTemplate\":\"https:\/\/www.uni.lu\/fr\/?s={search_term_string}\"},\"query-input\":\"required name=search_term_string\"}],\"inLanguage\":\"fr-FR\"},{\"@type\":\"Organization\",\"@id\":\"https:\/\/www.uni.lu\/fr\/#organization\",\"name\":\"Universit\u00e9 du Luxembourg\",\"alternateName\":\"Uni.lu\",\"url\":\"https:\/\/www.uni.lu\/fr\/\",\"logo\":{\"@type\":\"ImageObject\",\"inLanguage\":\"fr-FR\",\"@id\":\"https:\/\/www.uni.lu\/fr\/#\/schema\/logo\/image\/\",\"url\":\"https:\/\/www.uni.lu\/wp-content\/uploads\/sites\/11\/2026\/03\/03120045\/UNIV_SM-Profile_1600x1600px-scaled.jpg\",\"contentUrl\":\"https:\/\/www.uni.lu\/wp-content\/uploads\/sites\/11\/2026\/03\/03120045\/UNIV_SM-Profile_1600x1600px-scaled.jpg\",\"width\":2560,\"height\":2560,\"caption\":\"Universit\u00e9 du Luxembourg\"},\"image\":{\"@id\":\"https:\/\/www.uni.lu\/fr\/#\/schema\/logo\/image\/\"},\"sameAs\":[\"https:\/\/www.facebook.com\/uni.lu\",\"https:\/\/www.linkedin.com\/school\/university-of-luxembourg\/\",\"https:\/\/www.instagram.com\/uni.lu\",\"https:\/\/www.youtube.com\/@uni_lu\",\"https:\/\/en.wikipedia.org\/wiki\/University_of_Luxembourg\"]}]}<\/script>\n<!-- \/ Yoast SEO Premium plugin. -->","yoast_head_json":{"title":"Service de la communication - Universit\u00e9 du Luxembourg","description":"Le Service de communication de l\u2019Universit\u00e9 du Luxembourg est en charge des relation avec la presse, du marketing et du site web, entre autres","robots":{"index":"index","follow":"follow","max-snippet":"max-snippet:-1","max-image-preview":"max-image-preview:large","max-video-preview":"max-video-preview:-1"},"canonical":"https:\/\/www.uni.lu\/fr\/a-propos\/organisation\/administration\/service-de-la-communication\/","og_locale":"fr_FR","og_type":"article","og_title":"Service de la communication","og_description":"Le Service de communication de l\u2019Universit\u00e9 du Luxembourg est en charge des relation avec la presse, du marketing et du site web, entre autres","og_url":"https:\/\/www.uni.lu\/fr\/a-propos\/organisation\/administration\/service-de-la-communication\/","og_site_name":"UNI FR","article_publisher":"https:\/\/www.facebook.com\/uni.lu","article_modified_time":"2025-05-30T08:29:46+00:00","og_image":[{"width":2560,"height":2560,"url":"https:\/\/www.uni.lu\/wp-content\/uploads\/sites\/11\/2026\/03\/03120045\/UNIV_SM-Profile_1600x1600px-scaled.jpg","type":"image\/jpeg"}],"twitter_card":"summary_large_image","twitter_misc":{"Dur\u00e9e de lecture estim\u00e9e":"1 minute"},"schema":{"@context":"https:\/\/schema.org","@graph":[{"@type":"WebPage","@id":"https:\/\/www.uni.lu\/fr\/a-propos\/organisation\/administration\/service-de-la-communication\/","url":"https:\/\/www.uni.lu\/fr\/a-propos\/organisation\/administration\/service-de-la-communication\/","name":"Service de la communication - Universit\u00e9 du Luxembourg","isPartOf":{"@id":"https:\/\/www.uni.lu\/fr\/#website"},"datePublished":"2023-10-06T13:38:37+00:00","dateModified":"2025-05-30T08:29:46+00:00","description":"Le Service de communication de l\u2019Universit\u00e9 du Luxembourg est en charge des relation avec la presse, du marketing et du site web, entre autres","breadcrumb":{"@id":"https:\/\/www.uni.lu\/fr\/a-propos\/organisation\/administration\/service-de-la-communication\/#breadcrumb"},"inLanguage":"fr-FR","potentialAction":[{"@type":"ReadAction","target":["https:\/\/www.uni.lu\/fr\/a-propos\/organisation\/administration\/service-de-la-communication\/"]}]},{"@type":"BreadcrumbList","@id":"https:\/\/www.uni.lu\/fr\/a-propos\/organisation\/administration\/service-de-la-communication\/#breadcrumb","itemListElement":[{"@type":"ListItem","position":1,"name":"Home","item":"https:\/\/www.uni.lu\/fr\/"},{"@type":"ListItem","position":2,"name":"\u00c0 propos","item":"https:\/\/www.uni.lu\/fr\/a-propos\/"},{"@type":"ListItem","position":3,"name":"Organisation","item":"https:\/\/www.uni.lu\/fr\/a-propos\/organisation\/"},{"@type":"ListItem","position":4,"name":"Administration","item":"https:\/\/www.uni.lu\/fr\/a-propos\/organisation\/administration\/"},{"@type":"ListItem","position":5,"name":"Service de la communication"}]},{"@type":"WebSite","@id":"https:\/\/www.uni.lu\/fr\/#website","url":"https:\/\/www.uni.lu\/fr\/","name":"Uni.lu","description":"Universit\u00e9 du Luxembourg","publisher":{"@id":"https:\/\/www.uni.lu\/fr\/#organization"},"alternateName":"Universit\u00e9 du Luxembourg","potentialAction":[{"@type":"SearchAction","target":{"@type":"EntryPoint","urlTemplate":"https:\/\/www.uni.lu\/fr\/?s={search_term_string}"},"query-input":"required name=search_term_string"}],"inLanguage":"fr-FR"},{"@type":"Organization","@id":"https:\/\/www.uni.lu\/fr\/#organization","name":"Universit\u00e9 du Luxembourg","alternateName":"Uni.lu","url":"https:\/\/www.uni.lu\/fr\/","logo":{"@type":"ImageObject","inLanguage":"fr-FR","@id":"https:\/\/www.uni.lu\/fr\/#\/schema\/logo\/image\/","url":"https:\/\/www.uni.lu\/wp-content\/uploads\/sites\/11\/2026\/03\/03120045\/UNIV_SM-Profile_1600x1600px-scaled.jpg","contentUrl":"https:\/\/www.uni.lu\/wp-content\/uploads\/sites\/11\/2026\/03\/03120045\/UNIV_SM-Profile_1600x1600px-scaled.jpg","width":2560,"height":2560,"caption":"Universit\u00e9 du Luxembourg"},"image":{"@id":"https:\/\/www.uni.lu\/fr\/#\/schema\/logo\/image\/"},"sameAs":["https:\/\/www.facebook.com\/uni.lu","https:\/\/www.linkedin.com\/school\/university-of-luxembourg\/","https:\/\/www.instagram.com\/uni.lu","https:\/\/www.youtube.com\/@uni_lu","https:\/\/en.wikipedia.org\/wiki\/University_of_Luxembourg"]}]}},"ticketed":false,"_links":{"self":[{"href":"https:\/\/www.uni.lu\/fr\/wp-json\/wp\/v2\/pages\/3178"}],"collection":[{"href":"https:\/\/www.uni.lu\/fr\/wp-json\/wp\/v2\/pages"}],"about":[{"href":"https:\/\/www.uni.lu\/fr\/wp-json\/wp\/v2\/types\/page"}],"author":[{"embeddable":true,"href":"https:\/\/www.uni.lu\/fr\/wp-json\/wp\/v2\/users\/33"}],"replies":[{"embeddable":true,"href":"https:\/\/www.uni.lu\/fr\/wp-json\/wp\/v2\/comments?post=3178"}],"version-history":[{"count":5,"href":"https:\/\/www.uni.lu\/fr\/wp-json\/wp\/v2\/pages\/3178\/revisions"}],"predecessor-version":[{"id":15348,"href":"https:\/\/www.uni.lu\/fr\/wp-json\/wp\/v2\/pages\/3178\/revisions\/15348"}],"up":[{"embeddable":true,"href":"https:\/\/www.uni.lu\/fr\/wp-json\/wp\/v2\/pages\/3111"}],"wp:authorship":[{"embeddable":true,"href":"https:\/\/www.uni.lu\/fr\/wp-json\/wp\/v2\/users\/33"}],"wp:attachment":[{"href":"https:\/\/www.uni.lu\/fr\/wp-json\/wp\/v2\/media?parent=3178"}],"wp:term":[{"taxonomy":"field-of-interest","embeddable":true,"href":"https:\/\/www.uni.lu\/fr\/wp-json\/wp\/v2\/field-of-interest?post=3178"},{"taxonomy":"organisation","embeddable":true,"href":"https:\/\/www.uni.lu\/fr\/wp-json\/wp\/v2\/organisation?post=3178"}],"curies":[{"name":"wp","href":"https:\/\/api.w.org\/{rel}","templated":true}]}}