{"id":3159,"date":"2023-10-06T14:35:39","date_gmt":"2023-10-06T12:35:39","guid":{"rendered":"https:\/\/www.uni.lu\/fr\/?page_id=3159"},"modified":"2025-11-17T12:01:20","modified_gmt":"2025-11-17T11:01:20","slug":"commission-d-egalite-du-genre","status":"publish","type":"page","link":"https:\/\/www.uni.lu\/fr\/a-propos\/gouvernance\/commission-d-egalite-du-genre\/","title":{"rendered":"Commission d\u2019\u00e9galit\u00e9 du genre"},"content":{"rendered":"\n<section class=\"py-0 wp-block-unilux-blocks-free-section section\"><div class=\"container xl:max-w-screen-xl\">\n<h1 class=\"has-text-align-left wp-block-unilux-blocks-heading\"        id=\"commission-degalite-du-genre\"\n    >\nCommission d\u2019\u00e9galit\u00e9 du genre<\/h1>\n<\/div><\/section>\n\n\n\n<section class=\"wp-block-unilux-blocks-free-section section\"><div class=\"container xl:max-w-screen-xl\">\n<p>La d\u00e9l\u00e9gu\u00e9e \u00e0 l&rsquo;\u00e9galit\u00e9 du genre&nbsp;Skerdilajda&nbsp;Zanaj,&nbsp;en coop\u00e9ration avec les employ\u00e9s de l\u2019Universit\u00e9, identifie et soul\u00e8ve les questions li\u00e9es \u00e0 l\u2019\u00e9galit\u00e9 du genre au sein de l&rsquo;Universit\u00e9. Elle assiste le Rectorat dans l\u2019\u00e9laboration et la mise en \u0153uvre d\u2019une politique d\u2019\u00e9galit\u00e9 du genre. Dans le cadre de sa mission, elle contribue aux discussions au sein des organisations nationales et internationales.<\/p>\n\n\n\n<p>Le r\u00f4le de la d\u00e9l\u00e9gu\u00e9e \u00e0 l\u2019\u00e9galit\u00e9 du genre est r\u00e9gi par l\u2019article 10 de la&nbsp;loi portant organisation de l\u2019Universit\u00e9. La d\u00e9l\u00e9gu\u00e9e pr\u00e9side la commission d&rsquo;\u00e9galit\u00e9 du genre&nbsp;(Gender Equality Committee), compos\u00e9e de la Pr\u00e9sidente et neuf autres membres tels que d\u00e9fini par le&nbsp;R\u00e8glement d&rsquo;Ordre Int\u00e9rieur. Ils sont nomm\u00e9s par le Conseil Universitaire en respectant la parit\u00e9 hommes-femmes. Ils repr\u00e9sentent les employ\u00e9s ainsi que les \u00e9tudiants de l\u2019Universit\u00e9.<\/p>\n\n\n<div class=\"py-48 first:pt-0 last:pb-0 wp-block-unilux-blocks-people-list\">\n    \n<h2 class=\"has-text-align-left wp-block-unilux-blocks-heading\"        id=\"deleguee-a-legalite-du-genre\"\n    >\nD\u00e9l\u00e9gu\u00e9e \u00e0 l&rsquo;\u00e9galit\u00e9 du genre<\/h2>\n<ul class=\"flex flex-wrap -mx-16 wp-block-unilux-blocks-people-item-wrapper\">\n    <li class=\"w-full md:w-1\/2 p-16 wp-block-unilux-blocks-people-item-automated\"><div class=\"ulux-card card-people bg-theme\"><div class=\"list-people bg-theme\">\n    <div class=\"list-people__container\">\n        <div class=\"list-people__visual\">\n            <figure class=\"wp-block-dev4-reusable-blocks-image\">\n                <!-- Template Image Component: default -->\n<img decoding=\"async\" class=\"w-full\" width=\"\" height=\"\" rel=\"\" alt=\"Prof Skerdilajda ZANAJ\" src=\"https:\/\/www.uni.lu\/en\/person-image\/NTAwMDMzNTRfX1NrZXJkaWxhamRhIFpBTkFK\" srcset=\"https:\/\/www.uni.lu\/en\/person-image\/NTAwMDMzNTRfX1NrZXJkaWxhamRhIFpBTkFK--thumbnail 150w,https:\/\/www.uni.lu\/en\/person-image\/NTAwMDMzNTRfX1NrZXJkaWxhamRhIFpBTkFK--medium 300w,https:\/\/www.uni.lu\/en\/person-image\/NTAwMDMzNTRfX1NrZXJkaWxhamRhIFpBTkFK--medium_large 768w,https:\/\/www.uni.lu\/en\/person-image\/NTAwMDMzNTRfX1NrZXJkaWxhamRhIFpBTkFK--large 1024w,https:\/\/www.uni.lu\/en\/person-image\/NTAwMDMzNTRfX1NrZXJkaWxhamRhIFpBTkFK--1536x1536 1536w,https:\/\/www.uni.lu\/en\/person-image\/NTAwMDMzNTRfX1NrZXJkaWxhamRhIFpBTkFK--2048x2048 2048w\" loading=\"lazy\" \/><!-- end Image Component -->\n            <\/figure>\n        <\/div>\n        <div class=\"list-people__body\">\n            <h3 class=\"list-people__title\">Prof Skerdilajda ZANAJ<\/h3>\n            <p class=\"list-people__description\">Full professor in Economics<\/p>\n            <div class=\"wp-block-unilux-blocks-simple-cta wp-block-unilux-blocks-people-item-automated\">\n    <a\n        href=\"https:\/\/www.uni.lu\/fdef-en\/people\/skerdilajda-zanaj\/\"\n        title=\"Prof Skerdilajda ZANAJ\"\n        class=\"link-text link-text--icon list-people__link link-absolute\"\n        target=\"\"\n    >\n        <span class=\"link-text__body\">\n            <span class=\"link-text__name\">Voir le profil<\/span>\n        <\/span>\n        <svg aria-hidden=\"true\" focusable=\"false\" class=\"icon icon-outline icon--arrow-right \"><use xlink:href=\"https:\/\/www.uni.lu\/wp-content\/themes\/unilux-theme\/assets\/images\/icons\/icons-outline.svg#icon--arrow-right\"><\/use><\/svg>    <\/a>\n<\/div>\n        <\/div>\n    <\/div>\n<\/div>\n<\/div><\/li><\/ul>\n\n<\/div>\n\n\n\n<div class=\"wp-block-unilux-blocks-spacer is-spacer-size-sm\"><\/div>\n\n\n<p>La commission est compos\u00e9e des membres suivants:<\/p>\n\n\n\n<ul class=\"ulux-list\">\n<li class=\"ulux-list-item\">Skerdilajda Zanaj (D\u00e9l\u00e9gu\u00e9e \u00e0 l&rsquo;\u00e9galit\u00e9 du genre (FDEF))<\/li>\n\n\n\n<li class=\"ulux-list-item\">Anne Gr\u00fcnewald (enseignante-chercheuse&nbsp;LCSB)<\/li>\n\n\n\n<li class=\"ulux-list-item\">Jean-Baptiste Habourdin (repr\u00e9sentant du personnel AFT)<\/li>\n\n\n\n<li class=\"ulux-list-item\">Jos\u00e9 Luis S\u00e1nchez L\u00f3pez  (enseignante-chercheur SnT)<\/li>\n\n\n\n<li class=\"ulux-list-item\">Immaculada Peral Alonso&nbsp;(enseignante-chercheuse FSTM)<\/li>\n\n\n\n<li class=\"ulux-list-item\">Agn\u00e8s Pr\u00fcm (enseignante-chercheuse FHSE)<\/li>\n\n\n\n<li class=\"ulux-list-item\">Stefan Vladimir Capitanescu (\u00e9tudiant FSTM)<\/li>\n\n\n\n<li class=\"ulux-list-item\">Alexandra Some\u015fan (\u00e9tudiante FHSE)<\/li>\n\n\n\n<li class=\"ulux-list-item\">Laetitia Richard (\u00e9tudiante FSTM)<\/li>\n\n\n\n<li class=\"ulux-list-item\">Christian Walter (repr\u00e9sentant du personnel AFT)<\/li>\n<\/ul>\n\n\n\n<p>La personne charg\u00e9e de l&rsquo;\u00e9galit\u00e9 des genres au sein de la d\u00e9l\u00e9gation du personnel fait aussi partie du Comit\u00e9 pour l&rsquo;\u00e9galit\u00e9 des genres, mais sans droit de vote.<\/p>\n\n\n\n<p>L&rsquo;\u00e9quipe du Bureau de l&rsquo;\u00e9galit\u00e9 des genres participe aux r\u00e9unions (sans droit de vote), tout comme d&rsquo;autres personnes qui ont montr\u00e9 leur envie de soutenir le Comit\u00e9 pour l&rsquo;\u00e9galit\u00e9 des genres, comme C\u00e9cile Duval (d\u00e9l\u00e9gu\u00e9e \u00e0 l&rsquo;\u00e9galit\u00e9 des genres du C2DH), Oliver Glassl (FSTM), Camille Goffin (FDEF) et Christine Homolko (SnT).<\/p>\n\n\n<ul class=\"wp-block-unilux-blocks-button-list\">\n    <li class=\"wp-block-unilux-blocks-button-list-item\">\n    <a\n            href=\"https:\/\/www.uni.lu\/en\/about\/gender-equality\/#\"\n            class=\"quick-link wp-block-unilux-blocks-anchor\"        target=\"\"\n>\n    \n<span class=\"wp-block-unilux-blocks-wrapper quick-link__container\"><figure class=\"wp-block-dev4-reusable-blocks-image quick-link__img object-fit--scale-down\">\n        <\/figure>\n\n\n<span class=\"quick-link__name wp-block-unilux-blocks-plain-text\">Gender Equality at the University of Luxembourg<\/span>\n\n<svg aria-hidden=\"true\" focusable=\"false\" class=\"icon icon-outline icon--arrow-right \"><use xlink:href=\"https:\/\/www.uni.lu\/wp-content\/themes\/unilux-theme\/assets\/images\/icons\/icons-outline.svg#icon--arrow-right\"><\/use><\/svg><\/span>\n<\/a>\n<\/li><li class=\"wp-block-unilux-blocks-button-list-item\">\n    <a\n            href=\"https:\/\/www.uni.lu\/wp-content\/uploads\/sites\/9\/2023\/07\/Gender_Equality_Policy_Measures_2021-09.pdf\"\n            class=\"quick-link wp-block-unilux-blocks-anchor\"        target=\"_blank\"\n>\n    \n<span class=\"wp-block-unilux-blocks-wrapper quick-link__container\"><figure class=\"wp-block-dev4-reusable-blocks-image quick-link__img object-fit--scale-down\">\n        <\/figure>\n\n\n<span class=\"quick-link__name wp-block-unilux-blocks-plain-text\">Provisional implementation measures of the gender equality policy<\/span>\n\n<svg aria-hidden=\"true\" focusable=\"false\" class=\"icon icon-outline icon--download \"><use xlink:href=\"https:\/\/www.uni.lu\/wp-content\/themes\/unilux-theme\/assets\/images\/icons\/icons-outline.svg#icon--download\"><\/use><\/svg><\/span>\n<\/a>\n<\/li><\/ul>\n<\/div><\/section>\n","protected":false},"excerpt":{"rendered":"","protected":false},"author":33,"featured_media":0,"parent":2579,"menu_order":7,"comment_status":"closed","ping_status":"closed","template":"","meta":{"featured_image_focal_point":[],"show_featured_caption":false,"ulux_newsletter_groups":"","uluxPostTitle":"","uluxPrePostTitle":"","_trash_the_other_posts":false,"_price":"","_stock":"","_tribe_ticket_header":"","_tribe_default_ticket_provider":"","_tribe_ticket_capacity":"0","_ticket_start_date":"","_ticket_end_date":"","_tribe_ticket_show_description":"","_tribe_ticket_show_not_going":false,"_tribe_ticket_use_global_stock":"","_tribe_ticket_global_stock_level":"","_global_stock_mode":"","_global_stock_cap":"","_tribe_rsvp_for_event":"","_tribe_ticket_going_count":"","_tribe_ticket_not_going_count":"","_tribe_tickets_list":"[]","_tribe_ticket_has_attendee_info_fields":false,"footnotes":""},"field-of-interest":[],"organisation":[],"authorship":[33],"acf":[],"yoast_head":"<!-- This site is optimized with the Yoast SEO Premium plugin v22.3 (Yoast SEO v22.3) - https:\/\/yoast.com\/wordpress\/plugins\/seo\/ -->\n<title>Commission d\u2019\u00e9galit\u00e9 du genre - Universit\u00e9 du Luxembourg<\/title>\n<meta name=\"description\" content=\"Le r\u00f4le de la d\u00e9l\u00e9gu\u00e9e \u00e0 l\u2019\u00e9galit\u00e9 du genre est r\u00e9gi par l\u2019article 10 de la\u00a0loi portant organisation de l\u2019Universit\u00e9.\" \/>\n<meta name=\"robots\" content=\"index, follow, max-snippet:-1, max-image-preview:large, max-video-preview:-1\" \/>\n<link rel=\"canonical\" href=\"https:\/\/www.uni.lu\/fr\/a-propos\/gouvernance\/commission-d-egalite-du-genre\/\" \/>\n<meta property=\"og:locale\" content=\"fr_FR\" \/>\n<meta property=\"og:type\" content=\"article\" \/>\n<meta property=\"og:title\" content=\"Commission d\u2019\u00e9galit\u00e9 du genre\" \/>\n<meta property=\"og:description\" content=\"Le r\u00f4le de la d\u00e9l\u00e9gu\u00e9e \u00e0 l\u2019\u00e9galit\u00e9 du genre est r\u00e9gi par l\u2019article 10 de la\u00a0loi portant organisation de l\u2019Universit\u00e9.\" \/>\n<meta property=\"og:url\" content=\"https:\/\/www.uni.lu\/fr\/a-propos\/gouvernance\/commission-d-egalite-du-genre\/\" \/>\n<meta property=\"og:site_name\" content=\"UNI FR\" \/>\n<meta property=\"article:publisher\" content=\"https:\/\/www.facebook.com\/uni.lu\" \/>\n<meta property=\"article:modified_time\" content=\"2025-11-17T11:01:20+00:00\" \/>\n<meta property=\"og:image\" content=\"https:\/\/www.uni.lu\/wp-content\/uploads\/sites\/11\/2026\/03\/03120045\/UNIV_SM-Profile_1600x1600px-scaled.jpg\" \/>\n\t<meta property=\"og:image:width\" content=\"2560\" \/>\n\t<meta property=\"og:image:height\" content=\"2560\" \/>\n\t<meta property=\"og:image:type\" content=\"image\/jpeg\" \/>\n<meta name=\"twitter:card\" content=\"summary_large_image\" \/>\n<meta name=\"twitter:label1\" content=\"Dur\u00e9e de lecture estim\u00e9e\" \/>\n\t<meta name=\"twitter:data1\" content=\"2 minutes\" \/>\n<script type=\"application\/ld+json\" class=\"yoast-schema-graph\">{\"@context\":\"https:\/\/schema.org\",\"@graph\":[{\"@type\":\"WebPage\",\"@id\":\"https:\/\/www.uni.lu\/fr\/a-propos\/gouvernance\/commission-d-egalite-du-genre\/\",\"url\":\"https:\/\/www.uni.lu\/fr\/a-propos\/gouvernance\/commission-d-egalite-du-genre\/\",\"name\":\"Commission d\u2019\u00e9galit\u00e9 du genre - Universit\u00e9 du Luxembourg\",\"isPartOf\":{\"@id\":\"https:\/\/www.uni.lu\/fr\/#website\"},\"datePublished\":\"2023-10-06T12:35:39+00:00\",\"dateModified\":\"2025-11-17T11:01:20+00:00\",\"description\":\"Le r\u00f4le de la d\u00e9l\u00e9gu\u00e9e \u00e0 l\u2019\u00e9galit\u00e9 du genre est r\u00e9gi par l\u2019article 10 de la\u00a0loi portant organisation de l\u2019Universit\u00e9.\",\"breadcrumb\":{\"@id\":\"https:\/\/www.uni.lu\/fr\/a-propos\/gouvernance\/commission-d-egalite-du-genre\/#breadcrumb\"},\"inLanguage\":\"fr-FR\",\"potentialAction\":[{\"@type\":\"ReadAction\",\"target\":[\"https:\/\/www.uni.lu\/fr\/a-propos\/gouvernance\/commission-d-egalite-du-genre\/\"]}]},{\"@type\":\"BreadcrumbList\",\"@id\":\"https:\/\/www.uni.lu\/fr\/a-propos\/gouvernance\/commission-d-egalite-du-genre\/#breadcrumb\",\"itemListElement\":[{\"@type\":\"ListItem\",\"position\":1,\"name\":\"Home\",\"item\":\"https:\/\/www.uni.lu\/fr\/\"},{\"@type\":\"ListItem\",\"position\":2,\"name\":\"\u00c0 propos\",\"item\":\"https:\/\/www.uni.lu\/fr\/a-propos\/\"},{\"@type\":\"ListItem\",\"position\":3,\"name\":\"Gouvernance\",\"item\":\"https:\/\/www.uni.lu\/fr\/a-propos\/gouvernance\/\"},{\"@type\":\"ListItem\",\"position\":4,\"name\":\"Commission d\u2019\u00e9galit\u00e9 du genre\"}]},{\"@type\":\"WebSite\",\"@id\":\"https:\/\/www.uni.lu\/fr\/#website\",\"url\":\"https:\/\/www.uni.lu\/fr\/\",\"name\":\"Uni.lu\",\"description\":\"Universit\u00e9 du Luxembourg\",\"publisher\":{\"@id\":\"https:\/\/www.uni.lu\/fr\/#organization\"},\"alternateName\":\"Universit\u00e9 du Luxembourg\",\"potentialAction\":[{\"@type\":\"SearchAction\",\"target\":{\"@type\":\"EntryPoint\",\"urlTemplate\":\"https:\/\/www.uni.lu\/fr\/?s={search_term_string}\"},\"query-input\":\"required name=search_term_string\"}],\"inLanguage\":\"fr-FR\"},{\"@type\":\"Organization\",\"@id\":\"https:\/\/www.uni.lu\/fr\/#organization\",\"name\":\"Universit\u00e9 du Luxembourg\",\"alternateName\":\"Uni.lu\",\"url\":\"https:\/\/www.uni.lu\/fr\/\",\"logo\":{\"@type\":\"ImageObject\",\"inLanguage\":\"fr-FR\",\"@id\":\"https:\/\/www.uni.lu\/fr\/#\/schema\/logo\/image\/\",\"url\":\"https:\/\/www.uni.lu\/wp-content\/uploads\/sites\/11\/2026\/03\/03120045\/UNIV_SM-Profile_1600x1600px-scaled.jpg\",\"contentUrl\":\"https:\/\/www.uni.lu\/wp-content\/uploads\/sites\/11\/2026\/03\/03120045\/UNIV_SM-Profile_1600x1600px-scaled.jpg\",\"width\":2560,\"height\":2560,\"caption\":\"Universit\u00e9 du Luxembourg\"},\"image\":\"https:\/\/www.uni.lu\/wp-content\/uploads\/sites\/11\/2026\/04\/24120552\/20200609-Belval-Campus_Henri-Goergen-23.jpg\",\"sameAs\":[\"https:\/\/www.facebook.com\/uni.lu\",\"https:\/\/www.linkedin.com\/school\/university-of-luxembourg\/\",\"https:\/\/www.instagram.com\/uni.lu\",\"https:\/\/www.youtube.com\/@uni_lu\",\"https:\/\/en.wikipedia.org\/wiki\/University_of_Luxembourg\"],\"email\":\"communication@uni.lu\",\"telephone\":\"+352 46 66 44 1\",\"address\":{\"@type\":\"PostalAddress\",\"addressCountry\":\"LU\"},\"description\":\"Universit\u00e9 du Luxembourg\"}]}<\/script>\n<!-- \/ Yoast SEO Premium plugin. -->","yoast_head_json":{"title":"Commission d\u2019\u00e9galit\u00e9 du genre - Universit\u00e9 du Luxembourg","description":"Le r\u00f4le de la d\u00e9l\u00e9gu\u00e9e \u00e0 l\u2019\u00e9galit\u00e9 du genre est r\u00e9gi par l\u2019article 10 de la\u00a0loi portant organisation de l\u2019Universit\u00e9.","robots":{"index":"index","follow":"follow","max-snippet":"max-snippet:-1","max-image-preview":"max-image-preview:large","max-video-preview":"max-video-preview:-1"},"canonical":"https:\/\/www.uni.lu\/fr\/a-propos\/gouvernance\/commission-d-egalite-du-genre\/","og_locale":"fr_FR","og_type":"article","og_title":"Commission d\u2019\u00e9galit\u00e9 du genre","og_description":"Le r\u00f4le de la d\u00e9l\u00e9gu\u00e9e \u00e0 l\u2019\u00e9galit\u00e9 du genre est r\u00e9gi par l\u2019article 10 de la\u00a0loi portant organisation de l\u2019Universit\u00e9.","og_url":"https:\/\/www.uni.lu\/fr\/a-propos\/gouvernance\/commission-d-egalite-du-genre\/","og_site_name":"UNI FR","article_publisher":"https:\/\/www.facebook.com\/uni.lu","article_modified_time":"2025-11-17T11:01:20+00:00","og_image":[{"width":2560,"height":2560,"url":"https:\/\/www.uni.lu\/wp-content\/uploads\/sites\/11\/2026\/03\/03120045\/UNIV_SM-Profile_1600x1600px-scaled.jpg","type":"image\/jpeg"}],"twitter_card":"summary_large_image","twitter_misc":{"Dur\u00e9e de lecture estim\u00e9e":"2 minutes"},"schema":{"@context":"https:\/\/schema.org","@graph":[{"@type":"WebPage","@id":"https:\/\/www.uni.lu\/fr\/a-propos\/gouvernance\/commission-d-egalite-du-genre\/","url":"https:\/\/www.uni.lu\/fr\/a-propos\/gouvernance\/commission-d-egalite-du-genre\/","name":"Commission d\u2019\u00e9galit\u00e9 du genre - Universit\u00e9 du Luxembourg","isPartOf":{"@id":"https:\/\/www.uni.lu\/fr\/#website"},"datePublished":"2023-10-06T12:35:39+00:00","dateModified":"2025-11-17T11:01:20+00:00","description":"Le r\u00f4le de la d\u00e9l\u00e9gu\u00e9e \u00e0 l\u2019\u00e9galit\u00e9 du genre est r\u00e9gi par l\u2019article 10 de la\u00a0loi portant organisation de l\u2019Universit\u00e9.","breadcrumb":{"@id":"https:\/\/www.uni.lu\/fr\/a-propos\/gouvernance\/commission-d-egalite-du-genre\/#breadcrumb"},"inLanguage":"fr-FR","potentialAction":[{"@type":"ReadAction","target":["https:\/\/www.uni.lu\/fr\/a-propos\/gouvernance\/commission-d-egalite-du-genre\/"]}]},{"@type":"BreadcrumbList","@id":"https:\/\/www.uni.lu\/fr\/a-propos\/gouvernance\/commission-d-egalite-du-genre\/#breadcrumb","itemListElement":[{"@type":"ListItem","position":1,"name":"Home","item":"https:\/\/www.uni.lu\/fr\/"},{"@type":"ListItem","position":2,"name":"\u00c0 propos","item":"https:\/\/www.uni.lu\/fr\/a-propos\/"},{"@type":"ListItem","position":3,"name":"Gouvernance","item":"https:\/\/www.uni.lu\/fr\/a-propos\/gouvernance\/"},{"@type":"ListItem","position":4,"name":"Commission d\u2019\u00e9galit\u00e9 du genre"}]},{"@type":"WebSite","@id":"https:\/\/www.uni.lu\/fr\/#website","url":"https:\/\/www.uni.lu\/fr\/","name":"Uni.lu","description":"Universit\u00e9 du Luxembourg","publisher":{"@id":"https:\/\/www.uni.lu\/fr\/#organization"},"alternateName":"Universit\u00e9 du Luxembourg","potentialAction":[{"@type":"SearchAction","target":{"@type":"EntryPoint","urlTemplate":"https:\/\/www.uni.lu\/fr\/?s={search_term_string}"},"query-input":"required name=search_term_string"}],"inLanguage":"fr-FR"},{"@type":"Organization","@id":"https:\/\/www.uni.lu\/fr\/#organization","name":"Universit\u00e9 du Luxembourg","alternateName":"Uni.lu","url":"https:\/\/www.uni.lu\/fr\/","logo":{"@type":"ImageObject","inLanguage":"fr-FR","@id":"https:\/\/www.uni.lu\/fr\/#\/schema\/logo\/image\/","url":"https:\/\/www.uni.lu\/wp-content\/uploads\/sites\/11\/2026\/03\/03120045\/UNIV_SM-Profile_1600x1600px-scaled.jpg","contentUrl":"https:\/\/www.uni.lu\/wp-content\/uploads\/sites\/11\/2026\/03\/03120045\/UNIV_SM-Profile_1600x1600px-scaled.jpg","width":2560,"height":2560,"caption":"Universit\u00e9 du Luxembourg"},"image":"https:\/\/www.uni.lu\/wp-content\/uploads\/sites\/11\/2026\/04\/24120552\/20200609-Belval-Campus_Henri-Goergen-23.jpg","sameAs":["https:\/\/www.facebook.com\/uni.lu","https:\/\/www.linkedin.com\/school\/university-of-luxembourg\/","https:\/\/www.instagram.com\/uni.lu","https:\/\/www.youtube.com\/@uni_lu","https:\/\/en.wikipedia.org\/wiki\/University_of_Luxembourg"],"email":"communication@uni.lu","telephone":"+352 46 66 44 1","address":{"@type":"PostalAddress","addressCountry":"LU"},"description":"Universit\u00e9 du Luxembourg"}]}},"ticketed":false,"_links":{"self":[{"href":"https:\/\/www.uni.lu\/fr\/wp-json\/wp\/v2\/pages\/3159"}],"collection":[{"href":"https:\/\/www.uni.lu\/fr\/wp-json\/wp\/v2\/pages"}],"about":[{"href":"https:\/\/www.uni.lu\/fr\/wp-json\/wp\/v2\/types\/page"}],"author":[{"embeddable":true,"href":"https:\/\/www.uni.lu\/fr\/wp-json\/wp\/v2\/users\/33"}],"replies":[{"embeddable":true,"href":"https:\/\/www.uni.lu\/fr\/wp-json\/wp\/v2\/comments?post=3159"}],"version-history":[{"count":5,"href":"https:\/\/www.uni.lu\/fr\/wp-json\/wp\/v2\/pages\/3159\/revisions"}],"predecessor-version":[{"id":17178,"href":"https:\/\/www.uni.lu\/fr\/wp-json\/wp\/v2\/pages\/3159\/revisions\/17178"}],"up":[{"embeddable":true,"href":"https:\/\/www.uni.lu\/fr\/wp-json\/wp\/v2\/pages\/2579"}],"wp:authorship":[{"embeddable":true,"href":"https:\/\/www.uni.lu\/fr\/wp-json\/wp\/v2\/users\/33"}],"wp:attachment":[{"href":"https:\/\/www.uni.lu\/fr\/wp-json\/wp\/v2\/media?parent=3159"}],"wp:term":[{"taxonomy":"field-of-interest","embeddable":true,"href":"https:\/\/www.uni.lu\/fr\/wp-json\/wp\/v2\/field-of-interest?post=3159"},{"taxonomy":"organisation","embeddable":true,"href":"https:\/\/www.uni.lu\/fr\/wp-json\/wp\/v2\/organisation?post=3159"}],"curies":[{"name":"wp","href":"https:\/\/api.w.org\/{rel}","templated":true}]}}