{"id":3157,"date":"2023-10-06T14:29:22","date_gmt":"2023-10-06T12:29:22","guid":{"rendered":"https:\/\/www.uni.lu\/fr\/?page_id=3157"},"modified":"2026-04-03T07:33:04","modified_gmt":"2026-04-03T05:33:04","slug":"commission-des-amenagements-raisonnables","status":"publish","type":"page","link":"https:\/\/www.uni.lu\/fr\/a-propos\/gouvernance\/commission-des-amenagements-raisonnables\/","title":{"rendered":"Commission des am\u00e9nagements raisonnables"},"content":{"rendered":"\n<section class=\"wp-block-unilux-blocks-free-section section\"><div class=\"container xl:max-w-screen-xl\">\n<h1 class=\"has-text-align-left wp-block-unilux-blocks-heading\"        id=\"commision-des-amenagements-raisonnables\"\n    >\nCommision des am\u00e9nagements raisonnables<\/h1>\n\n\n\n<p>La Commission des Am\u00e9nagements Raisonables (CAR) est un organisme d\u00e9di\u00e9 qui veille \u00e0 ce que les \u00e9tudiants en situation d\u2019handicap , souffrant de probl\u00e8mes de sant\u00e9 chroniques, de troubles d&rsquo;apprentissage ou de probl\u00e8mes de sant\u00e9 mentale, re\u00e7oivent un soutien appropri\u00e9 pour acc\u00e9der et participer pleinement \u00e0 la vie universitaire.<\/p>\n\n\n\n<p>Le comit\u00e9 est \u00e9tabli par l&rsquo;article 11 de la loi du 27 juin 2018 et comprend la cr\u00e9ation et la gestion du comit\u00e9 des am\u00e9nagements raisonnables, conform\u00e9ment aux articles 38 et 39 de la m\u00eame loi.<\/p>\n\n\n\n<p>Son r\u00f4le consiste \u00e0 :<\/p>\n\n\n\n<ul class=\"ulux-list\">\n<li class=\"ulux-list-item\">\u00e9valuer les cas individuels lorsque les proc\u00e9dures standard peuvent s&rsquo;av\u00e9rer insuffisantes ;<\/li>\n\n\n\n<li class=\"ulux-list-item\">recommander des ajustements pratiques aux modalit\u00e9s d&rsquo;apprentissage et d&rsquo;\u00e9valuation ;<\/li>\n\n\n\n<li class=\"ulux-list-item\">veiller \u00e0 ce que les d\u00e9cisions concilient les besoins individuels avec l&rsquo;int\u00e9grit\u00e9 acad\u00e9mique et la faisabilit\u00e9 op\u00e9rationnelle ;<\/li>\n\n\n\n<li class=\"ulux-list-item\">promouvoir l&rsquo;inclusion en favorisant une culture de compr\u00e9hension et d&rsquo;\u00e9quit\u00e9 au sein de l&rsquo;Universit\u00e9.<\/li>\n<\/ul>\n\n\n\n<p>Compos\u00e9 de repr\u00e9sentants du rectorat, des facult\u00e9s et de la d\u00e9l\u00e9gation \u00e9tudiante, le comit\u00e9 travaille en collaboration avec les \u00e9tudiants et le personnel pour \u00e9laborer et mettre en \u0153uvre des solutions efficaces et centr\u00e9es sur la personne.<\/p>\n<\/div><\/section>\n\n\n\n<section class=\"py-0 wp-block-unilux-blocks-free-section section\"><div class=\"container xl:max-w-screen-xl\"><div class=\"py-48 first:pt-0 last:pb-0 wp-block-unilux-blocks-people-list\">\n    \n<h2 class=\"has-text-align-left wp-block-unilux-blocks-heading\"        id=\"contact\"\n    >\nContact<\/h2>\n<ul class=\"flex flex-wrap -mx-16 wp-block-unilux-blocks-people-item-wrapper\">\n    <li class=\"w-full md:w-1\/2 p-16 wp-block-unilux-blocks-people-item-automated\"><div class=\"ulux-card card-people bg-theme\"><div class=\"list-people bg-theme\">\n    <div class=\"list-people__container\">\n        <div class=\"list-people__visual\">\n            <figure class=\"wp-block-dev4-reusable-blocks-image\">\n                <!-- Template Image Component: default -->\n<img decoding=\"async\" class=\"w-full\" width=\"\" height=\"\" rel=\"\" alt=\"Joanna WEST\" src=\"https:\/\/www.uni.lu\/en\/person-image\/NTAwMzQ0NzRfX0pvYW5uYSBXRVNU\" srcset=\"https:\/\/www.uni.lu\/en\/person-image\/NTAwMzQ0NzRfX0pvYW5uYSBXRVNU--thumbnail 150w,https:\/\/www.uni.lu\/en\/person-image\/NTAwMzQ0NzRfX0pvYW5uYSBXRVNU--medium 300w,https:\/\/www.uni.lu\/en\/person-image\/NTAwMzQ0NzRfX0pvYW5uYSBXRVNU--medium_large 768w,https:\/\/www.uni.lu\/en\/person-image\/NTAwMzQ0NzRfX0pvYW5uYSBXRVNU--large 1024w,https:\/\/www.uni.lu\/en\/person-image\/NTAwMzQ0NzRfX0pvYW5uYSBXRVNU--1536x1536 1536w,https:\/\/www.uni.lu\/en\/person-image\/NTAwMzQ0NzRfX0pvYW5uYSBXRVNU--2048x2048 2048w\" loading=\"lazy\" \/><!-- end Image Component -->\n            <\/figure>\n        <\/div>\n        <div class=\"list-people__body\">\n            <h3 class=\"list-people__title\">Joanna WEST<\/h3>\n            <p class=\"list-people__description\">Team Leader of Student Services<\/p>\n            <div class=\"wp-block-unilux-blocks-simple-cta wp-block-unilux-blocks-people-item-automated\">\n    <a\n        href=\"https:\/\/www.uni.lu\/en\/people\/joanna-west\/\"\n        title=\"Joanna WEST\"\n        class=\"link-text link-text--icon list-people__link link-absolute\"\n        target=\"\"\n    >\n        <span class=\"link-text__body\">\n            <span class=\"link-text__name\">Voir le profil<\/span>\n        <\/span>\n        <svg aria-hidden=\"true\" focusable=\"false\" class=\"icon icon-outline icon--arrow-right \"><use xlink:href=\"https:\/\/www.uni.lu\/wp-content\/themes\/unilux-theme\/assets\/images\/icons\/icons-outline.svg#icon--arrow-right\"><\/use><\/svg>    <\/a>\n<\/div>\n        <\/div>\n    <\/div>\n<\/div>\n<\/div><\/li><\/ul>\n\n<\/div>\n\n<\/div><\/section>\n\n\n\n<section class=\"py-0 wp-block-unilux-blocks-free-section section\"><div class=\"container xl:max-w-screen-xl\">\n<p>Le comit\u00e9 est compos\u00e9 comme suit :<\/p>\n\n\n\n<ul class=\"ulux-list\">\n<li class=\"ulux-list-item\"><strong>Joanna West<\/strong>, pr\u00e9sidente (responsable de l&rsquo;\u00e9quipe des services aux \u00e9tudiants)<\/li>\n\n\n\n<li class=\"ulux-list-item\"><strong>Philippe Hiligsmann<\/strong>, vice-recteur aux affaires acad\u00e9miques et \u00e9tudiantes (membre du rectorat)<\/li>\n\n\n\n<li class=\"ulux-list-item\"><strong>Luca Ratti<\/strong>, ma\u00eetre de conf\u00e9rences en droit europ\u00e9en et compar\u00e9 du travail (Directeur de programme de la FDEF)<\/li>\n\n\n\n<li class=\"ulux-list-item\"><strong>Justin Powell<\/strong>, professeur titulaire (directeur de programme de la FHSE)<\/li>\n\n\n\n<li class=\"ulux-list-item\"><strong>Numa Joy Bertola<\/strong>, ma\u00eetre de conf\u00e9rences (directeur de programme de la FSTM)<\/li>\n\n\n\n<li class=\"ulux-list-item\"><strong>Stefan Vladimir Capitanescu<\/strong>, membre de la d\u00e9l\u00e9gation \u00e9tudiante<\/li>\n\n\n\n<li class=\"ulux-list-item\"><strong>Karl Pirotta<\/strong>, repr\u00e9sentant des \u00e9tudiants<\/li>\n<\/ul>\n\n\n<ul class=\"wp-block-unilux-blocks-button-list\">\n    <li class=\"wp-block-unilux-blocks-button-list-item\">\n    <a\n            href=\"https:\/\/www.timeshighereducation.com\/campus\/belonging-why-it-next-step-equity-diversity-and-inclusion-ladder\"\n            class=\"quick-link wp-block-unilux-blocks-anchor\"        target=\"_blank\"\n>\n    \n<span class=\"wp-block-unilux-blocks-wrapper quick-link__container\"><figure class=\"wp-block-dev4-reusable-blocks-image quick-link__img object-fit--scale-down\">\n    \n<img decoding=\"async\" class=\"wp-block-image unilux-custom-image-block\"\n                alt=\"THE Times Higher Education Logo\"\n            src=\"https:\/\/www.uni.lu\/wp-content\/uploads\/sites\/9\/2023\/07\/THE-Logo_Times-Higher-Education.jpg\"\n                    style=\"object-position: 50.00% 50.00%; font-family: &quot;object-fit: scale-down; object-position: 50.00% 50.00%;&quot;; aspect-ratio: 1\/1; object-fit: scale-down; width: 100%;\"\n        loading=\"lazy\"\n\/>    <\/figure>\n\n\n<span class=\"quick-link__name wp-block-unilux-blocks-plain-text\">Times Higher Education article on Inclusion<\/span>\n\n<svg aria-hidden=\"true\" focusable=\"false\" class=\"icon icon-outline icon--external-link \"><use xlink:href=\"https:\/\/www.uni.lu\/wp-content\/themes\/unilux-theme\/assets\/images\/icons\/icons-outline.svg#icon--external-link\"><\/use><\/svg><\/span>\n<\/a>\n<\/li><\/ul>\n\n\n<div class=\"wp-block-unilux-blocks-spacer is-spacer-size-sm\"><\/div>\n\n\n<p><strong>&nbsp;Si vous souhaitez obtenir de plus amples informations ou discuter de votre situation, veuillez envoyer un courriel \u00e0<\/strong>&nbsp;<\/p>\n\n\n<div class=\"icon-info-wrapper\">\n    <ul class=\"wp-block-unilux-blocks-icon-info\">\n        <li class=\"wp-block-unilux-blocks-icon-info-item\">\n    \n<div class=\"wp-block-unilux-blocks-wrapper icon-info\">\n<div class=\"icon--primary icon--secondary-2  wp-block-unilux-blocks-icon-picker\">\n    <svg aria-hidden=\"true\" focusable=\"false\" class=\"icon icon-outline icon--email \"><use xlink:href=\"https:\/\/www.uni.lu\/wp-content\/themes\/unilux-theme\/assets\/images\/icons\/icons-outline.svg#icon--email\"><\/use><\/svg><\/div>\n\n\n<p class=\"has-1-125-rem-font-size\"><a href=\"mailto:contact.car@uni.lu\" target=\"_blank\" rel=\"noreferrer noopener\">contact.car@uni.lu<\/a><\/p>\n<\/div>\n<\/li>\n    <\/ul>\n<\/div>\n\n\n\n<ul class=\"wp-block-unilux-blocks-quick-link-underline\">\n    \n<li class=\"wp-block-unilux-blocks-quick-link-underline-item\">\n    <a\n            href=\"https:\/\/www.uni.lu\/life-fr\/inclusion-bien-etre\/accompagnement-des-personnes-handicapees\/\"\n            class=\"wp-block-unilux-blocks-anchor\"        target=\"\"\n>\n    \n<span class=\"hero__title__subject wp-block-unilux-blocks-plain-text\"> Bureau de l\u2019inclusion<\/span><svg aria-hidden=\"true\" focusable=\"false\" class=\"icon icon-outline icon--arrow-right \"><use xlink:href=\"https:\/\/www.uni.lu\/wp-content\/themes\/unilux-theme\/assets\/images\/icons\/icons-outline.svg#icon--arrow-right\"><\/use><\/svg><\/a>\n<\/li>\n\n<li class=\"wp-block-unilux-blocks-quick-link-underline-item\">\n    <a\n            href=\"https:\/\/www.uni.lu\/wp-content\/uploads\/sites\/9\/2023\/11\/Loi-du-27-juin-2018-modifiee-ayant-pour-objet-lorganisation-de-lUniversite-du-Luxembourg.pdf\"\n            class=\"wp-block-unilux-blocks-anchor\"        target=\"_blank\"\n>\n    \n<span class=\"hero__title__subject wp-block-unilux-blocks-plain-text\">Loi du 27 juin 2018 (Art. 11, 28 and 39) (PDF) [French]<\/span><svg aria-hidden=\"true\" focusable=\"false\" class=\"icon icon-outline icon--external-link \"><use xlink:href=\"https:\/\/www.uni.lu\/wp-content\/themes\/unilux-theme\/assets\/images\/icons\/icons-outline.svg#icon--external-link\"><\/use><\/svg><\/a>\n<\/li>\n\n<li class=\"wp-block-unilux-blocks-quick-link-underline-item\">\n    <a\n            href=\"https:\/\/www.uni.lu\/fr\/etudes\/questions-academiques\/dispositions-speciales\/amenagements-raisonnables\/\"\n            class=\"wp-block-unilux-blocks-anchor\"        target=\"\"\n>\n    \n<span class=\"hero__title__subject wp-block-unilux-blocks-plain-text\">Am\u00e9nagements raisonnables<\/span><svg aria-hidden=\"true\" focusable=\"false\" class=\"icon icon-outline icon--arrow-right \"><use xlink:href=\"https:\/\/www.uni.lu\/wp-content\/themes\/unilux-theme\/assets\/images\/icons\/icons-outline.svg#icon--arrow-right\"><\/use><\/svg><\/a>\n<\/li>\n<\/ul><\/div><\/section>\n","protected":false},"excerpt":{"rendered":"","protected":false},"author":33,"featured_media":18816,"parent":2579,"menu_order":6,"comment_status":"closed","ping_status":"closed","template":"","meta":{"featured_image_focal_point":[],"show_featured_caption":false,"ulux_newsletter_groups":"","uluxPostTitle":"","uluxPrePostTitle":"","_trash_the_other_posts":false,"_price":"","_stock":"","_tribe_ticket_header":"","_tribe_default_ticket_provider":"","_tribe_ticket_capacity":"0","_ticket_start_date":"","_ticket_end_date":"","_tribe_ticket_show_description":"","_tribe_ticket_show_not_going":false,"_tribe_ticket_use_global_stock":"","_tribe_ticket_global_stock_level":"","_global_stock_mode":"","_global_stock_cap":"","_tribe_rsvp_for_event":"","_tribe_ticket_going_count":"","_tribe_ticket_not_going_count":"","_tribe_tickets_list":"[]","_tribe_ticket_has_attendee_info_fields":false,"footnotes":""},"field-of-interest":[],"organisation":[],"authorship":[33],"acf":[],"yoast_head":"<!-- This site is optimized with the Yoast SEO Premium plugin v22.3 (Yoast SEO v22.3) - https:\/\/yoast.com\/wordpress\/plugins\/seo\/ -->\n<title>Commission des am\u00e9nagements raisonnables I Uni.lu<\/title>\n<meta name=\"description\" content=\"L&#039;objectif de la Commission des am\u00e9nagements raisonnables est de mettre en place les modifications appropri\u00e9es pour les \u00e9tudiants.\" \/>\n<meta name=\"robots\" content=\"index, follow, max-snippet:-1, max-image-preview:large, max-video-preview:-1\" \/>\n<link rel=\"canonical\" href=\"https:\/\/www.uni.lu\/fr\/a-propos\/gouvernance\/commission-des-amenagements-raisonnables\/\" \/>\n<meta property=\"og:locale\" content=\"fr_FR\" \/>\n<meta property=\"og:type\" content=\"article\" \/>\n<meta property=\"og:title\" content=\"Commission des am\u00e9nagements raisonnables\" \/>\n<meta property=\"og:description\" content=\"L&#039;objectif de la Commission des am\u00e9nagements raisonnables est de mettre en place les modifications appropri\u00e9es pour les \u00e9tudiants.\" \/>\n<meta property=\"og:url\" content=\"https:\/\/www.uni.lu\/fr\/a-propos\/gouvernance\/commission-des-amenagements-raisonnables\/\" \/>\n<meta property=\"og:site_name\" content=\"UNI FR\" \/>\n<meta property=\"article:publisher\" content=\"https:\/\/www.facebook.com\/uni.lu\" \/>\n<meta property=\"article:modified_time\" content=\"2026-04-03T05:33:04+00:00\" \/>\n<meta property=\"og:image\" content=\"https:\/\/www.uni.lu\/wp-content\/uploads\/sites\/11\/2026\/03\/03120045\/UNIV_SM-Profile_1600x1600px-scaled.jpg\" \/>\n\t<meta property=\"og:image:width\" content=\"2560\" \/>\n\t<meta property=\"og:image:height\" content=\"2560\" \/>\n\t<meta property=\"og:image:type\" content=\"image\/jpeg\" \/>\n<meta name=\"twitter:card\" content=\"summary_large_image\" \/>\n<meta name=\"twitter:label1\" content=\"Dur\u00e9e de lecture estim\u00e9e\" \/>\n\t<meta name=\"twitter:data1\" content=\"2 minutes\" \/>\n<script type=\"application\/ld+json\" class=\"yoast-schema-graph\">{\"@context\":\"https:\/\/schema.org\",\"@graph\":[{\"@type\":\"WebPage\",\"@id\":\"https:\/\/www.uni.lu\/fr\/a-propos\/gouvernance\/commission-des-amenagements-raisonnables\/\",\"url\":\"https:\/\/www.uni.lu\/fr\/a-propos\/gouvernance\/commission-des-amenagements-raisonnables\/\",\"name\":\"Commission des am\u00e9nagements raisonnables I Uni.lu\",\"isPartOf\":{\"@id\":\"https:\/\/www.uni.lu\/fr\/#website\"},\"primaryImageOfPage\":{\"@id\":\"https:\/\/www.uni.lu\/fr\/a-propos\/gouvernance\/commission-des-amenagements-raisonnables\/#primaryimage\"},\"image\":{\"@id\":\"https:\/\/www.uni.lu\/fr\/a-propos\/gouvernance\/commission-des-amenagements-raisonnables\/#primaryimage\"},\"thumbnailUrl\":\"https:\/\/www.uni.lu\/wp-content\/uploads\/sites\/11\/2026\/03\/03120045\/UNIV_SM-Profile_1600x1600px-scaled.jpg\",\"datePublished\":\"2023-10-06T12:29:22+00:00\",\"dateModified\":\"2026-04-03T05:33:04+00:00\",\"description\":\"L'objectif de la Commission des am\u00e9nagements raisonnables est de mettre en place les modifications appropri\u00e9es pour les \u00e9tudiants.\",\"breadcrumb\":{\"@id\":\"https:\/\/www.uni.lu\/fr\/a-propos\/gouvernance\/commission-des-amenagements-raisonnables\/#breadcrumb\"},\"inLanguage\":\"fr-FR\",\"potentialAction\":[{\"@type\":\"ReadAction\",\"target\":[\"https:\/\/www.uni.lu\/fr\/a-propos\/gouvernance\/commission-des-amenagements-raisonnables\/\"]}]},{\"@type\":\"ImageObject\",\"inLanguage\":\"fr-FR\",\"@id\":\"https:\/\/www.uni.lu\/fr\/a-propos\/gouvernance\/commission-des-amenagements-raisonnables\/#primaryimage\",\"url\":\"https:\/\/www.uni.lu\/wp-content\/uploads\/sites\/11\/2026\/03\/03120045\/UNIV_SM-Profile_1600x1600px-scaled.jpg\",\"contentUrl\":\"https:\/\/www.uni.lu\/wp-content\/uploads\/sites\/11\/2026\/03\/03120045\/UNIV_SM-Profile_1600x1600px-scaled.jpg\",\"width\":2560,\"height\":2560},{\"@type\":\"BreadcrumbList\",\"@id\":\"https:\/\/www.uni.lu\/fr\/a-propos\/gouvernance\/commission-des-amenagements-raisonnables\/#breadcrumb\",\"itemListElement\":[{\"@type\":\"ListItem\",\"position\":1,\"name\":\"Home\",\"item\":\"https:\/\/www.uni.lu\/fr\/\"},{\"@type\":\"ListItem\",\"position\":2,\"name\":\"\u00c0 propos\",\"item\":\"https:\/\/www.uni.lu\/fr\/a-propos\/\"},{\"@type\":\"ListItem\",\"position\":3,\"name\":\"Gouvernance\",\"item\":\"https:\/\/www.uni.lu\/fr\/a-propos\/gouvernance\/\"},{\"@type\":\"ListItem\",\"position\":4,\"name\":\"Commission des am\u00e9nagements raisonnables\"}]},{\"@type\":\"WebSite\",\"@id\":\"https:\/\/www.uni.lu\/fr\/#website\",\"url\":\"https:\/\/www.uni.lu\/fr\/\",\"name\":\"Uni.lu\",\"description\":\"Universit\u00e9 du Luxembourg\",\"publisher\":{\"@id\":\"https:\/\/www.uni.lu\/fr\/#organization\"},\"alternateName\":\"Universit\u00e9 du Luxembourg\",\"potentialAction\":[{\"@type\":\"SearchAction\",\"target\":{\"@type\":\"EntryPoint\",\"urlTemplate\":\"https:\/\/www.uni.lu\/fr\/?s={search_term_string}\"},\"query-input\":\"required name=search_term_string\"}],\"inLanguage\":\"fr-FR\"},{\"@type\":\"Organization\",\"@id\":\"https:\/\/www.uni.lu\/fr\/#organization\",\"name\":\"Universit\u00e9 du Luxembourg\",\"alternateName\":\"Uni.lu\",\"url\":\"https:\/\/www.uni.lu\/fr\/\",\"logo\":{\"@type\":\"ImageObject\",\"inLanguage\":\"fr-FR\",\"@id\":\"https:\/\/www.uni.lu\/fr\/#\/schema\/logo\/image\/\",\"url\":\"https:\/\/www.uni.lu\/wp-content\/uploads\/sites\/11\/2026\/03\/03120045\/UNIV_SM-Profile_1600x1600px-scaled.jpg\",\"contentUrl\":\"https:\/\/www.uni.lu\/wp-content\/uploads\/sites\/11\/2026\/03\/03120045\/UNIV_SM-Profile_1600x1600px-scaled.jpg\",\"width\":2560,\"height\":2560,\"caption\":\"Universit\u00e9 du Luxembourg\"},\"image\":{\"@id\":\"https:\/\/www.uni.lu\/fr\/#\/schema\/logo\/image\/\"},\"sameAs\":[\"https:\/\/www.facebook.com\/uni.lu\",\"https:\/\/www.linkedin.com\/school\/university-of-luxembourg\/\",\"https:\/\/www.instagram.com\/uni.lu\",\"https:\/\/www.youtube.com\/@uni_lu\",\"https:\/\/en.wikipedia.org\/wiki\/University_of_Luxembourg\"]}]}<\/script>\n<!-- \/ Yoast SEO Premium plugin. -->","yoast_head_json":{"title":"Commission des am\u00e9nagements raisonnables I Uni.lu","description":"L'objectif de la Commission des am\u00e9nagements raisonnables est de mettre en place les modifications appropri\u00e9es pour les \u00e9tudiants.","robots":{"index":"index","follow":"follow","max-snippet":"max-snippet:-1","max-image-preview":"max-image-preview:large","max-video-preview":"max-video-preview:-1"},"canonical":"https:\/\/www.uni.lu\/fr\/a-propos\/gouvernance\/commission-des-amenagements-raisonnables\/","og_locale":"fr_FR","og_type":"article","og_title":"Commission des am\u00e9nagements raisonnables","og_description":"L'objectif de la Commission des am\u00e9nagements raisonnables est de mettre en place les modifications appropri\u00e9es pour les \u00e9tudiants.","og_url":"https:\/\/www.uni.lu\/fr\/a-propos\/gouvernance\/commission-des-amenagements-raisonnables\/","og_site_name":"UNI FR","article_publisher":"https:\/\/www.facebook.com\/uni.lu","article_modified_time":"2026-04-03T05:33:04+00:00","og_image":[{"width":2560,"height":2560,"url":"https:\/\/www.uni.lu\/wp-content\/uploads\/sites\/11\/2026\/03\/03120045\/UNIV_SM-Profile_1600x1600px-scaled.jpg","type":"image\/jpeg"}],"twitter_card":"summary_large_image","twitter_misc":{"Dur\u00e9e de lecture estim\u00e9e":"2 minutes"},"schema":{"@context":"https:\/\/schema.org","@graph":[{"@type":"WebPage","@id":"https:\/\/www.uni.lu\/fr\/a-propos\/gouvernance\/commission-des-amenagements-raisonnables\/","url":"https:\/\/www.uni.lu\/fr\/a-propos\/gouvernance\/commission-des-amenagements-raisonnables\/","name":"Commission des am\u00e9nagements raisonnables I Uni.lu","isPartOf":{"@id":"https:\/\/www.uni.lu\/fr\/#website"},"primaryImageOfPage":{"@id":"https:\/\/www.uni.lu\/fr\/a-propos\/gouvernance\/commission-des-amenagements-raisonnables\/#primaryimage"},"image":{"@id":"https:\/\/www.uni.lu\/fr\/a-propos\/gouvernance\/commission-des-amenagements-raisonnables\/#primaryimage"},"thumbnailUrl":"https:\/\/www.uni.lu\/wp-content\/uploads\/sites\/11\/2026\/03\/03120045\/UNIV_SM-Profile_1600x1600px-scaled.jpg","datePublished":"2023-10-06T12:29:22+00:00","dateModified":"2026-04-03T05:33:04+00:00","description":"L'objectif de la Commission des am\u00e9nagements raisonnables est de mettre en place les modifications appropri\u00e9es pour les \u00e9tudiants.","breadcrumb":{"@id":"https:\/\/www.uni.lu\/fr\/a-propos\/gouvernance\/commission-des-amenagements-raisonnables\/#breadcrumb"},"inLanguage":"fr-FR","potentialAction":[{"@type":"ReadAction","target":["https:\/\/www.uni.lu\/fr\/a-propos\/gouvernance\/commission-des-amenagements-raisonnables\/"]}]},{"@type":"ImageObject","inLanguage":"fr-FR","@id":"https:\/\/www.uni.lu\/fr\/a-propos\/gouvernance\/commission-des-amenagements-raisonnables\/#primaryimage","url":"https:\/\/www.uni.lu\/wp-content\/uploads\/sites\/11\/2026\/03\/03120045\/UNIV_SM-Profile_1600x1600px-scaled.jpg","contentUrl":"https:\/\/www.uni.lu\/wp-content\/uploads\/sites\/11\/2026\/03\/03120045\/UNIV_SM-Profile_1600x1600px-scaled.jpg","width":2560,"height":2560},{"@type":"BreadcrumbList","@id":"https:\/\/www.uni.lu\/fr\/a-propos\/gouvernance\/commission-des-amenagements-raisonnables\/#breadcrumb","itemListElement":[{"@type":"ListItem","position":1,"name":"Home","item":"https:\/\/www.uni.lu\/fr\/"},{"@type":"ListItem","position":2,"name":"\u00c0 propos","item":"https:\/\/www.uni.lu\/fr\/a-propos\/"},{"@type":"ListItem","position":3,"name":"Gouvernance","item":"https:\/\/www.uni.lu\/fr\/a-propos\/gouvernance\/"},{"@type":"ListItem","position":4,"name":"Commission des am\u00e9nagements raisonnables"}]},{"@type":"WebSite","@id":"https:\/\/www.uni.lu\/fr\/#website","url":"https:\/\/www.uni.lu\/fr\/","name":"Uni.lu","description":"Universit\u00e9 du Luxembourg","publisher":{"@id":"https:\/\/www.uni.lu\/fr\/#organization"},"alternateName":"Universit\u00e9 du Luxembourg","potentialAction":[{"@type":"SearchAction","target":{"@type":"EntryPoint","urlTemplate":"https:\/\/www.uni.lu\/fr\/?s={search_term_string}"},"query-input":"required name=search_term_string"}],"inLanguage":"fr-FR"},{"@type":"Organization","@id":"https:\/\/www.uni.lu\/fr\/#organization","name":"Universit\u00e9 du Luxembourg","alternateName":"Uni.lu","url":"https:\/\/www.uni.lu\/fr\/","logo":{"@type":"ImageObject","inLanguage":"fr-FR","@id":"https:\/\/www.uni.lu\/fr\/#\/schema\/logo\/image\/","url":"https:\/\/www.uni.lu\/wp-content\/uploads\/sites\/11\/2026\/03\/03120045\/UNIV_SM-Profile_1600x1600px-scaled.jpg","contentUrl":"https:\/\/www.uni.lu\/wp-content\/uploads\/sites\/11\/2026\/03\/03120045\/UNIV_SM-Profile_1600x1600px-scaled.jpg","width":2560,"height":2560,"caption":"Universit\u00e9 du Luxembourg"},"image":{"@id":"https:\/\/www.uni.lu\/fr\/#\/schema\/logo\/image\/"},"sameAs":["https:\/\/www.facebook.com\/uni.lu","https:\/\/www.linkedin.com\/school\/university-of-luxembourg\/","https:\/\/www.instagram.com\/uni.lu","https:\/\/www.youtube.com\/@uni_lu","https:\/\/en.wikipedia.org\/wiki\/University_of_Luxembourg"]}]}},"ticketed":false,"_links":{"self":[{"href":"https:\/\/www.uni.lu\/fr\/wp-json\/wp\/v2\/pages\/3157"}],"collection":[{"href":"https:\/\/www.uni.lu\/fr\/wp-json\/wp\/v2\/pages"}],"about":[{"href":"https:\/\/www.uni.lu\/fr\/wp-json\/wp\/v2\/types\/page"}],"author":[{"embeddable":true,"href":"https:\/\/www.uni.lu\/fr\/wp-json\/wp\/v2\/users\/33"}],"replies":[{"embeddable":true,"href":"https:\/\/www.uni.lu\/fr\/wp-json\/wp\/v2\/comments?post=3157"}],"version-history":[{"count":5,"href":"https:\/\/www.uni.lu\/fr\/wp-json\/wp\/v2\/pages\/3157\/revisions"}],"predecessor-version":[{"id":19258,"href":"https:\/\/www.uni.lu\/fr\/wp-json\/wp\/v2\/pages\/3157\/revisions\/19258"}],"up":[{"embeddable":true,"href":"https:\/\/www.uni.lu\/fr\/wp-json\/wp\/v2\/pages\/2579"}],"wp:authorship":[{"embeddable":true,"href":"https:\/\/www.uni.lu\/fr\/wp-json\/wp\/v2\/users\/33"}],"wp:featuredmedia":[{"embeddable":true,"href":"https:\/\/www.uni.lu\/fr\/wp-json\/wp\/v2\/media\/18816"}],"wp:attachment":[{"href":"https:\/\/www.uni.lu\/fr\/wp-json\/wp\/v2\/media?parent=3157"}],"wp:term":[{"taxonomy":"field-of-interest","embeddable":true,"href":"https:\/\/www.uni.lu\/fr\/wp-json\/wp\/v2\/field-of-interest?post=3157"},{"taxonomy":"organisation","embeddable":true,"href":"https:\/\/www.uni.lu\/fr\/wp-json\/wp\/v2\/organisation?post=3157"}],"curies":[{"name":"wp","href":"https:\/\/api.w.org\/{rel}","templated":true}]}}