{"id":19592,"date":"2026-05-05T15:09:29","date_gmt":"2026-05-05T13:09:29","guid":{"rendered":"https:\/\/www.uni.lu\/fr\/?page_id=19592"},"modified":"2026-05-05T15:09:30","modified_gmt":"2026-05-05T13:09:30","slug":"bureau-du-developpement","status":"publish","type":"page","link":"https:\/\/www.uni.lu\/fr\/a-propos\/organisation\/administration\/bureau-du-developpement\/","title":{"rendered":"Bureau du D\u00e9veloppement"},"content":{"rendered":"\n<section class=\"py-0 wp-block-unilux-blocks-free-section section\"><div class=\"container xl:max-w-screen-xl\">\n<h1 class=\"has-text-align-left wp-block-unilux-blocks-heading\"        id=\"bureau-du-developpement\"\n    >\nBureau du D\u00e9veloppement<\/h1>\n\n\n\n<p>Le Bureau du D\u00e9veloppement fait partie int\u00e9grante du D\u00e9partement des Partenariats et de la Promotion de l\u2019Universit\u00e9 du Luxembourg.<br>Le Bureau apporte un soutien complet pour toutes les questions relatives aux contributions philanthropiques et \u00e0 l\u2019engagement des anciens \u00e9tudiants.<\/p>\n\n\n\n<p>Il est notamment charg\u00e9 d\u2019entretenir des relations \u00e9troites avec les anciens \u00e9tudiants et de faciliter le soutien philanthropique en faveur des initiatives de recherche, des \u00e9tudiants, des projets d\u2019infrastructure et d\u2019autres priorit\u00e9s strat\u00e9giques de l\u2019\u00e9tablissement. Ce soutien peut provenir de fondations, d\u2019entreprises, de particuliers ou d\u2019associations. Le Bureau veille \u00e0 ce que l\u2019Universit\u00e9 respecte pleinement sa politique de collecte de fonds et ses proc\u00e9dures d\u2019acceptation.<\/p>\n\n\n\n<p>En substance, le Bureau du D\u00e9veloppement sert d\u2019interm\u00e9diaire strat\u00e9gique entre l\u2019Universit\u00e9, sa communaut\u00e9 d\u2019anciens \u00e9l\u00e8ves et les donateurs potentiels. Il permet ainsi d\u2019\u00e9tablir des liens pertinents entre des projets ambitieux et les ressources financi\u00e8res n\u00e9cessaires \u00e0 leur r\u00e9alisation.<\/p>\n\n\n<div class=\"wp-block-unilux-blocks-spacer is-spacer-size-sm\"><\/div>\n\n\n<h2 class=\"has-text-align-left wp-block-unilux-blocks-heading\"        id=\"responsable-du-bureau-de-developpement\"\n    >\nResponsable du Bureau de D\u00e9veloppement<\/h2>\n\n\n<div class=\"py-48 first:pt-0 last:pb-0 wp-block-unilux-blocks-people-list\">\n    <ul class=\"flex flex-wrap -mx-16 wp-block-unilux-blocks-people-item-wrapper\">\n    <li class=\"w-full md:w-1\/2 p-16 wp-block-unilux-blocks-people-item-automated\"><div class=\"ulux-card card-people bg-theme\"><div class=\"list-people bg-theme\">\n    <div class=\"list-people__container\">\n        <div class=\"list-people__visual\">\n            <figure class=\"wp-block-dev4-reusable-blocks-image\">\n                <!-- Template Image Component: default -->\n<img decoding=\"async\" class=\"w-full\" width=\"\" height=\"\" rel=\"\" alt=\"Philippe LAMESCH\" src=\"https:\/\/www.uni.lu\/en\/person-image\/NTAwMDIxNjJfX1BoaWxpcHBlIExBTUVTQ0g=\" srcset=\"https:\/\/www.uni.lu\/en\/person-image\/NTAwMDIxNjJfX1BoaWxpcHBlIExBTUVTQ0g=--thumbnail 150w,https:\/\/www.uni.lu\/en\/person-image\/NTAwMDIxNjJfX1BoaWxpcHBlIExBTUVTQ0g=--medium 300w,https:\/\/www.uni.lu\/en\/person-image\/NTAwMDIxNjJfX1BoaWxpcHBlIExBTUVTQ0g=--medium_large 768w,https:\/\/www.uni.lu\/en\/person-image\/NTAwMDIxNjJfX1BoaWxpcHBlIExBTUVTQ0g=--large 1024w,https:\/\/www.uni.lu\/en\/person-image\/NTAwMDIxNjJfX1BoaWxpcHBlIExBTUVTQ0g=--1536x1536 1536w,https:\/\/www.uni.lu\/en\/person-image\/NTAwMDIxNjJfX1BoaWxpcHBlIExBTUVTQ0g=--2048x2048 2048w\" loading=\"lazy\" \/><!-- end Image Component -->\n            <\/figure>\n        <\/div>\n        <div class=\"list-people__body\">\n            <h3 class=\"list-people__title\">Philippe LAMESCH<\/h3>\n            <p class=\"list-people__description\">Head of Office of Advancement Office<\/p>\n            <div class=\"wp-block-unilux-blocks-simple-cta wp-block-unilux-blocks-people-item-automated\">\n    <a\n        href=\"https:\/\/www.uni.lu\/en\/people\/philippe-lamesch\/\"\n        title=\"Philippe LAMESCH\"\n        class=\"link-text link-text--icon list-people__link link-absolute\"\n        target=\"\"\n    >\n        <span class=\"link-text__body\">\n            <span class=\"link-text__name\">Voir le profil<\/span>\n        <\/span>\n        <svg aria-hidden=\"true\" focusable=\"false\" class=\"icon icon-outline icon--arrow-right \"><use xlink:href=\"https:\/\/www.uni.lu\/wp-content\/themes\/unilux-theme\/assets\/images\/icons\/icons-outline.svg#icon--arrow-right\"><\/use><\/svg>    <\/a>\n<\/div>\n        <\/div>\n    <\/div>\n<\/div>\n<\/div><\/li><\/ul>\n\n<\/div>\n\n\n\n<div class=\"wp-block-unilux-blocks-spacer is-spacer-size-sm\"><\/div>\n\n\n<h2 class=\"has-text-align-left wp-block-unilux-blocks-heading\"        id=\"services-de-bureau\"\n    >\nServices de bureau<\/h2>\n\n\n\n<ul class=\"wp-block-unilux-blocks-quick-link-underline\">\n    \n<li class=\"wp-block-unilux-blocks-quick-link-underline-item\">\n    <a\n            href=\"https:\/\/www.uni.lu\/life-en\/alumni\/\"\n            class=\"wp-block-unilux-blocks-anchor\"        target=\"\"\n>\n    \n<span class=\"hero__title__subject wp-block-unilux-blocks-plain-text\">Relations avec les anciens \u00e9l\u00e8ves (EN)<\/span><svg aria-hidden=\"true\" focusable=\"false\" class=\"icon icon-outline icon--arrow-right \"><use xlink:href=\"https:\/\/www.uni.lu\/wp-content\/themes\/unilux-theme\/assets\/images\/icons\/icons-outline.svg#icon--arrow-right\"><\/use><\/svg><\/a>\n<\/li>\n\n<li class=\"wp-block-unilux-blocks-quick-link-underline-item\">\n    <a\n            class=\"wp-block-unilux-blocks-anchor\"        target=\"\"\n>\n    \n<span class=\"hero__title__subject wp-block-unilux-blocks-plain-text\">Contributions philanthropiques <\/span><svg aria-hidden=\"true\" focusable=\"false\" class=\"icon icon-outline icon--external-link \"><use xlink:href=\"https:\/\/www.uni.lu\/wp-content\/themes\/unilux-theme\/assets\/images\/icons\/icons-outline.svg#icon--external-link\"><\/use><\/svg><\/a>\n<\/li>\n<\/ul><\/div><\/section>\n","protected":false},"excerpt":{"rendered":"","protected":false},"author":58,"featured_media":0,"parent":3111,"menu_order":0,"comment_status":"closed","ping_status":"closed","template":"","meta":{"featured_image_focal_point":[],"show_featured_caption":false,"ulux_newsletter_groups":"","uluxPostTitle":"","uluxPrePostTitle":"","_trash_the_other_posts":false,"_price":"","_stock":"","_tribe_ticket_header":"","_tribe_default_ticket_provider":"","_tribe_ticket_capacity":"0","_ticket_start_date":"","_ticket_end_date":"","_tribe_ticket_show_description":"","_tribe_ticket_show_not_going":false,"_tribe_ticket_use_global_stock":"","_tribe_ticket_global_stock_level":"","_global_stock_mode":"","_global_stock_cap":"","_tribe_rsvp_for_event":"","_tribe_ticket_going_count":"","_tribe_ticket_not_going_count":"","_tribe_tickets_list":"[]","_tribe_ticket_has_attendee_info_fields":false,"footnotes":""},"field-of-interest":[],"organisation":[],"authorship":[58,33],"acf":[],"yoast_head":"<!-- This site is optimized with the Yoast SEO Premium plugin v22.3 (Yoast SEO v22.3) - https:\/\/yoast.com\/wordpress\/plugins\/seo\/ -->\n<title>Bureau du D\u00e9veloppement - Universit\u00e9 du Luxembourg<\/title>\n<meta name=\"description\" content=\"Le Bureau du D\u00e9veloppement fait partie int\u00e9grante du D\u00e9partement des Partenariats et de la Promotion de l\u2019Universit\u00e9 du Luxembourg.Le Bureau apporte un\" \/>\n<meta name=\"robots\" content=\"index, follow, max-snippet:-1, max-image-preview:large, max-video-preview:-1\" \/>\n<link rel=\"canonical\" href=\"https:\/\/www.uni.lu\/fr\/a-propos\/organisation\/administration\/bureau-du-developpement\/\" \/>\n<meta property=\"og:locale\" content=\"fr_FR\" \/>\n<meta property=\"og:type\" content=\"article\" \/>\n<meta property=\"og:title\" content=\"Bureau du D\u00e9veloppement\" \/>\n<meta property=\"og:description\" content=\"Le Bureau du D\u00e9veloppement fait partie int\u00e9grante du D\u00e9partement des Partenariats et de la Promotion de l\u2019Universit\u00e9 du Luxembourg.Le Bureau apporte un\" \/>\n<meta property=\"og:url\" content=\"https:\/\/www.uni.lu\/fr\/a-propos\/organisation\/administration\/bureau-du-developpement\/\" \/>\n<meta property=\"og:site_name\" content=\"UNI FR\" \/>\n<meta property=\"article:publisher\" content=\"https:\/\/www.facebook.com\/uni.lu\" \/>\n<meta property=\"article:modified_time\" content=\"2026-05-05T13:09:30+00:00\" \/>\n<meta property=\"og:image\" content=\"https:\/\/www.uni.lu\/wp-content\/uploads\/sites\/11\/2026\/03\/03120045\/UNIV_SM-Profile_1600x1600px-scaled.jpg\" \/>\n\t<meta property=\"og:image:width\" content=\"2560\" \/>\n\t<meta property=\"og:image:height\" content=\"2560\" \/>\n\t<meta property=\"og:image:type\" content=\"image\/jpeg\" \/>\n<meta name=\"twitter:card\" content=\"summary_large_image\" \/>\n<meta name=\"twitter:label1\" content=\"Dur\u00e9e de lecture estim\u00e9e\" \/>\n\t<meta name=\"twitter:data1\" content=\"1 minute\" \/>\n<script type=\"application\/ld+json\" class=\"yoast-schema-graph\">{\"@context\":\"https:\/\/schema.org\",\"@graph\":[{\"@type\":\"WebPage\",\"@id\":\"https:\/\/www.uni.lu\/fr\/a-propos\/organisation\/administration\/bureau-du-developpement\/\",\"url\":\"https:\/\/www.uni.lu\/fr\/a-propos\/organisation\/administration\/bureau-du-developpement\/\",\"name\":\"Bureau du D\u00e9veloppement - Universit\u00e9 du Luxembourg\",\"isPartOf\":{\"@id\":\"https:\/\/www.uni.lu\/fr\/#website\"},\"datePublished\":\"2026-05-05T13:09:29+00:00\",\"dateModified\":\"2026-05-05T13:09:30+00:00\",\"description\":\"Le Bureau du D\u00e9veloppement fait partie int\u00e9grante du D\u00e9partement des Partenariats et de la Promotion de l\u2019Universit\u00e9 du Luxembourg.Le Bureau apporte un\",\"breadcrumb\":{\"@id\":\"https:\/\/www.uni.lu\/fr\/a-propos\/organisation\/administration\/bureau-du-developpement\/#breadcrumb\"},\"inLanguage\":\"fr-FR\",\"potentialAction\":[{\"@type\":\"ReadAction\",\"target\":[\"https:\/\/www.uni.lu\/fr\/a-propos\/organisation\/administration\/bureau-du-developpement\/\"]}]},{\"@type\":\"BreadcrumbList\",\"@id\":\"https:\/\/www.uni.lu\/fr\/a-propos\/organisation\/administration\/bureau-du-developpement\/#breadcrumb\",\"itemListElement\":[{\"@type\":\"ListItem\",\"position\":1,\"name\":\"Home\",\"item\":\"https:\/\/www.uni.lu\/fr\/\"},{\"@type\":\"ListItem\",\"position\":2,\"name\":\"\u00c0 propos\",\"item\":\"https:\/\/www.uni.lu\/fr\/a-propos\/\"},{\"@type\":\"ListItem\",\"position\":3,\"name\":\"Organisation\",\"item\":\"https:\/\/www.uni.lu\/fr\/a-propos\/organisation\/\"},{\"@type\":\"ListItem\",\"position\":4,\"name\":\"Administration\",\"item\":\"https:\/\/www.uni.lu\/fr\/a-propos\/organisation\/administration\/\"},{\"@type\":\"ListItem\",\"position\":5,\"name\":\"Bureau du D\u00e9veloppement\"}]},{\"@type\":\"WebSite\",\"@id\":\"https:\/\/www.uni.lu\/fr\/#website\",\"url\":\"https:\/\/www.uni.lu\/fr\/\",\"name\":\"Uni.lu\",\"description\":\"Universit\u00e9 du Luxembourg\",\"publisher\":{\"@id\":\"https:\/\/www.uni.lu\/fr\/#organization\"},\"alternateName\":\"Universit\u00e9 du Luxembourg\",\"potentialAction\":[{\"@type\":\"SearchAction\",\"target\":{\"@type\":\"EntryPoint\",\"urlTemplate\":\"https:\/\/www.uni.lu\/fr\/?s={search_term_string}\"},\"query-input\":\"required name=search_term_string\"}],\"inLanguage\":\"fr-FR\"},{\"@type\":\"Organization\",\"@id\":\"https:\/\/www.uni.lu\/fr\/#organization\",\"name\":\"Universit\u00e9 du Luxembourg\",\"alternateName\":\"Uni.lu\",\"url\":\"https:\/\/www.uni.lu\/fr\/\",\"logo\":{\"@type\":\"ImageObject\",\"inLanguage\":\"fr-FR\",\"@id\":\"https:\/\/www.uni.lu\/fr\/#\/schema\/logo\/image\/\",\"url\":\"https:\/\/www.uni.lu\/wp-content\/uploads\/sites\/11\/2026\/03\/03120045\/UNIV_SM-Profile_1600x1600px-scaled.jpg\",\"contentUrl\":\"https:\/\/www.uni.lu\/wp-content\/uploads\/sites\/11\/2026\/03\/03120045\/UNIV_SM-Profile_1600x1600px-scaled.jpg\",\"width\":2560,\"height\":2560,\"caption\":\"Universit\u00e9 du Luxembourg\"},\"image\":\"https:\/\/www.uni.lu\/wp-content\/uploads\/sites\/11\/2026\/04\/24120552\/20200609-Belval-Campus_Henri-Goergen-23.jpg\",\"sameAs\":[\"https:\/\/www.facebook.com\/uni.lu\",\"https:\/\/www.linkedin.com\/school\/university-of-luxembourg\/\",\"https:\/\/www.instagram.com\/uni.lu\",\"https:\/\/www.youtube.com\/@uni_lu\",\"https:\/\/en.wikipedia.org\/wiki\/University_of_Luxembourg\"],\"email\":\"communication@uni.lu\",\"telephone\":\"+352 46 66 44 1\",\"address\":{\"@type\":\"PostalAddress\",\"streetAddress\":\"2, place de l\u2019Universit\u00e9\",\"addressLocality\":\"Esch-sur-Alzette\",\"postalCode\":\"4365\",\"addressCountry\":\"LU\"},\"description\":\"Universit\u00e9 du Luxembourg\"}]}<\/script>\n<!-- \/ Yoast SEO Premium plugin. -->","yoast_head_json":{"title":"Bureau du D\u00e9veloppement - Universit\u00e9 du Luxembourg","description":"Le Bureau du D\u00e9veloppement fait partie int\u00e9grante du D\u00e9partement des Partenariats et de la Promotion de l\u2019Universit\u00e9 du Luxembourg.Le Bureau apporte un","robots":{"index":"index","follow":"follow","max-snippet":"max-snippet:-1","max-image-preview":"max-image-preview:large","max-video-preview":"max-video-preview:-1"},"canonical":"https:\/\/www.uni.lu\/fr\/a-propos\/organisation\/administration\/bureau-du-developpement\/","og_locale":"fr_FR","og_type":"article","og_title":"Bureau du D\u00e9veloppement","og_description":"Le Bureau du D\u00e9veloppement fait partie int\u00e9grante du D\u00e9partement des Partenariats et de la Promotion de l\u2019Universit\u00e9 du Luxembourg.Le Bureau apporte un","og_url":"https:\/\/www.uni.lu\/fr\/a-propos\/organisation\/administration\/bureau-du-developpement\/","og_site_name":"UNI FR","article_publisher":"https:\/\/www.facebook.com\/uni.lu","article_modified_time":"2026-05-05T13:09:30+00:00","og_image":[{"width":2560,"height":2560,"url":"https:\/\/www.uni.lu\/wp-content\/uploads\/sites\/11\/2026\/03\/03120045\/UNIV_SM-Profile_1600x1600px-scaled.jpg","type":"image\/jpeg"}],"twitter_card":"summary_large_image","twitter_misc":{"Dur\u00e9e de lecture estim\u00e9e":"1 minute"},"schema":{"@context":"https:\/\/schema.org","@graph":[{"@type":"WebPage","@id":"https:\/\/www.uni.lu\/fr\/a-propos\/organisation\/administration\/bureau-du-developpement\/","url":"https:\/\/www.uni.lu\/fr\/a-propos\/organisation\/administration\/bureau-du-developpement\/","name":"Bureau du D\u00e9veloppement - Universit\u00e9 du Luxembourg","isPartOf":{"@id":"https:\/\/www.uni.lu\/fr\/#website"},"datePublished":"2026-05-05T13:09:29+00:00","dateModified":"2026-05-05T13:09:30+00:00","description":"Le Bureau du D\u00e9veloppement fait partie int\u00e9grante du D\u00e9partement des Partenariats et de la Promotion de l\u2019Universit\u00e9 du Luxembourg.Le Bureau apporte un","breadcrumb":{"@id":"https:\/\/www.uni.lu\/fr\/a-propos\/organisation\/administration\/bureau-du-developpement\/#breadcrumb"},"inLanguage":"fr-FR","potentialAction":[{"@type":"ReadAction","target":["https:\/\/www.uni.lu\/fr\/a-propos\/organisation\/administration\/bureau-du-developpement\/"]}]},{"@type":"BreadcrumbList","@id":"https:\/\/www.uni.lu\/fr\/a-propos\/organisation\/administration\/bureau-du-developpement\/#breadcrumb","itemListElement":[{"@type":"ListItem","position":1,"name":"Home","item":"https:\/\/www.uni.lu\/fr\/"},{"@type":"ListItem","position":2,"name":"\u00c0 propos","item":"https:\/\/www.uni.lu\/fr\/a-propos\/"},{"@type":"ListItem","position":3,"name":"Organisation","item":"https:\/\/www.uni.lu\/fr\/a-propos\/organisation\/"},{"@type":"ListItem","position":4,"name":"Administration","item":"https:\/\/www.uni.lu\/fr\/a-propos\/organisation\/administration\/"},{"@type":"ListItem","position":5,"name":"Bureau du D\u00e9veloppement"}]},{"@type":"WebSite","@id":"https:\/\/www.uni.lu\/fr\/#website","url":"https:\/\/www.uni.lu\/fr\/","name":"Uni.lu","description":"Universit\u00e9 du Luxembourg","publisher":{"@id":"https:\/\/www.uni.lu\/fr\/#organization"},"alternateName":"Universit\u00e9 du Luxembourg","potentialAction":[{"@type":"SearchAction","target":{"@type":"EntryPoint","urlTemplate":"https:\/\/www.uni.lu\/fr\/?s={search_term_string}"},"query-input":"required name=search_term_string"}],"inLanguage":"fr-FR"},{"@type":"Organization","@id":"https:\/\/www.uni.lu\/fr\/#organization","name":"Universit\u00e9 du Luxembourg","alternateName":"Uni.lu","url":"https:\/\/www.uni.lu\/fr\/","logo":{"@type":"ImageObject","inLanguage":"fr-FR","@id":"https:\/\/www.uni.lu\/fr\/#\/schema\/logo\/image\/","url":"https:\/\/www.uni.lu\/wp-content\/uploads\/sites\/11\/2026\/03\/03120045\/UNIV_SM-Profile_1600x1600px-scaled.jpg","contentUrl":"https:\/\/www.uni.lu\/wp-content\/uploads\/sites\/11\/2026\/03\/03120045\/UNIV_SM-Profile_1600x1600px-scaled.jpg","width":2560,"height":2560,"caption":"Universit\u00e9 du Luxembourg"},"image":"https:\/\/www.uni.lu\/wp-content\/uploads\/sites\/11\/2026\/04\/24120552\/20200609-Belval-Campus_Henri-Goergen-23.jpg","sameAs":["https:\/\/www.facebook.com\/uni.lu","https:\/\/www.linkedin.com\/school\/university-of-luxembourg\/","https:\/\/www.instagram.com\/uni.lu","https:\/\/www.youtube.com\/@uni_lu","https:\/\/en.wikipedia.org\/wiki\/University_of_Luxembourg"],"email":"communication@uni.lu","telephone":"+352 46 66 44 1","address":{"@type":"PostalAddress","streetAddress":"2, place de l\u2019Universit\u00e9","addressLocality":"Esch-sur-Alzette","postalCode":"4365","addressCountry":"LU"},"description":"Universit\u00e9 du Luxembourg"}]}},"ticketed":false,"_links":{"self":[{"href":"https:\/\/www.uni.lu\/fr\/wp-json\/wp\/v2\/pages\/19592"}],"collection":[{"href":"https:\/\/www.uni.lu\/fr\/wp-json\/wp\/v2\/pages"}],"about":[{"href":"https:\/\/www.uni.lu\/fr\/wp-json\/wp\/v2\/types\/page"}],"author":[{"embeddable":true,"href":"https:\/\/www.uni.lu\/fr\/wp-json\/wp\/v2\/users\/58"}],"replies":[{"embeddable":true,"href":"https:\/\/www.uni.lu\/fr\/wp-json\/wp\/v2\/comments?post=19592"}],"version-history":[{"count":1,"href":"https:\/\/www.uni.lu\/fr\/wp-json\/wp\/v2\/pages\/19592\/revisions"}],"predecessor-version":[{"id":19593,"href":"https:\/\/www.uni.lu\/fr\/wp-json\/wp\/v2\/pages\/19592\/revisions\/19593"}],"up":[{"embeddable":true,"href":"https:\/\/www.uni.lu\/fr\/wp-json\/wp\/v2\/pages\/3111"}],"wp:authorship":[{"embeddable":true,"href":"https:\/\/www.uni.lu\/fr\/wp-json\/wp\/v2\/users\/58"},{"embeddable":true,"href":"https:\/\/www.uni.lu\/fr\/wp-json\/wp\/v2\/users\/33"}],"wp:attachment":[{"href":"https:\/\/www.uni.lu\/fr\/wp-json\/wp\/v2\/media?parent=19592"}],"wp:term":[{"taxonomy":"field-of-interest","embeddable":true,"href":"https:\/\/www.uni.lu\/fr\/wp-json\/wp\/v2\/field-of-interest?post=19592"},{"taxonomy":"organisation","embeddable":true,"href":"https:\/\/www.uni.lu\/fr\/wp-json\/wp\/v2\/organisation?post=19592"}],"curies":[{"name":"wp","href":"https:\/\/api.w.org\/{rel}","templated":true}]}}