{"id":17692,"date":"2025-12-22T17:05:47","date_gmt":"2025-12-22T16:05:47","guid":{"rendered":"https:\/\/www.uni.lu\/fr\/?page_id=17692"},"modified":"2026-01-14T12:00:06","modified_gmt":"2026-01-14T11:00:06","slug":"don-en-memoire-d-un-defunt","status":"publish","type":"page","link":"https:\/\/www.uni.lu\/fr\/a-propos\/soutenir-l-universite\/don-en-memoire-d-un-defunt\/","title":{"rendered":"Don en m\u00e9moire d&rsquo;un d\u00e9funt"},"content":{"rendered":"<div class=\"section py-0 static\">\n<section class=\"py-0 wp-block-unilux-blocks-free-section section\"><div class=\"container xl:max-w-screen-xl\"><!-- SecondaryNavigationMirror --><div class=\"js-secondary-nav--sticky wp-block-unilux-blocks-secondary-navigation\" id=\"4f9f70f8-93b8-4342-bbb9-aa300f8d2317\">\n    <nav id=\"secondary-navigation\" role=\"navigation\" aria-label=\"Secondary menu\" class=\"secondary-nav\">\n        <button class=\"secondary-nav__button btn btn-solid--primary w-full\" aria-expanded=\"false\" aria-controls=\"secondary-navigation__list\" title=\"The selected page is Don en m\u00e9moire d&#039;un d\u00e9funt\" type=\"button\">\n            <span class=\"btn__name mr-auto\">Don en m\u00e9moire d&#039;un d\u00e9funt<\/span>\n            <svg aria-hidden=\"true\" focusable=\"false\" class=\"icon icon-outline icon--xs\">\n                <use xlink:href=\"https:\/\/www.uni.lu\/wp-content\/themes\/unilux-theme\/assets\/images\/icons\/icons-outline.svg#icon--arrow-down\" \/>\n            <\/svg>\n        <\/button>\n\n        <ul id=\"secondary-navigation__list\" class=\"secondary-nav__list\">\n            <li class=\"secondary-nav__item\">\n    <a href=\"https:\/\/www.uni.lu\/fr\/a-propos\/soutenir-l-universite\/\" target=\"\" rel=\"noreferrer noopener\" class=\"secondary-nav__link \">\n        <svg aria-hidden=\"true\" focusable=\"false\" class=\"icon icon-outline icon--xs\">\n            <use xlink:href=\"https:\/\/www.uni.lu\/wp-content\/themes\/unilux-theme\/assets\/images\/icons\/icons-outline.svg#icon--arrow-right\" \/>\n        <\/svg>\n        <span class=\"secondary-nav__name\">Aper\u00e7u<\/span>\n    <\/a>\n<\/li>\n<li class=\"secondary-nav__item\">\n    <a href=\"https:\/\/www.uni.lu\/fr\/a-propos\/soutenir-l-universite\/pour-soutenir-notre-recherche\/\" target=\"\" rel=\"noreferrer noopener\" class=\"secondary-nav__link \">\n        <svg aria-hidden=\"true\" focusable=\"false\" class=\"icon icon-outline icon--xs\">\n            <use xlink:href=\"https:\/\/www.uni.lu\/wp-content\/themes\/unilux-theme\/assets\/images\/icons\/icons-outline.svg#icon--arrow-right\" \/>\n        <\/svg>\n        <span class=\"secondary-nav__name\">Soutenir notre recherche<\/span>\n    <\/a>\n<\/li>\n<li class=\"secondary-nav__item\">\n    <a href=\"https:\/\/www.uni.lu\/fr\/a-propos\/soutenir-l-universite\/soutenez-nos-etudiants\/\" target=\"\" rel=\"noreferrer noopener\" class=\"secondary-nav__link \">\n        <svg aria-hidden=\"true\" focusable=\"false\" class=\"icon icon-outline icon--xs\">\n            <use xlink:href=\"https:\/\/www.uni.lu\/wp-content\/themes\/unilux-theme\/assets\/images\/icons\/icons-outline.svg#icon--arrow-right\" \/>\n        <\/svg>\n        <span class=\"secondary-nav__name\">Soutenir nos \u00e9tudiants<\/span>\n    <\/a>\n<\/li>\n<li class=\"secondary-nav__item\">\n    <a href=\"https:\/\/www.uni.lu\/fr\/a-propos\/soutenir-l-universite\/heritages\/\" target=\"\" rel=\"noreferrer noopener\" class=\"secondary-nav__link \">\n        <svg aria-hidden=\"true\" focusable=\"false\" class=\"icon icon-outline icon--xs\">\n            <use xlink:href=\"https:\/\/www.uni.lu\/wp-content\/themes\/unilux-theme\/assets\/images\/icons\/icons-outline.svg#icon--arrow-right\" \/>\n        <\/svg>\n        <span class=\"secondary-nav__name\">H\u00e9ritages<\/span>\n    <\/a>\n<\/li>\n<li class=\"secondary-nav__item\">\n    <a href=\"https:\/\/www.uni.lu\/fr\/a-propos\/soutenir-l-universite\/don-en-memoire-d-un-defunt\/\" target=\"\" rel=\"noreferrer noopener\" class=\"secondary-nav__link isactived\" aria-current=\"page\">\n        <svg aria-hidden=\"true\" focusable=\"false\" class=\"icon icon-outline icon--xs\">\n            <use xlink:href=\"https:\/\/www.uni.lu\/wp-content\/themes\/unilux-theme\/assets\/images\/icons\/icons-outline.svg#icon--arrow-right\" \/>\n        <\/svg>\n        <span class=\"secondary-nav__name\">Don en m\u00e9moire d&rsquo;un d\u00e9funt<\/span>\n    <\/a>\n<\/li>\n<li class=\"secondary-nav__item\">\n    <a href=\"https:\/\/www.uni.lu\/fr\/a-propos\/soutenir-l-universite\/comment-faire-un-don\/\" target=\"\" rel=\"noreferrer noopener\" class=\"secondary-nav__link \">\n        <svg aria-hidden=\"true\" focusable=\"false\" class=\"icon icon-outline icon--xs\">\n            <use xlink:href=\"https:\/\/www.uni.lu\/wp-content\/themes\/unilux-theme\/assets\/images\/icons\/icons-outline.svg#icon--arrow-right\" \/>\n        <\/svg>\n        <span class=\"secondary-nav__name\">Comment faire un don<\/span>\n    <\/a>\n<\/li>\n<li class=\"secondary-nav__item\">\n    <a href=\"https:\/\/www.uni.lu\/fr\/a-propos\/soutenir-l-universite\/contact\/\" target=\"\" rel=\"noreferrer noopener\" class=\"secondary-nav__link \">\n        <svg aria-hidden=\"true\" focusable=\"false\" class=\"icon icon-outline icon--xs\">\n            <use xlink:href=\"https:\/\/www.uni.lu\/wp-content\/themes\/unilux-theme\/assets\/images\/icons\/icons-outline.svg#icon--arrow-right\" \/>\n        <\/svg>\n        <span class=\"secondary-nav__name\">Contact<\/span>\n    <\/a>\n<\/li>\n        <\/ul>\n    <\/nav>\n<\/div>\n<!-- end SecondaryNavigationMirror --><\/div><\/section>\n\n\n\n<section class=\"wp-block-unilux-blocks-free-section section\"><div class=\"container xl:max-w-screen-xl\">\n<h1 class=\"has-text-align-left wp-block-unilux-blocks-heading\"        id=\"dons-en-memoire\"\n    >\nDons en m\u00e9moire<\/h1>\n\n\n<div class=\"content-card content-card--right content-card__overlay--hidden wp-block-unilux-blocks-content-card\">\n    \n<h2 class=\"content-card__heading has-text-align-left wp-block-unilux-blocks-heading\"    >\n<\/h2>\n<div class=\"content-card__visual wp-block-unilux-blocks-content-card-visual-area\">\n    \n<section class=\"wp-block-unilux-blocks-image-video-wrapper\">\n    <figure class=\"wp-block-dev4-reusable-blocks-image  object-fit--cover\">\n    \n<img decoding=\"async\" class=\"wp-block-image unilux-custom-image-block\"\n                alt=\"\"\n            src=\"https:\/\/www.uni.lu\/wp-content\/uploads\/sites\/9\/2025\/12\/22143420\/young-woman-s-hands-hold-white-flower-scaled.jpg\"\n                    style=\"object-position: 50.00% 50.00%; font-family: &quot;object-fit: cover; object-position: 50.00% 50.00%;&quot;; aspect-ratio: 3\/2; object-fit: cover; width: 100%;\"\n        loading=\"lazy\"\n\/>    <\/figure><\/section>\n<div class=\"wp-block-unilux-blocks-wrapper content-card__overlay\">\n<a class=\"wp-block-unilux-blocks-button-highlight-rounded bottom-left\" \n    href=\"#\"\n    target=\"_self\"\n>\n    \n<span class=\"btn-highlight-rounded__name wp-block-unilux-blocks-plain-text\"><\/span>    <span class=\"icon-rounded\">\n        <svg aria-hidden=\"true\" focusable=\"false\" class=\"icon icon-outline icon--arrow-right icon--lg\"><use xlink:href=\"https:\/\/www.uni.lu\/wp-content\/themes\/unilux-theme\/assets\/images\/icons\/icons-outline.svg#icon--arrow-right\"><\/use><\/svg>    <\/span>\n<\/a><\/div>\n<\/div><div class=\"content-card__body  wp-block-unilux-blocks-content-card-free-area\">\n    \n<p><strong><strong>Souhaitez-vous faire un don en l\u2019honneur de quelqu\u2019un ou \u00e0 l\u2019occasion d\u2019un \u00e9v\u00e9nement sp\u00e9cial ?<\/strong><\/strong><\/p>\n\n<ul class=\"ulux-list\">\n<li class=\"ulux-list-item\">Pour faire un don \u00e0 l\u2019Universit\u00e9 en m\u00e9moire d\u2019une personne disparue&nbsp;<\/li>\n\n\n\n<li class=\"ulux-list-item\">Pour c\u00e9l\u00e9brer un anniversaire, un mariage, une f\u00eate ou toute autre occasion particuli\u00e8re&nbsp;<\/li>\n<\/ul>\n\n<p>Merci d\u2019utiliser les informations ci-dessous pour effectuer votre don par virement bancaire :&nbsp;<\/p>\n\n<p><strong>Nom :<\/strong> Universit\u00e9 du Luxembourg<br><strong>Banque :<\/strong> BCEE<br><strong>IBAN :<\/strong> LU19 0019 2955 5270 5000<br><strong>Communication :<\/strong> En l\u2019honneur de\u2026<\/p>\n<\/div><\/div>\n\n\n<p><\/p>\n\n\n\n<div class=\"wp-block-columns is-layout-flex wp-block-columns-is-layout-flex\">\n<div class=\"wp-block-column is-layout-flow wp-block-column-is-layout-flow\" style=\"flex-basis:100%\">\n<p>Vous pouvez soutenir diff\u00e9rents domaines, notamment :<br><a href=\"https:\/\/www.uni.lu\/fr\/a-propos\/soutenir-l-universite\/pour-soutenir-notre-recherche\/fonds-de-recherche-sur-la-maladie-d-alzheimer\/\">Fonds de recherche Alzheimer<\/a><a href=\"https:\/\/www.uni.lu\/en\/about\/fundraising\/support-our-research\/alzheimers-research-fund\/\">,<\/a> <a href=\"https:\/\/www.uni.lu\/fr\/a-propos\/soutenir-l-universite\/pour-soutenir-notre-recherche\/fonds-de-recherche-contre-le-cancer\/\">Fonds de recherche sur le cancer<\/a>, <a href=\"https:\/\/www.uni.lu\/en\/about\/fundraising\/support-our-research\/parkinsons-research-fund\/\">F<\/a><a href=\"https:\/\/www.uni.lu\/fr\/a-propos\/soutenir-l-universite\/pour-soutenir-notre-recherche\/fonds-de-recherche-sur-la-maladie-de-parkinson\/\">onds de recherche Parkinson<\/a>, <a href=\"https:\/\/www.uni.lu\/fr\/a-propos\/soutenir-l-universite\/pour-soutenir-notre-recherche\/fonds-de-recherche-sur-les-maladies-infantiles-rares\/\">Fonds de recherche sur les maladies rares de l\u2019enfance<\/a>, <a href=\"https:\/\/www.uni.lu\/fr\/a-propos\/soutenir-l-universite\/pour-soutenir-notre-recherche\/fonds-pour-les-etudes-a-l-etranger\/\">Fonds de mobilit\u00e9 \u00e9tudiante (Study Abroad),<\/a> Fonds Women in STEM, Fonds Talent Attraction, et Fonds de soutien aux \u00e9tudiants.<\/p>\n\n\n\n<p><strong>Exemples : texte \u00e0 inclure dans un avis de d\u00e9c\u00e8s<\/strong><\/p>\n\n\n\n<p><\/p>\n\n\n\n<div class=\"wp-block-columns is-layout-flex wp-block-columns-is-layout-flex\">\n<div class=\"wp-block-column is-layout-flow wp-block-column-is-layout-flow\">\n<p>Toute personne souhaitant honorer la m\u00e9moire de notre cher disparu peut effectuer un don au <em>[indiquer le nom du fonds]<\/em> de l\u2019Universit\u00e9 du Luxembourg, BCEE, IBAN LU19 0019 2955 5270 5000, avec la mention : \u00ab Don<em> [indiquer pr\u00e9nom nom]<\/em> \u00bb.<\/p>\n<\/div>\n\n\n\n<div class=\"wp-block-column is-layout-flow wp-block-column-is-layout-flow\">\n<p>Au lieu&nbsp;de fleurs, des dons peuvent \u00eatre faits au nom du d\u00e9funt au&nbsp;<em>[indiquer le nom du fonds]<\/em>&nbsp;de l\u2019Universit\u00e9 du Luxembourg, BCEE, IBAN LU19 0019 2955 5270 5000.&nbsp;Mention :&nbsp;\u00ab&nbsp;Don&nbsp;<em>[indiquer pr\u00e9nom nom]<\/em> \u00bb.&nbsp;<\/p>\n<\/div>\n<\/div>\n<\/div>\n<\/div>\n<\/div><\/section>\n<\/div>","protected":false},"excerpt":{"rendered":"","protected":false},"author":58,"featured_media":0,"parent":2632,"menu_order":0,"comment_status":"closed","ping_status":"closed","template":"","meta":{"featured_image_focal_point":[],"show_featured_caption":false,"ulux_newsletter_groups":"","uluxPostTitle":"Donner \u00e0 l'Universit\u00e9","uluxPrePostTitle":"A propos","_trash_the_other_posts":false,"_price":"","_stock":"","_tribe_ticket_header":"","_tribe_default_ticket_provider":"","_tribe_ticket_capacity":"0","_ticket_start_date":"","_ticket_end_date":"","_tribe_ticket_show_description":"","_tribe_ticket_show_not_going":false,"_tribe_ticket_use_global_stock":"","_tribe_ticket_global_stock_level":"","_global_stock_mode":"","_global_stock_cap":"","_tribe_rsvp_for_event":"","_tribe_ticket_going_count":"","_tribe_ticket_not_going_count":"","_tribe_tickets_list":"[]","_tribe_ticket_has_attendee_info_fields":false,"footnotes":""},"field-of-interest":[],"organisation":[],"authorship":[58,324],"acf":[],"yoast_head":"<!-- This site is optimized with the Yoast SEO Premium plugin v22.3 (Yoast SEO v22.3) - https:\/\/yoast.com\/wordpress\/plugins\/seo\/ -->\n<title>Don en m\u00e9moire d&#039;un d\u00e9funt - Universit\u00e9 du Luxembourg<\/title>\n<meta name=\"description\" content=\"Souhaitez-vous faire un don en l\u2019honneur de quelqu\u2019un ou \u00e0 l\u2019occasion d\u2019un \u00e9v\u00e9nement sp\u00e9cial ? Pour faire un don \u00e0 l\u2019Universit\u00e9 en m\u00e9moire d\u2019une personne\" \/>\n<meta name=\"robots\" content=\"index, follow, max-snippet:-1, max-image-preview:large, max-video-preview:-1\" \/>\n<link rel=\"canonical\" href=\"https:\/\/www.uni.lu\/fr\/a-propos\/soutenir-l-universite\/don-en-memoire-d-un-defunt\/\" \/>\n<meta property=\"og:locale\" content=\"fr_FR\" \/>\n<meta property=\"og:type\" content=\"article\" \/>\n<meta property=\"og:title\" content=\"Don en m\u00e9moire d&#039;un d\u00e9funt\" \/>\n<meta property=\"og:description\" content=\"Souhaitez-vous faire un don en l\u2019honneur de quelqu\u2019un ou \u00e0 l\u2019occasion d\u2019un \u00e9v\u00e9nement sp\u00e9cial ? Pour faire un don \u00e0 l\u2019Universit\u00e9 en m\u00e9moire d\u2019une personne\" \/>\n<meta property=\"og:url\" content=\"https:\/\/www.uni.lu\/fr\/a-propos\/soutenir-l-universite\/don-en-memoire-d-un-defunt\/\" \/>\n<meta property=\"og:site_name\" content=\"UNI FR\" \/>\n<meta property=\"article:publisher\" content=\"https:\/\/www.facebook.com\/uni.lu\" \/>\n<meta property=\"article:modified_time\" content=\"2026-01-14T11:00:06+00:00\" \/>\n<meta property=\"og:image\" content=\"https:\/\/www.uni.lu\/wp-content\/uploads\/sites\/11\/2026\/03\/03120045\/UNIV_SM-Profile_1600x1600px-scaled.jpg\" \/>\n\t<meta property=\"og:image:width\" content=\"2560\" \/>\n\t<meta property=\"og:image:height\" content=\"2560\" \/>\n\t<meta property=\"og:image:type\" content=\"image\/jpeg\" \/>\n<meta name=\"twitter:card\" content=\"summary_large_image\" \/>\n<meta name=\"twitter:label1\" content=\"Dur\u00e9e de lecture estim\u00e9e\" \/>\n\t<meta name=\"twitter:data1\" content=\"2 minutes\" \/>\n<script type=\"application\/ld+json\" class=\"yoast-schema-graph\">{\"@context\":\"https:\/\/schema.org\",\"@graph\":[{\"@type\":\"WebPage\",\"@id\":\"https:\/\/www.uni.lu\/fr\/a-propos\/soutenir-l-universite\/don-en-memoire-d-un-defunt\/\",\"url\":\"https:\/\/www.uni.lu\/fr\/a-propos\/soutenir-l-universite\/don-en-memoire-d-un-defunt\/\",\"name\":\"Don en m\u00e9moire d'un d\u00e9funt - Universit\u00e9 du Luxembourg\",\"isPartOf\":{\"@id\":\"https:\/\/www.uni.lu\/fr\/#website\"},\"datePublished\":\"2025-12-22T16:05:47+00:00\",\"dateModified\":\"2026-01-14T11:00:06+00:00\",\"description\":\"Souhaitez-vous faire un don en l\u2019honneur de quelqu\u2019un ou \u00e0 l\u2019occasion d\u2019un \u00e9v\u00e9nement sp\u00e9cial ? Pour faire un don \u00e0 l\u2019Universit\u00e9 en m\u00e9moire d\u2019une personne\",\"breadcrumb\":{\"@id\":\"https:\/\/www.uni.lu\/fr\/a-propos\/soutenir-l-universite\/don-en-memoire-d-un-defunt\/#breadcrumb\"},\"inLanguage\":\"fr-FR\",\"potentialAction\":[{\"@type\":\"ReadAction\",\"target\":[\"https:\/\/www.uni.lu\/fr\/a-propos\/soutenir-l-universite\/don-en-memoire-d-un-defunt\/\"]}]},{\"@type\":\"BreadcrumbList\",\"@id\":\"https:\/\/www.uni.lu\/fr\/a-propos\/soutenir-l-universite\/don-en-memoire-d-un-defunt\/#breadcrumb\",\"itemListElement\":[{\"@type\":\"ListItem\",\"position\":1,\"name\":\"Home\",\"item\":\"https:\/\/www.uni.lu\/fr\/\"},{\"@type\":\"ListItem\",\"position\":2,\"name\":\"\u00c0 propos\",\"item\":\"https:\/\/www.uni.lu\/fr\/a-propos\/\"},{\"@type\":\"ListItem\",\"position\":3,\"name\":\"Soutenir l\u2019Universit\u00e9\",\"item\":\"https:\/\/www.uni.lu\/fr\/a-propos\/soutenir-l-universite\/\"},{\"@type\":\"ListItem\",\"position\":4,\"name\":\"Don en m\u00e9moire d'un d\u00e9funt\"}]},{\"@type\":\"WebSite\",\"@id\":\"https:\/\/www.uni.lu\/fr\/#website\",\"url\":\"https:\/\/www.uni.lu\/fr\/\",\"name\":\"Uni.lu\",\"description\":\"Universit\u00e9 du Luxembourg\",\"publisher\":{\"@id\":\"https:\/\/www.uni.lu\/fr\/#organization\"},\"alternateName\":\"Universit\u00e9 du Luxembourg\",\"potentialAction\":[{\"@type\":\"SearchAction\",\"target\":{\"@type\":\"EntryPoint\",\"urlTemplate\":\"https:\/\/www.uni.lu\/fr\/?s={search_term_string}\"},\"query-input\":\"required name=search_term_string\"}],\"inLanguage\":\"fr-FR\"},{\"@type\":\"Organization\",\"@id\":\"https:\/\/www.uni.lu\/fr\/#organization\",\"name\":\"Universit\u00e9 du Luxembourg\",\"alternateName\":\"Uni.lu\",\"url\":\"https:\/\/www.uni.lu\/fr\/\",\"logo\":{\"@type\":\"ImageObject\",\"inLanguage\":\"fr-FR\",\"@id\":\"https:\/\/www.uni.lu\/fr\/#\/schema\/logo\/image\/\",\"url\":\"https:\/\/www.uni.lu\/wp-content\/uploads\/sites\/11\/2026\/03\/03120045\/UNIV_SM-Profile_1600x1600px-scaled.jpg\",\"contentUrl\":\"https:\/\/www.uni.lu\/wp-content\/uploads\/sites\/11\/2026\/03\/03120045\/UNIV_SM-Profile_1600x1600px-scaled.jpg\",\"width\":2560,\"height\":2560,\"caption\":\"Universit\u00e9 du Luxembourg\"},\"image\":{\"@id\":\"https:\/\/www.uni.lu\/fr\/#\/schema\/logo\/image\/\"},\"sameAs\":[\"https:\/\/www.facebook.com\/uni.lu\",\"https:\/\/www.linkedin.com\/school\/university-of-luxembourg\/\",\"https:\/\/www.instagram.com\/uni.lu\",\"https:\/\/www.youtube.com\/@uni_lu\",\"https:\/\/en.wikipedia.org\/wiki\/University_of_Luxembourg\"]}]}<\/script>\n<!-- \/ Yoast SEO Premium plugin. -->","yoast_head_json":{"title":"Don en m\u00e9moire d'un d\u00e9funt - Universit\u00e9 du Luxembourg","description":"Souhaitez-vous faire un don en l\u2019honneur de quelqu\u2019un ou \u00e0 l\u2019occasion d\u2019un \u00e9v\u00e9nement sp\u00e9cial ? Pour faire un don \u00e0 l\u2019Universit\u00e9 en m\u00e9moire d\u2019une personne","robots":{"index":"index","follow":"follow","max-snippet":"max-snippet:-1","max-image-preview":"max-image-preview:large","max-video-preview":"max-video-preview:-1"},"canonical":"https:\/\/www.uni.lu\/fr\/a-propos\/soutenir-l-universite\/don-en-memoire-d-un-defunt\/","og_locale":"fr_FR","og_type":"article","og_title":"Don en m\u00e9moire d'un d\u00e9funt","og_description":"Souhaitez-vous faire un don en l\u2019honneur de quelqu\u2019un ou \u00e0 l\u2019occasion d\u2019un \u00e9v\u00e9nement sp\u00e9cial ? Pour faire un don \u00e0 l\u2019Universit\u00e9 en m\u00e9moire d\u2019une personne","og_url":"https:\/\/www.uni.lu\/fr\/a-propos\/soutenir-l-universite\/don-en-memoire-d-un-defunt\/","og_site_name":"UNI FR","article_publisher":"https:\/\/www.facebook.com\/uni.lu","article_modified_time":"2026-01-14T11:00:06+00:00","og_image":[{"width":2560,"height":2560,"url":"https:\/\/www.uni.lu\/wp-content\/uploads\/sites\/11\/2026\/03\/03120045\/UNIV_SM-Profile_1600x1600px-scaled.jpg","type":"image\/jpeg"}],"twitter_card":"summary_large_image","twitter_misc":{"Dur\u00e9e de lecture estim\u00e9e":"2 minutes"},"schema":{"@context":"https:\/\/schema.org","@graph":[{"@type":"WebPage","@id":"https:\/\/www.uni.lu\/fr\/a-propos\/soutenir-l-universite\/don-en-memoire-d-un-defunt\/","url":"https:\/\/www.uni.lu\/fr\/a-propos\/soutenir-l-universite\/don-en-memoire-d-un-defunt\/","name":"Don en m\u00e9moire d'un d\u00e9funt - Universit\u00e9 du Luxembourg","isPartOf":{"@id":"https:\/\/www.uni.lu\/fr\/#website"},"datePublished":"2025-12-22T16:05:47+00:00","dateModified":"2026-01-14T11:00:06+00:00","description":"Souhaitez-vous faire un don en l\u2019honneur de quelqu\u2019un ou \u00e0 l\u2019occasion d\u2019un \u00e9v\u00e9nement sp\u00e9cial ? Pour faire un don \u00e0 l\u2019Universit\u00e9 en m\u00e9moire d\u2019une personne","breadcrumb":{"@id":"https:\/\/www.uni.lu\/fr\/a-propos\/soutenir-l-universite\/don-en-memoire-d-un-defunt\/#breadcrumb"},"inLanguage":"fr-FR","potentialAction":[{"@type":"ReadAction","target":["https:\/\/www.uni.lu\/fr\/a-propos\/soutenir-l-universite\/don-en-memoire-d-un-defunt\/"]}]},{"@type":"BreadcrumbList","@id":"https:\/\/www.uni.lu\/fr\/a-propos\/soutenir-l-universite\/don-en-memoire-d-un-defunt\/#breadcrumb","itemListElement":[{"@type":"ListItem","position":1,"name":"Home","item":"https:\/\/www.uni.lu\/fr\/"},{"@type":"ListItem","position":2,"name":"\u00c0 propos","item":"https:\/\/www.uni.lu\/fr\/a-propos\/"},{"@type":"ListItem","position":3,"name":"Soutenir l\u2019Universit\u00e9","item":"https:\/\/www.uni.lu\/fr\/a-propos\/soutenir-l-universite\/"},{"@type":"ListItem","position":4,"name":"Don en m\u00e9moire d'un d\u00e9funt"}]},{"@type":"WebSite","@id":"https:\/\/www.uni.lu\/fr\/#website","url":"https:\/\/www.uni.lu\/fr\/","name":"Uni.lu","description":"Universit\u00e9 du Luxembourg","publisher":{"@id":"https:\/\/www.uni.lu\/fr\/#organization"},"alternateName":"Universit\u00e9 du Luxembourg","potentialAction":[{"@type":"SearchAction","target":{"@type":"EntryPoint","urlTemplate":"https:\/\/www.uni.lu\/fr\/?s={search_term_string}"},"query-input":"required name=search_term_string"}],"inLanguage":"fr-FR"},{"@type":"Organization","@id":"https:\/\/www.uni.lu\/fr\/#organization","name":"Universit\u00e9 du Luxembourg","alternateName":"Uni.lu","url":"https:\/\/www.uni.lu\/fr\/","logo":{"@type":"ImageObject","inLanguage":"fr-FR","@id":"https:\/\/www.uni.lu\/fr\/#\/schema\/logo\/image\/","url":"https:\/\/www.uni.lu\/wp-content\/uploads\/sites\/11\/2026\/03\/03120045\/UNIV_SM-Profile_1600x1600px-scaled.jpg","contentUrl":"https:\/\/www.uni.lu\/wp-content\/uploads\/sites\/11\/2026\/03\/03120045\/UNIV_SM-Profile_1600x1600px-scaled.jpg","width":2560,"height":2560,"caption":"Universit\u00e9 du Luxembourg"},"image":{"@id":"https:\/\/www.uni.lu\/fr\/#\/schema\/logo\/image\/"},"sameAs":["https:\/\/www.facebook.com\/uni.lu","https:\/\/www.linkedin.com\/school\/university-of-luxembourg\/","https:\/\/www.instagram.com\/uni.lu","https:\/\/www.youtube.com\/@uni_lu","https:\/\/en.wikipedia.org\/wiki\/University_of_Luxembourg"]}]}},"ticketed":false,"_links":{"self":[{"href":"https:\/\/www.uni.lu\/fr\/wp-json\/wp\/v2\/pages\/17692"}],"collection":[{"href":"https:\/\/www.uni.lu\/fr\/wp-json\/wp\/v2\/pages"}],"about":[{"href":"https:\/\/www.uni.lu\/fr\/wp-json\/wp\/v2\/types\/page"}],"author":[{"embeddable":true,"href":"https:\/\/www.uni.lu\/fr\/wp-json\/wp\/v2\/users\/58"}],"replies":[{"embeddable":true,"href":"https:\/\/www.uni.lu\/fr\/wp-json\/wp\/v2\/comments?post=17692"}],"version-history":[{"count":5,"href":"https:\/\/www.uni.lu\/fr\/wp-json\/wp\/v2\/pages\/17692\/revisions"}],"predecessor-version":[{"id":17921,"href":"https:\/\/www.uni.lu\/fr\/wp-json\/wp\/v2\/pages\/17692\/revisions\/17921"}],"up":[{"embeddable":true,"href":"https:\/\/www.uni.lu\/fr\/wp-json\/wp\/v2\/pages\/2632"}],"wp:authorship":[{"embeddable":true,"href":"https:\/\/www.uni.lu\/fr\/wp-json\/wp\/v2\/users\/58"},{"embeddable":true,"href":"https:\/\/www.uni.lu\/fr\/wp-json\/wp\/v2\/users\/324"}],"wp:attachment":[{"href":"https:\/\/www.uni.lu\/fr\/wp-json\/wp\/v2\/media?parent=17692"}],"wp:term":[{"taxonomy":"field-of-interest","embeddable":true,"href":"https:\/\/www.uni.lu\/fr\/wp-json\/wp\/v2\/field-of-interest?post=17692"},{"taxonomy":"organisation","embeddable":true,"href":"https:\/\/www.uni.lu\/fr\/wp-json\/wp\/v2\/organisation?post=17692"}],"curies":[{"name":"wp","href":"https:\/\/api.w.org\/{rel}","templated":true}]}}