{"id":16052,"date":"2025-07-31T14:59:44","date_gmt":"2025-07-31T12:59:44","guid":{"rendered":"https:\/\/www.uni.lu\/fr\/?page_id=16052"},"modified":"2025-07-31T14:59:45","modified_gmt":"2025-07-31T12:59:45","slug":"departement-des-partenariats-et-de-la-promotion","status":"publish","type":"page","link":"https:\/\/www.uni.lu\/fr\/a-propos\/organisation\/administration\/departement-des-partenariats-et-de-la-promotion\/","title":{"rendered":"D\u00e9partement des Partenariats et de la Promotion"},"content":{"rendered":"\n<section class=\"wp-block-unilux-blocks-free-section section\"><div class=\"container xl:max-w-screen-xl\">\n<h1 class=\"has-text-align-left wp-block-unilux-blocks-heading\"        id=\"departement-des-partenariats-et-de-la-promotion\"\n    >\nD\u00e9partement des Partenariats et de la Promotion<\/h1>\n\n\n\n<p>Le d\u00e9partement des Partenariats et de la Promotion de l&rsquo;Universit\u00e9 du Luxembourg s&rsquo;engage \u00e0 renforcer la pertinence et l&rsquo;impact soci\u00e9tal de l&rsquo;excellence acad\u00e9mique. Sa mission principale est de combler le foss\u00e9 entre la recherche, l&rsquo;\u00e9ducation et la soci\u00e9t\u00e9 en cultivant des collaborations strat\u00e9giques, en faisant progresser la valorisation de la recherche et en encourageant un engagement significatif avec les acteurs externes.<\/p>\n\n\n\n<p>L&rsquo;une des principaux axes de travail du d\u00e9partement consiste \u00e0 promouvoir le <strong>transfert de technologie, l&rsquo;entrepreneuriat et de l&rsquo;innovation<\/strong> comme desmoteurs essentiels du progr\u00e8s socio-\u00e9conomique. En soutenant le d\u00e9veloppement et la protection <strong>de la propri\u00e9t\u00e9 intellectuelle <\/strong>et en facilitant la cr\u00e9ation de <strong>start-ups<\/strong> et de <strong>spin-offs<\/strong>, le d\u00e9partement permet aux \u00e9tudiants, aux chercheurs et aux anciens \u00e9l\u00e8ves de transformer leurs connaissances en solutions tangibles et concr\u00e8tes, sur le plan \u00e9conomique, culturel et social.\u202f<\/p>\n\n\n\n<p>Gr\u00e2ce \u00e0 la coordination des relations ext\u00e9rieures et \u00e0 la promotion d&rsquo;une culture ax\u00e9e sur l&rsquo;impact, le d\u00e9partement vise \u00e0 positionner l&rsquo;Universit\u00e9 du Luxembourg comme une institution dynamique et connect\u00e9e au monde entier, profond\u00e9ment ancr\u00e9e dans l&rsquo;\u00e9cosyst\u00e8me luxembourgeois de l&rsquo;innovation.\u202f<\/p>\n\n\n\n<p>Les axes d\u2019action prioritaires sont les suivants :\u202f<\/p>\n\n\n\n<ul class=\"ulux-list\">\n<li class=\"ulux-list-item\">\u00c9tablir et entretenir <strong>des partenariats strat\u00e9giques<\/strong> avec des acteurs publics et priv\u00e9s afin d&rsquo;amplifier l&rsquo;impact et la port\u00e9e de l&rsquo;universit\u00e9.<\/li>\n\n\n\n<li class=\"ulux-list-item\">Soutenir et acc\u00e9l\u00e9rer les initiatives de <strong>transfert de technologie<\/strong>, y compris la gestion et la commercialisation de la propri\u00e9t\u00e9 intellectuelle.<\/li>\n\n\n\n<li class=\"ulux-list-item\">Soutenir et acc\u00e9l\u00e9rer les initiatives de transfert de technologie, y compris la gestion et la commercialisation de la propri\u00e9t\u00e9 intellectuelle.<\/li>\n\n\n\n<li class=\"ulux-list-item\">Promouvoir une culture dynamique d\u2019entrepreneuriat <strong>et d&rsquo;innovation <\/strong>au sein de la communaut\u00e9 universitaire.<\/li>\n\n\n\n<li class=\"ulux-list-item\">Faciliter la cr\u00e9ation et la croissance de <strong>start-ups<\/strong> et de <strong>spin-offs<\/strong> issues de la recherche universitaire.<\/li>\n\n\n\n<li class=\"ulux-list-item\">Contribuer aux efforts de <strong>collecte de fonds<\/strong> qui soutiennent les objectifs de l&rsquo;universit\u00e9.<\/li>\n\n\n\n<li class=\"ulux-list-item\">Renforcer et d\u00e9velopper <strong>les relations avec les anciens \u00e9l\u00e8ves<\/strong> pour construire une communaut\u00e9 durablement engag\u00e9e.<\/li>\n<\/ul>\n\n\n<div class=\"py-48 first:pt-0 last:pb-0 wp-block-unilux-blocks-people-list\">\n    \n<h2 class=\"has-text-align-left wp-block-unilux-blocks-heading\"        id=\"directeur-des-partenariats-et-de-la-promotion\"\n    >\nDirecteur des Partenariats et de la Promotion\u202f<\/h2>\n<ul class=\"flex flex-wrap -mx-16 wp-block-unilux-blocks-people-item-wrapper\">\n    <li class=\"w-full md:w-1\/2 p-16 wp-block-unilux-blocks-people-item-automated\"><div class=\"ulux-card card-people bg-theme\"><div class=\"list-people bg-theme\">\n    <div class=\"list-people__container\">\n        <div class=\"list-people__visual\">\n            <figure class=\"wp-block-dev4-reusable-blocks-image\">\n                <!-- Template Image Component: default -->\n<img decoding=\"async\" class=\"w-full\" width=\"\" height=\"\" rel=\"\" alt=\"Damien LENOBLE\" src=\"https:\/\/www.uni.lu\/en\/person-image\/NTAwMzU2MzlfX0RhbWllbiBMRU5PQkxF\" srcset=\"https:\/\/www.uni.lu\/en\/person-image\/NTAwMzU2MzlfX0RhbWllbiBMRU5PQkxF--thumbnail 150w,https:\/\/www.uni.lu\/en\/person-image\/NTAwMzU2MzlfX0RhbWllbiBMRU5PQkxF--medium 300w,https:\/\/www.uni.lu\/en\/person-image\/NTAwMzU2MzlfX0RhbWllbiBMRU5PQkxF--medium_large 768w,https:\/\/www.uni.lu\/en\/person-image\/NTAwMzU2MzlfX0RhbWllbiBMRU5PQkxF--large 1024w,https:\/\/www.uni.lu\/en\/person-image\/NTAwMzU2MzlfX0RhbWllbiBMRU5PQkxF--1536x1536 1536w,https:\/\/www.uni.lu\/en\/person-image\/NTAwMzU2MzlfX0RhbWllbiBMRU5PQkxF--2048x2048 2048w\" loading=\"lazy\" \/><!-- end Image Component -->\n            <\/figure>\n        <\/div>\n        <div class=\"list-people__body\">\n            <h3 class=\"list-people__title\">Damien LENOBLE<\/h3>\n            <p class=\"list-people__description\">Chief Partnerships and Advancement Officer<\/p>\n            <div class=\"wp-block-unilux-blocks-simple-cta wp-block-unilux-blocks-people-item-automated\">\n    <a\n        href=\"https:\/\/www.uni.lu\/en\/people\/damien-lenoble\/\"\n        title=\"Damien LENOBLE\"\n        class=\"link-text link-text--icon list-people__link link-absolute\"\n        target=\"\"\n    >\n        <span class=\"link-text__body\">\n            <span class=\"link-text__name\">Voir le profil<\/span>\n        <\/span>\n        <svg aria-hidden=\"true\" focusable=\"false\" class=\"icon icon-outline icon--arrow-right \"><use xlink:href=\"https:\/\/www.uni.lu\/wp-content\/themes\/unilux-theme\/assets\/images\/icons\/icons-outline.svg#icon--arrow-right\"><\/use><\/svg>    <\/a>\n<\/div>\n        <\/div>\n    <\/div>\n<\/div>\n<\/div><\/li><\/ul>\n\n<\/div>\n\n\n\n<div class=\"wp-block-unilux-blocks-spacer is-spacer-size-sm\"><\/div>\n\n\n<h2 class=\"has-text-align-left wp-block-unilux-blocks-heading\"        id=\"services-du-departement\"\n    >\nServices du d\u00e9partement\u202f<\/h2>\n\n\n\n<ul class=\"wp-block-unilux-blocks-quick-link-underline\">\n    \n<li class=\"wp-block-unilux-blocks-quick-link-underline-item\">\n    <a\n            href=\"https:\/\/www.uni.lu\/life-en\/alumni\/alumni-team\/\"\n            class=\"wp-block-unilux-blocks-anchor\"        target=\"\"\n>\n    \n<span class=\"hero__title__subject wp-block-unilux-blocks-plain-text\">Alumni Relations (EN)<\/span><svg aria-hidden=\"true\" focusable=\"false\" class=\"icon icon-outline icon--arrow-right \"><use xlink:href=\"https:\/\/www.uni.lu\/wp-content\/themes\/unilux-theme\/assets\/images\/icons\/icons-outline.svg#icon--arrow-right\"><\/use><\/svg><\/a>\n<\/li>\n\n<li class=\"wp-block-unilux-blocks-quick-link-underline-item\">\n    <a\n            href=\"https:\/\/www.uni.lu\/fr\/a-propos\/organisation\/administration\/bureau-du-fundraising\/\"\n            class=\"wp-block-unilux-blocks-anchor\"        target=\"\"\n>\n    \n<span class=\"hero__title__subject wp-block-unilux-blocks-plain-text\">Bureau du fundraising<\/span><svg aria-hidden=\"true\" focusable=\"false\" class=\"icon icon-outline icon--arrow-right \"><use xlink:href=\"https:\/\/www.uni.lu\/wp-content\/themes\/unilux-theme\/assets\/images\/icons\/icons-outline.svg#icon--arrow-right\"><\/use><\/svg><\/a>\n<\/li>\n\n<li class=\"wp-block-unilux-blocks-quick-link-underline-item\">\n    <a\n            href=\"https:\/\/www.uni.lu\/fr\/a-propos\/organisation\/administration\/l-incubateur-et-le-programme-d-entrepreneuriat\/\"\n            class=\"wp-block-unilux-blocks-anchor\"        target=\"\"\n>\n    \n<span class=\"hero__title__subject wp-block-unilux-blocks-plain-text\">L\u2019Incubateur et le Programme d\u2019entrepreneuriat<\/span><svg aria-hidden=\"true\" focusable=\"false\" class=\"icon icon-outline icon--arrow-right \"><use xlink:href=\"https:\/\/www.uni.lu\/wp-content\/themes\/unilux-theme\/assets\/images\/icons\/icons-outline.svg#icon--arrow-right\"><\/use><\/svg><\/a>\n<\/li>\n\n<li class=\"wp-block-unilux-blocks-quick-link-underline-item\">\n    <a\n            href=\"https:\/\/www.uni.lu\/fr\/a-propos\/organisation\/administration\/bureau-des-partenariats-du-transfert-de-connaissances-et-de-technologies\/\"\n            class=\"wp-block-unilux-blocks-anchor\"        target=\"\"\n>\n    \n<span class=\"hero__title__subject wp-block-unilux-blocks-plain-text\">Bureau des partenariats, du transfert de connaisances et de technologies (PaKTT)<\/span><svg aria-hidden=\"true\" focusable=\"false\" class=\"icon icon-outline icon--arrow-right \"><use xlink:href=\"https:\/\/www.uni.lu\/wp-content\/themes\/unilux-theme\/assets\/images\/icons\/icons-outline.svg#icon--arrow-right\"><\/use><\/svg><\/a>\n<\/li>\n<\/ul><\/div><\/section>\n","protected":false},"excerpt":{"rendered":"","protected":false},"author":44,"featured_media":0,"parent":3111,"menu_order":0,"comment_status":"closed","ping_status":"closed","template":"","meta":{"featured_image_focal_point":[],"show_featured_caption":false,"ulux_newsletter_groups":"","uluxPostTitle":"","uluxPrePostTitle":"Administration","_trash_the_other_posts":false,"_price":"","_stock":"","_tribe_ticket_header":"","_tribe_default_ticket_provider":"","_tribe_ticket_capacity":"0","_ticket_start_date":"","_ticket_end_date":"","_tribe_ticket_show_description":"","_tribe_ticket_show_not_going":false,"_tribe_ticket_use_global_stock":"","_tribe_ticket_global_stock_level":"","_global_stock_mode":"","_global_stock_cap":"","_tribe_rsvp_for_event":"","_tribe_ticket_going_count":"","_tribe_ticket_not_going_count":"","_tribe_tickets_list":"[]","_tribe_ticket_has_attendee_info_fields":false,"footnotes":""},"field-of-interest":[],"organisation":[],"authorship":[44,58,33],"acf":[],"yoast_head":"<!-- This site is optimized with the Yoast SEO Premium plugin v22.3 (Yoast SEO v22.3) - https:\/\/yoast.com\/wordpress\/plugins\/seo\/ -->\n<title>D\u00e9partement des Partenariats et de la Promotion - Universit\u00e9 du Luxembourg<\/title>\n<meta name=\"description\" content=\"Le d\u00e9partement des Partenariats et de la Promotion de l&#039;Universit\u00e9 du Luxembourg s&#039;engage \u00e0 renforcer la pertinence et l&#039;impact soci\u00e9tal de l&#039;excellence\" \/>\n<meta name=\"robots\" content=\"index, follow, max-snippet:-1, max-image-preview:large, max-video-preview:-1\" \/>\n<link rel=\"canonical\" href=\"https:\/\/www.uni.lu\/fr\/a-propos\/organisation\/administration\/departement-des-partenariats-et-de-la-promotion\/\" \/>\n<meta property=\"og:locale\" content=\"fr_FR\" \/>\n<meta property=\"og:type\" content=\"article\" \/>\n<meta property=\"og:title\" content=\"D\u00e9partement des Partenariats et de la Promotion\" \/>\n<meta property=\"og:description\" content=\"Le d\u00e9partement des Partenariats et de la Promotion de l&#039;Universit\u00e9 du Luxembourg s&#039;engage \u00e0 renforcer la pertinence et l&#039;impact soci\u00e9tal de l&#039;excellence\" \/>\n<meta property=\"og:url\" content=\"https:\/\/www.uni.lu\/fr\/a-propos\/organisation\/administration\/departement-des-partenariats-et-de-la-promotion\/\" \/>\n<meta property=\"og:site_name\" content=\"UNI FR\" \/>\n<meta property=\"article:publisher\" content=\"https:\/\/www.facebook.com\/uni.lu\" \/>\n<meta property=\"article:modified_time\" content=\"2025-07-31T12:59:45+00:00\" \/>\n<meta property=\"og:image\" content=\"https:\/\/www.uni.lu\/wp-content\/uploads\/sites\/11\/2026\/03\/03120045\/UNIV_SM-Profile_1600x1600px-scaled.jpg\" \/>\n\t<meta property=\"og:image:width\" content=\"2560\" \/>\n\t<meta property=\"og:image:height\" content=\"2560\" \/>\n\t<meta property=\"og:image:type\" content=\"image\/jpeg\" \/>\n<meta name=\"twitter:card\" content=\"summary_large_image\" \/>\n<meta name=\"twitter:label1\" content=\"Dur\u00e9e de lecture estim\u00e9e\" \/>\n\t<meta name=\"twitter:data1\" content=\"2 minutes\" \/>\n<script type=\"application\/ld+json\" class=\"yoast-schema-graph\">{\"@context\":\"https:\/\/schema.org\",\"@graph\":[{\"@type\":\"WebPage\",\"@id\":\"https:\/\/www.uni.lu\/fr\/a-propos\/organisation\/administration\/departement-des-partenariats-et-de-la-promotion\/\",\"url\":\"https:\/\/www.uni.lu\/fr\/a-propos\/organisation\/administration\/departement-des-partenariats-et-de-la-promotion\/\",\"name\":\"D\u00e9partement des Partenariats et de la Promotion - Universit\u00e9 du Luxembourg\",\"isPartOf\":{\"@id\":\"https:\/\/www.uni.lu\/fr\/#website\"},\"datePublished\":\"2025-07-31T12:59:44+00:00\",\"dateModified\":\"2025-07-31T12:59:45+00:00\",\"description\":\"Le d\u00e9partement des Partenariats et de la Promotion de l'Universit\u00e9 du Luxembourg s'engage \u00e0 renforcer la pertinence et l'impact soci\u00e9tal de l'excellence\",\"breadcrumb\":{\"@id\":\"https:\/\/www.uni.lu\/fr\/a-propos\/organisation\/administration\/departement-des-partenariats-et-de-la-promotion\/#breadcrumb\"},\"inLanguage\":\"fr-FR\",\"potentialAction\":[{\"@type\":\"ReadAction\",\"target\":[\"https:\/\/www.uni.lu\/fr\/a-propos\/organisation\/administration\/departement-des-partenariats-et-de-la-promotion\/\"]}]},{\"@type\":\"BreadcrumbList\",\"@id\":\"https:\/\/www.uni.lu\/fr\/a-propos\/organisation\/administration\/departement-des-partenariats-et-de-la-promotion\/#breadcrumb\",\"itemListElement\":[{\"@type\":\"ListItem\",\"position\":1,\"name\":\"Home\",\"item\":\"https:\/\/www.uni.lu\/fr\/\"},{\"@type\":\"ListItem\",\"position\":2,\"name\":\"\u00c0 propos\",\"item\":\"https:\/\/www.uni.lu\/fr\/a-propos\/\"},{\"@type\":\"ListItem\",\"position\":3,\"name\":\"Organisation\",\"item\":\"https:\/\/www.uni.lu\/fr\/a-propos\/organisation\/\"},{\"@type\":\"ListItem\",\"position\":4,\"name\":\"Administration\",\"item\":\"https:\/\/www.uni.lu\/fr\/a-propos\/organisation\/administration\/\"},{\"@type\":\"ListItem\",\"position\":5,\"name\":\"D\u00e9partement des Partenariats et de la Promotion\"}]},{\"@type\":\"WebSite\",\"@id\":\"https:\/\/www.uni.lu\/fr\/#website\",\"url\":\"https:\/\/www.uni.lu\/fr\/\",\"name\":\"Uni.lu\",\"description\":\"Universit\u00e9 du Luxembourg\",\"publisher\":{\"@id\":\"https:\/\/www.uni.lu\/fr\/#organization\"},\"alternateName\":\"Universit\u00e9 du Luxembourg\",\"potentialAction\":[{\"@type\":\"SearchAction\",\"target\":{\"@type\":\"EntryPoint\",\"urlTemplate\":\"https:\/\/www.uni.lu\/fr\/?s={search_term_string}\"},\"query-input\":\"required name=search_term_string\"}],\"inLanguage\":\"fr-FR\"},{\"@type\":\"Organization\",\"@id\":\"https:\/\/www.uni.lu\/fr\/#organization\",\"name\":\"Universit\u00e9 du Luxembourg\",\"alternateName\":\"Uni.lu\",\"url\":\"https:\/\/www.uni.lu\/fr\/\",\"logo\":{\"@type\":\"ImageObject\",\"inLanguage\":\"fr-FR\",\"@id\":\"https:\/\/www.uni.lu\/fr\/#\/schema\/logo\/image\/\",\"url\":\"https:\/\/www.uni.lu\/wp-content\/uploads\/sites\/11\/2026\/03\/03120045\/UNIV_SM-Profile_1600x1600px-scaled.jpg\",\"contentUrl\":\"https:\/\/www.uni.lu\/wp-content\/uploads\/sites\/11\/2026\/03\/03120045\/UNIV_SM-Profile_1600x1600px-scaled.jpg\",\"width\":2560,\"height\":2560,\"caption\":\"Universit\u00e9 du Luxembourg\"},\"image\":\"https:\/\/www.uni.lu\/wp-content\/uploads\/sites\/11\/2026\/04\/24120552\/20200609-Belval-Campus_Henri-Goergen-23.jpg\",\"sameAs\":[\"https:\/\/www.facebook.com\/uni.lu\",\"https:\/\/www.linkedin.com\/school\/university-of-luxembourg\/\",\"https:\/\/www.instagram.com\/uni.lu\",\"https:\/\/www.youtube.com\/@uni_lu\",\"https:\/\/en.wikipedia.org\/wiki\/University_of_Luxembourg\"],\"email\":\"communication@uni.lu\",\"telephone\":\"+352 46 66 44 1\",\"address\":{\"@type\":\"PostalAddress\",\"streetAddress\":\"2, place de l\u2019Universit\u00e9\",\"addressLocality\":\"Esch-sur-Alzette\",\"postalCode\":\"4365\",\"addressCountry\":\"LU\"},\"description\":\"Universit\u00e9 du Luxembourg\"}]}<\/script>\n<!-- \/ Yoast SEO Premium plugin. -->","yoast_head_json":{"title":"D\u00e9partement des Partenariats et de la Promotion - Universit\u00e9 du Luxembourg","description":"Le d\u00e9partement des Partenariats et de la Promotion de l'Universit\u00e9 du Luxembourg s'engage \u00e0 renforcer la pertinence et l'impact soci\u00e9tal de l'excellence","robots":{"index":"index","follow":"follow","max-snippet":"max-snippet:-1","max-image-preview":"max-image-preview:large","max-video-preview":"max-video-preview:-1"},"canonical":"https:\/\/www.uni.lu\/fr\/a-propos\/organisation\/administration\/departement-des-partenariats-et-de-la-promotion\/","og_locale":"fr_FR","og_type":"article","og_title":"D\u00e9partement des Partenariats et de la Promotion","og_description":"Le d\u00e9partement des Partenariats et de la Promotion de l'Universit\u00e9 du Luxembourg s'engage \u00e0 renforcer la pertinence et l'impact soci\u00e9tal de l'excellence","og_url":"https:\/\/www.uni.lu\/fr\/a-propos\/organisation\/administration\/departement-des-partenariats-et-de-la-promotion\/","og_site_name":"UNI FR","article_publisher":"https:\/\/www.facebook.com\/uni.lu","article_modified_time":"2025-07-31T12:59:45+00:00","og_image":[{"width":2560,"height":2560,"url":"https:\/\/www.uni.lu\/wp-content\/uploads\/sites\/11\/2026\/03\/03120045\/UNIV_SM-Profile_1600x1600px-scaled.jpg","type":"image\/jpeg"}],"twitter_card":"summary_large_image","twitter_misc":{"Dur\u00e9e de lecture estim\u00e9e":"2 minutes"},"schema":{"@context":"https:\/\/schema.org","@graph":[{"@type":"WebPage","@id":"https:\/\/www.uni.lu\/fr\/a-propos\/organisation\/administration\/departement-des-partenariats-et-de-la-promotion\/","url":"https:\/\/www.uni.lu\/fr\/a-propos\/organisation\/administration\/departement-des-partenariats-et-de-la-promotion\/","name":"D\u00e9partement des Partenariats et de la Promotion - Universit\u00e9 du Luxembourg","isPartOf":{"@id":"https:\/\/www.uni.lu\/fr\/#website"},"datePublished":"2025-07-31T12:59:44+00:00","dateModified":"2025-07-31T12:59:45+00:00","description":"Le d\u00e9partement des Partenariats et de la Promotion de l'Universit\u00e9 du Luxembourg s'engage \u00e0 renforcer la pertinence et l'impact soci\u00e9tal de l'excellence","breadcrumb":{"@id":"https:\/\/www.uni.lu\/fr\/a-propos\/organisation\/administration\/departement-des-partenariats-et-de-la-promotion\/#breadcrumb"},"inLanguage":"fr-FR","potentialAction":[{"@type":"ReadAction","target":["https:\/\/www.uni.lu\/fr\/a-propos\/organisation\/administration\/departement-des-partenariats-et-de-la-promotion\/"]}]},{"@type":"BreadcrumbList","@id":"https:\/\/www.uni.lu\/fr\/a-propos\/organisation\/administration\/departement-des-partenariats-et-de-la-promotion\/#breadcrumb","itemListElement":[{"@type":"ListItem","position":1,"name":"Home","item":"https:\/\/www.uni.lu\/fr\/"},{"@type":"ListItem","position":2,"name":"\u00c0 propos","item":"https:\/\/www.uni.lu\/fr\/a-propos\/"},{"@type":"ListItem","position":3,"name":"Organisation","item":"https:\/\/www.uni.lu\/fr\/a-propos\/organisation\/"},{"@type":"ListItem","position":4,"name":"Administration","item":"https:\/\/www.uni.lu\/fr\/a-propos\/organisation\/administration\/"},{"@type":"ListItem","position":5,"name":"D\u00e9partement des Partenariats et de la Promotion"}]},{"@type":"WebSite","@id":"https:\/\/www.uni.lu\/fr\/#website","url":"https:\/\/www.uni.lu\/fr\/","name":"Uni.lu","description":"Universit\u00e9 du Luxembourg","publisher":{"@id":"https:\/\/www.uni.lu\/fr\/#organization"},"alternateName":"Universit\u00e9 du Luxembourg","potentialAction":[{"@type":"SearchAction","target":{"@type":"EntryPoint","urlTemplate":"https:\/\/www.uni.lu\/fr\/?s={search_term_string}"},"query-input":"required name=search_term_string"}],"inLanguage":"fr-FR"},{"@type":"Organization","@id":"https:\/\/www.uni.lu\/fr\/#organization","name":"Universit\u00e9 du Luxembourg","alternateName":"Uni.lu","url":"https:\/\/www.uni.lu\/fr\/","logo":{"@type":"ImageObject","inLanguage":"fr-FR","@id":"https:\/\/www.uni.lu\/fr\/#\/schema\/logo\/image\/","url":"https:\/\/www.uni.lu\/wp-content\/uploads\/sites\/11\/2026\/03\/03120045\/UNIV_SM-Profile_1600x1600px-scaled.jpg","contentUrl":"https:\/\/www.uni.lu\/wp-content\/uploads\/sites\/11\/2026\/03\/03120045\/UNIV_SM-Profile_1600x1600px-scaled.jpg","width":2560,"height":2560,"caption":"Universit\u00e9 du Luxembourg"},"image":"https:\/\/www.uni.lu\/wp-content\/uploads\/sites\/11\/2026\/04\/24120552\/20200609-Belval-Campus_Henri-Goergen-23.jpg","sameAs":["https:\/\/www.facebook.com\/uni.lu","https:\/\/www.linkedin.com\/school\/university-of-luxembourg\/","https:\/\/www.instagram.com\/uni.lu","https:\/\/www.youtube.com\/@uni_lu","https:\/\/en.wikipedia.org\/wiki\/University_of_Luxembourg"],"email":"communication@uni.lu","telephone":"+352 46 66 44 1","address":{"@type":"PostalAddress","streetAddress":"2, place de l\u2019Universit\u00e9","addressLocality":"Esch-sur-Alzette","postalCode":"4365","addressCountry":"LU"},"description":"Universit\u00e9 du Luxembourg"}]}},"ticketed":false,"_links":{"self":[{"href":"https:\/\/www.uni.lu\/fr\/wp-json\/wp\/v2\/pages\/16052"}],"collection":[{"href":"https:\/\/www.uni.lu\/fr\/wp-json\/wp\/v2\/pages"}],"about":[{"href":"https:\/\/www.uni.lu\/fr\/wp-json\/wp\/v2\/types\/page"}],"author":[{"embeddable":true,"href":"https:\/\/www.uni.lu\/fr\/wp-json\/wp\/v2\/users\/44"}],"replies":[{"embeddable":true,"href":"https:\/\/www.uni.lu\/fr\/wp-json\/wp\/v2\/comments?post=16052"}],"version-history":[{"count":1,"href":"https:\/\/www.uni.lu\/fr\/wp-json\/wp\/v2\/pages\/16052\/revisions"}],"predecessor-version":[{"id":16053,"href":"https:\/\/www.uni.lu\/fr\/wp-json\/wp\/v2\/pages\/16052\/revisions\/16053"}],"up":[{"embeddable":true,"href":"https:\/\/www.uni.lu\/fr\/wp-json\/wp\/v2\/pages\/3111"}],"wp:authorship":[{"embeddable":true,"href":"https:\/\/www.uni.lu\/fr\/wp-json\/wp\/v2\/users\/44"},{"embeddable":true,"href":"https:\/\/www.uni.lu\/fr\/wp-json\/wp\/v2\/users\/58"},{"embeddable":true,"href":"https:\/\/www.uni.lu\/fr\/wp-json\/wp\/v2\/users\/33"}],"wp:attachment":[{"href":"https:\/\/www.uni.lu\/fr\/wp-json\/wp\/v2\/media?parent=16052"}],"wp:term":[{"taxonomy":"field-of-interest","embeddable":true,"href":"https:\/\/www.uni.lu\/fr\/wp-json\/wp\/v2\/field-of-interest?post=16052"},{"taxonomy":"organisation","embeddable":true,"href":"https:\/\/www.uni.lu\/fr\/wp-json\/wp\/v2\/organisation?post=16052"}],"curies":[{"name":"wp","href":"https:\/\/api.w.org\/{rel}","templated":true}]}}