{"id":15924,"date":"2025-07-17T11:21:15","date_gmt":"2025-07-17T09:21:15","guid":{"rendered":"https:\/\/www.uni.lu\/fr\/?page_id=15924"},"modified":"2026-04-08T11:52:24","modified_gmt":"2026-04-08T09:52:24","slug":"error-404","status":"publish","type":"page","link":"https:\/\/www.uni.lu\/fr\/error-404\/","title":{"rendered":"Erreur 404"},"content":{"rendered":"\n<section class=\"py-0 wp-block-unilux-blocks-free-section section\"><div class=\"container xl:max-w-screen-xl\">\n<div class=\"wp-block-columns mx-auto w-full md:w-1\/2 is-layout-flex wp-block-columns-is-layout-flex\">\n<div class=\"wp-block-column is-layout-flow wp-block-column-is-layout-flow\" style=\"flex-basis:100%\"><figure class=\"wp-block-dev4-reusable-blocks-image  object-fit--contain\">\n    \n<img decoding=\"async\" class=\"wp-block-image unilux-custom-image-block\"\n                alt=\"\"\n            src=\"https:\/\/www.uni.lu\/wp-content\/uploads\/sites\/11\/2026\/04\/08113648\/404-visual-2026.png\"\n                srcset=\"https:\/\/www.uni.lu\/wp-content\/uploads\/sites\/11\/2026\/04\/08113648\/404-visual-2026-300x166.png 300w, https:\/\/www.uni.lu\/wp-content\/uploads\/sites\/11\/2026\/04\/08113648\/404-visual-2026-1024x567.png 1024w, https:\/\/www.uni.lu\/wp-content\/uploads\/sites\/11\/2026\/04\/08113648\/404-visual-2026-768x425.png 768w, https:\/\/www.uni.lu\/wp-content\/uploads\/sites\/11\/2026\/04\/08113648\/404-visual-2026-1536x850.png 1536w, https:\/\/www.uni.lu\/wp-content\/uploads\/sites\/11\/2026\/04\/08113648\/404-visual-2026.png 2048w\"\n                style=\"object-position: 50.00% 50.00%; font-family: &quot;object-fit: contain; object-position: 50.00% 50.00%;&quot;; aspect-ratio: 3\/2; object-fit: contain; width: 100%;\"\n        loading=\"lazy\"\n\/>    <\/figure><\/div>\n<\/div>\n\n\n\n<h1 class=\"has-text-align-left wp-block-unilux-blocks-heading\"        id=\"cette-page-est-introuvable\"\n    >\nCette page est introuvable.<\/h1>\n\n\n\n<p>Nous sommes d\u00e9sol\u00e9s, la page que vous avez demand\u00e9e n&rsquo;existe pas ou a \u00e9t\u00e9 d\u00e9plac\u00e9e. Voici ce que vous pouvez faire :<\/p>\n\n\n\n<ul class=\"ulux-list\">\n<li class=\"ulux-list-item\">D\u00e9couvrez nos <a href=\"https:\/\/www.uni.lu\/fr\/etudes\/vue-d-ensemble-des-programmes-d-etudes\/\">p<\/a><a href=\"https:\/\/www.uni.lu\/research-fr\/etudes-doctorales\/\">rogrammes d&rsquo;\u00e9tudes<\/a> et notre <a href=\"https:\/\/www.deepl.com\/research-en\/doctoral-education\/\">formation doctorale<\/a>.<\/li>\n\n\n\n<li class=\"ulux-list-item\">Apprenez-en davantage sur <a href=\"https:\/\/www.uni.lu\/en\/search\/?sq_post_types=research-areas\">nos domaines de recherche et nos publications<\/a>.<\/li>\n\n\n\n<li class=\"ulux-list-item\">Recherchez un contenu sp\u00e9cifique ou un membre du personnel \u00e0 l&rsquo;aide du <a href=\"https:\/\/www.uni.lu\/en\/search\/?sq_post_types=people\">moteur de recherche interne<\/a>.<\/li>\n\n\n\n<li class=\"ulux-list-item\">Consultez nos <a href=\"https:\/\/recruitment.uni.lu\/\">offres d&#8217;emploi<\/a>.<\/li>\n\n\n\n<li class=\"ulux-list-item\">Ou&#8230;<\/li>\n<\/ul>\n\n\n\n<ul class=\"wp-block-unilux-blocks-custom-buttons btn-list\"><li class=\"wp-block-unilux-blocks-custom-button\"    aria-disabled=\"false\"\n    >\n    <a\n        role=\"link\"\n        aria-disabled=\"false\"\n                    href=\"https:\/\/www.uni.lu\/fr\/\"\n                target=\"_self\"\n        class=\"btn btn--primary\"\n            >Aller \u00e0 la page d&rsquo;accueil<\/a>\n<\/li>\n<\/ul>\n<\/div><\/section>\n","protected":false},"excerpt":{"rendered":"","protected":false},"author":315,"featured_media":0,"parent":0,"menu_order":0,"comment_status":"closed","ping_status":"closed","template":"","meta":{"featured_image_focal_point":[],"show_featured_caption":false,"ulux_newsletter_groups":"","uluxPostTitle":"","uluxPrePostTitle":"","_trash_the_other_posts":false,"_price":"","_stock":"","_tribe_ticket_header":"","_tribe_default_ticket_provider":"","_tribe_ticket_capacity":"0","_ticket_start_date":"","_ticket_end_date":"","_tribe_ticket_show_description":"","_tribe_ticket_show_not_going":false,"_tribe_ticket_use_global_stock":"","_tribe_ticket_global_stock_level":"","_global_stock_mode":"","_global_stock_cap":"","_tribe_rsvp_for_event":"","_tribe_ticket_going_count":"","_tribe_ticket_not_going_count":"","_tribe_tickets_list":"[]","_tribe_ticket_has_attendee_info_fields":false,"footnotes":""},"field-of-interest":[],"organisation":[],"authorship":[315],"acf":[],"yoast_head":"<!-- This site is optimized with the Yoast SEO Premium plugin v22.3 (Yoast SEO v22.3) - https:\/\/yoast.com\/wordpress\/plugins\/seo\/ -->\n<title>Erreur 404 - Universit\u00e9 du Luxembourg<\/title>\n<meta name=\"description\" content=\"Nous sommes d\u00e9sol\u00e9s, la page que vous avez demand\u00e9e n&#039;existe pas ou a \u00e9t\u00e9 d\u00e9plac\u00e9e. Voici ce que vous pouvez faire : D\u00e9couvrez nos programmes d&#039;\u00e9tudes et\" \/>\n<meta name=\"robots\" content=\"index, follow, max-snippet:-1, max-image-preview:large, max-video-preview:-1\" \/>\n<link rel=\"canonical\" href=\"https:\/\/www.uni.lu\/fr\/error-404\/\" \/>\n<meta property=\"og:locale\" content=\"fr_FR\" \/>\n<meta property=\"og:type\" content=\"article\" \/>\n<meta property=\"og:title\" content=\"Erreur 404\" \/>\n<meta property=\"og:description\" content=\"Nous sommes d\u00e9sol\u00e9s, la page que vous avez demand\u00e9e n&#039;existe pas ou a \u00e9t\u00e9 d\u00e9plac\u00e9e. Voici ce que vous pouvez faire : D\u00e9couvrez nos programmes d&#039;\u00e9tudes et\" \/>\n<meta property=\"og:url\" content=\"https:\/\/www.uni.lu\/fr\/error-404\/\" \/>\n<meta property=\"og:site_name\" content=\"UNI FR\" \/>\n<meta property=\"article:publisher\" content=\"https:\/\/www.facebook.com\/uni.lu\" \/>\n<meta property=\"article:modified_time\" content=\"2026-04-08T09:52:24+00:00\" \/>\n<meta property=\"og:image\" content=\"https:\/\/www.uni.lu\/wp-content\/uploads\/sites\/11\/2026\/03\/03120045\/UNIV_SM-Profile_1600x1600px-scaled.jpg\" \/>\n\t<meta property=\"og:image:width\" content=\"2560\" \/>\n\t<meta property=\"og:image:height\" content=\"2560\" \/>\n\t<meta property=\"og:image:type\" content=\"image\/jpeg\" \/>\n<meta name=\"twitter:card\" content=\"summary_large_image\" \/>\n<meta name=\"twitter:label1\" content=\"Dur\u00e9e de lecture estim\u00e9e\" \/>\n\t<meta name=\"twitter:data1\" content=\"1 minute\" \/>\n<script type=\"application\/ld+json\" class=\"yoast-schema-graph\">{\"@context\":\"https:\/\/schema.org\",\"@graph\":[{\"@type\":\"WebPage\",\"@id\":\"https:\/\/www.uni.lu\/fr\/error-404\/\",\"url\":\"https:\/\/www.uni.lu\/fr\/error-404\/\",\"name\":\"Erreur 404 - Universit\u00e9 du Luxembourg\",\"isPartOf\":{\"@id\":\"https:\/\/www.uni.lu\/fr\/#website\"},\"datePublished\":\"2025-07-17T09:21:15+00:00\",\"dateModified\":\"2026-04-08T09:52:24+00:00\",\"description\":\"Nous sommes d\u00e9sol\u00e9s, la page que vous avez demand\u00e9e n'existe pas ou a \u00e9t\u00e9 d\u00e9plac\u00e9e. Voici ce que vous pouvez faire : D\u00e9couvrez nos programmes d'\u00e9tudes et\",\"breadcrumb\":{\"@id\":\"https:\/\/www.uni.lu\/fr\/error-404\/#breadcrumb\"},\"inLanguage\":\"fr-FR\",\"potentialAction\":[{\"@type\":\"ReadAction\",\"target\":[\"https:\/\/www.uni.lu\/fr\/error-404\/\"]}]},{\"@type\":\"BreadcrumbList\",\"@id\":\"https:\/\/www.uni.lu\/fr\/error-404\/#breadcrumb\",\"itemListElement\":[{\"@type\":\"ListItem\",\"position\":1,\"name\":\"Home\",\"item\":\"https:\/\/www.uni.lu\/fr\/\"},{\"@type\":\"ListItem\",\"position\":2,\"name\":\"Erreur 404\"}]},{\"@type\":\"WebSite\",\"@id\":\"https:\/\/www.uni.lu\/fr\/#website\",\"url\":\"https:\/\/www.uni.lu\/fr\/\",\"name\":\"Uni.lu\",\"description\":\"Universit\u00e9 du Luxembourg\",\"publisher\":{\"@id\":\"https:\/\/www.uni.lu\/fr\/#organization\"},\"alternateName\":\"Universit\u00e9 du Luxembourg\",\"potentialAction\":[{\"@type\":\"SearchAction\",\"target\":{\"@type\":\"EntryPoint\",\"urlTemplate\":\"https:\/\/www.uni.lu\/fr\/?s={search_term_string}\"},\"query-input\":\"required name=search_term_string\"}],\"inLanguage\":\"fr-FR\"},{\"@type\":\"Organization\",\"@id\":\"https:\/\/www.uni.lu\/fr\/#organization\",\"name\":\"Universit\u00e9 du Luxembourg\",\"alternateName\":\"Uni.lu\",\"url\":\"https:\/\/www.uni.lu\/fr\/\",\"logo\":{\"@type\":\"ImageObject\",\"inLanguage\":\"fr-FR\",\"@id\":\"https:\/\/www.uni.lu\/fr\/#\/schema\/logo\/image\/\",\"url\":\"https:\/\/www.uni.lu\/wp-content\/uploads\/sites\/11\/2026\/03\/03120045\/UNIV_SM-Profile_1600x1600px-scaled.jpg\",\"contentUrl\":\"https:\/\/www.uni.lu\/wp-content\/uploads\/sites\/11\/2026\/03\/03120045\/UNIV_SM-Profile_1600x1600px-scaled.jpg\",\"width\":2560,\"height\":2560,\"caption\":\"Universit\u00e9 du Luxembourg\"},\"image\":{\"@id\":\"https:\/\/www.uni.lu\/fr\/#\/schema\/logo\/image\/\"},\"sameAs\":[\"https:\/\/www.facebook.com\/uni.lu\",\"https:\/\/www.linkedin.com\/school\/university-of-luxembourg\/\",\"https:\/\/www.instagram.com\/uni.lu\",\"https:\/\/www.youtube.com\/@uni_lu\",\"https:\/\/en.wikipedia.org\/wiki\/University_of_Luxembourg\"]}]}<\/script>\n<!-- \/ Yoast SEO Premium plugin. -->","yoast_head_json":{"title":"Erreur 404 - Universit\u00e9 du Luxembourg","description":"Nous sommes d\u00e9sol\u00e9s, la page que vous avez demand\u00e9e n'existe pas ou a \u00e9t\u00e9 d\u00e9plac\u00e9e. Voici ce que vous pouvez faire : D\u00e9couvrez nos programmes d'\u00e9tudes et","robots":{"index":"index","follow":"follow","max-snippet":"max-snippet:-1","max-image-preview":"max-image-preview:large","max-video-preview":"max-video-preview:-1"},"canonical":"https:\/\/www.uni.lu\/fr\/error-404\/","og_locale":"fr_FR","og_type":"article","og_title":"Erreur 404","og_description":"Nous sommes d\u00e9sol\u00e9s, la page que vous avez demand\u00e9e n'existe pas ou a \u00e9t\u00e9 d\u00e9plac\u00e9e. Voici ce que vous pouvez faire : D\u00e9couvrez nos programmes d'\u00e9tudes et","og_url":"https:\/\/www.uni.lu\/fr\/error-404\/","og_site_name":"UNI FR","article_publisher":"https:\/\/www.facebook.com\/uni.lu","article_modified_time":"2026-04-08T09:52:24+00:00","og_image":[{"width":2560,"height":2560,"url":"https:\/\/www.uni.lu\/wp-content\/uploads\/sites\/11\/2026\/03\/03120045\/UNIV_SM-Profile_1600x1600px-scaled.jpg","type":"image\/jpeg"}],"twitter_card":"summary_large_image","twitter_misc":{"Dur\u00e9e de lecture estim\u00e9e":"1 minute"},"schema":{"@context":"https:\/\/schema.org","@graph":[{"@type":"WebPage","@id":"https:\/\/www.uni.lu\/fr\/error-404\/","url":"https:\/\/www.uni.lu\/fr\/error-404\/","name":"Erreur 404 - Universit\u00e9 du Luxembourg","isPartOf":{"@id":"https:\/\/www.uni.lu\/fr\/#website"},"datePublished":"2025-07-17T09:21:15+00:00","dateModified":"2026-04-08T09:52:24+00:00","description":"Nous sommes d\u00e9sol\u00e9s, la page que vous avez demand\u00e9e n'existe pas ou a \u00e9t\u00e9 d\u00e9plac\u00e9e. Voici ce que vous pouvez faire : D\u00e9couvrez nos programmes d'\u00e9tudes et","breadcrumb":{"@id":"https:\/\/www.uni.lu\/fr\/error-404\/#breadcrumb"},"inLanguage":"fr-FR","potentialAction":[{"@type":"ReadAction","target":["https:\/\/www.uni.lu\/fr\/error-404\/"]}]},{"@type":"BreadcrumbList","@id":"https:\/\/www.uni.lu\/fr\/error-404\/#breadcrumb","itemListElement":[{"@type":"ListItem","position":1,"name":"Home","item":"https:\/\/www.uni.lu\/fr\/"},{"@type":"ListItem","position":2,"name":"Erreur 404"}]},{"@type":"WebSite","@id":"https:\/\/www.uni.lu\/fr\/#website","url":"https:\/\/www.uni.lu\/fr\/","name":"Uni.lu","description":"Universit\u00e9 du Luxembourg","publisher":{"@id":"https:\/\/www.uni.lu\/fr\/#organization"},"alternateName":"Universit\u00e9 du Luxembourg","potentialAction":[{"@type":"SearchAction","target":{"@type":"EntryPoint","urlTemplate":"https:\/\/www.uni.lu\/fr\/?s={search_term_string}"},"query-input":"required name=search_term_string"}],"inLanguage":"fr-FR"},{"@type":"Organization","@id":"https:\/\/www.uni.lu\/fr\/#organization","name":"Universit\u00e9 du Luxembourg","alternateName":"Uni.lu","url":"https:\/\/www.uni.lu\/fr\/","logo":{"@type":"ImageObject","inLanguage":"fr-FR","@id":"https:\/\/www.uni.lu\/fr\/#\/schema\/logo\/image\/","url":"https:\/\/www.uni.lu\/wp-content\/uploads\/sites\/11\/2026\/03\/03120045\/UNIV_SM-Profile_1600x1600px-scaled.jpg","contentUrl":"https:\/\/www.uni.lu\/wp-content\/uploads\/sites\/11\/2026\/03\/03120045\/UNIV_SM-Profile_1600x1600px-scaled.jpg","width":2560,"height":2560,"caption":"Universit\u00e9 du Luxembourg"},"image":{"@id":"https:\/\/www.uni.lu\/fr\/#\/schema\/logo\/image\/"},"sameAs":["https:\/\/www.facebook.com\/uni.lu","https:\/\/www.linkedin.com\/school\/university-of-luxembourg\/","https:\/\/www.instagram.com\/uni.lu","https:\/\/www.youtube.com\/@uni_lu","https:\/\/en.wikipedia.org\/wiki\/University_of_Luxembourg"]}]}},"ticketed":false,"_links":{"self":[{"href":"https:\/\/www.uni.lu\/fr\/wp-json\/wp\/v2\/pages\/15924"}],"collection":[{"href":"https:\/\/www.uni.lu\/fr\/wp-json\/wp\/v2\/pages"}],"about":[{"href":"https:\/\/www.uni.lu\/fr\/wp-json\/wp\/v2\/types\/page"}],"author":[{"embeddable":true,"href":"https:\/\/www.uni.lu\/fr\/wp-json\/wp\/v2\/users\/315"}],"replies":[{"embeddable":true,"href":"https:\/\/www.uni.lu\/fr\/wp-json\/wp\/v2\/comments?post=15924"}],"version-history":[{"count":5,"href":"https:\/\/www.uni.lu\/fr\/wp-json\/wp\/v2\/pages\/15924\/revisions"}],"predecessor-version":[{"id":19356,"href":"https:\/\/www.uni.lu\/fr\/wp-json\/wp\/v2\/pages\/15924\/revisions\/19356"}],"wp:authorship":[{"embeddable":true,"href":"https:\/\/www.uni.lu\/fr\/wp-json\/wp\/v2\/users\/315"}],"wp:attachment":[{"href":"https:\/\/www.uni.lu\/fr\/wp-json\/wp\/v2\/media?parent=15924"}],"wp:term":[{"taxonomy":"field-of-interest","embeddable":true,"href":"https:\/\/www.uni.lu\/fr\/wp-json\/wp\/v2\/field-of-interest?post=15924"},{"taxonomy":"organisation","embeddable":true,"href":"https:\/\/www.uni.lu\/fr\/wp-json\/wp\/v2\/organisation?post=15924"}],"curies":[{"name":"wp","href":"https:\/\/api.w.org\/{rel}","templated":true}]}}