{"id":14291,"date":"2025-02-24T16:21:15","date_gmt":"2025-02-24T15:21:15","guid":{"rendered":"https:\/\/www.uni.lu\/fr\/?page_id=14291"},"modified":"2025-03-04T12:04:46","modified_gmt":"2025-03-04T11:04:46","slug":"bureau-de-la-securite-de-l-information-bsi","status":"publish","type":"page","link":"https:\/\/www.uni.lu\/fr\/a-propos\/organisation\/administration\/bureau-de-la-securite-de-l-information-bsi\/","title":{"rendered":"Bureau de la s\u00e9curit\u00e9 de l\u2019information (BSI)"},"content":{"rendered":"\n<section class=\"py-0 wp-block-unilux-blocks-free-section section\"><div class=\"container xl:max-w-screen-xl\">\n<h2 class=\"has-text-align-left wp-block-unilux-blocks-heading\"        id=\"bureau-de-la-securite-de-linformation-bsi\"\n    >\nBureau de la s\u00e9curit\u00e9 de l\u2019information (BSI)<\/h2>\n<\/div><\/section>\n\n\n\n<section class=\"wp-block-unilux-blocks-free-section section\"><div class=\"container xl:max-w-screen-xl\">\n<p>Le Bureau de la s\u00e9curit\u00e9 de l&rsquo;information (BSI) a pour mission de prot\u00e9ger les actifs informationnels de l&rsquo;universit\u00e9 en veillant \u00e0 ce que la gouvernance de la cybers\u00e9curit\u00e9 soit conforme aux derni\u00e8res exigences r\u00e9glementaires et aux meilleures pratiques de l&rsquo;industrie. Notre mission est de prot\u00e9ger la confidentialit\u00e9, l&rsquo;int\u00e9grit\u00e9 et la disponibilit\u00e9 des informations de l&rsquo;universit\u00e9, en favorisant un environnement num\u00e9rique s\u00e9curis\u00e9 et r\u00e9silient pour les \u00e9tudiants, le corps enseignant et le personnel.<\/p>\n\n\n\n<h2 class=\"has-text-align-left wp-block-unilux-blocks-heading\"        id=\"principales-responsabilites\"\n    >\nPrincipales responsabilit\u00e9s<\/h2>\n\n\n\n<p>Le BSI joue un r\u00f4le essentiel dans la gestion et l&rsquo;att\u00e9nuation des risques li\u00e9s \u00e0 la cybers\u00e9curit\u00e9 dans l&rsquo;ensemble de l&rsquo;universit\u00e9. Nos principales fonctions sont les suivantes<\/p>\n\n\n\n<ul class=\"ulux-list\">\n<li class=\"ulux-list-item\"><strong>\u00c9laboration et mise en \u0153uvre de proc\u00e9dures<\/strong> : \u00e9tablir et appliquer des proc\u00e9dures de s\u00e9curit\u00e9 pour prot\u00e9ger les donn\u00e9es institutionnelles.<\/li>\n\n\n\n<li class=\"ulux-list-item\"><strong>R\u00e9ponse aux incidents et prise de d\u00e9cision<\/strong> : traiter rapidement les failles de s\u00e9curit\u00e9 afin d&rsquo;en minimiser l&rsquo;impact.<\/li>\n\n\n\n<li class=\"ulux-list-item\"><strong>Gestion des risques li\u00e9s \u00e0 la s\u00e9curit\u00e9 de l&rsquo;information <\/strong>: identifier et r\u00e9duire les menaces potentielles pesant sur l&rsquo;infrastructure num\u00e9rique de l&rsquo;universit\u00e9.<\/li>\n\n\n\n<li class=\"ulux-list-item\"><strong>Formation et sensibilisation<\/strong> : sensibiliser la communaut\u00e9 universitaire aux meilleures pratiques en mati\u00e8re de cybers\u00e9curit\u00e9.<\/li>\n\n\n\n<li class=\"ulux-list-item\"><strong>Conformit\u00e9 et audit<\/strong> : garantir le respect des normes r\u00e9glementaires et des cadres de s\u00e9curit\u00e9.<\/li>\n\n\n\n<li class=\"ulux-list-item\"><strong>Surveillance et rapports<\/strong> : \u00e9valuation continue des mesures de s\u00e9curit\u00e9 et rapports sur les risques et les am\u00e9liorations.<\/li>\n<\/ul>\n\n\n<div class=\"wp-block-unilux-blocks-spacer is-spacer-size-md\"><\/div>\n\n\n<h2 class=\"has-text-align-left wp-block-unilux-blocks-heading\"        id=\"leadership-et-gouvernance\"\n    >\nLeadership et gouvernance<\/h2>\n\n\n\n<p>Le responsable de la s\u00e9curit\u00e9 de l&rsquo;information (CISO) supervise la strat\u00e9gie de cybers\u00e9curit\u00e9 de l&rsquo;Universit\u00e9, en assurant une protection solide contre les menaces en constante \u00e9volution. Plac\u00e9 sous l&rsquo;autorit\u00e9 directe du recteur, le CISO constitue une deuxi\u00e8me ligne de d\u00e9fense essentielle, comme le recommandent les principaux r\u00e9f\u00e9renciels de s\u00e9curit\u00e9.<\/p>\n\n\n\n<p>La collaboration est la cl\u00e9 de notre succ\u00e8s. Le BSI travaille en \u00e9troite collaboration avec les parties prenantes internes, notamment le <a href=\"https:\/\/www.uni.lu\/fr\/a-propos\/organisation\/administration\/service-informatique-de-l-universite\/\">Service informatique de l&rsquo;Universit\u00e9 (SIU)<\/a> et le <a href=\"https:\/\/www.uni.lu\/fr\/a-propos\/organisation\/administration\/protection-des-donnees\/\">Bureau de la protection des donn\u00e9es<\/a>, afin de coordonner les initiatives en mati\u00e8re de s\u00e9curit\u00e9 et de maintenir la position de l&rsquo;Universit\u00e9 en mati\u00e8re de cybers\u00e9curit\u00e9.<\/p>\n\n\n<div class=\"flex flex-wrap -mx-16  wp-block-unilux-blocks-highlighted-person-list\">\n    <div class=\"w-full md:w-1\/2 px-16  wp-block-unilux-blocks-highlighted-person-list-item\">\n    \n<h3 class=\"has-text-align-left wp-block-unilux-blocks-heading\"    >\n<\/h3>\n\n<div class=\"wp-block-unilux-blocks-wrapper list-people bg-theme\">\n<div class=\"wp-block-unilux-blocks-wrapper list-people__container\">\n<div class=\"wp-block-unilux-blocks-wrapper list-people__visual\"><figure class=\"wp-block-dev4-reusable-blocks-image w-full object-fit--cover\">\n    \n<img decoding=\"async\" class=\"wp-block-image unilux-custom-image-block\"\n                alt=\"\"\n            src=\"https:\/\/www.uni.lu\/wp-content\/uploads\/sites\/9\/2025\/02\/weber.jpg\"\n                    style=\"object-position: 50.00% 50.00%; font-family: &quot;object-fit: cover; object-position: 50.00% 50.00%;&quot;; aspect-ratio: 1\/1; object-fit: cover; width: 100%;\"\n        loading=\"lazy\"\n\/>    <\/figure><\/div>\n\n\n\n<div class=\"wp-block-unilux-blocks-wrapper list-people__body\">\n<h5 class=\"list-people__title has-text-align-left wp-block-unilux-blocks-heading\"        id=\"laurent-weber\"\n    >\nLaurent Weber<\/h5>\n\n\n\n<p class=\"list-people__description wp-block-unilux-blocks-plain-text\">Chief Information Security Officer<\/p>\n\n<div class=\"wp-block-unilux-blocks-simple-cta\">\n    <a\n        href=\"https:\/\/www.uni.lu\/en\/people\/laurent-weber\/\"\n        title=\"Learn More\"\n        class=\"link-text link-text--icon \"\n        target=\"\"\n    >\n        <span class=\"link-text__body\">\n            <span class=\"link-text__name\">Voir son profil<\/span>\n        <\/span>\n        <svg aria-hidden=\"true\" focusable=\"false\" class=\"icon icon-outline icon--arrow-right \"><use xlink:href=\"https:\/\/www.uni.lu\/wp-content\/themes\/unilux-theme\/assets\/images\/icons\/icons-outline.svg#icon--arrow-right\"><\/use><\/svg>    <\/a>\n<\/div>\n<\/div>\n<\/div>\n<\/div>\n<\/div><\/div>\n\n<div class=\"wp-block-unilux-blocks-spacer is-spacer-size-md\"><\/div>\n\n\n<h2 class=\"has-text-align-left wp-block-unilux-blocks-heading\"        id=\"concevoir-la-securite-a-lechelle-de-luniversite\"\n    >\nConcevoir la s\u00e9curit\u00e9 \u00e0 l&rsquo;\u00e9chelle de l&rsquo;universit\u00e9<\/h2>\n\n\n\n<p>Consciente que les diff\u00e9rents d\u00e9partements, facult\u00e9s et centres de recherche ont des besoins uniques en mati\u00e8re de s\u00e9curit\u00e9, la strat\u00e9gie de s\u00e9curit\u00e9 de l&rsquo;information de l&rsquo;universit\u00e9 fournit des orientations sur mesure pour garantir une protection efficace dans toutes les unit\u00e9s.<\/p>\n\n\n\n<p>En favorisant une culture de sensibilisation et de r\u00e9silience en mati\u00e8re de cybers\u00e9curit\u00e9, le BSI permet \u00e0 la communaut\u00e9 universitaire de naviguer dans le monde num\u00e9rique en toute s\u00e9curit\u00e9 et en toute confiance.<\/p>\n\n\n\n<h2 class=\"has-text-align-left wp-block-unilux-blocks-heading\"        id=\"contacter-le-bsi\"\n    >\nContacter le BSI<\/h2>\n\n\n\n<p>Pour toute information compl\u00e9mentaire, contactez-nous par email \u00e0 :<\/p>\n\n\n<div class=\"icon-info-wrapper\">\n    <ul class=\"wp-block-unilux-blocks-icon-info\">\n        <li class=\"wp-block-unilux-blocks-icon-info-item\">\n    \n<div class=\"wp-block-unilux-blocks-wrapper icon-info\">\n<div class=\"icon--primary icon--secondary-2  wp-block-unilux-blocks-icon-picker\">\n    <svg aria-hidden=\"true\" focusable=\"false\" class=\"icon icon-outline icon--email \"><use xlink:href=\"https:\/\/www.uni.lu\/wp-content\/themes\/unilux-theme\/assets\/images\/icons\/icons-outline.svg#icon--email\"><\/use><\/svg><\/div>\n\n\n<p class=\"has-1-125-rem-font-size\"><a href=\"mailto:bsi@uni.lu\">bsi@uni.lu<\/a><\/p>\n<\/div>\n<\/li>\n    <\/ul>\n<\/div>\n<\/div><\/section>\n","protected":false},"excerpt":{"rendered":"","protected":false},"author":33,"featured_media":0,"parent":3111,"menu_order":0,"comment_status":"closed","ping_status":"closed","template":"","meta":{"featured_image_focal_point":[],"show_featured_caption":false,"ulux_newsletter_groups":"","uluxPostTitle":"","uluxPrePostTitle":"","_trash_the_other_posts":false,"_price":"","_stock":"","_tribe_ticket_header":"","_tribe_default_ticket_provider":"","_tribe_ticket_capacity":"0","_ticket_start_date":"","_ticket_end_date":"","_tribe_ticket_show_description":"","_tribe_ticket_show_not_going":false,"_tribe_ticket_use_global_stock":"","_tribe_ticket_global_stock_level":"","_global_stock_mode":"","_global_stock_cap":"","_tribe_rsvp_for_event":"","_tribe_ticket_going_count":"","_tribe_ticket_not_going_count":"","_tribe_tickets_list":"[]","_tribe_ticket_has_attendee_info_fields":false,"footnotes":""},"field-of-interest":[],"organisation":[],"authorship":[33],"acf":[],"yoast_head":"<!-- This site is optimized with the Yoast SEO Premium plugin v22.3 (Yoast SEO v22.3) - https:\/\/yoast.com\/wordpress\/plugins\/seo\/ -->\n<title>Bureau de la s\u00e9curit\u00e9 de l\u2019information (BSI) - Universit\u00e9 du Luxembourg<\/title>\n<meta name=\"description\" content=\"Le Bureau de la s\u00e9curit\u00e9 de l&#039;information (BSI) a pour mission de prot\u00e9ger les actifs informationnels de l&#039;universit\u00e9 en veillant \u00e0 ce que la gouvernance\" \/>\n<meta name=\"robots\" content=\"index, follow, max-snippet:-1, max-image-preview:large, max-video-preview:-1\" \/>\n<link rel=\"canonical\" href=\"https:\/\/www.uni.lu\/fr\/a-propos\/organisation\/administration\/bureau-de-la-securite-de-l-information-bsi\/\" \/>\n<meta property=\"og:locale\" content=\"fr_FR\" \/>\n<meta property=\"og:type\" content=\"article\" \/>\n<meta property=\"og:title\" content=\"Bureau de la s\u00e9curit\u00e9 de l\u2019information (BSI)\" \/>\n<meta property=\"og:description\" content=\"Le Bureau de la s\u00e9curit\u00e9 de l&#039;information (BSI) a pour mission de prot\u00e9ger les actifs informationnels de l&#039;universit\u00e9 en veillant \u00e0 ce que la gouvernance\" \/>\n<meta property=\"og:url\" content=\"https:\/\/www.uni.lu\/fr\/a-propos\/organisation\/administration\/bureau-de-la-securite-de-l-information-bsi\/\" \/>\n<meta property=\"og:site_name\" content=\"UNI FR\" \/>\n<meta property=\"article:publisher\" content=\"https:\/\/www.facebook.com\/uni.lu\" \/>\n<meta property=\"article:modified_time\" content=\"2025-03-04T11:04:46+00:00\" \/>\n<meta property=\"og:image\" content=\"https:\/\/www.uni.lu\/wp-content\/uploads\/sites\/11\/2026\/03\/03120045\/UNIV_SM-Profile_1600x1600px-scaled.jpg\" \/>\n\t<meta property=\"og:image:width\" content=\"2560\" \/>\n\t<meta property=\"og:image:height\" content=\"2560\" \/>\n\t<meta property=\"og:image:type\" content=\"image\/jpeg\" \/>\n<meta name=\"twitter:card\" content=\"summary_large_image\" \/>\n<meta name=\"twitter:label1\" content=\"Dur\u00e9e de lecture estim\u00e9e\" \/>\n\t<meta name=\"twitter:data1\" content=\"2 minutes\" \/>\n<script type=\"application\/ld+json\" class=\"yoast-schema-graph\">{\"@context\":\"https:\/\/schema.org\",\"@graph\":[{\"@type\":\"WebPage\",\"@id\":\"https:\/\/www.uni.lu\/fr\/a-propos\/organisation\/administration\/bureau-de-la-securite-de-l-information-bsi\/\",\"url\":\"https:\/\/www.uni.lu\/fr\/a-propos\/organisation\/administration\/bureau-de-la-securite-de-l-information-bsi\/\",\"name\":\"Bureau de la s\u00e9curit\u00e9 de l\u2019information (BSI) - Universit\u00e9 du Luxembourg\",\"isPartOf\":{\"@id\":\"https:\/\/www.uni.lu\/fr\/#website\"},\"datePublished\":\"2025-02-24T15:21:15+00:00\",\"dateModified\":\"2025-03-04T11:04:46+00:00\",\"description\":\"Le Bureau de la s\u00e9curit\u00e9 de l'information (BSI) a pour mission de prot\u00e9ger les actifs informationnels de l'universit\u00e9 en veillant \u00e0 ce que la gouvernance\",\"breadcrumb\":{\"@id\":\"https:\/\/www.uni.lu\/fr\/a-propos\/organisation\/administration\/bureau-de-la-securite-de-l-information-bsi\/#breadcrumb\"},\"inLanguage\":\"fr-FR\",\"potentialAction\":[{\"@type\":\"ReadAction\",\"target\":[\"https:\/\/www.uni.lu\/fr\/a-propos\/organisation\/administration\/bureau-de-la-securite-de-l-information-bsi\/\"]}]},{\"@type\":\"BreadcrumbList\",\"@id\":\"https:\/\/www.uni.lu\/fr\/a-propos\/organisation\/administration\/bureau-de-la-securite-de-l-information-bsi\/#breadcrumb\",\"itemListElement\":[{\"@type\":\"ListItem\",\"position\":1,\"name\":\"Home\",\"item\":\"https:\/\/www.uni.lu\/fr\/\"},{\"@type\":\"ListItem\",\"position\":2,\"name\":\"\u00c0 propos\",\"item\":\"https:\/\/www.uni.lu\/fr\/a-propos\/\"},{\"@type\":\"ListItem\",\"position\":3,\"name\":\"Organisation\",\"item\":\"https:\/\/www.uni.lu\/fr\/a-propos\/organisation\/\"},{\"@type\":\"ListItem\",\"position\":4,\"name\":\"Administration\",\"item\":\"https:\/\/www.uni.lu\/fr\/a-propos\/organisation\/administration\/\"},{\"@type\":\"ListItem\",\"position\":5,\"name\":\"Bureau de la s\u00e9curit\u00e9 de l\u2019information (BSI)\"}]},{\"@type\":\"WebSite\",\"@id\":\"https:\/\/www.uni.lu\/fr\/#website\",\"url\":\"https:\/\/www.uni.lu\/fr\/\",\"name\":\"Uni.lu\",\"description\":\"Universit\u00e9 du Luxembourg\",\"publisher\":{\"@id\":\"https:\/\/www.uni.lu\/fr\/#organization\"},\"alternateName\":\"Universit\u00e9 du Luxembourg\",\"potentialAction\":[{\"@type\":\"SearchAction\",\"target\":{\"@type\":\"EntryPoint\",\"urlTemplate\":\"https:\/\/www.uni.lu\/fr\/?s={search_term_string}\"},\"query-input\":\"required name=search_term_string\"}],\"inLanguage\":\"fr-FR\"},{\"@type\":\"Organization\",\"@id\":\"https:\/\/www.uni.lu\/fr\/#organization\",\"name\":\"Universit\u00e9 du Luxembourg\",\"alternateName\":\"Uni.lu\",\"url\":\"https:\/\/www.uni.lu\/fr\/\",\"logo\":{\"@type\":\"ImageObject\",\"inLanguage\":\"fr-FR\",\"@id\":\"https:\/\/www.uni.lu\/fr\/#\/schema\/logo\/image\/\",\"url\":\"https:\/\/www.uni.lu\/wp-content\/uploads\/sites\/11\/2026\/03\/03120045\/UNIV_SM-Profile_1600x1600px-scaled.jpg\",\"contentUrl\":\"https:\/\/www.uni.lu\/wp-content\/uploads\/sites\/11\/2026\/03\/03120045\/UNIV_SM-Profile_1600x1600px-scaled.jpg\",\"width\":2560,\"height\":2560,\"caption\":\"Universit\u00e9 du Luxembourg\"},\"image\":{\"@id\":\"https:\/\/www.uni.lu\/fr\/#\/schema\/logo\/image\/\"},\"sameAs\":[\"https:\/\/www.facebook.com\/uni.lu\",\"https:\/\/www.linkedin.com\/school\/university-of-luxembourg\/\",\"https:\/\/www.instagram.com\/uni.lu\",\"https:\/\/www.youtube.com\/@uni_lu\",\"https:\/\/en.wikipedia.org\/wiki\/University_of_Luxembourg\"]}]}<\/script>\n<!-- \/ Yoast SEO Premium plugin. -->","yoast_head_json":{"title":"Bureau de la s\u00e9curit\u00e9 de l\u2019information (BSI) - Universit\u00e9 du Luxembourg","description":"Le Bureau de la s\u00e9curit\u00e9 de l'information (BSI) a pour mission de prot\u00e9ger les actifs informationnels de l'universit\u00e9 en veillant \u00e0 ce que la gouvernance","robots":{"index":"index","follow":"follow","max-snippet":"max-snippet:-1","max-image-preview":"max-image-preview:large","max-video-preview":"max-video-preview:-1"},"canonical":"https:\/\/www.uni.lu\/fr\/a-propos\/organisation\/administration\/bureau-de-la-securite-de-l-information-bsi\/","og_locale":"fr_FR","og_type":"article","og_title":"Bureau de la s\u00e9curit\u00e9 de l\u2019information (BSI)","og_description":"Le Bureau de la s\u00e9curit\u00e9 de l'information (BSI) a pour mission de prot\u00e9ger les actifs informationnels de l'universit\u00e9 en veillant \u00e0 ce que la gouvernance","og_url":"https:\/\/www.uni.lu\/fr\/a-propos\/organisation\/administration\/bureau-de-la-securite-de-l-information-bsi\/","og_site_name":"UNI FR","article_publisher":"https:\/\/www.facebook.com\/uni.lu","article_modified_time":"2025-03-04T11:04:46+00:00","og_image":[{"width":2560,"height":2560,"url":"https:\/\/www.uni.lu\/wp-content\/uploads\/sites\/11\/2026\/03\/03120045\/UNIV_SM-Profile_1600x1600px-scaled.jpg","type":"image\/jpeg"}],"twitter_card":"summary_large_image","twitter_misc":{"Dur\u00e9e de lecture estim\u00e9e":"2 minutes"},"schema":{"@context":"https:\/\/schema.org","@graph":[{"@type":"WebPage","@id":"https:\/\/www.uni.lu\/fr\/a-propos\/organisation\/administration\/bureau-de-la-securite-de-l-information-bsi\/","url":"https:\/\/www.uni.lu\/fr\/a-propos\/organisation\/administration\/bureau-de-la-securite-de-l-information-bsi\/","name":"Bureau de la s\u00e9curit\u00e9 de l\u2019information (BSI) - Universit\u00e9 du Luxembourg","isPartOf":{"@id":"https:\/\/www.uni.lu\/fr\/#website"},"datePublished":"2025-02-24T15:21:15+00:00","dateModified":"2025-03-04T11:04:46+00:00","description":"Le Bureau de la s\u00e9curit\u00e9 de l'information (BSI) a pour mission de prot\u00e9ger les actifs informationnels de l'universit\u00e9 en veillant \u00e0 ce que la gouvernance","breadcrumb":{"@id":"https:\/\/www.uni.lu\/fr\/a-propos\/organisation\/administration\/bureau-de-la-securite-de-l-information-bsi\/#breadcrumb"},"inLanguage":"fr-FR","potentialAction":[{"@type":"ReadAction","target":["https:\/\/www.uni.lu\/fr\/a-propos\/organisation\/administration\/bureau-de-la-securite-de-l-information-bsi\/"]}]},{"@type":"BreadcrumbList","@id":"https:\/\/www.uni.lu\/fr\/a-propos\/organisation\/administration\/bureau-de-la-securite-de-l-information-bsi\/#breadcrumb","itemListElement":[{"@type":"ListItem","position":1,"name":"Home","item":"https:\/\/www.uni.lu\/fr\/"},{"@type":"ListItem","position":2,"name":"\u00c0 propos","item":"https:\/\/www.uni.lu\/fr\/a-propos\/"},{"@type":"ListItem","position":3,"name":"Organisation","item":"https:\/\/www.uni.lu\/fr\/a-propos\/organisation\/"},{"@type":"ListItem","position":4,"name":"Administration","item":"https:\/\/www.uni.lu\/fr\/a-propos\/organisation\/administration\/"},{"@type":"ListItem","position":5,"name":"Bureau de la s\u00e9curit\u00e9 de l\u2019information (BSI)"}]},{"@type":"WebSite","@id":"https:\/\/www.uni.lu\/fr\/#website","url":"https:\/\/www.uni.lu\/fr\/","name":"Uni.lu","description":"Universit\u00e9 du Luxembourg","publisher":{"@id":"https:\/\/www.uni.lu\/fr\/#organization"},"alternateName":"Universit\u00e9 du Luxembourg","potentialAction":[{"@type":"SearchAction","target":{"@type":"EntryPoint","urlTemplate":"https:\/\/www.uni.lu\/fr\/?s={search_term_string}"},"query-input":"required name=search_term_string"}],"inLanguage":"fr-FR"},{"@type":"Organization","@id":"https:\/\/www.uni.lu\/fr\/#organization","name":"Universit\u00e9 du Luxembourg","alternateName":"Uni.lu","url":"https:\/\/www.uni.lu\/fr\/","logo":{"@type":"ImageObject","inLanguage":"fr-FR","@id":"https:\/\/www.uni.lu\/fr\/#\/schema\/logo\/image\/","url":"https:\/\/www.uni.lu\/wp-content\/uploads\/sites\/11\/2026\/03\/03120045\/UNIV_SM-Profile_1600x1600px-scaled.jpg","contentUrl":"https:\/\/www.uni.lu\/wp-content\/uploads\/sites\/11\/2026\/03\/03120045\/UNIV_SM-Profile_1600x1600px-scaled.jpg","width":2560,"height":2560,"caption":"Universit\u00e9 du Luxembourg"},"image":{"@id":"https:\/\/www.uni.lu\/fr\/#\/schema\/logo\/image\/"},"sameAs":["https:\/\/www.facebook.com\/uni.lu","https:\/\/www.linkedin.com\/school\/university-of-luxembourg\/","https:\/\/www.instagram.com\/uni.lu","https:\/\/www.youtube.com\/@uni_lu","https:\/\/en.wikipedia.org\/wiki\/University_of_Luxembourg"]}]}},"ticketed":false,"_links":{"self":[{"href":"https:\/\/www.uni.lu\/fr\/wp-json\/wp\/v2\/pages\/14291"}],"collection":[{"href":"https:\/\/www.uni.lu\/fr\/wp-json\/wp\/v2\/pages"}],"about":[{"href":"https:\/\/www.uni.lu\/fr\/wp-json\/wp\/v2\/types\/page"}],"author":[{"embeddable":true,"href":"https:\/\/www.uni.lu\/fr\/wp-json\/wp\/v2\/users\/33"}],"replies":[{"embeddable":true,"href":"https:\/\/www.uni.lu\/fr\/wp-json\/wp\/v2\/comments?post=14291"}],"version-history":[{"count":3,"href":"https:\/\/www.uni.lu\/fr\/wp-json\/wp\/v2\/pages\/14291\/revisions"}],"predecessor-version":[{"id":14306,"href":"https:\/\/www.uni.lu\/fr\/wp-json\/wp\/v2\/pages\/14291\/revisions\/14306"}],"up":[{"embeddable":true,"href":"https:\/\/www.uni.lu\/fr\/wp-json\/wp\/v2\/pages\/3111"}],"wp:authorship":[{"embeddable":true,"href":"https:\/\/www.uni.lu\/fr\/wp-json\/wp\/v2\/users\/33"}],"wp:attachment":[{"href":"https:\/\/www.uni.lu\/fr\/wp-json\/wp\/v2\/media?parent=14291"}],"wp:term":[{"taxonomy":"field-of-interest","embeddable":true,"href":"https:\/\/www.uni.lu\/fr\/wp-json\/wp\/v2\/field-of-interest?post=14291"},{"taxonomy":"organisation","embeddable":true,"href":"https:\/\/www.uni.lu\/fr\/wp-json\/wp\/v2\/organisation?post=14291"}],"curies":[{"name":"wp","href":"https:\/\/api.w.org\/{rel}","templated":true}]}}