{"id":13415,"date":"2024-12-09T10:02:57","date_gmt":"2024-12-09T09:02:57","guid":{"rendered":"https:\/\/www.uni.lu\/fr\/?page_id=13415"},"modified":"2025-04-03T10:37:23","modified_gmt":"2025-04-03T08:37:23","slug":"ombuds","status":"publish","type":"page","link":"https:\/\/www.uni.lu\/fr\/a-propos\/ombuds\/","title":{"rendered":"Ombuds"},"content":{"rendered":"<div class=\"section py-0 static\"><div class=\"section py-0 section wp-block-unilux-blocks-navigation-and-hero py-0\">\n    \n<div class=\"wp-block-unilux-blocks-wrapper container xl:max-w-screen-xl\"><div class=\"js-secondary-nav--sticky wp-block-unilux-blocks-secondary-navigation\" id=\"d33cd2b4-16ac-48c7-be2e-8b82252fabe0\">\n    <nav\n        id=\"secondary-navigation\"\n        role=\"navigation\"\n        aria-label=\"Secondary menu\"\n        class=\"secondary-nav\"\n    >\n        <button\n            class=\"secondary-nav__button btn btn-solid--primary w-full\"\n            aria-expanded=\"false\"\n            aria-controls=\"secondary-navigation__list\"\n            title=\"The selected page is Pr\u00e9sentation\"\n            type=\"button\"\n        >\n            <span class=\"btn__name mr-auto\">Pr\u00e9sentation<\/span>\n            <svg aria-hidden=\"true\" focusable=\"false\" class=\"icon icon-outline icon--xs\">\n                <use xlink:href=\"https:\/\/www.uni.lu\/wp-content\/themes\/unilux-theme\/assets\/images\/icons\/icons-outline.svg#icon--arrow-down\" \/>\n            <\/svg>\n        <\/button>\n\n        <ul id=\"secondary-navigation__list\" class=\"secondary-nav__list\">\n            <li class=\"secondary-nav__item\">\n    <a\n        href=\"https:\/\/www.uni.lu\/fr\/a-propos\/ombuds\/\"\n        target=\"\"\n        rel=\"noreferrer noopener\"\n        class=\"secondary-nav__link isactived\"\n        aria-current=\"page\"    >\n        <svg aria-hidden=\"true\" focusable=\"false\" class=\"icon icon-outline icon--xs\">\n            <use xlink:href=\"https:\/\/www.uni.lu\/wp-content\/themes\/unilux-theme\/assets\/images\/icons\/icons-outline.svg#icon--arrow-right\" \/>\n        <\/svg>\n        <span class=\"secondary-nav__name\">Pr\u00e9sentation<\/span>\n    <\/a>\n<\/li>\n<li class=\"secondary-nav__item\">\n    <a\n        href=\"https:\/\/www.uni.lu\/fr\/a-propos\/ombuds\/services\/\"\n        target=\"\"\n        rel=\"noreferrer noopener\"\n        class=\"secondary-nav__link \"\n            >\n        <svg aria-hidden=\"true\" focusable=\"false\" class=\"icon icon-outline icon--xs\">\n            <use xlink:href=\"https:\/\/www.uni.lu\/wp-content\/themes\/unilux-theme\/assets\/images\/icons\/icons-outline.svg#icon--arrow-right\" \/>\n        <\/svg>\n        <span class=\"secondary-nav__name\">Nos services<\/span>\n    <\/a>\n<\/li>\n<li class=\"secondary-nav__item\">\n    <a\n        href=\"https:\/\/www.uni.lu\/fr\/a-propos\/ombuds\/ressources\/\"\n        target=\"\"\n        rel=\"noreferrer noopener\"\n        class=\"secondary-nav__link \"\n            >\n        <svg aria-hidden=\"true\" focusable=\"false\" class=\"icon icon-outline icon--xs\">\n            <use xlink:href=\"https:\/\/www.uni.lu\/wp-content\/themes\/unilux-theme\/assets\/images\/icons\/icons-outline.svg#icon--arrow-right\" \/>\n        <\/svg>\n        <span class=\"secondary-nav__name\">Ressources<\/span>\n    <\/a>\n<\/li>\n<li class=\"secondary-nav__item\">\n    <a\n        href=\"https:\/\/www.uni.lu\/fr\/a-propos\/ombuds\/contact\/\"\n        target=\"\"\n        rel=\"noreferrer noopener\"\n        class=\"secondary-nav__link \"\n            >\n        <svg aria-hidden=\"true\" focusable=\"false\" class=\"icon icon-outline icon--xs\">\n            <use xlink:href=\"https:\/\/www.uni.lu\/wp-content\/themes\/unilux-theme\/assets\/images\/icons\/icons-outline.svg#icon--arrow-right\" \/>\n        <\/svg>\n        <span class=\"secondary-nav__name\">Contact<\/span>\n    <\/a>\n<\/li>\n        <\/ul>\n    <\/nav>\n<\/div>\n<\/div>\n\n<div class=\"wp-block-unilux-blocks-wrapper max-w-screen-3xl mx-auto section py-0\">\n<section class=\"section no-padding-y wp-block-unilux-blocks-hero\">\n    <div class=\"hero hero--2 hero--overlay-top \">\n        \n<header class=\"wp-block-unilux-blocks-wrapper hero__header\">\n<div class=\"wp-block-unilux-blocks-wrapper hero__container\">\n<span class=\"hero__title__subject wp-block-unilux-blocks-plain-text\"><\/span>\n\n\n<h1 class=\"has-text-align-left wp-block-unilux-blocks-heading\"        id=\"favoriser-un-environnement-sur\"\n    >\n<strong>Favoriser un environnement s\u00fbr<\/strong>\u00a0<\/h1>\n<\/div>\n<\/header>\n<figure class=\"wp-block-dev4-reusable-blocks-image hero__visual object-fit--cover\">\n    \n<img decoding=\"async\" class=\"wp-block-image unilux-custom-image-block\"\n                alt=\"People chatting peacefully\"\n            src=\"https:\/\/www.uni.lu\/wp-content\/uploads\/sites\/9\/2024\/11\/Ombuds_hero_2024.jpg\"\n                    style=\"object-position: 0.00% 50.00%; font-family: &quot;object-fit: cover; object-position: 0.00% 50.00%;&quot;; aspect-ratio: 16\/9; object-fit: cover; width: 100%;\"\n        loading=\"lazy\"\n\/>    <\/figure>\n<div class=\"wp-block-unilux-blocks-wrapper hero__body\">\n<div class=\"wp-block-unilux-blocks-wrapper hero__container\">\n<p class=\"wp-block-unilux-blocks-plain-text\">L\u2019\u00c9quipe ombuds fournit des services confidentiels, ind\u00e9pendants, impartiaux et informels \u00e0 la communaut\u00e9 universitaire. Notre objectif est de cr\u00e9er un environnement s\u00fbr permettant aux individus de poser des questions, de communiquer sur leurs pr\u00e9occupations et de discuter des solutions possibles.<\/p>\n\n\n<ul class=\"wp-block-unilux-blocks-custom-buttons btn-list\"><li class=\"wp-block-unilux-blocks-custom-button\"    aria-disabled=\"false\"\n    >\n    <a\n        role=\"link\"\n        aria-disabled=\"false\"\n                    href=\"https:\/\/www.uni.lu\/en\/about\/ombuds\/contact\/\"\n                target=\"_self\"\n        class=\"btn btn--secondary\"\n            >Contact<\/a>\n<\/li>\n\n\n<\/ul>\n<\/div>\n<\/div>\n    <\/div>\n<\/section><\/div>\n<\/div>\n\n\n<section class=\"wp-block-unilux-blocks-free-section section\"><div class=\"container xl:max-w-screen-xl\">\n<h2 class=\"has-text-align-left wp-block-unilux-blocks-heading\"        id=\"services-de-prevention-et-reglement-de-differends-prd\"\n    >\nServices de pr\u00e9vention et r\u00e8glement de diff\u00e9rends (PRD)<\/h2>\n\n\n\n<p>L\u2019essentiel de notre travail consiste \u00e0 fournir des services informels de r\u00e9solution des litiges. Les ADRS permettent de g\u00e9rer les conflits ou pr\u00e9occupations de mani\u00e8re flexible et volontaire, sans avoir recours \u00e0 des proc\u00e9dures formelles. En privil\u00e9giant une communication ouverte et une compr\u00e9hension mutuelle, l\u2019objectif est d\u2019aider les parties \u00e0 trouver une solution de mani\u00e8re collaborative et \u00e0 l\u2019amiable, sans recourir \u00e0 des sanctions officielles ni \u00e0 des mises \u00e0 jour de politiques.<\/p>\n\n\n\n<p><strong>Les services de m\u00e9diation sont guid\u00e9s par les principes suivants :<\/strong><\/p>\n\n\n\n<ul class=\"wp-block-unilux-blocks-highlighted-list list-highlighted list-highlighted--architectural\"><li class=\"list-highlighted__item  wp-block-unilux-blocks-highlighted-list-item\">\n    <header class=\"list-highlighted__header wp-block-unilux-blocks-highlighted-list-item-header\">\n    \n<h4 class=\"title text-18 font-bold has-text-align-left wp-block-unilux-blocks-heading\"        id=\"confidentialite\"\n    >\n<strong>Confidentialit\u00e9<\/strong>\u00a0<\/h4>\n<div class=\"wp-block-unilux-blocks-bigtext\">\n    <span>\n        \n    <\/span>\n<\/div><\/header><div class=\"list-highlighted__body wp-block-unilux-blocks-highlighted-list-item-body\">\n    <div class=\"wp-block-unilux-blocks-highlighted-list-item-free-content-area\">\n    \n<p>Nous ne divulguons aucune information personnelle \u00e0 des individus ou \u00e0 des organes de l\u2019Universit\u00e9, sauf (1) si un visiteur nous demande par \u00e9crit de partager ou de l\u2019aider \u00e0 transmettre des informations aux d\u00e9cideurs ou aux services de soutien de l\u2019Universit\u00e9, (2) s\u2019il existe une menace de pr\u00e9judice grave et imminent pour nous ou des tiers.<\/p>\n<\/div><\/div><\/li>\n\n<li class=\"list-highlighted__item  wp-block-unilux-blocks-highlighted-list-item\">\n    <header class=\"list-highlighted__header wp-block-unilux-blocks-highlighted-list-item-header\">\n    \n<h4 class=\"title text-18 font-bold has-text-align-left wp-block-unilux-blocks-heading\"        id=\"independance\"\n    >\n<strong>Ind\u00e9pendance<\/strong>\u00a0<\/h4>\n<div class=\"wp-block-unilux-blocks-bigtext\">\n    <span>\n        \n    <\/span>\n<\/div><\/header><div class=\"list-highlighted__body wp-block-unilux-blocks-highlighted-list-item-body\">\n    <div class=\"wp-block-unilux-blocks-highlighted-list-item-free-content-area\">\n    \n<p>Nous sommes responsables devant le Conseil de gouvernance de l\u2019Universit\u00e9 du Luxembourg et op\u00e9rons de mani\u00e8re ind\u00e9pendante du Rectorat, des bureaux des doyens de la facult\u00e9 et des directeurs de centres, ainsi que des d\u00e9l\u00e9gations \u00e9tudiantes et du personnel, ou de tout autre organe de l\u2019Universit\u00e9.<\/p>\n<\/div><\/div><\/li>\n\n<li class=\"list-highlighted__item  wp-block-unilux-blocks-highlighted-list-item\">\n    <header class=\"list-highlighted__header wp-block-unilux-blocks-highlighted-list-item-header\">\n    \n<h4 class=\"title text-18 font-bold has-text-align-left wp-block-unilux-blocks-heading\"        id=\"impartialite\"\n    >\n<strong>Impartialit\u00e9<\/strong>\u00a0<\/h4>\n<div class=\"wp-block-unilux-blocks-bigtext\">\n    <span>\n        \n    <\/span>\n<\/div><\/header><div class=\"list-highlighted__body wp-block-unilux-blocks-highlighted-list-item-body\">\n    <div class=\"wp-block-unilux-blocks-highlighted-list-item-free-content-area\">\n    \n<p>Nous servons l\u2019ensemble de la communaut\u00e9 universitaire, en tenant compte de toutes les perspectives dans un conflit et en favorisant la compr\u00e9hension mutuelle des parties impliqu\u00e9es. Nous ne d\u00e9fendons les int\u00e9r\u00eats d\u2019aucun individu, d\u2019aucun groupe, ni ceux de l\u2019Universit\u00e9 en tant qu\u2019institution.<\/p>\n<\/div><\/div><\/li>\n\n<li class=\"list-highlighted__item  wp-block-unilux-blocks-highlighted-list-item\">\n    <header class=\"list-highlighted__header wp-block-unilux-blocks-highlighted-list-item-header\">\n    \n<h4 class=\"title text-18 font-bold has-text-align-left wp-block-unilux-blocks-heading\"        id=\"informalite-accessibilite\"\n    >\n<strong>Informalit\u00e9\/Accessibilit\u00e9<\/strong>\u00a0<\/h4>\n<div class=\"wp-block-unilux-blocks-bigtext\">\n    <span>\n        \n    <\/span>\n<\/div><\/header><div class=\"list-highlighted__body wp-block-unilux-blocks-highlighted-list-item-body\">\n    <div class=\"wp-block-unilux-blocks-highlighted-list-item-free-content-area\">\n    \n<p>Nous utilisons la persuasion morale et \u00e9mettons des recommandations valid\u00e9es statistiquement au niveau structurel, tout en insistant sur les responsabilit\u00e9s individuelles et interpersonnelles.<\/p>\n\n<p>Nous n\u2019engageons pas de proc\u00e9dures formelles. Nous n\u2019imposons pas non plus de changements comportementaux ou de sanctions aux individus.<\/p>\n\n<p>Nous ne mandatons ni n\u2019appliquons de modifications des politiques ou des proc\u00e9dures de l\u2019Universit\u00e9. Toutefois, nous \u00e9mettons des recommandations non contraignantes \u00e0 tous les niveaux de l\u2019administration universitaire (\u00e0 l\u2019exception du Conseil de gouvernance).<\/p>\n\n<p>Nos services sont gratuits. Ils sont propos\u00e9s en pr\u00e9sentiel sur les campus de Belval ou de Kirchberg, ainsi qu\u2019en ligne via Zoom (comptes individuels des ombuds), Teams, WebEx, ou encore par t\u00e9l\u00e9phone.<\/p>\n<\/div><\/div><\/li><\/ul>\n<\/div><\/section>\n\n\n\n<section class=\"py-0 wp-block-unilux-blocks-free-section section\"><div class=\"container xl:max-w-screen-xl\">\n<h2 class=\"has-text-align-left wp-block-unilux-blocks-heading\"        id=\"qui-peut-nous-contacter\"\n    >\nQui peut nous contacter<\/h2>\n\n\n\n<p>Les services de m\u00e9diation sont propos\u00e9s aux <strong>visiteurs <\/strong>qui souhaitent <strong>r\u00e9fl\u00e9chir et agir de leur propre initiative<\/strong> avant, pendant ou apr\u00e8s <strong>avoir v\u00e9cu une situation de litige\/tension\/conflit <\/strong>:<\/p>\n\n\n\n<ul class=\"ulux-list\">\n<li class=\"ulux-list-item\">le personnel (acad\u00e9mique, administratif, technique),&nbsp;<\/li>\n\n\n\n<li class=\"ulux-list-item\">les \u00e9tudiants (tout programme, tout niveau).\u00a0<\/li>\n<\/ul>\n\n\n\n<p>Un m\u00eame visiteur peut ouvrir plus d\u2019un dossier aupr\u00e8s du bureau des m\u00e9diations. Chaque dossier est trait\u00e9 s\u00e9par\u00e9ment. Selon le cas, une s\u00e9ance peut durer quelques minutes ou plusieurs heures. Bien que le calendrier puisse \u00eatre modifi\u00e9 en fonction des disponibilit\u00e9s de du visiteur et de<\/p>\n\n\n\n<p>Un m\u00eame visiteur peut ouvrir plus d\u2019un dossier aupr\u00e8s du bureau des m\u00e9diations. Chaque dossier est trait\u00e9 s\u00e9par\u00e9ment. Selon le cas, une s\u00e9ance peut durer quelques minutes ou plusieurs heures. Bien que le calendrier puisse \u00eatre modifi\u00e9 en fonction des disponibilit\u00e9s de du visiteur et de<\/p>\n\n\n\n<p>Un m\u00eame visiteur peut ouvrir plus d\u2019un dossier aupr\u00e8s du bureau des m\u00e9diations. Chaque dossier est trait\u00e9 s\u00e9par\u00e9ment. Selon le cas, une s\u00e9ance peut durer quelques minutes ou plusieurs heures. Bien que le calendrier puisse \u00eatre modifi\u00e9 en fonction des disponibilit\u00e9s de du visiteur et de l\u2019ombuds, ce dernier s\u2019efforcera de r\u00e9aliser toutes les proc\u00e9dures de pr\u00e9vention et r\u00e8glement de diff\u00e9rends dans un d\u00e9lai de trois mois.<\/p>\n\n\n\n<ul class=\"wp-block-unilux-blocks-custom-buttons btn-list\"><li class=\"wp-block-unilux-blocks-custom-button\"    aria-disabled=\"false\"\n    >\n    <a\n        role=\"link\"\n        aria-disabled=\"false\"\n                    href=\"https:\/\/www.uni.lu\/en\/about\/ombuds\/contact\/\"\n                target=\"_self\"\n        class=\"btn btn--primary\"\n            >Contactez-nous<\/a>\n<\/li>\n<\/ul>\n<\/div><\/section>\n\n\n<section class=\"section section wp-block-unilux-blocks-quick-link-discover-section\">\n    <div class=\"container xl:max-w-screen-xl\">\n        \n<h2 class=\"has-text-align-left wp-block-unilux-blocks-heading\"        id=\"plus-dinformations\"\n    >\n<strong>Plus d\u2019informations<\/strong><\/h2>\n\n<ul class=\"wp-block-unilux-blocks-quick-link-discover quick-link-list\">\n<li class=\"wp-block-unilux-blocks-quick-link-discover-item\">\n    <a\n                    href=\"https:\/\/www.uni.lu\/fr\/a-propos\/ombuds\/services\/\"\n                    class=\"quick-link\"\n            target=\"\"\n    >\n            <span class=\"quick-link__container\">\n                <span class=\"quick-link__text\">\n                    Nos services                 <\/span>\n                <svg aria-hidden=\"true\" focusable=\"false\" class=\"icon icon-outline icon--arrow-right \"><use xlink:href=\"https:\/\/www.uni.lu\/wp-content\/themes\/unilux-theme\/assets\/images\/icons\/icons-outline.svg#icon--arrow-right\"><\/use><\/svg>            <\/span>\n    <\/a>\n<\/li>\n\n\n\n<li class=\"wp-block-unilux-blocks-quick-link-discover-item\">\n    <a\n                    href=\"https:\/\/www.uni.lu\/fr\/a-propos\/ombuds\/ressources\/\"\n                    class=\"quick-link\"\n            target=\"\"\n    >\n            <span class=\"quick-link__container\">\n                <span class=\"quick-link__text\">\n                    Ressources                 <\/span>\n                <svg aria-hidden=\"true\" focusable=\"false\" class=\"icon icon-outline icon--arrow-right \"><use xlink:href=\"https:\/\/www.uni.lu\/wp-content\/themes\/unilux-theme\/assets\/images\/icons\/icons-outline.svg#icon--arrow-right\"><\/use><\/svg>            <\/span>\n    <\/a>\n<\/li>\n<\/ul>\n    <\/div>\n<\/section><\/div>","protected":false},"excerpt":{"rendered":"","protected":false},"author":44,"featured_media":0,"parent":2540,"menu_order":4,"comment_status":"closed","ping_status":"closed","template":"","meta":{"featured_image_focal_point":[],"show_featured_caption":false,"ulux_newsletter_groups":"","uluxPostTitle":"Ombuds","uluxPrePostTitle":"","_trash_the_other_posts":false,"_price":"","_stock":"","_tribe_ticket_header":"","_tribe_default_ticket_provider":"","_tribe_ticket_capacity":"0","_ticket_start_date":"","_ticket_end_date":"","_tribe_ticket_show_description":"","_tribe_ticket_show_not_going":false,"_tribe_ticket_use_global_stock":"","_tribe_ticket_global_stock_level":"","_global_stock_mode":"","_global_stock_cap":"","_tribe_rsvp_for_event":"","_tribe_ticket_going_count":"","_tribe_ticket_not_going_count":"","_tribe_tickets_list":"[]","_tribe_ticket_has_attendee_info_fields":false,"footnotes":""},"field-of-interest":[],"organisation":[],"authorship":[44,339],"acf":[],"yoast_head":"<!-- This site is optimized with the Yoast SEO Premium plugin v22.3 (Yoast SEO v22.3) - https:\/\/yoast.com\/wordpress\/plugins\/seo\/ -->\n<title>Ombuds - Universit\u00e9 du Luxembourg<\/title>\n<meta name=\"description\" content=\"Navigation Menu L\u2019essentiel de notre travail consiste \u00e0 fournir des services informels de r\u00e9solution des litiges. Les ADRS permettent de g\u00e9rer les\" \/>\n<meta name=\"robots\" content=\"index, follow, max-snippet:-1, max-image-preview:large, max-video-preview:-1\" \/>\n<link rel=\"canonical\" href=\"https:\/\/www.uni.lu\/fr\/a-propos\/ombuds\/\" \/>\n<meta property=\"og:locale\" content=\"fr_FR\" \/>\n<meta property=\"og:type\" content=\"article\" \/>\n<meta property=\"og:title\" content=\"Ombuds\" \/>\n<meta property=\"og:description\" content=\"Navigation Menu L\u2019essentiel de notre travail consiste \u00e0 fournir des services informels de r\u00e9solution des litiges. Les ADRS permettent de g\u00e9rer les\" \/>\n<meta property=\"og:url\" content=\"https:\/\/www.uni.lu\/fr\/a-propos\/ombuds\/\" \/>\n<meta property=\"og:site_name\" content=\"UNI FR\" \/>\n<meta property=\"article:publisher\" content=\"https:\/\/www.facebook.com\/uni.lu\" \/>\n<meta property=\"article:modified_time\" content=\"2025-04-03T08:37:23+00:00\" \/>\n<meta property=\"og:image\" content=\"https:\/\/www.uni.lu\/wp-content\/uploads\/sites\/11\/2026\/03\/03120045\/UNIV_SM-Profile_1600x1600px-scaled.jpg\" \/>\n\t<meta property=\"og:image:width\" content=\"2560\" \/>\n\t<meta property=\"og:image:height\" content=\"2560\" \/>\n\t<meta property=\"og:image:type\" content=\"image\/jpeg\" \/>\n<meta name=\"twitter:card\" content=\"summary_large_image\" \/>\n<meta name=\"twitter:label1\" content=\"Dur\u00e9e de lecture estim\u00e9e\" \/>\n\t<meta name=\"twitter:data1\" content=\"3 minutes\" \/>\n<script type=\"application\/ld+json\" class=\"yoast-schema-graph\">{\"@context\":\"https:\/\/schema.org\",\"@graph\":[{\"@type\":\"WebPage\",\"@id\":\"https:\/\/www.uni.lu\/fr\/a-propos\/ombuds\/\",\"url\":\"https:\/\/www.uni.lu\/fr\/a-propos\/ombuds\/\",\"name\":\"Ombuds - Universit\u00e9 du Luxembourg\",\"isPartOf\":{\"@id\":\"https:\/\/www.uni.lu\/fr\/#website\"},\"datePublished\":\"2024-12-09T09:02:57+00:00\",\"dateModified\":\"2025-04-03T08:37:23+00:00\",\"description\":\"Navigation Menu L\u2019essentiel de notre travail consiste \u00e0 fournir des services informels de r\u00e9solution des litiges. Les ADRS permettent de g\u00e9rer les\",\"breadcrumb\":{\"@id\":\"https:\/\/www.uni.lu\/fr\/a-propos\/ombuds\/#breadcrumb\"},\"inLanguage\":\"fr-FR\",\"potentialAction\":[{\"@type\":\"ReadAction\",\"target\":[\"https:\/\/www.uni.lu\/fr\/a-propos\/ombuds\/\"]}]},{\"@type\":\"BreadcrumbList\",\"@id\":\"https:\/\/www.uni.lu\/fr\/a-propos\/ombuds\/#breadcrumb\",\"itemListElement\":[{\"@type\":\"ListItem\",\"position\":1,\"name\":\"Home\",\"item\":\"https:\/\/www.uni.lu\/fr\/\"},{\"@type\":\"ListItem\",\"position\":2,\"name\":\"\u00c0 propos\",\"item\":\"https:\/\/www.uni.lu\/fr\/a-propos\/\"},{\"@type\":\"ListItem\",\"position\":3,\"name\":\"Ombuds\"}]},{\"@type\":\"WebSite\",\"@id\":\"https:\/\/www.uni.lu\/fr\/#website\",\"url\":\"https:\/\/www.uni.lu\/fr\/\",\"name\":\"Uni.lu\",\"description\":\"Universit\u00e9 du Luxembourg\",\"publisher\":{\"@id\":\"https:\/\/www.uni.lu\/fr\/#organization\"},\"alternateName\":\"Universit\u00e9 du Luxembourg\",\"potentialAction\":[{\"@type\":\"SearchAction\",\"target\":{\"@type\":\"EntryPoint\",\"urlTemplate\":\"https:\/\/www.uni.lu\/fr\/?s={search_term_string}\"},\"query-input\":\"required name=search_term_string\"}],\"inLanguage\":\"fr-FR\"},{\"@type\":\"Organization\",\"@id\":\"https:\/\/www.uni.lu\/fr\/#organization\",\"name\":\"Universit\u00e9 du Luxembourg\",\"alternateName\":\"Uni.lu\",\"url\":\"https:\/\/www.uni.lu\/fr\/\",\"logo\":{\"@type\":\"ImageObject\",\"inLanguage\":\"fr-FR\",\"@id\":\"https:\/\/www.uni.lu\/fr\/#\/schema\/logo\/image\/\",\"url\":\"https:\/\/www.uni.lu\/wp-content\/uploads\/sites\/11\/2026\/03\/03120045\/UNIV_SM-Profile_1600x1600px-scaled.jpg\",\"contentUrl\":\"https:\/\/www.uni.lu\/wp-content\/uploads\/sites\/11\/2026\/03\/03120045\/UNIV_SM-Profile_1600x1600px-scaled.jpg\",\"width\":2560,\"height\":2560,\"caption\":\"Universit\u00e9 du Luxembourg\"},\"image\":{\"@id\":\"https:\/\/www.uni.lu\/fr\/#\/schema\/logo\/image\/\"},\"sameAs\":[\"https:\/\/www.facebook.com\/uni.lu\",\"https:\/\/www.linkedin.com\/school\/university-of-luxembourg\/\",\"https:\/\/www.instagram.com\/uni.lu\",\"https:\/\/www.youtube.com\/@uni_lu\",\"https:\/\/en.wikipedia.org\/wiki\/University_of_Luxembourg\"]}]}<\/script>\n<!-- \/ Yoast SEO Premium plugin. -->","yoast_head_json":{"title":"Ombuds - Universit\u00e9 du Luxembourg","description":"Navigation Menu L\u2019essentiel de notre travail consiste \u00e0 fournir des services informels de r\u00e9solution des litiges. Les ADRS permettent de g\u00e9rer les","robots":{"index":"index","follow":"follow","max-snippet":"max-snippet:-1","max-image-preview":"max-image-preview:large","max-video-preview":"max-video-preview:-1"},"canonical":"https:\/\/www.uni.lu\/fr\/a-propos\/ombuds\/","og_locale":"fr_FR","og_type":"article","og_title":"Ombuds","og_description":"Navigation Menu L\u2019essentiel de notre travail consiste \u00e0 fournir des services informels de r\u00e9solution des litiges. Les ADRS permettent de g\u00e9rer les","og_url":"https:\/\/www.uni.lu\/fr\/a-propos\/ombuds\/","og_site_name":"UNI FR","article_publisher":"https:\/\/www.facebook.com\/uni.lu","article_modified_time":"2025-04-03T08:37:23+00:00","og_image":[{"width":2560,"height":2560,"url":"https:\/\/www.uni.lu\/wp-content\/uploads\/sites\/11\/2026\/03\/03120045\/UNIV_SM-Profile_1600x1600px-scaled.jpg","type":"image\/jpeg"}],"twitter_card":"summary_large_image","twitter_misc":{"Dur\u00e9e de lecture estim\u00e9e":"3 minutes"},"schema":{"@context":"https:\/\/schema.org","@graph":[{"@type":"WebPage","@id":"https:\/\/www.uni.lu\/fr\/a-propos\/ombuds\/","url":"https:\/\/www.uni.lu\/fr\/a-propos\/ombuds\/","name":"Ombuds - Universit\u00e9 du Luxembourg","isPartOf":{"@id":"https:\/\/www.uni.lu\/fr\/#website"},"datePublished":"2024-12-09T09:02:57+00:00","dateModified":"2025-04-03T08:37:23+00:00","description":"Navigation Menu L\u2019essentiel de notre travail consiste \u00e0 fournir des services informels de r\u00e9solution des litiges. Les ADRS permettent de g\u00e9rer les","breadcrumb":{"@id":"https:\/\/www.uni.lu\/fr\/a-propos\/ombuds\/#breadcrumb"},"inLanguage":"fr-FR","potentialAction":[{"@type":"ReadAction","target":["https:\/\/www.uni.lu\/fr\/a-propos\/ombuds\/"]}]},{"@type":"BreadcrumbList","@id":"https:\/\/www.uni.lu\/fr\/a-propos\/ombuds\/#breadcrumb","itemListElement":[{"@type":"ListItem","position":1,"name":"Home","item":"https:\/\/www.uni.lu\/fr\/"},{"@type":"ListItem","position":2,"name":"\u00c0 propos","item":"https:\/\/www.uni.lu\/fr\/a-propos\/"},{"@type":"ListItem","position":3,"name":"Ombuds"}]},{"@type":"WebSite","@id":"https:\/\/www.uni.lu\/fr\/#website","url":"https:\/\/www.uni.lu\/fr\/","name":"Uni.lu","description":"Universit\u00e9 du Luxembourg","publisher":{"@id":"https:\/\/www.uni.lu\/fr\/#organization"},"alternateName":"Universit\u00e9 du Luxembourg","potentialAction":[{"@type":"SearchAction","target":{"@type":"EntryPoint","urlTemplate":"https:\/\/www.uni.lu\/fr\/?s={search_term_string}"},"query-input":"required name=search_term_string"}],"inLanguage":"fr-FR"},{"@type":"Organization","@id":"https:\/\/www.uni.lu\/fr\/#organization","name":"Universit\u00e9 du Luxembourg","alternateName":"Uni.lu","url":"https:\/\/www.uni.lu\/fr\/","logo":{"@type":"ImageObject","inLanguage":"fr-FR","@id":"https:\/\/www.uni.lu\/fr\/#\/schema\/logo\/image\/","url":"https:\/\/www.uni.lu\/wp-content\/uploads\/sites\/11\/2026\/03\/03120045\/UNIV_SM-Profile_1600x1600px-scaled.jpg","contentUrl":"https:\/\/www.uni.lu\/wp-content\/uploads\/sites\/11\/2026\/03\/03120045\/UNIV_SM-Profile_1600x1600px-scaled.jpg","width":2560,"height":2560,"caption":"Universit\u00e9 du Luxembourg"},"image":{"@id":"https:\/\/www.uni.lu\/fr\/#\/schema\/logo\/image\/"},"sameAs":["https:\/\/www.facebook.com\/uni.lu","https:\/\/www.linkedin.com\/school\/university-of-luxembourg\/","https:\/\/www.instagram.com\/uni.lu","https:\/\/www.youtube.com\/@uni_lu","https:\/\/en.wikipedia.org\/wiki\/University_of_Luxembourg"]}]}},"ticketed":false,"_links":{"self":[{"href":"https:\/\/www.uni.lu\/fr\/wp-json\/wp\/v2\/pages\/13415"}],"collection":[{"href":"https:\/\/www.uni.lu\/fr\/wp-json\/wp\/v2\/pages"}],"about":[{"href":"https:\/\/www.uni.lu\/fr\/wp-json\/wp\/v2\/types\/page"}],"author":[{"embeddable":true,"href":"https:\/\/www.uni.lu\/fr\/wp-json\/wp\/v2\/users\/44"}],"replies":[{"embeddable":true,"href":"https:\/\/www.uni.lu\/fr\/wp-json\/wp\/v2\/comments?post=13415"}],"version-history":[{"count":5,"href":"https:\/\/www.uni.lu\/fr\/wp-json\/wp\/v2\/pages\/13415\/revisions"}],"predecessor-version":[{"id":14873,"href":"https:\/\/www.uni.lu\/fr\/wp-json\/wp\/v2\/pages\/13415\/revisions\/14873"}],"up":[{"embeddable":true,"href":"https:\/\/www.uni.lu\/fr\/wp-json\/wp\/v2\/pages\/2540"}],"wp:authorship":[{"embeddable":true,"href":"https:\/\/www.uni.lu\/fr\/wp-json\/wp\/v2\/users\/44"},{"embeddable":true,"href":"https:\/\/www.uni.lu\/fr\/wp-json\/wp\/v2\/users\/339"}],"wp:attachment":[{"href":"https:\/\/www.uni.lu\/fr\/wp-json\/wp\/v2\/media?parent=13415"}],"wp:term":[{"taxonomy":"field-of-interest","embeddable":true,"href":"https:\/\/www.uni.lu\/fr\/wp-json\/wp\/v2\/field-of-interest?post=13415"},{"taxonomy":"organisation","embeddable":true,"href":"https:\/\/www.uni.lu\/fr\/wp-json\/wp\/v2\/organisation?post=13415"}],"curies":[{"name":"wp","href":"https:\/\/api.w.org\/{rel}","templated":true}]}}