{"id":13123,"date":"2024-11-12T08:52:06","date_gmt":"2024-11-12T07:52:06","guid":{"rendered":"https:\/\/www.uni.lu\/fr\/?page_id=13123"},"modified":"2024-11-12T08:52:09","modified_gmt":"2024-11-12T07:52:09","slug":"integrite-scientifique","status":"publish","type":"page","link":"https:\/\/www.uni.lu\/fr\/a-propos\/ethique-et-integrite\/integrite-scientifique\/","title":{"rendered":"Int\u00e9grit\u00e9 scientifique"},"content":{"rendered":"\n<section class=\"py-0 wp-block-unilux-blocks-free-section section\"><div class=\"container xl:max-w-screen-xl\">\n<h1 class=\"has-text-align-left wp-block-unilux-blocks-heading\"        id=\"integrite-scientifique\"\n    >\nInt\u00e9grit\u00e9 scientifique<\/h1>\n\n\n<div class=\"wp-block-unilux-blocks-spacer is-spacer-size-md\"><\/div>\n\n\n<p>L&rsquo;Universit\u00e9 du Luxembourg m\u00e8ne ses recherches conform\u00e9ment aux normes les plus \u00e9lev\u00e9es en mati\u00e8re d&rsquo;\u00e9thique et d&rsquo;int\u00e9grit\u00e9 dans la recherche. L&rsquo;Universit\u00e9 suit les principes et les pratiques de bonne conduite de la recherche tels que d\u00e9finis dans le <strong>Code de conduite europ\u00e9en pour l&rsquo;int\u00e9grit\u00e9 de la recherche<\/strong> et dans la <strong>Charte et le Code de la Commission europ\u00e9enne pour les chercheurs.<\/strong><\/p>\n\n\n\n<ul class=\"wp-block-unilux-blocks-button-list-v2\">\n<li class=\"wp-block-unilux-blocks-button-list-item-v2\"><a class=\"quick-link\" href=\"https:\/\/allea.org\/code-of-conduct\/\" target=\"_blank\" role=\"link\" rel=\"noopener\" tabindex=\"0\"><span class=\"quick-link__container\">\n<div class=\"wp-block-unilux-blocks-block-inserter quick-link__img\"><\/div>\n\n\n\n<span class=\"quick-link__name wp-block-unilux-blocks-plain-text\">Code de conduite europ\u00e9en pour l&rsquo;int\u00e9grit\u00e9 de la recherche (EN)<\/span>\n\n<svg aria-hidden=\"true\" focusable=\"false\" class=\"icon icon-outline icon--external-link \"><use xlink:href=\"https:\/\/www.uni.lu\/wp-content\/themes\/unilux-theme\/assets\/images\/icons\/icons-outline.svg#icon--external-link\"><\/use><\/svg><\/span><\/a><\/li>\n\n\n\n<li class=\"wp-block-unilux-blocks-button-list-item-v2\"><a class=\"quick-link\" href=\"https:\/\/euraxess.ec.europa.eu\/jobs\/charter\" target=\"_blank\" role=\"link\" rel=\"noopener\" tabindex=\"0\"><span class=\"quick-link__container\">\n<div class=\"wp-block-unilux-blocks-block-inserter quick-link__img\"><\/div>\n\n\n\n<span class=\"quick-link__name wp-block-unilux-blocks-plain-text\">Charte et le Code de la Commission europ\u00e9enne pour les chercheurs (EN)<\/span>\n\n<svg aria-hidden=\"true\" focusable=\"false\" class=\"icon icon-outline icon--external-link \"><use xlink:href=\"https:\/\/www.uni.lu\/wp-content\/themes\/unilux-theme\/assets\/images\/icons\/icons-outline.svg#icon--external-link\"><\/use><\/svg><\/span><\/a><\/li>\n<\/ul>\n\n\n<div class=\"wp-block-unilux-blocks-spacer is-spacer-size-sm\"><\/div>\n\n\n<p>Nos efforts continus pour former notre communaut\u00e9 de chercheurs et la sensibiliser aux meilleures pratiques comprennent les \u00e9l\u00e9ments suivants :<\/p>\n\n\n\n<ul class=\"ulux-list\">\n<li class=\"ulux-list-item\">un cours d&rsquo;apprentissage en ligne sur l&rsquo;int\u00e9grit\u00e9 scientifique , disponible en permanence pour tous nos chercheurs, qu&rsquo;ils soient membres du personnel ou \u00e9tudiants ainsi que des directeurs de recherche d&rsquo;autres instituts de recherche luxembourgeois ;<\/li>\n\n\n\n<li class=\"ulux-list-item\">une formation obligatoire sur les bonnes pratiques scientifiques pour tous les doctorants ;<\/li>\n\n\n\n<li class=\"ulux-list-item\">des ateliers sur l&rsquo;\u00e9thique de la recherche et l&rsquo;int\u00e9grit\u00e9 scientifique pour les superviseurs (obligatoires pour les nouveaux arrivants) ;<\/li>\n<\/ul>\n\n\n\n<p>En tant qu&rsquo;universit\u00e9 de recherche comptant plus d&rsquo;un millier de doctorants, l&rsquo;Universit\u00e9 met particuli\u00e8rement l&rsquo;accent sur la formation des chercheurs en d\u00e9but de carri\u00e8re, lors de journ\u00e9es d&rsquo;initiation annuelles, leur permettant ainsi de d\u00e9marrer leurs recherches dans le respect de l\u2019int\u00e9grit\u00e9 scientifique.<\/p>\n\n\n\n<p>Les cas pr\u00e9sum\u00e9s de manquement \u00e0 l\u2019int\u00e9grit\u00e9 scientifique doivent \u00eatre signal\u00e9s et seront trait\u00e9s sans d\u00e9lai. En fonction de la gravit\u00e9 de la faute pr\u00e9sum\u00e9e, l&rsquo;all\u00e9gation doit \u00eatre communiqu\u00e9e au sup\u00e9rieur hi\u00e9rarchique direct, au chef de groupe, au chef de d\u00e9partement, au doyen ou au directeur, ou au vice-recteur \u00e0 la recherche. La confidentialit\u00e9 des communications est garantie tout au long du processus. Les all\u00e9gations cr\u00e9dibles \u00e0 l\u2019int\u00e9grit\u00e9 scientifique seront transmises \u00e0 l&rsquo;Agence luxembourgeoise pour l&rsquo;int\u00e9grit\u00e9 de la recherche (Luxembourg Agency for Research Integrity &#8211; LARI) pour enqu\u00eate.<\/p>\n\n\n\n<ul class=\"wp-block-unilux-blocks-button-list-v2\">\n<li class=\"wp-block-unilux-blocks-button-list-item-v2\"><a class=\"quick-link\" href=\"https:\/\/lari.lu\/\" target=\"_blank\" role=\"link\" rel=\"noopener\" tabindex=\"0\"><span class=\"quick-link__container\">\n<div class=\"wp-block-unilux-blocks-block-inserter quick-link__img\"><figure class=\"wp-block-dev4-reusable-blocks-image  object-fit--cover\">\n    \n<img decoding=\"async\" class=\"wp-block-image unilux-custom-image-block\"\n                alt=\"LARI logo\"\n            src=\"https:\/\/www.uni.lu\/wp-content\/uploads\/sites\/9\/2024\/11\/LARI_logo.webp\"\n                    style=\"object-position: 50.00% 50.00%; font-family: &quot;object-fit: cover; object-position: 50.00% 50.00%;&quot;; aspect-ratio: 1\/1; object-fit: cover; width: 100%;\"\n        loading=\"lazy\"\n\/>    <\/figure><\/div>\n\n\n\n<span class=\"quick-link__name wp-block-unilux-blocks-plain-text\">Luxembourg Agency for Research Integrity (LARI)(EN) <\/span>\n\n<svg aria-hidden=\"true\" focusable=\"false\" class=\"icon icon-outline icon--external-link \"><use xlink:href=\"https:\/\/www.uni.lu\/wp-content\/themes\/unilux-theme\/assets\/images\/icons\/icons-outline.svg#icon--external-link\"><\/use><\/svg><\/span><\/a><\/li>\n<\/ul>\n<\/div><\/section>\n","protected":false},"excerpt":{"rendered":"","protected":false},"author":33,"featured_media":0,"parent":3429,"menu_order":0,"comment_status":"closed","ping_status":"closed","template":"","meta":{"featured_image_focal_point":[],"show_featured_caption":false,"ulux_newsletter_groups":"","uluxPostTitle":"","uluxPrePostTitle":"\u00c9thique et int\u00e9grit\u00e9","_trash_the_other_posts":false,"_price":"","_stock":"","_tribe_ticket_header":"","_tribe_default_ticket_provider":"","_tribe_ticket_capacity":"0","_ticket_start_date":"","_ticket_end_date":"","_tribe_ticket_show_description":"","_tribe_ticket_show_not_going":false,"_tribe_ticket_use_global_stock":"","_tribe_ticket_global_stock_level":"","_global_stock_mode":"","_global_stock_cap":"","_tribe_rsvp_for_event":"","_tribe_ticket_going_count":"","_tribe_ticket_not_going_count":"","_tribe_tickets_list":"[]","_tribe_ticket_has_attendee_info_fields":false,"footnotes":""},"field-of-interest":[],"organisation":[],"authorship":[33],"acf":[],"yoast_head":"<!-- This site is optimized with the Yoast SEO Premium plugin v22.3 (Yoast SEO v22.3) - https:\/\/yoast.com\/wordpress\/plugins\/seo\/ -->\n<title>Int\u00e9grit\u00e9 scientifique - Universit\u00e9 du Luxembourg<\/title>\n<meta name=\"description\" content=\"L&#039;Universit\u00e9 du Luxembourg m\u00e8ne ses recherches conform\u00e9ment aux normes les plus \u00e9lev\u00e9es en mati\u00e8re d&#039;\u00e9thique et d&#039;int\u00e9grit\u00e9 dans la recherche.\" \/>\n<meta name=\"robots\" content=\"index, follow, max-snippet:-1, max-image-preview:large, max-video-preview:-1\" \/>\n<link rel=\"canonical\" href=\"https:\/\/www.uni.lu\/fr\/a-propos\/ethique-et-integrite\/integrite-scientifique\/\" \/>\n<meta property=\"og:locale\" content=\"fr_FR\" \/>\n<meta property=\"og:type\" content=\"article\" \/>\n<meta property=\"og:title\" content=\"Int\u00e9grit\u00e9 scientifique\" \/>\n<meta property=\"og:description\" content=\"L&#039;Universit\u00e9 du Luxembourg m\u00e8ne ses recherches conform\u00e9ment aux normes les plus \u00e9lev\u00e9es en mati\u00e8re d&#039;\u00e9thique et d&#039;int\u00e9grit\u00e9 dans la recherche.\" \/>\n<meta property=\"og:url\" content=\"https:\/\/www.uni.lu\/fr\/a-propos\/ethique-et-integrite\/integrite-scientifique\/\" \/>\n<meta property=\"og:site_name\" content=\"UNI FR\" \/>\n<meta property=\"article:publisher\" content=\"https:\/\/www.facebook.com\/uni.lu\" \/>\n<meta property=\"article:modified_time\" content=\"2024-11-12T07:52:09+00:00\" \/>\n<meta property=\"og:image\" content=\"https:\/\/www.uni.lu\/wp-content\/uploads\/sites\/11\/2026\/03\/03120045\/UNIV_SM-Profile_1600x1600px-scaled.jpg\" \/>\n\t<meta property=\"og:image:width\" content=\"2560\" \/>\n\t<meta property=\"og:image:height\" content=\"2560\" \/>\n\t<meta property=\"og:image:type\" content=\"image\/jpeg\" \/>\n<meta name=\"twitter:card\" content=\"summary_large_image\" \/>\n<meta name=\"twitter:label1\" content=\"Dur\u00e9e de lecture estim\u00e9e\" \/>\n\t<meta name=\"twitter:data1\" content=\"2 minutes\" \/>\n<script type=\"application\/ld+json\" class=\"yoast-schema-graph\">{\"@context\":\"https:\/\/schema.org\",\"@graph\":[{\"@type\":\"WebPage\",\"@id\":\"https:\/\/www.uni.lu\/fr\/a-propos\/ethique-et-integrite\/integrite-scientifique\/\",\"url\":\"https:\/\/www.uni.lu\/fr\/a-propos\/ethique-et-integrite\/integrite-scientifique\/\",\"name\":\"Int\u00e9grit\u00e9 scientifique - Universit\u00e9 du Luxembourg\",\"isPartOf\":{\"@id\":\"https:\/\/www.uni.lu\/fr\/#website\"},\"datePublished\":\"2024-11-12T07:52:06+00:00\",\"dateModified\":\"2024-11-12T07:52:09+00:00\",\"description\":\"L'Universit\u00e9 du Luxembourg m\u00e8ne ses recherches conform\u00e9ment aux normes les plus \u00e9lev\u00e9es en mati\u00e8re d'\u00e9thique et d'int\u00e9grit\u00e9 dans la recherche.\",\"breadcrumb\":{\"@id\":\"https:\/\/www.uni.lu\/fr\/a-propos\/ethique-et-integrite\/integrite-scientifique\/#breadcrumb\"},\"inLanguage\":\"fr-FR\",\"potentialAction\":[{\"@type\":\"ReadAction\",\"target\":[\"https:\/\/www.uni.lu\/fr\/a-propos\/ethique-et-integrite\/integrite-scientifique\/\"]}]},{\"@type\":\"BreadcrumbList\",\"@id\":\"https:\/\/www.uni.lu\/fr\/a-propos\/ethique-et-integrite\/integrite-scientifique\/#breadcrumb\",\"itemListElement\":[{\"@type\":\"ListItem\",\"position\":1,\"name\":\"Home\",\"item\":\"https:\/\/www.uni.lu\/fr\/\"},{\"@type\":\"ListItem\",\"position\":2,\"name\":\"\u00c0 propos\",\"item\":\"https:\/\/www.uni.lu\/fr\/a-propos\/\"},{\"@type\":\"ListItem\",\"position\":3,\"name\":\"\u00c9thique et int\u00e9grit\u00e9\",\"item\":\"https:\/\/www.uni.lu\/fr\/a-propos\/ethique-et-integrite\/\"},{\"@type\":\"ListItem\",\"position\":4,\"name\":\"Int\u00e9grit\u00e9 scientifique\"}]},{\"@type\":\"WebSite\",\"@id\":\"https:\/\/www.uni.lu\/fr\/#website\",\"url\":\"https:\/\/www.uni.lu\/fr\/\",\"name\":\"Uni.lu\",\"description\":\"Universit\u00e9 du Luxembourg\",\"publisher\":{\"@id\":\"https:\/\/www.uni.lu\/fr\/#organization\"},\"alternateName\":\"Universit\u00e9 du Luxembourg\",\"potentialAction\":[{\"@type\":\"SearchAction\",\"target\":{\"@type\":\"EntryPoint\",\"urlTemplate\":\"https:\/\/www.uni.lu\/fr\/?s={search_term_string}\"},\"query-input\":\"required name=search_term_string\"}],\"inLanguage\":\"fr-FR\"},{\"@type\":\"Organization\",\"@id\":\"https:\/\/www.uni.lu\/fr\/#organization\",\"name\":\"Universit\u00e9 du Luxembourg\",\"alternateName\":\"Uni.lu\",\"url\":\"https:\/\/www.uni.lu\/fr\/\",\"logo\":{\"@type\":\"ImageObject\",\"inLanguage\":\"fr-FR\",\"@id\":\"https:\/\/www.uni.lu\/fr\/#\/schema\/logo\/image\/\",\"url\":\"https:\/\/www.uni.lu\/wp-content\/uploads\/sites\/11\/2026\/03\/03120045\/UNIV_SM-Profile_1600x1600px-scaled.jpg\",\"contentUrl\":\"https:\/\/www.uni.lu\/wp-content\/uploads\/sites\/11\/2026\/03\/03120045\/UNIV_SM-Profile_1600x1600px-scaled.jpg\",\"width\":2560,\"height\":2560,\"caption\":\"Universit\u00e9 du Luxembourg\"},\"image\":{\"@id\":\"https:\/\/www.uni.lu\/fr\/#\/schema\/logo\/image\/\"},\"sameAs\":[\"https:\/\/www.facebook.com\/uni.lu\",\"https:\/\/www.linkedin.com\/school\/university-of-luxembourg\/\",\"https:\/\/www.instagram.com\/uni.lu\",\"https:\/\/www.youtube.com\/@uni_lu\",\"https:\/\/en.wikipedia.org\/wiki\/University_of_Luxembourg\"]}]}<\/script>\n<!-- \/ Yoast SEO Premium plugin. -->","yoast_head_json":{"title":"Int\u00e9grit\u00e9 scientifique - Universit\u00e9 du Luxembourg","description":"L'Universit\u00e9 du Luxembourg m\u00e8ne ses recherches conform\u00e9ment aux normes les plus \u00e9lev\u00e9es en mati\u00e8re d'\u00e9thique et d'int\u00e9grit\u00e9 dans la recherche.","robots":{"index":"index","follow":"follow","max-snippet":"max-snippet:-1","max-image-preview":"max-image-preview:large","max-video-preview":"max-video-preview:-1"},"canonical":"https:\/\/www.uni.lu\/fr\/a-propos\/ethique-et-integrite\/integrite-scientifique\/","og_locale":"fr_FR","og_type":"article","og_title":"Int\u00e9grit\u00e9 scientifique","og_description":"L'Universit\u00e9 du Luxembourg m\u00e8ne ses recherches conform\u00e9ment aux normes les plus \u00e9lev\u00e9es en mati\u00e8re d'\u00e9thique et d'int\u00e9grit\u00e9 dans la recherche.","og_url":"https:\/\/www.uni.lu\/fr\/a-propos\/ethique-et-integrite\/integrite-scientifique\/","og_site_name":"UNI FR","article_publisher":"https:\/\/www.facebook.com\/uni.lu","article_modified_time":"2024-11-12T07:52:09+00:00","og_image":[{"width":2560,"height":2560,"url":"https:\/\/www.uni.lu\/wp-content\/uploads\/sites\/11\/2026\/03\/03120045\/UNIV_SM-Profile_1600x1600px-scaled.jpg","type":"image\/jpeg"}],"twitter_card":"summary_large_image","twitter_misc":{"Dur\u00e9e de lecture estim\u00e9e":"2 minutes"},"schema":{"@context":"https:\/\/schema.org","@graph":[{"@type":"WebPage","@id":"https:\/\/www.uni.lu\/fr\/a-propos\/ethique-et-integrite\/integrite-scientifique\/","url":"https:\/\/www.uni.lu\/fr\/a-propos\/ethique-et-integrite\/integrite-scientifique\/","name":"Int\u00e9grit\u00e9 scientifique - Universit\u00e9 du Luxembourg","isPartOf":{"@id":"https:\/\/www.uni.lu\/fr\/#website"},"datePublished":"2024-11-12T07:52:06+00:00","dateModified":"2024-11-12T07:52:09+00:00","description":"L'Universit\u00e9 du Luxembourg m\u00e8ne ses recherches conform\u00e9ment aux normes les plus \u00e9lev\u00e9es en mati\u00e8re d'\u00e9thique et d'int\u00e9grit\u00e9 dans la recherche.","breadcrumb":{"@id":"https:\/\/www.uni.lu\/fr\/a-propos\/ethique-et-integrite\/integrite-scientifique\/#breadcrumb"},"inLanguage":"fr-FR","potentialAction":[{"@type":"ReadAction","target":["https:\/\/www.uni.lu\/fr\/a-propos\/ethique-et-integrite\/integrite-scientifique\/"]}]},{"@type":"BreadcrumbList","@id":"https:\/\/www.uni.lu\/fr\/a-propos\/ethique-et-integrite\/integrite-scientifique\/#breadcrumb","itemListElement":[{"@type":"ListItem","position":1,"name":"Home","item":"https:\/\/www.uni.lu\/fr\/"},{"@type":"ListItem","position":2,"name":"\u00c0 propos","item":"https:\/\/www.uni.lu\/fr\/a-propos\/"},{"@type":"ListItem","position":3,"name":"\u00c9thique et int\u00e9grit\u00e9","item":"https:\/\/www.uni.lu\/fr\/a-propos\/ethique-et-integrite\/"},{"@type":"ListItem","position":4,"name":"Int\u00e9grit\u00e9 scientifique"}]},{"@type":"WebSite","@id":"https:\/\/www.uni.lu\/fr\/#website","url":"https:\/\/www.uni.lu\/fr\/","name":"Uni.lu","description":"Universit\u00e9 du Luxembourg","publisher":{"@id":"https:\/\/www.uni.lu\/fr\/#organization"},"alternateName":"Universit\u00e9 du Luxembourg","potentialAction":[{"@type":"SearchAction","target":{"@type":"EntryPoint","urlTemplate":"https:\/\/www.uni.lu\/fr\/?s={search_term_string}"},"query-input":"required name=search_term_string"}],"inLanguage":"fr-FR"},{"@type":"Organization","@id":"https:\/\/www.uni.lu\/fr\/#organization","name":"Universit\u00e9 du Luxembourg","alternateName":"Uni.lu","url":"https:\/\/www.uni.lu\/fr\/","logo":{"@type":"ImageObject","inLanguage":"fr-FR","@id":"https:\/\/www.uni.lu\/fr\/#\/schema\/logo\/image\/","url":"https:\/\/www.uni.lu\/wp-content\/uploads\/sites\/11\/2026\/03\/03120045\/UNIV_SM-Profile_1600x1600px-scaled.jpg","contentUrl":"https:\/\/www.uni.lu\/wp-content\/uploads\/sites\/11\/2026\/03\/03120045\/UNIV_SM-Profile_1600x1600px-scaled.jpg","width":2560,"height":2560,"caption":"Universit\u00e9 du Luxembourg"},"image":{"@id":"https:\/\/www.uni.lu\/fr\/#\/schema\/logo\/image\/"},"sameAs":["https:\/\/www.facebook.com\/uni.lu","https:\/\/www.linkedin.com\/school\/university-of-luxembourg\/","https:\/\/www.instagram.com\/uni.lu","https:\/\/www.youtube.com\/@uni_lu","https:\/\/en.wikipedia.org\/wiki\/University_of_Luxembourg"]}]}},"ticketed":false,"_links":{"self":[{"href":"https:\/\/www.uni.lu\/fr\/wp-json\/wp\/v2\/pages\/13123"}],"collection":[{"href":"https:\/\/www.uni.lu\/fr\/wp-json\/wp\/v2\/pages"}],"about":[{"href":"https:\/\/www.uni.lu\/fr\/wp-json\/wp\/v2\/types\/page"}],"author":[{"embeddable":true,"href":"https:\/\/www.uni.lu\/fr\/wp-json\/wp\/v2\/users\/33"}],"replies":[{"embeddable":true,"href":"https:\/\/www.uni.lu\/fr\/wp-json\/wp\/v2\/comments?post=13123"}],"version-history":[{"count":3,"href":"https:\/\/www.uni.lu\/fr\/wp-json\/wp\/v2\/pages\/13123\/revisions"}],"predecessor-version":[{"id":13126,"href":"https:\/\/www.uni.lu\/fr\/wp-json\/wp\/v2\/pages\/13123\/revisions\/13126"}],"up":[{"embeddable":true,"href":"https:\/\/www.uni.lu\/fr\/wp-json\/wp\/v2\/pages\/3429"}],"wp:authorship":[{"embeddable":true,"href":"https:\/\/www.uni.lu\/fr\/wp-json\/wp\/v2\/users\/33"}],"wp:attachment":[{"href":"https:\/\/www.uni.lu\/fr\/wp-json\/wp\/v2\/media?parent=13123"}],"wp:term":[{"taxonomy":"field-of-interest","embeddable":true,"href":"https:\/\/www.uni.lu\/fr\/wp-json\/wp\/v2\/field-of-interest?post=13123"},{"taxonomy":"organisation","embeddable":true,"href":"https:\/\/www.uni.lu\/fr\/wp-json\/wp\/v2\/organisation?post=13123"}],"curies":[{"name":"wp","href":"https:\/\/api.w.org\/{rel}","templated":true}]}}