{"id":11589,"date":"2024-06-05T10:13:44","date_gmt":"2024-06-05T08:13:44","guid":{"rendered":"https:\/\/www.uni.lu\/fr\/?page_id=11589"},"modified":"2026-03-24T08:15:29","modified_gmt":"2026-03-24T07:15:29","slug":"mode-emploi","status":"publish","type":"page","link":"https:\/\/www.uni.lu\/fr\/etudes\/decouvrir-l-universite\/universite-a-l-essai\/mode-emploi\/","title":{"rendered":"Mode d&#8217;emploi"},"content":{"rendered":"<div class=\"section py-0 static\">\n<section class=\"py-0 wp-block-unilux-blocks-free-section section\"><div class=\"container xl:max-w-screen-xl\"><!-- SecondaryNavigationMirror --><div class=\"js-secondary-nav--sticky wp-block-unilux-blocks-secondary-navigation\" id=\"35c424bf-ec59-423b-90ee-a44348f822d3\">\n    <nav id=\"secondary-navigation\" role=\"navigation\" aria-label=\"Secondary menu\" class=\"secondary-nav\">\n        <button class=\"secondary-nav__button btn btn-solid--primary w-full\" aria-expanded=\"false\" aria-controls=\"secondary-navigation__list\" title=\"The selected page is Mode d&#039;emploi\" type=\"button\">\n            <span class=\"btn__name mr-auto\">Mode d&#039;emploi<\/span>\n            <svg aria-hidden=\"true\" focusable=\"false\" class=\"icon icon-outline icon--xs\">\n                <use xlink:href=\"https:\/\/www.uni.lu\/wp-content\/themes\/unilux-theme\/assets\/images\/icons\/icons-outline.svg#icon--arrow-down\" \/>\n            <\/svg>\n        <\/button>\n\n        <ul id=\"secondary-navigation__list\" class=\"secondary-nav__list\">\n            <li class=\"secondary-nav__item\">\n    <a href=\"https:\/\/www.uni.lu\/fr\/etudes\/decouvrir-l-universite\/universite-a-l-essai\/\" target=\"\" rel=\"noreferrer noopener\" class=\"secondary-nav__link \">\n        <svg aria-hidden=\"true\" focusable=\"false\" class=\"icon icon-outline icon--xs\">\n            <use xlink:href=\"https:\/\/www.uni.lu\/wp-content\/themes\/unilux-theme\/assets\/images\/icons\/icons-outline.svg#icon--arrow-right\" \/>\n        <\/svg>\n        <span class=\"secondary-nav__name\">Aper\u00e7u<\/span>\n    <\/a>\n<\/li>\n<li class=\"secondary-nav__item\">\n    <a href=\"https:\/\/www.uni.lu\/fr\/etudes\/decouvrir-l-universite\/universite-a-l-essai\/mode-emploi\/\" target=\"\" rel=\"noreferrer noopener\" class=\"secondary-nav__link isactived\" aria-current=\"page\">\n        <svg aria-hidden=\"true\" focusable=\"false\" class=\"icon icon-outline icon--xs\">\n            <use xlink:href=\"https:\/\/www.uni.lu\/wp-content\/themes\/unilux-theme\/assets\/images\/icons\/icons-outline.svg#icon--arrow-right\" \/>\n        <\/svg>\n        <span class=\"secondary-nav__name\">Mode d&#8217;emploi<\/span>\n    <\/a>\n<\/li>\n<li class=\"secondary-nav__item\">\n    <a href=\"https:\/\/www.uni.lu\/fr\/etudes\/decouvrir-l-universite\/universite-a-l-essai\/bachelors\/\" target=\"\" rel=\"noreferrer noopener\" class=\"secondary-nav__link \">\n        <svg aria-hidden=\"true\" focusable=\"false\" class=\"icon icon-outline icon--xs\">\n            <use xlink:href=\"https:\/\/www.uni.lu\/wp-content\/themes\/unilux-theme\/assets\/images\/icons\/icons-outline.svg#icon--arrow-right\" \/>\n        <\/svg>\n        <span class=\"secondary-nav__name\">Bachelors<\/span>\n    <\/a>\n<\/li>\n<li class=\"secondary-nav__item\">\n    <a href=\"https:\/\/www.uni.lu\/fr\/etudes\/decouvrir-l-universite\/universite-a-l-essai\/visites\/\" target=\"\" rel=\"noreferrer noopener\" class=\"secondary-nav__link \">\n        <svg aria-hidden=\"true\" focusable=\"false\" class=\"icon icon-outline icon--xs\">\n            <use xlink:href=\"https:\/\/www.uni.lu\/wp-content\/themes\/unilux-theme\/assets\/images\/icons\/icons-outline.svg#icon--arrow-right\" \/>\n        <\/svg>\n        <span class=\"secondary-nav__name\">Visites guid\u00e9es<\/span>\n    <\/a>\n<\/li>\n<li class=\"secondary-nav__item\">\n    <a href=\"https:\/\/www.uni.lu\/fr\/etudes\/decouvrir-l-universite\/universite-a-l-essai\/atouts\/\" target=\"\" rel=\"noreferrer noopener\" class=\"secondary-nav__link \">\n        <svg aria-hidden=\"true\" focusable=\"false\" class=\"icon icon-outline icon--xs\">\n            <use xlink:href=\"https:\/\/www.uni.lu\/wp-content\/themes\/unilux-theme\/assets\/images\/icons\/icons-outline.svg#icon--arrow-right\" \/>\n        <\/svg>\n        <span class=\"secondary-nav__name\">Atouts<\/span>\n    <\/a>\n<\/li>\n<li class=\"secondary-nav__item\">\n    <a href=\"https:\/\/www.uni.lu\/fr\/etudes\/decouvrir-l-universite\/universite-a-l-essai\/faq\/\" target=\"\" rel=\"noreferrer noopener\" class=\"secondary-nav__link \">\n        <svg aria-hidden=\"true\" focusable=\"false\" class=\"icon icon-outline icon--xs\">\n            <use xlink:href=\"https:\/\/www.uni.lu\/wp-content\/themes\/unilux-theme\/assets\/images\/icons\/icons-outline.svg#icon--arrow-right\" \/>\n        <\/svg>\n        <span class=\"secondary-nav__name\">FAQ<\/span>\n    <\/a>\n<\/li>\n<li class=\"secondary-nav__item\">\n    <a href=\"https:\/\/www.uni.lu\/fr\/etudes\/decouvrir-l-universite\/universite-a-l-essai\/contact\/\" target=\"\" rel=\"noreferrer noopener\" class=\"secondary-nav__link \">\n        <svg aria-hidden=\"true\" focusable=\"false\" class=\"icon icon-outline icon--xs\">\n            <use xlink:href=\"https:\/\/www.uni.lu\/wp-content\/themes\/unilux-theme\/assets\/images\/icons\/icons-outline.svg#icon--arrow-right\" \/>\n        <\/svg>\n        <span class=\"secondary-nav__name\">Contact<\/span>\n    <\/a>\n<\/li>\n        <\/ul>\n    <\/nav>\n<\/div>\n<!-- end SecondaryNavigationMirror --><\/div><\/section>\n\n\n\n<section class=\"wp-block-unilux-blocks-free-section section\"><div class=\"container xl:max-w-screen-xl\">\n<h1 class=\"has-text-align-left wp-block-unilux-blocks-heading\"        id=\"mode-emploi\"\n    >\nComment se d\u00e9roule l&rsquo;Universit\u00e9 \u00e0 l&rsquo;essai ?<\/h1>\n\n\n\n<ul class=\"wp-block-unilux-blocks-highlighted-list list-highlighted list-highlighted--history\"><li class=\"list-highlighted__item  wp-block-unilux-blocks-highlighted-list-item\">\n    <header class=\"list-highlighted__header wp-block-unilux-blocks-highlighted-list-item-header\">\n    \n<h4 class=\"title text-18 font-bold has-text-align-left wp-block-unilux-blocks-heading\"        id=\"1-decouvrez-nos-bachelors-et-choisissez-votre-cours\"\n    >\n1. D\u00e9couvrez nos bachelors et choisissez votre cours<\/h4>\n<div class=\"wp-block-unilux-blocks-bigtext\">\n    <span>\n        \n1    <\/span>\n<\/div><\/header><div class=\"list-highlighted__body wp-block-unilux-blocks-highlighted-list-item-body\">\n    <div class=\"wp-block-unilux-blocks-highlighted-list-item-free-content-area\">\n    \n<p><strong>D\u00e9couvrez nos bachelors <\/strong><\/p>\n\n<p>D\u00e9couvrez nos <a href=\"https:\/\/www.uni.lu\/fr\/etudes\/decouvrir-l-universite\/universite-a-l-essai\/bachelors\">programmes d\u2019\u00e9tudes de Bachelor<\/a>.<\/p>\n<\/div><\/div><\/li>\n\n<li class=\"list-highlighted__item  wp-block-unilux-blocks-highlighted-list-item\">\n    <header class=\"list-highlighted__header wp-block-unilux-blocks-highlighted-list-item-header\">\n    \n<h4 class=\"title text-18 font-bold has-text-align-left wp-block-unilux-blocks-heading\"        id=\"2-participez-a-une-visite-guidee-et-rencontrez-nos-alumni\"\n    >\n2. Participez \u00e0 une visite guid\u00e9e et rencontrez nos alumni<\/h4>\n<div class=\"wp-block-unilux-blocks-bigtext\">\n    <span>\n        \n2    <\/span>\n<\/div><\/header><div class=\"list-highlighted__body wp-block-unilux-blocks-highlighted-list-item-body\">\n    <div class=\"wp-block-unilux-blocks-highlighted-list-item-free-content-area\">\n    \n<p><strong>Choisissez votre cours et participez \u00e0 une visite guid\u00e9e<\/strong><\/p>\n\n<p>Inscrivez-vous \u00e0 une pr\u00e9sentation g\u00e9n\u00e9rale de l&rsquo;universit\u00e9, choisissez un ou deux cours parmi les cours propos\u00e9s et s\u00e9lectionnez une visite guid\u00e9e afin de d\u00e9couvrir le Campus de Belval ainsi que la biblioth\u00e8que universitaire, le Luxembourg Learning Centre (LLC).<\/p>\n<\/div><\/div><\/li>\n\n<li class=\"list-highlighted__item  wp-block-unilux-blocks-highlighted-list-item\">\n    <header class=\"list-highlighted__header wp-block-unilux-blocks-highlighted-list-item-header\">\n    \n<h4 class=\"title text-18 font-bold has-text-align-left wp-block-unilux-blocks-heading\"    >\n<\/h4>\n<div class=\"wp-block-unilux-blocks-bigtext\">\n    <span>\n        \n3    <\/span>\n<\/div><\/header><div class=\"list-highlighted__body wp-block-unilux-blocks-highlighted-list-item-body\">\n    <div class=\"wp-block-unilux-blocks-highlighted-list-item-free-content-area\">\n    \n<div class=\"icon--dark icon--dark-2  wp-block-unilux-blocks-icon-picker\">\n    <svg aria-hidden=\"true\" focusable=\"false\" class=\"icon icon-outline icon--warning \"><use xlink:href=\"https:\/\/www.uni.lu\/wp-content\/themes\/unilux-theme\/assets\/images\/icons\/icons-outline.svg#icon--warning\"><\/use><\/svg><\/div>\n<p>Attention, le <strong>nombre de places est limit\u00e9<\/strong> et <strong>l\u2019inscription<\/strong> est <strong>obligatoire<\/strong>. Apr\u00e8s votre inscription, vous recevrez un email de confirmation comprenant toutes les informations pratiques.<\/p>\n<\/div><\/div><\/li>\n\n<li class=\"list-highlighted__item  wp-block-unilux-blocks-highlighted-list-item\">\n    <header class=\"list-highlighted__header wp-block-unilux-blocks-highlighted-list-item-header\">\n    \n<h4 class=\"title text-18 font-bold has-text-align-left wp-block-unilux-blocks-heading\"    >\n<\/h4>\n<div class=\"wp-block-unilux-blocks-bigtext\">\n    <span>\n        \n4    <\/span>\n<\/div><\/header><div class=\"list-highlighted__body wp-block-unilux-blocks-highlighted-list-item-body\">\n    <div class=\"wp-block-unilux-blocks-highlighted-list-item-free-content-area\">\n    \n<p><strong>Rejoignez-nous sur le Campus et d\u00e9couvrez l&rsquo;Universit\u00e9<\/strong><\/p>\n\n<p>Rejoignez-nous sur le Campus de Belval et rencontrez nos \u00e9tudiants ambassadeurs lors de la pr\u00e9sentation g\u00e9n\u00e9rale de l&rsquo;Universit\u00e9, rejoignez vos salles de classe pour assister \u00e0 vos cours et d\u00e9couvrez le Campus de Belval \u00e0 travers les diff\u00e9rentes visites guid\u00e9es.  <\/p>\n\n<p><strong>D&rsquo;autres questions ? Consultez notre FAQ<\/strong><\/p>\n<\/div><\/div><\/li><\/ul>\n<\/div><\/section>\n<\/div>","protected":false},"excerpt":{"rendered":"","protected":false},"author":124,"featured_media":0,"parent":2932,"menu_order":0,"comment_status":"closed","ping_status":"closed","template":"","meta":{"featured_image_focal_point":[],"show_featured_caption":false,"ulux_newsletter_groups":"","uluxPostTitle":"Universit\u00e9 \u00e0 l\u2019essai \u2013 du lundi 2 au vendredi 6 novembre 2026","uluxPrePostTitle":"D\u00e9couvrir l\u2019Universit\u00e9","_trash_the_other_posts":false,"_price":"","_stock":"","_tribe_ticket_header":"","_tribe_default_ticket_provider":"","_tribe_ticket_capacity":"0","_ticket_start_date":"","_ticket_end_date":"","_tribe_ticket_show_description":"","_tribe_ticket_show_not_going":false,"_tribe_ticket_use_global_stock":"","_tribe_ticket_global_stock_level":"","_global_stock_mode":"","_global_stock_cap":"","_tribe_rsvp_for_event":"","_tribe_ticket_going_count":"","_tribe_ticket_not_going_count":"","_tribe_tickets_list":"[]","_tribe_ticket_has_attendee_info_fields":false,"footnotes":""},"field-of-interest":[],"organisation":[],"authorship":[124,123,343,33],"acf":[],"yoast_head":"<!-- This site is optimized with the Yoast SEO Premium plugin v22.3 (Yoast SEO v22.3) - https:\/\/yoast.com\/wordpress\/plugins\/seo\/ -->\n<title>Mode d&#039;emploi - Universit\u00e9 du Luxembourg<\/title>\n<meta name=\"description\" content=\"D\u00e9couvrez nos bachelors D\u00e9couvrez nos programmes d\u2019\u00e9tudes de Bachelor. Choisissez votre cours et participez \u00e0 une visite guid\u00e9e Inscrivez-vous \u00e0 une\" \/>\n<meta name=\"robots\" content=\"index, follow, max-snippet:-1, max-image-preview:large, max-video-preview:-1\" \/>\n<link rel=\"canonical\" href=\"https:\/\/www.uni.lu\/fr\/etudes\/decouvrir-l-universite\/universite-a-l-essai\/mode-emploi\/\" \/>\n<meta property=\"og:locale\" content=\"fr_FR\" \/>\n<meta property=\"og:type\" content=\"article\" \/>\n<meta property=\"og:title\" content=\"Mode d&#039;emploi\" \/>\n<meta property=\"og:description\" content=\"D\u00e9couvrez nos bachelors D\u00e9couvrez nos programmes d\u2019\u00e9tudes de Bachelor. Choisissez votre cours et participez \u00e0 une visite guid\u00e9e Inscrivez-vous \u00e0 une\" \/>\n<meta property=\"og:url\" content=\"https:\/\/www.uni.lu\/fr\/etudes\/decouvrir-l-universite\/universite-a-l-essai\/mode-emploi\/\" \/>\n<meta property=\"og:site_name\" content=\"UNI FR\" \/>\n<meta property=\"article:publisher\" content=\"https:\/\/www.facebook.com\/uni.lu\" \/>\n<meta property=\"article:modified_time\" content=\"2026-03-24T07:15:29+00:00\" \/>\n<meta property=\"og:image\" content=\"https:\/\/www.uni.lu\/wp-content\/uploads\/sites\/11\/2026\/03\/03120045\/UNIV_SM-Profile_1600x1600px-scaled.jpg\" \/>\n\t<meta property=\"og:image:width\" content=\"2560\" \/>\n\t<meta property=\"og:image:height\" content=\"2560\" \/>\n\t<meta property=\"og:image:type\" content=\"image\/jpeg\" \/>\n<meta name=\"twitter:card\" content=\"summary_large_image\" \/>\n<meta name=\"twitter:label1\" content=\"Dur\u00e9e de lecture estim\u00e9e\" \/>\n\t<meta name=\"twitter:data1\" content=\"1 minute\" \/>\n<script type=\"application\/ld+json\" class=\"yoast-schema-graph\">{\"@context\":\"https:\/\/schema.org\",\"@graph\":[{\"@type\":\"WebPage\",\"@id\":\"https:\/\/www.uni.lu\/fr\/etudes\/decouvrir-l-universite\/universite-a-l-essai\/mode-emploi\/\",\"url\":\"https:\/\/www.uni.lu\/fr\/etudes\/decouvrir-l-universite\/universite-a-l-essai\/mode-emploi\/\",\"name\":\"Mode d'emploi - Universit\u00e9 du Luxembourg\",\"isPartOf\":{\"@id\":\"https:\/\/www.uni.lu\/fr\/#website\"},\"datePublished\":\"2024-06-05T08:13:44+00:00\",\"dateModified\":\"2026-03-24T07:15:29+00:00\",\"description\":\"D\u00e9couvrez nos bachelors D\u00e9couvrez nos programmes d\u2019\u00e9tudes de Bachelor. Choisissez votre cours et participez \u00e0 une visite guid\u00e9e Inscrivez-vous \u00e0 une\",\"breadcrumb\":{\"@id\":\"https:\/\/www.uni.lu\/fr\/etudes\/decouvrir-l-universite\/universite-a-l-essai\/mode-emploi\/#breadcrumb\"},\"inLanguage\":\"fr-FR\",\"potentialAction\":[{\"@type\":\"ReadAction\",\"target\":[\"https:\/\/www.uni.lu\/fr\/etudes\/decouvrir-l-universite\/universite-a-l-essai\/mode-emploi\/\"]}]},{\"@type\":\"BreadcrumbList\",\"@id\":\"https:\/\/www.uni.lu\/fr\/etudes\/decouvrir-l-universite\/universite-a-l-essai\/mode-emploi\/#breadcrumb\",\"itemListElement\":[{\"@type\":\"ListItem\",\"position\":1,\"name\":\"Home\",\"item\":\"https:\/\/www.uni.lu\/fr\/\"},{\"@type\":\"ListItem\",\"position\":2,\"name\":\"\u00c9tudes\",\"item\":\"https:\/\/www.uni.lu\/fr\/etudes\/\"},{\"@type\":\"ListItem\",\"position\":3,\"name\":\"D\u00e9couvrir l'Universit\u00e9\",\"item\":\"https:\/\/www.uni.lu\/fr\/etudes\/decouvrir-l-universite\/\"},{\"@type\":\"ListItem\",\"position\":4,\"name\":\"Universit\u00e9 \u00e0 l'essai\",\"item\":\"https:\/\/www.uni.lu\/fr\/etudes\/decouvrir-l-universite\/universite-a-l-essai\/\"},{\"@type\":\"ListItem\",\"position\":5,\"name\":\"Mode d'emploi\"}]},{\"@type\":\"WebSite\",\"@id\":\"https:\/\/www.uni.lu\/fr\/#website\",\"url\":\"https:\/\/www.uni.lu\/fr\/\",\"name\":\"Uni.lu\",\"description\":\"Universit\u00e9 du Luxembourg\",\"publisher\":{\"@id\":\"https:\/\/www.uni.lu\/fr\/#organization\"},\"alternateName\":\"Universit\u00e9 du Luxembourg\",\"potentialAction\":[{\"@type\":\"SearchAction\",\"target\":{\"@type\":\"EntryPoint\",\"urlTemplate\":\"https:\/\/www.uni.lu\/fr\/?s={search_term_string}\"},\"query-input\":\"required name=search_term_string\"}],\"inLanguage\":\"fr-FR\"},{\"@type\":\"Organization\",\"@id\":\"https:\/\/www.uni.lu\/fr\/#organization\",\"name\":\"Universit\u00e9 du Luxembourg\",\"alternateName\":\"Uni.lu\",\"url\":\"https:\/\/www.uni.lu\/fr\/\",\"logo\":{\"@type\":\"ImageObject\",\"inLanguage\":\"fr-FR\",\"@id\":\"https:\/\/www.uni.lu\/fr\/#\/schema\/logo\/image\/\",\"url\":\"https:\/\/www.uni.lu\/wp-content\/uploads\/sites\/11\/2026\/03\/03120045\/UNIV_SM-Profile_1600x1600px-scaled.jpg\",\"contentUrl\":\"https:\/\/www.uni.lu\/wp-content\/uploads\/sites\/11\/2026\/03\/03120045\/UNIV_SM-Profile_1600x1600px-scaled.jpg\",\"width\":2560,\"height\":2560,\"caption\":\"Universit\u00e9 du Luxembourg\"},\"image\":{\"@id\":\"https:\/\/www.uni.lu\/fr\/#\/schema\/logo\/image\/\"},\"sameAs\":[\"https:\/\/www.facebook.com\/uni.lu\",\"https:\/\/www.linkedin.com\/school\/university-of-luxembourg\/\",\"https:\/\/www.instagram.com\/uni.lu\",\"https:\/\/www.youtube.com\/@uni_lu\",\"https:\/\/en.wikipedia.org\/wiki\/University_of_Luxembourg\"]}]}<\/script>\n<!-- \/ Yoast SEO Premium plugin. -->","yoast_head_json":{"title":"Mode d'emploi - Universit\u00e9 du Luxembourg","description":"D\u00e9couvrez nos bachelors D\u00e9couvrez nos programmes d\u2019\u00e9tudes de Bachelor. Choisissez votre cours et participez \u00e0 une visite guid\u00e9e Inscrivez-vous \u00e0 une","robots":{"index":"index","follow":"follow","max-snippet":"max-snippet:-1","max-image-preview":"max-image-preview:large","max-video-preview":"max-video-preview:-1"},"canonical":"https:\/\/www.uni.lu\/fr\/etudes\/decouvrir-l-universite\/universite-a-l-essai\/mode-emploi\/","og_locale":"fr_FR","og_type":"article","og_title":"Mode d'emploi","og_description":"D\u00e9couvrez nos bachelors D\u00e9couvrez nos programmes d\u2019\u00e9tudes de Bachelor. Choisissez votre cours et participez \u00e0 une visite guid\u00e9e Inscrivez-vous \u00e0 une","og_url":"https:\/\/www.uni.lu\/fr\/etudes\/decouvrir-l-universite\/universite-a-l-essai\/mode-emploi\/","og_site_name":"UNI FR","article_publisher":"https:\/\/www.facebook.com\/uni.lu","article_modified_time":"2026-03-24T07:15:29+00:00","og_image":[{"width":2560,"height":2560,"url":"https:\/\/www.uni.lu\/wp-content\/uploads\/sites\/11\/2026\/03\/03120045\/UNIV_SM-Profile_1600x1600px-scaled.jpg","type":"image\/jpeg"}],"twitter_card":"summary_large_image","twitter_misc":{"Dur\u00e9e de lecture estim\u00e9e":"1 minute"},"schema":{"@context":"https:\/\/schema.org","@graph":[{"@type":"WebPage","@id":"https:\/\/www.uni.lu\/fr\/etudes\/decouvrir-l-universite\/universite-a-l-essai\/mode-emploi\/","url":"https:\/\/www.uni.lu\/fr\/etudes\/decouvrir-l-universite\/universite-a-l-essai\/mode-emploi\/","name":"Mode d'emploi - Universit\u00e9 du Luxembourg","isPartOf":{"@id":"https:\/\/www.uni.lu\/fr\/#website"},"datePublished":"2024-06-05T08:13:44+00:00","dateModified":"2026-03-24T07:15:29+00:00","description":"D\u00e9couvrez nos bachelors D\u00e9couvrez nos programmes d\u2019\u00e9tudes de Bachelor. Choisissez votre cours et participez \u00e0 une visite guid\u00e9e Inscrivez-vous \u00e0 une","breadcrumb":{"@id":"https:\/\/www.uni.lu\/fr\/etudes\/decouvrir-l-universite\/universite-a-l-essai\/mode-emploi\/#breadcrumb"},"inLanguage":"fr-FR","potentialAction":[{"@type":"ReadAction","target":["https:\/\/www.uni.lu\/fr\/etudes\/decouvrir-l-universite\/universite-a-l-essai\/mode-emploi\/"]}]},{"@type":"BreadcrumbList","@id":"https:\/\/www.uni.lu\/fr\/etudes\/decouvrir-l-universite\/universite-a-l-essai\/mode-emploi\/#breadcrumb","itemListElement":[{"@type":"ListItem","position":1,"name":"Home","item":"https:\/\/www.uni.lu\/fr\/"},{"@type":"ListItem","position":2,"name":"\u00c9tudes","item":"https:\/\/www.uni.lu\/fr\/etudes\/"},{"@type":"ListItem","position":3,"name":"D\u00e9couvrir l'Universit\u00e9","item":"https:\/\/www.uni.lu\/fr\/etudes\/decouvrir-l-universite\/"},{"@type":"ListItem","position":4,"name":"Universit\u00e9 \u00e0 l'essai","item":"https:\/\/www.uni.lu\/fr\/etudes\/decouvrir-l-universite\/universite-a-l-essai\/"},{"@type":"ListItem","position":5,"name":"Mode d'emploi"}]},{"@type":"WebSite","@id":"https:\/\/www.uni.lu\/fr\/#website","url":"https:\/\/www.uni.lu\/fr\/","name":"Uni.lu","description":"Universit\u00e9 du Luxembourg","publisher":{"@id":"https:\/\/www.uni.lu\/fr\/#organization"},"alternateName":"Universit\u00e9 du Luxembourg","potentialAction":[{"@type":"SearchAction","target":{"@type":"EntryPoint","urlTemplate":"https:\/\/www.uni.lu\/fr\/?s={search_term_string}"},"query-input":"required name=search_term_string"}],"inLanguage":"fr-FR"},{"@type":"Organization","@id":"https:\/\/www.uni.lu\/fr\/#organization","name":"Universit\u00e9 du Luxembourg","alternateName":"Uni.lu","url":"https:\/\/www.uni.lu\/fr\/","logo":{"@type":"ImageObject","inLanguage":"fr-FR","@id":"https:\/\/www.uni.lu\/fr\/#\/schema\/logo\/image\/","url":"https:\/\/www.uni.lu\/wp-content\/uploads\/sites\/11\/2026\/03\/03120045\/UNIV_SM-Profile_1600x1600px-scaled.jpg","contentUrl":"https:\/\/www.uni.lu\/wp-content\/uploads\/sites\/11\/2026\/03\/03120045\/UNIV_SM-Profile_1600x1600px-scaled.jpg","width":2560,"height":2560,"caption":"Universit\u00e9 du Luxembourg"},"image":{"@id":"https:\/\/www.uni.lu\/fr\/#\/schema\/logo\/image\/"},"sameAs":["https:\/\/www.facebook.com\/uni.lu","https:\/\/www.linkedin.com\/school\/university-of-luxembourg\/","https:\/\/www.instagram.com\/uni.lu","https:\/\/www.youtube.com\/@uni_lu","https:\/\/en.wikipedia.org\/wiki\/University_of_Luxembourg"]}]}},"ticketed":false,"_links":{"self":[{"href":"https:\/\/www.uni.lu\/fr\/wp-json\/wp\/v2\/pages\/11589"}],"collection":[{"href":"https:\/\/www.uni.lu\/fr\/wp-json\/wp\/v2\/pages"}],"about":[{"href":"https:\/\/www.uni.lu\/fr\/wp-json\/wp\/v2\/types\/page"}],"author":[{"embeddable":true,"href":"https:\/\/www.uni.lu\/fr\/wp-json\/wp\/v2\/users\/124"}],"replies":[{"embeddable":true,"href":"https:\/\/www.uni.lu\/fr\/wp-json\/wp\/v2\/comments?post=11589"}],"version-history":[{"count":5,"href":"https:\/\/www.uni.lu\/fr\/wp-json\/wp\/v2\/pages\/11589\/revisions"}],"predecessor-version":[{"id":19129,"href":"https:\/\/www.uni.lu\/fr\/wp-json\/wp\/v2\/pages\/11589\/revisions\/19129"}],"up":[{"embeddable":true,"href":"https:\/\/www.uni.lu\/fr\/wp-json\/wp\/v2\/pages\/2932"}],"wp:authorship":[{"embeddable":true,"href":"https:\/\/www.uni.lu\/fr\/wp-json\/wp\/v2\/users\/124"},{"embeddable":true,"href":"https:\/\/www.uni.lu\/fr\/wp-json\/wp\/v2\/users\/123"},{"embeddable":true,"href":"https:\/\/www.uni.lu\/fr\/wp-json\/wp\/v2\/users\/343"},{"embeddable":true,"href":"https:\/\/www.uni.lu\/fr\/wp-json\/wp\/v2\/users\/33"}],"wp:attachment":[{"href":"https:\/\/www.uni.lu\/fr\/wp-json\/wp\/v2\/media?parent=11589"}],"wp:term":[{"taxonomy":"field-of-interest","embeddable":true,"href":"https:\/\/www.uni.lu\/fr\/wp-json\/wp\/v2\/field-of-interest?post=11589"},{"taxonomy":"organisation","embeddable":true,"href":"https:\/\/www.uni.lu\/fr\/wp-json\/wp\/v2\/organisation?post=11589"}],"curies":[{"name":"wp","href":"https:\/\/api.w.org\/{rel}","templated":true}]}}