{"id":11558,"date":"2024-06-03T14:25:36","date_gmt":"2024-06-03T12:25:36","guid":{"rendered":"https:\/\/www.uni.lu\/fr\/?page_id=11558"},"modified":"2024-08-09T10:41:14","modified_gmt":"2024-08-09T08:41:14","slug":"mentions-legales","status":"publish","type":"page","link":"https:\/\/www.uni.lu\/fr\/mentions-legales\/","title":{"rendered":"Mentions l\u00e9gales"},"content":{"rendered":"\n<section class=\"py-0 wp-block-unilux-blocks-free-section section\"><div class=\"container xl:max-w-screen-xl\">\n<h1 class=\"has-text-align-left wp-block-unilux-blocks-heading\"        id=\"mentions-legales\"\n    >\nMentions l\u00e9gales<\/h1>\n\n\n\n<h2 class=\"has-text-align-left wp-block-unilux-blocks-heading\"        id=\"conditions-generales-dutilisation\"\n    >\nConditions g\u00e9n\u00e9rales d&rsquo;utilisation<\/h2>\n\n\n\n<ul class=\"ulux-list\">\n<li class=\"ulux-list-item\">L&rsquo;utilisateur du pr\u00e9sent site Internet de l&rsquo;Universit\u00e9 du Luxembourg (https:\/\/www.uni.lu\/), ci-apr\u00e8s d\u00e9nomm\u00e9 \u00ab utilisateur \u00bb, reconna\u00eet avoir v\u00e9rifi\u00e9 que la configuration informatique utilis\u00e9e ne contient aucun virus ni aucun d&rsquo;autres logiciels malveillants et qu&rsquo;il fonctionne parfaitement.<\/li>\n\n\n\n<li class=\"ulux-list-item\">L&rsquo;utilisateur est seul responsable du choix, de l&rsquo;utilisation et de l&rsquo;interpr\u00e9tation des donn\u00e9es qu&rsquo;il consulte, recherche et transmet sur Internet.<\/li>\n\n\n\n<li class=\"ulux-list-item\">L&rsquo;Universit\u00e9 du Luxembourg se r\u00e9serve le droit de modifier les pr\u00e9sentes mentions l\u00e9gales \u00e0 tout moment. L&rsquo;utilisateur devra respecter les conditions d&rsquo;utilisation du portail contenues dans la version la plus r\u00e9cente des mentions l\u00e9gales disponibles sur le portail au moment de cette utilisation.<\/li>\n<\/ul>\n\n\n\n<h2 class=\"has-text-align-left wp-block-unilux-blocks-heading\"        id=\"contenus-du-site-internet\"\n    >\nContenus du site internet<\/h2>\n\n\n\n<ul class=\"ulux-list\">\n<li class=\"ulux-list-item\">L&rsquo;Universit\u00e9 du Luxembourg ne peut \u00eatre tenue responsable de la pr\u00e9sence de virus ou de logiciels malveillants sur son site Internet.<\/li>\n\n\n\n<li class=\"ulux-list-item\">L&rsquo;Universit\u00e9 du Luxembourg se r\u00e9serve le droit de corriger le contenu de ce site \u00e0 tout moment et sans pr\u00e9avis.<\/li>\n\n\n\n<li class=\"ulux-list-item\">L&rsquo;Universit\u00e9 du Luxembourg met tout en \u0153uvre pour offrir aux utilisateurs des informations et\/ou des ressources disponibles et v\u00e9rifi\u00e9es, mais ne peut \u00eatre tenue responsable des erreurs, d&rsquo;une absence de disponibilit\u00e9 ou du caract\u00e8re invalide des informations.<\/li>\n\n\n\n<li class=\"ulux-list-item\">En aucun cas les informations contenues sur ce site ne peuvent constituer une garantie en cas d&rsquo;erreurs administratives ou p\u00e9dagogiques. Pour plus d\u2019informations, contactez directement les secr\u00e9tariats concern\u00e9s de l\u2019Universit\u00e9 du Luxembourg.<\/li>\n\n\n\n<li class=\"ulux-list-item\">Tout utilisateur qui d\u00e9couvre des inexactitudes, des informations erron\u00e9es ou des informations manifestement illicites est invit\u00e9 \u00e0 en informer le Service de la Communication, Universit\u00e9 du Luxembourg, 2, place de l&rsquo;Universit\u00e9, L-4365 Esch-sur-Alzette.<\/li>\n<\/ul>\n\n\n\n<h2 class=\"has-text-align-left wp-block-unilux-blocks-heading\"        id=\"utilisation-de-liens-hypertextes\"\n    >\n<strong>Utilisation de liens hypertextes<\/strong><\/h2>\n\n\n\n<ul class=\"ulux-list\">\n<li class=\"ulux-list-item\">Ce site comprend des informations rendues disponibles par des liens hypertextes vers d&rsquo;autres sites qui n&rsquo;ont pas \u00e9t\u00e9 d\u00e9velopp\u00e9s par l&rsquo;Universit\u00e9 du Luxembourg.<\/li>\n\n\n\n<li class=\"ulux-list-item\">L&rsquo;Universit\u00e9 du Luxembourg ne peut en aucun cas \u00eatre tenue responsable des liens hypertextes vers d&rsquo;autres sites \u00e0 partir de ce site.<\/li>\n\n\n\n<li class=\"ulux-list-item\">L&rsquo;existence d&rsquo;un lien de ce site vers un autre site ne constitue aucun acquiescement ou garantie de la part de l&rsquo;Universit\u00e9 du Luxembourg quant au contenu ou de toute personne qui exploite cet autre site.<\/li>\n\n\n\n<li class=\"ulux-list-item\">La cr\u00e9ation de liens hypertextes vers ce site est soumise \u00e0 l&rsquo;accord explicite et pr\u00e9alable de l&rsquo;Universit\u00e9 du Luxembourg.<\/li>\n<\/ul>\n\n\n\n<h2 class=\"has-text-align-left wp-block-unilux-blocks-heading\"        id=\"confidentialite-des-donnees\"\n    >\nConfidentialit\u00e9 des donn\u00e9es<\/h2>\n\n\n\n<p>Pour un aper\u00e7u g\u00e9n\u00e9ral de certaines des mani\u00e8res dont ce site Internet traite vos donn\u00e9es personnelles, y compris l&rsquo;utilisation de cookies, veuillez-vous r\u00e9f\u00e9rer \u00e0 notre <a href=\"https:\/\/www.uni.lu\/fr\/notice-d-information-generale\/\">notice d\u2019information g\u00e9n\u00e9rale.<\/a><\/p>\n\n\n\n<h2 class=\"has-text-align-left wp-block-unilux-blocks-heading\"        id=\"propriete-intellectuelle\"\n    >\nPropri\u00e9t\u00e9 intellectuelle<\/h2>\n\n\n\n<p>Toutes les informations disponibles sur le site https:\/\/www.uni.lu\/ sont prot\u00e9g\u00e9es par le droit d&rsquo;auteur. Sauf indication contraire, la reproduction des textes de ce site \u00e0 des fins non commerciales et notamment dans des situations p\u00e9dagogiques est autoris\u00e9e sous r\u00e9serve que les trois conditions suivantes soient remplies :<\/p>\n\n\n\n<ul class=\"ulux-list\">\n<li class=\"ulux-list-item\">Diffusion gratuite ;<\/li>\n\n\n\n<li class=\"ulux-list-item\">Respect de l&rsquo;int\u00e9grit\u00e9 des documents reproduits : aucune modification ou alt\u00e9ration d&rsquo;aucune sorte ;<\/li>\n\n\n\n<li class=\"ulux-list-item\">Mention explicite du site https:\/\/www.uni.lu\/ comme source et mention que les droits de reproduction sont r\u00e9serv\u00e9s et limit\u00e9s.<\/li>\n<\/ul>\n\n\n\n<p>Toute exception \u00e0 ces r\u00e8gles sera soumise \u00e0 l&rsquo;accord \u00e9crit pr\u00e9alable de l&rsquo;Universit\u00e9 du Luxembourg et de l&rsquo;auteur du contenu.<\/p>\n\n\n\n<p><strong>Cr\u00e9dits photographiques : <\/strong>sauf mention contraire, les photographies pr\u00e9sentes sur ce site sont prot\u00e9g\u00e9es par le droit d&rsquo;auteur et sont la propri\u00e9t\u00e9 de l&rsquo;Universit\u00e9 du Luxembourg.<\/p>\n\n\n\n<h2 class=\"has-text-align-left wp-block-unilux-blocks-heading\"        id=\"responsabilite\"\n    >\nResponsabilit\u00e9<\/h2>\n\n\n\n<p>L&rsquo;utilisateur accepte que tout acc\u00e8s au site ou toute utilisation du site se fait sous sa propre responsabilit\u00e9.<br>L&rsquo;Universit\u00e9 du Luxembourg d\u00e9cline toute responsabilit\u00e9 pour les dommages directs ou indirects qui pourraient \u00eatre caus\u00e9s par l&rsquo;utilisation du site, notamment en relation avec une interruption ou un arr\u00eat du fonctionnement du site ou un dysfonctionnement du site pouvant r\u00e9sulter notamment d\u2019un arr\u00eat pour maintenance ou d\u2019une mise \u00e0 niveau du syst\u00e8me informatique de l&rsquo;Universit\u00e9 du Luxembourg, de pannes techniques ou de surcharges du r\u00e9seau, de pannes dans les lignes t\u00e9l\u00e9phoniques, d\u2019erreurs, n\u00e9gligences ou d\u00e9lits de la part de fournisseurs de services Internet ou d&rsquo;un tiers, ou d&rsquo;un virus acquis via Internet.<\/p>\n\n\n\n<h2 class=\"has-text-align-left wp-block-unilux-blocks-heading\"        id=\"luniversite-du-luxembourg-sur-les-reseaux-sociaux\"\n    >\nL\u2019Universit\u00e9 du Luxembourg sur les r\u00e9seaux sociaux<\/h2>\n\n\n\n<p>L&rsquo;Universit\u00e9 du Luxembourg souhaite utiliser les r\u00e9seaux sociaux pour une proximit\u00e9 maximale avec les \u00e9tudiants, futurs \u00e9tudiants, chercheurs, etc. Le but est de leur offrir un acc\u00e8s privil\u00e9gi\u00e9 \u00e0 des informations utiles susceptibles de les int\u00e9resser. Afin de garantir des flux d&rsquo;informations de qualit\u00e9 dans lesquels les personnes restent respectueuses des bonnes pratiques sociales et peuvent participer librement, deux documents d&rsquo;orientation ont \u00e9t\u00e9 \u00e9labor\u00e9s pour aider les utilisateurs.<\/p>\n\n\n\n<p>Les Lignes directrices des <a href=\"https:\/\/www.uni.lu\/wp-content\/uploads\/sites\/9\/2023\/07\/Social_Media_Guidelines_EN_2018.pdf\" target=\"_blank\" rel=\"noreferrer noopener\">r\u00e9seaux sociaux<\/a> soulignent les points essentiels \u00e0 prendre en consid\u00e9ration avant de publier des informations et de mod\u00e9rer les flux de conversations. Afin d&rsquo;assurer une bonne uniformit\u00e9 sur tous les supports et dans tous les messages post\u00e9s, nous vous serions reconnaissants de bien vouloir veiller \u00e0 respecter les r\u00e8gles \u00e9ditoriales mises en place.<\/p>\n\n\n\n<p>Les <a href=\"https:\/\/www.uni.lu\/wp-content\/uploads\/sites\/9\/2023\/07\/General_Terms_of_Use_EN_2018.pdf\" target=\"_blank\" rel=\"noreferrer noopener\">Conditions G\u00e9n\u00e9rales d&rsquo;Utilisation<\/a> pr\u00e9cisent les r\u00e8gles de base \u00e0 respecter lors de l&rsquo;utilisation des r\u00e9seaux sociaux. Le respect de la loi et des bonnes pratiques sociales sont les \u00e9l\u00e9ments fondamentaux de ces r\u00e8gles. Ces conditions d&rsquo;utilisation doivent \u00eatre consid\u00e9r\u00e9es comme compl\u00e9mentaires aux conditions d&rsquo;utilisation \u00e9nonc\u00e9es par chacun des m\u00e9dias utilis\u00e9s : Facebook, Twitter, YouTube, etc.<\/p>\n\n\n\n<h2 class=\"has-text-align-left wp-block-unilux-blocks-heading\"        id=\"loi-applicable-et-juridiction-luxembourgeoise\"\n    >\nLoi applicable et juridiction luxembourgeoise<\/h2>\n\n\n\n<ul class=\"ulux-list\">\n<li class=\"ulux-list-item\">La loi luxembourgeoise s&rsquo;applique.<\/li>\n\n\n\n<li class=\"ulux-list-item\">L&rsquo;utilisateur est inform\u00e9 que seuls les tribunaux luxembourgeois sont comp\u00e9tents pour statuer sur tous litiges qui pourraient survenir lors de l&rsquo;utilisation, de l&rsquo;interpr\u00e9tation et de la mise en \u0153uvre des informations et donn\u00e9es pr\u00e9sent\u00e9es sur ce site.<\/li>\n<\/ul>\n\n\n\n<h2 class=\"has-text-align-left wp-block-unilux-blocks-heading\"        id=\"contact\"\n    >\nContact<\/h2>\n\n\n\n<p>Service de la Communications, Universit\u00e9 du Luxembourg, 2, place de l\u2019Universit\u00e9, L-4365 Esch-sur-Alzette.<\/p>\n\n\n<ul class=\"wp-block-unilux-blocks-button-list\">\n    <li class=\"wp-block-unilux-blocks-button-list-item\">\n    <a\n            href=\"https:\/\/www.uni.lu\/fr\/a-propos\/organisation\/administration\/service-de-la-communication\/\"\n            class=\"quick-link wp-block-unilux-blocks-anchor\"        target=\"\"\n>\n    \n<span class=\"wp-block-unilux-blocks-wrapper quick-link__container\"><figure class=\"wp-block-dev4-reusable-blocks-image quick-link__img object-fit--scale-down\">\n        <\/figure>\n\n\n<span class=\"quick-link__name wp-block-unilux-blocks-plain-text\">Service de la communication<\/span>\n\n<svg aria-hidden=\"true\" focusable=\"false\" class=\"icon icon-outline icon--arrow-right \"><use xlink:href=\"https:\/\/www.uni.lu\/wp-content\/themes\/unilux-theme\/assets\/images\/icons\/icons-outline.svg#icon--arrow-right\"><\/use><\/svg><\/span>\n<\/a>\n<\/li><\/ul>\n<\/div><\/section>\n\n\n\n<section class=\"wp-block-unilux-blocks-free-section section\"><div class=\"container xl:max-w-screen-xl\">\n<p><strong>L&rsquo;utilisateur reconna\u00eet avoir pris connaissance des pr\u00e9sentes mentions l\u00e9gales et s&rsquo;engage \u00e0 les respecter.<\/strong><\/p>\n<\/div><\/section>\n","protected":false},"excerpt":{"rendered":"","protected":false},"author":33,"featured_media":0,"parent":0,"menu_order":999,"comment_status":"closed","ping_status":"closed","template":"","meta":{"featured_image_focal_point":[],"show_featured_caption":false,"ulux_newsletter_groups":"","uluxPostTitle":"","uluxPrePostTitle":"","_trash_the_other_posts":false,"_price":"","_stock":"","_tribe_ticket_header":"","_tribe_default_ticket_provider":"","_tribe_ticket_capacity":"0","_ticket_start_date":"","_ticket_end_date":"","_tribe_ticket_show_description":"","_tribe_ticket_show_not_going":false,"_tribe_ticket_use_global_stock":"","_tribe_ticket_global_stock_level":"","_global_stock_mode":"","_global_stock_cap":"","_tribe_rsvp_for_event":"","_tribe_ticket_going_count":"","_tribe_ticket_not_going_count":"","_tribe_tickets_list":"[]","_tribe_ticket_has_attendee_info_fields":false,"footnotes":""},"field-of-interest":[],"organisation":[],"authorship":[33],"acf":[],"yoast_head":"<!-- This site is optimized with the Yoast SEO Premium plugin v22.3 (Yoast SEO v22.3) - https:\/\/yoast.com\/wordpress\/plugins\/seo\/ -->\n<title>Mentions l\u00e9gales - Universit\u00e9 du Luxembourg<\/title>\n<meta name=\"description\" content=\"Mentions l\u00e9gales, conditions g\u00e9n\u00e9rales d&#039;utilisation, Confidentialit\u00e9 des donn\u00e9es, Propri\u00e9t\u00e9 intellectuelle, et plus.\" \/>\n<meta name=\"robots\" content=\"index, follow, max-snippet:-1, max-image-preview:large, max-video-preview:-1\" \/>\n<link rel=\"canonical\" href=\"https:\/\/www.uni.lu\/fr\/mentions-legales\/\" \/>\n<meta property=\"og:locale\" content=\"fr_FR\" \/>\n<meta property=\"og:type\" content=\"article\" \/>\n<meta property=\"og:title\" content=\"Mentions l\u00e9gales\" \/>\n<meta property=\"og:description\" content=\"Mentions l\u00e9gales, conditions g\u00e9n\u00e9rales d&#039;utilisation, Confidentialit\u00e9 des donn\u00e9es, Propri\u00e9t\u00e9 intellectuelle, et plus.\" \/>\n<meta property=\"og:url\" content=\"https:\/\/www.uni.lu\/fr\/mentions-legales\/\" \/>\n<meta property=\"og:site_name\" content=\"UNI FR\" \/>\n<meta property=\"article:publisher\" content=\"https:\/\/www.facebook.com\/uni.lu\" \/>\n<meta property=\"article:modified_time\" content=\"2024-08-09T08:41:14+00:00\" \/>\n<meta property=\"og:image\" content=\"https:\/\/www.uni.lu\/wp-content\/uploads\/sites\/11\/2026\/03\/03120045\/UNIV_SM-Profile_1600x1600px-scaled.jpg\" \/>\n\t<meta property=\"og:image:width\" content=\"2560\" \/>\n\t<meta property=\"og:image:height\" content=\"2560\" \/>\n\t<meta property=\"og:image:type\" content=\"image\/jpeg\" \/>\n<meta name=\"twitter:card\" content=\"summary_large_image\" \/>\n<meta name=\"twitter:label1\" content=\"Dur\u00e9e de lecture estim\u00e9e\" \/>\n\t<meta name=\"twitter:data1\" content=\"5 minutes\" \/>\n<script type=\"application\/ld+json\" class=\"yoast-schema-graph\">{\"@context\":\"https:\/\/schema.org\",\"@graph\":[{\"@type\":\"WebPage\",\"@id\":\"https:\/\/www.uni.lu\/fr\/mentions-legales\/\",\"url\":\"https:\/\/www.uni.lu\/fr\/mentions-legales\/\",\"name\":\"Mentions l\u00e9gales - Universit\u00e9 du Luxembourg\",\"isPartOf\":{\"@id\":\"https:\/\/www.uni.lu\/fr\/#website\"},\"datePublished\":\"2024-06-03T12:25:36+00:00\",\"dateModified\":\"2024-08-09T08:41:14+00:00\",\"description\":\"Mentions l\u00e9gales, conditions g\u00e9n\u00e9rales d'utilisation, Confidentialit\u00e9 des donn\u00e9es, Propri\u00e9t\u00e9 intellectuelle, et plus.\",\"breadcrumb\":{\"@id\":\"https:\/\/www.uni.lu\/fr\/mentions-legales\/#breadcrumb\"},\"inLanguage\":\"fr-FR\",\"potentialAction\":[{\"@type\":\"ReadAction\",\"target\":[\"https:\/\/www.uni.lu\/fr\/mentions-legales\/\"]}]},{\"@type\":\"BreadcrumbList\",\"@id\":\"https:\/\/www.uni.lu\/fr\/mentions-legales\/#breadcrumb\",\"itemListElement\":[{\"@type\":\"ListItem\",\"position\":1,\"name\":\"Home\",\"item\":\"https:\/\/www.uni.lu\/fr\/\"},{\"@type\":\"ListItem\",\"position\":2,\"name\":\"Mentions l\u00e9gales\"}]},{\"@type\":\"WebSite\",\"@id\":\"https:\/\/www.uni.lu\/fr\/#website\",\"url\":\"https:\/\/www.uni.lu\/fr\/\",\"name\":\"Uni.lu\",\"description\":\"Universit\u00e9 du Luxembourg\",\"publisher\":{\"@id\":\"https:\/\/www.uni.lu\/fr\/#organization\"},\"alternateName\":\"Universit\u00e9 du Luxembourg\",\"potentialAction\":[{\"@type\":\"SearchAction\",\"target\":{\"@type\":\"EntryPoint\",\"urlTemplate\":\"https:\/\/www.uni.lu\/fr\/?s={search_term_string}\"},\"query-input\":\"required name=search_term_string\"}],\"inLanguage\":\"fr-FR\"},{\"@type\":\"Organization\",\"@id\":\"https:\/\/www.uni.lu\/fr\/#organization\",\"name\":\"Universit\u00e9 du Luxembourg\",\"alternateName\":\"Uni.lu\",\"url\":\"https:\/\/www.uni.lu\/fr\/\",\"logo\":{\"@type\":\"ImageObject\",\"inLanguage\":\"fr-FR\",\"@id\":\"https:\/\/www.uni.lu\/fr\/#\/schema\/logo\/image\/\",\"url\":\"https:\/\/www.uni.lu\/wp-content\/uploads\/sites\/11\/2026\/03\/03120045\/UNIV_SM-Profile_1600x1600px-scaled.jpg\",\"contentUrl\":\"https:\/\/www.uni.lu\/wp-content\/uploads\/sites\/11\/2026\/03\/03120045\/UNIV_SM-Profile_1600x1600px-scaled.jpg\",\"width\":2560,\"height\":2560,\"caption\":\"Universit\u00e9 du Luxembourg\"},\"image\":{\"@id\":\"https:\/\/www.uni.lu\/fr\/#\/schema\/logo\/image\/\"},\"sameAs\":[\"https:\/\/www.facebook.com\/uni.lu\",\"https:\/\/www.linkedin.com\/school\/university-of-luxembourg\/\",\"https:\/\/www.instagram.com\/uni.lu\",\"https:\/\/www.youtube.com\/@uni_lu\",\"https:\/\/en.wikipedia.org\/wiki\/University_of_Luxembourg\"]}]}<\/script>\n<!-- \/ Yoast SEO Premium plugin. -->","yoast_head_json":{"title":"Mentions l\u00e9gales - Universit\u00e9 du Luxembourg","description":"Mentions l\u00e9gales, conditions g\u00e9n\u00e9rales d'utilisation, Confidentialit\u00e9 des donn\u00e9es, Propri\u00e9t\u00e9 intellectuelle, et plus.","robots":{"index":"index","follow":"follow","max-snippet":"max-snippet:-1","max-image-preview":"max-image-preview:large","max-video-preview":"max-video-preview:-1"},"canonical":"https:\/\/www.uni.lu\/fr\/mentions-legales\/","og_locale":"fr_FR","og_type":"article","og_title":"Mentions l\u00e9gales","og_description":"Mentions l\u00e9gales, conditions g\u00e9n\u00e9rales d'utilisation, Confidentialit\u00e9 des donn\u00e9es, Propri\u00e9t\u00e9 intellectuelle, et plus.","og_url":"https:\/\/www.uni.lu\/fr\/mentions-legales\/","og_site_name":"UNI FR","article_publisher":"https:\/\/www.facebook.com\/uni.lu","article_modified_time":"2024-08-09T08:41:14+00:00","og_image":[{"width":2560,"height":2560,"url":"https:\/\/www.uni.lu\/wp-content\/uploads\/sites\/11\/2026\/03\/03120045\/UNIV_SM-Profile_1600x1600px-scaled.jpg","type":"image\/jpeg"}],"twitter_card":"summary_large_image","twitter_misc":{"Dur\u00e9e de lecture estim\u00e9e":"5 minutes"},"schema":{"@context":"https:\/\/schema.org","@graph":[{"@type":"WebPage","@id":"https:\/\/www.uni.lu\/fr\/mentions-legales\/","url":"https:\/\/www.uni.lu\/fr\/mentions-legales\/","name":"Mentions l\u00e9gales - Universit\u00e9 du Luxembourg","isPartOf":{"@id":"https:\/\/www.uni.lu\/fr\/#website"},"datePublished":"2024-06-03T12:25:36+00:00","dateModified":"2024-08-09T08:41:14+00:00","description":"Mentions l\u00e9gales, conditions g\u00e9n\u00e9rales d'utilisation, Confidentialit\u00e9 des donn\u00e9es, Propri\u00e9t\u00e9 intellectuelle, et plus.","breadcrumb":{"@id":"https:\/\/www.uni.lu\/fr\/mentions-legales\/#breadcrumb"},"inLanguage":"fr-FR","potentialAction":[{"@type":"ReadAction","target":["https:\/\/www.uni.lu\/fr\/mentions-legales\/"]}]},{"@type":"BreadcrumbList","@id":"https:\/\/www.uni.lu\/fr\/mentions-legales\/#breadcrumb","itemListElement":[{"@type":"ListItem","position":1,"name":"Home","item":"https:\/\/www.uni.lu\/fr\/"},{"@type":"ListItem","position":2,"name":"Mentions l\u00e9gales"}]},{"@type":"WebSite","@id":"https:\/\/www.uni.lu\/fr\/#website","url":"https:\/\/www.uni.lu\/fr\/","name":"Uni.lu","description":"Universit\u00e9 du Luxembourg","publisher":{"@id":"https:\/\/www.uni.lu\/fr\/#organization"},"alternateName":"Universit\u00e9 du Luxembourg","potentialAction":[{"@type":"SearchAction","target":{"@type":"EntryPoint","urlTemplate":"https:\/\/www.uni.lu\/fr\/?s={search_term_string}"},"query-input":"required name=search_term_string"}],"inLanguage":"fr-FR"},{"@type":"Organization","@id":"https:\/\/www.uni.lu\/fr\/#organization","name":"Universit\u00e9 du Luxembourg","alternateName":"Uni.lu","url":"https:\/\/www.uni.lu\/fr\/","logo":{"@type":"ImageObject","inLanguage":"fr-FR","@id":"https:\/\/www.uni.lu\/fr\/#\/schema\/logo\/image\/","url":"https:\/\/www.uni.lu\/wp-content\/uploads\/sites\/11\/2026\/03\/03120045\/UNIV_SM-Profile_1600x1600px-scaled.jpg","contentUrl":"https:\/\/www.uni.lu\/wp-content\/uploads\/sites\/11\/2026\/03\/03120045\/UNIV_SM-Profile_1600x1600px-scaled.jpg","width":2560,"height":2560,"caption":"Universit\u00e9 du Luxembourg"},"image":{"@id":"https:\/\/www.uni.lu\/fr\/#\/schema\/logo\/image\/"},"sameAs":["https:\/\/www.facebook.com\/uni.lu","https:\/\/www.linkedin.com\/school\/university-of-luxembourg\/","https:\/\/www.instagram.com\/uni.lu","https:\/\/www.youtube.com\/@uni_lu","https:\/\/en.wikipedia.org\/wiki\/University_of_Luxembourg"]}]}},"ticketed":false,"_links":{"self":[{"href":"https:\/\/www.uni.lu\/fr\/wp-json\/wp\/v2\/pages\/11558"}],"collection":[{"href":"https:\/\/www.uni.lu\/fr\/wp-json\/wp\/v2\/pages"}],"about":[{"href":"https:\/\/www.uni.lu\/fr\/wp-json\/wp\/v2\/types\/page"}],"author":[{"embeddable":true,"href":"https:\/\/www.uni.lu\/fr\/wp-json\/wp\/v2\/users\/33"}],"replies":[{"embeddable":true,"href":"https:\/\/www.uni.lu\/fr\/wp-json\/wp\/v2\/comments?post=11558"}],"version-history":[{"count":5,"href":"https:\/\/www.uni.lu\/fr\/wp-json\/wp\/v2\/pages\/11558\/revisions"}],"predecessor-version":[{"id":11575,"href":"https:\/\/www.uni.lu\/fr\/wp-json\/wp\/v2\/pages\/11558\/revisions\/11575"}],"wp:authorship":[{"embeddable":true,"href":"https:\/\/www.uni.lu\/fr\/wp-json\/wp\/v2\/users\/33"}],"wp:attachment":[{"href":"https:\/\/www.uni.lu\/fr\/wp-json\/wp\/v2\/media?parent=11558"}],"wp:term":[{"taxonomy":"field-of-interest","embeddable":true,"href":"https:\/\/www.uni.lu\/fr\/wp-json\/wp\/v2\/field-of-interest?post=11558"},{"taxonomy":"organisation","embeddable":true,"href":"https:\/\/www.uni.lu\/fr\/wp-json\/wp\/v2\/organisation?post=11558"}],"curies":[{"name":"wp","href":"https:\/\/api.w.org\/{rel}","templated":true}]}}