{"id":11454,"date":"2024-05-29T14:47:41","date_gmt":"2024-05-29T12:47:41","guid":{"rendered":"https:\/\/www.uni.lu\/fr\/?page_id=11454"},"modified":"2024-08-09T10:14:37","modified_gmt":"2024-08-09T08:14:37","slug":"les-cookies","status":"publish","type":"page","link":"https:\/\/www.uni.lu\/fr\/les-cookies\/","title":{"rendered":"Les cookies"},"content":{"rendered":"\n<section class=\"wp-block-unilux-blocks-free-section section\"><div class=\"container xl:max-w-screen-xl\">\n<h1 class=\"has-text-align-left wp-block-unilux-blocks-heading\"        id=\"les-cookies\"\n    >\nLes cookies<\/h1>\n\n\n\n<p>Un cookie est un petit \u00e9l\u00e9ment de donn\u00e9es qu&rsquo;un site web stocke sur l&rsquo;ordinateur ou l&rsquo;appareil mobile du visiteur. L&rsquo;Universit\u00e9 du Luxembourg, ci-apr\u00e8s \u00ab\u00a0l&rsquo;Universit\u00e9\u00a0\u00bb, utilise des cookies sur son site web pour son fonctionnement technique et pour la collecte de statistiques.<\/p>\n\n\n\n<p>Sans l&rsquo;utilisation des cookies de session notamment, plusieurs fonctions ne pourraient pas \u00eatre offertes sur notre site web.<\/p>\n\n\n\n<p>La base juridique du traitement des donn\u00e9es \u00e0 caract\u00e8re personnel par l&rsquo;utilisation de cookies de session est l&rsquo;art. 6 para. 1 point f) du GDPR (int\u00e9r\u00eat l\u00e9gitime) car l&rsquo;int\u00e9r\u00eat l\u00e9gitime de l&rsquo;Universit\u00e9 est d&rsquo;offrir un site web adapt\u00e9 aux besoins des utilisateurs.<\/p>\n\n\n\n<p>Les informations figurant sur cette page \u00e9num\u00e8rent les cookies utilis\u00e9s par ce site web et d\u00e9crivent leur finalit\u00e9. Vous trouverez \u00e9galement ici plus de d\u00e9tails sur les cookies relatifs \u00e0 nos canaux de m\u00e9dias sociaux et \u00e0 Matomo, le service que nous utilisons pour nos statistiques.<\/p>\n\n\n\n<h3 class=\"has-text-align-left wp-block-unilux-blocks-heading\"        id=\"cookies-relatifs-aux-medias-sociaux\"\n    >\n<strong>Cookies relatifs aux m\u00e9dias sociaux<\/strong><\/h3>\n\n\n\n<p>L&rsquo;Universit\u00e9 est active sur les plateformes de m\u00e9dias sociaux. Par exemple, l&rsquo;Universit\u00e9 est pr\u00e9sente sur cinq plateformes de m\u00e9dias sociaux cl\u00e9s &#8211; Facebook, Twitter, LinkedIn, Instagram et YouTube. Ces communaut\u00e9s renforcent notre pr\u00e9sence et notre visibilit\u00e9 en ligne.<\/p>\n\n\n\n<ul class=\"ulux-list\">\n<li class=\"ulux-list-item\">Le site web de l&rsquo;Universit\u00e9 ne met pas en place de cookies avec l&rsquo;affichage de liens vers nos canaux de m\u00e9dias sociaux lorsque vous naviguez sur notre site web ;<\/li>\n\n\n\n<li class=\"ulux-list-item\">Vous pouvez regarder des vid\u00e9os de l&rsquo;Universit\u00e9, que nous t\u00e9l\u00e9chargeons sur notre page YouTube. Vous pouvez \u00e9galement suivre les liens de notre site web vers Facebook, Twitter, LinkedIn, Instagram et YouTube ;<\/li>\n\n\n\n<li class=\"ulux-list-item\">Pour regarder certaines vid\u00e9os de l&rsquo;Universit\u00e9, un message vous avertit que vous devez accepter les cookies de YouTube. YouTube a ses propres politiques en mati\u00e8re de cookies et de protection de la vie priv\u00e9e, sur lesquelles nous n&rsquo;avons aucun contr\u00f4le. Il n&rsquo;y a pas d&rsquo;installation de cookies de la part de YouTube tant que vous n&rsquo;avez pas accept\u00e9 les cookies de YouTube ;<\/li>\n\n\n\n<li class=\"ulux-list-item\">De m\u00eame, en cliquant sur le bouton Facebook, Twitter, LinkedIn, Instagram ou YouTube sur notre site web, vous serez redirig\u00e9 vers ces sites web, qui ont leurs propres politiques en mati\u00e8re de cookies et de confidentialit\u00e9 sur lesquelles nous n&rsquo;avons aucun contr\u00f4le.<\/li>\n<\/ul>\n\n\n\n<h3 class=\"has-text-align-left wp-block-unilux-blocks-heading\"        id=\"cookies-de-session\"\n    >\nCookies de session<\/h3>\n\n\n\n<p>L&rsquo;Universit\u00e9 utilise des cookies de session pour assurer le bon fonctionnement du site web. Les cookies utilis\u00e9s par l&rsquo;Universit\u00e9 du Luxembourg sont supprim\u00e9s apr\u00e8s la session.<\/p>\n\n\n\n<h3 class=\"has-text-align-left wp-block-unilux-blocks-heading\"        id=\"cookies-persistants\"\n    >\nCookies persistants<\/h3>\n\n\n\n<p>Les cookies persistants sont enregistr\u00e9s sur votre ordinateur et ne sont pas supprim\u00e9s automatiquement lorsque vous fermez votre navigateur, contrairement aux cookies de session, qui sont supprim\u00e9s lorsque vous fermez votre navigateur.<\/p>\n\n\n\n<h4 class=\"has-text-align-left wp-block-unilux-blocks-heading\"        id=\"matomo\"\n    >\n<br>Matomo<\/h4>\n\n\n\n<h5 class=\"has-text-align-left wp-block-unilux-blocks-heading\"        id=\"a-propos-de-matomo\"\n    >\n\u00c0 propos de Matomo<\/h5>\n\n\n\n<p><a href=\"https:\/\/matomo.org\/\" target=\"_blank\" rel=\"noreferrer noopener\">Matomo<\/a>&nbsp;est une plateforme d&rsquo;analyse web&nbsp;<a href=\"https:\/\/fr.wikipedia.org\/wiki\/Open_source\" target=\"_blank\" rel=\"noreferrer noopener\">open source<\/a>. Une plateforme d&rsquo;analyse web est utilis\u00e9e par un propri\u00e9taire de site web afin de mesurer, collecter, analyser et rapporter des donn\u00e9es sur les visiteurs dans le but de comprendre et d&rsquo;optimiser son site web.<\/p>\n\n\n\n<h5 class=\"has-text-align-left wp-block-unilux-blocks-heading\"        id=\"finalite-du-traitement\"\n    >\nFinalit\u00e9 du traitement<\/h5>\n\n\n\n<p>Matomo est utilis\u00e9 pour analyser le comportement des visiteurs du site web afin d&rsquo;identifier les pi\u00e8ges potentiels : pages introuvables, probl\u00e8mes d&rsquo;indexation par les moteurs de recherche, contenus les plus appr\u00e9ci\u00e9s, etc. Une fois les donn\u00e9es trait\u00e9es (nombre de visiteurs atteignant une page introuvable ou ne consultant qu&rsquo;une seule page, par exemple), Matomo g\u00e9n\u00e8re des rapports permettant aux propri\u00e9taires de sites web de prendre des mesures, par exemple en modifiant la pr\u00e9sentation des pages ou en publiant un nouveau contenu afin de fournir les informations de la meilleure mani\u00e8re possible.<\/p>\n\n\n\n<p>Ni Matomo, ni l&rsquo;universit\u00e9 ne proc\u00e8dent \u00e0 un quelconque profilage bas\u00e9 sur les pr\u00e9f\u00e9rences des utilisateurs.<\/p>\n\n\n\n<p>Matomo traite les donn\u00e9es personnelles suivantes :<\/p>\n\n\n\n<ul class=\"ulux-list\">\n<li class=\"ulux-list-item\">Cookies<\/li>\n\n\n\n<li class=\"ulux-list-item\">adresse IP<\/li>\n\n\n\n<li class=\"ulux-list-item\">ID de l&rsquo;utilisateur<\/li>\n\n\n\n<li class=\"ulux-list-item\">Localisation de l&rsquo;utilisateur<\/li>\n<\/ul>\n\n\n\n<p>ainsi que<\/p>\n\n\n\n<ul class=\"ulux-list\">\n<li class=\"ulux-list-item\">Date et heure<\/li>\n\n\n\n<li class=\"ulux-list-item\">Titre de la page consult\u00e9e<\/li>\n\n\n\n<li class=\"ulux-list-item\">URL de la page consult\u00e9e<\/li>\n\n\n\n<li class=\"ulux-list-item\">URL de la page consult\u00e9e avant la page actuelle<\/li>\n\n\n\n<li class=\"ulux-list-item\">R\u00e9solution de l&rsquo;\u00e9cran<\/li>\n\n\n\n<li class=\"ulux-list-item\">Heure dans le fuseau horaire local<\/li>\n\n\n\n<li class=\"ulux-list-item\">Fichiers cliqu\u00e9s et t\u00e9l\u00e9charg\u00e9s<\/li>\n\n\n\n<li class=\"ulux-list-item\">Liens vers un domaine ext\u00e9rieur<\/li>\n\n\n\n<li class=\"ulux-list-item\">Heure de g\u00e9n\u00e9ration des pages<\/li>\n\n\n\n<li class=\"ulux-list-item\">Pays, r\u00e9gion, ville<\/li>\n\n\n\n<li class=\"ulux-list-item\">Langue principale du navigateur<\/li>\n\n\n\n<li class=\"ulux-list-item\">Agent utilisateur du navigateur<\/li>\n<\/ul>\n\n\n\n<p>Le traitement des donn\u00e9es \u00e0 caract\u00e8re personnelpar Matomo est bas\u00e9 sur un consentement explicite. Votre vie priv\u00e9e est au c\u0153ur de nos pr\u00e9occupations. C&rsquo;est pourquoi nous ne traiterons aucune donn\u00e9e \u00e0 caract\u00e8re personnel avec Matomo sans votre consentement explicite.<\/p>\n\n\n\n<h5 class=\"has-text-align-left wp-block-unilux-blocks-heading\"        id=\"destinataire-des-donnees-a-caractere-personnel\"\n    >\nDestinataire des donn\u00e9es \u00e0 caract\u00e8re personnel<\/h5>\n\n\n\n<p>Les donn\u00e9es personnelles re\u00e7ues par l&rsquo;interm\u00e9diaire de Matomo sont envoy\u00e9es \u00e0 :<\/p>\n\n\n\n<ul class=\"ulux-list\">\n<li class=\"ulux-list-item\">Notre institution (l&rsquo;Universit\u00e9 du Luxembourg).<\/li>\n\n\n\n<li class=\"ulux-list-item\">Notre prestataire de services :&nbsp;<em>InnoCraft, 7 Waterloo Quay PO625, 6140 Wellington, New Zealand (<a href=\"https:\/\/matomo.org\/matomo-cloud-privacy-policy\/\" target=\"_blank\" rel=\"noreferrer noopener\">politique de confidentialit\u00e9 de Matomo<\/a>)<\/em><\/li>\n<\/ul>\n\n\n\n<h5 class=\"has-text-align-left wp-block-unilux-blocks-heading\"        id=\"transferts-vers-des-pays-tiers-et-garanties\"\n    >\nTransferts vers des pays tiers et garanties<\/h5>\n\n\n\n<p>Les donn\u00e9es de Matomo sont h\u00e9berg\u00e9es en Allemagne et une sauvegarde est effectu\u00e9e en Irlande.<\/p>\n\n\n\n<h5 class=\"has-text-align-left wp-block-unilux-blocks-heading\"        id=\"periode-de-conservation\"\n    >\nP\u00e9riode de conservation<\/h5>\n\n\n\n<p>Nous conservons les donn\u00e9es personnelles saisies dans Matomo pendant une p\u00e9riode de 13 mois. Les donn\u00e9es anonymis\u00e9es et agr\u00e9g\u00e9es sont conserv\u00e9es pour une dur\u00e9e ind\u00e9termin\u00e9e par l&rsquo;universit\u00e9 \u00e0 des fins d&rsquo;analyse.<\/p>\n\n\n\n<h5 class=\"has-text-align-left wp-block-unilux-blocks-heading\"        id=\"vos-droits-en-tant-que-personne-concernee\"\n    >\nVos droits en tant que personne concern\u00e9e<\/h5>\n\n\n\n<p>L\u2019Universit\u00e9 traite vos donn\u00e9es \u00e0 caract\u00e8re personnel en utilisant Matomo sur la base de votre consentement explicite, vous pouvez exercer les droits suivants :<\/p>\n\n\n\n<ul class=\"ulux-list\">\n<li class=\"ulux-list-item\">Droit d&rsquo;acc\u00e8s : vous pouvez nous demander \u00e0 tout moment d&rsquo;acc\u00e9der \u00e0 vos donn\u00e9es personnelles.<\/li>\n\n\n\n<li class=\"ulux-list-item\">Droit \u00e0 l&rsquo;effacement : vous pouvez nous demander \u00e0 tout moment d&rsquo;effacer toutes les donn\u00e9es \u00e0 caract\u00e8re personnel que nous traitons \u00e0 votre sujet.<\/li>\n\n\n\n<li class=\"ulux-list-item\">Droit \u00e0 la portabilit\u00e9 : vous pouvez nous demander \u00e0 tout moment une copie de toutes les donn\u00e9es \u00e0 caract\u00e8re personnel que nous traitons \u00e0 votre sujet dans Matomo.<\/li>\n\n\n\n<li class=\"ulux-list-item\">Droit de retirer son consentement : vous pouvez retirer votre consentement \u00e0 tout moment en cliquant sur le bouton suivant.<\/li>\n<\/ul>\n\n\n\n<p>Si vous souhaitez que nous ne traitions pas de donn\u00e9es \u00e0 caract\u00e8re personnel avec Matomo, vous pouvez vous y opposer \u00e0 tout moment. Cela n&rsquo;aura aucune cons\u00e9quence sur l&rsquo;utilisation de notre site web.<\/p>\n\n\n\n<p>Si vous choisissez l&rsquo;opt-out, vous recevrez un cookie d&rsquo;opt-out afin que votre d\u00e9cision soit m\u00e9moris\u00e9e. Si vous effacez r\u00e9guli\u00e8rement vos cookies, vous devrez vous d\u00e9sinscrire \u00e0 chaque fois que vous les effacerez.<\/p>\n\n\n\n<p><strong>Pr\u00e9f\u00e9rences en mati\u00e8re de \u00ab<\/strong> <strong>Do not track<\/strong> <strong>\u00bb<\/strong><\/p>\n\n\n\n<p>L&rsquo;option \u00ab ne pas suivre \u00bb est une fonction qui permet aux visiteurs de refuser d&rsquo;\u00eatre suivis par les sites web \u00e0 quelque fin que ce soit, y compris l&rsquo;utilisation de services d&rsquo;analyse, de r\u00e9seaux publicitaires et de plates-formes sociales. Les options \u00ab Do not track \u00bb sont disponibles dans un certain nombre de navigateurs, notamment :<\/p>\n\n\n\n<ul class=\"ulux-list\">\n<li class=\"ulux-list-item\">Firefox<\/li>\n\n\n\n<li class=\"ulux-list-item\">Internet Explorer<\/li>\n\n\n\n<li class=\"ulux-list-item\">Chrome<\/li>\n\n\n\n<li class=\"ulux-list-item\">Safari<\/li>\n\n\n\n<li class=\"ulux-list-item\">Opera<\/li>\n<\/ul>\n\n\n\n<p>Si vous activez la fonction \u00ab do not track \u00bb dans votre navigateur web, Matomo respectera votre choix ;<\/p>\n\n\n\n<p>Si vous avez activ\u00e9 la fonction \u00ab do not track \u00bb, vous ne serez pas suivi. Cela s&rsquo;ajoute \u00e0 votre refus de l&rsquo;agr\u00e9gation et de l&rsquo;analyse des donn\u00e9es pour les statistiques de notre site web ;<\/p>\n\n\n\n<p>Si vous avez d\u00e9sactiv\u00e9 tous les cookies de votre navigateur, nous continuerons \u00e0 collecter certaines donn\u00e9es g\u00e9n\u00e9rales sur votre navigation (par exemple, l&rsquo;enregistrement d&rsquo;un visiteur sur notre site web), mais elles seront moins pr\u00e9cises et votre visite ne sera pas suivie.<\/p>\n\n\n\n<p><strong>Acc\u00e8s restreint aux informations<\/strong><\/p>\n\n\n\n<p>Toutes les communications de donn\u00e9es analytiques sont crypt\u00e9es via le protocole HTTPS. Les rapports analytiques g\u00e9n\u00e9r\u00e9s ne sont accessibles qu&rsquo;au personnel autoris\u00e9 de l&rsquo;universit\u00e9 qui traite avec Matomo ou aux sous-traitants externes d\u00fbment autoris\u00e9s, qui peuvent \u00eatre amen\u00e9s \u00e0 analyser, d\u00e9velopper et\/ou maintenir r\u00e9guli\u00e8rement certains sites web.<\/p>\n\n\n\n<p><strong>Masquage des adresses IP<\/strong><\/p>\n\n\n\n<p>L&rsquo;institution, la ville et le pays d&rsquo;origine sont d\u00e9termin\u00e9s \u00e0 partir de l&rsquo;adresse IP compl\u00e8te, puis stock\u00e9s et agr\u00e9g\u00e9s avant l&rsquo;application d&rsquo;un masque. Matomo utilise un m\u00e9canisme de d\u00e9personnalisation de l&rsquo;IP qui masque automatiquement une partie de l&rsquo;IP (Internet Protocol) de chaque visiteur, rendant ainsi impossible l&rsquo;identification d&rsquo;un visiteur particulier \u00e0 partir de la seule adresse IP.<\/p>\n\n\n\n<h2 class=\"has-text-align-left wp-block-unilux-blocks-heading\"        id=\"informations-complementaires-et-contact\"\n    >\nInformations compl\u00e9mentaires et contact<\/h2>\n\n\n\n<p>Vous trouverez des informations plus d\u00e9taill\u00e9es sur le traitement global de vos donn\u00e9es par l&rsquo;Universit\u00e9 du Luxembourg lorsque vous utilisez notre site dans notre <a href=\"https:\/\/www.uni.lu\/fr\/notice-d-information-generale\/\">notice d&rsquo;information g\u00e9n\u00e9rale.<\/a><\/p>\n<\/div><\/section>\n","protected":false},"excerpt":{"rendered":"","protected":false},"author":33,"featured_media":0,"parent":0,"menu_order":0,"comment_status":"closed","ping_status":"closed","template":"","meta":{"featured_image_focal_point":[],"show_featured_caption":false,"ulux_newsletter_groups":"","uluxPostTitle":"","uluxPrePostTitle":"","_trash_the_other_posts":false,"_price":"","_stock":"","_tribe_ticket_header":"","_tribe_default_ticket_provider":"","_tribe_ticket_capacity":"0","_ticket_start_date":"","_ticket_end_date":"","_tribe_ticket_show_description":"","_tribe_ticket_show_not_going":false,"_tribe_ticket_use_global_stock":"","_tribe_ticket_global_stock_level":"","_global_stock_mode":"","_global_stock_cap":"","_tribe_rsvp_for_event":"","_tribe_ticket_going_count":"","_tribe_ticket_not_going_count":"","_tribe_tickets_list":"[]","_tribe_ticket_has_attendee_info_fields":false,"footnotes":""},"field-of-interest":[],"organisation":[],"authorship":[33],"acf":[],"yoast_head":"<!-- This site is optimized with the Yoast SEO Premium plugin v22.3 (Yoast SEO v22.3) - https:\/\/yoast.com\/wordpress\/plugins\/seo\/ -->\n<title>Les cookies - Universit\u00e9 du Luxembourg<\/title>\n<meta name=\"description\" content=\"Informations sur les cookies, la politique de l&#039;Universit\u00e9 du Luxembourg en mati\u00e8re de cookies, et le traitement des donn\u00e9es personnelles.\" \/>\n<meta name=\"robots\" content=\"index, follow, max-snippet:-1, max-image-preview:large, max-video-preview:-1\" \/>\n<link rel=\"canonical\" href=\"https:\/\/www.uni.lu\/fr\/les-cookies\/\" \/>\n<meta property=\"og:locale\" content=\"fr_FR\" \/>\n<meta property=\"og:type\" content=\"article\" \/>\n<meta property=\"og:title\" content=\"Les cookies\" \/>\n<meta property=\"og:description\" content=\"Informations sur les cookies, la politique de l&#039;Universit\u00e9 du Luxembourg en mati\u00e8re de cookies, et le traitement des donn\u00e9es personnelles.\" \/>\n<meta property=\"og:url\" content=\"https:\/\/www.uni.lu\/fr\/les-cookies\/\" \/>\n<meta property=\"og:site_name\" content=\"UNI FR\" \/>\n<meta property=\"article:publisher\" content=\"https:\/\/www.facebook.com\/uni.lu\" \/>\n<meta property=\"article:modified_time\" content=\"2024-08-09T08:14:37+00:00\" \/>\n<meta property=\"og:image\" content=\"https:\/\/www.uni.lu\/wp-content\/uploads\/sites\/11\/2026\/03\/03120045\/UNIV_SM-Profile_1600x1600px-scaled.jpg\" \/>\n\t<meta property=\"og:image:width\" content=\"2560\" \/>\n\t<meta property=\"og:image:height\" content=\"2560\" \/>\n\t<meta property=\"og:image:type\" content=\"image\/jpeg\" \/>\n<meta name=\"twitter:card\" content=\"summary_large_image\" \/>\n<meta name=\"twitter:label1\" content=\"Dur\u00e9e de lecture estim\u00e9e\" \/>\n\t<meta name=\"twitter:data1\" content=\"7 minutes\" \/>\n<script type=\"application\/ld+json\" class=\"yoast-schema-graph\">{\"@context\":\"https:\/\/schema.org\",\"@graph\":[{\"@type\":\"WebPage\",\"@id\":\"https:\/\/www.uni.lu\/fr\/les-cookies\/\",\"url\":\"https:\/\/www.uni.lu\/fr\/les-cookies\/\",\"name\":\"Les cookies - Universit\u00e9 du Luxembourg\",\"isPartOf\":{\"@id\":\"https:\/\/www.uni.lu\/fr\/#website\"},\"datePublished\":\"2024-05-29T12:47:41+00:00\",\"dateModified\":\"2024-08-09T08:14:37+00:00\",\"description\":\"Informations sur les cookies, la politique de l'Universit\u00e9 du Luxembourg en mati\u00e8re de cookies, et le traitement des donn\u00e9es personnelles.\",\"breadcrumb\":{\"@id\":\"https:\/\/www.uni.lu\/fr\/les-cookies\/#breadcrumb\"},\"inLanguage\":\"fr-FR\",\"potentialAction\":[{\"@type\":\"ReadAction\",\"target\":[\"https:\/\/www.uni.lu\/fr\/les-cookies\/\"]}]},{\"@type\":\"BreadcrumbList\",\"@id\":\"https:\/\/www.uni.lu\/fr\/les-cookies\/#breadcrumb\",\"itemListElement\":[{\"@type\":\"ListItem\",\"position\":1,\"name\":\"Home\",\"item\":\"https:\/\/www.uni.lu\/fr\/\"},{\"@type\":\"ListItem\",\"position\":2,\"name\":\"Les cookies\"}]},{\"@type\":\"WebSite\",\"@id\":\"https:\/\/www.uni.lu\/fr\/#website\",\"url\":\"https:\/\/www.uni.lu\/fr\/\",\"name\":\"Uni.lu\",\"description\":\"Universit\u00e9 du Luxembourg\",\"publisher\":{\"@id\":\"https:\/\/www.uni.lu\/fr\/#organization\"},\"alternateName\":\"Universit\u00e9 du Luxembourg\",\"potentialAction\":[{\"@type\":\"SearchAction\",\"target\":{\"@type\":\"EntryPoint\",\"urlTemplate\":\"https:\/\/www.uni.lu\/fr\/?s={search_term_string}\"},\"query-input\":\"required name=search_term_string\"}],\"inLanguage\":\"fr-FR\"},{\"@type\":\"Organization\",\"@id\":\"https:\/\/www.uni.lu\/fr\/#organization\",\"name\":\"Universit\u00e9 du Luxembourg\",\"alternateName\":\"Uni.lu\",\"url\":\"https:\/\/www.uni.lu\/fr\/\",\"logo\":{\"@type\":\"ImageObject\",\"inLanguage\":\"fr-FR\",\"@id\":\"https:\/\/www.uni.lu\/fr\/#\/schema\/logo\/image\/\",\"url\":\"https:\/\/www.uni.lu\/wp-content\/uploads\/sites\/11\/2026\/03\/03120045\/UNIV_SM-Profile_1600x1600px-scaled.jpg\",\"contentUrl\":\"https:\/\/www.uni.lu\/wp-content\/uploads\/sites\/11\/2026\/03\/03120045\/UNIV_SM-Profile_1600x1600px-scaled.jpg\",\"width\":2560,\"height\":2560,\"caption\":\"Universit\u00e9 du Luxembourg\"},\"image\":{\"@id\":\"https:\/\/www.uni.lu\/fr\/#\/schema\/logo\/image\/\"},\"sameAs\":[\"https:\/\/www.facebook.com\/uni.lu\",\"https:\/\/www.linkedin.com\/school\/university-of-luxembourg\/\",\"https:\/\/www.instagram.com\/uni.lu\",\"https:\/\/www.youtube.com\/@uni_lu\",\"https:\/\/en.wikipedia.org\/wiki\/University_of_Luxembourg\"]}]}<\/script>\n<!-- \/ Yoast SEO Premium plugin. -->","yoast_head_json":{"title":"Les cookies - Universit\u00e9 du Luxembourg","description":"Informations sur les cookies, la politique de l'Universit\u00e9 du Luxembourg en mati\u00e8re de cookies, et le traitement des donn\u00e9es personnelles.","robots":{"index":"index","follow":"follow","max-snippet":"max-snippet:-1","max-image-preview":"max-image-preview:large","max-video-preview":"max-video-preview:-1"},"canonical":"https:\/\/www.uni.lu\/fr\/les-cookies\/","og_locale":"fr_FR","og_type":"article","og_title":"Les cookies","og_description":"Informations sur les cookies, la politique de l'Universit\u00e9 du Luxembourg en mati\u00e8re de cookies, et le traitement des donn\u00e9es personnelles.","og_url":"https:\/\/www.uni.lu\/fr\/les-cookies\/","og_site_name":"UNI FR","article_publisher":"https:\/\/www.facebook.com\/uni.lu","article_modified_time":"2024-08-09T08:14:37+00:00","og_image":[{"width":2560,"height":2560,"url":"https:\/\/www.uni.lu\/wp-content\/uploads\/sites\/11\/2026\/03\/03120045\/UNIV_SM-Profile_1600x1600px-scaled.jpg","type":"image\/jpeg"}],"twitter_card":"summary_large_image","twitter_misc":{"Dur\u00e9e de lecture estim\u00e9e":"7 minutes"},"schema":{"@context":"https:\/\/schema.org","@graph":[{"@type":"WebPage","@id":"https:\/\/www.uni.lu\/fr\/les-cookies\/","url":"https:\/\/www.uni.lu\/fr\/les-cookies\/","name":"Les cookies - Universit\u00e9 du Luxembourg","isPartOf":{"@id":"https:\/\/www.uni.lu\/fr\/#website"},"datePublished":"2024-05-29T12:47:41+00:00","dateModified":"2024-08-09T08:14:37+00:00","description":"Informations sur les cookies, la politique de l'Universit\u00e9 du Luxembourg en mati\u00e8re de cookies, et le traitement des donn\u00e9es personnelles.","breadcrumb":{"@id":"https:\/\/www.uni.lu\/fr\/les-cookies\/#breadcrumb"},"inLanguage":"fr-FR","potentialAction":[{"@type":"ReadAction","target":["https:\/\/www.uni.lu\/fr\/les-cookies\/"]}]},{"@type":"BreadcrumbList","@id":"https:\/\/www.uni.lu\/fr\/les-cookies\/#breadcrumb","itemListElement":[{"@type":"ListItem","position":1,"name":"Home","item":"https:\/\/www.uni.lu\/fr\/"},{"@type":"ListItem","position":2,"name":"Les cookies"}]},{"@type":"WebSite","@id":"https:\/\/www.uni.lu\/fr\/#website","url":"https:\/\/www.uni.lu\/fr\/","name":"Uni.lu","description":"Universit\u00e9 du Luxembourg","publisher":{"@id":"https:\/\/www.uni.lu\/fr\/#organization"},"alternateName":"Universit\u00e9 du Luxembourg","potentialAction":[{"@type":"SearchAction","target":{"@type":"EntryPoint","urlTemplate":"https:\/\/www.uni.lu\/fr\/?s={search_term_string}"},"query-input":"required name=search_term_string"}],"inLanguage":"fr-FR"},{"@type":"Organization","@id":"https:\/\/www.uni.lu\/fr\/#organization","name":"Universit\u00e9 du Luxembourg","alternateName":"Uni.lu","url":"https:\/\/www.uni.lu\/fr\/","logo":{"@type":"ImageObject","inLanguage":"fr-FR","@id":"https:\/\/www.uni.lu\/fr\/#\/schema\/logo\/image\/","url":"https:\/\/www.uni.lu\/wp-content\/uploads\/sites\/11\/2026\/03\/03120045\/UNIV_SM-Profile_1600x1600px-scaled.jpg","contentUrl":"https:\/\/www.uni.lu\/wp-content\/uploads\/sites\/11\/2026\/03\/03120045\/UNIV_SM-Profile_1600x1600px-scaled.jpg","width":2560,"height":2560,"caption":"Universit\u00e9 du Luxembourg"},"image":{"@id":"https:\/\/www.uni.lu\/fr\/#\/schema\/logo\/image\/"},"sameAs":["https:\/\/www.facebook.com\/uni.lu","https:\/\/www.linkedin.com\/school\/university-of-luxembourg\/","https:\/\/www.instagram.com\/uni.lu","https:\/\/www.youtube.com\/@uni_lu","https:\/\/en.wikipedia.org\/wiki\/University_of_Luxembourg"]}]}},"ticketed":false,"_links":{"self":[{"href":"https:\/\/www.uni.lu\/fr\/wp-json\/wp\/v2\/pages\/11454"}],"collection":[{"href":"https:\/\/www.uni.lu\/fr\/wp-json\/wp\/v2\/pages"}],"about":[{"href":"https:\/\/www.uni.lu\/fr\/wp-json\/wp\/v2\/types\/page"}],"author":[{"embeddable":true,"href":"https:\/\/www.uni.lu\/fr\/wp-json\/wp\/v2\/users\/33"}],"replies":[{"embeddable":true,"href":"https:\/\/www.uni.lu\/fr\/wp-json\/wp\/v2\/comments?post=11454"}],"version-history":[{"count":5,"href":"https:\/\/www.uni.lu\/fr\/wp-json\/wp\/v2\/pages\/11454\/revisions"}],"predecessor-version":[{"id":11499,"href":"https:\/\/www.uni.lu\/fr\/wp-json\/wp\/v2\/pages\/11454\/revisions\/11499"}],"wp:authorship":[{"embeddable":true,"href":"https:\/\/www.uni.lu\/fr\/wp-json\/wp\/v2\/users\/33"}],"wp:attachment":[{"href":"https:\/\/www.uni.lu\/fr\/wp-json\/wp\/v2\/media?parent=11454"}],"wp:term":[{"taxonomy":"field-of-interest","embeddable":true,"href":"https:\/\/www.uni.lu\/fr\/wp-json\/wp\/v2\/field-of-interest?post=11454"},{"taxonomy":"organisation","embeddable":true,"href":"https:\/\/www.uni.lu\/fr\/wp-json\/wp\/v2\/organisation?post=11454"}],"curies":[{"name":"wp","href":"https:\/\/api.w.org\/{rel}","templated":true}]}}