{"id":10363,"date":"2024-02-28T14:01:44","date_gmt":"2024-02-28T13:01:44","guid":{"rendered":"https:\/\/www.uni.lu\/fr\/?page_id=10363"},"modified":"2024-08-09T10:44:55","modified_gmt":"2024-08-09T08:44:55","slug":"accessibilite","status":"publish","type":"page","link":"https:\/\/www.uni.lu\/fr\/accessibilite\/","title":{"rendered":"Accessibilit\u00e9"},"content":{"rendered":"\n<section class=\"wp-block-unilux-blocks-free-section section\"><div class=\"container xl:max-w-screen-xl\">\n<h1 class=\"has-text-align-left wp-block-unilux-blocks-heading\"        id=\"declaration-daccessibilite-pour-le-present-site-web\"\n    >\nD\u00e9claration d\u2019accessibilit\u00e9 pour le pr\u00e9sent site web<\/h1>\n\n\n\n<p>Ceci est une d\u00e9claration d\u2019accessibilit\u00e9 \u00e9tablie par l\u2019Universit\u00e9 du Luxembourg.<\/p>\n\n\n\n<p>Mesures en faveur de l\u2019accessibilit\u00e9<br>L\u2019Universit\u00e9 du Luxembourg a adopt\u00e9 les mesures suivants pour assurer l\u2019accessibilit\u00e9 du pr\u00e9sent site web\u202f:<\/p>\n\n\n\n<ul class=\"ulux-list\">\n<li class=\"ulux-list-item\">L\u2019accessibilit\u00e9 est inscrite dans notre d\u00e9claration de mission.<\/li>\n\n\n\n<li class=\"ulux-list-item\">L\u2019accessibilit\u00e9 est int\u00e9gr\u00e9e \u00e0 nos politiques internes.<\/li>\n\n\n\n<li class=\"ulux-list-item\">L\u2019accessibilit\u00e9 est int\u00e9gr\u00e9e \u00e0 nos pratiques d\u2019achats.<\/li>\n\n\n\n<li class=\"ulux-list-item\">Notre personnel b\u00e9n\u00e9ficie d\u2019une formation continue en mati\u00e8re d\u2019accessibilit\u00e9.<\/li>\n\n\n\n<li class=\"ulux-list-item\">Nous appliquons des m\u00e9thodes formelles d\u2019assurance qualit\u00e9 de l\u2019accessibilit\u00e9.<\/li>\n<\/ul>\n\n\n\n<h2 class=\"has-text-align-left wp-block-unilux-blocks-heading\"        id=\"statut-de-conformite\"\n    >\nStatut de conformit\u00e9<\/h2>\n\n\n\n<p>Les\u202f<a href=\"https:\/\/www.w3.org\/WAI\/standards-guidelines\/wcag\/fr\" target=\"_blank\" rel=\"noreferrer noopener\">R\u00e8gles pour l\u2019accessibilit\u00e9 des contenus web (WCAG)<\/a>\u202f\u00e9tablissent des exigences \u00e0 suivre par les concepteurs et d\u00e9veloppeurs dans le but d\u2019am\u00e9liorer l\u2019accessibilit\u00e9 pour les personnes pr\u00e9sentant un handicap. Elles d\u00e9finissent trois niveaux de conformit\u00e9\u202f: le niveau\u202fA, le niveau\u202fAA et le niveau\u202fAAA. Le pr\u00e9sent site web est partiellement conforme au niveau de conformit\u00e9 AA des WCAG 2.1. Une conformit\u00e9 partielle signifie que certaines parties du contenu ne sont pas enti\u00e8rement conformes \u00e0 la norme d\u2019accessibilit\u00e9.<\/p>\n\n\n\n<h2 class=\"has-text-align-left wp-block-unilux-blocks-heading\"        id=\"retour-dinformation\"\n    >\nRetour d\u2019information<\/h2>\n\n\n\n<p>Nous serions ravis de recevoir votre retour d\u2019information sur l\u2019accessibilit\u00e9 du pr\u00e9sent site web. N\u2019h\u00e9sitez pas \u00e0 nous contacter si vous rencontrez des obstacles \u00e0 l\u2019accessibilit\u00e9 sur le pr\u00e9sent site web.<\/p>\n\n\n\n<ul class=\"ulux-list\">\n<li class=\"ulux-list-item\">E-mail:&nbsp;<a target=\"_blank\" href=\"mailto:communication@uni.lu\" rel=\"noreferrer noopener\">communication@uni.lu<\/a><\/li>\n\n\n\n<li class=\"ulux-list-item\"><a href=\"https:\/\/www.uni.lu\/fr\/a-propos\/organisation\/administration\/service-de-la-communication\/\">Service de la communication<\/a><\/li>\n<\/ul>\n\n\n\n<p>Compatibilit\u00e9 avec les navigateurs et les technologies d\u2019assistance<br>Le pr\u00e9sent site web a \u00e9t\u00e9 con\u00e7u pour \u00eatre compatible avec les technologies d\u2019assistance suivantes\u202f:<\/p>\n\n\n\n<ul class=\"ulux-list\">\n<li class=\"ulux-list-item\">Le site web utilise une conception web adaptative et est optimis\u00e9 pour les utilisateurs d\u2019ordinateurs de bureau, de tablettes et d\u2019appareils mobiles.<\/li>\n\n\n\n<li class=\"ulux-list-item\">Derni\u00e8re version d\u2019Android<\/li>\n\n\n\n<li class=\"ulux-list-item\">Derni\u00e8re version de Chrome Android<\/li>\n\n\n\n<li class=\"ulux-list-item\">Deux derni\u00e8res versions de Chrome<\/li>\n\n\n\n<li class=\"ulux-list-item\">Deux derni\u00e8res versions de Firefox<\/li>\n\n\n\n<li class=\"ulux-list-item\">Deux derni\u00e8res versions de Safari<\/li>\n\n\n\n<li class=\"ulux-list-item\">Deux derni\u00e8res versions d\u2019iOS<\/li>\n\n\n\n<li class=\"ulux-list-item\">Deux derni\u00e8res versions d\u2019Edge<\/li>\n<\/ul>\n\n\n\n<p>Le pr\u00e9sent site web n\u2019est pas compatible avec\u202f:<\/p>\n\n\n\n<ul class=\"ulux-list\">\n<li class=\"ulux-list-item\">Internet Explorer<\/li>\n<\/ul>\n\n\n\n<h2 class=\"has-text-align-left wp-block-unilux-blocks-heading\"        id=\"specifications-techniques\"\n    >\nSp\u00e9cifications techniques<\/h2>\n\n\n\n<p>Pour son accessibilit\u00e9, le pr\u00e9sent site web utilise les technologies suivantes pour fonctionner avec la combinaison particuli\u00e8re de votre navigateur web et toute technologie d\u2019assistance ou tout module d\u2019extension install\u00e9 sur votre ordinateur\u202f:<\/p>\n\n\n\n<ul class=\"ulux-list\">\n<li class=\"ulux-list-item\">HTML<\/li>\n\n\n\n<li class=\"ulux-list-item\">WAI-ARIA<\/li>\n\n\n\n<li class=\"ulux-list-item\">CSS<\/li>\n\n\n\n<li class=\"ulux-list-item\">JavaScript<\/li>\n<\/ul>\n\n\n\n<p>Ces technologies assurent la conformit\u00e9 avec les normes d\u2019accessibilit\u00e9.<\/p>\n\n\n\n<h2 class=\"has-text-align-left wp-block-unilux-blocks-heading\"        id=\"limitations-et-alternatives\"\n    >\nLimitations et alternatives<\/h2>\n\n\n\n<p>Malgr\u00e9 tous nos efforts visant \u00e0 assurer l\u2019accessibilit\u00e9 du pr\u00e9sent site web, certaines limitations peuvent se pr\u00e9senter. Voici une description des limitations connues et leurs solutions potentielles. Veuillez nous contacter si vous trouvez un probl\u00e8me qui n\u2019est pas r\u00e9pertori\u00e9 ci-dessous\u202f:<br>Limitations connues sur ce site web\u202f:<\/p>\n\n\n\n<ul class=\"ulux-list\">\n<li class=\"ulux-list-item\"><strong>Vid\u00e9os\u202f:<\/strong> les vid\u00e9os t\u00e9l\u00e9charg\u00e9es n\u2019ont pas n\u00e9cessairement de transcription, car nous poss\u00e9dons des vid\u00e9os datant de p\u00e9riodes o\u00f9 l\u2019accessibilit\u00e9 n\u2019\u00e9tait pas encore prise en consid\u00e9ration.<\/li>\n<\/ul>\n\n\n\n<h2 class=\"has-text-align-left wp-block-unilux-blocks-heading\"        id=\"approche-devaluation\"\n    >\nApproche d\u2019\u00e9valuation<\/h2>\n\n\n\n<p>L\u2019Universit\u00e9 du Luxembourg a \u00e9valu\u00e9 l\u2019accessibilit\u00e9 du pr\u00e9sent site web selon les approches suivantes\u202f:<\/p>\n\n\n\n<ul class=\"ulux-list\">\n<li class=\"ulux-list-item\">Auto\u00e9valuation<\/li>\n<\/ul>\n\n\n\n<p>Date\u202f: la pr\u00e9sente d\u00e9claration a \u00e9t\u00e9 r\u00e9dig\u00e9e le 18\u202fjuillet\u202f2023.<\/p>\n<\/div><\/section>\n","protected":false},"excerpt":{"rendered":"","protected":false},"author":33,"featured_media":0,"parent":0,"menu_order":9999,"comment_status":"closed","ping_status":"closed","template":"","meta":{"featured_image_focal_point":[],"show_featured_caption":false,"ulux_newsletter_groups":"","uluxPostTitle":"","uluxPrePostTitle":"","_trash_the_other_posts":false,"_price":"","_stock":"","_tribe_ticket_header":"","_tribe_default_ticket_provider":"","_tribe_ticket_capacity":"0","_ticket_start_date":"","_ticket_end_date":"","_tribe_ticket_show_description":"","_tribe_ticket_show_not_going":false,"_tribe_ticket_use_global_stock":"","_tribe_ticket_global_stock_level":"","_global_stock_mode":"","_global_stock_cap":"","_tribe_rsvp_for_event":"","_tribe_ticket_going_count":"","_tribe_ticket_not_going_count":"","_tribe_tickets_list":"[]","_tribe_ticket_has_attendee_info_fields":false,"footnotes":""},"field-of-interest":[],"organisation":[],"authorship":[33],"acf":[],"yoast_head":"<!-- This site is optimized with the Yoast SEO Premium plugin v22.3 (Yoast SEO v22.3) - https:\/\/yoast.com\/wordpress\/plugins\/seo\/ -->\n<title>Accessibilit\u00e9 - Universit\u00e9 du Luxembourg<\/title>\n<meta name=\"description\" content=\"D\u00e9claration d\u2019accessibilit\u00e9 pour le pr\u00e9sent site web. Ceci est une d\u00e9claration d\u2019accessibilit\u00e9 \u00e9tablie par l\u2019Universit\u00e9 du Luxembourg.\" \/>\n<meta name=\"robots\" content=\"index, follow, max-snippet:-1, max-image-preview:large, max-video-preview:-1\" \/>\n<link rel=\"canonical\" href=\"https:\/\/www.uni.lu\/fr\/accessibilite\/\" \/>\n<meta property=\"og:locale\" content=\"fr_FR\" \/>\n<meta property=\"og:type\" content=\"article\" \/>\n<meta property=\"og:title\" content=\"Accessibilit\u00e9\" \/>\n<meta property=\"og:description\" content=\"D\u00e9claration d\u2019accessibilit\u00e9 pour le pr\u00e9sent site web. Ceci est une d\u00e9claration d\u2019accessibilit\u00e9 \u00e9tablie par l\u2019Universit\u00e9 du Luxembourg.\" \/>\n<meta property=\"og:url\" content=\"https:\/\/www.uni.lu\/fr\/accessibilite\/\" \/>\n<meta property=\"og:site_name\" content=\"UNI FR\" \/>\n<meta property=\"article:publisher\" content=\"https:\/\/www.facebook.com\/uni.lu\" \/>\n<meta property=\"article:modified_time\" content=\"2024-08-09T08:44:55+00:00\" \/>\n<meta property=\"og:image\" content=\"https:\/\/www.uni.lu\/wp-content\/uploads\/sites\/11\/2026\/03\/03120045\/UNIV_SM-Profile_1600x1600px-scaled.jpg\" \/>\n\t<meta property=\"og:image:width\" content=\"2560\" \/>\n\t<meta property=\"og:image:height\" content=\"2560\" \/>\n\t<meta property=\"og:image:type\" content=\"image\/jpeg\" \/>\n<meta name=\"twitter:card\" content=\"summary_large_image\" \/>\n<meta name=\"twitter:label1\" content=\"Dur\u00e9e de lecture estim\u00e9e\" \/>\n\t<meta name=\"twitter:data1\" content=\"3 minutes\" \/>\n<script type=\"application\/ld+json\" class=\"yoast-schema-graph\">{\"@context\":\"https:\/\/schema.org\",\"@graph\":[{\"@type\":\"WebPage\",\"@id\":\"https:\/\/www.uni.lu\/fr\/accessibilite\/\",\"url\":\"https:\/\/www.uni.lu\/fr\/accessibilite\/\",\"name\":\"Accessibilit\u00e9 - Universit\u00e9 du Luxembourg\",\"isPartOf\":{\"@id\":\"https:\/\/www.uni.lu\/fr\/#website\"},\"datePublished\":\"2024-02-28T13:01:44+00:00\",\"dateModified\":\"2024-08-09T08:44:55+00:00\",\"description\":\"D\u00e9claration d\u2019accessibilit\u00e9 pour le pr\u00e9sent site web. Ceci est une d\u00e9claration d\u2019accessibilit\u00e9 \u00e9tablie par l\u2019Universit\u00e9 du Luxembourg.\",\"breadcrumb\":{\"@id\":\"https:\/\/www.uni.lu\/fr\/accessibilite\/#breadcrumb\"},\"inLanguage\":\"fr-FR\",\"potentialAction\":[{\"@type\":\"ReadAction\",\"target\":[\"https:\/\/www.uni.lu\/fr\/accessibilite\/\"]}]},{\"@type\":\"BreadcrumbList\",\"@id\":\"https:\/\/www.uni.lu\/fr\/accessibilite\/#breadcrumb\",\"itemListElement\":[{\"@type\":\"ListItem\",\"position\":1,\"name\":\"Home\",\"item\":\"https:\/\/www.uni.lu\/fr\/\"},{\"@type\":\"ListItem\",\"position\":2,\"name\":\"Accessibilit\u00e9\"}]},{\"@type\":\"WebSite\",\"@id\":\"https:\/\/www.uni.lu\/fr\/#website\",\"url\":\"https:\/\/www.uni.lu\/fr\/\",\"name\":\"Uni.lu\",\"description\":\"Universit\u00e9 du Luxembourg\",\"publisher\":{\"@id\":\"https:\/\/www.uni.lu\/fr\/#organization\"},\"alternateName\":\"Universit\u00e9 du Luxembourg\",\"potentialAction\":[{\"@type\":\"SearchAction\",\"target\":{\"@type\":\"EntryPoint\",\"urlTemplate\":\"https:\/\/www.uni.lu\/fr\/?s={search_term_string}\"},\"query-input\":\"required name=search_term_string\"}],\"inLanguage\":\"fr-FR\"},{\"@type\":\"Organization\",\"@id\":\"https:\/\/www.uni.lu\/fr\/#organization\",\"name\":\"Universit\u00e9 du Luxembourg\",\"alternateName\":\"Uni.lu\",\"url\":\"https:\/\/www.uni.lu\/fr\/\",\"logo\":{\"@type\":\"ImageObject\",\"inLanguage\":\"fr-FR\",\"@id\":\"https:\/\/www.uni.lu\/fr\/#\/schema\/logo\/image\/\",\"url\":\"https:\/\/www.uni.lu\/wp-content\/uploads\/sites\/11\/2026\/03\/03120045\/UNIV_SM-Profile_1600x1600px-scaled.jpg\",\"contentUrl\":\"https:\/\/www.uni.lu\/wp-content\/uploads\/sites\/11\/2026\/03\/03120045\/UNIV_SM-Profile_1600x1600px-scaled.jpg\",\"width\":2560,\"height\":2560,\"caption\":\"Universit\u00e9 du Luxembourg\"},\"image\":{\"@id\":\"https:\/\/www.uni.lu\/fr\/#\/schema\/logo\/image\/\"},\"sameAs\":[\"https:\/\/www.facebook.com\/uni.lu\",\"https:\/\/www.linkedin.com\/school\/university-of-luxembourg\/\",\"https:\/\/www.instagram.com\/uni.lu\",\"https:\/\/www.youtube.com\/@uni_lu\",\"https:\/\/en.wikipedia.org\/wiki\/University_of_Luxembourg\"]}]}<\/script>\n<!-- \/ Yoast SEO Premium plugin. -->","yoast_head_json":{"title":"Accessibilit\u00e9 - Universit\u00e9 du Luxembourg","description":"D\u00e9claration d\u2019accessibilit\u00e9 pour le pr\u00e9sent site web. Ceci est une d\u00e9claration d\u2019accessibilit\u00e9 \u00e9tablie par l\u2019Universit\u00e9 du Luxembourg.","robots":{"index":"index","follow":"follow","max-snippet":"max-snippet:-1","max-image-preview":"max-image-preview:large","max-video-preview":"max-video-preview:-1"},"canonical":"https:\/\/www.uni.lu\/fr\/accessibilite\/","og_locale":"fr_FR","og_type":"article","og_title":"Accessibilit\u00e9","og_description":"D\u00e9claration d\u2019accessibilit\u00e9 pour le pr\u00e9sent site web. Ceci est une d\u00e9claration d\u2019accessibilit\u00e9 \u00e9tablie par l\u2019Universit\u00e9 du Luxembourg.","og_url":"https:\/\/www.uni.lu\/fr\/accessibilite\/","og_site_name":"UNI FR","article_publisher":"https:\/\/www.facebook.com\/uni.lu","article_modified_time":"2024-08-09T08:44:55+00:00","og_image":[{"width":2560,"height":2560,"url":"https:\/\/www.uni.lu\/wp-content\/uploads\/sites\/11\/2026\/03\/03120045\/UNIV_SM-Profile_1600x1600px-scaled.jpg","type":"image\/jpeg"}],"twitter_card":"summary_large_image","twitter_misc":{"Dur\u00e9e de lecture estim\u00e9e":"3 minutes"},"schema":{"@context":"https:\/\/schema.org","@graph":[{"@type":"WebPage","@id":"https:\/\/www.uni.lu\/fr\/accessibilite\/","url":"https:\/\/www.uni.lu\/fr\/accessibilite\/","name":"Accessibilit\u00e9 - Universit\u00e9 du Luxembourg","isPartOf":{"@id":"https:\/\/www.uni.lu\/fr\/#website"},"datePublished":"2024-02-28T13:01:44+00:00","dateModified":"2024-08-09T08:44:55+00:00","description":"D\u00e9claration d\u2019accessibilit\u00e9 pour le pr\u00e9sent site web. Ceci est une d\u00e9claration d\u2019accessibilit\u00e9 \u00e9tablie par l\u2019Universit\u00e9 du Luxembourg.","breadcrumb":{"@id":"https:\/\/www.uni.lu\/fr\/accessibilite\/#breadcrumb"},"inLanguage":"fr-FR","potentialAction":[{"@type":"ReadAction","target":["https:\/\/www.uni.lu\/fr\/accessibilite\/"]}]},{"@type":"BreadcrumbList","@id":"https:\/\/www.uni.lu\/fr\/accessibilite\/#breadcrumb","itemListElement":[{"@type":"ListItem","position":1,"name":"Home","item":"https:\/\/www.uni.lu\/fr\/"},{"@type":"ListItem","position":2,"name":"Accessibilit\u00e9"}]},{"@type":"WebSite","@id":"https:\/\/www.uni.lu\/fr\/#website","url":"https:\/\/www.uni.lu\/fr\/","name":"Uni.lu","description":"Universit\u00e9 du Luxembourg","publisher":{"@id":"https:\/\/www.uni.lu\/fr\/#organization"},"alternateName":"Universit\u00e9 du Luxembourg","potentialAction":[{"@type":"SearchAction","target":{"@type":"EntryPoint","urlTemplate":"https:\/\/www.uni.lu\/fr\/?s={search_term_string}"},"query-input":"required name=search_term_string"}],"inLanguage":"fr-FR"},{"@type":"Organization","@id":"https:\/\/www.uni.lu\/fr\/#organization","name":"Universit\u00e9 du Luxembourg","alternateName":"Uni.lu","url":"https:\/\/www.uni.lu\/fr\/","logo":{"@type":"ImageObject","inLanguage":"fr-FR","@id":"https:\/\/www.uni.lu\/fr\/#\/schema\/logo\/image\/","url":"https:\/\/www.uni.lu\/wp-content\/uploads\/sites\/11\/2026\/03\/03120045\/UNIV_SM-Profile_1600x1600px-scaled.jpg","contentUrl":"https:\/\/www.uni.lu\/wp-content\/uploads\/sites\/11\/2026\/03\/03120045\/UNIV_SM-Profile_1600x1600px-scaled.jpg","width":2560,"height":2560,"caption":"Universit\u00e9 du Luxembourg"},"image":{"@id":"https:\/\/www.uni.lu\/fr\/#\/schema\/logo\/image\/"},"sameAs":["https:\/\/www.facebook.com\/uni.lu","https:\/\/www.linkedin.com\/school\/university-of-luxembourg\/","https:\/\/www.instagram.com\/uni.lu","https:\/\/www.youtube.com\/@uni_lu","https:\/\/en.wikipedia.org\/wiki\/University_of_Luxembourg"]}]}},"ticketed":false,"_links":{"self":[{"href":"https:\/\/www.uni.lu\/fr\/wp-json\/wp\/v2\/pages\/10363"}],"collection":[{"href":"https:\/\/www.uni.lu\/fr\/wp-json\/wp\/v2\/pages"}],"about":[{"href":"https:\/\/www.uni.lu\/fr\/wp-json\/wp\/v2\/types\/page"}],"author":[{"embeddable":true,"href":"https:\/\/www.uni.lu\/fr\/wp-json\/wp\/v2\/users\/33"}],"replies":[{"embeddable":true,"href":"https:\/\/www.uni.lu\/fr\/wp-json\/wp\/v2\/comments?post=10363"}],"version-history":[{"count":2,"href":"https:\/\/www.uni.lu\/fr\/wp-json\/wp\/v2\/pages\/10363\/revisions"}],"predecessor-version":[{"id":10398,"href":"https:\/\/www.uni.lu\/fr\/wp-json\/wp\/v2\/pages\/10363\/revisions\/10398"}],"wp:authorship":[{"embeddable":true,"href":"https:\/\/www.uni.lu\/fr\/wp-json\/wp\/v2\/users\/33"}],"wp:attachment":[{"href":"https:\/\/www.uni.lu\/fr\/wp-json\/wp\/v2\/media?parent=10363"}],"wp:term":[{"taxonomy":"field-of-interest","embeddable":true,"href":"https:\/\/www.uni.lu\/fr\/wp-json\/wp\/v2\/field-of-interest?post=10363"},{"taxonomy":"organisation","embeddable":true,"href":"https:\/\/www.uni.lu\/fr\/wp-json\/wp\/v2\/organisation?post=10363"}],"curies":[{"name":"wp","href":"https:\/\/api.w.org\/{rel}","templated":true}]}}