{"id":10361,"date":"2024-02-28T13:59:52","date_gmt":"2024-02-28T12:59:52","guid":{"rendered":"https:\/\/www.uni.lu\/fr\/?page_id=10361"},"modified":"2025-07-02T15:38:48","modified_gmt":"2025-07-02T13:38:48","slug":"qualite-de-l-enseignement","status":"publish","type":"page","link":"https:\/\/www.uni.lu\/fr\/a-propos\/organisation\/administration\/qualite-de-l-enseignement\/","title":{"rendered":"Bureau de la qualit\u00e9 de l\u2019enseignement"},"content":{"rendered":"\n<section class=\"py-0 wp-block-unilux-blocks-free-section section\"><div class=\"container xl:max-w-screen-xl\">\n<h2 class=\"has-text-align-left wp-block-unilux-blocks-heading\"        id=\"bureau-de-la-qualite-de-lenseignement\"\n    >\nBureau de la qualit\u00e9 de l\u2019enseignement<\/h2>\n<\/div><\/section>\n\n\n\n<section class=\"wp-block-unilux-blocks-free-section section\"><div class=\"container xl:max-w-screen-xl\">\n<h3 class=\"has-text-align-left wp-block-unilux-blocks-heading\"        id=\"notre-mission\"\n    >\nNotre mission<\/h3>\n\n\n\n<p>Le Bureau de la qualit\u00e9 de l\u2019enseignement (BQE) aide la communaut\u00e9 universitaire \u00e0 \u00e9valuer et am\u00e9liorer la qualit\u00e9 de sa mission d\u2019enseignement aux niveaux des programmes de bachelor, de master et de formation continue. Il m\u00e8ne ses activit\u00e9s au sein du vice-rectorat aux affaires acad\u00e9miques, en partenariat avec le personnel de gestion de la qualit\u00e9 de l\u2019enseignement des facult\u00e9s ainsi qu\u2019avec les services acad\u00e9miques de l\u2019Universit\u00e9.<\/p>\n\n\n\n<h3 class=\"has-text-align-left wp-block-unilux-blocks-heading\"        id=\"nos-responsabilites-et-notre-expertise\"\n    >\nNos responsabilit\u00e9s et notre expertise<\/h3>\n\n\n\n<ul class=\"ulux-list\">\n<li class=\"ulux-list-item\">Appui \u00e0 la prise de d\u00e9cision strat\u00e9gique et op\u00e9rationnelle concernant la qualit\u00e9 de l\u2019offre de formation de l\u2019Universit\u00e9.<\/li>\n\n\n\n<li class=\"ulux-list-item\">D\u00e9veloppement et mise en \u0153uvre du cadre de l\u2019assurance qualit\u00e9 dans l\u2019enseignement (CAQE) de l\u2019Universit\u00e9.<\/li>\n\n\n\n<li class=\"ulux-list-item\">Contribution au d\u00e9veloppement des services d\u2019enseignement et du cadre des qualifications pour l\u2019enseignement universitaire.<\/li>\n\n\n\n<li class=\"ulux-list-item\">Facilitation de l\u2019apprentissage par les pairs et de l\u2019\u00e9valuation comparative aux niveaux europ\u00e9en et international.<\/li>\n\n\n\n<li class=\"ulux-list-item\">Organisation des \u00e9valuations, des r\u00e9visions et des accr\u00e9ditations externes de la mission d\u2019enseignement de l\u2019Universit\u00e9.<\/li>\n\n\n\n<li class=\"ulux-list-item\">\u00c9laboration du r\u00e8glement des \u00e9tudes, des politiques et des proc\u00e9dures acad\u00e9miques de l\u2019Universit\u00e9<\/li>\n\n\n\n<li class=\"ulux-list-item\">Mise en conformit\u00e9, assurance qualit\u00e9 et gestion du processus acad\u00e9mique.<\/li>\n\n\n\n<li class=\"ulux-list-item\">Contribution au d\u00e9veloppement des services d\u2019apprentissage et d\u2019\u00e9valuation.<\/li>\n\n\n\n<li class=\"ulux-list-item\">\u00c9valuation des propositions de nouveaux programmes d\u2019\u00e9tudes.<\/li>\n\n\n\n<li class=\"ulux-list-item\">R\u00e9vision des programmes d\u2019\u00e9tudes existants.<\/li>\n\n\n\n<li class=\"ulux-list-item\">Appui \u00e0 la conception et \u00e0 l\u2019\u00e9laboration des programmes d\u2019\u00e9tudes.<\/li>\n\n\n\n<li class=\"ulux-list-item\">Conception et facilitation d\u2019instruments de retour d\u2019information.<\/li>\n<\/ul>\n\n\n<div class=\"py-48 first:pt-0 last:pb-0 wp-block-unilux-blocks-people-list\">\n    \n<h2 class=\"has-text-align-left wp-block-unilux-blocks-heading\"        id=\"chef-dequipe\"\n    >\nChef d\u2019\u00e9quipe<\/h2>\n<ul class=\"flex flex-wrap -mx-16 wp-block-unilux-blocks-people-item-wrapper\">\n    <li class=\"w-full md:w-1\/2 p-16 wp-block-unilux-blocks-people-item-automated\"><div class=\"ulux-card card-people bg-theme\"><div class=\"list-people bg-theme\">\n    <div class=\"list-people__container\">\n        <div class=\"list-people__visual\">\n            <figure class=\"wp-block-dev4-reusable-blocks-image\">\n                <!-- Template Image Component: default -->\n<img decoding=\"async\" class=\"w-full\" width=\"\" height=\"\" rel=\"\" alt=\"Mathieu WINAND\" src=\"https:\/\/www.uni.lu\/en\/person-image\/NTAwOTA4MjRfX01hdGhpZXUgV0lOQU5E\" srcset=\"https:\/\/www.uni.lu\/en\/person-image\/NTAwOTA4MjRfX01hdGhpZXUgV0lOQU5E--thumbnail 150w,https:\/\/www.uni.lu\/en\/person-image\/NTAwOTA4MjRfX01hdGhpZXUgV0lOQU5E--medium 300w,https:\/\/www.uni.lu\/en\/person-image\/NTAwOTA4MjRfX01hdGhpZXUgV0lOQU5E--medium_large 768w,https:\/\/www.uni.lu\/en\/person-image\/NTAwOTA4MjRfX01hdGhpZXUgV0lOQU5E--large 1024w,https:\/\/www.uni.lu\/en\/person-image\/NTAwOTA4MjRfX01hdGhpZXUgV0lOQU5E--1536x1536 1536w,https:\/\/www.uni.lu\/en\/person-image\/NTAwOTA4MjRfX01hdGhpZXUgV0lOQU5E--2048x2048 2048w\" loading=\"lazy\" \/><!-- end Image Component -->\n            <\/figure>\n        <\/div>\n        <div class=\"list-people__body\">\n            <h3 class=\"list-people__title\">Mathieu WINAND<\/h3>\n            <p class=\"list-people__description\">Team Leader<\/p>\n            <div class=\"wp-block-unilux-blocks-simple-cta wp-block-unilux-blocks-people-item-automated\">\n    <a\n        href=\"https:\/\/www.uni.lu\/en\/people\/mathieu-winand\/\"\n        title=\"Mathieu WINAND\"\n        class=\"link-text link-text--icon list-people__link link-absolute\"\n        target=\"\"\n    >\n        <span class=\"link-text__body\">\n            <span class=\"link-text__name\">Voir le profil<\/span>\n        <\/span>\n        <svg aria-hidden=\"true\" focusable=\"false\" class=\"icon icon-outline icon--arrow-right \"><use xlink:href=\"https:\/\/www.uni.lu\/wp-content\/themes\/unilux-theme\/assets\/images\/icons\/icons-outline.svg#icon--arrow-right\"><\/use><\/svg>    <\/a>\n<\/div>\n        <\/div>\n    <\/div>\n<\/div>\n<\/div><\/li><\/ul>\n\n<\/div>\n\n\n\n<div class=\"py-48 first:pt-0 last:pb-0 wp-block-unilux-blocks-people-list\">\n    \n<h2 class=\"has-text-align-left wp-block-unilux-blocks-heading\"        id=\"contact\"\n    >\nContact<\/h2>\n<ul class=\"flex flex-wrap -mx-16 wp-block-unilux-blocks-people-item-wrapper\">\n    <li class=\"w-full md:w-1\/2 p-16 wp-block-unilux-blocks-people-item-automated\"><div class=\"ulux-card card-people bg-theme\"><div class=\"list-people bg-theme\">\n    <div class=\"list-people__container\">\n        <div class=\"list-people__visual\">\n            <figure class=\"wp-block-dev4-reusable-blocks-image\">\n                <!-- Template Image Component: default -->\n<img decoding=\"async\" class=\"w-full\" width=\"\" height=\"\" rel=\"\" alt=\"Dora BERETI\" src=\"https:\/\/www.uni.lu\/en\/person-image\/NTAwMDA3MjlfX0RvcmEgQkVSRVRJ\" srcset=\"https:\/\/www.uni.lu\/en\/person-image\/NTAwMDA3MjlfX0RvcmEgQkVSRVRJ--thumbnail 150w,https:\/\/www.uni.lu\/en\/person-image\/NTAwMDA3MjlfX0RvcmEgQkVSRVRJ--medium 300w,https:\/\/www.uni.lu\/en\/person-image\/NTAwMDA3MjlfX0RvcmEgQkVSRVRJ--medium_large 768w,https:\/\/www.uni.lu\/en\/person-image\/NTAwMDA3MjlfX0RvcmEgQkVSRVRJ--large 1024w,https:\/\/www.uni.lu\/en\/person-image\/NTAwMDA3MjlfX0RvcmEgQkVSRVRJ--1536x1536 1536w,https:\/\/www.uni.lu\/en\/person-image\/NTAwMDA3MjlfX0RvcmEgQkVSRVRJ--2048x2048 2048w\" loading=\"lazy\" \/><!-- end Image Component -->\n            <\/figure>\n        <\/div>\n        <div class=\"list-people__body\">\n            <h3 class=\"list-people__title\">Dora BERETI<\/h3>\n            <p class=\"list-people__description\">Quality and Process Specialist<\/p>\n            <div class=\"wp-block-unilux-blocks-simple-cta wp-block-unilux-blocks-people-item-automated\">\n    <a\n        href=\"https:\/\/www.uni.lu\/en\/people\/dora-bereti\/\"\n        title=\"Dora BERETI\"\n        class=\"link-text link-text--icon list-people__link link-absolute\"\n        target=\"\"\n    >\n        <span class=\"link-text__body\">\n            <span class=\"link-text__name\">Voir le profil<\/span>\n        <\/span>\n        <svg aria-hidden=\"true\" focusable=\"false\" class=\"icon icon-outline icon--arrow-right \"><use xlink:href=\"https:\/\/www.uni.lu\/wp-content\/themes\/unilux-theme\/assets\/images\/icons\/icons-outline.svg#icon--arrow-right\"><\/use><\/svg>    <\/a>\n<\/div>\n        <\/div>\n    <\/div>\n<\/div>\n<\/div><\/li><li class=\"w-full md:w-1\/2 p-16 wp-block-unilux-blocks-people-item-automated\"><div class=\"ulux-card card-people bg-theme\"><div class=\"list-people bg-theme\">\n    <div class=\"list-people__container\">\n        <div class=\"list-people__visual\">\n            <figure class=\"wp-block-dev4-reusable-blocks-image\">\n                <!-- Template Image Component: default -->\n<img decoding=\"async\" class=\"w-full\" width=\"\" height=\"\" rel=\"\" alt=\"Dr. Asuncion BES IZUEL\" src=\"https:\/\/www.uni.lu\/en\/person-image\/NTAwMDk4NjBfX0FzdW5jaW9uIEJFUyBJWlVFTA==\" srcset=\"https:\/\/www.uni.lu\/en\/person-image\/NTAwMDk4NjBfX0FzdW5jaW9uIEJFUyBJWlVFTA==--thumbnail 150w,https:\/\/www.uni.lu\/en\/person-image\/NTAwMDk4NjBfX0FzdW5jaW9uIEJFUyBJWlVFTA==--medium 300w,https:\/\/www.uni.lu\/en\/person-image\/NTAwMDk4NjBfX0FzdW5jaW9uIEJFUyBJWlVFTA==--medium_large 768w,https:\/\/www.uni.lu\/en\/person-image\/NTAwMDk4NjBfX0FzdW5jaW9uIEJFUyBJWlVFTA==--large 1024w,https:\/\/www.uni.lu\/en\/person-image\/NTAwMDk4NjBfX0FzdW5jaW9uIEJFUyBJWlVFTA==--1536x1536 1536w,https:\/\/www.uni.lu\/en\/person-image\/NTAwMDk4NjBfX0FzdW5jaW9uIEJFUyBJWlVFTA==--2048x2048 2048w\" loading=\"lazy\" \/><!-- end Image Component -->\n            <\/figure>\n        <\/div>\n        <div class=\"list-people__body\">\n            <h3 class=\"list-people__title\">Dr. Asuncion BES IZUEL<\/h3>\n            <p class=\"list-people__description\">Quality and Process Specialist<\/p>\n            <div class=\"wp-block-unilux-blocks-simple-cta wp-block-unilux-blocks-people-item-automated\">\n    <a\n        href=\"https:\/\/www.uni.lu\/en\/people\/asuncion-bes-izuel\/\"\n        title=\"Dr. Asuncion BES IZUEL\"\n        class=\"link-text link-text--icon list-people__link link-absolute\"\n        target=\"\"\n    >\n        <span class=\"link-text__body\">\n            <span class=\"link-text__name\">Voir le profil<\/span>\n        <\/span>\n        <svg aria-hidden=\"true\" focusable=\"false\" class=\"icon icon-outline icon--arrow-right \"><use xlink:href=\"https:\/\/www.uni.lu\/wp-content\/themes\/unilux-theme\/assets\/images\/icons\/icons-outline.svg#icon--arrow-right\"><\/use><\/svg>    <\/a>\n<\/div>\n        <\/div>\n    <\/div>\n<\/div>\n<\/div><\/li><\/ul>\n\n<\/div>\n\n\n\n\n<p><strong>Pour en savoir plus<\/strong><\/p>\n\n\n<div class=\"icon-info-wrapper\">\n    <ul class=\"wp-block-unilux-blocks-icon-info\">\n        <li class=\"wp-block-unilux-blocks-icon-info-item\">\n    \n<div class=\"wp-block-unilux-blocks-wrapper icon-info\">\n<div class=\"icon--primary icon--secondary-2  wp-block-unilux-blocks-icon-picker\">\n    <svg aria-hidden=\"true\" focusable=\"false\" class=\"icon icon-outline icon--email \"><use xlink:href=\"https:\/\/www.uni.lu\/wp-content\/themes\/unilux-theme\/assets\/images\/icons\/icons-outline.svg#icon--email\"><\/use><\/svg><\/div>\n\n\n<p class=\"has-1-125-rem-font-size\"><a href=\"mailto:eqo@uni.lu\">eqo@uni.lu<\/a><\/p>\n<\/div>\n<\/li>\n    <\/ul>\n<\/div>\n<\/div><\/section>\n","protected":false},"excerpt":{"rendered":"","protected":false},"author":33,"featured_media":0,"parent":3111,"menu_order":0,"comment_status":"closed","ping_status":"closed","template":"","meta":{"featured_image_focal_point":[],"show_featured_caption":false,"ulux_newsletter_groups":"","uluxPostTitle":"","uluxPrePostTitle":"","_trash_the_other_posts":false,"_price":"","_stock":"","_tribe_ticket_header":"","_tribe_default_ticket_provider":"","_tribe_ticket_capacity":"0","_ticket_start_date":"","_ticket_end_date":"","_tribe_ticket_show_description":"","_tribe_ticket_show_not_going":false,"_tribe_ticket_use_global_stock":"","_tribe_ticket_global_stock_level":"","_global_stock_mode":"","_global_stock_cap":"","_tribe_rsvp_for_event":"","_tribe_ticket_going_count":"","_tribe_ticket_not_going_count":"","_tribe_tickets_list":"[]","_tribe_ticket_has_attendee_info_fields":false,"footnotes":""},"field-of-interest":[],"organisation":[],"authorship":[33],"acf":[],"yoast_head":"<!-- This site is optimized with the Yoast SEO Premium plugin v22.3 (Yoast SEO v22.3) - https:\/\/yoast.com\/wordpress\/plugins\/seo\/ -->\n<title>Bureau de la qualit\u00e9 de l\u2019enseignement - Universit\u00e9 du Luxembourg<\/title>\n<meta name=\"description\" content=\"Le Bureau de la qualit\u00e9 de l\u2019enseignement (BQE) aide la communaut\u00e9 universitaire \u00e0 \u00e9valuer et am\u00e9liorer la qualit\u00e9 d\u2019enseignement.\" \/>\n<meta name=\"robots\" content=\"index, follow, max-snippet:-1, max-image-preview:large, max-video-preview:-1\" \/>\n<link rel=\"canonical\" href=\"https:\/\/www.uni.lu\/fr\/a-propos\/organisation\/administration\/qualite-de-l-enseignement\/\" \/>\n<meta property=\"og:locale\" content=\"fr_FR\" \/>\n<meta property=\"og:type\" content=\"article\" \/>\n<meta property=\"og:title\" content=\"Bureau de la qualit\u00e9 de l\u2019enseignement\" \/>\n<meta property=\"og:description\" content=\"Le Bureau de la qualit\u00e9 de l\u2019enseignement (BQE) aide la communaut\u00e9 universitaire \u00e0 \u00e9valuer et am\u00e9liorer la qualit\u00e9 d\u2019enseignement.\" \/>\n<meta property=\"og:url\" content=\"https:\/\/www.uni.lu\/fr\/a-propos\/organisation\/administration\/qualite-de-l-enseignement\/\" \/>\n<meta property=\"og:site_name\" content=\"UNI FR\" \/>\n<meta property=\"article:publisher\" content=\"https:\/\/www.facebook.com\/uni.lu\" \/>\n<meta property=\"article:modified_time\" content=\"2025-07-02T13:38:48+00:00\" \/>\n<meta property=\"og:image\" content=\"https:\/\/www.uni.lu\/wp-content\/uploads\/sites\/11\/2026\/03\/03120045\/UNIV_SM-Profile_1600x1600px-scaled.jpg\" \/>\n\t<meta property=\"og:image:width\" content=\"2560\" \/>\n\t<meta property=\"og:image:height\" content=\"2560\" \/>\n\t<meta property=\"og:image:type\" content=\"image\/jpeg\" \/>\n<meta name=\"twitter:card\" content=\"summary_large_image\" \/>\n<meta name=\"twitter:label1\" content=\"Dur\u00e9e de lecture estim\u00e9e\" \/>\n\t<meta name=\"twitter:data1\" content=\"2 minutes\" \/>\n<script type=\"application\/ld+json\" class=\"yoast-schema-graph\">{\"@context\":\"https:\/\/schema.org\",\"@graph\":[{\"@type\":\"WebPage\",\"@id\":\"https:\/\/www.uni.lu\/fr\/a-propos\/organisation\/administration\/qualite-de-l-enseignement\/\",\"url\":\"https:\/\/www.uni.lu\/fr\/a-propos\/organisation\/administration\/qualite-de-l-enseignement\/\",\"name\":\"Bureau de la qualit\u00e9 de l\u2019enseignement - Universit\u00e9 du Luxembourg\",\"isPartOf\":{\"@id\":\"https:\/\/www.uni.lu\/fr\/#website\"},\"datePublished\":\"2024-02-28T12:59:52+00:00\",\"dateModified\":\"2025-07-02T13:38:48+00:00\",\"description\":\"Le Bureau de la qualit\u00e9 de l\u2019enseignement (BQE) aide la communaut\u00e9 universitaire \u00e0 \u00e9valuer et am\u00e9liorer la qualit\u00e9 d\u2019enseignement.\",\"breadcrumb\":{\"@id\":\"https:\/\/www.uni.lu\/fr\/a-propos\/organisation\/administration\/qualite-de-l-enseignement\/#breadcrumb\"},\"inLanguage\":\"fr-FR\",\"potentialAction\":[{\"@type\":\"ReadAction\",\"target\":[\"https:\/\/www.uni.lu\/fr\/a-propos\/organisation\/administration\/qualite-de-l-enseignement\/\"]}]},{\"@type\":\"BreadcrumbList\",\"@id\":\"https:\/\/www.uni.lu\/fr\/a-propos\/organisation\/administration\/qualite-de-l-enseignement\/#breadcrumb\",\"itemListElement\":[{\"@type\":\"ListItem\",\"position\":1,\"name\":\"Home\",\"item\":\"https:\/\/www.uni.lu\/fr\/\"},{\"@type\":\"ListItem\",\"position\":2,\"name\":\"\u00c0 propos\",\"item\":\"https:\/\/www.uni.lu\/fr\/a-propos\/\"},{\"@type\":\"ListItem\",\"position\":3,\"name\":\"Organisation\",\"item\":\"https:\/\/www.uni.lu\/fr\/a-propos\/organisation\/\"},{\"@type\":\"ListItem\",\"position\":4,\"name\":\"Administration\",\"item\":\"https:\/\/www.uni.lu\/fr\/a-propos\/organisation\/administration\/\"},{\"@type\":\"ListItem\",\"position\":5,\"name\":\"Bureau de la qualit\u00e9 de l\u2019enseignement\"}]},{\"@type\":\"WebSite\",\"@id\":\"https:\/\/www.uni.lu\/fr\/#website\",\"url\":\"https:\/\/www.uni.lu\/fr\/\",\"name\":\"Uni.lu\",\"description\":\"Universit\u00e9 du Luxembourg\",\"publisher\":{\"@id\":\"https:\/\/www.uni.lu\/fr\/#organization\"},\"alternateName\":\"Universit\u00e9 du Luxembourg\",\"potentialAction\":[{\"@type\":\"SearchAction\",\"target\":{\"@type\":\"EntryPoint\",\"urlTemplate\":\"https:\/\/www.uni.lu\/fr\/?s={search_term_string}\"},\"query-input\":\"required name=search_term_string\"}],\"inLanguage\":\"fr-FR\"},{\"@type\":\"Organization\",\"@id\":\"https:\/\/www.uni.lu\/fr\/#organization\",\"name\":\"Universit\u00e9 du Luxembourg\",\"alternateName\":\"Uni.lu\",\"url\":\"https:\/\/www.uni.lu\/fr\/\",\"logo\":{\"@type\":\"ImageObject\",\"inLanguage\":\"fr-FR\",\"@id\":\"https:\/\/www.uni.lu\/fr\/#\/schema\/logo\/image\/\",\"url\":\"https:\/\/www.uni.lu\/wp-content\/uploads\/sites\/11\/2026\/03\/03120045\/UNIV_SM-Profile_1600x1600px-scaled.jpg\",\"contentUrl\":\"https:\/\/www.uni.lu\/wp-content\/uploads\/sites\/11\/2026\/03\/03120045\/UNIV_SM-Profile_1600x1600px-scaled.jpg\",\"width\":2560,\"height\":2560,\"caption\":\"Universit\u00e9 du Luxembourg\"},\"image\":{\"@id\":\"https:\/\/www.uni.lu\/fr\/#\/schema\/logo\/image\/\"},\"sameAs\":[\"https:\/\/www.facebook.com\/uni.lu\",\"https:\/\/www.linkedin.com\/school\/university-of-luxembourg\/\",\"https:\/\/www.instagram.com\/uni.lu\",\"https:\/\/www.youtube.com\/@uni_lu\",\"https:\/\/en.wikipedia.org\/wiki\/University_of_Luxembourg\"]}]}<\/script>\n<!-- \/ Yoast SEO Premium plugin. -->","yoast_head_json":{"title":"Bureau de la qualit\u00e9 de l\u2019enseignement - Universit\u00e9 du Luxembourg","description":"Le Bureau de la qualit\u00e9 de l\u2019enseignement (BQE) aide la communaut\u00e9 universitaire \u00e0 \u00e9valuer et am\u00e9liorer la qualit\u00e9 d\u2019enseignement.","robots":{"index":"index","follow":"follow","max-snippet":"max-snippet:-1","max-image-preview":"max-image-preview:large","max-video-preview":"max-video-preview:-1"},"canonical":"https:\/\/www.uni.lu\/fr\/a-propos\/organisation\/administration\/qualite-de-l-enseignement\/","og_locale":"fr_FR","og_type":"article","og_title":"Bureau de la qualit\u00e9 de l\u2019enseignement","og_description":"Le Bureau de la qualit\u00e9 de l\u2019enseignement (BQE) aide la communaut\u00e9 universitaire \u00e0 \u00e9valuer et am\u00e9liorer la qualit\u00e9 d\u2019enseignement.","og_url":"https:\/\/www.uni.lu\/fr\/a-propos\/organisation\/administration\/qualite-de-l-enseignement\/","og_site_name":"UNI FR","article_publisher":"https:\/\/www.facebook.com\/uni.lu","article_modified_time":"2025-07-02T13:38:48+00:00","og_image":[{"width":2560,"height":2560,"url":"https:\/\/www.uni.lu\/wp-content\/uploads\/sites\/11\/2026\/03\/03120045\/UNIV_SM-Profile_1600x1600px-scaled.jpg","type":"image\/jpeg"}],"twitter_card":"summary_large_image","twitter_misc":{"Dur\u00e9e de lecture estim\u00e9e":"2 minutes"},"schema":{"@context":"https:\/\/schema.org","@graph":[{"@type":"WebPage","@id":"https:\/\/www.uni.lu\/fr\/a-propos\/organisation\/administration\/qualite-de-l-enseignement\/","url":"https:\/\/www.uni.lu\/fr\/a-propos\/organisation\/administration\/qualite-de-l-enseignement\/","name":"Bureau de la qualit\u00e9 de l\u2019enseignement - Universit\u00e9 du Luxembourg","isPartOf":{"@id":"https:\/\/www.uni.lu\/fr\/#website"},"datePublished":"2024-02-28T12:59:52+00:00","dateModified":"2025-07-02T13:38:48+00:00","description":"Le Bureau de la qualit\u00e9 de l\u2019enseignement (BQE) aide la communaut\u00e9 universitaire \u00e0 \u00e9valuer et am\u00e9liorer la qualit\u00e9 d\u2019enseignement.","breadcrumb":{"@id":"https:\/\/www.uni.lu\/fr\/a-propos\/organisation\/administration\/qualite-de-l-enseignement\/#breadcrumb"},"inLanguage":"fr-FR","potentialAction":[{"@type":"ReadAction","target":["https:\/\/www.uni.lu\/fr\/a-propos\/organisation\/administration\/qualite-de-l-enseignement\/"]}]},{"@type":"BreadcrumbList","@id":"https:\/\/www.uni.lu\/fr\/a-propos\/organisation\/administration\/qualite-de-l-enseignement\/#breadcrumb","itemListElement":[{"@type":"ListItem","position":1,"name":"Home","item":"https:\/\/www.uni.lu\/fr\/"},{"@type":"ListItem","position":2,"name":"\u00c0 propos","item":"https:\/\/www.uni.lu\/fr\/a-propos\/"},{"@type":"ListItem","position":3,"name":"Organisation","item":"https:\/\/www.uni.lu\/fr\/a-propos\/organisation\/"},{"@type":"ListItem","position":4,"name":"Administration","item":"https:\/\/www.uni.lu\/fr\/a-propos\/organisation\/administration\/"},{"@type":"ListItem","position":5,"name":"Bureau de la qualit\u00e9 de l\u2019enseignement"}]},{"@type":"WebSite","@id":"https:\/\/www.uni.lu\/fr\/#website","url":"https:\/\/www.uni.lu\/fr\/","name":"Uni.lu","description":"Universit\u00e9 du Luxembourg","publisher":{"@id":"https:\/\/www.uni.lu\/fr\/#organization"},"alternateName":"Universit\u00e9 du Luxembourg","potentialAction":[{"@type":"SearchAction","target":{"@type":"EntryPoint","urlTemplate":"https:\/\/www.uni.lu\/fr\/?s={search_term_string}"},"query-input":"required name=search_term_string"}],"inLanguage":"fr-FR"},{"@type":"Organization","@id":"https:\/\/www.uni.lu\/fr\/#organization","name":"Universit\u00e9 du Luxembourg","alternateName":"Uni.lu","url":"https:\/\/www.uni.lu\/fr\/","logo":{"@type":"ImageObject","inLanguage":"fr-FR","@id":"https:\/\/www.uni.lu\/fr\/#\/schema\/logo\/image\/","url":"https:\/\/www.uni.lu\/wp-content\/uploads\/sites\/11\/2026\/03\/03120045\/UNIV_SM-Profile_1600x1600px-scaled.jpg","contentUrl":"https:\/\/www.uni.lu\/wp-content\/uploads\/sites\/11\/2026\/03\/03120045\/UNIV_SM-Profile_1600x1600px-scaled.jpg","width":2560,"height":2560,"caption":"Universit\u00e9 du Luxembourg"},"image":{"@id":"https:\/\/www.uni.lu\/fr\/#\/schema\/logo\/image\/"},"sameAs":["https:\/\/www.facebook.com\/uni.lu","https:\/\/www.linkedin.com\/school\/university-of-luxembourg\/","https:\/\/www.instagram.com\/uni.lu","https:\/\/www.youtube.com\/@uni_lu","https:\/\/en.wikipedia.org\/wiki\/University_of_Luxembourg"]}]}},"ticketed":false,"_links":{"self":[{"href":"https:\/\/www.uni.lu\/fr\/wp-json\/wp\/v2\/pages\/10361"}],"collection":[{"href":"https:\/\/www.uni.lu\/fr\/wp-json\/wp\/v2\/pages"}],"about":[{"href":"https:\/\/www.uni.lu\/fr\/wp-json\/wp\/v2\/types\/page"}],"author":[{"embeddable":true,"href":"https:\/\/www.uni.lu\/fr\/wp-json\/wp\/v2\/users\/33"}],"replies":[{"embeddable":true,"href":"https:\/\/www.uni.lu\/fr\/wp-json\/wp\/v2\/comments?post=10361"}],"version-history":[{"count":3,"href":"https:\/\/www.uni.lu\/fr\/wp-json\/wp\/v2\/pages\/10361\/revisions"}],"predecessor-version":[{"id":15607,"href":"https:\/\/www.uni.lu\/fr\/wp-json\/wp\/v2\/pages\/10361\/revisions\/15607"}],"up":[{"embeddable":true,"href":"https:\/\/www.uni.lu\/fr\/wp-json\/wp\/v2\/pages\/3111"}],"wp:authorship":[{"embeddable":true,"href":"https:\/\/www.uni.lu\/fr\/wp-json\/wp\/v2\/users\/33"}],"wp:attachment":[{"href":"https:\/\/www.uni.lu\/fr\/wp-json\/wp\/v2\/media?parent=10361"}],"wp:term":[{"taxonomy":"field-of-interest","embeddable":true,"href":"https:\/\/www.uni.lu\/fr\/wp-json\/wp\/v2\/field-of-interest?post=10361"},{"taxonomy":"organisation","embeddable":true,"href":"https:\/\/www.uni.lu\/fr\/wp-json\/wp\/v2\/organisation?post=10361"}],"curies":[{"name":"wp","href":"https:\/\/api.w.org\/{rel}","templated":true}]}}