{"id":10359,"date":"2024-02-28T13:58:14","date_gmt":"2024-02-28T12:58:14","guid":{"rendered":"https:\/\/www.uni.lu\/fr\/?page_id=10359"},"modified":"2024-11-19T12:30:29","modified_gmt":"2024-11-19T11:30:29","slug":"vos-droits","status":"publish","type":"page","link":"https:\/\/www.uni.lu\/fr\/a-propos\/organisation\/administration\/protection-des-donnees\/vos-droits\/","title":{"rendered":"Vos droits"},"content":{"rendered":"\n<section class=\"wp-block-unilux-blocks-free-section section\"><div class=\"container xl:max-w-screen-xl\">\n<h2 class=\"has-text-align-left wp-block-unilux-blocks-heading\"        id=\"vos-droits\"\n    >\nVos droits<\/h2>\n\n\n\n<h3 class=\"has-text-align-left wp-block-unilux-blocks-heading\"        id=\"vos-droits-lorsque-nous-traitons-vos-donnees-a-caractere-personnel\"\n    >\nVos droits lorsque nous traitons vos donn\u00e9es \u00e0 caract\u00e8re personnel<\/h3>\n\n\n\n<p>Si vos donn\u00e9es \u00e0 caract\u00e8re personnel sont trait\u00e9es par l\u2019Universit\u00e9 du Luxembourg, cela signifie que vous \u00eates une personne concern\u00e9e et que vous disposez de divers droits en vertu du r\u00e8glement g\u00e9n\u00e9ral sur la protection des donn\u00e9es (RGPD). Vous trouverez de plus amples informations dans la <a href=\"https:\/\/www.uni.lu\/fr\/a-propos\/organisation\/administration\/protection-des-donnees\/politique\/\">Politique de protection des donn\u00e9es\u202f<\/a>sur le site web de l\u2019Universit\u00e9 ainsi que sur celui de la\u202f<a href=\"https:\/\/cnpd.public.lu\/fr.html\" target=\"_blank\" rel=\"noreferrer noopener\">Commission nationale pour la protection des donn\u00e9es<\/a>\u202f(ci-apr\u00e8s la \u00ab\u202fCNPD\u202f\u00bb).<\/p>\n\n\n\n<ul class=\"wp-block-unilux-blocks-highlighted-list list-highlighted list-highlighted--architectural\"><li class=\"list-highlighted__item  wp-block-unilux-blocks-highlighted-list-item\">\n    <header class=\"list-highlighted__header wp-block-unilux-blocks-highlighted-list-item-header\">\n    \n<h4 class=\"title text-18 font-bold has-text-align-left wp-block-unilux-blocks-heading\"        id=\"droit-dacces\"\n    >\nDroit d\u2019acc\u00e8s<\/h4>\n<div class=\"wp-block-unilux-blocks-bigtext\">\n    <span>\n        \n    <\/span>\n<\/div><\/header><div class=\"list-highlighted__body wp-block-unilux-blocks-highlighted-list-item-body\">\n    <div class=\"wp-block-unilux-blocks-highlighted-list-item-free-content-area\">\n    \n<p>Vous avez le droit de recevoir la confirmation de notre part que des donn\u00e9es \u00e0 caract\u00e8re personnel vous concernant sont trait\u00e9es ou non. Si tel est le cas, vous pouvez obtenir l\u2019acc\u00e8s \u00e0 vos donn\u00e9es \u00e0 caract\u00e8re personnel et aux informations \u00e9nonc\u00e9es \u00e0 l\u2019article\u202f15 du RGPD.<\/p>\n<\/div><\/div><\/li>\n\n<li class=\"list-highlighted__item  wp-block-unilux-blocks-highlighted-list-item\">\n    <header class=\"list-highlighted__header wp-block-unilux-blocks-highlighted-list-item-header\">\n    \n<h4 class=\"title text-18 font-bold has-text-align-left wp-block-unilux-blocks-heading\"        id=\"droit-de-rectification\"\n    >\nDroit de rectification<\/h4>\n<div class=\"wp-block-unilux-blocks-bigtext\">\n    <span>\n        \n    <\/span>\n<\/div><\/header><div class=\"list-highlighted__body wp-block-unilux-blocks-highlighted-list-item-body\">\n    <div class=\"wp-block-unilux-blocks-highlighted-list-item-free-content-area\">\n    \n<p>Si les donn\u00e9es \u00e0 caract\u00e8re personnel vous concernant sont inexactes ou incompl\u00e8tes, vous avez le droit d\u2019obtenir de notre part qu\u2019elles soient rectifi\u00e9es ou les compl\u00e9t\u00e9es dans les meilleurs d\u00e9lais.<\/p>\n<\/div><\/div><\/li>\n\n<li class=\"list-highlighted__item  wp-block-unilux-blocks-highlighted-list-item\">\n    <header class=\"list-highlighted__header wp-block-unilux-blocks-highlighted-list-item-header\">\n    \n<h4 class=\"title text-18 font-bold has-text-align-left wp-block-unilux-blocks-heading\"        id=\"droit-a-leffacement-droit-a-loubli\"\n    >\nDroit \u00e0 l\u2019effacement (\u00ab\u202fdroit \u00e0 l\u2019oubli\u202f\u00bb)<\/h4>\n<div class=\"wp-block-unilux-blocks-bigtext\">\n    <span>\n        \n    <\/span>\n<\/div><\/header><div class=\"list-highlighted__body wp-block-unilux-blocks-highlighted-list-item-body\">\n    <div class=\"wp-block-unilux-blocks-highlighted-list-item-free-content-area\">\n    \n<p>Vous avez le droit d\u2019obtenir de notre part l\u2019effacement, dans les meilleurs d\u00e9lais, de donn\u00e9es \u00e0 caract\u00e8re personnel vous concernant si l\u2019un des motifs sp\u00e9cifiques s\u2019applique et que le traitement n\u2019est pas n\u00e9cessaire, conform\u00e9ment \u00e0 l\u2019art. 17(3), du RGPD.<\/p>\n<\/div><\/div><\/li>\n\n<li class=\"list-highlighted__item  wp-block-unilux-blocks-highlighted-list-item\">\n    <header class=\"list-highlighted__header wp-block-unilux-blocks-highlighted-list-item-header\">\n    \n<h4 class=\"title text-18 font-bold has-text-align-left wp-block-unilux-blocks-heading\"        id=\"droit-a-la-limitation-du-traitement\"\n    >\nDroit \u00e0 la limitation du traitement<\/h4>\n<div class=\"wp-block-unilux-blocks-bigtext\">\n    <span>\n        \n    <\/span>\n<\/div><\/header><div class=\"list-highlighted__body wp-block-unilux-blocks-highlighted-list-item-body\">\n    <div class=\"wp-block-unilux-blocks-highlighted-list-item-free-content-area\">\n    \n<p>Dans certaines circonstances, vous avez le droit d\u2019obtenir de notre part la limitation du traitement.<\/p>\n<\/div><\/div><\/li>\n\n<li class=\"list-highlighted__item  wp-block-unilux-blocks-highlighted-list-item\">\n    <header class=\"list-highlighted__header wp-block-unilux-blocks-highlighted-list-item-header\">\n    \n<h4 class=\"title text-18 font-bold has-text-align-left wp-block-unilux-blocks-heading\"        id=\"droit-a-la-portabilite-des-donnees\"\n    >\nDroit \u00e0 la portabilit\u00e9 des donn\u00e9es<\/h4>\n<div class=\"wp-block-unilux-blocks-bigtext\">\n    <span>\n        \n    <\/span>\n<\/div><\/header><div class=\"list-highlighted__body wp-block-unilux-blocks-highlighted-list-item-body\">\n    <div class=\"wp-block-unilux-blocks-highlighted-list-item-free-content-area\">\n    \n<p>Selon les conditions \u00e9nonc\u00e9es dans le RGPD, vous avez le droit de recevoir les donn\u00e9es \u00e0 caract\u00e8re personnel vous concernant que vous nous avez fournies, dans un format structur\u00e9, couramment utilis\u00e9 et lisible par machine, et vous avez le droit de transmettre ces donn\u00e9es \u00e0 un autre responsable du traitement sans que nous y fassions obstacle.<\/p>\n<\/div><\/div><\/li>\n\n<li class=\"list-highlighted__item  wp-block-unilux-blocks-highlighted-list-item\">\n    <header class=\"list-highlighted__header wp-block-unilux-blocks-highlighted-list-item-header\">\n    \n<h4 class=\"title text-18 font-bold has-text-align-left wp-block-unilux-blocks-heading\"        id=\"droit-dopposition\"\n    >\nDroit d\u2019opposition<\/h4>\n<div class=\"wp-block-unilux-blocks-bigtext\">\n    <span>\n        \n    <\/span>\n<\/div><\/header><div class=\"list-highlighted__body wp-block-unilux-blocks-highlighted-list-item-body\">\n    <div class=\"wp-block-unilux-blocks-highlighted-list-item-free-content-area\">\n    \n<p>Vous avez le droit de vous opposer \u00e0 tout moment, pour des raisons tenant \u00e0 votre situation particuli\u00e8re, \u00e0 un traitement des donn\u00e9es \u00e0 caract\u00e8re personnel vous concernant fond\u00e9 sur l\u2019article\u202f6, paragraphe\u202f1, point (e) ou (f). Nous ne traiterons plus les donn\u00e9es \u00e0 caract\u00e8re personnel, \u00e0 moins que nous ne d\u00e9montrions qu\u2019il existe des motifs l\u00e9gitimes et imp\u00e9rieux pour le traitement qui pr\u00e9valent sur vos int\u00e9r\u00eats et vos droits et libert\u00e9s, ou pour la constatation, l\u2019exercice ou la d\u00e9fense de droits en justice.<\/p>\n<\/div><\/div><\/li>\n\n<li class=\"list-highlighted__item  wp-block-unilux-blocks-highlighted-list-item\">\n    <header class=\"list-highlighted__header wp-block-unilux-blocks-highlighted-list-item-header\">\n    \n<h4 class=\"title text-18 font-bold has-text-align-left wp-block-unilux-blocks-heading\"        id=\"droit-dintroduire-une-reclamation-aupres-dune-autorite-de-controle\"\n    >\nDroit d\u2019introduire une r\u00e9clamation aupr\u00e8s d\u2019une autorit\u00e9 de contr\u00f4le<\/h4>\n<div class=\"wp-block-unilux-blocks-bigtext\">\n    <span>\n        \n    <\/span>\n<\/div><\/header><div class=\"list-highlighted__body wp-block-unilux-blocks-highlighted-list-item-body\">\n    <div class=\"wp-block-unilux-blocks-highlighted-list-item-free-content-area\">\n    \n<p>Si vous estimez que le traitement de donn\u00e9es \u00e0 caract\u00e8re personnel vous concernant constitue une violation du RGPD, vous avez le droit \u2013\u202fsans pr\u00e9judice de tout autre recours administratif ou juridictionnel\u202f\u2013 d\u2019introduire une r\u00e9clamation aupr\u00e8s d\u2019une autorit\u00e9 de contr\u00f4le, en particulier dans l\u2019\u00c9tat membre dans lequel se trouve votre r\u00e9sidence habituelle, votre lieu de travail ou le lieu o\u00f9 la violation aurait \u00e9t\u00e9 commise.<\/p>\n<\/div><\/div><\/li><\/ul>\n\n\n<div class=\"wp-block-unilux-blocks-spacer is-spacer-size-md\"><\/div>\n\n\n<h4 class=\"has-text-align-left wp-block-unilux-blocks-heading\"        id=\"comment-exercer-vos-droits-de-protection-des-donnees-a-luniversite-du-luxembourg\"\n    >\n<strong>Comment exercer vos droits de protection des donn\u00e9es \u00e0 l\u2019Universit\u00e9 du Luxembourg\u202f?<\/strong><\/h4>\n\n\n\n<ul class=\"ulux-list\">\n<li class=\"ulux-list-item\">Si l\u2019Universit\u00e9 du Luxembourg traite vos donn\u00e9es \u00e0 caract\u00e8re personnel et que vous souhaitez exercer vos droits de protection des donn\u00e9es, veuillez nous envoyer une demande \u00e9crite.<\/li>\n\n\n\n<li class=\"ulux-list-item\">En principe, nous ne pouvons accepter de demande verbale (faite par t\u00e9l\u00e9phone ou en personne), car nous ne serons peut-\u00eatre pas en mesure de la traiter imm\u00e9diatement sans commencer par l\u2019analyser et vous identifier de fa\u00e7on fiable.<\/li>\n\n\n\n<li class=\"ulux-list-item\">Vous pouvez envoyer votre demande au d\u00e9l\u00e9gu\u00e9 \u00e0 la protection des donn\u00e9es de l\u2019Universit\u00e9 par courrier postal, dans une enveloppe ferm\u00e9e, ou utiliser notre\u202f<a href=\"https:\/\/ulsurvey.uni.lu\/index.php\/764494?lang=en\" target=\"_blank\" rel=\"noreferrer noopener\">formulaire de contact<\/a>;<\/li>\n\n\n\n<li class=\"ulux-list-item\">Si vous \u00eates un \u00e9tudiant un ticket sur ServiceNow est disponible, nous vous conseillons de privil\u00e9gier ce canal plus adapt\u00e9 et tra\u00e7able. : <a href=\"https:\/\/service.uni.lu\/ssp?id=sc_cat_item&amp;sys_id=40ccd43e8790a510c874ecee8bbb3582&amp;sysparm_category=1de6571d8723c910c874ecee8bbb350b\">ouvrir un ticket<\/a><\/li>\n\n\n\n<li class=\"ulux-list-item\">Si vous \u00eates un employ\u00e9 un ticket sur ServiceNow est disponible, nous vous conseillons de privil\u00e9gier ce canal plus adapt\u00e9 et tra\u00e7able. : <a href=\"https:\/\/service.uni.lu\/sp?id=sc_cat_item&amp;sys_id=40ccd43e8790a510c874ecee8bbb3582&amp;sysparm_category=1de6571d8723c910c874ecee8bbb350b\">ouvrir un ticket<\/a><\/li>\n\n\n\n<li class=\"ulux-list-item\">Votre demande devrait comporter une description d\u00e9taill\u00e9e et pr\u00e9cise du droit que vous voulez exercer et des donn\u00e9es \u00e0 caract\u00e8re personnel concern\u00e9es.<\/li>\n\n\n\n<li class=\"ulux-list-item\">Au besoin, nous pourrions vous demander de nous fournir une copie d\u2019un document d\u2019identification pour v\u00e9rifier votre identit\u00e9, par exemple une carte d\u2019identit\u00e9 ou un passeport. Ce document doit comporter un num\u00e9ro d\u2019identification, le pays de d\u00e9livrance, la p\u00e9riode de validit\u00e9 ainsi que vos nom, adresse et date de naissance.<\/li>\n\n\n\n<li class=\"ulux-list-item\">Nous vous recommandons de masquer toute autre donn\u00e9e pr\u00e9sente sur la copie du document d\u2019identification, comme une photo ou une caract\u00e9ristique personnelle.<\/li>\n\n\n\n<li class=\"ulux-list-item\">Nous ferons une utilisation strictement limit\u00e9e des informations figurant sur votre document d\u2019identification\u202f: les donn\u00e9es ne seront utilis\u00e9es que pour v\u00e9rifier votre identit\u00e9 et ne seront pas stock\u00e9es plus longtemps que la dur\u00e9e n\u00e9cessaire pour ce faire.<\/li>\n\n\n\n<li class=\"ulux-list-item\">En principe, nous n\u2019accepterons pas d\u2019autre moyen de v\u00e9rifier votre identit\u00e9. Si vous deviez toutefois proposer des alternatives, nous en \u00e9valuerons le caract\u00e8re ad\u00e9quat au cas par cas.<\/li>\n<\/ul>\n\n\n<div class=\"wp-block-unilux-blocks-spacer is-spacer-size-md\"><\/div><\/div><\/section>\n","protected":false},"excerpt":{"rendered":"","protected":false},"author":33,"featured_media":0,"parent":3446,"menu_order":0,"comment_status":"closed","ping_status":"closed","template":"","meta":{"featured_image_focal_point":[],"show_featured_caption":false,"ulux_newsletter_groups":"","uluxPostTitle":"Bureau de la protection des donn\u00e9es","uluxPrePostTitle":"","_trash_the_other_posts":false,"_price":"","_stock":"","_tribe_ticket_header":"","_tribe_default_ticket_provider":"","_tribe_ticket_capacity":"0","_ticket_start_date":"","_ticket_end_date":"","_tribe_ticket_show_description":"","_tribe_ticket_show_not_going":false,"_tribe_ticket_use_global_stock":"","_tribe_ticket_global_stock_level":"","_global_stock_mode":"","_global_stock_cap":"","_tribe_rsvp_for_event":"","_tribe_ticket_going_count":"","_tribe_ticket_not_going_count":"","_tribe_tickets_list":"[]","_tribe_ticket_has_attendee_info_fields":false,"footnotes":""},"field-of-interest":[],"organisation":[],"authorship":[33],"acf":[],"yoast_head":"<!-- This site is optimized with the Yoast SEO Premium plugin v22.3 (Yoast SEO v22.3) - https:\/\/yoast.com\/wordpress\/plugins\/seo\/ -->\n<title>Vos droits - Universit\u00e9 du Luxembourg<\/title>\n<meta name=\"description\" content=\"Vos droits lorsque nous traitons vos donn\u00e9es \u00e0 caract\u00e8re personnel. Vous disposez de divers droits en vertu du RGPD.\" \/>\n<meta name=\"robots\" content=\"index, follow, max-snippet:-1, max-image-preview:large, max-video-preview:-1\" \/>\n<link rel=\"canonical\" href=\"https:\/\/www.uni.lu\/fr\/a-propos\/organisation\/administration\/protection-des-donnees\/vos-droits\/\" \/>\n<meta property=\"og:locale\" content=\"fr_FR\" \/>\n<meta property=\"og:type\" content=\"article\" \/>\n<meta property=\"og:title\" content=\"Vos droits\" \/>\n<meta property=\"og:description\" content=\"Vos droits lorsque nous traitons vos donn\u00e9es \u00e0 caract\u00e8re personnel. Vous disposez de divers droits en vertu du RGPD.\" \/>\n<meta property=\"og:url\" content=\"https:\/\/www.uni.lu\/fr\/a-propos\/organisation\/administration\/protection-des-donnees\/vos-droits\/\" \/>\n<meta property=\"og:site_name\" content=\"UNI FR\" \/>\n<meta property=\"article:publisher\" content=\"https:\/\/www.facebook.com\/uni.lu\" \/>\n<meta property=\"article:modified_time\" content=\"2024-11-19T11:30:29+00:00\" \/>\n<meta property=\"og:image\" content=\"https:\/\/www.uni.lu\/wp-content\/uploads\/sites\/11\/2026\/03\/03120045\/UNIV_SM-Profile_1600x1600px-scaled.jpg\" \/>\n\t<meta property=\"og:image:width\" content=\"2560\" \/>\n\t<meta property=\"og:image:height\" content=\"2560\" \/>\n\t<meta property=\"og:image:type\" content=\"image\/jpeg\" \/>\n<meta name=\"twitter:card\" content=\"summary_large_image\" \/>\n<meta name=\"twitter:label1\" content=\"Dur\u00e9e de lecture estim\u00e9e\" \/>\n\t<meta name=\"twitter:data1\" content=\"4 minutes\" \/>\n<script type=\"application\/ld+json\" class=\"yoast-schema-graph\">{\"@context\":\"https:\/\/schema.org\",\"@graph\":[{\"@type\":\"WebPage\",\"@id\":\"https:\/\/www.uni.lu\/fr\/a-propos\/organisation\/administration\/protection-des-donnees\/vos-droits\/\",\"url\":\"https:\/\/www.uni.lu\/fr\/a-propos\/organisation\/administration\/protection-des-donnees\/vos-droits\/\",\"name\":\"Vos droits - Universit\u00e9 du Luxembourg\",\"isPartOf\":{\"@id\":\"https:\/\/www.uni.lu\/fr\/#website\"},\"datePublished\":\"2024-02-28T12:58:14+00:00\",\"dateModified\":\"2024-11-19T11:30:29+00:00\",\"description\":\"Vos droits lorsque nous traitons vos donn\u00e9es \u00e0 caract\u00e8re personnel. Vous disposez de divers droits en vertu du RGPD.\",\"breadcrumb\":{\"@id\":\"https:\/\/www.uni.lu\/fr\/a-propos\/organisation\/administration\/protection-des-donnees\/vos-droits\/#breadcrumb\"},\"inLanguage\":\"fr-FR\",\"potentialAction\":[{\"@type\":\"ReadAction\",\"target\":[\"https:\/\/www.uni.lu\/fr\/a-propos\/organisation\/administration\/protection-des-donnees\/vos-droits\/\"]}]},{\"@type\":\"BreadcrumbList\",\"@id\":\"https:\/\/www.uni.lu\/fr\/a-propos\/organisation\/administration\/protection-des-donnees\/vos-droits\/#breadcrumb\",\"itemListElement\":[{\"@type\":\"ListItem\",\"position\":1,\"name\":\"Home\",\"item\":\"https:\/\/www.uni.lu\/fr\/\"},{\"@type\":\"ListItem\",\"position\":2,\"name\":\"\u00c0 propos\",\"item\":\"https:\/\/www.uni.lu\/fr\/a-propos\/\"},{\"@type\":\"ListItem\",\"position\":3,\"name\":\"Organisation\",\"item\":\"https:\/\/www.uni.lu\/fr\/a-propos\/organisation\/\"},{\"@type\":\"ListItem\",\"position\":4,\"name\":\"Administration\",\"item\":\"https:\/\/www.uni.lu\/fr\/a-propos\/organisation\/administration\/\"},{\"@type\":\"ListItem\",\"position\":5,\"name\":\"Bureau de la protection des donn\u00e9es\",\"item\":\"https:\/\/www.uni.lu\/fr\/a-propos\/organisation\/administration\/protection-des-donnees\/\"},{\"@type\":\"ListItem\",\"position\":6,\"name\":\"Vos droits\"}]},{\"@type\":\"WebSite\",\"@id\":\"https:\/\/www.uni.lu\/fr\/#website\",\"url\":\"https:\/\/www.uni.lu\/fr\/\",\"name\":\"Uni.lu\",\"description\":\"Universit\u00e9 du Luxembourg\",\"publisher\":{\"@id\":\"https:\/\/www.uni.lu\/fr\/#organization\"},\"alternateName\":\"Universit\u00e9 du Luxembourg\",\"potentialAction\":[{\"@type\":\"SearchAction\",\"target\":{\"@type\":\"EntryPoint\",\"urlTemplate\":\"https:\/\/www.uni.lu\/fr\/?s={search_term_string}\"},\"query-input\":\"required name=search_term_string\"}],\"inLanguage\":\"fr-FR\"},{\"@type\":\"Organization\",\"@id\":\"https:\/\/www.uni.lu\/fr\/#organization\",\"name\":\"Universit\u00e9 du Luxembourg\",\"alternateName\":\"Uni.lu\",\"url\":\"https:\/\/www.uni.lu\/fr\/\",\"logo\":{\"@type\":\"ImageObject\",\"inLanguage\":\"fr-FR\",\"@id\":\"https:\/\/www.uni.lu\/fr\/#\/schema\/logo\/image\/\",\"url\":\"https:\/\/www.uni.lu\/wp-content\/uploads\/sites\/11\/2026\/03\/03120045\/UNIV_SM-Profile_1600x1600px-scaled.jpg\",\"contentUrl\":\"https:\/\/www.uni.lu\/wp-content\/uploads\/sites\/11\/2026\/03\/03120045\/UNIV_SM-Profile_1600x1600px-scaled.jpg\",\"width\":2560,\"height\":2560,\"caption\":\"Universit\u00e9 du Luxembourg\"},\"image\":{\"@id\":\"https:\/\/www.uni.lu\/fr\/#\/schema\/logo\/image\/\"},\"sameAs\":[\"https:\/\/www.facebook.com\/uni.lu\",\"https:\/\/www.linkedin.com\/school\/university-of-luxembourg\/\",\"https:\/\/www.instagram.com\/uni.lu\",\"https:\/\/www.youtube.com\/@uni_lu\",\"https:\/\/en.wikipedia.org\/wiki\/University_of_Luxembourg\"]}]}<\/script>\n<!-- \/ Yoast SEO Premium plugin. -->","yoast_head_json":{"title":"Vos droits - Universit\u00e9 du Luxembourg","description":"Vos droits lorsque nous traitons vos donn\u00e9es \u00e0 caract\u00e8re personnel. Vous disposez de divers droits en vertu du RGPD.","robots":{"index":"index","follow":"follow","max-snippet":"max-snippet:-1","max-image-preview":"max-image-preview:large","max-video-preview":"max-video-preview:-1"},"canonical":"https:\/\/www.uni.lu\/fr\/a-propos\/organisation\/administration\/protection-des-donnees\/vos-droits\/","og_locale":"fr_FR","og_type":"article","og_title":"Vos droits","og_description":"Vos droits lorsque nous traitons vos donn\u00e9es \u00e0 caract\u00e8re personnel. Vous disposez de divers droits en vertu du RGPD.","og_url":"https:\/\/www.uni.lu\/fr\/a-propos\/organisation\/administration\/protection-des-donnees\/vos-droits\/","og_site_name":"UNI FR","article_publisher":"https:\/\/www.facebook.com\/uni.lu","article_modified_time":"2024-11-19T11:30:29+00:00","og_image":[{"width":2560,"height":2560,"url":"https:\/\/www.uni.lu\/wp-content\/uploads\/sites\/11\/2026\/03\/03120045\/UNIV_SM-Profile_1600x1600px-scaled.jpg","type":"image\/jpeg"}],"twitter_card":"summary_large_image","twitter_misc":{"Dur\u00e9e de lecture estim\u00e9e":"4 minutes"},"schema":{"@context":"https:\/\/schema.org","@graph":[{"@type":"WebPage","@id":"https:\/\/www.uni.lu\/fr\/a-propos\/organisation\/administration\/protection-des-donnees\/vos-droits\/","url":"https:\/\/www.uni.lu\/fr\/a-propos\/organisation\/administration\/protection-des-donnees\/vos-droits\/","name":"Vos droits - Universit\u00e9 du Luxembourg","isPartOf":{"@id":"https:\/\/www.uni.lu\/fr\/#website"},"datePublished":"2024-02-28T12:58:14+00:00","dateModified":"2024-11-19T11:30:29+00:00","description":"Vos droits lorsque nous traitons vos donn\u00e9es \u00e0 caract\u00e8re personnel. Vous disposez de divers droits en vertu du RGPD.","breadcrumb":{"@id":"https:\/\/www.uni.lu\/fr\/a-propos\/organisation\/administration\/protection-des-donnees\/vos-droits\/#breadcrumb"},"inLanguage":"fr-FR","potentialAction":[{"@type":"ReadAction","target":["https:\/\/www.uni.lu\/fr\/a-propos\/organisation\/administration\/protection-des-donnees\/vos-droits\/"]}]},{"@type":"BreadcrumbList","@id":"https:\/\/www.uni.lu\/fr\/a-propos\/organisation\/administration\/protection-des-donnees\/vos-droits\/#breadcrumb","itemListElement":[{"@type":"ListItem","position":1,"name":"Home","item":"https:\/\/www.uni.lu\/fr\/"},{"@type":"ListItem","position":2,"name":"\u00c0 propos","item":"https:\/\/www.uni.lu\/fr\/a-propos\/"},{"@type":"ListItem","position":3,"name":"Organisation","item":"https:\/\/www.uni.lu\/fr\/a-propos\/organisation\/"},{"@type":"ListItem","position":4,"name":"Administration","item":"https:\/\/www.uni.lu\/fr\/a-propos\/organisation\/administration\/"},{"@type":"ListItem","position":5,"name":"Bureau de la protection des donn\u00e9es","item":"https:\/\/www.uni.lu\/fr\/a-propos\/organisation\/administration\/protection-des-donnees\/"},{"@type":"ListItem","position":6,"name":"Vos droits"}]},{"@type":"WebSite","@id":"https:\/\/www.uni.lu\/fr\/#website","url":"https:\/\/www.uni.lu\/fr\/","name":"Uni.lu","description":"Universit\u00e9 du Luxembourg","publisher":{"@id":"https:\/\/www.uni.lu\/fr\/#organization"},"alternateName":"Universit\u00e9 du Luxembourg","potentialAction":[{"@type":"SearchAction","target":{"@type":"EntryPoint","urlTemplate":"https:\/\/www.uni.lu\/fr\/?s={search_term_string}"},"query-input":"required name=search_term_string"}],"inLanguage":"fr-FR"},{"@type":"Organization","@id":"https:\/\/www.uni.lu\/fr\/#organization","name":"Universit\u00e9 du Luxembourg","alternateName":"Uni.lu","url":"https:\/\/www.uni.lu\/fr\/","logo":{"@type":"ImageObject","inLanguage":"fr-FR","@id":"https:\/\/www.uni.lu\/fr\/#\/schema\/logo\/image\/","url":"https:\/\/www.uni.lu\/wp-content\/uploads\/sites\/11\/2026\/03\/03120045\/UNIV_SM-Profile_1600x1600px-scaled.jpg","contentUrl":"https:\/\/www.uni.lu\/wp-content\/uploads\/sites\/11\/2026\/03\/03120045\/UNIV_SM-Profile_1600x1600px-scaled.jpg","width":2560,"height":2560,"caption":"Universit\u00e9 du Luxembourg"},"image":{"@id":"https:\/\/www.uni.lu\/fr\/#\/schema\/logo\/image\/"},"sameAs":["https:\/\/www.facebook.com\/uni.lu","https:\/\/www.linkedin.com\/school\/university-of-luxembourg\/","https:\/\/www.instagram.com\/uni.lu","https:\/\/www.youtube.com\/@uni_lu","https:\/\/en.wikipedia.org\/wiki\/University_of_Luxembourg"]}]}},"ticketed":false,"_links":{"self":[{"href":"https:\/\/www.uni.lu\/fr\/wp-json\/wp\/v2\/pages\/10359"}],"collection":[{"href":"https:\/\/www.uni.lu\/fr\/wp-json\/wp\/v2\/pages"}],"about":[{"href":"https:\/\/www.uni.lu\/fr\/wp-json\/wp\/v2\/types\/page"}],"author":[{"embeddable":true,"href":"https:\/\/www.uni.lu\/fr\/wp-json\/wp\/v2\/users\/33"}],"replies":[{"embeddable":true,"href":"https:\/\/www.uni.lu\/fr\/wp-json\/wp\/v2\/comments?post=10359"}],"version-history":[{"count":4,"href":"https:\/\/www.uni.lu\/fr\/wp-json\/wp\/v2\/pages\/10359\/revisions"}],"predecessor-version":[{"id":13197,"href":"https:\/\/www.uni.lu\/fr\/wp-json\/wp\/v2\/pages\/10359\/revisions\/13197"}],"up":[{"embeddable":true,"href":"https:\/\/www.uni.lu\/fr\/wp-json\/wp\/v2\/pages\/3446"}],"wp:authorship":[{"embeddable":true,"href":"https:\/\/www.uni.lu\/fr\/wp-json\/wp\/v2\/users\/33"}],"wp:attachment":[{"href":"https:\/\/www.uni.lu\/fr\/wp-json\/wp\/v2\/media?parent=10359"}],"wp:term":[{"taxonomy":"field-of-interest","embeddable":true,"href":"https:\/\/www.uni.lu\/fr\/wp-json\/wp\/v2\/field-of-interest?post=10359"},{"taxonomy":"organisation","embeddable":true,"href":"https:\/\/www.uni.lu\/fr\/wp-json\/wp\/v2\/organisation?post=10359"}],"curies":[{"name":"wp","href":"https:\/\/api.w.org\/{rel}","templated":true}]}}