{"id":10357,"date":"2024-02-28T13:56:45","date_gmt":"2024-02-28T12:56:45","guid":{"rendered":"https:\/\/www.uni.lu\/fr\/?page_id=10357"},"modified":"2026-03-13T10:28:12","modified_gmt":"2026-03-13T09:28:12","slug":"surveillance-video","status":"publish","type":"page","link":"https:\/\/www.uni.lu\/fr\/a-propos\/organisation\/administration\/protection-des-donnees\/surveillance-video\/","title":{"rendered":"Surveillance vid\u00e9o"},"content":{"rendered":"\n<section class=\"wp-block-unilux-blocks-free-section section\"><div class=\"container xl:max-w-screen-xl\">\n<h2 class=\"has-text-align-left wp-block-unilux-blocks-heading\"        id=\"surveillance-video\"\n    >\nSurveillance vid\u00e9o<\/h2>\n\n\n\n<ul class=\"wp-block-unilux-blocks-highlighted-list list-highlighted list-highlighted--architectural\"><li class=\"list-highlighted__item  wp-block-unilux-blocks-highlighted-list-item\">\n    <header class=\"list-highlighted__header wp-block-unilux-blocks-highlighted-list-item-header\">\n    \n<h4 class=\"title text-18 font-bold has-text-align-left wp-block-unilux-blocks-heading\"        id=\"finalite-et-base-juridique\"\n    >\nFinalit\u00e9 et base juridique<\/h4>\n<div class=\"wp-block-unilux-blocks-bigtext\">\n    <span>\n        \n    <\/span>\n<\/div><\/header><div class=\"list-highlighted__body wp-block-unilux-blocks-highlighted-list-item-body\">\n    <div class=\"wp-block-unilux-blocks-highlighted-list-item-free-content-area\">\n    \n<p>L\u2019Universit\u00e9 du Luxembourg a mis en place un syst\u00e8me de surveillance vid\u00e9o en circuit ferm\u00e9 (CCTV) sur l\u2019ensemble de ses campus.<\/p>\n\n<p>Le personnel charg\u00e9 de la s\u00e9curit\u00e9 \u00e0 l\u2019Universit\u00e9 du Luxembourg est responsable de la gestion globale et du fonctionnement de ce syst\u00e8me de surveillance vid\u00e9o, notamment les t\u00e2ches li\u00e9es \u00e0 l\u2019installation, \u00e0 l\u2019enregistrement, au visionnement et \u00e0 la surveillance.<\/p>\n\n<p>Le syst\u00e8me de surveillance vid\u00e9o est utile \u00e0 plusieurs \u00e9gards\u202f:<\/p>\n\n<ul class=\"ulux-list\">\n<li class=\"ulux-list-item\">pr\u00e9venir, r\u00e9duire et d\u00e9tecter les incidents (vols, incendies, alertes \u00e0 la bombe, accidents, etc.) ainsi qu\u2019enqu\u00eater sur eux\u202f;<\/li>\n\n\n\n<li class=\"ulux-list-item\">assurer la s\u00e9curit\u00e9 du personnel, des \u00e9tudiants et des visiteurs\u202f;<\/li>\n\n\n\n<li class=\"ulux-list-item\">faciliter les enqu\u00eates men\u00e9es sur les soup\u00e7ons de violations des r\u00e8gles de l\u2019Universit\u00e9 par le personnel ou les \u00e9tudiants.<\/li>\n<\/ul>\n\n<p>L\u2019utilisation du syst\u00e8me de surveillance vid\u00e9o est justifi\u00e9e par la l\u00e9gislation suivante\u202f:<\/p>\n\n<ul class=\"ulux-list\">\n<li class=\"ulux-list-item\">l\u2019article 6(1)(f) du RGPD, puisque le fait d\u2019assurer la s\u00e9curit\u00e9 sur les sites de l\u2019Universit\u00e9 r\u00e9pond \u00e0 l\u2019int\u00e9r\u00eat l\u00e9gitime de l\u2019Universit\u00e9, de son personnel, de ses \u00e9tudiants et des tiers\u202f;<\/li>\n<\/ul>\n\n<p>Le syst\u00e8me de surveillance vid\u00e9o n\u2019a pas pour but de surveiller les d\u00e9placements du personnel, les processus de production, les services ou les heures de travail \u00e0 l\u2019int\u00e9rieur du lieu de travail.<\/p>\n<\/div><\/div><\/li>\n\n<li class=\"list-highlighted__item  wp-block-unilux-blocks-highlighted-list-item\">\n    <header class=\"list-highlighted__header wp-block-unilux-blocks-highlighted-list-item-header\">\n    \n<h4 class=\"title text-18 font-bold has-text-align-left wp-block-unilux-blocks-heading\"        id=\"qui-est-surveille\"\n    >\nQui est surveill\u00e9\u202f?<\/h4>\n<div class=\"wp-block-unilux-blocks-bigtext\">\n    <span>\n        \n    <\/span>\n<\/div><\/header><div class=\"list-highlighted__body wp-block-unilux-blocks-highlighted-list-item-body\">\n    <div class=\"wp-block-unilux-blocks-highlighted-list-item-free-content-area\">\n    \n<ul class=\"ulux-list\">\n<li class=\"ulux-list-item\">Le personnel de l\u2019Universit\u00e9 (y compris le personnel temporaire) et\/ou les \u00e9tudiants.<\/li>\n\n\n\n<li class=\"ulux-list-item\">Les tiers\u202f: fournisseurs, visiteurs et\/ou fournisseurs de services.<\/li>\n<\/ul>\n<\/div><\/div><\/li>\n\n<li class=\"list-highlighted__item  wp-block-unilux-blocks-highlighted-list-item\">\n    <header class=\"list-highlighted__header wp-block-unilux-blocks-highlighted-list-item-header\">\n    \n<h4 class=\"title text-18 font-bold has-text-align-left wp-block-unilux-blocks-heading\"        id=\"quest-ce-qui-est-surveille\"\n    >\nQu\u2019est-ce qui est surveill\u00e9\u202f?<\/h4>\n<div class=\"wp-block-unilux-blocks-bigtext\">\n    <span>\n        \n    <\/span>\n<\/div><\/header><div class=\"list-highlighted__body wp-block-unilux-blocks-highlighted-list-item-body\">\n    <div class=\"wp-block-unilux-blocks-highlighted-list-item-free-content-area\">\n    \n<ul class=\"ulux-list\">\n<li class=\"ulux-list-item\">Entr\u00e9es principales des b\u00e2timents<\/li>\n\n\n\n<li class=\"ulux-list-item\">Sorties de secours<\/li>\n\n\n\n<li class=\"ulux-list-item\">Zones critiques<\/li>\n<\/ul>\n<\/div><\/div><\/li>\n\n<li class=\"list-highlighted__item  wp-block-unilux-blocks-highlighted-list-item\">\n    <header class=\"list-highlighted__header wp-block-unilux-blocks-highlighted-list-item-header\">\n    \n<h4 class=\"title text-18 font-bold has-text-align-left wp-block-unilux-blocks-heading\"        id=\"acces-aux-images-de-surveillance-video\"\n    >\nAcc\u00e8s aux images de surveillance vid\u00e9o<\/h4>\n<div class=\"wp-block-unilux-blocks-bigtext\">\n    <span>\n        \n    <\/span>\n<\/div><\/header><div class=\"list-highlighted__body wp-block-unilux-blocks-highlighted-list-item-body\">\n    <div class=\"wp-block-unilux-blocks-highlighted-list-item-free-content-area\">\n    \n<p><strong>L\u2019acc\u00e8s aux images de surveillance vid\u00e9o est r\u00e9serv\u00e9 aux acteurs suivants\u202f:<\/strong><\/p>\n\n<p>Universit\u00e9 du Luxembourg :<\/p>\n\n<ul class=\"ulux-list\">\n<li class=\"ulux-list-item\">Personnel charg\u00e9 de la s\u00e9curit\u00e9 \u00e0 l\u2019Universit\u00e9 du Luxembourg (images en direct et enregistrements)<\/li>\n<\/ul>\n\n<p>Tiers\u202f:<\/p>\n\n<ul class=\"ulux-list\">\n<li class=\"ulux-list-item\">Gardes de s\u00e9curit\u00e9 (images en direct uniquement)<\/li>\n\n\n\n<li class=\"ulux-list-item\">Entreprises externes pour t\u00e2ches d\u2019entretien uniquement (images en direct et enregistrements)<\/li>\n\n\n\n<li class=\"ulux-list-item\">Fonds Belval (images en direct des zones communales de Belval uniquement)<\/li>\n<\/ul>\n\n<p>Si les images sont requises \u00e0 titre de preuve ou pour une enqu\u00eate, les parties suivantes peuvent recevoir l\u2019acc\u00e8s aux images enregistr\u00e9es\u202f:<\/p>\n\n<ul class=\"ulux-list\">\n<li class=\"ulux-list-item\">Direction<\/li>\n\n\n\n<li class=\"ulux-list-item\">Personnel charg\u00e9 de la s\u00e9curit\u00e9 \u00e0 l\u2019Universit\u00e9 du Luxembourg<\/li>\n\n\n\n<li class=\"ulux-list-item\">Forces de police<\/li>\n\n\n\n<li class=\"ulux-list-item\">Services d\u2019urgence<\/li>\n\n\n\n<li class=\"ulux-list-item\">Autorit\u00e9s publiques (sur demande)<\/li>\n<\/ul>\n<\/div><\/div><\/li>\n\n<li class=\"list-highlighted__item  wp-block-unilux-blocks-highlighted-list-item\">\n    <header class=\"list-highlighted__header wp-block-unilux-blocks-highlighted-list-item-header\">\n    \n<h4 class=\"title text-18 font-bold has-text-align-left wp-block-unilux-blocks-heading\"        id=\"conservation-des-images\"\n    >\nConservation des images<\/h4>\n<div class=\"wp-block-unilux-blocks-bigtext\">\n    <span>\n        \n    <\/span>\n<\/div><\/header><div class=\"list-highlighted__body wp-block-unilux-blocks-highlighted-list-item-body\">\n    <div class=\"wp-block-unilux-blocks-highlighted-list-item-free-content-area\">\n    \n<p>Les images de vid\u00e9osurveillance ne sont pas conserv\u00e9es pendant plus de 30\u202fjours apr\u00e8s la date d\u2019enregistrement. Pass\u00e9 ce d\u00e9lai, les images sont automatiquement effac\u00e9es. La dur\u00e9e de conservation est exceptionnellement prolong\u00e9e sur demande d\u2019une autorit\u00e9 judiciaire ou de la police mandat\u00e9e par une autorit\u00e9 judiciaire.<\/p>\n<\/div><\/div><\/li><\/ul>\n<\/div><\/section>\n\n\n\n<section class=\"py-0 wp-block-unilux-blocks-free-section section\"><div class=\"container xl:max-w-screen-xl\">\n<p><strong>Plus d\u2019informations sur vos droits et le moyen de nous contacter\u202f:<\/strong><\/p>\n\n\n\n<ul class=\"wp-block-unilux-blocks-button-list-v2\">\n<li class=\"wp-block-unilux-blocks-button-list-item-v2\"><a class=\"quick-link\" href=\"https:\/\/www.uni.lu\/fr\/a-propos\/organisation\/administration\/protection-des-donnees\/vos-droits\/\" target=\"\" role=\"link\" rel=\"noopener\" tabindex=\"0\"><span class=\"quick-link__container\">\n<div class=\"wp-block-unilux-blocks-block-inserter quick-link__img\"><\/div>\n\n\n\n<span class=\"quick-link__name wp-block-unilux-blocks-plain-text\">Vos droits<\/span>\n\n<svg aria-hidden=\"true\" focusable=\"false\" class=\"icon icon-outline icon--arrow-right \"><use xlink:href=\"https:\/\/www.uni.lu\/wp-content\/themes\/unilux-theme\/assets\/images\/icons\/icons-outline.svg#icon--arrow-right\"><\/use><\/svg><\/span><\/a><\/li>\n\n\n\n<li class=\"wp-block-unilux-blocks-button-list-item-v2\"><a class=\"quick-link\" href=\"https:\/\/ulsurvey.uni.lu\/index.php\/764494?lang=en\" target=\"_blank\" role=\"link\" rel=\"noopener\" tabindex=\"0\"><span class=\"quick-link__container\">\n<div class=\"wp-block-unilux-blocks-block-inserter quick-link__img\"><\/div>\n\n\n\n<span class=\"quick-link__name wp-block-unilux-blocks-plain-text\">Contact<\/span>\n\n<svg aria-hidden=\"true\" focusable=\"false\" class=\"icon icon-outline icon--external-link \"><use xlink:href=\"https:\/\/www.uni.lu\/wp-content\/themes\/unilux-theme\/assets\/images\/icons\/icons-outline.svg#icon--external-link\"><\/use><\/svg><\/span><\/a><\/li>\n<\/ul>\n\n\n<div class=\"wp-block-unilux-blocks-spacer is-spacer-size-lg\"><\/div><\/div><\/section>\n","protected":false},"excerpt":{"rendered":"","protected":false},"author":33,"featured_media":0,"parent":3446,"menu_order":0,"comment_status":"closed","ping_status":"closed","template":"","meta":{"featured_image_focal_point":[],"show_featured_caption":false,"ulux_newsletter_groups":"","uluxPostTitle":"Bureau de la protection des donn\u00e9es","uluxPrePostTitle":"","_trash_the_other_posts":false,"_price":"","_stock":"","_tribe_ticket_header":"","_tribe_default_ticket_provider":"","_tribe_ticket_capacity":"0","_ticket_start_date":"","_ticket_end_date":"","_tribe_ticket_show_description":"","_tribe_ticket_show_not_going":false,"_tribe_ticket_use_global_stock":"","_tribe_ticket_global_stock_level":"","_global_stock_mode":"","_global_stock_cap":"","_tribe_rsvp_for_event":"","_tribe_ticket_going_count":"","_tribe_ticket_not_going_count":"","_tribe_tickets_list":"[]","_tribe_ticket_has_attendee_info_fields":false,"footnotes":""},"field-of-interest":[],"organisation":[],"authorship":[33],"acf":[],"yoast_head":"<!-- This site is optimized with the Yoast SEO Premium plugin v22.3 (Yoast SEO v22.3) - https:\/\/yoast.com\/wordpress\/plugins\/seo\/ -->\n<title>Surveillance vid\u00e9o - Universit\u00e9 du Luxembourg<\/title>\n<meta name=\"description\" content=\"L\u2019Universit\u00e9 du Luxembourg a mis en place un syst\u00e8me de surveillance vid\u00e9o en circuit ferm\u00e9 (CCTV) sur l\u2019ensemble de ses campus. Le personnel charg\u00e9 de la\" \/>\n<meta name=\"robots\" content=\"index, follow, max-snippet:-1, max-image-preview:large, max-video-preview:-1\" \/>\n<link rel=\"canonical\" href=\"https:\/\/www.uni.lu\/fr\/a-propos\/organisation\/administration\/protection-des-donnees\/surveillance-video\/\" \/>\n<meta property=\"og:locale\" content=\"fr_FR\" \/>\n<meta property=\"og:type\" content=\"article\" \/>\n<meta property=\"og:title\" content=\"Surveillance vid\u00e9o\" \/>\n<meta property=\"og:description\" content=\"L\u2019Universit\u00e9 du Luxembourg a mis en place un syst\u00e8me de surveillance vid\u00e9o en circuit ferm\u00e9 (CCTV) sur l\u2019ensemble de ses campus. Le personnel charg\u00e9 de la\" \/>\n<meta property=\"og:url\" content=\"https:\/\/www.uni.lu\/fr\/a-propos\/organisation\/administration\/protection-des-donnees\/surveillance-video\/\" \/>\n<meta property=\"og:site_name\" content=\"UNI FR\" \/>\n<meta property=\"article:publisher\" content=\"https:\/\/www.facebook.com\/uni.lu\" \/>\n<meta property=\"article:modified_time\" content=\"2026-03-13T09:28:12+00:00\" \/>\n<meta property=\"og:image\" content=\"https:\/\/www.uni.lu\/wp-content\/uploads\/sites\/11\/2026\/03\/03120045\/UNIV_SM-Profile_1600x1600px-scaled.jpg\" \/>\n\t<meta property=\"og:image:width\" content=\"2560\" \/>\n\t<meta property=\"og:image:height\" content=\"2560\" \/>\n\t<meta property=\"og:image:type\" content=\"image\/jpeg\" \/>\n<meta name=\"twitter:card\" content=\"summary_large_image\" \/>\n<meta name=\"twitter:label1\" content=\"Dur\u00e9e de lecture estim\u00e9e\" \/>\n\t<meta name=\"twitter:data1\" content=\"2 minutes\" \/>\n<script type=\"application\/ld+json\" class=\"yoast-schema-graph\">{\"@context\":\"https:\/\/schema.org\",\"@graph\":[{\"@type\":\"WebPage\",\"@id\":\"https:\/\/www.uni.lu\/fr\/a-propos\/organisation\/administration\/protection-des-donnees\/surveillance-video\/\",\"url\":\"https:\/\/www.uni.lu\/fr\/a-propos\/organisation\/administration\/protection-des-donnees\/surveillance-video\/\",\"name\":\"Surveillance vid\u00e9o - Universit\u00e9 du Luxembourg\",\"isPartOf\":{\"@id\":\"https:\/\/www.uni.lu\/fr\/#website\"},\"datePublished\":\"2024-02-28T12:56:45+00:00\",\"dateModified\":\"2026-03-13T09:28:12+00:00\",\"description\":\"L\u2019Universit\u00e9 du Luxembourg a mis en place un syst\u00e8me de surveillance vid\u00e9o en circuit ferm\u00e9 (CCTV) sur l\u2019ensemble de ses campus. Le personnel charg\u00e9 de la\",\"breadcrumb\":{\"@id\":\"https:\/\/www.uni.lu\/fr\/a-propos\/organisation\/administration\/protection-des-donnees\/surveillance-video\/#breadcrumb\"},\"inLanguage\":\"fr-FR\",\"potentialAction\":[{\"@type\":\"ReadAction\",\"target\":[\"https:\/\/www.uni.lu\/fr\/a-propos\/organisation\/administration\/protection-des-donnees\/surveillance-video\/\"]}]},{\"@type\":\"BreadcrumbList\",\"@id\":\"https:\/\/www.uni.lu\/fr\/a-propos\/organisation\/administration\/protection-des-donnees\/surveillance-video\/#breadcrumb\",\"itemListElement\":[{\"@type\":\"ListItem\",\"position\":1,\"name\":\"Home\",\"item\":\"https:\/\/www.uni.lu\/fr\/\"},{\"@type\":\"ListItem\",\"position\":2,\"name\":\"\u00c0 propos\",\"item\":\"https:\/\/www.uni.lu\/fr\/a-propos\/\"},{\"@type\":\"ListItem\",\"position\":3,\"name\":\"Organisation\",\"item\":\"https:\/\/www.uni.lu\/fr\/a-propos\/organisation\/\"},{\"@type\":\"ListItem\",\"position\":4,\"name\":\"Administration\",\"item\":\"https:\/\/www.uni.lu\/fr\/a-propos\/organisation\/administration\/\"},{\"@type\":\"ListItem\",\"position\":5,\"name\":\"Bureau de la protection des donn\u00e9es\",\"item\":\"https:\/\/www.uni.lu\/fr\/a-propos\/organisation\/administration\/protection-des-donnees\/\"},{\"@type\":\"ListItem\",\"position\":6,\"name\":\"Surveillance vid\u00e9o\"}]},{\"@type\":\"WebSite\",\"@id\":\"https:\/\/www.uni.lu\/fr\/#website\",\"url\":\"https:\/\/www.uni.lu\/fr\/\",\"name\":\"Uni.lu\",\"description\":\"Universit\u00e9 du Luxembourg\",\"publisher\":{\"@id\":\"https:\/\/www.uni.lu\/fr\/#organization\"},\"alternateName\":\"Universit\u00e9 du Luxembourg\",\"potentialAction\":[{\"@type\":\"SearchAction\",\"target\":{\"@type\":\"EntryPoint\",\"urlTemplate\":\"https:\/\/www.uni.lu\/fr\/?s={search_term_string}\"},\"query-input\":\"required name=search_term_string\"}],\"inLanguage\":\"fr-FR\"},{\"@type\":\"Organization\",\"@id\":\"https:\/\/www.uni.lu\/fr\/#organization\",\"name\":\"Universit\u00e9 du Luxembourg\",\"alternateName\":\"Uni.lu\",\"url\":\"https:\/\/www.uni.lu\/fr\/\",\"logo\":{\"@type\":\"ImageObject\",\"inLanguage\":\"fr-FR\",\"@id\":\"https:\/\/www.uni.lu\/fr\/#\/schema\/logo\/image\/\",\"url\":\"https:\/\/www.uni.lu\/wp-content\/uploads\/sites\/11\/2026\/03\/03120045\/UNIV_SM-Profile_1600x1600px-scaled.jpg\",\"contentUrl\":\"https:\/\/www.uni.lu\/wp-content\/uploads\/sites\/11\/2026\/03\/03120045\/UNIV_SM-Profile_1600x1600px-scaled.jpg\",\"width\":2560,\"height\":2560,\"caption\":\"Universit\u00e9 du Luxembourg\"},\"image\":{\"@id\":\"https:\/\/www.uni.lu\/fr\/#\/schema\/logo\/image\/\"},\"sameAs\":[\"https:\/\/www.facebook.com\/uni.lu\",\"https:\/\/www.linkedin.com\/school\/university-of-luxembourg\/\",\"https:\/\/www.instagram.com\/uni.lu\",\"https:\/\/www.youtube.com\/@uni_lu\",\"https:\/\/en.wikipedia.org\/wiki\/University_of_Luxembourg\"]}]}<\/script>\n<!-- \/ Yoast SEO Premium plugin. -->","yoast_head_json":{"title":"Surveillance vid\u00e9o - Universit\u00e9 du Luxembourg","description":"L\u2019Universit\u00e9 du Luxembourg a mis en place un syst\u00e8me de surveillance vid\u00e9o en circuit ferm\u00e9 (CCTV) sur l\u2019ensemble de ses campus. Le personnel charg\u00e9 de la","robots":{"index":"index","follow":"follow","max-snippet":"max-snippet:-1","max-image-preview":"max-image-preview:large","max-video-preview":"max-video-preview:-1"},"canonical":"https:\/\/www.uni.lu\/fr\/a-propos\/organisation\/administration\/protection-des-donnees\/surveillance-video\/","og_locale":"fr_FR","og_type":"article","og_title":"Surveillance vid\u00e9o","og_description":"L\u2019Universit\u00e9 du Luxembourg a mis en place un syst\u00e8me de surveillance vid\u00e9o en circuit ferm\u00e9 (CCTV) sur l\u2019ensemble de ses campus. Le personnel charg\u00e9 de la","og_url":"https:\/\/www.uni.lu\/fr\/a-propos\/organisation\/administration\/protection-des-donnees\/surveillance-video\/","og_site_name":"UNI FR","article_publisher":"https:\/\/www.facebook.com\/uni.lu","article_modified_time":"2026-03-13T09:28:12+00:00","og_image":[{"width":2560,"height":2560,"url":"https:\/\/www.uni.lu\/wp-content\/uploads\/sites\/11\/2026\/03\/03120045\/UNIV_SM-Profile_1600x1600px-scaled.jpg","type":"image\/jpeg"}],"twitter_card":"summary_large_image","twitter_misc":{"Dur\u00e9e de lecture estim\u00e9e":"2 minutes"},"schema":{"@context":"https:\/\/schema.org","@graph":[{"@type":"WebPage","@id":"https:\/\/www.uni.lu\/fr\/a-propos\/organisation\/administration\/protection-des-donnees\/surveillance-video\/","url":"https:\/\/www.uni.lu\/fr\/a-propos\/organisation\/administration\/protection-des-donnees\/surveillance-video\/","name":"Surveillance vid\u00e9o - Universit\u00e9 du Luxembourg","isPartOf":{"@id":"https:\/\/www.uni.lu\/fr\/#website"},"datePublished":"2024-02-28T12:56:45+00:00","dateModified":"2026-03-13T09:28:12+00:00","description":"L\u2019Universit\u00e9 du Luxembourg a mis en place un syst\u00e8me de surveillance vid\u00e9o en circuit ferm\u00e9 (CCTV) sur l\u2019ensemble de ses campus. Le personnel charg\u00e9 de la","breadcrumb":{"@id":"https:\/\/www.uni.lu\/fr\/a-propos\/organisation\/administration\/protection-des-donnees\/surveillance-video\/#breadcrumb"},"inLanguage":"fr-FR","potentialAction":[{"@type":"ReadAction","target":["https:\/\/www.uni.lu\/fr\/a-propos\/organisation\/administration\/protection-des-donnees\/surveillance-video\/"]}]},{"@type":"BreadcrumbList","@id":"https:\/\/www.uni.lu\/fr\/a-propos\/organisation\/administration\/protection-des-donnees\/surveillance-video\/#breadcrumb","itemListElement":[{"@type":"ListItem","position":1,"name":"Home","item":"https:\/\/www.uni.lu\/fr\/"},{"@type":"ListItem","position":2,"name":"\u00c0 propos","item":"https:\/\/www.uni.lu\/fr\/a-propos\/"},{"@type":"ListItem","position":3,"name":"Organisation","item":"https:\/\/www.uni.lu\/fr\/a-propos\/organisation\/"},{"@type":"ListItem","position":4,"name":"Administration","item":"https:\/\/www.uni.lu\/fr\/a-propos\/organisation\/administration\/"},{"@type":"ListItem","position":5,"name":"Bureau de la protection des donn\u00e9es","item":"https:\/\/www.uni.lu\/fr\/a-propos\/organisation\/administration\/protection-des-donnees\/"},{"@type":"ListItem","position":6,"name":"Surveillance vid\u00e9o"}]},{"@type":"WebSite","@id":"https:\/\/www.uni.lu\/fr\/#website","url":"https:\/\/www.uni.lu\/fr\/","name":"Uni.lu","description":"Universit\u00e9 du Luxembourg","publisher":{"@id":"https:\/\/www.uni.lu\/fr\/#organization"},"alternateName":"Universit\u00e9 du Luxembourg","potentialAction":[{"@type":"SearchAction","target":{"@type":"EntryPoint","urlTemplate":"https:\/\/www.uni.lu\/fr\/?s={search_term_string}"},"query-input":"required name=search_term_string"}],"inLanguage":"fr-FR"},{"@type":"Organization","@id":"https:\/\/www.uni.lu\/fr\/#organization","name":"Universit\u00e9 du Luxembourg","alternateName":"Uni.lu","url":"https:\/\/www.uni.lu\/fr\/","logo":{"@type":"ImageObject","inLanguage":"fr-FR","@id":"https:\/\/www.uni.lu\/fr\/#\/schema\/logo\/image\/","url":"https:\/\/www.uni.lu\/wp-content\/uploads\/sites\/11\/2026\/03\/03120045\/UNIV_SM-Profile_1600x1600px-scaled.jpg","contentUrl":"https:\/\/www.uni.lu\/wp-content\/uploads\/sites\/11\/2026\/03\/03120045\/UNIV_SM-Profile_1600x1600px-scaled.jpg","width":2560,"height":2560,"caption":"Universit\u00e9 du Luxembourg"},"image":{"@id":"https:\/\/www.uni.lu\/fr\/#\/schema\/logo\/image\/"},"sameAs":["https:\/\/www.facebook.com\/uni.lu","https:\/\/www.linkedin.com\/school\/university-of-luxembourg\/","https:\/\/www.instagram.com\/uni.lu","https:\/\/www.youtube.com\/@uni_lu","https:\/\/en.wikipedia.org\/wiki\/University_of_Luxembourg"]}]}},"ticketed":false,"_links":{"self":[{"href":"https:\/\/www.uni.lu\/fr\/wp-json\/wp\/v2\/pages\/10357"}],"collection":[{"href":"https:\/\/www.uni.lu\/fr\/wp-json\/wp\/v2\/pages"}],"about":[{"href":"https:\/\/www.uni.lu\/fr\/wp-json\/wp\/v2\/types\/page"}],"author":[{"embeddable":true,"href":"https:\/\/www.uni.lu\/fr\/wp-json\/wp\/v2\/users\/33"}],"replies":[{"embeddable":true,"href":"https:\/\/www.uni.lu\/fr\/wp-json\/wp\/v2\/comments?post=10357"}],"version-history":[{"count":4,"href":"https:\/\/www.uni.lu\/fr\/wp-json\/wp\/v2\/pages\/10357\/revisions"}],"predecessor-version":[{"id":18993,"href":"https:\/\/www.uni.lu\/fr\/wp-json\/wp\/v2\/pages\/10357\/revisions\/18993"}],"up":[{"embeddable":true,"href":"https:\/\/www.uni.lu\/fr\/wp-json\/wp\/v2\/pages\/3446"}],"wp:authorship":[{"embeddable":true,"href":"https:\/\/www.uni.lu\/fr\/wp-json\/wp\/v2\/users\/33"}],"wp:attachment":[{"href":"https:\/\/www.uni.lu\/fr\/wp-json\/wp\/v2\/media?parent=10357"}],"wp:term":[{"taxonomy":"field-of-interest","embeddable":true,"href":"https:\/\/www.uni.lu\/fr\/wp-json\/wp\/v2\/field-of-interest?post=10357"},{"taxonomy":"organisation","embeddable":true,"href":"https:\/\/www.uni.lu\/fr\/wp-json\/wp\/v2\/organisation?post=10357"}],"curies":[{"name":"wp","href":"https:\/\/api.w.org\/{rel}","templated":true}]}}