{"id":10340,"date":"2024-02-28T11:48:37","date_gmt":"2024-02-28T10:48:37","guid":{"rendered":"https:\/\/www.uni.lu\/fr\/?page_id=10340"},"modified":"2026-03-24T11:23:55","modified_gmt":"2026-03-24T10:23:55","slug":"promotion-competitive","status":"publish","type":"page","link":"https:\/\/www.uni.lu\/fr\/a-propos\/travailler-a-l-universite\/promotion-competitive\/","title":{"rendered":"Promotion comp\u00e9titive"},"content":{"rendered":"\n<section class=\"py-0 wp-block-unilux-blocks-free-section section\"><div class=\"container xl:max-w-screen-xl\"><\/div><\/section>\n\n\n\n<section class=\"wp-block-unilux-blocks-free-section section\"><div class=\"container xl:max-w-screen-xl\">\n<h1 class=\"has-text-align-left wp-block-unilux-blocks-heading\"        id=\"promotion-competitive\"\n    >\nPromotion comp\u00e9titive<\/h1>\n\n\n\n<p><strong><strong>La loi du 27\u202fjuin\u202f2018<\/strong><\/strong>\u202fayant pour objet l\u2019organisation de l\u2019Universit\u00e9 du Luxembourg fournit \u00e0 l\u2019Universit\u00e9 une proc\u00e9dure de promotion par rangs professionnels.<\/p>\n\n\n\n<p>Sur la base des dispositions de cette loi, l\u2019Universit\u00e9 a \u00e9labor\u00e9 une politique et une proc\u00e9dure de promotion comp\u00e9titive en \u00e9troite collaboration avec les doyens des facult\u00e9s, les directeurs des centres interdisciplinaires et le Service des ressources humaines, et en concertation avec la d\u00e9l\u00e9gation du personnel.<\/p>\n\n\n\n<p>La proc\u00e9dure de promotion est supervis\u00e9e par le recteur, qui est en contact avec toutes les parties concern\u00e9es \u00e0 tous les stades de la proc\u00e9dure.<\/p>\n<\/div><\/section>\n\n\n\n<section class=\"py-0 wp-block-unilux-blocks-free-section section\"><div class=\"container xl:max-w-screen-xl\">\n<h2 class=\"has-text-align-left wp-block-unilux-blocks-heading\"        id=\"elements-a-prendre-en-compte-pour-une-promotion\"\n    >\n\u00c9l\u00e9ments \u00e0 prendre en compte pour une promotion<\/h2>\n\n\n\n<div class=\"wp-block-unilux-blocks-accordion accordion accordion--theme accordion-standard\" data-reference=\"702c6553-3fff-4314-b67a-35787dc451f9\" data-accordion-type=\"standard\"><div class=\"accordion__item  wp-block-unilux-blocks-accordion-item\">\n    <h3 class=\"accordion__header\"\n        >\n        <button\n            type=\"button\"\n            id=\"accordion-labelledby-cdf1d00e-b857-4d01-a4a0-16ad62e4f126\"\n            class=\"accordion__button collapsed\"\n            aria-expanded=\"false\"\n            aria-controls=\"accordion-panel-cdf1d00e-b857-4d01-a4a0-16ad62e4f126\"\n            data-bs-toggle=\"collapse\"\n            data-bs-target=\"#accordion-panel-cdf1d00e-b857-4d01-a4a0-16ad62e4f126\"\n        >\n            <span class=\"accordion__title\">\n                                Crit\u00e8res d\u2019\u00e9valuation            <\/span>\n\n            <svg aria-hidden=\"true\" focusable=\"false\" class=\"icon icon-outline icon--arrow-down \"><use xlink:href=\"https:\/\/www.uni.lu\/wp-content\/themes\/unilux-theme\/assets\/images\/icons\/icons-outline.svg#icon--arrow-down\"><\/use><\/svg>        <\/button>\n    <\/h3>\n    <div id=\"accordion-panel-cdf1d00e-b857-4d01-a4a0-16ad62e4f126\"\n        class=\"accordion__collapse collapse\"\n        aria-labelledby=\"accordion-labelledby-cdf1d00e-b857-4d01-a4a0-16ad62e4f126\"\n        data-bs-parent=\"[data-reference=&quot;702c6553-3fff-4314-b67a-35787dc451f9&quot;]\"\n    >\n        <div class=\"accordion__body \">\n            \n<p><strong>Aper\u00e7u<\/strong><\/p>\n\n<p>La proc\u00e9dure de promotion comp\u00e9titive comporte deux principaux volets\u202f: l\u2019\u00e9valuation du candidat dans tous les domaines d\u2019\u00e9valuation sur la base de ses m\u00e9rites, et le classement au sein de l\u2019ensemble des candidats pour le niveau concern\u00e9.<\/p>\n\n<p><strong><strong>Domaines d\u2019\u00e9valuation<\/strong><\/strong><\/p>\n\n<p>Selon l\u2019article\u202f24 de la loi relative \u00e0 l\u2019Universit\u00e9 concernant les fonctions des professeurs, les performances du candidat sont mesur\u00e9es dans les domaines suivants\u202f:<\/p>\n\n<ul class=\"ulux-list\">\n<li class=\"ulux-list-item\">La recherche, c.-\u00e0-d. un dossier de travaux scientifiques de haute qualit\u00e9 et revus par des pairs.<\/li>\n\n\n\n<li class=\"ulux-list-item\">L\u2019enseignement et la formation doctorale, c.-\u00e0-d. des \u00e9tats de service d\u2019enseignement montrant un engagement envers l\u2019excellence acad\u00e9mique et p\u00e9dagogique. Ce domaine peut inclure des missions de mise en place ou de r\u00e9organisation de programmes d\u2019enseignement.<\/li>\n\n\n\n<li class=\"ulux-list-item\">Le transfert de connaissances et de technologies, c.-\u00e0-d. un dossier des activit\u00e9s de transfert de technologies, de sensibilisation du grand public, de collaboration ou de partenariats avec l\u2019industrie, ou d\u2019autres activit\u00e9s pertinentes.<\/li>\n\n\n\n<li class=\"ulux-list-item\">Le transfert de connaissances et de technologies, c.-\u00e0-d. un dossier des activit\u00e9s de transfert de technologies, de sensibilisation du grand public, de collaboration ou de partenariats de recherche avec l\u2019industrie ou des organismes publics, ou d\u2019autres activit\u00e9s pertinentes.<\/li>\n<\/ul>\n\n<p>Le crit\u00e8re de la \u00ab\u202fcollaboration internationale, europ\u00e9enne et nationale\u202f\u00bb est pris en compte dans chacun des domaines mentionn\u00e9s ci-dessus.<\/p>\n\n<p>L\u2019Universit\u00e9 du Luxembourg encourage l\u2019interdisciplinarit\u00e9. Les candidats travaillant dans plusieurs disciplines ou \u00e0 leurs intersections peuvent l&rsquo;indiquer dans leurs candidatures et seront \u00e9valu\u00e9s en cons\u00e9quence.<\/p>\n\n<p>Il est normal que les diverses cat\u00e9gories se chevauchent parfois et que leur poids varie en fonction des personnes, des profils et des disciplines.<\/p>\n\n<p><strong>Classement<\/strong><\/p>\n\n<p>Une note initiale est attribu\u00e9e pour chaque domaine d\u2019\u00e9valuation et, prises ensemble, ces notes r\u00e9sultent en une note globale. Le comit\u00e9 d\u2019\u00e9valuation externe se base sur cette note globale pour attribuer un classement relatif au candidat pour chaque niveau.<\/p>\n        <\/div>\n    <\/div>\n<\/div>\n\n<div class=\"accordion__item  wp-block-unilux-blocks-accordion-item\">\n    <h3 class=\"accordion__header\"\n        >\n        <button\n            type=\"button\"\n            id=\"accordion-labelledby-e80c54fe-0edd-425e-819f-7111f496b0d7\"\n            class=\"accordion__button collapsed\"\n            aria-expanded=\"false\"\n            aria-controls=\"accordion-panel-e80c54fe-0edd-425e-819f-7111f496b0d7\"\n            data-bs-toggle=\"collapse\"\n            data-bs-target=\"#accordion-panel-e80c54fe-0edd-425e-819f-7111f496b0d7\"\n        >\n            <span class=\"accordion__title\">\n                                Responsabilit\u00e9s des candidats            <\/span>\n\n            <svg aria-hidden=\"true\" focusable=\"false\" class=\"icon icon-outline icon--arrow-down \"><use xlink:href=\"https:\/\/www.uni.lu\/wp-content\/themes\/unilux-theme\/assets\/images\/icons\/icons-outline.svg#icon--arrow-down\"><\/use><\/svg>        <\/button>\n    <\/h3>\n    <div id=\"accordion-panel-e80c54fe-0edd-425e-819f-7111f496b0d7\"\n        class=\"accordion__collapse collapse\"\n        aria-labelledby=\"accordion-labelledby-e80c54fe-0edd-425e-819f-7111f496b0d7\"\n        data-bs-parent=\"[data-reference=&quot;702c6553-3fff-4314-b67a-35787dc451f9&quot;]\"\n    >\n        <div class=\"accordion__body \">\n            \n<ul class=\"ulux-list\">\n<li class=\"ulux-list-item\">Informer le Recteur de leur intention de se pr\u00e9senter \u00e0 une promotion.<\/li>\n\n\n\n<li class=\"ulux-list-item\">Fournir les noms de trois experts externes au maximum qui ne devraient pas \u00eatre contact\u00e9s pour une \u00e9valuation et fournir une explication \u00e0 ce sujet.<\/li>\n\n\n\n<li class=\"ulux-list-item\">Rassembler tous les documents n\u00e9cessaires et pr\u00e9parer les d\u00e9clarations de sa candidature \u00e0 une promotion comp\u00e9titive, conform\u00e9ment \u00e0 la pr\u00e9sente politique.<\/li>\n\n\n\n<li class=\"ulux-list-item\">Soumettre la documentation dans les d\u00e9lais fix\u00e9s.<\/li>\n\n\n\n<li class=\"ulux-list-item\">Au besoin, assister aux r\u00e9unions du comit\u00e9 d\u00e9sign\u00e9 pour soutenir leur candidature.<\/li>\n\n\n\n<li class=\"ulux-list-item\">R\u00e9pondre \u00e0 toute demande d\u2019information compl\u00e9mentaire \u00e9manant du comit\u00e9 pertinent.<\/li>\n<\/ul>\n        <\/div>\n    <\/div>\n<\/div>\n\n<div class=\"accordion__item  wp-block-unilux-blocks-accordion-item\">\n    <h3 class=\"accordion__header\"\n        >\n        <button\n            type=\"button\"\n            id=\"accordion-labelledby-4b85b031-74a4-462f-85e0-a4fe3323ab6a\"\n            class=\"accordion__button collapsed\"\n            aria-expanded=\"false\"\n            aria-controls=\"accordion-panel-4b85b031-74a4-462f-85e0-a4fe3323ab6a\"\n            data-bs-toggle=\"collapse\"\n            data-bs-target=\"#accordion-panel-4b85b031-74a4-462f-85e0-a4fe3323ab6a\"\n        >\n            <span class=\"accordion__title\">\n                                Texte int\u00e9gral de la politique et documents utiles            <\/span>\n\n            <svg aria-hidden=\"true\" focusable=\"false\" class=\"icon icon-outline icon--arrow-down \"><use xlink:href=\"https:\/\/www.uni.lu\/wp-content\/themes\/unilux-theme\/assets\/images\/icons\/icons-outline.svg#icon--arrow-down\"><\/use><\/svg>        <\/button>\n    <\/h3>\n    <div id=\"accordion-panel-4b85b031-74a4-462f-85e0-a4fe3323ab6a\"\n        class=\"accordion__collapse collapse\"\n        aria-labelledby=\"accordion-labelledby-4b85b031-74a4-462f-85e0-a4fe3323ab6a\"\n        data-bs-parent=\"[data-reference=&quot;702c6553-3fff-4314-b67a-35787dc451f9&quot;]\"\n    >\n        <div class=\"accordion__body \">\n            \n<p><strong>Politique<\/strong><\/p>\n<ul class=\"wp-block-unilux-blocks-button-list\">\n    <li class=\"wp-block-unilux-blocks-button-list-item\">\n    <a\n            href=\"https:\/\/www.uni.lu\/wp-content\/uploads\/sites\/9\/2025\/01\/00_2024_Competitive-Promotion-Policy_new-version_vf.pdf\"\n            class=\"quick-link wp-block-unilux-blocks-anchor\"        target=\"\"\n>\n    \n<span class=\"wp-block-unilux-blocks-wrapper quick-link__container\"><figure class=\"wp-block-dev4-reusable-blocks-image quick-link__img object-fit--scale-down\">\n        <\/figure>\n\n\n<span class=\"quick-link__name wp-block-unilux-blocks-plain-text\">Politique de promotion comp\u00e9titive pour 2025<\/span>\n\n<svg aria-hidden=\"true\" focusable=\"false\" class=\"icon icon-outline icon--download \"><use xlink:href=\"https:\/\/www.uni.lu\/wp-content\/themes\/unilux-theme\/assets\/images\/icons\/icons-outline.svg#icon--download\"><\/use><\/svg><\/span>\n<\/a>\n<\/li><\/ul>\n<div class=\"wp-block-unilux-blocks-spacer is-spacer-size-sm\"><\/div>\n<p><strong>Applicants<\/strong><\/p>\n<ul class=\"wp-block-unilux-blocks-button-list\">\n    <li class=\"wp-block-unilux-blocks-button-list-item\">\n    <a\n            href=\"https:\/\/www.uni.lu\/wp-content\/uploads\/sites\/9\/2025\/02\/Competitive-Promotion-Checklist-for-Applicants.pdf\"\n            class=\"quick-link wp-block-unilux-blocks-anchor\"        target=\"_blank\"\n>\n    \n<span class=\"wp-block-unilux-blocks-wrapper quick-link__container\"><figure class=\"wp-block-dev4-reusable-blocks-image quick-link__img object-fit--scale-down\">\n        <\/figure>\n\n\n<span class=\"quick-link__name wp-block-unilux-blocks-plain-text\">Liste de contr\u00f4le pour candidature<\/span>\n\n<svg aria-hidden=\"true\" focusable=\"false\" class=\"icon icon-outline icon--download \"><use xlink:href=\"https:\/\/www.uni.lu\/wp-content\/themes\/unilux-theme\/assets\/images\/icons\/icons-outline.svg#icon--download\"><\/use><\/svg><\/span>\n<\/a>\n<\/li><li class=\"wp-block-unilux-blocks-button-list-item\">\n    <a\n            href=\"https:\/\/www.uni.lu\/wp-content\/uploads\/sites\/9\/2025\/03\/Competitive-Promotion-2025-Application-form_vf.pdf\"\n            class=\"quick-link wp-block-unilux-blocks-anchor\"        target=\"_blank\"\n>\n    \n<span class=\"wp-block-unilux-blocks-wrapper quick-link__container\"><figure class=\"wp-block-dev4-reusable-blocks-image quick-link__img object-fit--scale-down\">\n        <\/figure>\n\n\n<span class=\"quick-link__name wp-block-unilux-blocks-plain-text\">Formulaire de candidature<\/span>\n\n<svg aria-hidden=\"true\" focusable=\"false\" class=\"icon icon-outline icon--download \"><use xlink:href=\"https:\/\/www.uni.lu\/wp-content\/themes\/unilux-theme\/assets\/images\/icons\/icons-outline.svg#icon--download\"><\/use><\/svg><\/span>\n<\/a>\n<\/li><\/ul>\n<div class=\"wp-block-unilux-blocks-spacer is-spacer-size-sm\"><\/div>\n<p><strong>Doyens\/directeurs, r\u00e9f\u00e9rents externes et comit\u00e9 d&rsquo;\u00e9valuation<\/strong><\/p>\n<ul class=\"wp-block-unilux-blocks-button-list\">\n    <li class=\"wp-block-unilux-blocks-button-list-item\">\n    <a\n            href=\"https:\/\/www.uni.lu\/wp-content\/uploads\/sites\/9\/2025\/04\/01_Assessment-report-template_Deans_Directors_HoDs_20250423.pdf\"\n            class=\"quick-link wp-block-unilux-blocks-anchor\"        target=\"_blank\"\n>\n    \n<span class=\"wp-block-unilux-blocks-wrapper quick-link__container\"><figure class=\"wp-block-dev4-reusable-blocks-image quick-link__img object-fit--scale-down\">\n        <\/figure>\n\n\n<span class=\"quick-link__name wp-block-unilux-blocks-plain-text\">Rapport d&rsquo;\u00e9valuation (EN)<\/span>\n\n<svg aria-hidden=\"true\" focusable=\"false\" class=\"icon icon-outline icon--download \"><use xlink:href=\"https:\/\/www.uni.lu\/wp-content\/themes\/unilux-theme\/assets\/images\/icons\/icons-outline.svg#icon--download\"><\/use><\/svg><\/span>\n<\/a>\n<\/li><\/ul>\n        <\/div>\n    <\/div>\n<\/div><\/div>\n<\/div><\/section>\n\n\n\n<section class=\"wp-block-unilux-blocks-free-section section\"><div class=\"container xl:max-w-screen-xl\">\n<h2 class=\"has-text-align-left wp-block-unilux-blocks-heading\"        id=\"questions-complementaires\"\n    >\nQuestions compl\u00e9mentaires<\/h2>\n\n\n\n<p>Si vous avez d\u2019autres questions, veuillez contacter&nbsp;<a href=\"mailto:competitive.promotion@uni.lu\">competitive.promotion@uni.lu<\/a><\/p>\n<\/div><\/section>\n\n\n<div class=\"wp-block-unilux-blocks-spacer is-spacer-size-md\"><\/div>","protected":false},"excerpt":{"rendered":"","protected":false},"author":405,"featured_media":0,"parent":3113,"menu_order":0,"comment_status":"closed","ping_status":"closed","template":"","meta":{"featured_image_focal_point":[],"show_featured_caption":false,"ulux_newsletter_groups":"","uluxPostTitle":"Travailler \u00e0 l\u2019Universit\u00e9","uluxPrePostTitle":"","_trash_the_other_posts":false,"_price":"","_stock":"","_tribe_ticket_header":"","_tribe_default_ticket_provider":"","_tribe_ticket_capacity":"0","_ticket_start_date":"","_ticket_end_date":"","_tribe_ticket_show_description":"","_tribe_ticket_show_not_going":false,"_tribe_ticket_use_global_stock":"","_tribe_ticket_global_stock_level":"","_global_stock_mode":"","_global_stock_cap":"","_tribe_rsvp_for_event":"","_tribe_ticket_going_count":"","_tribe_ticket_not_going_count":"","_tribe_tickets_list":"[]","_tribe_ticket_has_attendee_info_fields":false,"footnotes":""},"field-of-interest":[],"organisation":[],"authorship":[405,404],"acf":[],"yoast_head":"<!-- This site is optimized with the Yoast SEO Premium plugin v22.3 (Yoast SEO v22.3) - https:\/\/yoast.com\/wordpress\/plugins\/seo\/ -->\n<title>Promotion comp\u00e9titive - Universit\u00e9 du Luxembourg<\/title>\n<meta name=\"description\" content=\"Sur la base des dispositions de la loi du 27 juin 2018, l\u2019Universit\u00e9 a \u00e9labor\u00e9 une politique et une proc\u00e9dure de promotion comp\u00e9titive.\" \/>\n<meta name=\"robots\" content=\"index, follow, max-snippet:-1, max-image-preview:large, max-video-preview:-1\" \/>\n<link rel=\"canonical\" href=\"https:\/\/www.uni.lu\/fr\/a-propos\/travailler-a-l-universite\/promotion-competitive\/\" \/>\n<meta property=\"og:locale\" content=\"fr_FR\" \/>\n<meta property=\"og:type\" content=\"article\" \/>\n<meta property=\"og:title\" content=\"Promotion comp\u00e9titive\" \/>\n<meta property=\"og:description\" content=\"Sur la base des dispositions de la loi du 27 juin 2018, l\u2019Universit\u00e9 a \u00e9labor\u00e9 une politique et une proc\u00e9dure de promotion comp\u00e9titive.\" \/>\n<meta property=\"og:url\" content=\"https:\/\/www.uni.lu\/fr\/a-propos\/travailler-a-l-universite\/promotion-competitive\/\" \/>\n<meta property=\"og:site_name\" content=\"UNI FR\" \/>\n<meta property=\"article:publisher\" content=\"https:\/\/www.facebook.com\/uni.lu\" \/>\n<meta property=\"article:modified_time\" content=\"2026-03-24T10:23:55+00:00\" \/>\n<meta property=\"og:image\" content=\"https:\/\/www.uni.lu\/wp-content\/uploads\/sites\/11\/2026\/03\/03120045\/UNIV_SM-Profile_1600x1600px-scaled.jpg\" \/>\n\t<meta property=\"og:image:width\" content=\"2560\" \/>\n\t<meta property=\"og:image:height\" content=\"2560\" \/>\n\t<meta property=\"og:image:type\" content=\"image\/jpeg\" \/>\n<meta name=\"twitter:card\" content=\"summary_large_image\" \/>\n<meta name=\"twitter:label1\" content=\"Dur\u00e9e de lecture estim\u00e9e\" \/>\n\t<meta name=\"twitter:data1\" content=\"3 minutes\" \/>\n<script type=\"application\/ld+json\" class=\"yoast-schema-graph\">{\"@context\":\"https:\/\/schema.org\",\"@graph\":[{\"@type\":\"WebPage\",\"@id\":\"https:\/\/www.uni.lu\/fr\/a-propos\/travailler-a-l-universite\/promotion-competitive\/\",\"url\":\"https:\/\/www.uni.lu\/fr\/a-propos\/travailler-a-l-universite\/promotion-competitive\/\",\"name\":\"Promotion comp\u00e9titive - Universit\u00e9 du Luxembourg\",\"isPartOf\":{\"@id\":\"https:\/\/www.uni.lu\/fr\/#website\"},\"datePublished\":\"2024-02-28T10:48:37+00:00\",\"dateModified\":\"2026-03-24T10:23:55+00:00\",\"description\":\"Sur la base des dispositions de la loi du 27 juin 2018, l\u2019Universit\u00e9 a \u00e9labor\u00e9 une politique et une proc\u00e9dure de promotion comp\u00e9titive.\",\"breadcrumb\":{\"@id\":\"https:\/\/www.uni.lu\/fr\/a-propos\/travailler-a-l-universite\/promotion-competitive\/#breadcrumb\"},\"inLanguage\":\"fr-FR\",\"potentialAction\":[{\"@type\":\"ReadAction\",\"target\":[\"https:\/\/www.uni.lu\/fr\/a-propos\/travailler-a-l-universite\/promotion-competitive\/\"]}]},{\"@type\":\"BreadcrumbList\",\"@id\":\"https:\/\/www.uni.lu\/fr\/a-propos\/travailler-a-l-universite\/promotion-competitive\/#breadcrumb\",\"itemListElement\":[{\"@type\":\"ListItem\",\"position\":1,\"name\":\"Home\",\"item\":\"https:\/\/www.uni.lu\/fr\/\"},{\"@type\":\"ListItem\",\"position\":2,\"name\":\"\u00c0 propos\",\"item\":\"https:\/\/www.uni.lu\/fr\/a-propos\/\"},{\"@type\":\"ListItem\",\"position\":3,\"name\":\"Travailler \u00e0 l'Universit\u00e9\",\"item\":\"https:\/\/www.uni.lu\/fr\/a-propos\/travailler-a-l-universite\/\"},{\"@type\":\"ListItem\",\"position\":4,\"name\":\"Promotion comp\u00e9titive\"}]},{\"@type\":\"WebSite\",\"@id\":\"https:\/\/www.uni.lu\/fr\/#website\",\"url\":\"https:\/\/www.uni.lu\/fr\/\",\"name\":\"Uni.lu\",\"description\":\"Universit\u00e9 du Luxembourg\",\"publisher\":{\"@id\":\"https:\/\/www.uni.lu\/fr\/#organization\"},\"alternateName\":\"Universit\u00e9 du Luxembourg\",\"potentialAction\":[{\"@type\":\"SearchAction\",\"target\":{\"@type\":\"EntryPoint\",\"urlTemplate\":\"https:\/\/www.uni.lu\/fr\/?s={search_term_string}\"},\"query-input\":\"required name=search_term_string\"}],\"inLanguage\":\"fr-FR\"},{\"@type\":\"Organization\",\"@id\":\"https:\/\/www.uni.lu\/fr\/#organization\",\"name\":\"Universit\u00e9 du Luxembourg\",\"alternateName\":\"Uni.lu\",\"url\":\"https:\/\/www.uni.lu\/fr\/\",\"logo\":{\"@type\":\"ImageObject\",\"inLanguage\":\"fr-FR\",\"@id\":\"https:\/\/www.uni.lu\/fr\/#\/schema\/logo\/image\/\",\"url\":\"https:\/\/www.uni.lu\/wp-content\/uploads\/sites\/11\/2026\/03\/03120045\/UNIV_SM-Profile_1600x1600px-scaled.jpg\",\"contentUrl\":\"https:\/\/www.uni.lu\/wp-content\/uploads\/sites\/11\/2026\/03\/03120045\/UNIV_SM-Profile_1600x1600px-scaled.jpg\",\"width\":2560,\"height\":2560,\"caption\":\"Universit\u00e9 du Luxembourg\"},\"image\":{\"@id\":\"https:\/\/www.uni.lu\/fr\/#\/schema\/logo\/image\/\"},\"sameAs\":[\"https:\/\/www.facebook.com\/uni.lu\",\"https:\/\/www.linkedin.com\/school\/university-of-luxembourg\/\",\"https:\/\/www.instagram.com\/uni.lu\",\"https:\/\/www.youtube.com\/@uni_lu\",\"https:\/\/en.wikipedia.org\/wiki\/University_of_Luxembourg\"]}]}<\/script>\n<!-- \/ Yoast SEO Premium plugin. -->","yoast_head_json":{"title":"Promotion comp\u00e9titive - Universit\u00e9 du Luxembourg","description":"Sur la base des dispositions de la loi du 27 juin 2018, l\u2019Universit\u00e9 a \u00e9labor\u00e9 une politique et une proc\u00e9dure de promotion comp\u00e9titive.","robots":{"index":"index","follow":"follow","max-snippet":"max-snippet:-1","max-image-preview":"max-image-preview:large","max-video-preview":"max-video-preview:-1"},"canonical":"https:\/\/www.uni.lu\/fr\/a-propos\/travailler-a-l-universite\/promotion-competitive\/","og_locale":"fr_FR","og_type":"article","og_title":"Promotion comp\u00e9titive","og_description":"Sur la base des dispositions de la loi du 27 juin 2018, l\u2019Universit\u00e9 a \u00e9labor\u00e9 une politique et une proc\u00e9dure de promotion comp\u00e9titive.","og_url":"https:\/\/www.uni.lu\/fr\/a-propos\/travailler-a-l-universite\/promotion-competitive\/","og_site_name":"UNI FR","article_publisher":"https:\/\/www.facebook.com\/uni.lu","article_modified_time":"2026-03-24T10:23:55+00:00","og_image":[{"width":2560,"height":2560,"url":"https:\/\/www.uni.lu\/wp-content\/uploads\/sites\/11\/2026\/03\/03120045\/UNIV_SM-Profile_1600x1600px-scaled.jpg","type":"image\/jpeg"}],"twitter_card":"summary_large_image","twitter_misc":{"Dur\u00e9e de lecture estim\u00e9e":"3 minutes"},"schema":{"@context":"https:\/\/schema.org","@graph":[{"@type":"WebPage","@id":"https:\/\/www.uni.lu\/fr\/a-propos\/travailler-a-l-universite\/promotion-competitive\/","url":"https:\/\/www.uni.lu\/fr\/a-propos\/travailler-a-l-universite\/promotion-competitive\/","name":"Promotion comp\u00e9titive - Universit\u00e9 du Luxembourg","isPartOf":{"@id":"https:\/\/www.uni.lu\/fr\/#website"},"datePublished":"2024-02-28T10:48:37+00:00","dateModified":"2026-03-24T10:23:55+00:00","description":"Sur la base des dispositions de la loi du 27 juin 2018, l\u2019Universit\u00e9 a \u00e9labor\u00e9 une politique et une proc\u00e9dure de promotion comp\u00e9titive.","breadcrumb":{"@id":"https:\/\/www.uni.lu\/fr\/a-propos\/travailler-a-l-universite\/promotion-competitive\/#breadcrumb"},"inLanguage":"fr-FR","potentialAction":[{"@type":"ReadAction","target":["https:\/\/www.uni.lu\/fr\/a-propos\/travailler-a-l-universite\/promotion-competitive\/"]}]},{"@type":"BreadcrumbList","@id":"https:\/\/www.uni.lu\/fr\/a-propos\/travailler-a-l-universite\/promotion-competitive\/#breadcrumb","itemListElement":[{"@type":"ListItem","position":1,"name":"Home","item":"https:\/\/www.uni.lu\/fr\/"},{"@type":"ListItem","position":2,"name":"\u00c0 propos","item":"https:\/\/www.uni.lu\/fr\/a-propos\/"},{"@type":"ListItem","position":3,"name":"Travailler \u00e0 l'Universit\u00e9","item":"https:\/\/www.uni.lu\/fr\/a-propos\/travailler-a-l-universite\/"},{"@type":"ListItem","position":4,"name":"Promotion comp\u00e9titive"}]},{"@type":"WebSite","@id":"https:\/\/www.uni.lu\/fr\/#website","url":"https:\/\/www.uni.lu\/fr\/","name":"Uni.lu","description":"Universit\u00e9 du Luxembourg","publisher":{"@id":"https:\/\/www.uni.lu\/fr\/#organization"},"alternateName":"Universit\u00e9 du Luxembourg","potentialAction":[{"@type":"SearchAction","target":{"@type":"EntryPoint","urlTemplate":"https:\/\/www.uni.lu\/fr\/?s={search_term_string}"},"query-input":"required name=search_term_string"}],"inLanguage":"fr-FR"},{"@type":"Organization","@id":"https:\/\/www.uni.lu\/fr\/#organization","name":"Universit\u00e9 du Luxembourg","alternateName":"Uni.lu","url":"https:\/\/www.uni.lu\/fr\/","logo":{"@type":"ImageObject","inLanguage":"fr-FR","@id":"https:\/\/www.uni.lu\/fr\/#\/schema\/logo\/image\/","url":"https:\/\/www.uni.lu\/wp-content\/uploads\/sites\/11\/2026\/03\/03120045\/UNIV_SM-Profile_1600x1600px-scaled.jpg","contentUrl":"https:\/\/www.uni.lu\/wp-content\/uploads\/sites\/11\/2026\/03\/03120045\/UNIV_SM-Profile_1600x1600px-scaled.jpg","width":2560,"height":2560,"caption":"Universit\u00e9 du Luxembourg"},"image":{"@id":"https:\/\/www.uni.lu\/fr\/#\/schema\/logo\/image\/"},"sameAs":["https:\/\/www.facebook.com\/uni.lu","https:\/\/www.linkedin.com\/school\/university-of-luxembourg\/","https:\/\/www.instagram.com\/uni.lu","https:\/\/www.youtube.com\/@uni_lu","https:\/\/en.wikipedia.org\/wiki\/University_of_Luxembourg"]}]}},"ticketed":false,"_links":{"self":[{"href":"https:\/\/www.uni.lu\/fr\/wp-json\/wp\/v2\/pages\/10340"}],"collection":[{"href":"https:\/\/www.uni.lu\/fr\/wp-json\/wp\/v2\/pages"}],"about":[{"href":"https:\/\/www.uni.lu\/fr\/wp-json\/wp\/v2\/types\/page"}],"author":[{"embeddable":true,"href":"https:\/\/www.uni.lu\/fr\/wp-json\/wp\/v2\/users\/405"}],"replies":[{"embeddable":true,"href":"https:\/\/www.uni.lu\/fr\/wp-json\/wp\/v2\/comments?post=10340"}],"version-history":[{"count":5,"href":"https:\/\/www.uni.lu\/fr\/wp-json\/wp\/v2\/pages\/10340\/revisions"}],"predecessor-version":[{"id":16255,"href":"https:\/\/www.uni.lu\/fr\/wp-json\/wp\/v2\/pages\/10340\/revisions\/16255"}],"up":[{"embeddable":true,"href":"https:\/\/www.uni.lu\/fr\/wp-json\/wp\/v2\/pages\/3113"}],"wp:authorship":[{"embeddable":true,"href":"https:\/\/www.uni.lu\/fr\/wp-json\/wp\/v2\/users\/405"},{"embeddable":true,"href":"https:\/\/www.uni.lu\/fr\/wp-json\/wp\/v2\/users\/404"}],"wp:attachment":[{"href":"https:\/\/www.uni.lu\/fr\/wp-json\/wp\/v2\/media?parent=10340"}],"wp:term":[{"taxonomy":"field-of-interest","embeddable":true,"href":"https:\/\/www.uni.lu\/fr\/wp-json\/wp\/v2\/field-of-interest?post=10340"},{"taxonomy":"organisation","embeddable":true,"href":"https:\/\/www.uni.lu\/fr\/wp-json\/wp\/v2\/organisation?post=10340"}],"curies":[{"name":"wp","href":"https:\/\/api.w.org\/{rel}","templated":true}]}}