{"id":667,"date":"2023-11-22T15:28:21","date_gmt":"2023-11-22T14:28:21","guid":{"rendered":"https:\/\/www.uni.lu\/fdef-fr\/?page_id=667"},"modified":"2026-03-24T16:20:31","modified_gmt":"2026-03-24T15:20:31","slug":"nous-rejoindre","status":"publish","type":"page","link":"https:\/\/www.uni.lu\/fdef-fr\/nous-rejoindre\/","title":{"rendered":"Nous rejoindre"},"content":{"rendered":"<div class=\"section py-0 static\">\n<section class=\"py-0 wp-block-unilux-blocks-free-section section\"><div class=\"container xl:max-w-screen-xl\"><div class=\"js-secondary-nav--sticky wp-block-unilux-blocks-secondary-navigation\" id=\"28165c03-5b9f-4a18-8f32-f409fd8a3bf1\">\n    <nav\n        id=\"secondary-navigation\"\n        role=\"navigation\"\n        aria-label=\"Secondary menu\"\n        class=\"secondary-nav\"\n    >\n        <button\n            class=\"secondary-nav__button btn btn-solid--primary w-full\"\n            aria-expanded=\"false\"\n            aria-controls=\"secondary-navigation__list\"\n            title=\"The selected page is Nous rejoindre\"\n            type=\"button\"\n        >\n            <span class=\"btn__name mr-auto\">Nous rejoindre<\/span>\n            <svg aria-hidden=\"true\" focusable=\"false\" class=\"icon icon-outline icon--xs\">\n                <use xlink:href=\"https:\/\/www.uni.lu\/wp-content\/themes\/unilux-theme\/assets\/images\/icons\/icons-outline.svg#icon--arrow-down\" \/>\n            <\/svg>\n        <\/button>\n\n        <ul id=\"secondary-navigation__list\" class=\"secondary-nav__list\">\n            <li class=\"secondary-nav__item\">\n    <a\n        href=\"https:\/\/www.uni.lu\/fdef-fr\/\"\n        target=\"\"\n        rel=\"noreferrer noopener\"\n        class=\"secondary-nav__link \"\n            >\n        <svg aria-hidden=\"true\" focusable=\"false\" class=\"icon icon-outline icon--xs\">\n            <use xlink:href=\"https:\/\/www.uni.lu\/wp-content\/themes\/unilux-theme\/assets\/images\/icons\/icons-outline.svg#icon--arrow-right\" \/>\n        <\/svg>\n        <span class=\"secondary-nav__name\">Aper\u00e7u<\/span>\n    <\/a>\n<\/li>\n<li class=\"secondary-nav__item\">\n    <a\n        href=\"https:\/\/www.uni.lu\/fdef-fr\/a-propos\/\"\n        target=\"\"\n        rel=\"noreferrer noopener\"\n        class=\"secondary-nav__link \"\n            >\n        <svg aria-hidden=\"true\" focusable=\"false\" class=\"icon icon-outline icon--xs\">\n            <use xlink:href=\"https:\/\/www.uni.lu\/wp-content\/themes\/unilux-theme\/assets\/images\/icons\/icons-outline.svg#icon--arrow-right\" \/>\n        <\/svg>\n        <span class=\"secondary-nav__name\">\u00c0 propos<\/span>\n    <\/a>\n<\/li>\n<li class=\"secondary-nav__item\">\n    <a\n        href=\"https:\/\/www.uni.lu\/fdef-fr\/recherche\/\"\n        target=\"\"\n        rel=\"noreferrer noopener\"\n        class=\"secondary-nav__link \"\n            >\n        <svg aria-hidden=\"true\" focusable=\"false\" class=\"icon icon-outline icon--xs\">\n            <use xlink:href=\"https:\/\/www.uni.lu\/wp-content\/themes\/unilux-theme\/assets\/images\/icons\/icons-outline.svg#icon--arrow-right\" \/>\n        <\/svg>\n        <span class=\"secondary-nav__name\">Recherche<\/span>\n    <\/a>\n<\/li>\n<li class=\"secondary-nav__item\">\n    <a\n        href=\"https:\/\/www.uni.lu\/fdef-fr\/etudes\/\"\n        target=\"\"\n        rel=\"noreferrer noopener\"\n        class=\"secondary-nav__link \"\n            >\n        <svg aria-hidden=\"true\" focusable=\"false\" class=\"icon icon-outline icon--xs\">\n            <use xlink:href=\"https:\/\/www.uni.lu\/wp-content\/themes\/unilux-theme\/assets\/images\/icons\/icons-outline.svg#icon--arrow-right\" \/>\n        <\/svg>\n        <span class=\"secondary-nav__name\">\u00c9tudes<\/span>\n    <\/a>\n<\/li>\n<li class=\"secondary-nav__item\">\n    <a\n        href=\"https:\/\/www.uni.lu\/fdef-fr\/partenaires\/\"\n        target=\"\"\n        rel=\"noreferrer noopener\"\n        class=\"secondary-nav__link \"\n            >\n        <svg aria-hidden=\"true\" focusable=\"false\" class=\"icon icon-outline icon--xs\">\n            <use xlink:href=\"https:\/\/www.uni.lu\/wp-content\/themes\/unilux-theme\/assets\/images\/icons\/icons-outline.svg#icon--arrow-right\" \/>\n        <\/svg>\n        <span class=\"secondary-nav__name\">Partenaires<\/span>\n    <\/a>\n<\/li>\n<li class=\"secondary-nav__item\">\n    <a\n        href=\"https:\/\/www.uni.lu\/fdef-fr\/rayonnement\/\"\n        target=\"\"\n        rel=\"noreferrer noopener\"\n        class=\"secondary-nav__link \"\n            >\n        <svg aria-hidden=\"true\" focusable=\"false\" class=\"icon icon-outline icon--xs\">\n            <use xlink:href=\"https:\/\/www.uni.lu\/wp-content\/themes\/unilux-theme\/assets\/images\/icons\/icons-outline.svg#icon--arrow-right\" \/>\n        <\/svg>\n        <span class=\"secondary-nav__name\">Rayonnement<\/span>\n    <\/a>\n<\/li>\n<li class=\"secondary-nav__item\">\n    <a\n        href=\"https:\/\/www.uni.lu\/fdef-fr\/equipe\/\"\n        target=\"\"\n        rel=\"noreferrer noopener\"\n        class=\"secondary-nav__link \"\n            >\n        <svg aria-hidden=\"true\" focusable=\"false\" class=\"icon icon-outline icon--xs\">\n            <use xlink:href=\"https:\/\/www.uni.lu\/wp-content\/themes\/unilux-theme\/assets\/images\/icons\/icons-outline.svg#icon--arrow-right\" \/>\n        <\/svg>\n        <span class=\"secondary-nav__name\">Notre \u00e9quipe<\/span>\n    <\/a>\n<\/li>\n<li class=\"secondary-nav__item\">\n    <a\n        href=\"https:\/\/www.uni.lu\/fdef-fr\/nous-rejoindre\/\"\n        target=\"\"\n        rel=\"noreferrer noopener\"\n        class=\"secondary-nav__link isactived\"\n        aria-current=\"page\"    >\n        <svg aria-hidden=\"true\" focusable=\"false\" class=\"icon icon-outline icon--xs\">\n            <use xlink:href=\"https:\/\/www.uni.lu\/wp-content\/themes\/unilux-theme\/assets\/images\/icons\/icons-outline.svg#icon--arrow-right\" \/>\n        <\/svg>\n        <span class=\"secondary-nav__name\">Nous rejoindre<\/span>\n    <\/a>\n<\/li>\n<li class=\"secondary-nav__item\">\n    <a\n        href=\"https:\/\/www.uni.lu\/fdef-fr\/contact\/\"\n        target=\"\"\n        rel=\"noreferrer noopener\"\n        class=\"secondary-nav__link \"\n            >\n        <svg aria-hidden=\"true\" focusable=\"false\" class=\"icon icon-outline icon--xs\">\n            <use xlink:href=\"https:\/\/www.uni.lu\/wp-content\/themes\/unilux-theme\/assets\/images\/icons\/icons-outline.svg#icon--arrow-right\" \/>\n        <\/svg>\n        <span class=\"secondary-nav__name\">Contact<\/span>\n    <\/a>\n<\/li>\n        <\/ul>\n    <\/nav>\n<\/div>\n<\/div><\/section>\n\n\n<section class=\"section section pb-0 wp-block-unilux-blocks-page-intro \">\n    \n<div class=\"wp-block-unilux-blocks-wrapper container xl:max-w-screen-xl\">\n<div class=\"wp-block-unilux-blocks-wrapper flex flex-wrap -mx-16\">\n<div class=\"wp-block-unilux-blocks-wrapper flex-1 mb-48 px-16\">\n<h1 class=\"has-text-align-left wp-block-unilux-blocks-heading\"        id=\"faites-partie-de-quelque-chose-de-plus-grand-a-la-fdef\"\n    >\nFaites partie de quelque chose de plus grand \u00e0 la FDEF<\/h1>\n\n\n\n<p>L&rsquo;enseignement et la recherche b\u00e9n\u00e9ficient de la proximit\u00e9 des institutions europ\u00e9ennes, du centre financier international de premier plan du Luxembourg et de sa communaut\u00e9 d&rsquo;affaires dynamique. Des partenariats avec les institutions et le secteur priv\u00e9, des chaires parrain\u00e9es et un r\u00e9seau croissant d&rsquo;universit\u00e9s partenaires internationales font de la FDEF un p\u00f4le universitaire \u00e9nergique et un environnement de travail dynamique au c\u0153ur de l&rsquo;Europe.<\/p>\n\n\n\n<ul class=\"wp-block-unilux-blocks-custom-buttons btn-list\"><\/ul>\n<\/div>\n\n\n\n<div class=\"wp-block-unilux-blocks-wrapper w-full md:w-auto px-16\">\n<div class=\"wp-block-unilux-blocks-wrapper flex flex-col items-center\">\n<h2 class=\"text-h4 has-text-align-left wp-block-unilux-blocks-heading\"        id=\"tous-les-postes-ouverts\"\n    >\nTous les postes ouverts<\/h2>\n\n\n<a class=\"wp-block-unilux-blocks-button-highlight-square\"\n    href=\"https:\/\/www.uni.lu\/en\/about\/work\/explore-our-jobs\/?LOV52=All&#038;amp%3BSUBDEPT2=27&#038;amp%3BLOV53=All&#038;amp%3Bkeywords=&#038;amp%3BResultsperpage=10&#038;amp%3Bsrcsubmit=Search&#038;amp%3Bstatlog=1&#038;amp%3BID=QMUFK026203F3VBQB7V7VV4S8&#038;amp%3Bmask=karriereseiten&#038;amp%3BLG=UK&#038;fq_jobs-taxonomies-organisation%5B%5D=faculty-of-law-economics-and-finance-fdef%7CFaculty+of+Law%2C+Economics+and+Finance+%28FDEF%29%7COrganisation\"\n    target=\"_self\"\n>\n    <span class=\"btn-highlight-square__container\">\n        <div class=\"btn-highlight-square__body\">\n    <svg aria-hidden=\"true\" focusable=\"false\" class=\"icon icon-outline icon--arrow-long-right icon--xl\"><use xlink:href=\"https:\/\/www.uni.lu\/wp-content\/themes\/unilux-theme\/assets\/images\/icons\/icons-outline.svg#icon--arrow-long-right\"><\/use><\/svg>    <span class=\"btn btn--dark\">\n        \n<span class=\"btn__name wp-block-unilux-blocks-plain-text\">Espace emploi<\/span>    <\/span>\n<\/div><figure class=\"wp-block-dev4-reusable-blocks-image image-bg object-fit--cover\">\n    \n<img decoding=\"async\" class=\"wp-block-image unilux-custom-image-block\"\n                alt=\"\"\n            src=\"https:\/\/www.uni.lu\/wp-content\/uploads\/sites\/18\/2023\/11\/Luc-Deflorenne-22-scaled-1.jpg\"\n                srcset=\"https:\/\/www.uni.lu\/wp-content\/uploads\/sites\/18\/2023\/11\/Luc-Deflorenne-22-scaled-1-300x200.jpg 300w, https:\/\/www.uni.lu\/wp-content\/uploads\/sites\/18\/2023\/11\/Luc-Deflorenne-22-scaled-1-1024x682.jpg 1024w, https:\/\/www.uni.lu\/wp-content\/uploads\/sites\/18\/2023\/11\/Luc-Deflorenne-22-scaled-1-768x512.jpg 768w, https:\/\/www.uni.lu\/wp-content\/uploads\/sites\/18\/2023\/11\/Luc-Deflorenne-22-scaled-1-1536x1023.jpg 1536w, https:\/\/www.uni.lu\/wp-content\/uploads\/sites\/18\/2023\/11\/Luc-Deflorenne-22-scaled-1-2048x1364.jpg 2048w\"\n                style=\"object-position: 50.00% 50.00%; font-family: &quot;object-fit: cover; object-position: 50.00% 50.00%;&quot;; aspect-ratio: 3\/4; object-fit: cover; width: 100%;\"\n        loading=\"lazy\"\n\/>    <\/figure>    <\/span>\n<\/a><\/div>\n<\/div>\n<\/div>\n<\/div>\n<\/section>\n\n\n<section class=\"wp-block-unilux-blocks-free-section section\"><div class=\"container xl:max-w-screen-xl\">\n<h2 class=\"has-text-align-left wp-block-unilux-blocks-heading\"        id=\"une-universite-veritablement-tournee-vers-linternational\"\n    >\nUne Universit\u00e9 v\u00e9ritablement tourn\u00e9e vers l\u2019international<\/h2>\n\n\n\n<p>L&rsquo;Universit\u00e9 du Luxembourg aspire \u00e0 devenir l&rsquo;une des universit\u00e9s les plus r\u00e9put\u00e9es d&rsquo;Europe, avec un caract\u00e8re nettement international et interdisciplinaire. Elle favorise l&rsquo;enrichissement mutuel de la recherche et de l&rsquo;enseignement, est pertinente pour son pays, est connue dans le monde entier pour sa recherche et son enseignement dans des domaines cibl\u00e9s, et s&rsquo;impose comme un mod\u00e8le innovant pour l&rsquo;enseignement sup\u00e9rieur europ\u00e9en contemporain.<\/p>\n\n\n\n<p>L&rsquo;atout principal de l&rsquo;universit\u00e9 est son personnel acad\u00e9mique de classe mondiale bien connect\u00e9 qui attirera les \u00e9tudiants et les jeunes chercheurs les plus motiv\u00e9s, talentueux et cr\u00e9atifs qui apprendront \u00e0 aimer relever des d\u00e9fis et \u00e0 devenir des penseurs visionnaires capables de fa\u00e7onner la soci\u00e9t\u00e9.<\/p>\n<\/div><\/section>\n<\/div>","protected":false},"excerpt":{"rendered":"","protected":false},"author":39,"featured_media":0,"parent":0,"menu_order":7,"comment_status":"closed","ping_status":"closed","template":"","meta":{"featured_image_focal_point":[],"show_featured_caption":false,"ulux_newsletter_groups":"","uluxPostTitle":"Facult\u00e9 de Droit, d\u2019\u00c9conomie et de Finance (FDEF)","uluxPrePostTitle":"Facult\u00e9","_trash_the_other_posts":false,"_price":"","_stock":"","_tribe_ticket_header":"","_tribe_default_ticket_provider":"","_tribe_ticket_capacity":"0","_ticket_start_date":"","_ticket_end_date":"","_tribe_ticket_show_description":"","_tribe_ticket_show_not_going":false,"_tribe_ticket_use_global_stock":"","_tribe_ticket_global_stock_level":"","_global_stock_mode":"","_global_stock_cap":"","_tribe_rsvp_for_event":"","_tribe_ticket_going_count":"","_tribe_ticket_not_going_count":"","_tribe_tickets_list":"[]","_tribe_ticket_has_attendee_info_fields":false,"footnotes":""},"field-of-interest":[],"organisation":[],"authorship":[39],"acf":[],"yoast_head":"<!-- This site is optimized with the Yoast SEO Premium plugin v22.3 (Yoast SEO v22.3) - https:\/\/yoast.com\/wordpress\/plugins\/seo\/ -->\n<title>Nous rejoindre - FDEF - Universit\u00e9 du Luxembourg I Uni.lu<\/title>\n<meta name=\"description\" content=\"Faites partie de quelque chose de plus grand \u00e0 la Faclut\u00e9 de droit, d&#039;\u00e9conomie et de finance de l&#039;Universit\u00e9 du Luxemborg. Rejoingez-nous!\" \/>\n<meta name=\"robots\" content=\"index, follow, max-snippet:-1, max-image-preview:large, max-video-preview:-1\" \/>\n<link rel=\"canonical\" href=\"https:\/\/www.uni.lu\/fdef-fr\/nous-rejoindre\/\" \/>\n<meta property=\"og:locale\" content=\"fr_FR\" \/>\n<meta property=\"og:type\" content=\"article\" \/>\n<meta property=\"og:title\" content=\"Nous rejoindre\" \/>\n<meta property=\"og:description\" content=\"Faites partie de quelque chose de plus grand \u00e0 la Faclut\u00e9 de droit, d&#039;\u00e9conomie et de finance de l&#039;Universit\u00e9 du Luxemborg. Rejoingez-nous!\" \/>\n<meta property=\"og:url\" content=\"https:\/\/www.uni.lu\/fdef-fr\/nous-rejoindre\/\" \/>\n<meta property=\"og:site_name\" content=\"FDEF FR\" \/>\n<meta property=\"article:publisher\" content=\"https:\/\/www.facebook.com\/uni.FDEF.lu\" \/>\n<meta property=\"article:modified_time\" content=\"2026-03-24T15:20:31+00:00\" \/>\n<meta property=\"og:image\" content=\"https:\/\/www.uni.lu\/wp-content\/uploads\/sites\/18\/2026\/03\/03111953\/FDEF_SM-Profile_1600x1600px-scaled.jpg\" \/>\n\t<meta property=\"og:image:width\" content=\"2560\" \/>\n\t<meta property=\"og:image:height\" content=\"2560\" \/>\n\t<meta property=\"og:image:type\" content=\"image\/jpeg\" \/>\n<meta name=\"twitter:card\" content=\"summary_large_image\" \/>\n<meta name=\"twitter:label1\" content=\"Dur\u00e9e de lecture estim\u00e9e\" \/>\n\t<meta name=\"twitter:data1\" content=\"1 minute\" \/>\n<script type=\"application\/ld+json\" class=\"yoast-schema-graph\">{\"@context\":\"https:\/\/schema.org\",\"@graph\":[{\"@type\":\"WebPage\",\"@id\":\"https:\/\/www.uni.lu\/fdef-fr\/nous-rejoindre\/\",\"url\":\"https:\/\/www.uni.lu\/fdef-fr\/nous-rejoindre\/\",\"name\":\"Nous rejoindre - FDEF - Universit\u00e9 du Luxembourg I Uni.lu\",\"isPartOf\":{\"@id\":\"https:\/\/www.uni.lu\/fdef-fr\/#website\"},\"datePublished\":\"2023-11-22T14:28:21+00:00\",\"dateModified\":\"2026-03-24T15:20:31+00:00\",\"description\":\"Faites partie de quelque chose de plus grand \u00e0 la Faclut\u00e9 de droit, d'\u00e9conomie et de finance de l'Universit\u00e9 du Luxemborg. Rejoingez-nous!\",\"breadcrumb\":{\"@id\":\"https:\/\/www.uni.lu\/fdef-fr\/nous-rejoindre\/#breadcrumb\"},\"inLanguage\":\"fr-FR\",\"potentialAction\":[{\"@type\":\"ReadAction\",\"target\":[\"https:\/\/www.uni.lu\/fdef-fr\/nous-rejoindre\/\"]}]},{\"@type\":\"BreadcrumbList\",\"@id\":\"https:\/\/www.uni.lu\/fdef-fr\/nous-rejoindre\/#breadcrumb\",\"itemListElement\":[{\"@type\":\"ListItem\",\"position\":1,\"name\":\"Home\",\"item\":\"https:\/\/www.uni.lu\/fr\"},{\"@type\":\"ListItem\",\"position\":2,\"name\":\"Facult\u00e9 de Droit, d\u2019\u00c9conomie et de Finance\",\"item\":\"https:\/\/www.uni.lu\/fdef-fr\/\"},{\"@type\":\"ListItem\",\"position\":3,\"name\":\"Nous rejoindre\"}]},{\"@type\":\"WebSite\",\"@id\":\"https:\/\/www.uni.lu\/fdef-fr\/#website\",\"url\":\"https:\/\/www.uni.lu\/fdef-fr\/\",\"name\":\"FDEF\",\"description\":\"Facult\u00e9 de Droit, d\u2019\u00c9conomie et de Finance I Uni.lu\",\"publisher\":{\"@id\":\"https:\/\/www.uni.lu\/fdef-fr\/#organization\"},\"alternateName\":\"Facult\u00e9 de Droit, d\u2019\u00c9conomie et de Finance I Universit\u00e9 du Luxembourg\",\"potentialAction\":[{\"@type\":\"SearchAction\",\"target\":{\"@type\":\"EntryPoint\",\"urlTemplate\":\"https:\/\/www.uni.lu\/fdef-fr\/?s={search_term_string}\"},\"query-input\":\"required name=search_term_string\"}],\"inLanguage\":\"fr-FR\"},{\"@type\":\"Organization\",\"@id\":\"https:\/\/www.uni.lu\/fdef-fr\/#organization\",\"name\":\"FDEF - Universit\u00e9 du Luxembourg I Uni.lu\",\"alternateName\":\"Facult\u00e9 de Droit, d\u2019\u00c9conomie et de Finance\",\"url\":\"https:\/\/www.uni.lu\/fdef-fr\/\",\"logo\":{\"@type\":\"ImageObject\",\"inLanguage\":\"fr-FR\",\"@id\":\"https:\/\/www.uni.lu\/fdef-fr\/#\/schema\/logo\/image\/\",\"url\":\"https:\/\/www.uni.lu\/wp-content\/uploads\/sites\/18\/2026\/03\/03111953\/FDEF_SM-Profile_1600x1600px-scaled.jpg\",\"contentUrl\":\"https:\/\/www.uni.lu\/wp-content\/uploads\/sites\/18\/2026\/03\/03111953\/FDEF_SM-Profile_1600x1600px-scaled.jpg\",\"width\":2560,\"height\":2560,\"caption\":\"FDEF - Universit\u00e9 du Luxembourg I Uni.lu\"},\"image\":{\"@id\":\"https:\/\/www.uni.lu\/fdef-fr\/#\/schema\/logo\/image\/\"},\"sameAs\":[\"https:\/\/www.facebook.com\/uni.FDEF.lu\",\"https:\/\/www.linkedin.com\/showcase\/fdef-uni-lu\/\"]}]}<\/script>\n<!-- \/ Yoast SEO Premium plugin. -->","yoast_head_json":{"title":"Nous rejoindre - FDEF - Universit\u00e9 du Luxembourg I Uni.lu","description":"Faites partie de quelque chose de plus grand \u00e0 la Faclut\u00e9 de droit, d'\u00e9conomie et de finance de l'Universit\u00e9 du Luxemborg. Rejoingez-nous!","robots":{"index":"index","follow":"follow","max-snippet":"max-snippet:-1","max-image-preview":"max-image-preview:large","max-video-preview":"max-video-preview:-1"},"canonical":"https:\/\/www.uni.lu\/fdef-fr\/nous-rejoindre\/","og_locale":"fr_FR","og_type":"article","og_title":"Nous rejoindre","og_description":"Faites partie de quelque chose de plus grand \u00e0 la Faclut\u00e9 de droit, d'\u00e9conomie et de finance de l'Universit\u00e9 du Luxemborg. Rejoingez-nous!","og_url":"https:\/\/www.uni.lu\/fdef-fr\/nous-rejoindre\/","og_site_name":"FDEF FR","article_publisher":"https:\/\/www.facebook.com\/uni.FDEF.lu","article_modified_time":"2026-03-24T15:20:31+00:00","og_image":[{"width":2560,"height":2560,"url":"https:\/\/www.uni.lu\/wp-content\/uploads\/sites\/18\/2026\/03\/03111953\/FDEF_SM-Profile_1600x1600px-scaled.jpg","type":"image\/jpeg"}],"twitter_card":"summary_large_image","twitter_misc":{"Dur\u00e9e de lecture estim\u00e9e":"1 minute"},"schema":{"@context":"https:\/\/schema.org","@graph":[{"@type":"WebPage","@id":"https:\/\/www.uni.lu\/fdef-fr\/nous-rejoindre\/","url":"https:\/\/www.uni.lu\/fdef-fr\/nous-rejoindre\/","name":"Nous rejoindre - FDEF - Universit\u00e9 du Luxembourg I Uni.lu","isPartOf":{"@id":"https:\/\/www.uni.lu\/fdef-fr\/#website"},"datePublished":"2023-11-22T14:28:21+00:00","dateModified":"2026-03-24T15:20:31+00:00","description":"Faites partie de quelque chose de plus grand \u00e0 la Faclut\u00e9 de droit, d'\u00e9conomie et de finance de l'Universit\u00e9 du Luxemborg. Rejoingez-nous!","breadcrumb":{"@id":"https:\/\/www.uni.lu\/fdef-fr\/nous-rejoindre\/#breadcrumb"},"inLanguage":"fr-FR","potentialAction":[{"@type":"ReadAction","target":["https:\/\/www.uni.lu\/fdef-fr\/nous-rejoindre\/"]}]},{"@type":"BreadcrumbList","@id":"https:\/\/www.uni.lu\/fdef-fr\/nous-rejoindre\/#breadcrumb","itemListElement":[{"@type":"ListItem","position":1,"name":"Home","item":"https:\/\/www.uni.lu\/fr"},{"@type":"ListItem","position":2,"name":"Facult\u00e9 de Droit, d\u2019\u00c9conomie et de Finance","item":"https:\/\/www.uni.lu\/fdef-fr\/"},{"@type":"ListItem","position":3,"name":"Nous rejoindre"}]},{"@type":"WebSite","@id":"https:\/\/www.uni.lu\/fdef-fr\/#website","url":"https:\/\/www.uni.lu\/fdef-fr\/","name":"FDEF","description":"Facult\u00e9 de Droit, d\u2019\u00c9conomie et de Finance I Uni.lu","publisher":{"@id":"https:\/\/www.uni.lu\/fdef-fr\/#organization"},"alternateName":"Facult\u00e9 de Droit, d\u2019\u00c9conomie et de Finance I Universit\u00e9 du Luxembourg","potentialAction":[{"@type":"SearchAction","target":{"@type":"EntryPoint","urlTemplate":"https:\/\/www.uni.lu\/fdef-fr\/?s={search_term_string}"},"query-input":"required name=search_term_string"}],"inLanguage":"fr-FR"},{"@type":"Organization","@id":"https:\/\/www.uni.lu\/fdef-fr\/#organization","name":"FDEF - Universit\u00e9 du Luxembourg I Uni.lu","alternateName":"Facult\u00e9 de Droit, d\u2019\u00c9conomie et de Finance","url":"https:\/\/www.uni.lu\/fdef-fr\/","logo":{"@type":"ImageObject","inLanguage":"fr-FR","@id":"https:\/\/www.uni.lu\/fdef-fr\/#\/schema\/logo\/image\/","url":"https:\/\/www.uni.lu\/wp-content\/uploads\/sites\/18\/2026\/03\/03111953\/FDEF_SM-Profile_1600x1600px-scaled.jpg","contentUrl":"https:\/\/www.uni.lu\/wp-content\/uploads\/sites\/18\/2026\/03\/03111953\/FDEF_SM-Profile_1600x1600px-scaled.jpg","width":2560,"height":2560,"caption":"FDEF - Universit\u00e9 du Luxembourg I Uni.lu"},"image":{"@id":"https:\/\/www.uni.lu\/fdef-fr\/#\/schema\/logo\/image\/"},"sameAs":["https:\/\/www.facebook.com\/uni.FDEF.lu","https:\/\/www.linkedin.com\/showcase\/fdef-uni-lu\/"]}]}},"ticketed":false,"_links":{"self":[{"href":"https:\/\/www.uni.lu\/fdef-fr\/wp-json\/wp\/v2\/pages\/667"}],"collection":[{"href":"https:\/\/www.uni.lu\/fdef-fr\/wp-json\/wp\/v2\/pages"}],"about":[{"href":"https:\/\/www.uni.lu\/fdef-fr\/wp-json\/wp\/v2\/types\/page"}],"author":[{"embeddable":true,"href":"https:\/\/www.uni.lu\/fdef-fr\/wp-json\/wp\/v2\/users\/39"}],"replies":[{"embeddable":true,"href":"https:\/\/www.uni.lu\/fdef-fr\/wp-json\/wp\/v2\/comments?post=667"}],"version-history":[{"count":5,"href":"https:\/\/www.uni.lu\/fdef-fr\/wp-json\/wp\/v2\/pages\/667\/revisions"}],"predecessor-version":[{"id":3360,"href":"https:\/\/www.uni.lu\/fdef-fr\/wp-json\/wp\/v2\/pages\/667\/revisions\/3360"}],"wp:authorship":[{"embeddable":true,"href":"https:\/\/www.uni.lu\/fdef-fr\/wp-json\/wp\/v2\/users\/39"}],"wp:attachment":[{"href":"https:\/\/www.uni.lu\/fdef-fr\/wp-json\/wp\/v2\/media?parent=667"}],"wp:term":[{"taxonomy":"field-of-interest","embeddable":true,"href":"https:\/\/www.uni.lu\/fdef-fr\/wp-json\/wp\/v2\/field-of-interest?post=667"},{"taxonomy":"organisation","embeddable":true,"href":"https:\/\/www.uni.lu\/fdef-fr\/wp-json\/wp\/v2\/organisation?post=667"}],"curies":[{"name":"wp","href":"https:\/\/api.w.org\/{rel}","templated":true}]}}