{"id":56108,"date":"2026-01-14T11:22:50","date_gmt":"2026-01-14T10:22:50","guid":{"rendered":"https:\/\/www.uni.lu\/en\/?page_id=56108"},"modified":"2026-04-23T09:54:11","modified_gmt":"2026-04-23T07:54:11","slug":"edc-projects","status":"publish","type":"page","link":"https:\/\/www.uni.lu\/en\/about\/partners-international-networks\/international-networks\/european-documentation-centre\/edc-projects\/","title":{"rendered":"EDC Projects"},"content":{"rendered":"<div class=\"section py-0 static\">\n<section class=\"py-0 wp-block-unilux-blocks-free-section section\"><div class=\"container xl:max-w-screen-xl\"><!-- SecondaryNavigationMirror --><div class=\"js-secondary-nav--sticky wp-block-unilux-blocks-secondary-navigation\" id=\"3f0ced71-fb3d-4f2c-8436-cfb494cb07bb\">\n    <nav id=\"secondary-navigation\" role=\"navigation\" aria-label=\"Secondary menu\" class=\"secondary-nav\">\n        <button class=\"secondary-nav__button btn btn-solid--primary w-full\" aria-expanded=\"false\" aria-controls=\"secondary-navigation__list\" title=\"The selected page is Our projects\" type=\"button\">\n            <span class=\"btn__name mr-auto\">Our projects<\/span>\n            <svg aria-hidden=\"true\" focusable=\"false\" class=\"icon icon-outline icon--xs\">\n                <use xlink:href=\"https:\/\/www.uni.lu\/wp-content\/themes\/unilux-theme\/assets\/images\/icons\/icons-outline.svg#icon--arrow-down\" \/>\n            <\/svg>\n        <\/button>\n\n        <ul id=\"secondary-navigation__list\" class=\"secondary-nav__list\">\n            <li class=\"secondary-nav__item\">\n    <a href=\"https:\/\/www.uni.lu\/en\/about\/partners-international-networks\/international-networks\/european-documentation-centre\/\" target=\"\" rel=\"noreferrer noopener\" class=\"secondary-nav__link \">\n        <svg aria-hidden=\"true\" focusable=\"false\" class=\"icon icon-outline icon--xs\">\n            <use xlink:href=\"https:\/\/www.uni.lu\/wp-content\/themes\/unilux-theme\/assets\/images\/icons\/icons-outline.svg#icon--arrow-right\" \/>\n        <\/svg>\n        <span class=\"secondary-nav__name\">Overview<\/span>\n    <\/a>\n<\/li>\n<li class=\"secondary-nav__item\">\n    <a href=\"https:\/\/www.uni.lu\/en\/about\/partners-international-networks\/international-networks\/european-documentation-centre\/about-edc\/\" target=\"\" rel=\"noreferrer noopener\" class=\"secondary-nav__link \">\n        <svg aria-hidden=\"true\" focusable=\"false\" class=\"icon icon-outline icon--xs\">\n            <use xlink:href=\"https:\/\/www.uni.lu\/wp-content\/themes\/unilux-theme\/assets\/images\/icons\/icons-outline.svg#icon--arrow-right\" \/>\n        <\/svg>\n        <span class=\"secondary-nav__name\">About<\/span>\n    <\/a>\n<\/li>\n<li class=\"secondary-nav__item\">\n    <a href=\"https:\/\/www.uni.lu\/en\/about\/partners-international-networks\/international-networks\/european-documentation-centre\/edc-partners\/\" target=\"\" rel=\"noreferrer noopener\" class=\"secondary-nav__link \">\n        <svg aria-hidden=\"true\" focusable=\"false\" class=\"icon icon-outline icon--xs\">\n            <use xlink:href=\"https:\/\/www.uni.lu\/wp-content\/themes\/unilux-theme\/assets\/images\/icons\/icons-outline.svg#icon--arrow-right\" \/>\n        <\/svg>\n        <span class=\"secondary-nav__name\">Our partners<\/span>\n    <\/a>\n<\/li>\n<li class=\"secondary-nav__item\">\n    <a href=\"https:\/\/www.uni.lu\/en\/about\/partners-international-networks\/international-networks\/european-documentation-centre\/edc-projects\/\" target=\"\" rel=\"noreferrer noopener\" class=\"secondary-nav__link isactived\" aria-current=\"page\">\n        <svg aria-hidden=\"true\" focusable=\"false\" class=\"icon icon-outline icon--xs\">\n            <use xlink:href=\"https:\/\/www.uni.lu\/wp-content\/themes\/unilux-theme\/assets\/images\/icons\/icons-outline.svg#icon--arrow-right\" \/>\n        <\/svg>\n        <span class=\"secondary-nav__name\">Our projects<\/span>\n    <\/a>\n<\/li>\n<li class=\"secondary-nav__item\">\n    <a href=\"https:\/\/www.uni.lu\/en\/about\/partners-international-networks\/international-networks\/european-documentation-centre\/edc-publications\/\" target=\"\" rel=\"noreferrer noopener\" class=\"secondary-nav__link \">\n        <svg aria-hidden=\"true\" focusable=\"false\" class=\"icon icon-outline icon--xs\">\n            <use xlink:href=\"https:\/\/www.uni.lu\/wp-content\/themes\/unilux-theme\/assets\/images\/icons\/icons-outline.svg#icon--arrow-right\" \/>\n        <\/svg>\n        <span class=\"secondary-nav__name\">Publications<\/span>\n    <\/a>\n<\/li>\n<li class=\"secondary-nav__item\">\n    <a href=\"https:\/\/www.uni.lu\/en\/about\/partners-international-networks\/international-networks\/european-documentation-centre\/contact\/\" target=\"\" rel=\"noreferrer noopener\" class=\"secondary-nav__link \">\n        <svg aria-hidden=\"true\" focusable=\"false\" class=\"icon icon-outline icon--xs\">\n            <use xlink:href=\"https:\/\/www.uni.lu\/wp-content\/themes\/unilux-theme\/assets\/images\/icons\/icons-outline.svg#icon--arrow-right\" \/>\n        <\/svg>\n        <span class=\"secondary-nav__name\">Contact<\/span>\n    <\/a>\n<\/li>\n        <\/ul>\n    <\/nav>\n<\/div>\n<!-- end SecondaryNavigationMirror --><\/div><\/section>\n\n\n\n<section class=\"wp-block-unilux-blocks-free-section section\"><div class=\"container xl:max-w-screen-xl\">\n<h1 class=\"has-text-align-left wp-block-unilux-blocks-heading\"        id=\"our-projects\"\n    >\nOur projects<\/h1>\n\n\n\n<h4 class=\"has-text-align-left wp-block-unilux-blocks-heading\"        id=\"april-2026\"\n    >\nApril 2026<\/h4>\n\n\n\n<ul class=\"ulux-list\">\n<li class=\"ulux-list-item\"><a href=\"https:\/\/www.uni.lu\/en\/news\/edc-unilu-promotes-eu-talenton-2026\/\">EDC-UNILU promotes EU TalentOn 2026 (23 April)<\/a><\/li>\n\n\n\n<li class=\"ulux-list-item\"><a href=\"https:\/\/www.uni.lu\/fr\/events\/literatour-2026-itineraires-luxembourgeois-et-europeens-pierre-werner\/\">LiteraTour 2026: Itin\u00e9raires luxembourgeois et europ\u00e9ens \u2013 Pierre Werner (22 avril)<\/a><\/li>\n\n\n\n<li class=\"ulux-list-item\"><a href=\"https:\/\/www.uni.lu\/en\/news\/14th-anniversary-of-the-european-citizens-initiative\/\">14th anniversary of the European Citizens\u2019 Initiative (1 April)<\/a><\/li>\n<\/ul>\n\n\n\n<h4 class=\"has-text-align-left wp-block-unilux-blocks-heading\"        id=\"march-2026\"\n    >\nMarch 2026<\/h4>\n\n\n\n<ul class=\"ulux-list\">\n<li class=\"ulux-list-item\"><a href=\"https:\/\/www.uni.lu\/fr\/events\/la-grande-region-et-son-futur-vers-un-traite-international-pour-la-grande-region\/\">Mois de l\u2018Europe \u00e0 Esch-sur-Alzette: &#8221; La Grande R\u00e9gion et son futur &#8211; vers un Trait\u00e9 international pour la Grande R\u00e9gion ? &#8221; (31 mars)<\/a><\/li>\n\n\n\n<li class=\"ulux-list-item\"><a href=\"https:\/\/www.uni.lu\/fr\/events\/28e-rencontres-europeennes-de-luxembourg\/\">RELUX: L&#8217;Union europ\u00e9enne face aux nouveaux d\u00e9fis g\u00e9opolitiques (13 mars)<\/a><\/li>\n<\/ul>\n\n\n\n<h4 class=\"has-text-align-left wp-block-unilux-blocks-heading\"        id=\"february-2026\"\n    >\nFebruary 2026<\/h4>\n\n\n\n<ul class=\"ulux-list\">\n<li class=\"ulux-list-item\"><a href=\"https:\/\/www.uni.lu\/en\/events\/exhibition-opening-pierre-werner-a-life-dedicated-to-luxembourg-and-europe\/\">Exhibition opening: Pierre Werner \u2013 A life dedicated to Luxembourg and Europe (24 February)<\/a><\/li>\n\n\n\n<li class=\"ulux-list-item\"><a href=\"https:\/\/www.uni.lu\/en\/events\/who-manages-eurozone-crises-the-european-stability-mechanism-in-perspective\/\">Who manages Eurozone crises? The European Stability Mechanism in perspective (24 February)<\/a><\/li>\n\n\n\n<li class=\"ulux-list-item\"><a href=\"https:\/\/www.uni.lu\/en\/news\/15-years-since-the-first-eci-regulation\/\">15 years since the first ECI Regulation (16 February)<\/a><\/li>\n\n\n\n<li class=\"ulux-list-item\"><a href=\"https:\/\/www.uni.lu\/en\/news\/european-citizens-initiative-eci-ambassadors-network-1st-meeting-for-the-year-2026\/\">European Citizens Initiative (ECI) Ambassadors Network \u2013 1st&nbsp;meeting for the year 2026<\/a><\/li>\n\n\n\n<li class=\"ulux-list-item\"><a href=\"https:\/\/www.uni.lu\/fr\/events\/regards-sur-loeuvre-de-pierre-werner\/\">Regards sur l&#8217;\u0153uvre de Pierre Werner (4 f\u00e9vrier)<\/a><\/li>\n<\/ul>\n\n\n\n<h4 class=\"has-text-align-left wp-block-unilux-blocks-heading\"        id=\"january-2026\"\n    >\nJanuary 2026<\/h4>\n\n\n\n<ul class=\"ulux-list\">\n<li class=\"ulux-list-item\"><a href=\"https:\/\/www.uni.lu\/fr\/news\/cde-unilu-accueille-mme-bernadette-marthoz-geradin-et-dr-etienne-deschamps\/\">CDE-UNILU accueille&nbsp;Mme Bernadette Marthoz-G\u00e9radin&nbsp;et&nbsp;Dr \u00c9tienne Deschamps (29 janvier)<\/a><\/li>\n\n\n\n<li class=\"ulux-list-item\"><a href=\"https:\/\/www.uni.lu\/en\/news\/signing-of-the-agreement-between-the-university-of-luxembourg-and-the-european-commission-on-the-establishment-of-the-european-documentation-centre-at-the-university-of-luxembourg-edc-unilu\/\">Signing of the Agreement between the University of Luxembourg and the European Commission on the establishment of the European Documentation Centre at the University of Luxembourg (28 January)<\/a><\/li>\n\n\n\n<li class=\"ulux-list-item\"><a href=\"https:\/\/www.uni.lu\/fr\/news\/in-memoriam-madame-colette-flesch-16-avril-1937-21-janvier-2026\/\">In memoriam Madame Colette Flesch (16 avril 1937 \u2013 21 janvier 2026)<\/a><\/li>\n\n\n\n<li class=\"ulux-list-item\"><a href=\"https:\/\/www.uni.lu\/en\/news\/the-european-documentation-centre-at-the-university-of-luxembourg-supports-a-stem-cell-donation-initiative\/\">The European Documentation Centre at the University of Luxembourg supports a stem cell donation initiative (21 January)<\/a><\/li>\n<\/ul>\n<\/div><\/section>\n<\/div>","protected":false},"excerpt":{"rendered":"","protected":false},"author":327,"featured_media":55985,"parent":55982,"menu_order":0,"comment_status":"closed","ping_status":"closed","template":"","meta":{"featured_image_focal_point":[],"show_featured_caption":false,"ulux_newsletter_groups":"","uluxPostTitle":"European Documentation Centre","uluxPrePostTitle":"About","_trash_the_other_posts":false,"_price":"","_stock":"","_tribe_ticket_header":"","_tribe_default_ticket_provider":"","_tribe_ticket_capacity":"0","_ticket_start_date":"","_ticket_end_date":"","_tribe_ticket_show_description":"","_tribe_ticket_show_not_going":false,"_tribe_ticket_use_global_stock":"","_tribe_ticket_global_stock_level":"","_global_stock_mode":"","_global_stock_cap":"","_tribe_rsvp_for_event":"","_tribe_ticket_going_count":"","_tribe_ticket_not_going_count":"","_tribe_tickets_list":"[]","_tribe_ticket_has_attendee_info_fields":false,"footnotes":""},"field-of-interest":[],"organisation":[],"authorship":[292,327,33],"acf":[],"yoast_head":"<!-- This site is optimized with the Yoast SEO Premium plugin v22.3 (Yoast SEO v22.3) - https:\/\/yoast.com\/wordpress\/plugins\/seo\/ -->\n<title>Europe Direct Uni.lu EDC Projects - University of Luxembourg<\/title>\n<meta name=\"description\" content=\"EDC-UNILU promotes EU TalentOn 2026 (23 April) LiteraTour 2026: Itin\u00e9raires luxembourgeois et europ\u00e9ens \u2013 Pierre Werner (22 avril) 14th anniversary of the\" \/>\n<meta name=\"robots\" content=\"index, follow, max-snippet:-1, max-image-preview:large, max-video-preview:-1\" \/>\n<link rel=\"canonical\" href=\"https:\/\/www.uni.lu\/en\/about\/partners-international-networks\/international-networks\/european-documentation-centre\/edc-projects\/\" \/>\n<meta property=\"og:locale\" content=\"en_GB\" \/>\n<meta property=\"og:type\" content=\"article\" \/>\n<meta property=\"og:title\" content=\"EDC Projects\" \/>\n<meta property=\"og:description\" content=\"EDC-UNILU promotes EU TalentOn 2026 (23 April) LiteraTour 2026: Itin\u00e9raires luxembourgeois et europ\u00e9ens \u2013 Pierre Werner (22 avril) 14th anniversary of the\" \/>\n<meta property=\"og:url\" content=\"https:\/\/www.uni.lu\/en\/about\/partners-international-networks\/international-networks\/european-documentation-centre\/edc-projects\/\" \/>\n<meta property=\"og:site_name\" content=\"UNI EN\" \/>\n<meta property=\"article:publisher\" content=\"https:\/\/www.facebook.com\/uni.lu\" \/>\n<meta property=\"article:modified_time\" content=\"2026-04-23T07:54:11+00:00\" \/>\n<meta property=\"og:image\" content=\"https:\/\/www.uni.lu\/wp-content\/uploads\/sites\/9\/2026\/01\/12085356\/EDC-logo_H.png\" \/>\n\t<meta property=\"og:image:width\" content=\"1920\" \/>\n\t<meta property=\"og:image:height\" content=\"1080\" \/>\n\t<meta property=\"og:image:type\" content=\"image\/png\" \/>\n<meta name=\"twitter:card\" content=\"summary_large_image\" \/>\n<meta name=\"twitter:label1\" content=\"Estimated reading time\" \/>\n\t<meta name=\"twitter:data1\" content=\"1 minute\" \/>\n<script type=\"application\/ld+json\" class=\"yoast-schema-graph\">{\"@context\":\"https:\/\/schema.org\",\"@graph\":[{\"@type\":\"WebPage\",\"@id\":\"https:\/\/www.uni.lu\/en\/about\/partners-international-networks\/international-networks\/european-documentation-centre\/edc-projects\/\",\"url\":\"https:\/\/www.uni.lu\/en\/about\/partners-international-networks\/international-networks\/european-documentation-centre\/edc-projects\/\",\"name\":\"Europe Direct Uni.lu EDC Projects - University of Luxembourg\",\"isPartOf\":{\"@id\":\"https:\/\/www.uni.lu\/en\/#website\"},\"primaryImageOfPage\":{\"@id\":\"https:\/\/www.uni.lu\/en\/about\/partners-international-networks\/international-networks\/european-documentation-centre\/edc-projects\/#primaryimage\"},\"image\":{\"@id\":\"https:\/\/www.uni.lu\/en\/about\/partners-international-networks\/international-networks\/european-documentation-centre\/edc-projects\/#primaryimage\"},\"thumbnailUrl\":\"https:\/\/www.uni.lu\/wp-content\/uploads\/sites\/9\/2026\/01\/12085356\/EDC-logo_H.png\",\"datePublished\":\"2026-01-14T10:22:50+00:00\",\"dateModified\":\"2026-04-23T07:54:11+00:00\",\"description\":\"EDC-UNILU promotes EU TalentOn 2026 (23 April) LiteraTour 2026: Itin\u00e9raires luxembourgeois et europ\u00e9ens \u2013 Pierre Werner (22 avril) 14th anniversary of the\",\"breadcrumb\":{\"@id\":\"https:\/\/www.uni.lu\/en\/about\/partners-international-networks\/international-networks\/european-documentation-centre\/edc-projects\/#breadcrumb\"},\"inLanguage\":\"en-GB\",\"potentialAction\":[{\"@type\":\"ReadAction\",\"target\":[\"https:\/\/www.uni.lu\/en\/about\/partners-international-networks\/international-networks\/european-documentation-centre\/edc-projects\/\"]}]},{\"@type\":\"ImageObject\",\"inLanguage\":\"en-GB\",\"@id\":\"https:\/\/www.uni.lu\/en\/about\/partners-international-networks\/international-networks\/european-documentation-centre\/edc-projects\/#primaryimage\",\"url\":\"https:\/\/www.uni.lu\/wp-content\/uploads\/sites\/9\/2026\/01\/12085356\/EDC-logo_H.png\",\"contentUrl\":\"https:\/\/www.uni.lu\/wp-content\/uploads\/sites\/9\/2026\/01\/12085356\/EDC-logo_H.png\",\"width\":1920,\"height\":1080},{\"@type\":\"BreadcrumbList\",\"@id\":\"https:\/\/www.uni.lu\/en\/about\/partners-international-networks\/international-networks\/european-documentation-centre\/edc-projects\/#breadcrumb\",\"itemListElement\":[{\"@type\":\"ListItem\",\"position\":1,\"name\":\"Home\",\"item\":\"https:\/\/www.uni.lu\/en\/\"},{\"@type\":\"ListItem\",\"position\":2,\"name\":\"About\",\"item\":\"https:\/\/www.uni.lu\/en\/about\/\"},{\"@type\":\"ListItem\",\"position\":3,\"name\":\"Partners and international networks\",\"item\":\"https:\/\/www.uni.lu\/en\/about\/partners-international-networks\/\"},{\"@type\":\"ListItem\",\"position\":4,\"name\":\"International Networks\",\"item\":\"https:\/\/www.uni.lu\/en\/about\/partners-international-networks\/international-networks\/\"},{\"@type\":\"ListItem\",\"position\":5,\"name\":\"European Documentation Centre\",\"item\":\"https:\/\/www.uni.lu\/en\/about\/partners-international-networks\/international-networks\/european-documentation-centre\/\"},{\"@type\":\"ListItem\",\"position\":6,\"name\":\"EDC Projects\"}]},{\"@type\":\"WebSite\",\"@id\":\"https:\/\/www.uni.lu\/en\/#website\",\"url\":\"https:\/\/www.uni.lu\/en\/\",\"name\":\"Uni.lu\",\"description\":\"University of Luxembourg\",\"publisher\":{\"@id\":\"https:\/\/www.uni.lu\/en\/#organization\"},\"alternateName\":\"University of Luxembourg\",\"potentialAction\":[{\"@type\":\"SearchAction\",\"target\":{\"@type\":\"EntryPoint\",\"urlTemplate\":\"https:\/\/www.uni.lu\/en\/?s={search_term_string}\"},\"query-input\":\"required name=search_term_string\"}],\"inLanguage\":\"en-GB\"},{\"@type\":\"Organization\",\"@id\":\"https:\/\/www.uni.lu\/en\/#organization\",\"name\":\"University of Luxembourg\",\"alternateName\":\"Uni.lu\",\"url\":\"https:\/\/www.uni.lu\/en\/\",\"logo\":{\"@type\":\"ImageObject\",\"inLanguage\":\"en-GB\",\"@id\":\"https:\/\/www.uni.lu\/en\/#\/schema\/logo\/image\/\",\"url\":\"https:\/\/www.uni.lu\/wp-content\/uploads\/sites\/9\/2026\/03\/03120157\/UNIV_SM-Profile_1600x1600px-scaled.jpg\",\"contentUrl\":\"https:\/\/www.uni.lu\/wp-content\/uploads\/sites\/9\/2026\/03\/03120157\/UNIV_SM-Profile_1600x1600px-scaled.jpg\",\"width\":2560,\"height\":2560,\"caption\":\"University of Luxembourg\"},\"image\":\"https:\/\/www.uni.lu\/wp-content\/uploads\/sites\/9\/2023\/06\/virtual.jpg\",\"sameAs\":[\"https:\/\/www.facebook.com\/uni.lu\",\"https:\/\/www.linkedin.com\/school\/university-of-luxembourg\/\",\"https:\/\/www.instagram.com\/uni.lu\",\"https:\/\/www.youtube.com\/@uni_lu\",\"https:\/\/en.wikipedia.org\/wiki\/University_of_Luxembourg\"],\"email\":\"communication@uni.lu\",\"telephone\":\"+352 46 66 44 1\",\"address\":{\"@type\":\"PostalAddress\",\"streetAddress\":\"2, place de l\u2019Universit\u00e9\",\"addressLocality\":\"Esch-sur-Alzette\",\"postalCode\":\"4365\",\"addressCountry\":\"LU\"},\"description\":\"University of Luxembourg\"}]}<\/script>\n<!-- \/ Yoast SEO Premium plugin. -->","yoast_head_json":{"title":"Europe Direct Uni.lu EDC Projects - University of Luxembourg","description":"EDC-UNILU promotes EU TalentOn 2026 (23 April) LiteraTour 2026: Itin\u00e9raires luxembourgeois et europ\u00e9ens \u2013 Pierre Werner (22 avril) 14th anniversary of the","robots":{"index":"index","follow":"follow","max-snippet":"max-snippet:-1","max-image-preview":"max-image-preview:large","max-video-preview":"max-video-preview:-1"},"canonical":"https:\/\/www.uni.lu\/en\/about\/partners-international-networks\/international-networks\/european-documentation-centre\/edc-projects\/","og_locale":"en_GB","og_type":"article","og_title":"EDC Projects","og_description":"EDC-UNILU promotes EU TalentOn 2026 (23 April) LiteraTour 2026: Itin\u00e9raires luxembourgeois et europ\u00e9ens \u2013 Pierre Werner (22 avril) 14th anniversary of the","og_url":"https:\/\/www.uni.lu\/en\/about\/partners-international-networks\/international-networks\/european-documentation-centre\/edc-projects\/","og_site_name":"UNI EN","article_publisher":"https:\/\/www.facebook.com\/uni.lu","article_modified_time":"2026-04-23T07:54:11+00:00","og_image":[{"width":1920,"height":1080,"url":"https:\/\/www.uni.lu\/wp-content\/uploads\/sites\/9\/2026\/01\/12085356\/EDC-logo_H.png","type":"image\/png"}],"twitter_card":"summary_large_image","twitter_misc":{"Estimated reading time":"1 minute"},"schema":{"@context":"https:\/\/schema.org","@graph":[{"@type":"WebPage","@id":"https:\/\/www.uni.lu\/en\/about\/partners-international-networks\/international-networks\/european-documentation-centre\/edc-projects\/","url":"https:\/\/www.uni.lu\/en\/about\/partners-international-networks\/international-networks\/european-documentation-centre\/edc-projects\/","name":"Europe Direct Uni.lu EDC Projects - University of Luxembourg","isPartOf":{"@id":"https:\/\/www.uni.lu\/en\/#website"},"primaryImageOfPage":{"@id":"https:\/\/www.uni.lu\/en\/about\/partners-international-networks\/international-networks\/european-documentation-centre\/edc-projects\/#primaryimage"},"image":{"@id":"https:\/\/www.uni.lu\/en\/about\/partners-international-networks\/international-networks\/european-documentation-centre\/edc-projects\/#primaryimage"},"thumbnailUrl":"https:\/\/www.uni.lu\/wp-content\/uploads\/sites\/9\/2026\/01\/12085356\/EDC-logo_H.png","datePublished":"2026-01-14T10:22:50+00:00","dateModified":"2026-04-23T07:54:11+00:00","description":"EDC-UNILU promotes EU TalentOn 2026 (23 April) LiteraTour 2026: Itin\u00e9raires luxembourgeois et europ\u00e9ens \u2013 Pierre Werner (22 avril) 14th anniversary of the","breadcrumb":{"@id":"https:\/\/www.uni.lu\/en\/about\/partners-international-networks\/international-networks\/european-documentation-centre\/edc-projects\/#breadcrumb"},"inLanguage":"en-GB","potentialAction":[{"@type":"ReadAction","target":["https:\/\/www.uni.lu\/en\/about\/partners-international-networks\/international-networks\/european-documentation-centre\/edc-projects\/"]}]},{"@type":"ImageObject","inLanguage":"en-GB","@id":"https:\/\/www.uni.lu\/en\/about\/partners-international-networks\/international-networks\/european-documentation-centre\/edc-projects\/#primaryimage","url":"https:\/\/www.uni.lu\/wp-content\/uploads\/sites\/9\/2026\/01\/12085356\/EDC-logo_H.png","contentUrl":"https:\/\/www.uni.lu\/wp-content\/uploads\/sites\/9\/2026\/01\/12085356\/EDC-logo_H.png","width":1920,"height":1080},{"@type":"BreadcrumbList","@id":"https:\/\/www.uni.lu\/en\/about\/partners-international-networks\/international-networks\/european-documentation-centre\/edc-projects\/#breadcrumb","itemListElement":[{"@type":"ListItem","position":1,"name":"Home","item":"https:\/\/www.uni.lu\/en\/"},{"@type":"ListItem","position":2,"name":"About","item":"https:\/\/www.uni.lu\/en\/about\/"},{"@type":"ListItem","position":3,"name":"Partners and international networks","item":"https:\/\/www.uni.lu\/en\/about\/partners-international-networks\/"},{"@type":"ListItem","position":4,"name":"International Networks","item":"https:\/\/www.uni.lu\/en\/about\/partners-international-networks\/international-networks\/"},{"@type":"ListItem","position":5,"name":"European Documentation Centre","item":"https:\/\/www.uni.lu\/en\/about\/partners-international-networks\/international-networks\/european-documentation-centre\/"},{"@type":"ListItem","position":6,"name":"EDC Projects"}]},{"@type":"WebSite","@id":"https:\/\/www.uni.lu\/en\/#website","url":"https:\/\/www.uni.lu\/en\/","name":"Uni.lu","description":"University of Luxembourg","publisher":{"@id":"https:\/\/www.uni.lu\/en\/#organization"},"alternateName":"University of Luxembourg","potentialAction":[{"@type":"SearchAction","target":{"@type":"EntryPoint","urlTemplate":"https:\/\/www.uni.lu\/en\/?s={search_term_string}"},"query-input":"required name=search_term_string"}],"inLanguage":"en-GB"},{"@type":"Organization","@id":"https:\/\/www.uni.lu\/en\/#organization","name":"University of Luxembourg","alternateName":"Uni.lu","url":"https:\/\/www.uni.lu\/en\/","logo":{"@type":"ImageObject","inLanguage":"en-GB","@id":"https:\/\/www.uni.lu\/en\/#\/schema\/logo\/image\/","url":"https:\/\/www.uni.lu\/wp-content\/uploads\/sites\/9\/2026\/03\/03120157\/UNIV_SM-Profile_1600x1600px-scaled.jpg","contentUrl":"https:\/\/www.uni.lu\/wp-content\/uploads\/sites\/9\/2026\/03\/03120157\/UNIV_SM-Profile_1600x1600px-scaled.jpg","width":2560,"height":2560,"caption":"University of Luxembourg"},"image":"https:\/\/www.uni.lu\/wp-content\/uploads\/sites\/9\/2023\/06\/virtual.jpg","sameAs":["https:\/\/www.facebook.com\/uni.lu","https:\/\/www.linkedin.com\/school\/university-of-luxembourg\/","https:\/\/www.instagram.com\/uni.lu","https:\/\/www.youtube.com\/@uni_lu","https:\/\/en.wikipedia.org\/wiki\/University_of_Luxembourg"],"email":"communication@uni.lu","telephone":"+352 46 66 44 1","address":{"@type":"PostalAddress","streetAddress":"2, place de l\u2019Universit\u00e9","addressLocality":"Esch-sur-Alzette","postalCode":"4365","addressCountry":"LU"},"description":"University of Luxembourg"}]}},"ticketed":false,"_links":{"self":[{"href":"https:\/\/www.uni.lu\/en\/wp-json\/wp\/v2\/pages\/56108"}],"collection":[{"href":"https:\/\/www.uni.lu\/en\/wp-json\/wp\/v2\/pages"}],"about":[{"href":"https:\/\/www.uni.lu\/en\/wp-json\/wp\/v2\/types\/page"}],"author":[{"embeddable":true,"href":"https:\/\/www.uni.lu\/en\/wp-json\/wp\/v2\/users\/327"}],"replies":[{"embeddable":true,"href":"https:\/\/www.uni.lu\/en\/wp-json\/wp\/v2\/comments?post=56108"}],"version-history":[{"count":5,"href":"https:\/\/www.uni.lu\/en\/wp-json\/wp\/v2\/pages\/56108\/revisions"}],"predecessor-version":[{"id":60385,"href":"https:\/\/www.uni.lu\/en\/wp-json\/wp\/v2\/pages\/56108\/revisions\/60385"}],"up":[{"embeddable":true,"href":"https:\/\/www.uni.lu\/en\/wp-json\/wp\/v2\/pages\/55982"}],"wp:authorship":[{"embeddable":true,"href":"https:\/\/www.uni.lu\/en\/wp-json\/wp\/v2\/users\/292"},{"embeddable":true,"href":"https:\/\/www.uni.lu\/en\/wp-json\/wp\/v2\/users\/327"},{"embeddable":true,"href":"https:\/\/www.uni.lu\/en\/wp-json\/wp\/v2\/users\/33"}],"wp:featuredmedia":[{"embeddable":true,"href":"https:\/\/www.uni.lu\/en\/wp-json\/wp\/v2\/media\/55985"}],"wp:attachment":[{"href":"https:\/\/www.uni.lu\/en\/wp-json\/wp\/v2\/media?parent=56108"}],"wp:term":[{"taxonomy":"field-of-interest","embeddable":true,"href":"https:\/\/www.uni.lu\/en\/wp-json\/wp\/v2\/field-of-interest?post=56108"},{"taxonomy":"organisation","embeddable":true,"href":"https:\/\/www.uni.lu\/en\/wp-json\/wp\/v2\/organisation?post=56108"}],"curies":[{"name":"wp","href":"https:\/\/api.w.org\/{rel}","templated":true}]}}