{"id":13102,"date":"2023-08-24T19:27:36","date_gmt":"2023-08-24T17:27:36","guid":{"rendered":"https:\/\/www.uni.lu\/en\/?page_id=13102"},"modified":"2026-02-11T09:18:37","modified_gmt":"2026-02-11T08:18:37","slug":"diploma-recognition","status":"publish","type":"page","link":"https:\/\/www.uni.lu\/en\/admissions\/diploma-recognition\/","title":{"rendered":"Diploma recognition"},"content":{"rendered":"\n<section class=\"py-0 wp-block-unilux-blocks-free-section section\"><div class=\"container xl:max-w-screen-xl\">\n<h1 class=\"has-text-align-left wp-block-unilux-blocks-heading\"        id=\"diploma-recognition\"\n    >\nDiploma recognition<\/h1>\n\n\n\n<div class=\"wp-block-unilux-blocks-accordion accordion accordion--theme accordion-standard\" data-reference=\"91caed9f-6732-4c3d-97e3-138be745ed49\" data-accordion-type=\"standard\"><div class=\"accordion__item  wp-block-unilux-blocks-accordion-item\">\n    <h3 class=\"accordion__header\"\n                    id=\"application-for-bachelors-programmes\"\n        >\n        <button\n            type=\"button\"\n            id=\"accordion-labelledby-c979b9a5-a529-4dc9-a266-91d287c8be9a\"\n            class=\"accordion__button collapsed\"\n            aria-expanded=\"false\"\n            aria-controls=\"accordion-panel-c979b9a5-a529-4dc9-a266-91d287c8be9a\"\n            data-bs-toggle=\"collapse\"\n            data-bs-target=\"#accordion-panel-c979b9a5-a529-4dc9-a266-91d287c8be9a\"\n        >\n            <span class=\"accordion__title\">\n                                Application for Bachelor&#8217;s Programmes            <\/span>\n\n            <svg aria-hidden=\"true\" focusable=\"false\" class=\"icon icon-outline icon--arrow-down \"><use xlink:href=\"https:\/\/www.uni.lu\/wp-content\/themes\/unilux-theme\/assets\/images\/icons\/icons-outline.svg#icon--arrow-down\"><\/use><\/svg>        <\/button>\n    <\/h3>\n    <div id=\"accordion-panel-c979b9a5-a529-4dc9-a266-91d287c8be9a\"\n        class=\"accordion__collapse collapse\"\n        aria-labelledby=\"accordion-labelledby-c979b9a5-a529-4dc9-a266-91d287c8be9a\"\n        data-bs-parent=\"[data-reference=&quot;91caed9f-6732-4c3d-97e3-138be745ed49&quot;]\"\n    >\n        <div class=\"accordion__body \">\n            \n<h2 class=\"has-text-align-left wp-block-unilux-blocks-heading\"        id=\"recognition-of-secondary-school-leaving-certificates-equivalence-of-diplomas\"\n    >\nRecognition of secondary school leaving certificates (equivalence of diplomas)<\/h2>\n\n<p>Any Bachelor\u2019s applicant holding a secondary school diploma not issued by the Luxembourg Ministry of Education must submit a&nbsp;<strong>request for recognition of the equivalence of their diploma<\/strong>&nbsp;to the Luxembourg Ministry of Education, Children and Youth. <\/p>\n\n<h3 class=\"has-text-align-left wp-block-unilux-blocks-heading\"        id=\"who-is-concerned\"\n    >\nWho is concerned?<\/h3>\n\n<ul class=\"ulux-list\">\n<li class=\"ulux-list-item\">Any applicant holding the following diplomas:\n<ul class=\"ulux-list\">\n<li class=\"ulux-list-item\">International Baccalaureate<\/li>\n\n\n\n<li class=\"ulux-list-item\">International General Certificate of Secondary Education (IGCSE), AS-Levels and A-Levels<\/li>\n\n\n\n<li class=\"ulux-list-item\">Any diploma not issued by the Ministry of Education, Children and Youth (e.g. a French or US diploma)<\/li>\n<\/ul>\n<\/li>\n<\/ul>\n\n<ul class=\"ulux-list\">\n<li class=\"ulux-list-item\">Any applicant from the following secondary schools in Luxembourg, which do not follow the official curriculum of the Luxembourg Ministry of Education:\n<ul class=\"ulux-list\">\n<li class=\"ulux-list-item\">International School (International Baccalaureate)<\/li>\n\n\n\n<li class=\"ulux-list-item\">\u00c9cole priv\u00e9e Grandjean <\/li>\n\n\n\n<li class=\"ulux-list-item\">St-George&#8217;s International School <\/li>\n\n\n\n<li class=\"ulux-list-item\">Lyc\u00e9e fran\u00e7ais du Luxembourg (Vauban) <\/li>\n\n\n\n<li class=\"ulux-list-item\">Fr\u00e4i-\u00ebffentlech-Waldorfschoul L\u00ebtzebuerg <\/li>\n\n\n\n<li class=\"ulux-list-item\">OTR International School <\/li>\n\n\n\n<li class=\"ulux-list-item\">Other schools may also be concerned, depending on their curriculum<\/li>\n<\/ul>\n<\/li>\n<\/ul>\n\n<ul class=\"ulux-list\">\n<li class=\"ulux-list-item\">Any applicant with a secondary school certificate from an institution in one of the signatory countries of the Paris Convention on the Recognition of Diplomas or the Lisbon Recognition Convention.<\/li>\n\n\n\n<li class=\"ulux-list-item\">Any applicant with a secondary school certificate from a European Union Member State.<\/li>\n\n\n\n<li class=\"ulux-list-item\">Any applicant with a diploma obtained outside the EU\/EEA.<\/li>\n<\/ul>\n\n<p><strong>Note: <\/strong>This procedure requires applicants to be in possession of a secondary school certificate of achievement or diploma.<\/p>\n\n<ul class=\"wp-block-unilux-blocks-button-list-v2\">\n<li class=\"wp-block-unilux-blocks-button-list-item-v2\"><a class=\"quick-link\" href=\"https:\/\/guichet.public.lu\/en\/citoyens\/famille-education\/enseignement-secondaire\/jeune-recemment-arrive-pays\/reconnaissance-etudes\/reconnaissance-bac-maturite.html\" target=\"_blank\" role=\"link\" rel=\"noopener\" tabindex=\"0\"><span class=\"quick-link__container\">\n<div class=\"wp-block-unilux-blocks-block-inserter quick-link__img\">\n<div class=\"icon--primary icon--secondary-2 icon--xl wp-block-unilux-blocks-icon-picker\">\n    <svg aria-hidden=\"true\" focusable=\"false\" class=\"icon icon-outline icon--register \"><use xlink:href=\"https:\/\/www.uni.lu\/wp-content\/themes\/unilux-theme\/assets\/images\/icons\/icons-outline.svg#icon--register\"><\/use><\/svg><\/div><\/div>\n\n\n\n<span class=\"quick-link__name wp-block-unilux-blocks-plain-text\">Apply for recognition of your secondary school leaving certificate (equivalence)<\/span>\n\n<svg aria-hidden=\"true\" focusable=\"false\" class=\"icon icon-outline icon--external-link \"><use xlink:href=\"https:\/\/www.uni.lu\/wp-content\/themes\/unilux-theme\/assets\/images\/icons\/icons-outline.svg#icon--external-link\"><\/use><\/svg><\/span><\/a><\/li>\n\n\n\n<li class=\"wp-block-unilux-blocks-button-list-item-v2\"><a class=\"quick-link\" href=\"mailto:reconnaissance@men.lu\" target=\"\" role=\"link\" rel=\"noopener\" tabindex=\"0\"><span class=\"quick-link__container\">\n<div class=\"wp-block-unilux-blocks-block-inserter quick-link__img\">\n<div class=\"icon--primary icon--secondary-2 icon--xl wp-block-unilux-blocks-icon-picker\">\n    <svg aria-hidden=\"true\" focusable=\"false\" class=\"icon icon-outline icon--email \"><use xlink:href=\"https:\/\/www.uni.lu\/wp-content\/themes\/unilux-theme\/assets\/images\/icons\/icons-outline.svg#icon--email\"><\/use><\/svg><\/div><\/div>\n\n\n\n<span class=\"quick-link__name wp-block-unilux-blocks-plain-text\">Contact the Luxembourg Ministry of Education<\/span>\n\n<svg aria-hidden=\"true\" focusable=\"false\" class=\"icon icon-outline icon--external-link \"><use xlink:href=\"https:\/\/www.uni.lu\/wp-content\/themes\/unilux-theme\/assets\/images\/icons\/icons-outline.svg#icon--external-link\"><\/use><\/svg><\/span><\/a><\/li>\n<\/ul>\n        <\/div>\n    <\/div>\n<\/div>\n\n<div class=\"accordion__item  wp-block-unilux-blocks-accordion-item\">\n    <h3 class=\"accordion__header\"\n                    id=\"application-for-masters-programmes\"\n        >\n        <button\n            type=\"button\"\n            id=\"accordion-labelledby-b0b60371-3125-4b03-b8d3-9fc488d960e1\"\n            class=\"accordion__button collapsed\"\n            aria-expanded=\"false\"\n            aria-controls=\"accordion-panel-b0b60371-3125-4b03-b8d3-9fc488d960e1\"\n            data-bs-toggle=\"collapse\"\n            data-bs-target=\"#accordion-panel-b0b60371-3125-4b03-b8d3-9fc488d960e1\"\n        >\n            <span class=\"accordion__title\">\n                                Application for Master&#8217;s Programmes            <\/span>\n\n            <svg aria-hidden=\"true\" focusable=\"false\" class=\"icon icon-outline icon--arrow-down \"><use xlink:href=\"https:\/\/www.uni.lu\/wp-content\/themes\/unilux-theme\/assets\/images\/icons\/icons-outline.svg#icon--arrow-down\"><\/use><\/svg>        <\/button>\n    <\/h3>\n    <div id=\"accordion-panel-b0b60371-3125-4b03-b8d3-9fc488d960e1\"\n        class=\"accordion__collapse collapse\"\n        aria-labelledby=\"accordion-labelledby-b0b60371-3125-4b03-b8d3-9fc488d960e1\"\n        data-bs-parent=\"[data-reference=&quot;91caed9f-6732-4c3d-97e3-138be745ed49&quot;]\"\n    >\n        <div class=\"accordion__body \">\n            \n<h2 class=\"has-text-align-left wp-block-unilux-blocks-heading\"        id=\"recognition-of-university-or-higher-education-qualifications-registration-in-the-register-of-titles\"\n    >\nRecognition of university or higher education qualifications (registration in the register of titles)<\/h2>\n\n<p>For the purpose of final enrolment in a Master&#8217;s programme at the University of Luxembourg, any student who does not hold a Bachelor&#8217;s degree corresponding to at least 180 ECTS under the Bologna Process framework, issued by a higher education institution located in another Member State of the European Union, in a Member State of the European Economic Area, or the Swiss Confederation, and attesting to a higher education qualification recognised by the competent authorities of that State, is required to submit an application to have their diploma registered in the register of qualifications, higher education section at the Ministry of Research and Higher Education in Luxembourg.<\/p>\n\n<p><strong>The register of titles is not required when submitting your application to your chosen study programme, <\/strong>as it can only be requested from the Ministry of Research and Higher Education <strong>after you have been accepted<\/strong> to the University. For the full conditions and required documents, please see the link below:<\/p>\n\n<ul class=\"wp-block-unilux-blocks-button-list-v2\">\n<li class=\"wp-block-unilux-blocks-button-list-item-v2\"><a class=\"quick-link\" href=\"https:\/\/guichet.public.lu\/en\/citoyens\/famille-education\/etudes-superieures\/reconnaissance-diplomes\/inscription-registre-titres.html\" target=\"_blank\" role=\"link\" rel=\"noopener\" tabindex=\"0\"><span class=\"quick-link__container\">\n<div class=\"wp-block-unilux-blocks-block-inserter quick-link__img\">\n<div class=\"icon--primary icon--secondary-2 icon--xl wp-block-unilux-blocks-icon-picker\">\n    <svg aria-hidden=\"true\" focusable=\"false\" class=\"icon icon-outline icon--register \"><use xlink:href=\"https:\/\/www.uni.lu\/wp-content\/themes\/unilux-theme\/assets\/images\/icons\/icons-outline.svg#icon--register\"><\/use><\/svg><\/div><\/div>\n\n\n\n<span class=\"quick-link__name wp-block-unilux-blocks-plain-text\">Apply for registration of your Bachelor&#8217;s degree in the Register of Titles<\/span>\n\n<svg aria-hidden=\"true\" focusable=\"false\" class=\"icon icon-outline icon--external-link \"><use xlink:href=\"https:\/\/www.uni.lu\/wp-content\/themes\/unilux-theme\/assets\/images\/icons\/icons-outline.svg#icon--external-link\"><\/use><\/svg><\/span><\/a><\/li>\n<\/ul>\n        <\/div>\n    <\/div>\n<\/div><\/div>\n\n\n<div class=\"wp-block-unilux-blocks-spacer is-spacer-size-sm\"><\/div>\n\n\n<h2 class=\"has-text-align-left wp-block-unilux-blocks-heading\"        id=\"recognition-of-prior-experience\"\n    >\nRecognition of prior experience<\/h2>\n\n\n\n<ul class=\"wp-block-unilux-blocks-quick-link-underline\">\n    \n<li class=\"wp-block-unilux-blocks-quick-link-underline-item\">\n    <a\n            href=\"https:\/\/www.uni.lu\/en\/admissions\/recognition-of-prior-experience\/\"\n            class=\"wp-block-unilux-blocks-anchor\"        target=\"\"\n>\n    \n<span class=\"hero__title__subject wp-block-unilux-blocks-plain-text\">All you need to know about recognition of prior experience<\/span><svg aria-hidden=\"true\" focusable=\"false\" class=\"icon icon-outline icon--arrow-right \"><use xlink:href=\"https:\/\/www.uni.lu\/wp-content\/themes\/unilux-theme\/assets\/images\/icons\/icons-outline.svg#icon--arrow-right\"><\/use><\/svg><\/a>\n<\/li>\n<\/ul><\/div><\/section>\n\n\n<section class=\"section section wp-block-unilux-blocks-quick-link-discover-section\">\n    <div class=\"container xl:max-w-screen-xl\">\n        \n<h2 class=\"has-text-align-left wp-block-unilux-blocks-heading\"        id=\"admission-process\"\n    >\nAdmission process<\/h2>\n\n<ul class=\"wp-block-unilux-blocks-quick-link-discover quick-link-list\">\n<li class=\"wp-block-unilux-blocks-quick-link-discover-item\">\n    <a\n                    href=\"https:\/\/www.uni.lu\/en\/admissions\/bachelor-master\/#required-documents\"\n                    class=\"quick-link\"\n            target=\"\"\n    >\n            <span class=\"quick-link__container\">\n                <span class=\"quick-link__text\">\n                    What are the other required documents?                <\/span>\n                <svg aria-hidden=\"true\" focusable=\"false\" class=\"icon icon-outline icon--arrow-right \"><use xlink:href=\"https:\/\/www.uni.lu\/wp-content\/themes\/unilux-theme\/assets\/images\/icons\/icons-outline.svg#icon--arrow-right\"><\/use><\/svg>            <\/span>\n    <\/a>\n<\/li>\n<\/ul>\n    <\/div>\n<\/section>","protected":false},"excerpt":{"rendered":"","protected":false},"author":73,"featured_media":0,"parent":5920,"menu_order":0,"comment_status":"closed","ping_status":"closed","template":"","meta":{"featured_image_focal_point":[],"show_featured_caption":false,"ulux_newsletter_groups":"","uluxPostTitle":"Admissions","uluxPrePostTitle":"","_trash_the_other_posts":false,"_price":"","_stock":"","_tribe_ticket_header":"","_tribe_default_ticket_provider":"","_tribe_ticket_capacity":"0","_ticket_start_date":"","_ticket_end_date":"","_tribe_ticket_show_description":"","_tribe_ticket_show_not_going":false,"_tribe_ticket_use_global_stock":"","_tribe_ticket_global_stock_level":"","_global_stock_mode":"","_global_stock_cap":"","_tribe_rsvp_for_event":"","_tribe_ticket_going_count":"","_tribe_ticket_not_going_count":"","_tribe_tickets_list":"[]","_tribe_ticket_has_attendee_info_fields":false,"footnotes":""},"field-of-interest":[],"organisation":[],"authorship":[73,210,68,337],"acf":[],"yoast_head":"<!-- This site is optimized with the Yoast SEO Premium plugin v22.3 (Yoast SEO v22.3) - https:\/\/yoast.com\/wordpress\/plugins\/seo\/ -->\n<title>Diploma recognition - University of Luxembourg<\/title>\n<meta name=\"description\" content=\"Recognition of secondary school leaving certificates and Recognition of university diplomas or higher education qualifications\" \/>\n<meta name=\"robots\" content=\"index, follow, max-snippet:-1, max-image-preview:large, max-video-preview:-1\" \/>\n<link rel=\"canonical\" href=\"https:\/\/www.uni.lu\/en\/admissions\/diploma-recognition\/\" \/>\n<meta property=\"og:locale\" content=\"en_GB\" \/>\n<meta property=\"og:type\" content=\"article\" \/>\n<meta property=\"og:title\" content=\"Diploma recognition\" \/>\n<meta property=\"og:description\" content=\"Recognition of secondary school leaving certificates and Recognition of university diplomas or higher education qualifications\" \/>\n<meta property=\"og:url\" content=\"https:\/\/www.uni.lu\/en\/admissions\/diploma-recognition\/\" \/>\n<meta property=\"og:site_name\" content=\"UNI EN\" \/>\n<meta property=\"article:publisher\" content=\"https:\/\/www.facebook.com\/uni.lu\" \/>\n<meta property=\"article:modified_time\" content=\"2026-02-11T08:18:37+00:00\" \/>\n<meta property=\"og:image\" content=\"https:\/\/www.uni.lu\/wp-content\/uploads\/sites\/9\/2026\/03\/03120157\/UNIV_SM-Profile_1600x1600px-scaled.jpg\" \/>\n\t<meta property=\"og:image:width\" content=\"2560\" \/>\n\t<meta property=\"og:image:height\" content=\"2560\" \/>\n\t<meta property=\"og:image:type\" content=\"image\/jpeg\" \/>\n<meta name=\"twitter:card\" content=\"summary_large_image\" \/>\n<meta name=\"twitter:label1\" content=\"Estimated reading time\" \/>\n\t<meta name=\"twitter:data1\" content=\"2 minutes\" \/>\n<script type=\"application\/ld+json\" class=\"yoast-schema-graph\">{\"@context\":\"https:\/\/schema.org\",\"@graph\":[{\"@type\":\"WebPage\",\"@id\":\"https:\/\/www.uni.lu\/en\/admissions\/diploma-recognition\/\",\"url\":\"https:\/\/www.uni.lu\/en\/admissions\/diploma-recognition\/\",\"name\":\"Diploma recognition - University of Luxembourg\",\"isPartOf\":{\"@id\":\"https:\/\/www.uni.lu\/en\/#website\"},\"datePublished\":\"2023-08-24T17:27:36+00:00\",\"dateModified\":\"2026-02-11T08:18:37+00:00\",\"description\":\"Recognition of secondary school leaving certificates and Recognition of university diplomas or higher education qualifications\",\"breadcrumb\":{\"@id\":\"https:\/\/www.uni.lu\/en\/admissions\/diploma-recognition\/#breadcrumb\"},\"inLanguage\":\"en-GB\",\"potentialAction\":[{\"@type\":\"ReadAction\",\"target\":[\"https:\/\/www.uni.lu\/en\/admissions\/diploma-recognition\/\"]}]},{\"@type\":\"BreadcrumbList\",\"@id\":\"https:\/\/www.uni.lu\/en\/admissions\/diploma-recognition\/#breadcrumb\",\"itemListElement\":[{\"@type\":\"ListItem\",\"position\":1,\"name\":\"Home\",\"item\":\"https:\/\/www.uni.lu\/en\/\"},{\"@type\":\"ListItem\",\"position\":2,\"name\":\"Admissions\",\"item\":\"https:\/\/www.uni.lu\/en\/admissions\/\"},{\"@type\":\"ListItem\",\"position\":3,\"name\":\"Diploma recognition\"}]},{\"@type\":\"WebSite\",\"@id\":\"https:\/\/www.uni.lu\/en\/#website\",\"url\":\"https:\/\/www.uni.lu\/en\/\",\"name\":\"Uni.lu\",\"description\":\"University of Luxembourg\",\"publisher\":{\"@id\":\"https:\/\/www.uni.lu\/en\/#organization\"},\"alternateName\":\"University of Luxembourg\",\"potentialAction\":[{\"@type\":\"SearchAction\",\"target\":{\"@type\":\"EntryPoint\",\"urlTemplate\":\"https:\/\/www.uni.lu\/en\/?s={search_term_string}\"},\"query-input\":\"required name=search_term_string\"}],\"inLanguage\":\"en-GB\"},{\"@type\":\"Organization\",\"@id\":\"https:\/\/www.uni.lu\/en\/#organization\",\"name\":\"University of Luxembourg\",\"alternateName\":\"Uni.lu\",\"url\":\"https:\/\/www.uni.lu\/en\/\",\"logo\":{\"@type\":\"ImageObject\",\"inLanguage\":\"en-GB\",\"@id\":\"https:\/\/www.uni.lu\/en\/#\/schema\/logo\/image\/\",\"url\":\"https:\/\/www.uni.lu\/wp-content\/uploads\/sites\/9\/2026\/03\/03120157\/UNIV_SM-Profile_1600x1600px-scaled.jpg\",\"contentUrl\":\"https:\/\/www.uni.lu\/wp-content\/uploads\/sites\/9\/2026\/03\/03120157\/UNIV_SM-Profile_1600x1600px-scaled.jpg\",\"width\":2560,\"height\":2560,\"caption\":\"University of Luxembourg\"},\"image\":{\"@id\":\"https:\/\/www.uni.lu\/en\/#\/schema\/logo\/image\/\"},\"sameAs\":[\"https:\/\/www.facebook.com\/uni.lu\",\"https:\/\/www.linkedin.com\/school\/university-of-luxembourg\/\",\"https:\/\/www.instagram.com\/uni.lu\",\"https:\/\/www.youtube.com\/@uni_lu\",\"https:\/\/en.wikipedia.org\/wiki\/University_of_Luxembourg\"]}]}<\/script>\n<!-- \/ Yoast SEO Premium plugin. -->","yoast_head_json":{"title":"Diploma recognition - University of Luxembourg","description":"Recognition of secondary school leaving certificates and Recognition of university diplomas or higher education qualifications","robots":{"index":"index","follow":"follow","max-snippet":"max-snippet:-1","max-image-preview":"max-image-preview:large","max-video-preview":"max-video-preview:-1"},"canonical":"https:\/\/www.uni.lu\/en\/admissions\/diploma-recognition\/","og_locale":"en_GB","og_type":"article","og_title":"Diploma recognition","og_description":"Recognition of secondary school leaving certificates and Recognition of university diplomas or higher education qualifications","og_url":"https:\/\/www.uni.lu\/en\/admissions\/diploma-recognition\/","og_site_name":"UNI EN","article_publisher":"https:\/\/www.facebook.com\/uni.lu","article_modified_time":"2026-02-11T08:18:37+00:00","og_image":[{"width":2560,"height":2560,"url":"https:\/\/www.uni.lu\/wp-content\/uploads\/sites\/9\/2026\/03\/03120157\/UNIV_SM-Profile_1600x1600px-scaled.jpg","type":"image\/jpeg"}],"twitter_card":"summary_large_image","twitter_misc":{"Estimated reading time":"2 minutes"},"schema":{"@context":"https:\/\/schema.org","@graph":[{"@type":"WebPage","@id":"https:\/\/www.uni.lu\/en\/admissions\/diploma-recognition\/","url":"https:\/\/www.uni.lu\/en\/admissions\/diploma-recognition\/","name":"Diploma recognition - University of Luxembourg","isPartOf":{"@id":"https:\/\/www.uni.lu\/en\/#website"},"datePublished":"2023-08-24T17:27:36+00:00","dateModified":"2026-02-11T08:18:37+00:00","description":"Recognition of secondary school leaving certificates and Recognition of university diplomas or higher education qualifications","breadcrumb":{"@id":"https:\/\/www.uni.lu\/en\/admissions\/diploma-recognition\/#breadcrumb"},"inLanguage":"en-GB","potentialAction":[{"@type":"ReadAction","target":["https:\/\/www.uni.lu\/en\/admissions\/diploma-recognition\/"]}]},{"@type":"BreadcrumbList","@id":"https:\/\/www.uni.lu\/en\/admissions\/diploma-recognition\/#breadcrumb","itemListElement":[{"@type":"ListItem","position":1,"name":"Home","item":"https:\/\/www.uni.lu\/en\/"},{"@type":"ListItem","position":2,"name":"Admissions","item":"https:\/\/www.uni.lu\/en\/admissions\/"},{"@type":"ListItem","position":3,"name":"Diploma recognition"}]},{"@type":"WebSite","@id":"https:\/\/www.uni.lu\/en\/#website","url":"https:\/\/www.uni.lu\/en\/","name":"Uni.lu","description":"University of Luxembourg","publisher":{"@id":"https:\/\/www.uni.lu\/en\/#organization"},"alternateName":"University of Luxembourg","potentialAction":[{"@type":"SearchAction","target":{"@type":"EntryPoint","urlTemplate":"https:\/\/www.uni.lu\/en\/?s={search_term_string}"},"query-input":"required name=search_term_string"}],"inLanguage":"en-GB"},{"@type":"Organization","@id":"https:\/\/www.uni.lu\/en\/#organization","name":"University of Luxembourg","alternateName":"Uni.lu","url":"https:\/\/www.uni.lu\/en\/","logo":{"@type":"ImageObject","inLanguage":"en-GB","@id":"https:\/\/www.uni.lu\/en\/#\/schema\/logo\/image\/","url":"https:\/\/www.uni.lu\/wp-content\/uploads\/sites\/9\/2026\/03\/03120157\/UNIV_SM-Profile_1600x1600px-scaled.jpg","contentUrl":"https:\/\/www.uni.lu\/wp-content\/uploads\/sites\/9\/2026\/03\/03120157\/UNIV_SM-Profile_1600x1600px-scaled.jpg","width":2560,"height":2560,"caption":"University of Luxembourg"},"image":{"@id":"https:\/\/www.uni.lu\/en\/#\/schema\/logo\/image\/"},"sameAs":["https:\/\/www.facebook.com\/uni.lu","https:\/\/www.linkedin.com\/school\/university-of-luxembourg\/","https:\/\/www.instagram.com\/uni.lu","https:\/\/www.youtube.com\/@uni_lu","https:\/\/en.wikipedia.org\/wiki\/University_of_Luxembourg"]}]}},"ticketed":false,"_links":{"self":[{"href":"https:\/\/www.uni.lu\/en\/wp-json\/wp\/v2\/pages\/13102"}],"collection":[{"href":"https:\/\/www.uni.lu\/en\/wp-json\/wp\/v2\/pages"}],"about":[{"href":"https:\/\/www.uni.lu\/en\/wp-json\/wp\/v2\/types\/page"}],"author":[{"embeddable":true,"href":"https:\/\/www.uni.lu\/en\/wp-json\/wp\/v2\/users\/73"}],"replies":[{"embeddable":true,"href":"https:\/\/www.uni.lu\/en\/wp-json\/wp\/v2\/comments?post=13102"}],"version-history":[{"count":4,"href":"https:\/\/www.uni.lu\/en\/wp-json\/wp\/v2\/pages\/13102\/revisions"}],"predecessor-version":[{"id":57264,"href":"https:\/\/www.uni.lu\/en\/wp-json\/wp\/v2\/pages\/13102\/revisions\/57264"}],"up":[{"embeddable":true,"href":"https:\/\/www.uni.lu\/en\/wp-json\/wp\/v2\/pages\/5920"}],"wp:authorship":[{"embeddable":true,"href":"https:\/\/www.uni.lu\/en\/wp-json\/wp\/v2\/users\/73"},{"embeddable":true,"href":"https:\/\/www.uni.lu\/en\/wp-json\/wp\/v2\/users\/210"},{"embeddable":true,"href":"https:\/\/www.uni.lu\/en\/wp-json\/wp\/v2\/users\/68"},{"embeddable":true,"href":"https:\/\/www.uni.lu\/en\/wp-json\/wp\/v2\/users\/337"}],"wp:attachment":[{"href":"https:\/\/www.uni.lu\/en\/wp-json\/wp\/v2\/media?parent=13102"}],"wp:term":[{"taxonomy":"field-of-interest","embeddable":true,"href":"https:\/\/www.uni.lu\/en\/wp-json\/wp\/v2\/field-of-interest?post=13102"},{"taxonomy":"organisation","embeddable":true,"href":"https:\/\/www.uni.lu\/en\/wp-json\/wp\/v2\/organisation?post=13102"}],"curies":[{"name":"wp","href":"https:\/\/api.w.org\/{rel}","templated":true}]}}