{"id":7195,"date":"2025-07-31T14:36:12","date_gmt":"2025-07-31T12:36:12","guid":{"rendered":"https:\/\/www.uni.lu\/de\/?page_id=7195"},"modified":"2025-07-31T14:38:31","modified_gmt":"2025-07-31T12:38:31","slug":"abteilung-fuer-partnerschaften-und-foerderung","status":"publish","type":"page","link":"https:\/\/www.uni.lu\/de\/ueber-uns\/organisation\/verwaltung\/abteilung-fuer-partnerschaften-und-foerderung\/","title":{"rendered":"Abteilung f\u00fcr Partnerschaften und F\u00f6rderung"},"content":{"rendered":"\n<section class=\"wp-block-unilux-blocks-free-section section\"><div class=\"container xl:max-w-screen-xl\">\n<h1 class=\"has-text-align-left wp-block-unilux-blocks-heading\"        id=\"abteilung-fuer-partnerschaften-und-foerderung\"\n    >\nAbteilung f\u00fcr Partnerschaften und F\u00f6rderung<\/h1>\n\n\n\n<p>Die Abteilung f\u00fcr Partnerschaften und F\u00f6rderung an der Universit\u00e4t Luxemburg hat sich zum Ziel gesetzt, die gesellschaftliche Relevanz und Wirkung akademischer Exzellenz zu verbessern. Ihre Hauptaufgabe besteht darin, die Kluft zwischen Forschung, Bildung und Gesellschaft zu \u00fcberbr\u00fccken, indem sie strategische Kooperationen pflegt, die Valorisierung der Forschung vorantreibt und eine sinnvolle Zusammenarbeit mit externen Interessengruppen f\u00f6rdert.<\/p>\n\n\n\n<p>Ein Eckpfeiler der Arbeit der Abteilung ist die F\u00f6rderung von <strong>Technologietransfer, Unternehmertum<\/strong> und <strong>Innovation <\/strong>als entscheidende Triebkr\u00e4fte f\u00fcr den sozio\u00f6konomischen Fortschritt. Durch die Unterst\u00fctzung der Entwicklung und des Schutzes von <strong>geistigem Eigentum (IP)<\/strong> und die Erleichterung der Gr\u00fcndung von <strong>Start-ups<\/strong> und <strong>Spin-offs<\/strong> bef\u00e4higt der Fachbereich Studierende, Forscher und Alumni, Wissen in greifbare, reale L\u00f6sungen umzusetzen &#8211; in wirtschaftlicher, kultureller und sozialer Hinsicht.<\/p>\n\n\n\n<p>Durch die Ausrichtung der Au\u00dfenbeziehungen und die F\u00f6rderung einer Kultur der Wirkung versucht die Abteilung, die Universit\u00e4t Luxemburg als dynamische und global vernetzte Institution zu positionieren, die tief im luxemburgischen Innovations\u00f6kosystem verwurzelt ist.<\/p>\n\n\n\n<p>Zu den Hauptschwerpunkten geh\u00f6ren:<\/p>\n\n\n\n<ul class=\"ulux-list\">\n<li class=\"ulux-list-item\">Aufbau und Pflege <strong>strategischer Partnerschaften<\/strong> mit \u00f6ffentlichen und privaten Akteuren, um die Wirkung und Reichweite der Universit\u00e4t zu erh\u00f6hen<\/li>\n\n\n\n<li class=\"ulux-list-item\">Unterst\u00fctzung und Beschleunigung von Initiativen zum <strong>Technologietransfer<\/strong>, einschlie\u00dflich der Verwaltung und Vermarktung von geistigem Eigentum<\/li>\n\n\n\n<li class=\"ulux-list-item\">F\u00f6rderung einer lebendigen Kultur des <strong>Unternehmertums<\/strong> <strong>und der Innovation<\/strong> innerhalb der Universit\u00e4tsgemeinschaft<\/li>\n\n\n\n<li class=\"ulux-list-item\">Erleichterung der Gr\u00fcndung und des Wachstums von <strong>Start-ups<\/strong> und <strong>Spin-offs<\/strong>, die aus der Universit\u00e4tsforschung hervorgehen<\/li>\n\n\n\n<li class=\"ulux-list-item\">Beitrag zu <strong>Fundraising<\/strong>-Bem\u00fchungen, die die strategischen Ziele der Universit\u00e4t unterst\u00fctzen<\/li>\n\n\n\n<li class=\"ulux-list-item\">Facilitating the creation and growth of <strong>start-ups<\/strong> and <strong>spin-offs<\/strong> emerging from University research<\/li>\n\n\n\n<li class=\"ulux-list-item\">St\u00e4rkung und Ausbau der <strong>Beziehungen zu den Ehemaligen<\/strong>, um eine lebenslange, engagierte Gemeinschaft aufzubauen<\/li>\n<\/ul>\n\n\n<div class=\"py-48 first:pt-0 last:pb-0 wp-block-unilux-blocks-people-list\">\n    \n<h2 class=\"has-text-align-left wp-block-unilux-blocks-heading\"        id=\"chief-partnerships-and-advancement-officer\"\n    >\nChief Partnerships and Advancement Officer<\/h2>\n<ul class=\"flex flex-wrap -mx-16 wp-block-unilux-blocks-people-item-wrapper\">\n    <li class=\"w-full md:w-1\/2 p-16 wp-block-unilux-blocks-people-item-automated\"><div class=\"ulux-card card-people bg-theme\"><div class=\"list-people bg-theme\">\n    <div class=\"list-people__container\">\n        <div class=\"list-people__visual\">\n            <figure class=\"wp-block-dev4-reusable-blocks-image\">\n                <!-- Template Image Component: default -->\n<img decoding=\"async\" class=\"w-full\" width=\"\" height=\"\" rel=\"\" alt=\"Damien LENOBLE\" src=\"https:\/\/www.uni.lu\/en\/person-image\/NTAwMzU2MzlfX0RhbWllbiBMRU5PQkxF\" srcset=\"https:\/\/www.uni.lu\/en\/person-image\/NTAwMzU2MzlfX0RhbWllbiBMRU5PQkxF--thumbnail 150w,https:\/\/www.uni.lu\/en\/person-image\/NTAwMzU2MzlfX0RhbWllbiBMRU5PQkxF--medium 300w,https:\/\/www.uni.lu\/en\/person-image\/NTAwMzU2MzlfX0RhbWllbiBMRU5PQkxF--medium_large 768w,https:\/\/www.uni.lu\/en\/person-image\/NTAwMzU2MzlfX0RhbWllbiBMRU5PQkxF--large 1024w,https:\/\/www.uni.lu\/en\/person-image\/NTAwMzU2MzlfX0RhbWllbiBMRU5PQkxF--1536x1536 1536w,https:\/\/www.uni.lu\/en\/person-image\/NTAwMzU2MzlfX0RhbWllbiBMRU5PQkxF--2048x2048 2048w\" loading=\"lazy\" \/><!-- end Image Component -->\n            <\/figure>\n        <\/div>\n        <div class=\"list-people__body\">\n            <h3 class=\"list-people__title\">Damien LENOBLE<\/h3>\n            <p class=\"list-people__description\">Chief Partnerships and Advancement Officer<\/p>\n            <div class=\"wp-block-unilux-blocks-simple-cta wp-block-unilux-blocks-people-item-automated\">\n    <a\n        href=\"https:\/\/www.uni.lu\/en\/people\/damien-lenoble\/\"\n        title=\"Damien LENOBLE\"\n        class=\"link-text link-text--icon list-people__link link-absolute\"\n        target=\"\"\n    >\n        <span class=\"link-text__body\">\n            <span class=\"link-text__name\">Profil anzeigen<\/span>\n        <\/span>\n        <svg aria-hidden=\"true\" focusable=\"false\" class=\"icon icon-outline icon--arrow-right \"><use xlink:href=\"https:\/\/www.uni.lu\/wp-content\/themes\/unilux-theme\/assets\/images\/icons\/icons-outline.svg#icon--arrow-right\"><\/use><\/svg>    <\/a>\n<\/div>\n        <\/div>\n    <\/div>\n<\/div>\n<\/div><\/li><\/ul>\n\n<\/div>\n\n\n\n<div class=\"wp-block-unilux-blocks-spacer is-spacer-size-sm\"><\/div>\n\n\n<h2 class=\"has-text-align-left wp-block-unilux-blocks-heading\"        id=\"abteilungsdienste\"\n    >\nAbteilungsdienste<\/h2>\n\n\n\n<ul class=\"wp-block-unilux-blocks-quick-link-underline\">\n    \n<li class=\"wp-block-unilux-blocks-quick-link-underline-item\">\n    <a\n            href=\"https:\/\/www.uni.lu\/life-en\/alumni\/alumni-team\/\"\n            class=\"wp-block-unilux-blocks-anchor\"        target=\"\"\n>\n    \n<span class=\"hero__title__subject wp-block-unilux-blocks-plain-text\">Alumni Relations (EN)<\/span><svg aria-hidden=\"true\" focusable=\"false\" class=\"icon icon-outline icon--arrow-right \"><use xlink:href=\"https:\/\/www.uni.lu\/wp-content\/themes\/unilux-theme\/assets\/images\/icons\/icons-outline.svg#icon--arrow-right\"><\/use><\/svg><\/a>\n<\/li>\n\n<li class=\"wp-block-unilux-blocks-quick-link-underline-item\">\n    <a\n            href=\"https:\/\/www.uni.lu\/de\/ueber-uns\/organisation\/verwaltung\/fundraising-buero\/\"\n            class=\"wp-block-unilux-blocks-anchor\"        target=\"\"\n>\n    \n<span class=\"hero__title__subject wp-block-unilux-blocks-plain-text\">Fundraising-B\u00fcro<\/span><svg aria-hidden=\"true\" focusable=\"false\" class=\"icon icon-outline icon--arrow-right \"><use xlink:href=\"https:\/\/www.uni.lu\/wp-content\/themes\/unilux-theme\/assets\/images\/icons\/icons-outline.svg#icon--arrow-right\"><\/use><\/svg><\/a>\n<\/li>\n\n<li class=\"wp-block-unilux-blocks-quick-link-underline-item\">\n    <a\n            href=\"https:\/\/www.uni.lu\/en\/about\/organisation\/administration\/incubator-entrepreneurship-programme\/\"\n            class=\"wp-block-unilux-blocks-anchor\"        target=\"\"\n>\n    \n<span class=\"hero__title__subject wp-block-unilux-blocks-plain-text\">Incubator and Entrepreneurship Programme (EN)<\/span><svg aria-hidden=\"true\" focusable=\"false\" class=\"icon icon-outline icon--arrow-right \"><use xlink:href=\"https:\/\/www.uni.lu\/wp-content\/themes\/unilux-theme\/assets\/images\/icons\/icons-outline.svg#icon--arrow-right\"><\/use><\/svg><\/a>\n<\/li>\n\n<li class=\"wp-block-unilux-blocks-quick-link-underline-item\">\n    <a\n            href=\"https:\/\/www.uni.lu\/de\/ueber-uns\/organisation\/verwaltung\/buero-fuer-partnerschaften-wissens-und-technologietransfer-der-universitaet-luxemburg\/\"\n            class=\"wp-block-unilux-blocks-anchor\"        target=\"\"\n>\n    \n<span class=\"hero__title__subject wp-block-unilux-blocks-plain-text\">B\u00fcro f\u00fcr Partnerschaften, Wissens- und Technologietransfer der Universit\u00e4t Luxemburg<\/span><svg aria-hidden=\"true\" focusable=\"false\" class=\"icon icon-outline icon--arrow-right \"><use xlink:href=\"https:\/\/www.uni.lu\/wp-content\/themes\/unilux-theme\/assets\/images\/icons\/icons-outline.svg#icon--arrow-right\"><\/use><\/svg><\/a>\n<\/li>\n<\/ul><\/div><\/section>\n","protected":false},"excerpt":{"rendered":"","protected":false},"author":44,"featured_media":0,"parent":1432,"menu_order":0,"comment_status":"closed","ping_status":"closed","template":"","meta":{"featured_image_focal_point":[],"show_featured_caption":false,"ulux_newsletter_groups":"","uluxPostTitle":"","uluxPrePostTitle":"Verwaltung","_trash_the_other_posts":false,"_price":"","_stock":"","_tribe_ticket_header":"","_tribe_default_ticket_provider":"","_tribe_ticket_capacity":"0","_ticket_start_date":"","_ticket_end_date":"","_tribe_ticket_show_description":"","_tribe_ticket_show_not_going":false,"_tribe_ticket_use_global_stock":"","_tribe_ticket_global_stock_level":"","_global_stock_mode":"","_global_stock_cap":"","_tribe_rsvp_for_event":"","_tribe_ticket_going_count":"","_tribe_ticket_not_going_count":"","_tribe_tickets_list":"[]","_tribe_ticket_has_attendee_info_fields":false,"footnotes":""},"field-of-interest":[],"organisation":[],"authorship":[44,58,33],"acf":[],"yoast_head":"<!-- This site is optimized with the Yoast SEO Premium plugin v22.3 (Yoast SEO v22.3) - https:\/\/yoast.com\/wordpress\/plugins\/seo\/ -->\n<title>Abteilung f\u00fcr Partnerschaften und F\u00f6rderung - Universit\u00e4t Luxemburg<\/title>\n<meta name=\"description\" content=\"Die Abteilung f\u00fcr Partnerschaften und F\u00f6rderung an der Universit\u00e4t Luxemburg hat sich zum Ziel gesetzt, die gesellschaftliche Relevanz und Wirkung\" \/>\n<meta name=\"robots\" content=\"index, follow, max-snippet:-1, max-image-preview:large, max-video-preview:-1\" \/>\n<link rel=\"canonical\" href=\"https:\/\/www.uni.lu\/de\/ueber-uns\/organisation\/verwaltung\/abteilung-fuer-partnerschaften-und-foerderung\/\" \/>\n<meta property=\"og:locale\" content=\"de_DE\" \/>\n<meta property=\"og:type\" content=\"article\" \/>\n<meta property=\"og:title\" content=\"Abteilung f\u00fcr Partnerschaften und F\u00f6rderung\" \/>\n<meta property=\"og:description\" content=\"Die Abteilung f\u00fcr Partnerschaften und F\u00f6rderung an der Universit\u00e4t Luxemburg hat sich zum Ziel gesetzt, die gesellschaftliche Relevanz und Wirkung\" \/>\n<meta property=\"og:url\" content=\"https:\/\/www.uni.lu\/de\/ueber-uns\/organisation\/verwaltung\/abteilung-fuer-partnerschaften-und-foerderung\/\" \/>\n<meta property=\"og:site_name\" content=\"UNI DE\" \/>\n<meta property=\"article:publisher\" content=\"https:\/\/www.facebook.com\/uni.lu\" \/>\n<meta property=\"article:modified_time\" content=\"2025-07-31T12:38:31+00:00\" \/>\n<meta property=\"og:image\" content=\"https:\/\/www.uni.lu\/wp-content\/uploads\/sites\/10\/2026\/03\/03120000\/UNIV_SM-Profile_1600x1600px-scaled.jpg\" \/>\n\t<meta property=\"og:image:width\" content=\"2560\" \/>\n\t<meta property=\"og:image:height\" content=\"2560\" \/>\n\t<meta property=\"og:image:type\" content=\"image\/jpeg\" \/>\n<meta name=\"twitter:card\" content=\"summary_large_image\" \/>\n<meta name=\"twitter:label1\" content=\"Gesch\u00e4tzte Lesezeit\" \/>\n\t<meta name=\"twitter:data1\" content=\"2 Minuten\" \/>\n<script type=\"application\/ld+json\" class=\"yoast-schema-graph\">{\"@context\":\"https:\/\/schema.org\",\"@graph\":[{\"@type\":\"WebPage\",\"@id\":\"https:\/\/www.uni.lu\/de\/ueber-uns\/organisation\/verwaltung\/abteilung-fuer-partnerschaften-und-foerderung\/\",\"url\":\"https:\/\/www.uni.lu\/de\/ueber-uns\/organisation\/verwaltung\/abteilung-fuer-partnerschaften-und-foerderung\/\",\"name\":\"Abteilung f\u00fcr Partnerschaften und F\u00f6rderung - Universit\u00e4t Luxemburg\",\"isPartOf\":{\"@id\":\"https:\/\/www.uni.lu\/de\/#website\"},\"datePublished\":\"2025-07-31T12:36:12+00:00\",\"dateModified\":\"2025-07-31T12:38:31+00:00\",\"description\":\"Die Abteilung f\u00fcr Partnerschaften und F\u00f6rderung an der Universit\u00e4t Luxemburg hat sich zum Ziel gesetzt, die gesellschaftliche Relevanz und Wirkung\",\"breadcrumb\":{\"@id\":\"https:\/\/www.uni.lu\/de\/ueber-uns\/organisation\/verwaltung\/abteilung-fuer-partnerschaften-und-foerderung\/#breadcrumb\"},\"inLanguage\":\"de-DE\",\"potentialAction\":[{\"@type\":\"ReadAction\",\"target\":[\"https:\/\/www.uni.lu\/de\/ueber-uns\/organisation\/verwaltung\/abteilung-fuer-partnerschaften-und-foerderung\/\"]}]},{\"@type\":\"BreadcrumbList\",\"@id\":\"https:\/\/www.uni.lu\/de\/ueber-uns\/organisation\/verwaltung\/abteilung-fuer-partnerschaften-und-foerderung\/#breadcrumb\",\"itemListElement\":[{\"@type\":\"ListItem\",\"position\":1,\"name\":\"Home\",\"item\":\"https:\/\/www.uni.lu\/de\/\"},{\"@type\":\"ListItem\",\"position\":2,\"name\":\"\u00dcber uns\",\"item\":\"https:\/\/www.uni.lu\/de\/ueber-uns\/\"},{\"@type\":\"ListItem\",\"position\":3,\"name\":\"Organisation\",\"item\":\"https:\/\/www.uni.lu\/de\/ueber-uns\/organisation\/\"},{\"@type\":\"ListItem\",\"position\":4,\"name\":\"Verwaltung\",\"item\":\"https:\/\/www.uni.lu\/de\/ueber-uns\/organisation\/verwaltung\/\"},{\"@type\":\"ListItem\",\"position\":5,\"name\":\"Abteilung f\u00fcr Partnerschaften und F\u00f6rderung\"}]},{\"@type\":\"WebSite\",\"@id\":\"https:\/\/www.uni.lu\/de\/#website\",\"url\":\"https:\/\/www.uni.lu\/de\/\",\"name\":\"Uni.lu\",\"description\":\"Universit\u00e4t Luxemburg\",\"publisher\":{\"@id\":\"https:\/\/www.uni.lu\/de\/#organization\"},\"alternateName\":\"Universit\u00e4t Luxemburg\",\"potentialAction\":[{\"@type\":\"SearchAction\",\"target\":{\"@type\":\"EntryPoint\",\"urlTemplate\":\"https:\/\/www.uni.lu\/de\/?s={search_term_string}\"},\"query-input\":\"required name=search_term_string\"}],\"inLanguage\":\"de-DE\"},{\"@type\":\"Organization\",\"@id\":\"https:\/\/www.uni.lu\/de\/#organization\",\"name\":\"Universit\u00e4t Luxemburg\",\"alternateName\":\"Uni.lu\",\"url\":\"https:\/\/www.uni.lu\/de\/\",\"logo\":{\"@type\":\"ImageObject\",\"inLanguage\":\"de-DE\",\"@id\":\"https:\/\/www.uni.lu\/de\/#\/schema\/logo\/image\/\",\"url\":\"https:\/\/www.uni.lu\/wp-content\/uploads\/sites\/10\/2026\/03\/03120000\/UNIV_SM-Profile_1600x1600px-scaled.jpg\",\"contentUrl\":\"https:\/\/www.uni.lu\/wp-content\/uploads\/sites\/10\/2026\/03\/03120000\/UNIV_SM-Profile_1600x1600px-scaled.jpg\",\"width\":2560,\"height\":2560,\"caption\":\"Universit\u00e4t Luxemburg\"},\"image\":\"https:\/\/www.uni.lu\/wp-content\/uploads\/sites\/10\/2026\/04\/24144329\/20200609-Belval-Campus_Henri-Goergen-23.jpg\",\"sameAs\":[\"https:\/\/www.facebook.com\/uni.lu\",\"https:\/\/www.linkedin.com\/school\/university-of-luxembourg\/\",\"https:\/\/www.instagram.com\/uni.lu\",\"https:\/\/www.youtube.com\/@uni_lu\",\"https:\/\/en.wikipedia.org\/wiki\/University_of_Luxembourg\"],\"email\":\"communication@uni.lu\",\"telephone\":\"+3524666441\",\"address\":{\"@type\":\"PostalAddress\",\"streetAddress\":\"2, place de l\u2019Universit\u00e9\",\"addressLocality\":\"Esch-sur-Alzette\",\"postalCode\":\"4365\",\"addressCountry\":\"LU\"},\"description\":\"Universit\u00e4t Luxemburg\"}]}<\/script>\n<!-- \/ Yoast SEO Premium plugin. -->","yoast_head_json":{"title":"Abteilung f\u00fcr Partnerschaften und F\u00f6rderung - Universit\u00e4t Luxemburg","description":"Die Abteilung f\u00fcr Partnerschaften und F\u00f6rderung an der Universit\u00e4t Luxemburg hat sich zum Ziel gesetzt, die gesellschaftliche Relevanz und Wirkung","robots":{"index":"index","follow":"follow","max-snippet":"max-snippet:-1","max-image-preview":"max-image-preview:large","max-video-preview":"max-video-preview:-1"},"canonical":"https:\/\/www.uni.lu\/de\/ueber-uns\/organisation\/verwaltung\/abteilung-fuer-partnerschaften-und-foerderung\/","og_locale":"de_DE","og_type":"article","og_title":"Abteilung f\u00fcr Partnerschaften und F\u00f6rderung","og_description":"Die Abteilung f\u00fcr Partnerschaften und F\u00f6rderung an der Universit\u00e4t Luxemburg hat sich zum Ziel gesetzt, die gesellschaftliche Relevanz und Wirkung","og_url":"https:\/\/www.uni.lu\/de\/ueber-uns\/organisation\/verwaltung\/abteilung-fuer-partnerschaften-und-foerderung\/","og_site_name":"UNI DE","article_publisher":"https:\/\/www.facebook.com\/uni.lu","article_modified_time":"2025-07-31T12:38:31+00:00","og_image":[{"width":2560,"height":2560,"url":"https:\/\/www.uni.lu\/wp-content\/uploads\/sites\/10\/2026\/03\/03120000\/UNIV_SM-Profile_1600x1600px-scaled.jpg","type":"image\/jpeg"}],"twitter_card":"summary_large_image","twitter_misc":{"Gesch\u00e4tzte Lesezeit":"2 Minuten"},"schema":{"@context":"https:\/\/schema.org","@graph":[{"@type":"WebPage","@id":"https:\/\/www.uni.lu\/de\/ueber-uns\/organisation\/verwaltung\/abteilung-fuer-partnerschaften-und-foerderung\/","url":"https:\/\/www.uni.lu\/de\/ueber-uns\/organisation\/verwaltung\/abteilung-fuer-partnerschaften-und-foerderung\/","name":"Abteilung f\u00fcr Partnerschaften und F\u00f6rderung - Universit\u00e4t Luxemburg","isPartOf":{"@id":"https:\/\/www.uni.lu\/de\/#website"},"datePublished":"2025-07-31T12:36:12+00:00","dateModified":"2025-07-31T12:38:31+00:00","description":"Die Abteilung f\u00fcr Partnerschaften und F\u00f6rderung an der Universit\u00e4t Luxemburg hat sich zum Ziel gesetzt, die gesellschaftliche Relevanz und Wirkung","breadcrumb":{"@id":"https:\/\/www.uni.lu\/de\/ueber-uns\/organisation\/verwaltung\/abteilung-fuer-partnerschaften-und-foerderung\/#breadcrumb"},"inLanguage":"de-DE","potentialAction":[{"@type":"ReadAction","target":["https:\/\/www.uni.lu\/de\/ueber-uns\/organisation\/verwaltung\/abteilung-fuer-partnerschaften-und-foerderung\/"]}]},{"@type":"BreadcrumbList","@id":"https:\/\/www.uni.lu\/de\/ueber-uns\/organisation\/verwaltung\/abteilung-fuer-partnerschaften-und-foerderung\/#breadcrumb","itemListElement":[{"@type":"ListItem","position":1,"name":"Home","item":"https:\/\/www.uni.lu\/de\/"},{"@type":"ListItem","position":2,"name":"\u00dcber uns","item":"https:\/\/www.uni.lu\/de\/ueber-uns\/"},{"@type":"ListItem","position":3,"name":"Organisation","item":"https:\/\/www.uni.lu\/de\/ueber-uns\/organisation\/"},{"@type":"ListItem","position":4,"name":"Verwaltung","item":"https:\/\/www.uni.lu\/de\/ueber-uns\/organisation\/verwaltung\/"},{"@type":"ListItem","position":5,"name":"Abteilung f\u00fcr Partnerschaften und F\u00f6rderung"}]},{"@type":"WebSite","@id":"https:\/\/www.uni.lu\/de\/#website","url":"https:\/\/www.uni.lu\/de\/","name":"Uni.lu","description":"Universit\u00e4t Luxemburg","publisher":{"@id":"https:\/\/www.uni.lu\/de\/#organization"},"alternateName":"Universit\u00e4t Luxemburg","potentialAction":[{"@type":"SearchAction","target":{"@type":"EntryPoint","urlTemplate":"https:\/\/www.uni.lu\/de\/?s={search_term_string}"},"query-input":"required name=search_term_string"}],"inLanguage":"de-DE"},{"@type":"Organization","@id":"https:\/\/www.uni.lu\/de\/#organization","name":"Universit\u00e4t Luxemburg","alternateName":"Uni.lu","url":"https:\/\/www.uni.lu\/de\/","logo":{"@type":"ImageObject","inLanguage":"de-DE","@id":"https:\/\/www.uni.lu\/de\/#\/schema\/logo\/image\/","url":"https:\/\/www.uni.lu\/wp-content\/uploads\/sites\/10\/2026\/03\/03120000\/UNIV_SM-Profile_1600x1600px-scaled.jpg","contentUrl":"https:\/\/www.uni.lu\/wp-content\/uploads\/sites\/10\/2026\/03\/03120000\/UNIV_SM-Profile_1600x1600px-scaled.jpg","width":2560,"height":2560,"caption":"Universit\u00e4t Luxemburg"},"image":"https:\/\/www.uni.lu\/wp-content\/uploads\/sites\/10\/2026\/04\/24144329\/20200609-Belval-Campus_Henri-Goergen-23.jpg","sameAs":["https:\/\/www.facebook.com\/uni.lu","https:\/\/www.linkedin.com\/school\/university-of-luxembourg\/","https:\/\/www.instagram.com\/uni.lu","https:\/\/www.youtube.com\/@uni_lu","https:\/\/en.wikipedia.org\/wiki\/University_of_Luxembourg"],"email":"communication@uni.lu","telephone":"+3524666441","address":{"@type":"PostalAddress","streetAddress":"2, place de l\u2019Universit\u00e9","addressLocality":"Esch-sur-Alzette","postalCode":"4365","addressCountry":"LU"},"description":"Universit\u00e4t Luxemburg"}]}},"ticketed":false,"_links":{"self":[{"href":"https:\/\/www.uni.lu\/de\/wp-json\/wp\/v2\/pages\/7195"}],"collection":[{"href":"https:\/\/www.uni.lu\/de\/wp-json\/wp\/v2\/pages"}],"about":[{"href":"https:\/\/www.uni.lu\/de\/wp-json\/wp\/v2\/types\/page"}],"author":[{"embeddable":true,"href":"https:\/\/www.uni.lu\/de\/wp-json\/wp\/v2\/users\/44"}],"replies":[{"embeddable":true,"href":"https:\/\/www.uni.lu\/de\/wp-json\/wp\/v2\/comments?post=7195"}],"version-history":[{"count":3,"href":"https:\/\/www.uni.lu\/de\/wp-json\/wp\/v2\/pages\/7195\/revisions"}],"predecessor-version":[{"id":7198,"href":"https:\/\/www.uni.lu\/de\/wp-json\/wp\/v2\/pages\/7195\/revisions\/7198"}],"up":[{"embeddable":true,"href":"https:\/\/www.uni.lu\/de\/wp-json\/wp\/v2\/pages\/1432"}],"wp:authorship":[{"embeddable":true,"href":"https:\/\/www.uni.lu\/de\/wp-json\/wp\/v2\/users\/44"},{"embeddable":true,"href":"https:\/\/www.uni.lu\/de\/wp-json\/wp\/v2\/users\/58"},{"embeddable":true,"href":"https:\/\/www.uni.lu\/de\/wp-json\/wp\/v2\/users\/33"}],"wp:attachment":[{"href":"https:\/\/www.uni.lu\/de\/wp-json\/wp\/v2\/media?parent=7195"}],"wp:term":[{"taxonomy":"field-of-interest","embeddable":true,"href":"https:\/\/www.uni.lu\/de\/wp-json\/wp\/v2\/field-of-interest?post=7195"},{"taxonomy":"organisation","embeddable":true,"href":"https:\/\/www.uni.lu\/de\/wp-json\/wp\/v2\/organisation?post=7195"}],"curies":[{"name":"wp","href":"https:\/\/api.w.org\/{rel}","templated":true}]}}