{"id":6080,"date":"2025-02-24T15:57:01","date_gmt":"2025-02-24T14:57:01","guid":{"rendered":"https:\/\/www.uni.lu\/de\/?page_id=6080"},"modified":"2025-02-24T16:01:52","modified_gmt":"2025-02-24T15:01:52","slug":"buero-fuer-informationssicherheit-iso","status":"publish","type":"page","link":"https:\/\/www.uni.lu\/de\/ueber-uns\/organisation\/verwaltung\/buero-fuer-informationssicherheit-iso\/","title":{"rendered":"B\u00fcro f\u00fcr Informationssicherheit (ISO)"},"content":{"rendered":"\n<section class=\"py-0 wp-block-unilux-blocks-free-section section\"><div class=\"container xl:max-w-screen-xl\">\n<h2 class=\"has-text-align-left wp-block-unilux-blocks-heading\"        id=\"buero-fuer-informationssicherheit-iso\"\n    >\nB\u00fcro f\u00fcr Informationssicherheit (ISO)<\/h2>\n<\/div><\/section>\n\n\n\n<section class=\"wp-block-unilux-blocks-free-section section\"><div class=\"container xl:max-w-screen-xl\">\n<p>Das Information Security Office (ISO) widmet sich dem Schutz der Informationsressourcen der Universit\u00e4t, indem es sicherstellt, dass die Cybersecurity-Governance mit den neuesten gesetzlichen Anforderungen und den besten Praktiken der Branche \u00fcbereinstimmt. Unsere Aufgabe ist es, die Vertraulichkeit, Integrit\u00e4t und Verf\u00fcgbarkeit der Informationen der Universit\u00e4t zu sch\u00fctzen und ein sicheres und stabiles digitales Umfeld f\u00fcr Studierende, Lehrkr\u00e4fte und Mitarbeiter zu schaffen.<\/p>\n\n\n\n<h2 class=\"has-text-align-left wp-block-unilux-blocks-heading\"        id=\"hauptaufgaben-der-iso\"\n    >\nHauptaufgaben der ISO<\/h2>\n\n\n\n<p>Die ISO spielt eine entscheidende Rolle bei der Verwaltung und Minderung von Cybersicherheitsrisiken in der gesamten Universit\u00e4t. Zu unseren Kernfunktionen geh\u00f6ren:<\/p>\n\n\n\n<ul class=\"ulux-list\">\n<li class=\"ulux-list-item\"><strong>Entwicklung und Umsetzung von Richtlinien<\/strong> &#8211; Festlegung und Durchsetzung von Sicherheitsrichtlinien zum Schutz institutioneller Daten.<\/li>\n\n\n\n<li class=\"ulux-list-item\"><strong>Reaktion auf Vorf\u00e4lle und Entscheidungsfindung<\/strong> &#8211; Rasche Reaktion auf Sicherheitsverletzungen, um die Auswirkungen zu minimieren.<\/li>\n\n\n\n<li class=\"ulux-list-item\"><strong>Informationssicherheits-Risikomanagement<\/strong> &#8211; Identifizierung und Entsch\u00e4rfung potenzieller Bedrohungen f\u00fcr die digitale Infrastruktur der Universit\u00e4t.<\/li>\n\n\n\n<li class=\"ulux-list-item\"><strong>Training &amp; Sensibilisierung<\/strong> &#8211; Aufkl\u00e4rung der Universit\u00e4tsgemeinschaft \u00fcber die besten Cybersicherheitspraktiken.<\/li>\n\n\n\n<li class=\"ulux-list-item\"><strong>Compliance &amp; Auditing <\/strong>&#8211; Sicherstellung der Einhaltung gesetzlicher Standards und Sicherheitsrahmenwerke<strong>.<\/strong><\/li>\n\n\n\n<li class=\"ulux-list-item\"><strong>\u00dcberwachung und Berichterstattung<\/strong> &#8211; Kontinuierliche Bewertung der Sicherheitsma\u00dfnahmen und Berichterstattung \u00fcber Risiken und Verbesserungen.<\/li>\n<\/ul>\n\n\n<div class=\"wp-block-unilux-blocks-spacer is-spacer-size-md\"><\/div>\n\n\n<h2 class=\"has-text-align-left wp-block-unilux-blocks-heading\"        id=\"leadership-und-steuerung\"\n    >\nLeadership und Steuerung<\/h2>\n\n\n\n<p>Der Chief Information Security Officer (CISO) beaufsichtigt die Cybersicherheitsstrategie der Universit\u00e4t und sorgt f\u00fcr einen soliden Schutz vor sich entwickelnden Bedrohungen. Der CISO ist direkt dem Rektor unterstellt und stellt eine wichtige zweite Verteidigungslinie dar, wie sie von f\u00fchrenden Sicherheitssystemen empfohlen wird.<\/p>\n\n\n\n<p>Zusammenarbeit ist der Schl\u00fcssel zu unserem Erfolg. Die ISO arbeitet eng mit internen Akteuren zusammen, darunter dem <a href=\"https:\/\/www.uni.lu\/de\/ueber-uns\/organisation\/verwaltung\/it-abteilung\/\">Service Informatique de l&#8217;Universit\u00e9 (SIU)<\/a> und dem <a href=\"https:\/\/www.uni.lu\/de\/ueber-uns\/organisation\/verwaltung\/datenschutz\/\">Datenschutzb\u00fcro<\/a>, um Sicherheitsinitiativen zu koordinieren und die Cybersicherheit der Universit\u00e4t zu gew\u00e4hrleisten.<\/p>\n\n\n<div class=\"flex flex-wrap -mx-16  wp-block-unilux-blocks-highlighted-person-list\">\n    <div class=\"w-full md:w-1\/2 px-16  wp-block-unilux-blocks-highlighted-person-list-item\">\n    \n<h3 class=\"has-text-align-left wp-block-unilux-blocks-heading\"    >\n<\/h3>\n\n<div class=\"wp-block-unilux-blocks-wrapper list-people bg-theme\">\n<div class=\"wp-block-unilux-blocks-wrapper list-people__container\">\n<div class=\"wp-block-unilux-blocks-wrapper list-people__visual\"><figure class=\"wp-block-dev4-reusable-blocks-image w-full object-fit--cover\">\n    \n<img decoding=\"async\" class=\"wp-block-image unilux-custom-image-block\"\n                alt=\"\"\n            src=\"https:\/\/www.uni.lu\/wp-content\/uploads\/sites\/9\/2025\/02\/weber.jpg\"\n                    style=\"object-position: 50.00% 50.00%; font-family: &quot;object-fit: cover; object-position: 50.00% 50.00%;&quot;; aspect-ratio: 1\/1; object-fit: cover; width: 100%;\"\n        loading=\"lazy\"\n\/>    <\/figure><\/div>\n\n\n\n<div class=\"wp-block-unilux-blocks-wrapper list-people__body\">\n<h5 class=\"list-people__title has-text-align-left wp-block-unilux-blocks-heading\"        id=\"laurent-weber\"\n    >\nLaurent Weber<\/h5>\n\n\n\n<p class=\"list-people__description wp-block-unilux-blocks-plain-text\">Chief Information Security Officer<\/p>\n\n<div class=\"wp-block-unilux-blocks-simple-cta\">\n    <a\n        href=\"https:\/\/www.uni.lu\/en\/people\/laurent-weber\/\"\n        title=\"Learn More\"\n        class=\"link-text link-text--icon \"\n        target=\"\"\n    >\n        <span class=\"link-text__body\">\n            <span class=\"link-text__name\">Profil ansehen<\/span>\n        <\/span>\n        <svg aria-hidden=\"true\" focusable=\"false\" class=\"icon icon-outline icon--arrow-right \"><use xlink:href=\"https:\/\/www.uni.lu\/wp-content\/themes\/unilux-theme\/assets\/images\/icons\/icons-outline.svg#icon--arrow-right\"><\/use><\/svg>    <\/a>\n<\/div>\n<\/div>\n<\/div>\n<\/div>\n<\/div><\/div>\n\n<div class=\"wp-block-unilux-blocks-spacer is-spacer-size-md\"><\/div>\n\n\n<h2 class=\"has-text-align-left wp-block-unilux-blocks-heading\"        id=\"ein-universitaetsweiter-ansatz-zur-sicherheit\"\n    >\nEin universit\u00e4tsweiter Ansatz zur Sicherheit<\/h2>\n\n\n\n<p>Da die verschiedenen Abteilungen, Fakult\u00e4ten und Forschungszentren unterschiedliche Sicherheitsbed\u00fcrfnisse haben, bietet die Informationssicherheitsstrategie der Universit\u00e4t ma\u00dfgeschneiderte Leitlinien, um einen wirksamen Schutz f\u00fcr alle Einheiten zu gew\u00e4hrleisten.<\/p>\n\n\n\n<p>Durch die F\u00f6rderung einer Kultur des Cybersecurity-Bewusstseins und der Widerstandsf\u00e4higkeit bef\u00e4higt die ISO die Universit\u00e4tsgemeinschaft, sich sicher und zuversichtlich in der digitalen Welt zu bewegen.<\/p>\n\n\n\n<h2 class=\"has-text-align-left wp-block-unilux-blocks-heading\"        id=\"kontakt-mit-der-iso\"\n    >\nKontakt mit der ISO<\/h2>\n\n\n\n<p>Wenn Sie weitere Informationen oder Hilfe ben\u00f6tigen, senden Sie bitte eine E-Mail an das ISO-Team:<\/p>\n\n\n<div class=\"icon-info-wrapper\">\n    <ul class=\"wp-block-unilux-blocks-icon-info\">\n        <li class=\"wp-block-unilux-blocks-icon-info-item\">\n    \n<div class=\"wp-block-unilux-blocks-wrapper icon-info\">\n<div class=\"icon--primary icon--secondary-2  wp-block-unilux-blocks-icon-picker\">\n    <svg aria-hidden=\"true\" focusable=\"false\" class=\"icon icon-outline icon--email \"><use xlink:href=\"https:\/\/www.uni.lu\/wp-content\/themes\/unilux-theme\/assets\/images\/icons\/icons-outline.svg#icon--email\"><\/use><\/svg><\/div>\n\n\n<p class=\"has-1-125-rem-font-size\"><a href=\"mailto:iso@uni.lu\">iso@uni.lu<\/a><\/p>\n<\/div>\n<\/li>\n    <\/ul>\n<\/div>\n<\/div><\/section>\n","protected":false},"excerpt":{"rendered":"","protected":false},"author":33,"featured_media":0,"parent":1432,"menu_order":0,"comment_status":"closed","ping_status":"closed","template":"","meta":{"featured_image_focal_point":[],"show_featured_caption":false,"ulux_newsletter_groups":"","uluxPostTitle":"","uluxPrePostTitle":"","_trash_the_other_posts":false,"_price":"","_stock":"","_tribe_ticket_header":"","_tribe_default_ticket_provider":"","_tribe_ticket_capacity":"0","_ticket_start_date":"","_ticket_end_date":"","_tribe_ticket_show_description":"","_tribe_ticket_show_not_going":false,"_tribe_ticket_use_global_stock":"","_tribe_ticket_global_stock_level":"","_global_stock_mode":"","_global_stock_cap":"","_tribe_rsvp_for_event":"","_tribe_ticket_going_count":"","_tribe_ticket_not_going_count":"","_tribe_tickets_list":"[]","_tribe_ticket_has_attendee_info_fields":false,"footnotes":""},"field-of-interest":[],"organisation":[],"authorship":[33],"acf":[],"yoast_head":"<!-- This site is optimized with the Yoast SEO Premium plugin v22.3 (Yoast SEO v22.3) - https:\/\/yoast.com\/wordpress\/plugins\/seo\/ -->\n<title>B\u00fcro f\u00fcr Informationssicherheit (ISO) - Universit\u00e4t Luxemburg<\/title>\n<meta name=\"description\" content=\"Das Information Security Office (ISO) widmet sich dem Schutz der Informationsressourcen der Universit\u00e4t, indem es sicherstellt, dass die\" \/>\n<meta name=\"robots\" content=\"index, follow, max-snippet:-1, max-image-preview:large, max-video-preview:-1\" \/>\n<link rel=\"canonical\" href=\"https:\/\/www.uni.lu\/de\/ueber-uns\/organisation\/verwaltung\/buero-fuer-informationssicherheit-iso\/\" \/>\n<meta property=\"og:locale\" content=\"de_DE\" \/>\n<meta property=\"og:type\" content=\"article\" \/>\n<meta property=\"og:title\" content=\"B\u00fcro f\u00fcr Informationssicherheit (ISO)\" \/>\n<meta property=\"og:description\" content=\"Das Information Security Office (ISO) widmet sich dem Schutz der Informationsressourcen der Universit\u00e4t, indem es sicherstellt, dass die\" \/>\n<meta property=\"og:url\" content=\"https:\/\/www.uni.lu\/de\/ueber-uns\/organisation\/verwaltung\/buero-fuer-informationssicherheit-iso\/\" \/>\n<meta property=\"og:site_name\" content=\"UNI DE\" \/>\n<meta property=\"article:publisher\" content=\"https:\/\/www.facebook.com\/uni.lu\" \/>\n<meta property=\"article:modified_time\" content=\"2025-02-24T15:01:52+00:00\" \/>\n<meta property=\"og:image\" content=\"https:\/\/www.uni.lu\/wp-content\/uploads\/sites\/10\/2026\/03\/03120000\/UNIV_SM-Profile_1600x1600px-scaled.jpg\" \/>\n\t<meta property=\"og:image:width\" content=\"2560\" \/>\n\t<meta property=\"og:image:height\" content=\"2560\" \/>\n\t<meta property=\"og:image:type\" content=\"image\/jpeg\" \/>\n<meta name=\"twitter:card\" content=\"summary_large_image\" \/>\n<meta name=\"twitter:label1\" content=\"Gesch\u00e4tzte Lesezeit\" \/>\n\t<meta name=\"twitter:data1\" content=\"2 Minuten\" \/>\n<script type=\"application\/ld+json\" class=\"yoast-schema-graph\">{\"@context\":\"https:\/\/schema.org\",\"@graph\":[{\"@type\":\"WebPage\",\"@id\":\"https:\/\/www.uni.lu\/de\/ueber-uns\/organisation\/verwaltung\/buero-fuer-informationssicherheit-iso\/\",\"url\":\"https:\/\/www.uni.lu\/de\/ueber-uns\/organisation\/verwaltung\/buero-fuer-informationssicherheit-iso\/\",\"name\":\"B\u00fcro f\u00fcr Informationssicherheit (ISO) - Universit\u00e4t Luxemburg\",\"isPartOf\":{\"@id\":\"https:\/\/www.uni.lu\/de\/#website\"},\"datePublished\":\"2025-02-24T14:57:01+00:00\",\"dateModified\":\"2025-02-24T15:01:52+00:00\",\"description\":\"Das Information Security Office (ISO) widmet sich dem Schutz der Informationsressourcen der Universit\u00e4t, indem es sicherstellt, dass die\",\"breadcrumb\":{\"@id\":\"https:\/\/www.uni.lu\/de\/ueber-uns\/organisation\/verwaltung\/buero-fuer-informationssicherheit-iso\/#breadcrumb\"},\"inLanguage\":\"de-DE\",\"potentialAction\":[{\"@type\":\"ReadAction\",\"target\":[\"https:\/\/www.uni.lu\/de\/ueber-uns\/organisation\/verwaltung\/buero-fuer-informationssicherheit-iso\/\"]}]},{\"@type\":\"BreadcrumbList\",\"@id\":\"https:\/\/www.uni.lu\/de\/ueber-uns\/organisation\/verwaltung\/buero-fuer-informationssicherheit-iso\/#breadcrumb\",\"itemListElement\":[{\"@type\":\"ListItem\",\"position\":1,\"name\":\"Home\",\"item\":\"https:\/\/www.uni.lu\/de\/\"},{\"@type\":\"ListItem\",\"position\":2,\"name\":\"\u00dcber uns\",\"item\":\"https:\/\/www.uni.lu\/de\/ueber-uns\/\"},{\"@type\":\"ListItem\",\"position\":3,\"name\":\"Organisation\",\"item\":\"https:\/\/www.uni.lu\/de\/ueber-uns\/organisation\/\"},{\"@type\":\"ListItem\",\"position\":4,\"name\":\"Verwaltung\",\"item\":\"https:\/\/www.uni.lu\/de\/ueber-uns\/organisation\/verwaltung\/\"},{\"@type\":\"ListItem\",\"position\":5,\"name\":\"B\u00fcro f\u00fcr Informationssicherheit (ISO)\"}]},{\"@type\":\"WebSite\",\"@id\":\"https:\/\/www.uni.lu\/de\/#website\",\"url\":\"https:\/\/www.uni.lu\/de\/\",\"name\":\"Uni.lu\",\"description\":\"Universit\u00e4t Luxemburg\",\"publisher\":{\"@id\":\"https:\/\/www.uni.lu\/de\/#organization\"},\"alternateName\":\"Universit\u00e4t Luxemburg\",\"potentialAction\":[{\"@type\":\"SearchAction\",\"target\":{\"@type\":\"EntryPoint\",\"urlTemplate\":\"https:\/\/www.uni.lu\/de\/?s={search_term_string}\"},\"query-input\":\"required name=search_term_string\"}],\"inLanguage\":\"de-DE\"},{\"@type\":\"Organization\",\"@id\":\"https:\/\/www.uni.lu\/de\/#organization\",\"name\":\"Universit\u00e4t Luxemburg\",\"alternateName\":\"Uni.lu\",\"url\":\"https:\/\/www.uni.lu\/de\/\",\"logo\":{\"@type\":\"ImageObject\",\"inLanguage\":\"de-DE\",\"@id\":\"https:\/\/www.uni.lu\/de\/#\/schema\/logo\/image\/\",\"url\":\"https:\/\/www.uni.lu\/wp-content\/uploads\/sites\/10\/2026\/03\/03120000\/UNIV_SM-Profile_1600x1600px-scaled.jpg\",\"contentUrl\":\"https:\/\/www.uni.lu\/wp-content\/uploads\/sites\/10\/2026\/03\/03120000\/UNIV_SM-Profile_1600x1600px-scaled.jpg\",\"width\":2560,\"height\":2560,\"caption\":\"Universit\u00e4t Luxemburg\"},\"image\":\"https:\/\/www.uni.lu\/wp-content\/uploads\/sites\/10\/2026\/04\/24144329\/20200609-Belval-Campus_Henri-Goergen-23.jpg\",\"sameAs\":[\"https:\/\/www.facebook.com\/uni.lu\",\"https:\/\/www.linkedin.com\/school\/university-of-luxembourg\/\",\"https:\/\/www.instagram.com\/uni.lu\",\"https:\/\/www.youtube.com\/@uni_lu\",\"https:\/\/en.wikipedia.org\/wiki\/University_of_Luxembourg\"],\"email\":\"communication@uni.lu\",\"telephone\":\"+3524666441\",\"address\":{\"@type\":\"PostalAddress\",\"streetAddress\":\"2, place de l\u2019Universit\u00e9\",\"addressLocality\":\"Esch-sur-Alzette\",\"postalCode\":\"4365\",\"addressCountry\":\"LU\"},\"description\":\"Universit\u00e4t Luxemburg\"}]}<\/script>\n<!-- \/ Yoast SEO Premium plugin. -->","yoast_head_json":{"title":"B\u00fcro f\u00fcr Informationssicherheit (ISO) - Universit\u00e4t Luxemburg","description":"Das Information Security Office (ISO) widmet sich dem Schutz der Informationsressourcen der Universit\u00e4t, indem es sicherstellt, dass die","robots":{"index":"index","follow":"follow","max-snippet":"max-snippet:-1","max-image-preview":"max-image-preview:large","max-video-preview":"max-video-preview:-1"},"canonical":"https:\/\/www.uni.lu\/de\/ueber-uns\/organisation\/verwaltung\/buero-fuer-informationssicherheit-iso\/","og_locale":"de_DE","og_type":"article","og_title":"B\u00fcro f\u00fcr Informationssicherheit (ISO)","og_description":"Das Information Security Office (ISO) widmet sich dem Schutz der Informationsressourcen der Universit\u00e4t, indem es sicherstellt, dass die","og_url":"https:\/\/www.uni.lu\/de\/ueber-uns\/organisation\/verwaltung\/buero-fuer-informationssicherheit-iso\/","og_site_name":"UNI DE","article_publisher":"https:\/\/www.facebook.com\/uni.lu","article_modified_time":"2025-02-24T15:01:52+00:00","og_image":[{"width":2560,"height":2560,"url":"https:\/\/www.uni.lu\/wp-content\/uploads\/sites\/10\/2026\/03\/03120000\/UNIV_SM-Profile_1600x1600px-scaled.jpg","type":"image\/jpeg"}],"twitter_card":"summary_large_image","twitter_misc":{"Gesch\u00e4tzte Lesezeit":"2 Minuten"},"schema":{"@context":"https:\/\/schema.org","@graph":[{"@type":"WebPage","@id":"https:\/\/www.uni.lu\/de\/ueber-uns\/organisation\/verwaltung\/buero-fuer-informationssicherheit-iso\/","url":"https:\/\/www.uni.lu\/de\/ueber-uns\/organisation\/verwaltung\/buero-fuer-informationssicherheit-iso\/","name":"B\u00fcro f\u00fcr Informationssicherheit (ISO) - Universit\u00e4t Luxemburg","isPartOf":{"@id":"https:\/\/www.uni.lu\/de\/#website"},"datePublished":"2025-02-24T14:57:01+00:00","dateModified":"2025-02-24T15:01:52+00:00","description":"Das Information Security Office (ISO) widmet sich dem Schutz der Informationsressourcen der Universit\u00e4t, indem es sicherstellt, dass die","breadcrumb":{"@id":"https:\/\/www.uni.lu\/de\/ueber-uns\/organisation\/verwaltung\/buero-fuer-informationssicherheit-iso\/#breadcrumb"},"inLanguage":"de-DE","potentialAction":[{"@type":"ReadAction","target":["https:\/\/www.uni.lu\/de\/ueber-uns\/organisation\/verwaltung\/buero-fuer-informationssicherheit-iso\/"]}]},{"@type":"BreadcrumbList","@id":"https:\/\/www.uni.lu\/de\/ueber-uns\/organisation\/verwaltung\/buero-fuer-informationssicherheit-iso\/#breadcrumb","itemListElement":[{"@type":"ListItem","position":1,"name":"Home","item":"https:\/\/www.uni.lu\/de\/"},{"@type":"ListItem","position":2,"name":"\u00dcber uns","item":"https:\/\/www.uni.lu\/de\/ueber-uns\/"},{"@type":"ListItem","position":3,"name":"Organisation","item":"https:\/\/www.uni.lu\/de\/ueber-uns\/organisation\/"},{"@type":"ListItem","position":4,"name":"Verwaltung","item":"https:\/\/www.uni.lu\/de\/ueber-uns\/organisation\/verwaltung\/"},{"@type":"ListItem","position":5,"name":"B\u00fcro f\u00fcr Informationssicherheit (ISO)"}]},{"@type":"WebSite","@id":"https:\/\/www.uni.lu\/de\/#website","url":"https:\/\/www.uni.lu\/de\/","name":"Uni.lu","description":"Universit\u00e4t Luxemburg","publisher":{"@id":"https:\/\/www.uni.lu\/de\/#organization"},"alternateName":"Universit\u00e4t Luxemburg","potentialAction":[{"@type":"SearchAction","target":{"@type":"EntryPoint","urlTemplate":"https:\/\/www.uni.lu\/de\/?s={search_term_string}"},"query-input":"required name=search_term_string"}],"inLanguage":"de-DE"},{"@type":"Organization","@id":"https:\/\/www.uni.lu\/de\/#organization","name":"Universit\u00e4t Luxemburg","alternateName":"Uni.lu","url":"https:\/\/www.uni.lu\/de\/","logo":{"@type":"ImageObject","inLanguage":"de-DE","@id":"https:\/\/www.uni.lu\/de\/#\/schema\/logo\/image\/","url":"https:\/\/www.uni.lu\/wp-content\/uploads\/sites\/10\/2026\/03\/03120000\/UNIV_SM-Profile_1600x1600px-scaled.jpg","contentUrl":"https:\/\/www.uni.lu\/wp-content\/uploads\/sites\/10\/2026\/03\/03120000\/UNIV_SM-Profile_1600x1600px-scaled.jpg","width":2560,"height":2560,"caption":"Universit\u00e4t Luxemburg"},"image":"https:\/\/www.uni.lu\/wp-content\/uploads\/sites\/10\/2026\/04\/24144329\/20200609-Belval-Campus_Henri-Goergen-23.jpg","sameAs":["https:\/\/www.facebook.com\/uni.lu","https:\/\/www.linkedin.com\/school\/university-of-luxembourg\/","https:\/\/www.instagram.com\/uni.lu","https:\/\/www.youtube.com\/@uni_lu","https:\/\/en.wikipedia.org\/wiki\/University_of_Luxembourg"],"email":"communication@uni.lu","telephone":"+3524666441","address":{"@type":"PostalAddress","streetAddress":"2, place de l\u2019Universit\u00e9","addressLocality":"Esch-sur-Alzette","postalCode":"4365","addressCountry":"LU"},"description":"Universit\u00e4t Luxemburg"}]}},"ticketed":false,"_links":{"self":[{"href":"https:\/\/www.uni.lu\/de\/wp-json\/wp\/v2\/pages\/6080"}],"collection":[{"href":"https:\/\/www.uni.lu\/de\/wp-json\/wp\/v2\/pages"}],"about":[{"href":"https:\/\/www.uni.lu\/de\/wp-json\/wp\/v2\/types\/page"}],"author":[{"embeddable":true,"href":"https:\/\/www.uni.lu\/de\/wp-json\/wp\/v2\/users\/33"}],"replies":[{"embeddable":true,"href":"https:\/\/www.uni.lu\/de\/wp-json\/wp\/v2\/comments?post=6080"}],"version-history":[{"count":5,"href":"https:\/\/www.uni.lu\/de\/wp-json\/wp\/v2\/pages\/6080\/revisions"}],"predecessor-version":[{"id":6087,"href":"https:\/\/www.uni.lu\/de\/wp-json\/wp\/v2\/pages\/6080\/revisions\/6087"}],"up":[{"embeddable":true,"href":"https:\/\/www.uni.lu\/de\/wp-json\/wp\/v2\/pages\/1432"}],"wp:authorship":[{"embeddable":true,"href":"https:\/\/www.uni.lu\/de\/wp-json\/wp\/v2\/users\/33"}],"wp:attachment":[{"href":"https:\/\/www.uni.lu\/de\/wp-json\/wp\/v2\/media?parent=6080"}],"wp:term":[{"taxonomy":"field-of-interest","embeddable":true,"href":"https:\/\/www.uni.lu\/de\/wp-json\/wp\/v2\/field-of-interest?post=6080"},{"taxonomy":"organisation","embeddable":true,"href":"https:\/\/www.uni.lu\/de\/wp-json\/wp\/v2\/organisation?post=6080"}],"curies":[{"name":"wp","href":"https:\/\/api.w.org\/{rel}","templated":true}]}}