{"id":5515,"date":"2024-12-09T10:48:39","date_gmt":"2024-12-09T09:48:39","guid":{"rendered":"https:\/\/www.uni.lu\/de\/?page_id=5515"},"modified":"2026-04-10T20:14:54","modified_gmt":"2026-04-10T18:14:54","slug":"strategy-planning","status":"publish","type":"page","link":"https:\/\/www.uni.lu\/de\/ueber-uns\/organisation\/verwaltung\/facility-management-abteilung\/strategy-planning\/","title":{"rendered":"Facility Management Strategy and Planning"},"content":{"rendered":"<section class=\"section section pb-0 wp-block-unilux-blocks-page-intro py-0\">\n    \n<div class=\"wp-block-unilux-blocks-wrapper container xl:max-w-screen-xl\">\n<div class=\"wp-block-unilux-blocks-wrapper flex flex-wrap -mx-16\">\n<div class=\"wp-block-unilux-blocks-wrapper flex-1 mb-48 px-16\">\n<h2 class=\"has-text-align-left wp-block-unilux-blocks-heading\"        id=\"facility-management-strategy-and-planning\"\n    >\nFacility Management Strategy and Planning<\/h2>\n\n\n\n<p>Das Strategie- und Planungsteam ist in drei Hauptfunktionsbereiche unterteilt, die jeweils spezifische Aufgaben haben: Bereich Raummanagement \/Logistik, Abteilung Infrastrukturprojekte, und Zentrale Wartung.<\/p>\n\n\n\n<ul class=\"wp-block-unilux-blocks-custom-buttons btn-list\"><\/ul>\n<\/div>\n\n\n\n<div class=\"wp-block-unilux-blocks-wrapper w-full md:w-auto px-16\">\n<div class=\"wp-block-unilux-blocks-wrapper flex flex-col items-center\">\n<h2 class=\"text-h4 has-text-align-left wp-block-unilux-blocks-heading\"    >\n<\/h2>\n\n\n<a class=\"wp-block-unilux-blocks-button-highlight-square\"\n    href=\"https:\/\/www.uni.lu\/wp-content\/uploads\/sites\/9\/2026\/04\/10161508\/2026-04-09-orgchart-fm.pdf\"\n    target=\"_self\"\n>\n    <span class=\"btn-highlight-square__container\">\n        <div class=\"btn-highlight-square__body\">\n    <svg aria-hidden=\"true\" focusable=\"false\" class=\"icon icon-outline icon--download-link icon--xl\"><use xlink:href=\"https:\/\/www.uni.lu\/wp-content\/themes\/unilux-theme\/assets\/images\/icons\/icons-outline.svg#icon--download-link\"><\/use><\/svg>    <span class=\"btn btn--dark\">\n        \n<span class=\"btn__name wp-block-unilux-blocks-plain-text\">Organigramm<\/span>    <\/span>\n<\/div><figure class=\"wp-block-dev4-reusable-blocks-image image-bg object-fit--cover\">\n    \n<img decoding=\"async\" class=\"wp-block-image unilux-custom-image-block\"\n                alt=\"\"\n            src=\"https:\/\/www.uni.lu\/wp-content\/uploads\/sites\/9\/2023\/08\/pdf-download.png\"\n                    style=\"object-position: 50.00% 50.00%; font-family: &quot;object-fit: cover; object-position: 50.00% 50.00%;&quot;; aspect-ratio: 3\/4; object-fit: cover; width: 100%;\"\n        loading=\"lazy\"\n\/>    <\/figure>    <\/span>\n<\/a><\/div>\n<\/div>\n<\/div>\n<\/div>\n<\/section>\n\n\n<section class=\"wp-block-unilux-blocks-free-section section\"><div class=\"container xl:max-w-screen-xl\">\n<h3 class=\"has-text-align-left wp-block-unilux-blocks-heading\"        id=\"drei-hauptfunktionsbereiche\"\n    >\nDrei Hauptfunktionsbereiche<\/h3>\n\n\n\n<ul class=\"wp-block-unilux-blocks-highlighted-list list-highlighted list-highlighted--architectural\"><li class=\"list-highlighted__item  wp-block-unilux-blocks-highlighted-list-item\">\n    <header class=\"list-highlighted__header wp-block-unilux-blocks-highlighted-list-item-header\">\n    \n<h4 class=\"title text-18 font-bold has-text-align-left wp-block-unilux-blocks-heading\"        id=\"bereich-raummanagement-logistik\"\n    >\nBereich Raummanagement \/Logistik<\/h4>\n<div class=\"wp-block-unilux-blocks-bigtext\">\n    <span>\n        \n    <\/span>\n<\/div><\/header><div class=\"list-highlighted__body wp-block-unilux-blocks-highlighted-list-item-body\">\n    <div class=\"wp-block-unilux-blocks-highlighted-list-item-free-content-area\">\n    \n<p><strong>Strategisches Raummanagement, Veranstaltungslogistik, M\u00f6bel und Geba\u00fcdebeschilderung<\/strong><\/p>\n\n<p><em>Arbeitsplatzmanagement<\/em><\/p>\n\n<ul class=\"ulux-list\">\n<li class=\"ulux-list-item\">Festlegung und Umsetzung der Belegungsstrategie<\/li>\n\n\n\n<li class=\"ulux-list-item\">Richtlinien f\u00fcr die Raumnutzung und deren Einhaltung<\/li>\n\n\n\n<li class=\"ulux-list-item\">Verantwortlicher f\u00fcr die Bearbeitung und Nachverfolgung von zus\u00e4tzlichen Raumantr\u00e4gen<\/li>\n\n\n\n<li class=\"ulux-list-item\">Datenbankverwaltung und Festlegung grafischer Standards (Charta, Indexierung &#8230; )<\/li>\n\n\n\n<li class=\"ulux-list-item\">Verantwortlicher f\u00fcr die Geb\u00e4udebeschilderung<\/li>\n\n\n\n<li class=\"ulux-list-item\">Koordination von Umz\u00fcgen\/Verlagerungen<\/li>\n<\/ul>\n\n<p><em>Veranstaltungslogistik<\/em><\/p>\n\n<ul class=\"ulux-list\">\n<li class=\"ulux-list-item\">Logistische Planung und Koordination von Gro\u00dfveranstaltungen<\/li>\n\n\n\n<li class=\"ulux-list-item\">Kontakt zu externen Partnern (FB, ABP, MESR, Stadt Esch&#8230;) und Unterst\u00fctzung bei Protokollangelegenheiten<\/li>\n<\/ul>\n\n<p><em>Ausstattungs- und Bestandsverwaltung<\/em><\/p>\n\n<ul class=\"ulux-list\">\n<li class=\"ulux-list-item\">Beschaffung von M\u00f6beln und Zubeh\u00f6r (Leuchten, B\u00fcroabfalleimer, Wandtafeln&#8230;)<\/li>\n\n\n\n<li class=\"ulux-list-item\">Verantwortlich f\u00fcr die Festlegung der Inventarisierungsstrategie und die Koordinierung der Inventarisierungen<\/li>\n<\/ul>\n<\/div><\/div><\/li>\n\n<li class=\"list-highlighted__item  wp-block-unilux-blocks-highlighted-list-item\">\n    <header class=\"list-highlighted__header wp-block-unilux-blocks-highlighted-list-item-header\">\n    \n<h4 class=\"title text-18 font-bold has-text-align-left wp-block-unilux-blocks-heading\"        id=\"abteilung-infrastrukturprojekte\"\n    >\nAbteilung Infrastrukturprojekte<\/h4>\n<div class=\"wp-block-unilux-blocks-bigtext\">\n    <span>\n        \n    <\/span>\n<\/div><\/header><div class=\"list-highlighted__body wp-block-unilux-blocks-highlighted-list-item-body\">\n    <div class=\"wp-block-unilux-blocks-highlighted-list-item-free-content-area\">\n    \n<p><strong>Planung und Durchf\u00fchrung von Infrastruktur-, Technik- und Sicherheitsprojekten<\/strong><\/p>\n\n<ul class=\"ulux-list\">\n<li class=\"ulux-list-item\">Entwicklung von Konzepten, Machbarkeits- und technischen Studien sowie Anforderungsprogrammen<\/li>\n\n\n\n<li class=\"ulux-list-item\">Projektdurchf\u00fchrung und Abnahmen: \u00dcberwachung der Arbeiten bis zur endg\u00fcltigen \u00dcbergabe<\/li>\n\n\n\n<li class=\"ulux-list-item\">Spezifische technische Projekte: Datenverkabelung, Sicherheitsinstallationen, Commodos\/Betriebsgenehmigungen<\/li>\n<\/ul>\n<\/div><\/div><\/li>\n\n<li class=\"list-highlighted__item  wp-block-unilux-blocks-highlighted-list-item\">\n    <header class=\"list-highlighted__header wp-block-unilux-blocks-highlighted-list-item-header\">\n    \n<h4 class=\"title text-18 font-bold has-text-align-left wp-block-unilux-blocks-heading\"        id=\"zentrale-wartung\"\n    >\nZentrale Wartung<\/h4>\n<div class=\"wp-block-unilux-blocks-bigtext\">\n    <span>\n        \n    <\/span>\n<\/div><\/header><div class=\"list-highlighted__body wp-block-unilux-blocks-highlighted-list-item-body\">\n    <div class=\"wp-block-unilux-blocks-highlighted-list-item-free-content-area\">\n    \n<p><strong>Gesch\u00e4ftskontinuit\u00e4t, technische Wartung und Optimierung der technischen Geb\u00e4udeausr\u00fcstung<\/strong><\/p>\n\n<ul class=\"ulux-list\">\n<li class=\"ulux-list-item\">Gesch\u00e4ftskontinuit\u00e4t (Entwicklung eines BCA-Konzepts, Identifizierung technischer Ausf\u00e4lle)<\/li>\n\n\n\n<li class=\"ulux-list-item\">Entwurf, Installation und Betrieb von Wartungstools<\/li>\n\n\n\n<li class=\"ulux-list-item\">Verwaltung und Koordination von Vertr\u00e4gen und Ausr\u00fcstung<\/li>\n\n\n\n<li class=\"ulux-list-item\">Technische \u00dcberwachung und Optimierung (Analyse von Betriebskosten, Verbrauch und technischen Berichten)<\/li>\n\n\n\n<li class=\"ulux-list-item\">Incident Management (Fehleranalyse, Strategie zur Fehlerbehebung und Korrekturma\u00dfnahmen)<\/li>\n<\/ul>\n<\/div><\/div><\/li><\/ul>\n\n\n<div class=\"py-48 first:pt-0 last:pb-0 wp-block-unilux-blocks-people-list\">\n    \n<h2 class=\"has-text-align-left wp-block-unilux-blocks-heading\"        id=\"teamleiter\"\n    >\n<strong>Teamleiter<\/strong><\/h2>\n<ul class=\"flex flex-wrap -mx-16 wp-block-unilux-blocks-people-item-wrapper\">\n    <li class=\"w-full md:w-1\/2 p-16 wp-block-unilux-blocks-people-item-automated\"><div class=\"ulux-card card-people bg-theme\"><div class=\"list-people bg-theme\">\n    <div class=\"list-people__container\">\n        <div class=\"list-people__visual\">\n            <figure class=\"wp-block-dev4-reusable-blocks-image\">\n                <!-- Template Image Component: default -->\n<img decoding=\"async\" class=\"w-full\" width=\"\" height=\"\" rel=\"\" alt=\"Beno\u00eet FOUSS\" src=\"https:\/\/www.uni.lu\/en\/person-image\/NTAwMDg4NDVfX0Jlbm_DrnQgRk9VU1M=\" srcset=\"https:\/\/www.uni.lu\/en\/person-image\/NTAwMDg4NDVfX0Jlbm_DrnQgRk9VU1M=--thumbnail 150w,https:\/\/www.uni.lu\/en\/person-image\/NTAwMDg4NDVfX0Jlbm_DrnQgRk9VU1M=--medium 300w,https:\/\/www.uni.lu\/en\/person-image\/NTAwMDg4NDVfX0Jlbm_DrnQgRk9VU1M=--medium_large 768w,https:\/\/www.uni.lu\/en\/person-image\/NTAwMDg4NDVfX0Jlbm_DrnQgRk9VU1M=--large 1024w,https:\/\/www.uni.lu\/en\/person-image\/NTAwMDg4NDVfX0Jlbm_DrnQgRk9VU1M=--1536x1536 1536w,https:\/\/www.uni.lu\/en\/person-image\/NTAwMDg4NDVfX0Jlbm_DrnQgRk9VU1M=--2048x2048 2048w\" loading=\"lazy\" \/><!-- end Image Component -->\n            <\/figure>\n        <\/div>\n        <div class=\"list-people__body\">\n            <h3 class=\"list-people__title\">Beno\u00eet FOUSS<\/h3>\n            <p class=\"list-people__description\">Team Leader of FM Projects and Planning<\/p>\n            <div class=\"wp-block-unilux-blocks-simple-cta wp-block-unilux-blocks-people-item-automated\">\n    <a\n        href=\"https:\/\/www.uni.lu\/en\/people\/benoit-fouss\/\"\n        title=\"Beno\u00eet FOUSS\"\n        class=\"link-text link-text--icon list-people__link link-absolute\"\n        target=\"\"\n    >\n        <span class=\"link-text__body\">\n            <span class=\"link-text__name\">Profil anzeigen<\/span>\n        <\/span>\n        <svg aria-hidden=\"true\" focusable=\"false\" class=\"icon icon-outline icon--arrow-right \"><use xlink:href=\"https:\/\/www.uni.lu\/wp-content\/themes\/unilux-theme\/assets\/images\/icons\/icons-outline.svg#icon--arrow-right\"><\/use><\/svg>    <\/a>\n<\/div>\n        <\/div>\n    <\/div>\n<\/div>\n<\/div><\/li><\/ul>\n\n<\/div>\n\n<\/div><\/section>\n","protected":false},"excerpt":{"rendered":"","protected":false},"author":33,"featured_media":0,"parent":5944,"menu_order":0,"comment_status":"closed","ping_status":"closed","template":"","meta":{"featured_image_focal_point":[],"show_featured_caption":false,"ulux_newsletter_groups":"","uluxPostTitle":"","uluxPrePostTitle":"","_trash_the_other_posts":false,"_price":"","_stock":"","_tribe_ticket_header":"","_tribe_default_ticket_provider":"","_tribe_ticket_capacity":"0","_ticket_start_date":"","_ticket_end_date":"","_tribe_ticket_show_description":"","_tribe_ticket_show_not_going":false,"_tribe_ticket_use_global_stock":"","_tribe_ticket_global_stock_level":"","_global_stock_mode":"","_global_stock_cap":"","_tribe_rsvp_for_event":"","_tribe_ticket_going_count":"","_tribe_ticket_not_going_count":"","_tribe_tickets_list":"[]","_tribe_ticket_has_attendee_info_fields":false,"footnotes":""},"field-of-interest":[],"organisation":[],"authorship":[33,341],"acf":[],"yoast_head":"<!-- This site is optimized with the Yoast SEO Premium plugin v22.3 (Yoast SEO v22.3) - https:\/\/yoast.com\/wordpress\/plugins\/seo\/ -->\n<title>Facility Management Strategy and Planning - Universit\u00e4t Luxemburg<\/title>\n<meta name=\"description\" content=\"Das Strategie- und Planungsteam ist in drei Hauptfunktionsbereiche unterteilt, die jeweils spezifische Aufgaben haben: Bereich Raummanagement \/Logistik,\" \/>\n<meta name=\"robots\" content=\"index, follow, max-snippet:-1, max-image-preview:large, max-video-preview:-1\" \/>\n<link rel=\"canonical\" href=\"https:\/\/www.uni.lu\/de\/ueber-uns\/organisation\/verwaltung\/facility-management-abteilung\/strategy-planning\/\" \/>\n<meta property=\"og:locale\" content=\"de_DE\" \/>\n<meta property=\"og:type\" content=\"article\" \/>\n<meta property=\"og:title\" content=\"Facility Management Strategy and Planning\" \/>\n<meta property=\"og:description\" content=\"Das Strategie- und Planungsteam ist in drei Hauptfunktionsbereiche unterteilt, die jeweils spezifische Aufgaben haben: Bereich Raummanagement \/Logistik,\" \/>\n<meta property=\"og:url\" content=\"https:\/\/www.uni.lu\/de\/ueber-uns\/organisation\/verwaltung\/facility-management-abteilung\/strategy-planning\/\" \/>\n<meta property=\"og:site_name\" content=\"UNI DE\" \/>\n<meta property=\"article:publisher\" content=\"https:\/\/www.facebook.com\/uni.lu\" \/>\n<meta property=\"article:modified_time\" content=\"2026-04-10T18:14:54+00:00\" \/>\n<meta property=\"og:image\" content=\"https:\/\/www.uni.lu\/wp-content\/uploads\/sites\/10\/2026\/03\/03120000\/UNIV_SM-Profile_1600x1600px-scaled.jpg\" \/>\n\t<meta property=\"og:image:width\" content=\"2560\" \/>\n\t<meta property=\"og:image:height\" content=\"2560\" \/>\n\t<meta property=\"og:image:type\" content=\"image\/jpeg\" \/>\n<meta name=\"twitter:card\" content=\"summary_large_image\" \/>\n<meta name=\"twitter:label1\" content=\"Gesch\u00e4tzte Lesezeit\" \/>\n\t<meta name=\"twitter:data1\" content=\"2 Minuten\" \/>\n<script type=\"application\/ld+json\" class=\"yoast-schema-graph\">{\"@context\":\"https:\/\/schema.org\",\"@graph\":[{\"@type\":\"WebPage\",\"@id\":\"https:\/\/www.uni.lu\/de\/ueber-uns\/organisation\/verwaltung\/facility-management-abteilung\/strategy-planning\/\",\"url\":\"https:\/\/www.uni.lu\/de\/ueber-uns\/organisation\/verwaltung\/facility-management-abteilung\/strategy-planning\/\",\"name\":\"Facility Management Strategy and Planning - Universit\u00e4t Luxemburg\",\"isPartOf\":{\"@id\":\"https:\/\/www.uni.lu\/de\/#website\"},\"datePublished\":\"2024-12-09T09:48:39+00:00\",\"dateModified\":\"2026-04-10T18:14:54+00:00\",\"description\":\"Das Strategie- und Planungsteam ist in drei Hauptfunktionsbereiche unterteilt, die jeweils spezifische Aufgaben haben: Bereich Raummanagement \/Logistik,\",\"breadcrumb\":{\"@id\":\"https:\/\/www.uni.lu\/de\/ueber-uns\/organisation\/verwaltung\/facility-management-abteilung\/strategy-planning\/#breadcrumb\"},\"inLanguage\":\"de-DE\",\"potentialAction\":[{\"@type\":\"ReadAction\",\"target\":[\"https:\/\/www.uni.lu\/de\/ueber-uns\/organisation\/verwaltung\/facility-management-abteilung\/strategy-planning\/\"]}]},{\"@type\":\"BreadcrumbList\",\"@id\":\"https:\/\/www.uni.lu\/de\/ueber-uns\/organisation\/verwaltung\/facility-management-abteilung\/strategy-planning\/#breadcrumb\",\"itemListElement\":[{\"@type\":\"ListItem\",\"position\":1,\"name\":\"Home\",\"item\":\"https:\/\/www.uni.lu\/de\/\"},{\"@type\":\"ListItem\",\"position\":2,\"name\":\"\u00dcber uns\",\"item\":\"https:\/\/www.uni.lu\/de\/ueber-uns\/\"},{\"@type\":\"ListItem\",\"position\":3,\"name\":\"Organisation\",\"item\":\"https:\/\/www.uni.lu\/de\/ueber-uns\/organisation\/\"},{\"@type\":\"ListItem\",\"position\":4,\"name\":\"Verwaltung\",\"item\":\"https:\/\/www.uni.lu\/de\/ueber-uns\/organisation\/verwaltung\/\"},{\"@type\":\"ListItem\",\"position\":5,\"name\":\"Facility Management-Abteilung\",\"item\":\"https:\/\/www.uni.lu\/de\/ueber-uns\/organisation\/verwaltung\/facility-management-abteilung\/\"},{\"@type\":\"ListItem\",\"position\":6,\"name\":\"Facility Management Strategy and Planning\"}]},{\"@type\":\"WebSite\",\"@id\":\"https:\/\/www.uni.lu\/de\/#website\",\"url\":\"https:\/\/www.uni.lu\/de\/\",\"name\":\"Uni.lu\",\"description\":\"Universit\u00e4t Luxemburg\",\"publisher\":{\"@id\":\"https:\/\/www.uni.lu\/de\/#organization\"},\"alternateName\":\"Universit\u00e4t Luxemburg\",\"potentialAction\":[{\"@type\":\"SearchAction\",\"target\":{\"@type\":\"EntryPoint\",\"urlTemplate\":\"https:\/\/www.uni.lu\/de\/?s={search_term_string}\"},\"query-input\":\"required name=search_term_string\"}],\"inLanguage\":\"de-DE\"},{\"@type\":\"Organization\",\"@id\":\"https:\/\/www.uni.lu\/de\/#organization\",\"name\":\"Universit\u00e4t Luxemburg\",\"alternateName\":\"Uni.lu\",\"url\":\"https:\/\/www.uni.lu\/de\/\",\"logo\":{\"@type\":\"ImageObject\",\"inLanguage\":\"de-DE\",\"@id\":\"https:\/\/www.uni.lu\/de\/#\/schema\/logo\/image\/\",\"url\":\"https:\/\/www.uni.lu\/wp-content\/uploads\/sites\/10\/2026\/03\/03120000\/UNIV_SM-Profile_1600x1600px-scaled.jpg\",\"contentUrl\":\"https:\/\/www.uni.lu\/wp-content\/uploads\/sites\/10\/2026\/03\/03120000\/UNIV_SM-Profile_1600x1600px-scaled.jpg\",\"width\":2560,\"height\":2560,\"caption\":\"Universit\u00e4t Luxemburg\"},\"image\":{\"@id\":\"https:\/\/www.uni.lu\/de\/#\/schema\/logo\/image\/\"},\"sameAs\":[\"https:\/\/www.facebook.com\/uni.lu\",\"https:\/\/www.linkedin.com\/school\/university-of-luxembourg\/\",\"https:\/\/www.instagram.com\/uni.lu\",\"https:\/\/www.youtube.com\/@uni_lu\",\"https:\/\/en.wikipedia.org\/wiki\/University_of_Luxembourg\"]}]}<\/script>\n<!-- \/ Yoast SEO Premium plugin. -->","yoast_head_json":{"title":"Facility Management Strategy and Planning - Universit\u00e4t Luxemburg","description":"Das Strategie- und Planungsteam ist in drei Hauptfunktionsbereiche unterteilt, die jeweils spezifische Aufgaben haben: Bereich Raummanagement \/Logistik,","robots":{"index":"index","follow":"follow","max-snippet":"max-snippet:-1","max-image-preview":"max-image-preview:large","max-video-preview":"max-video-preview:-1"},"canonical":"https:\/\/www.uni.lu\/de\/ueber-uns\/organisation\/verwaltung\/facility-management-abteilung\/strategy-planning\/","og_locale":"de_DE","og_type":"article","og_title":"Facility Management Strategy and Planning","og_description":"Das Strategie- und Planungsteam ist in drei Hauptfunktionsbereiche unterteilt, die jeweils spezifische Aufgaben haben: Bereich Raummanagement \/Logistik,","og_url":"https:\/\/www.uni.lu\/de\/ueber-uns\/organisation\/verwaltung\/facility-management-abteilung\/strategy-planning\/","og_site_name":"UNI DE","article_publisher":"https:\/\/www.facebook.com\/uni.lu","article_modified_time":"2026-04-10T18:14:54+00:00","og_image":[{"width":2560,"height":2560,"url":"https:\/\/www.uni.lu\/wp-content\/uploads\/sites\/10\/2026\/03\/03120000\/UNIV_SM-Profile_1600x1600px-scaled.jpg","type":"image\/jpeg"}],"twitter_card":"summary_large_image","twitter_misc":{"Gesch\u00e4tzte Lesezeit":"2 Minuten"},"schema":{"@context":"https:\/\/schema.org","@graph":[{"@type":"WebPage","@id":"https:\/\/www.uni.lu\/de\/ueber-uns\/organisation\/verwaltung\/facility-management-abteilung\/strategy-planning\/","url":"https:\/\/www.uni.lu\/de\/ueber-uns\/organisation\/verwaltung\/facility-management-abteilung\/strategy-planning\/","name":"Facility Management Strategy and Planning - Universit\u00e4t Luxemburg","isPartOf":{"@id":"https:\/\/www.uni.lu\/de\/#website"},"datePublished":"2024-12-09T09:48:39+00:00","dateModified":"2026-04-10T18:14:54+00:00","description":"Das Strategie- und Planungsteam ist in drei Hauptfunktionsbereiche unterteilt, die jeweils spezifische Aufgaben haben: Bereich Raummanagement \/Logistik,","breadcrumb":{"@id":"https:\/\/www.uni.lu\/de\/ueber-uns\/organisation\/verwaltung\/facility-management-abteilung\/strategy-planning\/#breadcrumb"},"inLanguage":"de-DE","potentialAction":[{"@type":"ReadAction","target":["https:\/\/www.uni.lu\/de\/ueber-uns\/organisation\/verwaltung\/facility-management-abteilung\/strategy-planning\/"]}]},{"@type":"BreadcrumbList","@id":"https:\/\/www.uni.lu\/de\/ueber-uns\/organisation\/verwaltung\/facility-management-abteilung\/strategy-planning\/#breadcrumb","itemListElement":[{"@type":"ListItem","position":1,"name":"Home","item":"https:\/\/www.uni.lu\/de\/"},{"@type":"ListItem","position":2,"name":"\u00dcber uns","item":"https:\/\/www.uni.lu\/de\/ueber-uns\/"},{"@type":"ListItem","position":3,"name":"Organisation","item":"https:\/\/www.uni.lu\/de\/ueber-uns\/organisation\/"},{"@type":"ListItem","position":4,"name":"Verwaltung","item":"https:\/\/www.uni.lu\/de\/ueber-uns\/organisation\/verwaltung\/"},{"@type":"ListItem","position":5,"name":"Facility Management-Abteilung","item":"https:\/\/www.uni.lu\/de\/ueber-uns\/organisation\/verwaltung\/facility-management-abteilung\/"},{"@type":"ListItem","position":6,"name":"Facility Management Strategy and Planning"}]},{"@type":"WebSite","@id":"https:\/\/www.uni.lu\/de\/#website","url":"https:\/\/www.uni.lu\/de\/","name":"Uni.lu","description":"Universit\u00e4t Luxemburg","publisher":{"@id":"https:\/\/www.uni.lu\/de\/#organization"},"alternateName":"Universit\u00e4t Luxemburg","potentialAction":[{"@type":"SearchAction","target":{"@type":"EntryPoint","urlTemplate":"https:\/\/www.uni.lu\/de\/?s={search_term_string}"},"query-input":"required name=search_term_string"}],"inLanguage":"de-DE"},{"@type":"Organization","@id":"https:\/\/www.uni.lu\/de\/#organization","name":"Universit\u00e4t Luxemburg","alternateName":"Uni.lu","url":"https:\/\/www.uni.lu\/de\/","logo":{"@type":"ImageObject","inLanguage":"de-DE","@id":"https:\/\/www.uni.lu\/de\/#\/schema\/logo\/image\/","url":"https:\/\/www.uni.lu\/wp-content\/uploads\/sites\/10\/2026\/03\/03120000\/UNIV_SM-Profile_1600x1600px-scaled.jpg","contentUrl":"https:\/\/www.uni.lu\/wp-content\/uploads\/sites\/10\/2026\/03\/03120000\/UNIV_SM-Profile_1600x1600px-scaled.jpg","width":2560,"height":2560,"caption":"Universit\u00e4t Luxemburg"},"image":{"@id":"https:\/\/www.uni.lu\/de\/#\/schema\/logo\/image\/"},"sameAs":["https:\/\/www.facebook.com\/uni.lu","https:\/\/www.linkedin.com\/school\/university-of-luxembourg\/","https:\/\/www.instagram.com\/uni.lu","https:\/\/www.youtube.com\/@uni_lu","https:\/\/en.wikipedia.org\/wiki\/University_of_Luxembourg"]}]}},"ticketed":false,"_links":{"self":[{"href":"https:\/\/www.uni.lu\/de\/wp-json\/wp\/v2\/pages\/5515"}],"collection":[{"href":"https:\/\/www.uni.lu\/de\/wp-json\/wp\/v2\/pages"}],"about":[{"href":"https:\/\/www.uni.lu\/de\/wp-json\/wp\/v2\/types\/page"}],"author":[{"embeddable":true,"href":"https:\/\/www.uni.lu\/de\/wp-json\/wp\/v2\/users\/33"}],"replies":[{"embeddable":true,"href":"https:\/\/www.uni.lu\/de\/wp-json\/wp\/v2\/comments?post=5515"}],"version-history":[{"count":5,"href":"https:\/\/www.uni.lu\/de\/wp-json\/wp\/v2\/pages\/5515\/revisions"}],"predecessor-version":[{"id":9236,"href":"https:\/\/www.uni.lu\/de\/wp-json\/wp\/v2\/pages\/5515\/revisions\/9236"}],"up":[{"embeddable":true,"href":"https:\/\/www.uni.lu\/de\/wp-json\/wp\/v2\/pages\/5944"}],"wp:authorship":[{"embeddable":true,"href":"https:\/\/www.uni.lu\/de\/wp-json\/wp\/v2\/users\/33"},{"embeddable":true,"href":"https:\/\/www.uni.lu\/de\/wp-json\/wp\/v2\/users\/341"}],"wp:attachment":[{"href":"https:\/\/www.uni.lu\/de\/wp-json\/wp\/v2\/media?parent=5515"}],"wp:term":[{"taxonomy":"field-of-interest","embeddable":true,"href":"https:\/\/www.uni.lu\/de\/wp-json\/wp\/v2\/field-of-interest?post=5515"},{"taxonomy":"organisation","embeddable":true,"href":"https:\/\/www.uni.lu\/de\/wp-json\/wp\/v2\/organisation?post=5515"}],"curies":[{"name":"wp","href":"https:\/\/api.w.org\/{rel}","templated":true}]}}