{"id":5343,"date":"2024-11-12T08:45:02","date_gmt":"2024-11-12T07:45:02","guid":{"rendered":"https:\/\/www.uni.lu\/de\/?page_id=5343"},"modified":"2024-11-12T08:46:23","modified_gmt":"2024-11-12T07:46:23","slug":"integritaet-der-forschung","status":"publish","type":"page","link":"https:\/\/www.uni.lu\/de\/ueber-uns\/ethik-integritaet\/integritaet-der-forschung\/","title":{"rendered":"Integrit\u00e4t der Forschung"},"content":{"rendered":"\n<section class=\"py-0 wp-block-unilux-blocks-free-section section\"><div class=\"container xl:max-w-screen-xl\">\n<h1 class=\"has-text-align-left wp-block-unilux-blocks-heading\"        id=\"integritaet-der-forschung\"\n    >\n<strong>Integrit\u00e4t der Forschung<\/strong><\/h1>\n\n\n<div class=\"wp-block-unilux-blocks-spacer is-spacer-size-md\"><\/div>\n\n\n<p>Die Universit\u00e4t Luxemburg f\u00fchrt ihre Forschung in \u00dcbereinstimmung mit den h\u00f6chsten Standards f\u00fcr Ethik und Integrit\u00e4t in der Forschung durch. Sie h\u00e4lt sich an die Grunds\u00e4tze und Praktiken eines guten Forschungsverhaltens, wie sie im <strong>Europ\u00e4ischen Verhaltenskodex f\u00fcr die Integrit\u00e4t der Forschung<\/strong> und in der <strong>Charta und dem Kodex der Europ\u00e4ischen Kommission f\u00fcr Forscher<\/strong> dargelegt sind.<\/p>\n\n\n\n<ul class=\"wp-block-unilux-blocks-button-list-v2\">\n<li class=\"wp-block-unilux-blocks-button-list-item-v2\"><a class=\"quick-link\" href=\"https:\/\/allea.org\/code-of-conduct\/#toggle-id-8\" target=\"_blank\" role=\"link\" rel=\"noopener\" tabindex=\"0\"><span class=\"quick-link__container\">\n<div class=\"wp-block-unilux-blocks-block-inserter quick-link__img\"><\/div>\n\n\n\n<span class=\"quick-link__name wp-block-unilux-blocks-plain-text\">Europ\u00e4ischen Verhaltenskodex f\u00fcr die Integrit\u00e4t der Forschung<\/span>\n\n<svg aria-hidden=\"true\" focusable=\"false\" class=\"icon icon-outline icon--external-link \"><use xlink:href=\"https:\/\/www.uni.lu\/wp-content\/themes\/unilux-theme\/assets\/images\/icons\/icons-outline.svg#icon--external-link\"><\/use><\/svg><\/span><\/a><\/li>\n\n\n\n<li class=\"wp-block-unilux-blocks-button-list-item-v2\"><a class=\"quick-link\" href=\"https:\/\/euraxess.ec.europa.eu\/jobs\/charter\" target=\"_blank\" role=\"link\" rel=\"noopener\" tabindex=\"0\"><span class=\"quick-link__container\">\n<div class=\"wp-block-unilux-blocks-block-inserter quick-link__img\"><\/div>\n\n\n\n<span class=\"quick-link__name wp-block-unilux-blocks-plain-text\">Charta und dem Kodex der Europ\u00e4ischen Kommission f\u00fcr Forscher (EN)<\/span>\n\n<svg aria-hidden=\"true\" focusable=\"false\" class=\"icon icon-outline icon--external-link \"><use xlink:href=\"https:\/\/www.uni.lu\/wp-content\/themes\/unilux-theme\/assets\/images\/icons\/icons-outline.svg#icon--external-link\"><\/use><\/svg><\/span><\/a><\/li>\n<\/ul>\n\n\n<div class=\"wp-block-unilux-blocks-spacer is-spacer-size-sm\"><\/div>\n\n\n<p>Zu unseren kontinuierlichen Bem\u00fchungen, unsere Forschergemeinschaft zu schulen und das Bewusstsein f\u00fcr bew\u00e4hrte Praktiken zu sch\u00e4rfen, geh\u00f6ren:<\/p>\n\n\n\n<ul class=\"ulux-list\">\n<li class=\"ulux-list-item\">der E-Learning-Kurs \u201eIntegrit\u00e4t in der Forschung\u201c, der allen unseren Forschern, ob Mitarbeiter oder Studenten sowie Forschungsbetreuer aus anderen luxemburgischen Forschungsinstituten, st\u00e4ndig zur Verf\u00fcgung steht;<\/li>\n\n\n\n<li class=\"ulux-list-item\">eine obligatorische Schulung \u00fcber gute wissenschaftliche Praxis f\u00fcr alle Doktoranden;<\/li>\n\n\n\n<li class=\"ulux-list-item\">Workshops zu Forschungsethik und Integrit\u00e4t in der Forschung f\u00fcr Betreuer (obligatorisch f\u00fcr Neueinsteiger).<\/li>\n<\/ul>\n\n\n\n<p>Als Forschungsuniversit\u00e4t mit mehr als tausend Doktoranden legt die Universit\u00e4t bei den j\u00e4hrlich stattfindenden Einf\u00fchrungstagen besonderen Wert auf die Schulung von des wissenschaftlichen Nachwuchses, um ihnen einen guten Start in ihre Forschung zu erm\u00f6glichen.<\/p>\n\n\n\n<p>Verdachtsf\u00e4lle von Fehlverhalten in der wissenschaftlichen Forschung m\u00fcssen gemeldet werden und werden unverz\u00fcglich bearbeitet. Je nach Schwere des vermuteten Fehlverhaltens sollte der Vorwurf dem direkten Vorgesetzten, dem Gruppenleiter, dem Abteilungsleiter, dem Dekan oder Direktor oder dem Prorektor f\u00fcr Forschung mitgeteilt werden. Die Vertraulichkeit der Kommunikation wird durchgehend gew\u00e4hrleistet. Besteht der begr\u00fcndete Verdacht eines Fehlverhaltens (and not repeat \u201ein der Forschung\u201c), wird der Fall an die Luxemburger Agentur f\u00fcr die Integrit\u00e4t der Forschung (Luxembourg Agency for Research Integrity &#8211; LARI) zur Untersuchung weitergeleitet.<\/p>\n\n\n\n<ul class=\"wp-block-unilux-blocks-button-list-v2\">\n<li class=\"wp-block-unilux-blocks-button-list-item-v2\"><a class=\"quick-link\" href=\"https:\/\/lari.lu\/\" target=\"_blank\" role=\"link\" rel=\"noopener\" tabindex=\"0\"><span class=\"quick-link__container\">\n<div class=\"wp-block-unilux-blocks-block-inserter quick-link__img\"><figure class=\"wp-block-dev4-reusable-blocks-image  object-fit--cover\">\n    \n<img decoding=\"async\" class=\"wp-block-image unilux-custom-image-block\"\n                alt=\"LARI logo\"\n            src=\"https:\/\/www.uni.lu\/wp-content\/uploads\/sites\/9\/2024\/11\/LARI_logo.webp\"\n                    style=\"object-position: 50.00% 50.00%; font-family: &quot;object-fit: cover; object-position: 50.00% 50.00%;&quot;; aspect-ratio: 1\/1; object-fit: cover; width: 100%;\"\n        loading=\"lazy\"\n\/>    <\/figure><\/div>\n\n\n\n<span class=\"quick-link__name wp-block-unilux-blocks-plain-text\">Luxembourg Agency for Research Integrity (LARI) (EN) <\/span>\n\n<svg aria-hidden=\"true\" focusable=\"false\" class=\"icon icon-outline icon--external-link \"><use xlink:href=\"https:\/\/www.uni.lu\/wp-content\/themes\/unilux-theme\/assets\/images\/icons\/icons-outline.svg#icon--external-link\"><\/use><\/svg><\/span><\/a><\/li>\n<\/ul>\n<\/div><\/section>\n","protected":false},"excerpt":{"rendered":"","protected":false},"author":33,"featured_media":0,"parent":1671,"menu_order":0,"comment_status":"closed","ping_status":"closed","template":"","meta":{"featured_image_focal_point":[],"show_featured_caption":false,"ulux_newsletter_groups":"","uluxPostTitle":"","uluxPrePostTitle":"Ethik und Integrit\u00e4t","_trash_the_other_posts":false,"_price":"","_stock":"","_tribe_ticket_header":"","_tribe_default_ticket_provider":"","_tribe_ticket_capacity":"0","_ticket_start_date":"","_ticket_end_date":"","_tribe_ticket_show_description":"","_tribe_ticket_show_not_going":false,"_tribe_ticket_use_global_stock":"","_tribe_ticket_global_stock_level":"","_global_stock_mode":"","_global_stock_cap":"","_tribe_rsvp_for_event":"","_tribe_ticket_going_count":"","_tribe_ticket_not_going_count":"","_tribe_tickets_list":"[]","_tribe_ticket_has_attendee_info_fields":false,"footnotes":""},"field-of-interest":[],"organisation":[],"authorship":[33],"acf":[],"yoast_head":"<!-- This site is optimized with the Yoast SEO Premium plugin v22.3 (Yoast SEO v22.3) - https:\/\/yoast.com\/wordpress\/plugins\/seo\/ -->\n<title>Integrit\u00e4t der Forschung - Universit\u00e4t Luxemburg<\/title>\n<meta name=\"description\" content=\"Die Universit\u00e4t Luxemburg f\u00fchrt ihre Forschung in \u00dcbereinstimmung mit den h\u00f6chsten Standards f\u00fcr Ethik und Integrit\u00e4t in der Forschung durch.\" \/>\n<meta name=\"robots\" content=\"index, follow, max-snippet:-1, max-image-preview:large, max-video-preview:-1\" \/>\n<link rel=\"canonical\" href=\"https:\/\/www.uni.lu\/de\/ueber-uns\/ethik-integritaet\/integritaet-der-forschung\/\" \/>\n<meta property=\"og:locale\" content=\"de_DE\" \/>\n<meta property=\"og:type\" content=\"article\" \/>\n<meta property=\"og:title\" content=\"Integrit\u00e4t der Forschung\" \/>\n<meta property=\"og:description\" content=\"Die Universit\u00e4t Luxemburg f\u00fchrt ihre Forschung in \u00dcbereinstimmung mit den h\u00f6chsten Standards f\u00fcr Ethik und Integrit\u00e4t in der Forschung durch.\" \/>\n<meta property=\"og:url\" content=\"https:\/\/www.uni.lu\/de\/ueber-uns\/ethik-integritaet\/integritaet-der-forschung\/\" \/>\n<meta property=\"og:site_name\" content=\"UNI DE\" \/>\n<meta property=\"article:publisher\" content=\"https:\/\/www.facebook.com\/uni.lu\" \/>\n<meta property=\"article:modified_time\" content=\"2024-11-12T07:46:23+00:00\" \/>\n<meta property=\"og:image\" content=\"https:\/\/www.uni.lu\/wp-content\/uploads\/sites\/10\/2026\/03\/03120000\/UNIV_SM-Profile_1600x1600px-scaled.jpg\" \/>\n\t<meta property=\"og:image:width\" content=\"2560\" \/>\n\t<meta property=\"og:image:height\" content=\"2560\" \/>\n\t<meta property=\"og:image:type\" content=\"image\/jpeg\" \/>\n<meta name=\"twitter:card\" content=\"summary_large_image\" \/>\n<meta name=\"twitter:label1\" content=\"Gesch\u00e4tzte Lesezeit\" \/>\n\t<meta name=\"twitter:data1\" content=\"2 Minuten\" \/>\n<script type=\"application\/ld+json\" class=\"yoast-schema-graph\">{\"@context\":\"https:\/\/schema.org\",\"@graph\":[{\"@type\":\"WebPage\",\"@id\":\"https:\/\/www.uni.lu\/de\/ueber-uns\/ethik-integritaet\/integritaet-der-forschung\/\",\"url\":\"https:\/\/www.uni.lu\/de\/ueber-uns\/ethik-integritaet\/integritaet-der-forschung\/\",\"name\":\"Integrit\u00e4t der Forschung - Universit\u00e4t Luxemburg\",\"isPartOf\":{\"@id\":\"https:\/\/www.uni.lu\/de\/#website\"},\"datePublished\":\"2024-11-12T07:45:02+00:00\",\"dateModified\":\"2024-11-12T07:46:23+00:00\",\"description\":\"Die Universit\u00e4t Luxemburg f\u00fchrt ihre Forschung in \u00dcbereinstimmung mit den h\u00f6chsten Standards f\u00fcr Ethik und Integrit\u00e4t in der Forschung durch.\",\"breadcrumb\":{\"@id\":\"https:\/\/www.uni.lu\/de\/ueber-uns\/ethik-integritaet\/integritaet-der-forschung\/#breadcrumb\"},\"inLanguage\":\"de-DE\",\"potentialAction\":[{\"@type\":\"ReadAction\",\"target\":[\"https:\/\/www.uni.lu\/de\/ueber-uns\/ethik-integritaet\/integritaet-der-forschung\/\"]}]},{\"@type\":\"BreadcrumbList\",\"@id\":\"https:\/\/www.uni.lu\/de\/ueber-uns\/ethik-integritaet\/integritaet-der-forschung\/#breadcrumb\",\"itemListElement\":[{\"@type\":\"ListItem\",\"position\":1,\"name\":\"Home\",\"item\":\"https:\/\/www.uni.lu\/de\/\"},{\"@type\":\"ListItem\",\"position\":2,\"name\":\"\u00dcber uns\",\"item\":\"https:\/\/www.uni.lu\/de\/ueber-uns\/\"},{\"@type\":\"ListItem\",\"position\":3,\"name\":\"Ethik und Integrit\u00e4t\",\"item\":\"https:\/\/www.uni.lu\/de\/ueber-uns\/ethik-integritaet\/\"},{\"@type\":\"ListItem\",\"position\":4,\"name\":\"Integrit\u00e4t der Forschung\"}]},{\"@type\":\"WebSite\",\"@id\":\"https:\/\/www.uni.lu\/de\/#website\",\"url\":\"https:\/\/www.uni.lu\/de\/\",\"name\":\"Uni.lu\",\"description\":\"Universit\u00e4t Luxemburg\",\"publisher\":{\"@id\":\"https:\/\/www.uni.lu\/de\/#organization\"},\"alternateName\":\"Universit\u00e4t Luxemburg\",\"potentialAction\":[{\"@type\":\"SearchAction\",\"target\":{\"@type\":\"EntryPoint\",\"urlTemplate\":\"https:\/\/www.uni.lu\/de\/?s={search_term_string}\"},\"query-input\":\"required name=search_term_string\"}],\"inLanguage\":\"de-DE\"},{\"@type\":\"Organization\",\"@id\":\"https:\/\/www.uni.lu\/de\/#organization\",\"name\":\"Universit\u00e4t Luxemburg\",\"alternateName\":\"Uni.lu\",\"url\":\"https:\/\/www.uni.lu\/de\/\",\"logo\":{\"@type\":\"ImageObject\",\"inLanguage\":\"de-DE\",\"@id\":\"https:\/\/www.uni.lu\/de\/#\/schema\/logo\/image\/\",\"url\":\"https:\/\/www.uni.lu\/wp-content\/uploads\/sites\/10\/2026\/03\/03120000\/UNIV_SM-Profile_1600x1600px-scaled.jpg\",\"contentUrl\":\"https:\/\/www.uni.lu\/wp-content\/uploads\/sites\/10\/2026\/03\/03120000\/UNIV_SM-Profile_1600x1600px-scaled.jpg\",\"width\":2560,\"height\":2560,\"caption\":\"Universit\u00e4t Luxemburg\"},\"image\":{\"@id\":\"https:\/\/www.uni.lu\/de\/#\/schema\/logo\/image\/\"},\"sameAs\":[\"https:\/\/www.facebook.com\/uni.lu\",\"https:\/\/www.linkedin.com\/school\/university-of-luxembourg\/\",\"https:\/\/www.instagram.com\/uni.lu\",\"https:\/\/www.youtube.com\/@uni_lu\",\"https:\/\/en.wikipedia.org\/wiki\/University_of_Luxembourg\"]}]}<\/script>\n<!-- \/ Yoast SEO Premium plugin. -->","yoast_head_json":{"title":"Integrit\u00e4t der Forschung - Universit\u00e4t Luxemburg","description":"Die Universit\u00e4t Luxemburg f\u00fchrt ihre Forschung in \u00dcbereinstimmung mit den h\u00f6chsten Standards f\u00fcr Ethik und Integrit\u00e4t in der Forschung durch.","robots":{"index":"index","follow":"follow","max-snippet":"max-snippet:-1","max-image-preview":"max-image-preview:large","max-video-preview":"max-video-preview:-1"},"canonical":"https:\/\/www.uni.lu\/de\/ueber-uns\/ethik-integritaet\/integritaet-der-forschung\/","og_locale":"de_DE","og_type":"article","og_title":"Integrit\u00e4t der Forschung","og_description":"Die Universit\u00e4t Luxemburg f\u00fchrt ihre Forschung in \u00dcbereinstimmung mit den h\u00f6chsten Standards f\u00fcr Ethik und Integrit\u00e4t in der Forschung durch.","og_url":"https:\/\/www.uni.lu\/de\/ueber-uns\/ethik-integritaet\/integritaet-der-forschung\/","og_site_name":"UNI DE","article_publisher":"https:\/\/www.facebook.com\/uni.lu","article_modified_time":"2024-11-12T07:46:23+00:00","og_image":[{"width":2560,"height":2560,"url":"https:\/\/www.uni.lu\/wp-content\/uploads\/sites\/10\/2026\/03\/03120000\/UNIV_SM-Profile_1600x1600px-scaled.jpg","type":"image\/jpeg"}],"twitter_card":"summary_large_image","twitter_misc":{"Gesch\u00e4tzte Lesezeit":"2 Minuten"},"schema":{"@context":"https:\/\/schema.org","@graph":[{"@type":"WebPage","@id":"https:\/\/www.uni.lu\/de\/ueber-uns\/ethik-integritaet\/integritaet-der-forschung\/","url":"https:\/\/www.uni.lu\/de\/ueber-uns\/ethik-integritaet\/integritaet-der-forschung\/","name":"Integrit\u00e4t der Forschung - Universit\u00e4t Luxemburg","isPartOf":{"@id":"https:\/\/www.uni.lu\/de\/#website"},"datePublished":"2024-11-12T07:45:02+00:00","dateModified":"2024-11-12T07:46:23+00:00","description":"Die Universit\u00e4t Luxemburg f\u00fchrt ihre Forschung in \u00dcbereinstimmung mit den h\u00f6chsten Standards f\u00fcr Ethik und Integrit\u00e4t in der Forschung durch.","breadcrumb":{"@id":"https:\/\/www.uni.lu\/de\/ueber-uns\/ethik-integritaet\/integritaet-der-forschung\/#breadcrumb"},"inLanguage":"de-DE","potentialAction":[{"@type":"ReadAction","target":["https:\/\/www.uni.lu\/de\/ueber-uns\/ethik-integritaet\/integritaet-der-forschung\/"]}]},{"@type":"BreadcrumbList","@id":"https:\/\/www.uni.lu\/de\/ueber-uns\/ethik-integritaet\/integritaet-der-forschung\/#breadcrumb","itemListElement":[{"@type":"ListItem","position":1,"name":"Home","item":"https:\/\/www.uni.lu\/de\/"},{"@type":"ListItem","position":2,"name":"\u00dcber uns","item":"https:\/\/www.uni.lu\/de\/ueber-uns\/"},{"@type":"ListItem","position":3,"name":"Ethik und Integrit\u00e4t","item":"https:\/\/www.uni.lu\/de\/ueber-uns\/ethik-integritaet\/"},{"@type":"ListItem","position":4,"name":"Integrit\u00e4t der Forschung"}]},{"@type":"WebSite","@id":"https:\/\/www.uni.lu\/de\/#website","url":"https:\/\/www.uni.lu\/de\/","name":"Uni.lu","description":"Universit\u00e4t Luxemburg","publisher":{"@id":"https:\/\/www.uni.lu\/de\/#organization"},"alternateName":"Universit\u00e4t Luxemburg","potentialAction":[{"@type":"SearchAction","target":{"@type":"EntryPoint","urlTemplate":"https:\/\/www.uni.lu\/de\/?s={search_term_string}"},"query-input":"required name=search_term_string"}],"inLanguage":"de-DE"},{"@type":"Organization","@id":"https:\/\/www.uni.lu\/de\/#organization","name":"Universit\u00e4t Luxemburg","alternateName":"Uni.lu","url":"https:\/\/www.uni.lu\/de\/","logo":{"@type":"ImageObject","inLanguage":"de-DE","@id":"https:\/\/www.uni.lu\/de\/#\/schema\/logo\/image\/","url":"https:\/\/www.uni.lu\/wp-content\/uploads\/sites\/10\/2026\/03\/03120000\/UNIV_SM-Profile_1600x1600px-scaled.jpg","contentUrl":"https:\/\/www.uni.lu\/wp-content\/uploads\/sites\/10\/2026\/03\/03120000\/UNIV_SM-Profile_1600x1600px-scaled.jpg","width":2560,"height":2560,"caption":"Universit\u00e4t Luxemburg"},"image":{"@id":"https:\/\/www.uni.lu\/de\/#\/schema\/logo\/image\/"},"sameAs":["https:\/\/www.facebook.com\/uni.lu","https:\/\/www.linkedin.com\/school\/university-of-luxembourg\/","https:\/\/www.instagram.com\/uni.lu","https:\/\/www.youtube.com\/@uni_lu","https:\/\/en.wikipedia.org\/wiki\/University_of_Luxembourg"]}]}},"ticketed":false,"_links":{"self":[{"href":"https:\/\/www.uni.lu\/de\/wp-json\/wp\/v2\/pages\/5343"}],"collection":[{"href":"https:\/\/www.uni.lu\/de\/wp-json\/wp\/v2\/pages"}],"about":[{"href":"https:\/\/www.uni.lu\/de\/wp-json\/wp\/v2\/types\/page"}],"author":[{"embeddable":true,"href":"https:\/\/www.uni.lu\/de\/wp-json\/wp\/v2\/users\/33"}],"replies":[{"embeddable":true,"href":"https:\/\/www.uni.lu\/de\/wp-json\/wp\/v2\/comments?post=5343"}],"version-history":[{"count":1,"href":"https:\/\/www.uni.lu\/de\/wp-json\/wp\/v2\/pages\/5343\/revisions"}],"predecessor-version":[{"id":5345,"href":"https:\/\/www.uni.lu\/de\/wp-json\/wp\/v2\/pages\/5343\/revisions\/5345"}],"up":[{"embeddable":true,"href":"https:\/\/www.uni.lu\/de\/wp-json\/wp\/v2\/pages\/1671"}],"wp:authorship":[{"embeddable":true,"href":"https:\/\/www.uni.lu\/de\/wp-json\/wp\/v2\/users\/33"}],"wp:attachment":[{"href":"https:\/\/www.uni.lu\/de\/wp-json\/wp\/v2\/media?parent=5343"}],"wp:term":[{"taxonomy":"field-of-interest","embeddable":true,"href":"https:\/\/www.uni.lu\/de\/wp-json\/wp\/v2\/field-of-interest?post=5343"},{"taxonomy":"organisation","embeddable":true,"href":"https:\/\/www.uni.lu\/de\/wp-json\/wp\/v2\/organisation?post=5343"}],"curies":[{"name":"wp","href":"https:\/\/api.w.org\/{rel}","templated":true}]}}