{"id":5327,"date":"2024-11-11T09:56:32","date_gmt":"2024-11-11T08:56:32","guid":{"rendered":"https:\/\/www.uni.lu\/de\/?page_id=5327"},"modified":"2025-01-10T16:35:35","modified_gmt":"2025-01-10T15:35:35","slug":"gefuehrte-touren","status":"publish","type":"page","link":"https:\/\/www.uni.lu\/de\/studium\/die-universitaet-entdecken\/gefuehrte-touren\/","title":{"rendered":"Gef\u00fchrte Touren"},"content":{"rendered":"\n<section class=\"section no-padding-y wp-block-unilux-blocks-hero\">\n    <div class=\"hero hero--2  hero--overlay-bottom\">\n        \n<header class=\"wp-block-unilux-blocks-wrapper hero__header\">\n<div class=\"wp-block-unilux-blocks-wrapper hero__container\">\n<span class=\"hero__title__subject wp-block-unilux-blocks-plain-text\"><\/span>\n\n\n<h1 class=\"has-text-align-left wp-block-unilux-blocks-heading\"        id=\"gefuehrte-touren\"\n    >\nGef\u00fchrte Touren<\/h1>\n<\/div>\n<\/header>\n<figure class=\"wp-block-dev4-reusable-blocks-image hero__visual object-fit--cover\">\n    \n<img decoding=\"async\" class=\"wp-block-image unilux-custom-image-block\"\n                alt=\"\"\n            src=\"https:\/\/www.uni.lu\/wp-content\/uploads\/sites\/10\/2025\/01\/guided-tours-1.png\"\n                srcset=\"https:\/\/www.uni.lu\/wp-content\/uploads\/sites\/10\/2025\/01\/guided-tours-1-300x225.png 300w, https:\/\/www.uni.lu\/wp-content\/uploads\/sites\/10\/2025\/01\/guided-tours-1-1024x768.png 1024w, https:\/\/www.uni.lu\/wp-content\/uploads\/sites\/10\/2025\/01\/guided-tours-1-768x576.png 768w, https:\/\/www.uni.lu\/wp-content\/uploads\/sites\/10\/2025\/01\/guided-tours-1.png 1500w\"\n                style=\"object-position: 9.00% 51.00%; font-family: &quot;object-fit: cover; object-position: 9.00% 51.00%;&quot;; aspect-ratio: 16\/9; object-fit: cover; width: 100%;\"\n        loading=\"lazy\"\n\/>    <\/figure>\n<div class=\"wp-block-unilux-blocks-wrapper hero__body\">\n<div class=\"wp-block-unilux-blocks-wrapper hero__container\">\n<p class=\"wp-block-unilux-blocks-plain-text\">Entdecken Sie Ihre zuk\u00fcnftige Studienumgebung und tauchen Sie in die einzigartige Atmosph\u00e4re der Universit\u00e4t Luxemburg ein.<\/p>\n\n\n<ul class=\"wp-block-unilux-blocks-custom-buttons btn-list\">\n\n<\/ul>\n<\/div>\n<\/div>\n    <\/div>\n<\/section>\n\n\n<section class=\"wp-block-unilux-blocks-free-section section\"><div class=\"container xl:max-w-screen-xl\">\n<h2 class=\"has-text-align-left wp-block-unilux-blocks-heading\"        id=\"fuehrungen-durch-den-belval-campus\"\n    >\nF\u00fchrungen durch den Belval Campus<\/h2>\n\n\n\n<p>Unsere Studierenden-Botschafter organisieren f\u00fcr Schulklassen eine gef\u00fchrte Tour \u00fcber den Campus Belval, um die bekanntesten Orte des Campus zu entdecken und gleichzeitig von ihrer Erfahrung und dem Studentenleben an der Universit\u00e4t Luxemburg zu berichten.&nbsp;<\/p>\n\n\n\n<p>Die Campusf\u00fchrungen werden ausschlie\u00dflich f\u00fcr Schulklassen auf <strong>Anfrage des begleitenden Lehrers<\/strong> organisiert. Dauer: 45 Minuten.&nbsp;<\/p>\n\n\n<ul class=\"wp-block-unilux-blocks-facts-figures-icon\">\n    \n<li class=\"wp-block-unilux-blocks-facts-icon\">\n    \n<div class=\"wp-block-unilux-blocks-wrapper figure-visual\">\n<div class=\"icon--primary icon--secondary-2 icon--xl wp-block-unilux-blocks-icon-picker\">\n    <svg aria-hidden=\"true\" focusable=\"false\" class=\"icon icon-outline icon--duration \"><use xlink:href=\"https:\/\/www.uni.lu\/wp-content\/themes\/unilux-theme\/assets\/images\/icons\/icons-outline.svg#icon--duration\"><\/use><\/svg><\/div>\n\n\n<p class=\"figure-visual__description wp-block-unilux-blocks-plain-text\">Dauer der Tour: 45 Minuten<\/p><\/div>\n<\/li>\n\n<li class=\"wp-block-unilux-blocks-facts-icon\">\n    \n<div class=\"wp-block-unilux-blocks-wrapper figure-visual\">\n<div class=\"icon--primary icon--secondary-2 icon--xl wp-block-unilux-blocks-icon-picker\">\n    <svg aria-hidden=\"true\" focusable=\"false\" class=\"icon icon-outline icon--group \"><use xlink:href=\"https:\/\/www.uni.lu\/wp-content\/themes\/unilux-theme\/assets\/images\/icons\/icons-outline.svg#icon--group\"><\/use><\/svg><\/div>\n\n\n<p class=\"figure-visual__description wp-block-unilux-blocks-plain-text\">Gruppen von Schulklassen<\/p><\/div>\n<\/li>\n\n<li class=\"wp-block-unilux-blocks-facts-icon\">\n    \n<div class=\"wp-block-unilux-blocks-wrapper figure-visual\">\n<div class=\"icon--primary icon--secondary-2 icon--xl wp-block-unilux-blocks-icon-picker\">\n    <svg aria-hidden=\"true\" focusable=\"false\" class=\"icon icon-outline icon--campus \"><use xlink:href=\"https:\/\/www.uni.lu\/wp-content\/themes\/unilux-theme\/assets\/images\/icons\/icons-outline.svg#icon--campus\"><\/use><\/svg><\/div>\n\n\n<p class=\"figure-visual__description wp-block-unilux-blocks-plain-text\">Campus Belval<\/p><\/div>\n<\/li>\n<\/ul>\n\n\n\n\n<h3 class=\"has-text-align-left wp-block-unilux-blocks-heading\"        id=\"kontakt\"\n    >\nKontakt:<\/h3>\n\n\n\n<p>Wenn Sie mehr \u00fcber unsere Campusf\u00fchrungen erfahren m\u00f6chten, wenden Sie sich bitte an unsere Studierenden-Botschafter:<\/p>\n\n\n\n<ul class=\"wp-block-unilux-blocks-highlighted-list list-highlighted list-highlighted--architectural\"><li class=\"list-highlighted__item  wp-block-unilux-blocks-highlighted-list-item\">\n    <header class=\"list-highlighted__header wp-block-unilux-blocks-highlighted-list-item-header\">\n    \n<h4 class=\"title text-18 font-bold has-text-align-left wp-block-unilux-blocks-heading\"        id=\"studierenden-botschafter\"\n    >\nStudierenden-Botschafter<\/h4>\n<div class=\"wp-block-unilux-blocks-bigtext\">\n    <span>\n        \n    <\/span>\n<\/div><\/header><div class=\"list-highlighted__body wp-block-unilux-blocks-highlighted-list-item-body\">\n    <div class=\"wp-block-unilux-blocks-highlighted-list-item-free-content-area\">\n    \n<p>E-Mail: <a href=\"mailto:student.ambassadors@uni.lu\" target=\"_blank\" rel=\"noreferrer noopener\">student.ambassadors@uni.lu<\/a><\/p>\n<\/div><\/div><\/li><\/ul>\n\n\n<div class=\"wp-block-unilux-blocks-spacer is-spacer-size-md\"><\/div>\n\n\n<p>Wenn Sie Fragen zum Zulassungsverfahren der Universit\u00e4t haben, besuchen Sie die folgenden Seiten:<\/p>\n\n\n\n<ul class=\"wp-block-unilux-blocks-button-list-v2\">\n<li class=\"wp-block-unilux-blocks-button-list-item-v2\"><a class=\"quick-link\" href=\"https:\/\/www.uni.lu\/en\/admissions\/bachelor-master\/\" target=\"\" role=\"link\" rel=\"noopener\" tabindex=\"0\"><span class=\"quick-link__container\">\n<div class=\"wp-block-unilux-blocks-block-inserter quick-link__img\"><\/div>\n\n\n\n<span class=\"quick-link__name wp-block-unilux-blocks-plain-text\">Zulassung f\u00fcr Bachelor- und Masterstudieng\u00e4nge<\/span>\n\n<svg aria-hidden=\"true\" focusable=\"false\" class=\"icon icon-outline icon--arrow-right \"><use xlink:href=\"https:\/\/www.uni.lu\/wp-content\/themes\/unilux-theme\/assets\/images\/icons\/icons-outline.svg#icon--arrow-right\"><\/use><\/svg><\/span><\/a><\/li>\n\n\n\n<li class=\"wp-block-unilux-blocks-button-list-item-v2\"><a class=\"quick-link\" href=\"https:\/\/www.uni.lu\/en\/for-prospective-students-and-doctoral-candidates\/\" target=\"\" role=\"link\" rel=\"noopener\" tabindex=\"0\"><span class=\"quick-link__container\">\n<div class=\"wp-block-unilux-blocks-block-inserter quick-link__img\"><\/div>\n\n\n\n<span class=\"quick-link__name wp-block-unilux-blocks-plain-text\">Informationen f\u00fcr Studieninteressierte<\/span>\n\n<svg aria-hidden=\"true\" focusable=\"false\" class=\"icon icon-outline icon--arrow-right \"><use xlink:href=\"https:\/\/www.uni.lu\/wp-content\/themes\/unilux-theme\/assets\/images\/icons\/icons-outline.svg#icon--arrow-right\"><\/use><\/svg><\/span><\/a><\/li>\n<\/ul>\n<\/div><\/section>\n\n\n\n<section class=\"py-0 wp-block-unilux-blocks-free-section section\"><div class=\"container xl:max-w-screen-xl\"><div class=\"content-card content-card--right  wp-block-unilux-blocks-content-card\">\n    \n<h2 class=\"content-card__heading has-text-align-left wp-block-unilux-blocks-heading\"        id=\"sie-koennen-nicht-auf-den-campus-kommen-machen-sie-eine-virtuelle-tour\"\n    >\n<strong>Sie k\u00f6nnen nicht auf den Campus kommen? <\/strong><br><strong>Machen sie eine virtuelle Tour!<\/strong> <\/h2>\n<div class=\"content-card__visual wp-block-unilux-blocks-content-card-visual-area\">\n    \n<section class=\"wp-block-unilux-blocks-image-video-wrapper\">\n    <figure class=\"wp-block-dev4-reusable-blocks-image  object-fit--cover\">\n    \n<img decoding=\"async\" class=\"wp-block-image unilux-custom-image-block\"\n                alt=\"Virtual Tour Teaser\"\n            src=\"https:\/\/www.uni.lu\/wp-content\/uploads\/sites\/9\/2023\/06\/virtual-2.jpg\"\n                    style=\"object-position: 50.00% 50.00%; font-family: &quot;object-fit: cover; object-position: 50.00% 50.00%;&quot;; aspect-ratio: 3\/2; object-fit: cover; width: 100%;\"\n        loading=\"lazy\"\n\/>    <\/figure><\/section>\n<div class=\"wp-block-unilux-blocks-wrapper content-card__overlay\">\n<a class=\"wp-block-unilux-blocks-button-highlight-rounded bottom-left\" \n    href=\"https:\/\/www.virtualtour.lu\/uni\"\n    target=\"_blank\"\n>\n    \n<span class=\"btn-highlight-rounded__name wp-block-unilux-blocks-plain-text\">Tour starten<\/span>    <span class=\"icon-rounded\">\n        <svg aria-hidden=\"true\" focusable=\"false\" class=\"icon icon-outline icon--arrow-right icon--lg\"><use xlink:href=\"https:\/\/www.uni.lu\/wp-content\/themes\/unilux-theme\/assets\/images\/icons\/icons-outline.svg#icon--arrow-right\"><\/use><\/svg>    <\/span>\n<\/a><\/div>\n<\/div><div class=\"content-card__body  wp-block-unilux-blocks-content-card-free-area\">\n    \n<h3 class=\"has-text-align-left wp-block-unilux-blocks-heading\"        id=\"als-ob-du-da-waerst\"\n    >\nAls ob du da w\u00e4rst<\/h3>\n\n<p>Machen Sie einen virtuellen Rundgang \u00fcber den Campus Belval und entdecken Sie, was die Universit\u00e4t Luxemburg so einzigartig macht.&nbsp;<\/p>\n<\/div><\/div><\/div><\/section>\n\n\n\n<section class=\"wp-block-unilux-blocks-free-section section\"><div class=\"container xl:max-w-screen-xl\">\n<h2 class=\"has-text-align-left wp-block-unilux-blocks-heading\"        id=\"weitere-gefuehrte-touren\"\n    >\nWeitere gef\u00fchrte Touren <\/h2>\n\n\n<ul class=\"flex flex-wrap mt-24 -mx-16  wp-block-unilux-blocks-free-content-card\">\n    <li class=\"w-full sm:w-1\/2 lg:w-1\/3 px-16  wp-block-unilux-blocks-free-content-card-item\">\n    <div class=\"ulux-card card-spin-offs bg-gray-300\">\n        <div class=\"ulux-card__container card__container\">\n                        <div class=\"ulux-card__visual wp-block-unilux-blocks-free-content-card-item-visual\">\n    \n<div class=\"wp-block-unilux-blocks-image-video-wrapper\">\n    <figure class=\"wp-block-dev4-reusable-blocks-image  object-fit--cover\">\n    \n<img decoding=\"async\" class=\"wp-block-image unilux-custom-image-block\"\n                alt=\"Luxembourg Learning Centre (LLC) Outside view, back of the building\"\n            src=\"https:\/\/www.uni.lu\/wp-content\/uploads\/sites\/9\/2024\/02\/visit_the_luxembourg_learning_centre-scaled-1.jpg\"\n                    style=\"object-position: 50.00% 50.00%; font-family: &quot;object-fit: cover; object-position: 50.00% 50.00%;&quot;; aspect-ratio: 4\/3; object-fit: cover; width: 100%;\"\n        loading=\"lazy\"\n\/>    <\/figure><\/div><\/div><div class=\"ulux-card__body wp-block-unilux-blocks-free-content-card-item-body\">\n    \n<h3 class=\"ulux-card__title has-text-align-left wp-block-unilux-blocks-heading\"        id=\"fuehrung-durch-das-luxembourg-learning-center-llc\"\n    >\nF\u00fchrung durch das Luxembourg Learning Center (LLC)<\/h3>\n<div class=\"ulux-card__description wp-block-unilux-blocks-free-content-card-item-free-content-area\">\n    \n<p>Entdecken Sie die Bibliothek der Universit\u00e4t<\/p>\n<\/div><div class=\"wp-block-unilux-blocks-simple-cta\">\n    <a\n        href=\"https:\/\/www.uni.lu\/llc-fr\/services\/visite-guidee\/\"\n        title=\"Learn more\"\n        class=\"link-text link-text--icon ulux-card__link link-text link-absolute\"\n        target=\"\"\n    >\n        <span class=\"link-text__body\">\n            <span class=\"link-text__name\">Learn more<\/span>\n        <\/span>\n        <svg aria-hidden=\"true\" focusable=\"false\" class=\"icon icon-outline icon--arrow-right \"><use xlink:href=\"https:\/\/www.uni.lu\/wp-content\/themes\/unilux-theme\/assets\/images\/icons\/icons-outline.svg#icon--arrow-right\"><\/use><\/svg>    <\/a>\n<\/div>\n<\/div>        <\/div>\n    <\/div>\n<\/li><li class=\"w-full sm:w-1\/2 lg:w-1\/3 px-16  wp-block-unilux-blocks-free-content-card-item\">\n    <div class=\"ulux-card card-spin-offs bg-gray-300\">\n        <div class=\"ulux-card__container card__container\">\n                        <div class=\"ulux-card__visual wp-block-unilux-blocks-free-content-card-item-visual\">\n    \n<div class=\"wp-block-unilux-blocks-image-video-wrapper\">\n    <figure class=\"wp-block-dev4-reusable-blocks-image  object-fit--cover\">\n    \n<img decoding=\"async\" class=\"wp-block-image unilux-custom-image-block\"\n                alt=\"\"\n            src=\"https:\/\/www.uni.lu\/wp-content\/uploads\/sites\/9\/2023\/07\/Haut-fourneaux-et-maison-de-linnovation_c-Fonds-Belval_2014-1.jpg\"\n                    style=\"object-position: 50.00% 50.00%; font-family: &quot;object-fit: cover; object-position: 50.00% 50.00%;&quot;; aspect-ratio: 4\/3; object-fit: cover; width: 100%;\"\n        loading=\"lazy\"\n\/>    <\/figure><\/div><\/div><div class=\"ulux-card__body wp-block-unilux-blocks-free-content-card-item-body\">\n    \n<h3 class=\"ulux-card__title has-text-align-left wp-block-unilux-blocks-heading\"        id=\"fuehrung-durch-den-hochofen\"\n    >\nF\u00fchrung durch den Hochofen<\/h3>\n<div class=\"ulux-card__description wp-block-unilux-blocks-free-content-card-item-free-content-area\">\n    \n<p>Erfahren Sie mehr \u00fcber die Funktionsweise des einzigen Hochofens in Luxemburg, der f\u00fcr Besucher ge\u00f6ffnet ist.<\/p>\n<\/div><div class=\"wp-block-unilux-blocks-simple-cta\">\n    <a\n        href=\"https:\/\/www.fonds-belval.lu\/index.php?lang=fr&#038;page=-2#tyrolienne\"\n        title=\"Learn more\"\n        class=\"link-text link-text--icon ulux-card__link link-text link-absolute\"\n        target=\"_blank\"\n    >\n        <span class=\"link-text__body\">\n            <span class=\"link-text__name\">Besuchen Sie die Website des Fonds Belval<\/span>\n        <\/span>\n        <svg aria-hidden=\"true\" focusable=\"false\" class=\"icon icon-outline icon--external-link \"><use xlink:href=\"https:\/\/www.uni.lu\/wp-content\/themes\/unilux-theme\/assets\/images\/icons\/icons-outline.svg#icon--external-link\"><\/use><\/svg>    <\/a>\n<\/div>\n<\/div>        <\/div>\n    <\/div>\n<\/li><\/ul><\/div><\/section>\n","protected":false},"excerpt":{"rendered":"","protected":false},"author":335,"featured_media":0,"parent":1270,"menu_order":0,"comment_status":"closed","ping_status":"closed","template":"","meta":{"featured_image_focal_point":[],"show_featured_caption":false,"ulux_newsletter_groups":"","uluxPostTitle":"","uluxPrePostTitle":"","_trash_the_other_posts":false,"_price":"","_stock":"","_tribe_ticket_header":"","_tribe_default_ticket_provider":"","_tribe_ticket_capacity":"0","_ticket_start_date":"","_ticket_end_date":"","_tribe_ticket_show_description":"","_tribe_ticket_show_not_going":false,"_tribe_ticket_use_global_stock":"","_tribe_ticket_global_stock_level":"","_global_stock_mode":"","_global_stock_cap":"","_tribe_rsvp_for_event":"","_tribe_ticket_going_count":"","_tribe_ticket_not_going_count":"","_tribe_tickets_list":"[]","_tribe_ticket_has_attendee_info_fields":false,"footnotes":""},"field-of-interest":[],"organisation":[],"authorship":[335,123,124,343,33],"acf":[],"yoast_head":"<!-- This site is optimized with the Yoast SEO Premium plugin v22.3 (Yoast SEO v22.3) - https:\/\/yoast.com\/wordpress\/plugins\/seo\/ -->\n<title>Gef\u00fchrte Touren - Universit\u00e4t Luxemburg<\/title>\n<meta name=\"description\" content=\"Unsere Studierenden-Botschafter organisieren f\u00fcr Schulklassen eine gef\u00fchrte Tour \u00fcber den Campus Belval, um die bekanntesten Orte des Campus zu entdecken\" \/>\n<meta name=\"robots\" content=\"index, follow, max-snippet:-1, max-image-preview:large, max-video-preview:-1\" \/>\n<link rel=\"canonical\" href=\"https:\/\/www.uni.lu\/de\/studium\/die-universitaet-entdecken\/gefuehrte-touren\/\" \/>\n<meta property=\"og:locale\" content=\"de_DE\" \/>\n<meta property=\"og:type\" content=\"article\" \/>\n<meta property=\"og:title\" content=\"Gef\u00fchrte Touren\" \/>\n<meta property=\"og:description\" content=\"Unsere Studierenden-Botschafter organisieren f\u00fcr Schulklassen eine gef\u00fchrte Tour \u00fcber den Campus Belval, um die bekanntesten Orte des Campus zu entdecken\" \/>\n<meta property=\"og:url\" content=\"https:\/\/www.uni.lu\/de\/studium\/die-universitaet-entdecken\/gefuehrte-touren\/\" \/>\n<meta property=\"og:site_name\" content=\"UNI DE\" \/>\n<meta property=\"article:publisher\" content=\"https:\/\/www.facebook.com\/uni.lu\" \/>\n<meta property=\"article:modified_time\" content=\"2025-01-10T15:35:35+00:00\" \/>\n<meta property=\"og:image\" content=\"https:\/\/www.uni.lu\/wp-content\/uploads\/sites\/10\/2026\/03\/03120000\/UNIV_SM-Profile_1600x1600px-scaled.jpg\" \/>\n\t<meta property=\"og:image:width\" content=\"2560\" \/>\n\t<meta property=\"og:image:height\" content=\"2560\" \/>\n\t<meta property=\"og:image:type\" content=\"image\/jpeg\" \/>\n<meta name=\"twitter:card\" content=\"summary_large_image\" \/>\n<meta name=\"twitter:label1\" content=\"Gesch\u00e4tzte Lesezeit\" \/>\n\t<meta name=\"twitter:data1\" content=\"1 Minute\" \/>\n<script type=\"application\/ld+json\" class=\"yoast-schema-graph\">{\"@context\":\"https:\/\/schema.org\",\"@graph\":[{\"@type\":\"WebPage\",\"@id\":\"https:\/\/www.uni.lu\/de\/studium\/die-universitaet-entdecken\/gefuehrte-touren\/\",\"url\":\"https:\/\/www.uni.lu\/de\/studium\/die-universitaet-entdecken\/gefuehrte-touren\/\",\"name\":\"Gef\u00fchrte Touren - Universit\u00e4t Luxemburg\",\"isPartOf\":{\"@id\":\"https:\/\/www.uni.lu\/de\/#website\"},\"datePublished\":\"2024-11-11T08:56:32+00:00\",\"dateModified\":\"2025-01-10T15:35:35+00:00\",\"description\":\"Unsere Studierenden-Botschafter organisieren f\u00fcr Schulklassen eine gef\u00fchrte Tour \u00fcber den Campus Belval, um die bekanntesten Orte des Campus zu entdecken\",\"breadcrumb\":{\"@id\":\"https:\/\/www.uni.lu\/de\/studium\/die-universitaet-entdecken\/gefuehrte-touren\/#breadcrumb\"},\"inLanguage\":\"de-DE\",\"potentialAction\":[{\"@type\":\"ReadAction\",\"target\":[\"https:\/\/www.uni.lu\/de\/studium\/die-universitaet-entdecken\/gefuehrte-touren\/\"]}]},{\"@type\":\"BreadcrumbList\",\"@id\":\"https:\/\/www.uni.lu\/de\/studium\/die-universitaet-entdecken\/gefuehrte-touren\/#breadcrumb\",\"itemListElement\":[{\"@type\":\"ListItem\",\"position\":1,\"name\":\"Home\",\"item\":\"https:\/\/www.uni.lu\/de\/\"},{\"@type\":\"ListItem\",\"position\":2,\"name\":\"Studium\",\"item\":\"https:\/\/www.uni.lu\/de\/studium\/\"},{\"@type\":\"ListItem\",\"position\":3,\"name\":\"Die Universit\u00e4t entdecken\",\"item\":\"https:\/\/www.uni.lu\/de\/studium\/die-universitaet-entdecken\/\"},{\"@type\":\"ListItem\",\"position\":4,\"name\":\"Gef\u00fchrte Touren\"}]},{\"@type\":\"WebSite\",\"@id\":\"https:\/\/www.uni.lu\/de\/#website\",\"url\":\"https:\/\/www.uni.lu\/de\/\",\"name\":\"Uni.lu\",\"description\":\"Universit\u00e4t Luxemburg\",\"publisher\":{\"@id\":\"https:\/\/www.uni.lu\/de\/#organization\"},\"alternateName\":\"Universit\u00e4t Luxemburg\",\"potentialAction\":[{\"@type\":\"SearchAction\",\"target\":{\"@type\":\"EntryPoint\",\"urlTemplate\":\"https:\/\/www.uni.lu\/de\/?s={search_term_string}\"},\"query-input\":\"required name=search_term_string\"}],\"inLanguage\":\"de-DE\"},{\"@type\":\"Organization\",\"@id\":\"https:\/\/www.uni.lu\/de\/#organization\",\"name\":\"Universit\u00e4t Luxemburg\",\"alternateName\":\"Uni.lu\",\"url\":\"https:\/\/www.uni.lu\/de\/\",\"logo\":{\"@type\":\"ImageObject\",\"inLanguage\":\"de-DE\",\"@id\":\"https:\/\/www.uni.lu\/de\/#\/schema\/logo\/image\/\",\"url\":\"https:\/\/www.uni.lu\/wp-content\/uploads\/sites\/10\/2026\/03\/03120000\/UNIV_SM-Profile_1600x1600px-scaled.jpg\",\"contentUrl\":\"https:\/\/www.uni.lu\/wp-content\/uploads\/sites\/10\/2026\/03\/03120000\/UNIV_SM-Profile_1600x1600px-scaled.jpg\",\"width\":2560,\"height\":2560,\"caption\":\"Universit\u00e4t Luxemburg\"},\"image\":{\"@id\":\"https:\/\/www.uni.lu\/de\/#\/schema\/logo\/image\/\"},\"sameAs\":[\"https:\/\/www.facebook.com\/uni.lu\",\"https:\/\/www.linkedin.com\/school\/university-of-luxembourg\/\",\"https:\/\/www.instagram.com\/uni.lu\",\"https:\/\/www.youtube.com\/@uni_lu\",\"https:\/\/en.wikipedia.org\/wiki\/University_of_Luxembourg\"]}]}<\/script>\n<!-- \/ Yoast SEO Premium plugin. -->","yoast_head_json":{"title":"Gef\u00fchrte Touren - Universit\u00e4t Luxemburg","description":"Unsere Studierenden-Botschafter organisieren f\u00fcr Schulklassen eine gef\u00fchrte Tour \u00fcber den Campus Belval, um die bekanntesten Orte des Campus zu entdecken","robots":{"index":"index","follow":"follow","max-snippet":"max-snippet:-1","max-image-preview":"max-image-preview:large","max-video-preview":"max-video-preview:-1"},"canonical":"https:\/\/www.uni.lu\/de\/studium\/die-universitaet-entdecken\/gefuehrte-touren\/","og_locale":"de_DE","og_type":"article","og_title":"Gef\u00fchrte Touren","og_description":"Unsere Studierenden-Botschafter organisieren f\u00fcr Schulklassen eine gef\u00fchrte Tour \u00fcber den Campus Belval, um die bekanntesten Orte des Campus zu entdecken","og_url":"https:\/\/www.uni.lu\/de\/studium\/die-universitaet-entdecken\/gefuehrte-touren\/","og_site_name":"UNI DE","article_publisher":"https:\/\/www.facebook.com\/uni.lu","article_modified_time":"2025-01-10T15:35:35+00:00","og_image":[{"width":2560,"height":2560,"url":"https:\/\/www.uni.lu\/wp-content\/uploads\/sites\/10\/2026\/03\/03120000\/UNIV_SM-Profile_1600x1600px-scaled.jpg","type":"image\/jpeg"}],"twitter_card":"summary_large_image","twitter_misc":{"Gesch\u00e4tzte Lesezeit":"1 Minute"},"schema":{"@context":"https:\/\/schema.org","@graph":[{"@type":"WebPage","@id":"https:\/\/www.uni.lu\/de\/studium\/die-universitaet-entdecken\/gefuehrte-touren\/","url":"https:\/\/www.uni.lu\/de\/studium\/die-universitaet-entdecken\/gefuehrte-touren\/","name":"Gef\u00fchrte Touren - Universit\u00e4t Luxemburg","isPartOf":{"@id":"https:\/\/www.uni.lu\/de\/#website"},"datePublished":"2024-11-11T08:56:32+00:00","dateModified":"2025-01-10T15:35:35+00:00","description":"Unsere Studierenden-Botschafter organisieren f\u00fcr Schulklassen eine gef\u00fchrte Tour \u00fcber den Campus Belval, um die bekanntesten Orte des Campus zu entdecken","breadcrumb":{"@id":"https:\/\/www.uni.lu\/de\/studium\/die-universitaet-entdecken\/gefuehrte-touren\/#breadcrumb"},"inLanguage":"de-DE","potentialAction":[{"@type":"ReadAction","target":["https:\/\/www.uni.lu\/de\/studium\/die-universitaet-entdecken\/gefuehrte-touren\/"]}]},{"@type":"BreadcrumbList","@id":"https:\/\/www.uni.lu\/de\/studium\/die-universitaet-entdecken\/gefuehrte-touren\/#breadcrumb","itemListElement":[{"@type":"ListItem","position":1,"name":"Home","item":"https:\/\/www.uni.lu\/de\/"},{"@type":"ListItem","position":2,"name":"Studium","item":"https:\/\/www.uni.lu\/de\/studium\/"},{"@type":"ListItem","position":3,"name":"Die Universit\u00e4t entdecken","item":"https:\/\/www.uni.lu\/de\/studium\/die-universitaet-entdecken\/"},{"@type":"ListItem","position":4,"name":"Gef\u00fchrte Touren"}]},{"@type":"WebSite","@id":"https:\/\/www.uni.lu\/de\/#website","url":"https:\/\/www.uni.lu\/de\/","name":"Uni.lu","description":"Universit\u00e4t Luxemburg","publisher":{"@id":"https:\/\/www.uni.lu\/de\/#organization"},"alternateName":"Universit\u00e4t Luxemburg","potentialAction":[{"@type":"SearchAction","target":{"@type":"EntryPoint","urlTemplate":"https:\/\/www.uni.lu\/de\/?s={search_term_string}"},"query-input":"required name=search_term_string"}],"inLanguage":"de-DE"},{"@type":"Organization","@id":"https:\/\/www.uni.lu\/de\/#organization","name":"Universit\u00e4t Luxemburg","alternateName":"Uni.lu","url":"https:\/\/www.uni.lu\/de\/","logo":{"@type":"ImageObject","inLanguage":"de-DE","@id":"https:\/\/www.uni.lu\/de\/#\/schema\/logo\/image\/","url":"https:\/\/www.uni.lu\/wp-content\/uploads\/sites\/10\/2026\/03\/03120000\/UNIV_SM-Profile_1600x1600px-scaled.jpg","contentUrl":"https:\/\/www.uni.lu\/wp-content\/uploads\/sites\/10\/2026\/03\/03120000\/UNIV_SM-Profile_1600x1600px-scaled.jpg","width":2560,"height":2560,"caption":"Universit\u00e4t Luxemburg"},"image":{"@id":"https:\/\/www.uni.lu\/de\/#\/schema\/logo\/image\/"},"sameAs":["https:\/\/www.facebook.com\/uni.lu","https:\/\/www.linkedin.com\/school\/university-of-luxembourg\/","https:\/\/www.instagram.com\/uni.lu","https:\/\/www.youtube.com\/@uni_lu","https:\/\/en.wikipedia.org\/wiki\/University_of_Luxembourg"]}]}},"ticketed":false,"_links":{"self":[{"href":"https:\/\/www.uni.lu\/de\/wp-json\/wp\/v2\/pages\/5327"}],"collection":[{"href":"https:\/\/www.uni.lu\/de\/wp-json\/wp\/v2\/pages"}],"about":[{"href":"https:\/\/www.uni.lu\/de\/wp-json\/wp\/v2\/types\/page"}],"author":[{"embeddable":true,"href":"https:\/\/www.uni.lu\/de\/wp-json\/wp\/v2\/users\/335"}],"replies":[{"embeddable":true,"href":"https:\/\/www.uni.lu\/de\/wp-json\/wp\/v2\/comments?post=5327"}],"version-history":[{"count":5,"href":"https:\/\/www.uni.lu\/de\/wp-json\/wp\/v2\/pages\/5327\/revisions"}],"predecessor-version":[{"id":9106,"href":"https:\/\/www.uni.lu\/de\/wp-json\/wp\/v2\/pages\/5327\/revisions\/9106"}],"up":[{"embeddable":true,"href":"https:\/\/www.uni.lu\/de\/wp-json\/wp\/v2\/pages\/1270"}],"wp:authorship":[{"embeddable":true,"href":"https:\/\/www.uni.lu\/de\/wp-json\/wp\/v2\/users\/335"},{"embeddable":true,"href":"https:\/\/www.uni.lu\/de\/wp-json\/wp\/v2\/users\/123"},{"embeddable":true,"href":"https:\/\/www.uni.lu\/de\/wp-json\/wp\/v2\/users\/124"},{"embeddable":true,"href":"https:\/\/www.uni.lu\/de\/wp-json\/wp\/v2\/users\/343"},{"embeddable":true,"href":"https:\/\/www.uni.lu\/de\/wp-json\/wp\/v2\/users\/33"}],"wp:attachment":[{"href":"https:\/\/www.uni.lu\/de\/wp-json\/wp\/v2\/media?parent=5327"}],"wp:term":[{"taxonomy":"field-of-interest","embeddable":true,"href":"https:\/\/www.uni.lu\/de\/wp-json\/wp\/v2\/field-of-interest?post=5327"},{"taxonomy":"organisation","embeddable":true,"href":"https:\/\/www.uni.lu\/de\/wp-json\/wp\/v2\/organisation?post=5327"}],"curies":[{"name":"wp","href":"https:\/\/api.w.org\/{rel}","templated":true}]}}