{"id":49,"date":"2023-07-05T16:54:05","date_gmt":"2023-07-05T16:54:05","guid":{"rendered":"https:\/\/website.prod.unilu.spikeseed.cloud\/de\/?page_id=49"},"modified":"2026-01-28T14:25:14","modified_gmt":"2026-01-28T13:25:14","slug":"ba-b","status":"publish","type":"page","link":"https:\/\/www.uni.lu\/de\/zulassung\/bachelor-master\/ba-b\/","title":{"rendered":"BA-B"},"content":{"rendered":"\n<section class=\"py-0 wp-block-unilux-blocks-free-section section\"><div class=\"container xl:max-w-screen-xl\">\n<h2 class=\"has-text-align-left wp-block-unilux-blocks-heading\"        id=\"ihre-situation\"\n    >\nIhre Situation<\/h2>\n\n\n\n<ul class=\"ulux-list\">\n<li class=\"ulux-list-item\">Sie m\u00f6chten sich f\u00fcr einen <strong>Bachelorstudiengang<\/strong> bewerben<\/li>\n\n\n\n<li class=\"ulux-list-item\">Sie sind <strong>Staatsangeh\u00f6rige*r eines EU-\/EWR-Landes<\/strong> oder der <strong>Schweiz<\/strong> oder eine <strong>nicht-europ\u00e4ische Staatsangeh\u00f6rige\/ein nicht-europ\u00e4ischer Staatsangeh\u00f6riger mit einer g\u00fcltigen luxemburgischen Aufenthaltsgenehmigung<\/strong><\/li>\n\n\n\n<li class=\"ulux-list-item\">Sie verf\u00fcgen \u00fcber ein <strong>\u201eDipl\u00f4me de technicien\u201c (Technikerdiplom) sowie ein Zertifikat \u00fcber den Abschluss der vorbereitenden Module<\/strong><\/li>\n<\/ul>\n\n\n\n<h2 class=\"has-text-align-left wp-block-unilux-blocks-heading\"        id=\"ihre-kriterien\"\n    >\nIhre Kriterien<\/h2>\n\n\n\n<ul class=\"wp-block-unilux-blocks-highlighted-list list-highlighted list-highlighted--architectural\"><li class=\"list-highlighted__item  wp-block-unilux-blocks-highlighted-list-item\">\n    <header class=\"list-highlighted__header wp-block-unilux-blocks-highlighted-list-item-header\">\n    \n<h4 class=\"title text-18 font-bold has-text-align-left wp-block-unilux-blocks-heading\"        id=\"diplom\"\n    >\nDiplom<\/h4>\n<div class=\"wp-block-unilux-blocks-bigtext\">\n    <span>\n        \n    <\/span>\n<\/div><\/header><div class=\"list-highlighted__body wp-block-unilux-blocks-highlighted-list-item-body\">\n    <div class=\"wp-block-unilux-blocks-highlighted-list-item-free-content-area\">\n    \n<p><strong>Ihr Diplom wird f\u00fcr eine begrenzte Anzahl von Bachelor-Studienprogrammen anerkannt, vorausgesetzt, dass Sie die vorbereitenden Module abgeschlossen haben.<\/strong><\/p>\n\n<p>Sie k\u00f6nnen sich f\u00fcr ein Studienprogramm bewerben, wenn der Bereich, in dem Sie Ihr \u201eDipl\u00f4me de technicien\u201c und die vorbereitenden Module absolviert haben, f\u00fcr das Fach des gew\u00fcnschten Studienprogramms relevant ist und wenn Sie alle Zulassungskriterien erf\u00fcllen.<\/p>\n\n<figure class=\"wp-block-table\"><table><tbody><tr><td class=\"has-text-align-center\" data-align=\"center\"><strong>Division <strong>f\u00fcr das<\/strong> Dipl\u00f4me de technicien <\/strong><\/td><td><strong>Zul\u00e4ssige Bachelor-Studieng\u00e4nge (vorbehaltlich der Pr\u00fcfung durch den Auswahlausschuss)<\/strong><\/td><\/tr><tr><td class=\"has-text-align-center\" data-align=\"center\"><em><strong>Division Administration et commerce<\/strong><\/em><\/td><td>&#8211; Bachelor in Business Administration<br>&#8211; Bachelor en Comptabilit\u00e9 et Fiscalit\u00e9<\/td><\/tr><tr><td class=\"has-text-align-center\" data-align=\"center\"><strong><strong><em>Division Commerce \u00e9lectronique<\/em><\/strong><\/strong><\/td><td>&#8211; Bachelor in Business Administration<br>&#8211; Bachelor en Comptabilit\u00e9 et Fiscalit\u00e9<\/td><\/tr><tr><td class=\"has-text-align-center\" data-align=\"center\"><strong><strong><em>Division Vente et gestion<\/em><\/strong><\/strong><\/td><td>&#8211; Bachelor in Business Administration<br>&#8211; Bachelor en Comptabilit\u00e9 et Fiscalit\u00e9<\/td><\/tr><tr><td class=\"has-text-align-center\" data-align=\"center\"><strong><strong><em>Division informatique<\/em><\/strong><\/strong><\/td><td>&#8211; Bachelor in Applied Information Technology<br>&#8211; Bachelor in Computer Science<\/td><\/tr><tr><td class=\"has-text-align-center\" data-align=\"center\"><strong><strong><em>Division Smart technologies<\/em><\/strong><\/strong><\/td><td>&#8211; Bachelor im Ingenieurwesen<\/td><\/tr><tr><td class=\"has-text-align-center\" data-align=\"center\"><strong><em>Division M\u00e9canique g\u00e9n\u00e9rale<\/em><\/strong><\/td><td>&#8211; Bachelor im Ingenieurwesen<\/td><\/tr><tr><td class=\"has-text-align-center\" data-align=\"center\"><strong><em>Division G\u00e9nie civil<\/em><\/strong><\/td><td>&#8211; Bachelor im Ingenieurwesen<\/td><\/tr><tr><td class=\"has-text-align-center\" data-align=\"center\"><strong><em>Division M\u00e9catronique<\/em><\/strong><\/td><td>&#8211; Bachelor im Ingenieurwesen<\/td><\/tr><tr><td class=\"has-text-align-center\" data-align=\"center\"><strong><em>Division Smart Buildings &amp; energies<\/em><\/strong><br><em>(anciennement \u00ab&nbsp;\u00c9quipement \u00e9nerg\u00e9tique et technique des b\u00e2timents&nbsp;\u00bb)<\/em><\/td><td>&#8211; Bachelor im Ingenieurwesen<\/td><\/tr><\/tbody><\/table><\/figure>\n\n<p><\/p>\n\n<p><strong>Wenn Sie Ihr Diplom und das Zertifikat \u00fcber den Abschluss der vorbereitenden Module<\/strong> zum Zeitpunkt der Bewerbung f\u00fcr das gew\u00e4hlte Studienprogramm <strong>noch nicht erhalten haben, k\u00f6nnen Sie Ihre Bewerbung<\/strong> dennoch innerhalb der Bewerbungsfrist <strong>einreichen, auch ohne das Diplom und das Zertifikat.<\/strong><\/p>\n\n<p>Sollten Sie sich ohne Vorlage einer Kopie Ihres Diploms und des Zertifikats bewerben, m\u00fcssen Sie Ihr Diplom, das Zertifikat \u00fcber den Abschluss der vorbereitenden Module sowie das endg\u00fcltige Notenzeugnis nachreichen, falls Ihnen eine bedingte Zulassung erteilt wird. Die Einschreibung kann erst abgeschlossen werden, wenn alle erforderlichen Unterlagen vorliegen und alle weiteren Zulassungsvoraussetzungen erf\u00fcllt sind.<\/p>\n<\/div><\/div><\/li>\n\n<li class=\"list-highlighted__item  wp-block-unilux-blocks-highlighted-list-item\">\n    <header class=\"list-highlighted__header wp-block-unilux-blocks-highlighted-list-item-header\">\n    \n<h4 class=\"title text-18 font-bold has-text-align-left wp-block-unilux-blocks-heading\"        id=\"nachweis-von-sprachkenntnissen\"\n    >\nNachweis von Sprachkenntnissen<\/h4>\n<div class=\"wp-block-unilux-blocks-bigtext\">\n    <span>\n        \n    <\/span>\n<\/div><\/header><div class=\"list-highlighted__body wp-block-unilux-blocks-highlighted-list-item-body\">\n    <div class=\"wp-block-unilux-blocks-highlighted-list-item-free-content-area\">\n    \n<p>Alle Bewerberinnen m\u00fcssen die erforderliche Sprachkompetenz in <strong>allen Unterrichtssprachen<\/strong> ihres gew\u00e4hlten Studienprogramms nachweisen. Die Sprachvoraussetzungen f\u00fcr jedes Programm, basierend auf dem <a href=\"https:\/\/www.coe.int\/en\/web\/common-european-framework-reference-languages\/table-1-cefr-3.3-common-reference-levels-global-scale\">Gemeinsamen Europ\u00e4ischen Referenzrahmen f\u00fcr Sprachen (GER)<\/a>, sind auf der <a href=\"https:\/\/www.uni.lu\/de\/studium\/studienprogramme-uebersicht\/\">jeweiligen Programmseite<\/a> aufgef\u00fchrt. Werden mehrere Sprachen angegeben, handelt es sich um ein mehrsprachiges Programm, und Bewerberinnen m\u00fcssen die Kenntnisse in allen aufgef\u00fchrten Sprachen nachweisen, sofern nicht anders angegeben.<\/p>\n\n<p><strong>Bewerber*innen, die die erforderliche Sprachkompetenz in allen Unterrichtssprachen bis zum Bewerbungsschluss nicht nachweisen k\u00f6nnen, sind f\u00fcr den betreffenden Bewerbungszyklus nicht zulassungsberechtigt.<\/strong><\/p>\n\n<ul class=\"wp-block-unilux-blocks-button-list-v2\">\n<li class=\"wp-block-unilux-blocks-button-list-item-v2\"><a class=\"quick-link\" href=\"https:\/\/www.uni.lu\/de\/zulassung\/nachweis-von-sprachkenntnissen\/\" target=\"\" role=\"link\" rel=\"noopener\" tabindex=\"0\"><span class=\"quick-link__container\">\n<div class=\"wp-block-unilux-blocks-block-inserter quick-link__img\">\n<div class=\"icon--primary icon--secondary-2 icon--xl wp-block-unilux-blocks-icon-picker\">\n    <svg aria-hidden=\"true\" focusable=\"false\" class=\"icon icon-outline icon--languages \"><use xlink:href=\"https:\/\/www.uni.lu\/wp-content\/themes\/unilux-theme\/assets\/images\/icons\/icons-outline.svg#icon--languages\"><\/use><\/svg><\/div><\/div>\n\n\n\n<span class=\"quick-link__name wp-block-unilux-blocks-plain-text\">Mehr \u00fcber anerkannte Nachweise von Sprachkenntnissen erfahren<\/span>\n\n<svg aria-hidden=\"true\" focusable=\"false\" class=\"icon icon-outline icon--arrow-right \"><use xlink:href=\"https:\/\/www.uni.lu\/wp-content\/themes\/unilux-theme\/assets\/images\/icons\/icons-outline.svg#icon--arrow-right\"><\/use><\/svg><\/span><\/a><\/li>\n<\/ul>\n<\/div><\/div><\/li>\n\n<li class=\"list-highlighted__item  wp-block-unilux-blocks-highlighted-list-item\">\n    <header class=\"list-highlighted__header wp-block-unilux-blocks-highlighted-list-item-header\">\n    \n<h4 class=\"title text-18 font-bold has-text-align-left wp-block-unilux-blocks-heading\"        id=\"bewerbungsfrist\"\n    >\nBewerbungsfrist<\/h4>\n<div class=\"wp-block-unilux-blocks-bigtext\">\n    <span>\n        \n    <\/span>\n<\/div><\/header><div class=\"list-highlighted__body wp-block-unilux-blocks-highlighted-list-item-body\">\n    <div class=\"wp-block-unilux-blocks-highlighted-list-item-free-content-area\">\n    <div class=\"icon-info-wrapper\">\n    <ul class=\"wp-block-unilux-blocks-icon-info\">\n        <li class=\"wp-block-unilux-blocks-icon-info-item\">\n    \n<div class=\"wp-block-unilux-blocks-wrapper icon-info\">\n<div class=\"icon--primary icon--secondary-2 icon--xl wp-block-unilux-blocks-icon-picker\">\n    <svg aria-hidden=\"true\" focusable=\"false\" class=\"icon icon-outline icon--duration \"><use xlink:href=\"https:\/\/www.uni.lu\/wp-content\/themes\/unilux-theme\/assets\/images\/icons\/icons-outline.svg#icon--duration\"><\/use><\/svg><\/div>\n\n\n<p class=\"has-1-125-rem-font-size\">Die Fristen k\u00f6nnen je nach Studienprogramm variieren. Bitte reichen Sie Ihre Bewerbung<br><strong>innerhalb der f\u00fcr EU-\/EWR-\/Schweizer Kandidat*innen geltenden Frist ein, wie sie in hrem<\/strong><br><strong>Bewerbungsportal angegeben ist.<\/strong><\/p>\n<\/div>\n<\/li>\n    <\/ul>\n<\/div>\n<\/div><\/div><\/li>\n\n<li class=\"list-highlighted__item  wp-block-unilux-blocks-highlighted-list-item\">\n    <header class=\"list-highlighted__header wp-block-unilux-blocks-highlighted-list-item-header\">\n    \n<h4 class=\"title text-18 font-bold has-text-align-left wp-block-unilux-blocks-heading\"        id=\"sollte-ihre-bewerbung-erfolgreich-sein\"\n    >\nSollte Ihre Bewerbung erfolgreich sein<\/h4>\n<div class=\"wp-block-unilux-blocks-bigtext\">\n    <span>\n        \n    <\/span>\n<\/div><\/header><div class=\"list-highlighted__body wp-block-unilux-blocks-highlighted-list-item-body\">\n    <div class=\"wp-block-unilux-blocks-highlighted-list-item-free-content-area\">\n    \n<p>Wenn Ihre Bewerbung vom Auswahlkomitee angenommen wird, erhalten Sie:<\/p>\n\n<ul class=\"ulux-list\">\n<li class=\"ulux-list-item\">ein <strong>endg\u00fcltiges Zulassungsschreiben<\/strong>, wenn Ihre Unterlagen vollst\u00e4ndig sind<\/li>\n\n\n\n<li class=\"ulux-list-item\">ein <strong>bedingtes Zulassungsschreiben<\/strong>, wenn Ihre Unterlagen unvollst\u00e4ndig sind (z.\u202fB. fehlendes Diplom oder Leistungsnachweis, Zertifikat \u00fcber den Abschluss der vorbereitenden Module, endg\u00fcltiges Notenzeugnis, Nachweis der Krankenversicherung usw.). Die fehlenden Unterlagen m\u00fcssen Sie \u00fcber das Bewerbungsportal sp\u00e4testens <strong>bis zum 15. November Ihres ersten Studiensemesters <\/strong>hochladen. Sobald alle Unterlagen vollst\u00e4ndig vorliegen, erhalten Sie das endg\u00fcltige Zulassungsschreiben.<\/li>\n<\/ul>\n<\/div><\/div><\/li>\n\n<li class=\"list-highlighted__item  wp-block-unilux-blocks-highlighted-list-item\">\n    <header class=\"list-highlighted__header wp-block-unilux-blocks-highlighted-list-item-header\">\n    \n<h4 class=\"title text-18 font-bold has-text-align-left wp-block-unilux-blocks-heading\"        id=\"wenn-sie-ihre-einschreibung-nicht-abschliessen-koennen\"\n    >\nWenn Sie Ihre Einschreibung nicht abschlie\u00dfen k\u00f6nnen<\/h4>\n<div class=\"wp-block-unilux-blocks-bigtext\">\n    <span>\n        \n    <\/span>\n<\/div><\/header><div class=\"list-highlighted__body wp-block-unilux-blocks-highlighted-list-item-body\">\n    <div class=\"wp-block-unilux-blocks-highlighted-list-item-free-content-area\">\n    \n<div class=\"wp-block-columns is-layout-flex wp-block-columns-is-layout-flex\">\n<div class=\"wp-block-column is-layout-flow wp-block-column-is-layout-flow\">\n<div class=\"wp-block-unilux-blocks-icons-group icon--xl has-text-align-center\"><svg aria-hidden=\"true\" focusable=\"false\" class=\"icon icon-outline icon--warning \"><use xlink:href=\"https:\/\/www.uni.lu\/wp-content\/themes\/unilux-theme\/assets\/images\/icons\/icons-outline.svg#icon--warning\"><\/use><\/svg><\/div>\n<\/div>\n<\/div>\n\n<p><strong>Bitte beachten Sie, dass unvollst\u00e4ndige Einschreibungen nicht auf zuk\u00fcnftige Studienjahre \u00fcbertragen werden k\u00f6nnen. <\/strong>Wenn Sie Ihre Einschreibung nicht abschlie\u00dfen k\u00f6nnen, m\u00fcssen Sie den Zulassungsprozess mit einer neuen Studierenden-ID erneut durchlaufen und alle erforderlichen Unterlagen erneut hochladen. Ihre neue Bewerbung unterliegt den zu diesem Zeitpunkt geltenden Regelungen, einschlie\u00dflich Bewerbungsgeb\u00fchren und Zulassungsvoraussetzungen.<\/p>\n\n<p>Die Annahme einer Bewerbung f\u00fcr ein Studienjahr garantiert keine Annahme in zuk\u00fcnftigen Jahren.<\/p>\n<\/div><\/div><\/li><\/ul>\n\n\n\n<p><strong>F\u00fcgen Sie diese Seite \u00fcber die folgende Schaltfl\u00e4che Ihren Favoriten hinzu<\/strong><\/p>\n\n\n\n<ul class=\"wp-block-unilux-blocks-button-list-v2\">\n<li class=\"wp-block-unilux-blocks-button-list-item-v2\"><a class=\"quick-link\" href=\"https:\/\/www.uni.lu\/en\/admissions\/bachelor-master\/ba-b\/\" target=\"\" role=\"link\" rel=\"noopener\" tabindex=\"0\"><span class=\"quick-link__container\">\n<div class=\"wp-block-unilux-blocks-block-inserter quick-link__img\"><\/div>\n\n\n\n<span class=\"quick-link__name wp-block-unilux-blocks-plain-text\">Diese Inhalte als Seite anzeigen<\/span>\n\n<svg aria-hidden=\"true\" focusable=\"false\" class=\"icon icon-outline icon--arrow-right \"><use xlink:href=\"https:\/\/www.uni.lu\/wp-content\/themes\/unilux-theme\/assets\/images\/icons\/icons-outline.svg#icon--arrow-right\"><\/use><\/svg><\/span><\/a><\/li>\n<\/ul>\n<\/div><\/section>\n","protected":false},"excerpt":{"rendered":"","protected":false},"author":337,"featured_media":0,"parent":33,"menu_order":0,"comment_status":"closed","ping_status":"closed","template":"","meta":{"featured_image_focal_point":[],"show_featured_caption":false,"ulux_newsletter_groups":"","uluxPostTitle":"Zulassungskriterien","uluxPrePostTitle":"","_trash_the_other_posts":false,"_price":"","_stock":"","_tribe_ticket_header":"","_tribe_default_ticket_provider":"","_tribe_ticket_capacity":"0","_ticket_start_date":"","_ticket_end_date":"","_tribe_ticket_show_description":"","_tribe_ticket_show_not_going":false,"_tribe_ticket_use_global_stock":"","_tribe_ticket_global_stock_level":"","_global_stock_mode":"","_global_stock_cap":"","_tribe_rsvp_for_event":"","_tribe_ticket_going_count":"","_tribe_ticket_not_going_count":"","_tribe_tickets_list":"[]","_tribe_ticket_has_attendee_info_fields":false,"footnotes":""},"field-of-interest":[],"organisation":[],"authorship":[210,68,337],"acf":[],"yoast_head":"<!-- This site is optimized with the Yoast SEO Premium plugin v22.3 (Yoast SEO v22.3) - https:\/\/yoast.com\/wordpress\/plugins\/seo\/ -->\n<title>BA-B - Universit\u00e4t Luxemburg<\/title>\n<meta name=\"description\" content=\"BA-B: Sie m\u00f6chten sich f\u00fcr einen Bachelorstudiengang bewerben Sie sind Staatsangeh\u00f6rige*r eines EU-\/EWR-Landes oder der Schweiz oder eine nicht-europ\u00e4ische\" \/>\n<meta name=\"robots\" content=\"index, follow, max-snippet:-1, max-image-preview:large, max-video-preview:-1\" \/>\n<link rel=\"canonical\" href=\"https:\/\/www.uni.lu\/de\/zulassung\/bachelor-master\/ba-b\/\" \/>\n<meta property=\"og:locale\" content=\"de_DE\" \/>\n<meta property=\"og:type\" content=\"article\" \/>\n<meta property=\"og:title\" content=\"BA-B\" \/>\n<meta property=\"og:description\" content=\"BA-B: Sie m\u00f6chten sich f\u00fcr einen Bachelorstudiengang bewerben Sie sind Staatsangeh\u00f6rige*r eines EU-\/EWR-Landes oder der Schweiz oder eine nicht-europ\u00e4ische\" \/>\n<meta property=\"og:url\" content=\"https:\/\/www.uni.lu\/de\/zulassung\/bachelor-master\/ba-b\/\" \/>\n<meta property=\"og:site_name\" content=\"UNI DE\" \/>\n<meta property=\"article:publisher\" content=\"https:\/\/www.facebook.com\/uni.lu\" \/>\n<meta property=\"article:modified_time\" content=\"2026-01-28T13:25:14+00:00\" \/>\n<meta property=\"og:image\" content=\"https:\/\/www.uni.lu\/wp-content\/uploads\/sites\/10\/2026\/03\/03120000\/UNIV_SM-Profile_1600x1600px-scaled.jpg\" \/>\n\t<meta property=\"og:image:width\" content=\"2560\" \/>\n\t<meta property=\"og:image:height\" content=\"2560\" \/>\n\t<meta property=\"og:image:type\" content=\"image\/jpeg\" \/>\n<meta name=\"twitter:card\" content=\"summary_large_image\" \/>\n<meta name=\"twitter:label1\" content=\"Gesch\u00e4tzte Lesezeit\" \/>\n\t<meta name=\"twitter:data1\" content=\"3 Minuten\" \/>\n<script type=\"application\/ld+json\" class=\"yoast-schema-graph\">{\"@context\":\"https:\/\/schema.org\",\"@graph\":[{\"@type\":\"WebPage\",\"@id\":\"https:\/\/www.uni.lu\/de\/zulassung\/bachelor-master\/ba-b\/\",\"url\":\"https:\/\/www.uni.lu\/de\/zulassung\/bachelor-master\/ba-b\/\",\"name\":\"BA-B - Universit\u00e4t Luxemburg\",\"isPartOf\":{\"@id\":\"https:\/\/www.uni.lu\/de\/#website\"},\"datePublished\":\"2023-07-05T16:54:05+00:00\",\"dateModified\":\"2026-01-28T13:25:14+00:00\",\"description\":\"BA-B: Sie m\u00f6chten sich f\u00fcr einen Bachelorstudiengang bewerben Sie sind Staatsangeh\u00f6rige*r eines EU-\/EWR-Landes oder der Schweiz oder eine nicht-europ\u00e4ische\",\"breadcrumb\":{\"@id\":\"https:\/\/www.uni.lu\/de\/zulassung\/bachelor-master\/ba-b\/#breadcrumb\"},\"inLanguage\":\"de-DE\",\"potentialAction\":[{\"@type\":\"ReadAction\",\"target\":[\"https:\/\/www.uni.lu\/de\/zulassung\/bachelor-master\/ba-b\/\"]}]},{\"@type\":\"BreadcrumbList\",\"@id\":\"https:\/\/www.uni.lu\/de\/zulassung\/bachelor-master\/ba-b\/#breadcrumb\",\"itemListElement\":[{\"@type\":\"ListItem\",\"position\":1,\"name\":\"Home\",\"item\":\"https:\/\/www.uni.lu\/de\/\"},{\"@type\":\"ListItem\",\"position\":2,\"name\":\"Zulassung\",\"item\":\"https:\/\/www.uni.lu\/de\/zulassung\/\"},{\"@type\":\"ListItem\",\"position\":3,\"name\":\"Bachelor &amp; Master\",\"item\":\"https:\/\/www.uni.lu\/de\/zulassung\/bachelor-master\/\"},{\"@type\":\"ListItem\",\"position\":4,\"name\":\"BA-B\"}]},{\"@type\":\"WebSite\",\"@id\":\"https:\/\/www.uni.lu\/de\/#website\",\"url\":\"https:\/\/www.uni.lu\/de\/\",\"name\":\"Uni.lu\",\"description\":\"Universit\u00e4t Luxemburg\",\"publisher\":{\"@id\":\"https:\/\/www.uni.lu\/de\/#organization\"},\"alternateName\":\"Universit\u00e4t Luxemburg\",\"potentialAction\":[{\"@type\":\"SearchAction\",\"target\":{\"@type\":\"EntryPoint\",\"urlTemplate\":\"https:\/\/www.uni.lu\/de\/?s={search_term_string}\"},\"query-input\":\"required name=search_term_string\"}],\"inLanguage\":\"de-DE\"},{\"@type\":\"Organization\",\"@id\":\"https:\/\/www.uni.lu\/de\/#organization\",\"name\":\"Universit\u00e4t Luxemburg\",\"alternateName\":\"Uni.lu\",\"url\":\"https:\/\/www.uni.lu\/de\/\",\"logo\":{\"@type\":\"ImageObject\",\"inLanguage\":\"de-DE\",\"@id\":\"https:\/\/www.uni.lu\/de\/#\/schema\/logo\/image\/\",\"url\":\"https:\/\/www.uni.lu\/wp-content\/uploads\/sites\/10\/2026\/03\/03120000\/UNIV_SM-Profile_1600x1600px-scaled.jpg\",\"contentUrl\":\"https:\/\/www.uni.lu\/wp-content\/uploads\/sites\/10\/2026\/03\/03120000\/UNIV_SM-Profile_1600x1600px-scaled.jpg\",\"width\":2560,\"height\":2560,\"caption\":\"Universit\u00e4t Luxemburg\"},\"image\":{\"@id\":\"https:\/\/www.uni.lu\/de\/#\/schema\/logo\/image\/\"},\"sameAs\":[\"https:\/\/www.facebook.com\/uni.lu\",\"https:\/\/www.linkedin.com\/school\/university-of-luxembourg\/\",\"https:\/\/www.instagram.com\/uni.lu\",\"https:\/\/www.youtube.com\/@uni_lu\",\"https:\/\/en.wikipedia.org\/wiki\/University_of_Luxembourg\"]}]}<\/script>\n<!-- \/ Yoast SEO Premium plugin. -->","yoast_head_json":{"title":"BA-B - Universit\u00e4t Luxemburg","description":"BA-B: Sie m\u00f6chten sich f\u00fcr einen Bachelorstudiengang bewerben Sie sind Staatsangeh\u00f6rige*r eines EU-\/EWR-Landes oder der Schweiz oder eine nicht-europ\u00e4ische","robots":{"index":"index","follow":"follow","max-snippet":"max-snippet:-1","max-image-preview":"max-image-preview:large","max-video-preview":"max-video-preview:-1"},"canonical":"https:\/\/www.uni.lu\/de\/zulassung\/bachelor-master\/ba-b\/","og_locale":"de_DE","og_type":"article","og_title":"BA-B","og_description":"BA-B: Sie m\u00f6chten sich f\u00fcr einen Bachelorstudiengang bewerben Sie sind Staatsangeh\u00f6rige*r eines EU-\/EWR-Landes oder der Schweiz oder eine nicht-europ\u00e4ische","og_url":"https:\/\/www.uni.lu\/de\/zulassung\/bachelor-master\/ba-b\/","og_site_name":"UNI DE","article_publisher":"https:\/\/www.facebook.com\/uni.lu","article_modified_time":"2026-01-28T13:25:14+00:00","og_image":[{"width":2560,"height":2560,"url":"https:\/\/www.uni.lu\/wp-content\/uploads\/sites\/10\/2026\/03\/03120000\/UNIV_SM-Profile_1600x1600px-scaled.jpg","type":"image\/jpeg"}],"twitter_card":"summary_large_image","twitter_misc":{"Gesch\u00e4tzte Lesezeit":"3 Minuten"},"schema":{"@context":"https:\/\/schema.org","@graph":[{"@type":"WebPage","@id":"https:\/\/www.uni.lu\/de\/zulassung\/bachelor-master\/ba-b\/","url":"https:\/\/www.uni.lu\/de\/zulassung\/bachelor-master\/ba-b\/","name":"BA-B - Universit\u00e4t Luxemburg","isPartOf":{"@id":"https:\/\/www.uni.lu\/de\/#website"},"datePublished":"2023-07-05T16:54:05+00:00","dateModified":"2026-01-28T13:25:14+00:00","description":"BA-B: Sie m\u00f6chten sich f\u00fcr einen Bachelorstudiengang bewerben Sie sind Staatsangeh\u00f6rige*r eines EU-\/EWR-Landes oder der Schweiz oder eine nicht-europ\u00e4ische","breadcrumb":{"@id":"https:\/\/www.uni.lu\/de\/zulassung\/bachelor-master\/ba-b\/#breadcrumb"},"inLanguage":"de-DE","potentialAction":[{"@type":"ReadAction","target":["https:\/\/www.uni.lu\/de\/zulassung\/bachelor-master\/ba-b\/"]}]},{"@type":"BreadcrumbList","@id":"https:\/\/www.uni.lu\/de\/zulassung\/bachelor-master\/ba-b\/#breadcrumb","itemListElement":[{"@type":"ListItem","position":1,"name":"Home","item":"https:\/\/www.uni.lu\/de\/"},{"@type":"ListItem","position":2,"name":"Zulassung","item":"https:\/\/www.uni.lu\/de\/zulassung\/"},{"@type":"ListItem","position":3,"name":"Bachelor &amp; Master","item":"https:\/\/www.uni.lu\/de\/zulassung\/bachelor-master\/"},{"@type":"ListItem","position":4,"name":"BA-B"}]},{"@type":"WebSite","@id":"https:\/\/www.uni.lu\/de\/#website","url":"https:\/\/www.uni.lu\/de\/","name":"Uni.lu","description":"Universit\u00e4t Luxemburg","publisher":{"@id":"https:\/\/www.uni.lu\/de\/#organization"},"alternateName":"Universit\u00e4t Luxemburg","potentialAction":[{"@type":"SearchAction","target":{"@type":"EntryPoint","urlTemplate":"https:\/\/www.uni.lu\/de\/?s={search_term_string}"},"query-input":"required name=search_term_string"}],"inLanguage":"de-DE"},{"@type":"Organization","@id":"https:\/\/www.uni.lu\/de\/#organization","name":"Universit\u00e4t Luxemburg","alternateName":"Uni.lu","url":"https:\/\/www.uni.lu\/de\/","logo":{"@type":"ImageObject","inLanguage":"de-DE","@id":"https:\/\/www.uni.lu\/de\/#\/schema\/logo\/image\/","url":"https:\/\/www.uni.lu\/wp-content\/uploads\/sites\/10\/2026\/03\/03120000\/UNIV_SM-Profile_1600x1600px-scaled.jpg","contentUrl":"https:\/\/www.uni.lu\/wp-content\/uploads\/sites\/10\/2026\/03\/03120000\/UNIV_SM-Profile_1600x1600px-scaled.jpg","width":2560,"height":2560,"caption":"Universit\u00e4t Luxemburg"},"image":{"@id":"https:\/\/www.uni.lu\/de\/#\/schema\/logo\/image\/"},"sameAs":["https:\/\/www.facebook.com\/uni.lu","https:\/\/www.linkedin.com\/school\/university-of-luxembourg\/","https:\/\/www.instagram.com\/uni.lu","https:\/\/www.youtube.com\/@uni_lu","https:\/\/en.wikipedia.org\/wiki\/University_of_Luxembourg"]}]}},"ticketed":false,"_links":{"self":[{"href":"https:\/\/www.uni.lu\/de\/wp-json\/wp\/v2\/pages\/49"}],"collection":[{"href":"https:\/\/www.uni.lu\/de\/wp-json\/wp\/v2\/pages"}],"about":[{"href":"https:\/\/www.uni.lu\/de\/wp-json\/wp\/v2\/types\/page"}],"author":[{"embeddable":true,"href":"https:\/\/www.uni.lu\/de\/wp-json\/wp\/v2\/users\/337"}],"replies":[{"embeddable":true,"href":"https:\/\/www.uni.lu\/de\/wp-json\/wp\/v2\/comments?post=49"}],"version-history":[{"count":5,"href":"https:\/\/www.uni.lu\/de\/wp-json\/wp\/v2\/pages\/49\/revisions"}],"predecessor-version":[{"id":8550,"href":"https:\/\/www.uni.lu\/de\/wp-json\/wp\/v2\/pages\/49\/revisions\/8550"}],"up":[{"embeddable":true,"href":"https:\/\/www.uni.lu\/de\/wp-json\/wp\/v2\/pages\/33"}],"wp:authorship":[{"embeddable":true,"href":"https:\/\/www.uni.lu\/de\/wp-json\/wp\/v2\/users\/210"},{"embeddable":true,"href":"https:\/\/www.uni.lu\/de\/wp-json\/wp\/v2\/users\/68"},{"embeddable":true,"href":"https:\/\/www.uni.lu\/de\/wp-json\/wp\/v2\/users\/337"}],"wp:attachment":[{"href":"https:\/\/www.uni.lu\/de\/wp-json\/wp\/v2\/media?parent=49"}],"wp:term":[{"taxonomy":"field-of-interest","embeddable":true,"href":"https:\/\/www.uni.lu\/de\/wp-json\/wp\/v2\/field-of-interest?post=49"},{"taxonomy":"organisation","embeddable":true,"href":"https:\/\/www.uni.lu\/de\/wp-json\/wp\/v2\/organisation?post=49"}],"curies":[{"name":"wp","href":"https:\/\/api.w.org\/{rel}","templated":true}]}}