{"id":4409,"date":"2024-06-05T10:54:58","date_gmt":"2024-06-05T08:54:58","guid":{"rendered":"https:\/\/www.uni.lu\/de\/?page_id=4409"},"modified":"2026-03-24T08:16:54","modified_gmt":"2026-03-24T07:16:54","slug":"wie-es-funktioniert","status":"publish","type":"page","link":"https:\/\/www.uni.lu\/de\/studium\/die-universitaet-entdecken\/studieren-probieren\/wie-es-funktioniert\/","title":{"rendered":"Wie es funktioniert"},"content":{"rendered":"<div class=\"section py-0 static\">\n<section class=\"py-0 wp-block-unilux-blocks-free-section section\"><div class=\"container xl:max-w-screen-xl\"><!-- SecondaryNavigationMirror --><div class=\"js-secondary-nav--sticky wp-block-unilux-blocks-secondary-navigation\" id=\"a74c86c7-6c33-4998-b857-5fccd322669d\">\n    <nav id=\"secondary-navigation\" role=\"navigation\" aria-label=\"Secondary menu\" class=\"secondary-nav\">\n        <button class=\"secondary-nav__button btn btn-solid--primary w-full\" aria-expanded=\"false\" aria-controls=\"secondary-navigation__list\" title=\"The selected page is Wie funktioniert&#039;s\" type=\"button\">\n            <span class=\"btn__name mr-auto\">Wie funktioniert&#039;s<\/span>\n            <svg aria-hidden=\"true\" focusable=\"false\" class=\"icon icon-outline icon--xs\">\n                <use xlink:href=\"https:\/\/www.uni.lu\/wp-content\/themes\/unilux-theme\/assets\/images\/icons\/icons-outline.svg#icon--arrow-down\" \/>\n            <\/svg>\n        <\/button>\n\n        <ul id=\"secondary-navigation__list\" class=\"secondary-nav__list\">\n            <li class=\"secondary-nav__item\">\n    <a href=\"https:\/\/www.uni.lu\/de\/studium\/die-universitaet-entdecken\/studieren-probieren\/\" target=\"\" rel=\"noreferrer noopener\" class=\"secondary-nav__link \">\n        <svg aria-hidden=\"true\" focusable=\"false\" class=\"icon icon-outline icon--xs\">\n            <use xlink:href=\"https:\/\/www.uni.lu\/wp-content\/themes\/unilux-theme\/assets\/images\/icons\/icons-outline.svg#icon--arrow-right\" \/>\n        <\/svg>\n        <span class=\"secondary-nav__name\">\u00dcbersicht<\/span>\n    <\/a>\n<\/li>\n<li class=\"secondary-nav__item\">\n    <a href=\"https:\/\/www.uni.lu\/de\/studium\/die-universitaet-entdecken\/studieren-probieren\/wie-es-funktioniert\/\" target=\"\" rel=\"noreferrer noopener\" class=\"secondary-nav__link isactived\" aria-current=\"page\">\n        <svg aria-hidden=\"true\" focusable=\"false\" class=\"icon icon-outline icon--xs\">\n            <use xlink:href=\"https:\/\/www.uni.lu\/wp-content\/themes\/unilux-theme\/assets\/images\/icons\/icons-outline.svg#icon--arrow-right\" \/>\n        <\/svg>\n        <span class=\"secondary-nav__name\">Wie funktioniert&#8217;s<\/span>\n    <\/a>\n<\/li>\n<li class=\"secondary-nav__item\">\n    <a href=\"https:\/\/www.uni.lu\/de\/studium\/die-universitaet-entdecken\/studieren-probieren\/bachelorstudiengaenge\/\" target=\"\" rel=\"noreferrer noopener\" class=\"secondary-nav__link \">\n        <svg aria-hidden=\"true\" focusable=\"false\" class=\"icon icon-outline icon--xs\">\n            <use xlink:href=\"https:\/\/www.uni.lu\/wp-content\/themes\/unilux-theme\/assets\/images\/icons\/icons-outline.svg#icon--arrow-right\" \/>\n        <\/svg>\n        <span class=\"secondary-nav__name\">Studienangebot<\/span>\n    <\/a>\n<\/li>\n<li class=\"secondary-nav__item\">\n    <a href=\"https:\/\/www.uni.lu\/de\/studium\/die-universitaet-entdecken\/studieren-probieren\/fuehrungen\/\" target=\"\" rel=\"noreferrer noopener\" class=\"secondary-nav__link \">\n        <svg aria-hidden=\"true\" focusable=\"false\" class=\"icon icon-outline icon--xs\">\n            <use xlink:href=\"https:\/\/www.uni.lu\/wp-content\/themes\/unilux-theme\/assets\/images\/icons\/icons-outline.svg#icon--arrow-right\" \/>\n        <\/svg>\n        <span class=\"secondary-nav__name\">F\u00fchrungen und virtueller Campus<\/span>\n    <\/a>\n<\/li>\n<li class=\"secondary-nav__item\">\n    <a href=\"https:\/\/www.uni.lu\/de\/studium\/die-universitaet-entdecken\/studieren-probieren\/staerken\/\" target=\"\" rel=\"noreferrer noopener\" class=\"secondary-nav__link \">\n        <svg aria-hidden=\"true\" focusable=\"false\" class=\"icon icon-outline icon--xs\">\n            <use xlink:href=\"https:\/\/www.uni.lu\/wp-content\/themes\/unilux-theme\/assets\/images\/icons\/icons-outline.svg#icon--arrow-right\" \/>\n        <\/svg>\n        <span class=\"secondary-nav__name\">St\u00e4rken<\/span>\n    <\/a>\n<\/li>\n<li class=\"secondary-nav__item\">\n    <a href=\"https:\/\/www.uni.lu\/de\/studium\/die-universitaet-entdecken\/studieren-probieren\/hgf\/\" target=\"\" rel=\"noreferrer noopener\" class=\"secondary-nav__link \">\n        <svg aria-hidden=\"true\" focusable=\"false\" class=\"icon icon-outline icon--xs\">\n            <use xlink:href=\"https:\/\/www.uni.lu\/wp-content\/themes\/unilux-theme\/assets\/images\/icons\/icons-outline.svg#icon--arrow-right\" \/>\n        <\/svg>\n        <span class=\"secondary-nav__name\">HGF<\/span>\n    <\/a>\n<\/li>\n<li class=\"secondary-nav__item\">\n    <a href=\"https:\/\/www.uni.lu\/de\/studium\/die-universitaet-entdecken\/studieren-probieren\/kontakt\/\" target=\"\" rel=\"noreferrer noopener\" class=\"secondary-nav__link \">\n        <svg aria-hidden=\"true\" focusable=\"false\" class=\"icon icon-outline icon--xs\">\n            <use xlink:href=\"https:\/\/www.uni.lu\/wp-content\/themes\/unilux-theme\/assets\/images\/icons\/icons-outline.svg#icon--arrow-right\" \/>\n        <\/svg>\n        <span class=\"secondary-nav__name\">Kontakt<\/span>\n    <\/a>\n<\/li>\n        <\/ul>\n    <\/nav>\n<\/div>\n<!-- end SecondaryNavigationMirror --><\/div><\/section>\n\n\n\n<section class=\"wp-block-unilux-blocks-free-section section\"><div class=\"container xl:max-w-screen-xl\">\n<h1 class=\"has-text-align-left wp-block-unilux-blocks-heading\"        id=\"wie-es-funktioniert\"\n    >\nWie \u201eStudieren probieren\u201c funktioniert:<\/h1>\n\n\n\n<ul class=\"wp-block-unilux-blocks-highlighted-list list-highlighted list-highlighted--history\"><li class=\"list-highlighted__item  wp-block-unilux-blocks-highlighted-list-item\">\n    <header class=\"list-highlighted__header wp-block-unilux-blocks-highlighted-list-item-header\">\n    \n<h4 class=\"title text-18 font-bold has-text-align-left wp-block-unilux-blocks-heading\"        id=\"1-decouvrez-nos-bachelors-et-choisissez-votre-cours\"\n    >\n1. D\u00e9couvrez nos bachelors et choisissez votre cours<\/h4>\n<div class=\"wp-block-unilux-blocks-bigtext\">\n    <span>\n        \n1    <\/span>\n<\/div><\/header><div class=\"list-highlighted__body wp-block-unilux-blocks-highlighted-list-item-body\">\n    <div class=\"wp-block-unilux-blocks-highlighted-list-item-free-content-area\">\n    \n<p><strong>W\u00e4hle deine Kurse aus:<\/strong><\/p>\n\n<p>Entdecke unsere Bachelorstudieng\u00e4nge, erkunde unser Bildungsangebot und w\u00e4hle einen oder mehrere Kurse aus unseren <a href=\"https:\/\/www.uni.lu\/de\/studium\/die-universitaet-entdecken\/studieren-probieren\/bachelorstudiengaenge\">Bachelorstudieng\u00e4nge<\/a> aus.<\/p>\n<\/div><\/div><\/li>\n\n<li class=\"list-highlighted__item  wp-block-unilux-blocks-highlighted-list-item\">\n    <header class=\"list-highlighted__header wp-block-unilux-blocks-highlighted-list-item-header\">\n    \n<h4 class=\"title text-18 font-bold has-text-align-left wp-block-unilux-blocks-heading\"        id=\"2-participez-a-une-visite-guidee-et-rencontrez-nos-alumni\"\n    >\n2. Participez \u00e0 une visite guid\u00e9e et rencontrez nos alumni<\/h4>\n<div class=\"wp-block-unilux-blocks-bigtext\">\n    <span>\n        \n2    <\/span>\n<\/div><\/header><div class=\"list-highlighted__body wp-block-unilux-blocks-highlighted-list-item-body\">\n    <div class=\"wp-block-unilux-blocks-highlighted-list-item-free-content-area\">\n    \n<p><strong>W\u00e4hle deine F\u00fchrungen aus:<\/strong><\/p>\n\n<p>M\u00f6chtest du Campus Belval entdecken? Vergiss nicht, bei deiner Anmeldung eine oder mehrere F\u00fchrungen auszuw\u00e4hlen, um den Campus sowie die Universit\u00e4tsbibliothek, das Luxembourg Learning Centre, zu entdecken.<\/p>\n<\/div><\/div><\/li>\n\n<li class=\"list-highlighted__item  wp-block-unilux-blocks-highlighted-list-item\">\n    <header class=\"list-highlighted__header wp-block-unilux-blocks-highlighted-list-item-header\">\n    \n<h4 class=\"title text-18 font-bold has-text-align-left wp-block-unilux-blocks-heading\"    >\n<\/h4>\n<div class=\"wp-block-unilux-blocks-bigtext\">\n    <span>\n        \n3    <\/span>\n<\/div><\/header><div class=\"list-highlighted__body wp-block-unilux-blocks-highlighted-list-item-body\">\n    <div class=\"wp-block-unilux-blocks-highlighted-list-item-free-content-area\">\n    \n<div class=\"icon--dark icon--dark-2  wp-block-unilux-blocks-icon-picker\">\n    <svg aria-hidden=\"true\" focusable=\"false\" class=\"icon icon-outline icon--warning \"><use xlink:href=\"https:\/\/www.uni.lu\/wp-content\/themes\/unilux-theme\/assets\/images\/icons\/icons-outline.svg#icon--warning\"><\/use><\/svg><\/div>\n<p>Die <strong>Anzahl an Pl\u00e4tzen ist begrenzt<\/strong> und die <strong>Anmeldung ist erforderlig<\/strong>.<\/p>\n\n<p>Sobald deine Anmeldung best\u00e4tigt ist, erh\u00e4ltst du eine E-Mail mit den ausgew\u00e4hlten Kursen und F\u00fchrungen.<\/p>\n<\/div><\/div><\/li>\n\n<li class=\"list-highlighted__item  wp-block-unilux-blocks-highlighted-list-item\">\n    <header class=\"list-highlighted__header wp-block-unilux-blocks-highlighted-list-item-header\">\n    \n<h4 class=\"title text-18 font-bold has-text-align-left wp-block-unilux-blocks-heading\"    >\n<\/h4>\n<div class=\"wp-block-unilux-blocks-bigtext\">\n    <span>\n        \n4    <\/span>\n<\/div><\/header><div class=\"list-highlighted__body wp-block-unilux-blocks-highlighted-list-item-body\">\n    <div class=\"wp-block-unilux-blocks-highlighted-list-item-free-content-area\">\n    \n<p><strong>Besuche uns auf unserem Stand:<\/strong><\/p>\n\n<p>Unser Team steht Dir auf dem Campus Belval zur Verf\u00fcgung, um alle deine Fragen zu beantworten. Besuche uns an unseren Empfangs- und Informationsst\u00e4nden und treffe unsere studentischen Botschafter.<\/p>\n<\/div><\/div><\/li><\/ul>\n<\/div><\/section>\n<\/div>","protected":false},"excerpt":{"rendered":"","protected":false},"author":124,"featured_media":0,"parent":1283,"menu_order":0,"comment_status":"closed","ping_status":"closed","template":"","meta":{"featured_image_focal_point":[],"show_featured_caption":false,"ulux_newsletter_groups":"","uluxPostTitle":"Studieren probieren \u2013 Montag, 2. bis Freitag 6. November 2026","uluxPrePostTitle":"Die Universit\u00e4t entdecken","_trash_the_other_posts":false,"_price":"","_stock":"","_tribe_ticket_header":"","_tribe_default_ticket_provider":"","_tribe_ticket_capacity":"0","_ticket_start_date":"","_ticket_end_date":"","_tribe_ticket_show_description":"","_tribe_ticket_show_not_going":false,"_tribe_ticket_use_global_stock":"","_tribe_ticket_global_stock_level":"","_global_stock_mode":"","_global_stock_cap":"","_tribe_rsvp_for_event":"","_tribe_ticket_going_count":"","_tribe_ticket_not_going_count":"","_tribe_tickets_list":"[]","_tribe_ticket_has_attendee_info_fields":false,"footnotes":""},"field-of-interest":[],"organisation":[],"authorship":[124,123,343,33],"acf":[],"yoast_head":"<!-- This site is optimized with the Yoast SEO Premium plugin v22.3 (Yoast SEO v22.3) - https:\/\/yoast.com\/wordpress\/plugins\/seo\/ -->\n<title>Wie es funktioniert - Universit\u00e4t Luxemburg<\/title>\n<meta name=\"description\" content=\"W\u00e4hle deine Kurse aus: Entdecke unsere Bachelorstudieng\u00e4nge, erkunde unser Bildungsangebot und w\u00e4hle einen oder mehrere Kurse aus unseren\" \/>\n<meta name=\"robots\" content=\"index, follow, max-snippet:-1, max-image-preview:large, max-video-preview:-1\" \/>\n<link rel=\"canonical\" href=\"https:\/\/www.uni.lu\/de\/studium\/die-universitaet-entdecken\/studieren-probieren\/wie-es-funktioniert\/\" \/>\n<meta property=\"og:locale\" content=\"de_DE\" \/>\n<meta property=\"og:type\" content=\"article\" \/>\n<meta property=\"og:title\" content=\"Wie es funktioniert\" \/>\n<meta property=\"og:description\" content=\"W\u00e4hle deine Kurse aus: Entdecke unsere Bachelorstudieng\u00e4nge, erkunde unser Bildungsangebot und w\u00e4hle einen oder mehrere Kurse aus unseren\" \/>\n<meta property=\"og:url\" content=\"https:\/\/www.uni.lu\/de\/studium\/die-universitaet-entdecken\/studieren-probieren\/wie-es-funktioniert\/\" \/>\n<meta property=\"og:site_name\" content=\"UNI DE\" \/>\n<meta property=\"article:publisher\" content=\"https:\/\/www.facebook.com\/uni.lu\" \/>\n<meta property=\"article:modified_time\" content=\"2026-03-24T07:16:54+00:00\" \/>\n<meta property=\"og:image\" content=\"https:\/\/www.uni.lu\/wp-content\/uploads\/sites\/10\/2026\/03\/03120000\/UNIV_SM-Profile_1600x1600px-scaled.jpg\" \/>\n\t<meta property=\"og:image:width\" content=\"2560\" \/>\n\t<meta property=\"og:image:height\" content=\"2560\" \/>\n\t<meta property=\"og:image:type\" content=\"image\/jpeg\" \/>\n<meta name=\"twitter:card\" content=\"summary_large_image\" \/>\n<meta name=\"twitter:label1\" content=\"Gesch\u00e4tzte Lesezeit\" \/>\n\t<meta name=\"twitter:data1\" content=\"1 Minute\" \/>\n<script type=\"application\/ld+json\" class=\"yoast-schema-graph\">{\"@context\":\"https:\/\/schema.org\",\"@graph\":[{\"@type\":\"WebPage\",\"@id\":\"https:\/\/www.uni.lu\/de\/studium\/die-universitaet-entdecken\/studieren-probieren\/wie-es-funktioniert\/\",\"url\":\"https:\/\/www.uni.lu\/de\/studium\/die-universitaet-entdecken\/studieren-probieren\/wie-es-funktioniert\/\",\"name\":\"Wie es funktioniert - Universit\u00e4t Luxemburg\",\"isPartOf\":{\"@id\":\"https:\/\/www.uni.lu\/de\/#website\"},\"datePublished\":\"2024-06-05T08:54:58+00:00\",\"dateModified\":\"2026-03-24T07:16:54+00:00\",\"description\":\"W\u00e4hle deine Kurse aus: Entdecke unsere Bachelorstudieng\u00e4nge, erkunde unser Bildungsangebot und w\u00e4hle einen oder mehrere Kurse aus unseren\",\"breadcrumb\":{\"@id\":\"https:\/\/www.uni.lu\/de\/studium\/die-universitaet-entdecken\/studieren-probieren\/wie-es-funktioniert\/#breadcrumb\"},\"inLanguage\":\"de-DE\",\"potentialAction\":[{\"@type\":\"ReadAction\",\"target\":[\"https:\/\/www.uni.lu\/de\/studium\/die-universitaet-entdecken\/studieren-probieren\/wie-es-funktioniert\/\"]}]},{\"@type\":\"BreadcrumbList\",\"@id\":\"https:\/\/www.uni.lu\/de\/studium\/die-universitaet-entdecken\/studieren-probieren\/wie-es-funktioniert\/#breadcrumb\",\"itemListElement\":[{\"@type\":\"ListItem\",\"position\":1,\"name\":\"Home\",\"item\":\"https:\/\/www.uni.lu\/de\/\"},{\"@type\":\"ListItem\",\"position\":2,\"name\":\"Studium\",\"item\":\"https:\/\/www.uni.lu\/de\/studium\/\"},{\"@type\":\"ListItem\",\"position\":3,\"name\":\"Die Universit\u00e4t entdecken\",\"item\":\"https:\/\/www.uni.lu\/de\/studium\/die-universitaet-entdecken\/\"},{\"@type\":\"ListItem\",\"position\":4,\"name\":\"Studieren probieren\",\"item\":\"https:\/\/www.uni.lu\/de\/studium\/die-universitaet-entdecken\/studieren-probieren\/\"},{\"@type\":\"ListItem\",\"position\":5,\"name\":\"Wie es funktioniert\"}]},{\"@type\":\"WebSite\",\"@id\":\"https:\/\/www.uni.lu\/de\/#website\",\"url\":\"https:\/\/www.uni.lu\/de\/\",\"name\":\"Uni.lu\",\"description\":\"Universit\u00e4t Luxemburg\",\"publisher\":{\"@id\":\"https:\/\/www.uni.lu\/de\/#organization\"},\"alternateName\":\"Universit\u00e4t Luxemburg\",\"potentialAction\":[{\"@type\":\"SearchAction\",\"target\":{\"@type\":\"EntryPoint\",\"urlTemplate\":\"https:\/\/www.uni.lu\/de\/?s={search_term_string}\"},\"query-input\":\"required name=search_term_string\"}],\"inLanguage\":\"de-DE\"},{\"@type\":\"Organization\",\"@id\":\"https:\/\/www.uni.lu\/de\/#organization\",\"name\":\"Universit\u00e4t Luxemburg\",\"alternateName\":\"Uni.lu\",\"url\":\"https:\/\/www.uni.lu\/de\/\",\"logo\":{\"@type\":\"ImageObject\",\"inLanguage\":\"de-DE\",\"@id\":\"https:\/\/www.uni.lu\/de\/#\/schema\/logo\/image\/\",\"url\":\"https:\/\/www.uni.lu\/wp-content\/uploads\/sites\/10\/2026\/03\/03120000\/UNIV_SM-Profile_1600x1600px-scaled.jpg\",\"contentUrl\":\"https:\/\/www.uni.lu\/wp-content\/uploads\/sites\/10\/2026\/03\/03120000\/UNIV_SM-Profile_1600x1600px-scaled.jpg\",\"width\":2560,\"height\":2560,\"caption\":\"Universit\u00e4t Luxemburg\"},\"image\":{\"@id\":\"https:\/\/www.uni.lu\/de\/#\/schema\/logo\/image\/\"},\"sameAs\":[\"https:\/\/www.facebook.com\/uni.lu\",\"https:\/\/www.linkedin.com\/school\/university-of-luxembourg\/\",\"https:\/\/www.instagram.com\/uni.lu\",\"https:\/\/www.youtube.com\/@uni_lu\",\"https:\/\/en.wikipedia.org\/wiki\/University_of_Luxembourg\"]}]}<\/script>\n<!-- \/ Yoast SEO Premium plugin. -->","yoast_head_json":{"title":"Wie es funktioniert - Universit\u00e4t Luxemburg","description":"W\u00e4hle deine Kurse aus: Entdecke unsere Bachelorstudieng\u00e4nge, erkunde unser Bildungsangebot und w\u00e4hle einen oder mehrere Kurse aus unseren","robots":{"index":"index","follow":"follow","max-snippet":"max-snippet:-1","max-image-preview":"max-image-preview:large","max-video-preview":"max-video-preview:-1"},"canonical":"https:\/\/www.uni.lu\/de\/studium\/die-universitaet-entdecken\/studieren-probieren\/wie-es-funktioniert\/","og_locale":"de_DE","og_type":"article","og_title":"Wie es funktioniert","og_description":"W\u00e4hle deine Kurse aus: Entdecke unsere Bachelorstudieng\u00e4nge, erkunde unser Bildungsangebot und w\u00e4hle einen oder mehrere Kurse aus unseren","og_url":"https:\/\/www.uni.lu\/de\/studium\/die-universitaet-entdecken\/studieren-probieren\/wie-es-funktioniert\/","og_site_name":"UNI DE","article_publisher":"https:\/\/www.facebook.com\/uni.lu","article_modified_time":"2026-03-24T07:16:54+00:00","og_image":[{"width":2560,"height":2560,"url":"https:\/\/www.uni.lu\/wp-content\/uploads\/sites\/10\/2026\/03\/03120000\/UNIV_SM-Profile_1600x1600px-scaled.jpg","type":"image\/jpeg"}],"twitter_card":"summary_large_image","twitter_misc":{"Gesch\u00e4tzte Lesezeit":"1 Minute"},"schema":{"@context":"https:\/\/schema.org","@graph":[{"@type":"WebPage","@id":"https:\/\/www.uni.lu\/de\/studium\/die-universitaet-entdecken\/studieren-probieren\/wie-es-funktioniert\/","url":"https:\/\/www.uni.lu\/de\/studium\/die-universitaet-entdecken\/studieren-probieren\/wie-es-funktioniert\/","name":"Wie es funktioniert - Universit\u00e4t Luxemburg","isPartOf":{"@id":"https:\/\/www.uni.lu\/de\/#website"},"datePublished":"2024-06-05T08:54:58+00:00","dateModified":"2026-03-24T07:16:54+00:00","description":"W\u00e4hle deine Kurse aus: Entdecke unsere Bachelorstudieng\u00e4nge, erkunde unser Bildungsangebot und w\u00e4hle einen oder mehrere Kurse aus unseren","breadcrumb":{"@id":"https:\/\/www.uni.lu\/de\/studium\/die-universitaet-entdecken\/studieren-probieren\/wie-es-funktioniert\/#breadcrumb"},"inLanguage":"de-DE","potentialAction":[{"@type":"ReadAction","target":["https:\/\/www.uni.lu\/de\/studium\/die-universitaet-entdecken\/studieren-probieren\/wie-es-funktioniert\/"]}]},{"@type":"BreadcrumbList","@id":"https:\/\/www.uni.lu\/de\/studium\/die-universitaet-entdecken\/studieren-probieren\/wie-es-funktioniert\/#breadcrumb","itemListElement":[{"@type":"ListItem","position":1,"name":"Home","item":"https:\/\/www.uni.lu\/de\/"},{"@type":"ListItem","position":2,"name":"Studium","item":"https:\/\/www.uni.lu\/de\/studium\/"},{"@type":"ListItem","position":3,"name":"Die Universit\u00e4t entdecken","item":"https:\/\/www.uni.lu\/de\/studium\/die-universitaet-entdecken\/"},{"@type":"ListItem","position":4,"name":"Studieren probieren","item":"https:\/\/www.uni.lu\/de\/studium\/die-universitaet-entdecken\/studieren-probieren\/"},{"@type":"ListItem","position":5,"name":"Wie es funktioniert"}]},{"@type":"WebSite","@id":"https:\/\/www.uni.lu\/de\/#website","url":"https:\/\/www.uni.lu\/de\/","name":"Uni.lu","description":"Universit\u00e4t Luxemburg","publisher":{"@id":"https:\/\/www.uni.lu\/de\/#organization"},"alternateName":"Universit\u00e4t Luxemburg","potentialAction":[{"@type":"SearchAction","target":{"@type":"EntryPoint","urlTemplate":"https:\/\/www.uni.lu\/de\/?s={search_term_string}"},"query-input":"required name=search_term_string"}],"inLanguage":"de-DE"},{"@type":"Organization","@id":"https:\/\/www.uni.lu\/de\/#organization","name":"Universit\u00e4t Luxemburg","alternateName":"Uni.lu","url":"https:\/\/www.uni.lu\/de\/","logo":{"@type":"ImageObject","inLanguage":"de-DE","@id":"https:\/\/www.uni.lu\/de\/#\/schema\/logo\/image\/","url":"https:\/\/www.uni.lu\/wp-content\/uploads\/sites\/10\/2026\/03\/03120000\/UNIV_SM-Profile_1600x1600px-scaled.jpg","contentUrl":"https:\/\/www.uni.lu\/wp-content\/uploads\/sites\/10\/2026\/03\/03120000\/UNIV_SM-Profile_1600x1600px-scaled.jpg","width":2560,"height":2560,"caption":"Universit\u00e4t Luxemburg"},"image":{"@id":"https:\/\/www.uni.lu\/de\/#\/schema\/logo\/image\/"},"sameAs":["https:\/\/www.facebook.com\/uni.lu","https:\/\/www.linkedin.com\/school\/university-of-luxembourg\/","https:\/\/www.instagram.com\/uni.lu","https:\/\/www.youtube.com\/@uni_lu","https:\/\/en.wikipedia.org\/wiki\/University_of_Luxembourg"]}]}},"ticketed":false,"_links":{"self":[{"href":"https:\/\/www.uni.lu\/de\/wp-json\/wp\/v2\/pages\/4409"}],"collection":[{"href":"https:\/\/www.uni.lu\/de\/wp-json\/wp\/v2\/pages"}],"about":[{"href":"https:\/\/www.uni.lu\/de\/wp-json\/wp\/v2\/types\/page"}],"author":[{"embeddable":true,"href":"https:\/\/www.uni.lu\/de\/wp-json\/wp\/v2\/users\/124"}],"replies":[{"embeddable":true,"href":"https:\/\/www.uni.lu\/de\/wp-json\/wp\/v2\/comments?post=4409"}],"version-history":[{"count":5,"href":"https:\/\/www.uni.lu\/de\/wp-json\/wp\/v2\/pages\/4409\/revisions"}],"predecessor-version":[{"id":9086,"href":"https:\/\/www.uni.lu\/de\/wp-json\/wp\/v2\/pages\/4409\/revisions\/9086"}],"up":[{"embeddable":true,"href":"https:\/\/www.uni.lu\/de\/wp-json\/wp\/v2\/pages\/1283"}],"wp:authorship":[{"embeddable":true,"href":"https:\/\/www.uni.lu\/de\/wp-json\/wp\/v2\/users\/124"},{"embeddable":true,"href":"https:\/\/www.uni.lu\/de\/wp-json\/wp\/v2\/users\/123"},{"embeddable":true,"href":"https:\/\/www.uni.lu\/de\/wp-json\/wp\/v2\/users\/343"},{"embeddable":true,"href":"https:\/\/www.uni.lu\/de\/wp-json\/wp\/v2\/users\/33"}],"wp:attachment":[{"href":"https:\/\/www.uni.lu\/de\/wp-json\/wp\/v2\/media?parent=4409"}],"wp:term":[{"taxonomy":"field-of-interest","embeddable":true,"href":"https:\/\/www.uni.lu\/de\/wp-json\/wp\/v2\/field-of-interest?post=4409"},{"taxonomy":"organisation","embeddable":true,"href":"https:\/\/www.uni.lu\/de\/wp-json\/wp\/v2\/organisation?post=4409"}],"curies":[{"name":"wp","href":"https:\/\/api.w.org\/{rel}","templated":true}]}}