{"id":4149,"date":"2024-04-18T10:19:29","date_gmt":"2024-04-18T08:19:29","guid":{"rendered":"https:\/\/www.uni.lu\/de\/?page_id=4149"},"modified":"2024-08-09T10:14:09","modified_gmt":"2024-08-09T08:14:09","slug":"cookies","status":"publish","type":"page","link":"https:\/\/www.uni.lu\/de\/allgemeine-datenschutzinformation\/cookies\/","title":{"rendered":"Cookies"},"content":{"rendered":"\n<section class=\"wp-block-unilux-blocks-free-section section\"><div class=\"container xl:max-w-screen-xl\">\n<h1 class=\"has-text-align-left wp-block-unilux-blocks-heading\"        id=\"cookies\"\n    >\nCookies<\/h1>\n\n\n\n<p>Bei Cookies handelt es sich um kleine Textdateien, die eine Website auf dem Computer oder Mobilger\u00e4t des Besuchers speichert. Die Universit\u00e4t Luxemburg, im Folgenden als \u201edie Universit\u00e4t\u201c bezeichnet, verwendet auf ihrer Website Cookies, um ihre technische Funktionalit\u00e4t sicherzustellen und Statistiken zu erstellen.<\/p>\n\n\n\n<p>Insbesondere ohne die Verwendung von Sitzungscookies k\u00f6nnten bestimmte Funktionen auf unserer Website nicht angeboten werden.<\/p>\n\n\n\n<p>Die rechtliche Grundlage f\u00fcr die Verarbeitung personenbezogener Daten durch Verwendung von Sitzungscookies bildet Art. 6 Abs. 1 Bst. f der DSGVO (berechtigtes Interesse), da es im berechtigten Interesse der Universit\u00e4t liegt, eine an die Bed\u00fcrfnisse der Benutzer angepasste Website bereitzustellen.<\/p>\n\n\n\n<p>Auf dieser Seite sind die von dieser Website genutzten Cookies aufgelistet und ihr Zweck beschrieben. Daneben finden Sie hier auch n\u00e4here Informationen \u00fcber Cookies in Bezug auf unsere Social-Media-Kan\u00e4le sowie \u00fcber Matomo, den Dienst, den wir f\u00fcr unsere Statistiken nutzen.<\/p>\n\n\n\n<h3 class=\"has-text-align-left wp-block-unilux-blocks-heading\"        id=\"social-media-cookies\"\n    >\nSocial-Media-Cookies<\/h3>\n\n\n\n<p>Die Universit\u00e4t ist auf Social-Media-Plattformen aktiv, wobei sie auf vier der wichtigsten Social-Media-Plattformen vertreten ist: Facebook, LinkedIn, Instagram und YouTube. Diese Communitys st\u00e4rken unsere Pr\u00e4senz und Sichtbarkeit im Internet.<\/p>\n\n\n\n<ul class=\"ulux-list\">\n<li class=\"ulux-list-item\">Die Universit\u00e4tswebsite setzt keine Cookies, \u00fcber die Ihnen Links zu unseren Social-Media-Kan\u00e4len angezeigt werden, w\u00e4hrend Sie unsere Website besuchen.<\/li>\n\n\n\n<li class=\"ulux-list-item\">Sie k\u00f6nnen sich Videos der Universit\u00e4t ansehen, die wir auf unserer YouTube-Seite hochladen. Au\u00dferdem k\u00f6nnen Sie auf unserer Website Links zu Facebook, LinkedIn, Instagram and YouTube folgen.<\/li>\n\n\n\n<li class=\"ulux-list-item\">Bei einigen Videos der Universit\u00e4t werden Sie in einer Meldung darauf hingewiesen, dass Sie YouTube-Cookies akzeptieren m\u00fcssen, um sie sich ansehen zu k\u00f6nnen. YouTube verf\u00fcgt \u00fcber eigene Cookie- und Datenschutzrichtlinien, auf die wir keinen Einfluss haben. YouTube installiert erst dann Cookies, wenn Sie dem zustimmen.<\/li>\n\n\n\n<li class=\"ulux-list-item\">Auch wenn Sie auf unserer Website auf eine Facebook-, LinkedIn-, Instagram- oder YouTube-Schaltfl\u00e4che klicken, werden Sie zu den entsprechenden Websites weitergeleitet. Diese haben ebenfalls eigene Cookie- und Datenschutzrichtlinien, auf die wir keinen Einfluss haben.<\/li>\n<\/ul>\n\n\n\n<h3 class=\"has-text-align-left wp-block-unilux-blocks-heading\"        id=\"sitzungscookies\"\n    >\nSitzungscookies<\/h3>\n\n\n\n<p>Die Universit\u00e4t verwendet Sitzungscookies, um eine ordnungsgem\u00e4\u00dfe Funktion seiner Website zu gew\u00e4hrleisten. Die von der Universit\u00e4t Luxemburg verwendeten Cookies werden nach der Sitzung gel\u00f6scht.<\/p>\n\n\n\n<h3 class=\"has-text-align-left wp-block-unilux-blocks-heading\"        id=\"permanente-cookies\"\n    >\nPermanente Cookies<\/h3>\n\n\n\n<p>Permanente Cookies werden auf Ihrem Computer gespeichert und im Gegensatz zu Sitzungscookies nicht automatisch gel\u00f6scht, sobald Sie Ihren Browser schlie\u00dfen.<\/p>\n\n\n\n<h4 class=\"has-text-align-left wp-block-unilux-blocks-heading\"        id=\"matomo\"\n    >\n<br>Matomo<\/h4>\n\n\n\n<h5 class=\"has-text-align-left wp-block-unilux-blocks-heading\"        id=\"ueber-matomo\"\n    >\n\u00dcber Matomo<\/h5>\n\n\n\n<p><a href=\"https:\/\/matomo.org\/\" target=\"_blank\" rel=\"noreferrer noopener\">Matomo<\/a> ist eine <a href=\"https:\/\/en.wikipedia.org\/wiki\/Open-source_software\" target=\"_blank\" rel=\"noreferrer noopener\">Open-Source<\/a>-Web-Analyseplattform. Eine Web-Analyseplattform wird von Website-Eigent\u00fcmern verwendet, um Besucherdaten zu messen, zu sammeln, zu analysieren und zu melden und so mehr \u00fcber die Website zu erfahren und sie zu optimieren.<\/p>\n\n\n\n<h5 class=\"has-text-align-left wp-block-unilux-blocks-heading\"        id=\"zweck-der-datenverarbeitung\"\n    >\nZweck der Datenverarbeitung<\/h5>\n\n\n\n<p>Matomo dient der Analyse des Besucherverhaltens auf Websites, um potenzielle Fehler wie nicht gefundene Seiten oder Probleme bei der Indizierung durch Suchmaschinen zu erkennen. Dar\u00fcber hinaus gibt Matomo unter anderem Aufschluss dar\u00fcber, welche Inhalte am beliebtesten sind. Nachdem die Daten verarbeitet wurden (z. B. die Anzahl der Besucher, die auf eine nicht gefundene Seite gelangen oder nur eine Seite ansehen), erstellt Matomo Berichte, anhand derer die Website-Eigent\u00fcmer Ma\u00dfnahmen ergreifen k\u00f6nnen, z. B. eine Ver\u00e4nderung des Seiten-Layouts oder die Ver\u00f6ffentlichung neuer Inhalte, um die entsprechenden Informationen auf bestm\u00f6gliche Weise zu vermitteln.<\/p>\n\n\n\n<p>Weder Matomo noch die Universit\u00e4t erstellen ein Profil auf Grundlage von Benutzerpr\u00e4ferenzen.<\/p>\n\n\n\n<p>Folgende personenbezogenen Daten werden von Matomo verarbeitet:<\/p>\n\n\n\n<ul class=\"ulux-list\">\n<li class=\"ulux-list-item\">Cookies<\/li>\n\n\n\n<li class=\"ulux-list-item\">IP-Adresse<\/li>\n\n\n\n<li class=\"ulux-list-item\">Benutzer-ID<\/li>\n\n\n\n<li class=\"ulux-list-item\">Standort des Benutzers<\/li>\n<\/ul>\n\n\n\n<p>Dar\u00fcber hinaus werden diese Daten verarbeitet:<\/p>\n\n\n\n<ul class=\"ulux-list\">\n<li class=\"ulux-list-item\">Datum und Uhrzeit<\/li>\n\n\n\n<li class=\"ulux-list-item\">Titel der besuchten Seite<\/li>\n\n\n\n<li class=\"ulux-list-item\">URL der besuchten Seite<\/li>\n\n\n\n<li class=\"ulux-list-item\">URL der Seite, die vor der aktuellen Seite besucht wurde<\/li>\n\n\n\n<li class=\"ulux-list-item\">Bildschirmaufl\u00f6sung<\/li>\n\n\n\n<li class=\"ulux-list-item\">Uhrzeit in der lokalen Zeitzone<\/li>\n\n\n\n<li class=\"ulux-list-item\">Angeklickte und heruntergeladene Dateien<\/li>\n\n\n\n<li class=\"ulux-list-item\">Link-Klicks zu einer externen Domain<\/li>\n\n\n\n<li class=\"ulux-list-item\">Uhrzeit der Seitengenerierung<\/li>\n\n\n\n<li class=\"ulux-list-item\">Land, Region, Stadt<\/li>\n\n\n\n<li class=\"ulux-list-item\">Hauptsprache des Browsers<\/li>\n\n\n\n<li class=\"ulux-list-item\">Benutzeragent des Browsers<\/li>\n<\/ul>\n\n\n\n<p>F\u00fcr die Verarbeitung personenbezogener Daten mit Matomo ist Ihre ausdr\u00fcckliche Zustimmung erforderlich. Ihre Privatsph\u00e4re hat f\u00fcr uns oberste Priorit\u00e4t. Deshalb verarbeiten wir mit Matomo keine personenbezogenen Daten, es sei denn, Sie geben uns Ihre ausdr\u00fcckliche Zustimmung.<\/p>\n\n\n\n<h5 class=\"has-text-align-left wp-block-unilux-blocks-heading\"        id=\"empfaenger-personenbezogener-daten\"\n    >\nEmpf\u00e4nger personenbezogener Daten<\/h5>\n\n\n\n<p>Die \u00fcber Matomo empfangenen personenbezogenen Daten werden gesendet an:<\/p>\n\n\n\n<ul class=\"ulux-list\">\n<li class=\"ulux-list-item\">Unsere Einrichtung (die Universit\u00e4t Luxemburg).<\/li>\n\n\n\n<li class=\"ulux-list-item\">Unseren Service-Anbieter:&nbsp;<em>InnoCraft, 7 Waterloo Quay PO625, 6140 Wellington, Neuseeland (<\/em><a href=\"https:\/\/matomo.org\/matomo-cloud-privacy-policy\/\" target=\"_blank\" rel=\"noreferrer noopener\"><em>Cloud-Datenschutzrichtlinie von Matomo<\/em><\/a><em>)<\/em><\/li>\n<\/ul>\n\n\n\n<h5 class=\"has-text-align-left wp-block-unilux-blocks-heading\"        id=\"uebertragung-von-daten-in-drittlaender-und-sicherheitsvorkehrungen\"\n    >\n\u00dcbertragung von Daten in Drittl\u00e4nder und Sicherheitsvorkehrungen<\/h5>\n\n\n\n<p>Die Daten von Matomo werden in Deutschland gehostet und zus\u00e4tzlich als Backup in Irland gespeichert.<\/p>\n\n\n\n<h5 class=\"has-text-align-left wp-block-unilux-blocks-heading\"        id=\"aufbewahrungszeitraum\"\n    >\nAufbewahrungszeitraum<\/h5>\n\n\n\n<p>Wir bewahren die in Matomo erfassten personenbezogenen Daten f\u00fcr einen Zeitraum von 13 Monaten auf. Anonymisierte und zusammengefasste Daten werden von der Universit\u00e4t auf unbestimmte Zeit zu Analysezwecken gespeichert.<\/p>\n\n\n\n<h5 class=\"has-text-align-left wp-block-unilux-blocks-heading\"        id=\"ihre-rechte-als-betroffene-person\"\n    >\nIhre Rechte als betroffene Person<\/h5>\n\n\n\n<p>Da die Universit\u00e4t Luxemburg Ihre personenbezogenen Daten mit Matomo auf der Grundlage Ihrer ausdr\u00fccklichen Zustimmung verarbeitet, haben Sie die folgenden Rechte:<\/p>\n\n\n\n<ul class=\"ulux-list\">\n<li class=\"ulux-list-item\">Auskunftsrecht: Sie k\u00f6nnen von uns jederzeit Zugang zu Ihren personenbezogenen Daten verlangen.<\/li>\n\n\n\n<li class=\"ulux-list-item\">Recht auf L\u00f6schung: Sie k\u00f6nnen von uns jederzeit die L\u00f6schung aller personenbezogenen Daten verlangen, die wir \u00fcber Sie verarbeiten.<\/li>\n\n\n\n<li class=\"ulux-list-item\">Recht auf \u00dcbertragbarkeit: Sie k\u00f6nnen jederzeit eine Kopie aller personenbezogenen Daten anfordern, die wir \u00fcber Sie in Matomo verarbeiten.<\/li>\n\n\n\n<li class=\"ulux-list-item\">Recht auf Widerruf der Zustimmung: Sie k\u00f6nnen Ihre Zustimmung jederzeit widerrufen, indem Sie auf die Schaltfl\u00e4che unten klicken.<\/li>\n<\/ul>\n\n\n\n<p>Falls Sie nicht m\u00f6chten, dass wir personenbezogene Daten mit Matomo verarbeiten, k\u00f6nnen Sie dies jederzeit ablehnen. Dies hat keinerlei Auswirkungen auf die Nutzung unserer Website.<\/p>\n\n\n\n<p>Wenn Sie sich f\u00fcr einen Widerruf entscheiden, wird ein Opt-Out-Cookie gesetzt, um Ihre Auswahl zu speichern. Wenn Sie Ihre Cookies regelm\u00e4\u00dfig l\u00f6schen, m\u00fcssen Sie die Ablehnung bei jedem L\u00f6schvorgang erneut vornehmen.<\/p>\n\n\n\n<p><strong>\u201eDo Not Track\u201c-Einstellungen<\/strong><\/p>\n\n\n\n<p>\u201eDo Not Track\u201c ist eine Funktion, mit der Besucher die Nachverfolgung durch Websites zu unterschiedlichen Zwecken ablehnen k\u00f6nnen, darunter die Nutzung von Analysediensten, Werbenetzwerken und Social-Media-Plattformen. \u201eDo Not Track\u201c-Optionen stehen in zahlreichen Browsern zur Verf\u00fcgung, zum Beispiel:<\/p>\n\n\n\n<ul class=\"ulux-list\">\n<li class=\"ulux-list-item\">Firefox<\/li>\n\n\n\n<li class=\"ulux-list-item\">Internet Explorer<\/li>\n\n\n\n<li class=\"ulux-list-item\">Chrome<\/li>\n\n\n\n<li class=\"ulux-list-item\">Safari<\/li>\n\n\n\n<li class=\"ulux-list-item\">Opera<\/li>\n<\/ul>\n\n\n\n<p>Wenn Sie \u201eDo Not Track\u201c in Ihrem Webbrowser aktivieren, respektiert Matomo Ihre Entscheidung.<\/p>\n\n\n\n<p>Bei aktivierter \u201eDo Not Track\u201c-Funktion wird Ihr Nutzungsverhalten nicht nachverfolgt. Dies geschieht zus\u00e4tzlich zu Ihrem Widerspruch gegen die Zusammenfassung und Analyse von Daten f\u00fcr unsere Website-Statistik.<\/p>\n\n\n\n<p>Wenn Sie alle Cookies in Ihrem Browser deaktiviert haben, erfassen wir dennoch einige allgemeine Daten \u00fcber Ihr Nutzungsverhalten (z. B. Erfassung als Besucher unserer Website). Diese sind jedoch weniger akkurat und Ihr Besuch wird nicht nachverfolgt.<\/p>\n\n\n\n<p><strong>Beschr\u00e4nkter Informationszugriff<\/strong><\/p>\n\n\n\n<p>Die gesamte Kommunikation von Analysedaten wird per HTTPS-Protokoll verschl\u00fcsselt. Nur befugte Universit\u00e4tsmitarbeiter, die mit Matomo arbeiten, oder ordnungsgem\u00e4\u00df bevollm\u00e4chtigte externe Subunternehmer, die m\u00f6glicherweise mit der Analyse, Entwicklung und\/oder regelm\u00e4\u00dfigen Wartung bestimmter Websites beauftragt sind, haben Zugriff auf die erstellten Analyseberichte.<\/p>\n\n\n\n<p><strong>Maskierung von IP-Adressen<\/strong><\/p>\n\n\n\n<p>Ursprungsinstitution, -ort und -land werden anhand des vollst\u00e4ndigen IPs ermittelt, anschlie\u00dfend gespeichert und zusammengefasst, bevor eine Maske angewendet wird. Matomo nutzt einen Mechanismus zur IP-Entidentifizierung, der automatisch einen Teil des IPs (Internetprotokolls) jedes Besuchers maskiert und es so faktisch unm\u00f6glich macht, einen bestimmten Besucher einzig anhand der IP-Adresse zu identifizieren.<\/p>\n\n\n\n<h2 class=\"has-text-align-left wp-block-unilux-blocks-heading\"        id=\"weitere-informationen-und-kontakt\"\n    >\nWeitere Informationen und Kontakt<\/h2>\n\n\n\n<p>Weitere Details zur generellen Verarbeitung Ihrer Daten durch die Universit\u00e4t Luxemburg w\u00e4hrend der Nutzung unserer Website finden Sie in unseren <a href=\"https:\/\/www.uni.lu\/de\/allgemeine-mitteilung\/\">Allgemeinen Informationshinweisen<\/a>.<\/p>\n<\/div><\/section>\n","protected":false},"excerpt":{"rendered":"","protected":false},"author":33,"featured_media":0,"parent":4146,"menu_order":0,"comment_status":"closed","ping_status":"closed","template":"","meta":{"featured_image_focal_point":[],"show_featured_caption":false,"ulux_newsletter_groups":"","uluxPostTitle":"","uluxPrePostTitle":"","_trash_the_other_posts":false,"_price":"","_stock":"","_tribe_ticket_header":"","_tribe_default_ticket_provider":"","_tribe_ticket_capacity":"0","_ticket_start_date":"","_ticket_end_date":"","_tribe_ticket_show_description":"","_tribe_ticket_show_not_going":false,"_tribe_ticket_use_global_stock":"","_tribe_ticket_global_stock_level":"","_global_stock_mode":"","_global_stock_cap":"","_tribe_rsvp_for_event":"","_tribe_ticket_going_count":"","_tribe_ticket_not_going_count":"","_tribe_tickets_list":"[]","_tribe_ticket_has_attendee_info_fields":false,"footnotes":""},"field-of-interest":[],"organisation":[],"authorship":[33],"acf":[],"yoast_head":"<!-- This site is optimized with the Yoast SEO Premium plugin v22.3 (Yoast SEO v22.3) - https:\/\/yoast.com\/wordpress\/plugins\/seo\/ -->\n<title>Cookies - Universit\u00e4t Luxemburg<\/title>\n<meta name=\"description\" content=\"Informationen \u00fcber Cookies, die Cookie-Politik der Universit\u00e4t Luxemburg, die Verarbeitung personenbezogener Daten und die Webanalyse.\" \/>\n<meta name=\"robots\" content=\"index, follow, max-snippet:-1, max-image-preview:large, max-video-preview:-1\" \/>\n<link rel=\"canonical\" href=\"https:\/\/www.uni.lu\/de\/allgemeine-datenschutzinformation\/cookies\/\" \/>\n<meta property=\"og:locale\" content=\"de_DE\" \/>\n<meta property=\"og:type\" content=\"article\" \/>\n<meta property=\"og:title\" content=\"Cookies\" \/>\n<meta property=\"og:description\" content=\"Informationen \u00fcber Cookies, die Cookie-Politik der Universit\u00e4t Luxemburg, die Verarbeitung personenbezogener Daten und die Webanalyse.\" \/>\n<meta property=\"og:url\" content=\"https:\/\/www.uni.lu\/de\/allgemeine-datenschutzinformation\/cookies\/\" \/>\n<meta property=\"og:site_name\" content=\"UNI DE\" \/>\n<meta property=\"article:publisher\" content=\"https:\/\/www.facebook.com\/uni.lu\" \/>\n<meta property=\"article:modified_time\" content=\"2024-08-09T08:14:09+00:00\" \/>\n<meta property=\"og:image\" content=\"https:\/\/www.uni.lu\/wp-content\/uploads\/sites\/10\/2026\/03\/03120000\/UNIV_SM-Profile_1600x1600px-scaled.jpg\" \/>\n\t<meta property=\"og:image:width\" content=\"2560\" \/>\n\t<meta property=\"og:image:height\" content=\"2560\" \/>\n\t<meta property=\"og:image:type\" content=\"image\/jpeg\" \/>\n<meta name=\"twitter:card\" content=\"summary_large_image\" \/>\n<meta name=\"twitter:label1\" content=\"Gesch\u00e4tzte Lesezeit\" \/>\n\t<meta name=\"twitter:data1\" content=\"6 Minuten\" \/>\n<script type=\"application\/ld+json\" class=\"yoast-schema-graph\">{\"@context\":\"https:\/\/schema.org\",\"@graph\":[{\"@type\":\"WebPage\",\"@id\":\"https:\/\/www.uni.lu\/de\/allgemeine-datenschutzinformation\/cookies\/\",\"url\":\"https:\/\/www.uni.lu\/de\/allgemeine-datenschutzinformation\/cookies\/\",\"name\":\"Cookies - Universit\u00e4t Luxemburg\",\"isPartOf\":{\"@id\":\"https:\/\/www.uni.lu\/de\/#website\"},\"datePublished\":\"2024-04-18T08:19:29+00:00\",\"dateModified\":\"2024-08-09T08:14:09+00:00\",\"description\":\"Informationen \u00fcber Cookies, die Cookie-Politik der Universit\u00e4t Luxemburg, die Verarbeitung personenbezogener Daten und die Webanalyse.\",\"breadcrumb\":{\"@id\":\"https:\/\/www.uni.lu\/de\/allgemeine-datenschutzinformation\/cookies\/#breadcrumb\"},\"inLanguage\":\"de-DE\",\"potentialAction\":[{\"@type\":\"ReadAction\",\"target\":[\"https:\/\/www.uni.lu\/de\/allgemeine-datenschutzinformation\/cookies\/\"]}]},{\"@type\":\"BreadcrumbList\",\"@id\":\"https:\/\/www.uni.lu\/de\/allgemeine-datenschutzinformation\/cookies\/#breadcrumb\",\"itemListElement\":[{\"@type\":\"ListItem\",\"position\":1,\"name\":\"Home\",\"item\":\"https:\/\/www.uni.lu\/de\/\"},{\"@type\":\"ListItem\",\"position\":2,\"name\":\"Allgemeine Datenschutzinformation\",\"item\":\"https:\/\/www.uni.lu\/de\/allgemeine-datenschutzinformation\/\"},{\"@type\":\"ListItem\",\"position\":3,\"name\":\"Cookies\"}]},{\"@type\":\"WebSite\",\"@id\":\"https:\/\/www.uni.lu\/de\/#website\",\"url\":\"https:\/\/www.uni.lu\/de\/\",\"name\":\"Uni.lu\",\"description\":\"Universit\u00e4t Luxemburg\",\"publisher\":{\"@id\":\"https:\/\/www.uni.lu\/de\/#organization\"},\"alternateName\":\"Universit\u00e4t Luxemburg\",\"potentialAction\":[{\"@type\":\"SearchAction\",\"target\":{\"@type\":\"EntryPoint\",\"urlTemplate\":\"https:\/\/www.uni.lu\/de\/?s={search_term_string}\"},\"query-input\":\"required name=search_term_string\"}],\"inLanguage\":\"de-DE\"},{\"@type\":\"Organization\",\"@id\":\"https:\/\/www.uni.lu\/de\/#organization\",\"name\":\"Universit\u00e4t Luxemburg\",\"alternateName\":\"Uni.lu\",\"url\":\"https:\/\/www.uni.lu\/de\/\",\"logo\":{\"@type\":\"ImageObject\",\"inLanguage\":\"de-DE\",\"@id\":\"https:\/\/www.uni.lu\/de\/#\/schema\/logo\/image\/\",\"url\":\"https:\/\/www.uni.lu\/wp-content\/uploads\/sites\/10\/2026\/03\/03120000\/UNIV_SM-Profile_1600x1600px-scaled.jpg\",\"contentUrl\":\"https:\/\/www.uni.lu\/wp-content\/uploads\/sites\/10\/2026\/03\/03120000\/UNIV_SM-Profile_1600x1600px-scaled.jpg\",\"width\":2560,\"height\":2560,\"caption\":\"Universit\u00e4t Luxemburg\"},\"image\":{\"@id\":\"https:\/\/www.uni.lu\/de\/#\/schema\/logo\/image\/\"},\"sameAs\":[\"https:\/\/www.facebook.com\/uni.lu\",\"https:\/\/www.linkedin.com\/school\/university-of-luxembourg\/\",\"https:\/\/www.instagram.com\/uni.lu\",\"https:\/\/www.youtube.com\/@uni_lu\",\"https:\/\/en.wikipedia.org\/wiki\/University_of_Luxembourg\"]}]}<\/script>\n<!-- \/ Yoast SEO Premium plugin. -->","yoast_head_json":{"title":"Cookies - Universit\u00e4t Luxemburg","description":"Informationen \u00fcber Cookies, die Cookie-Politik der Universit\u00e4t Luxemburg, die Verarbeitung personenbezogener Daten und die Webanalyse.","robots":{"index":"index","follow":"follow","max-snippet":"max-snippet:-1","max-image-preview":"max-image-preview:large","max-video-preview":"max-video-preview:-1"},"canonical":"https:\/\/www.uni.lu\/de\/allgemeine-datenschutzinformation\/cookies\/","og_locale":"de_DE","og_type":"article","og_title":"Cookies","og_description":"Informationen \u00fcber Cookies, die Cookie-Politik der Universit\u00e4t Luxemburg, die Verarbeitung personenbezogener Daten und die Webanalyse.","og_url":"https:\/\/www.uni.lu\/de\/allgemeine-datenschutzinformation\/cookies\/","og_site_name":"UNI DE","article_publisher":"https:\/\/www.facebook.com\/uni.lu","article_modified_time":"2024-08-09T08:14:09+00:00","og_image":[{"width":2560,"height":2560,"url":"https:\/\/www.uni.lu\/wp-content\/uploads\/sites\/10\/2026\/03\/03120000\/UNIV_SM-Profile_1600x1600px-scaled.jpg","type":"image\/jpeg"}],"twitter_card":"summary_large_image","twitter_misc":{"Gesch\u00e4tzte Lesezeit":"6 Minuten"},"schema":{"@context":"https:\/\/schema.org","@graph":[{"@type":"WebPage","@id":"https:\/\/www.uni.lu\/de\/allgemeine-datenschutzinformation\/cookies\/","url":"https:\/\/www.uni.lu\/de\/allgemeine-datenschutzinformation\/cookies\/","name":"Cookies - Universit\u00e4t Luxemburg","isPartOf":{"@id":"https:\/\/www.uni.lu\/de\/#website"},"datePublished":"2024-04-18T08:19:29+00:00","dateModified":"2024-08-09T08:14:09+00:00","description":"Informationen \u00fcber Cookies, die Cookie-Politik der Universit\u00e4t Luxemburg, die Verarbeitung personenbezogener Daten und die Webanalyse.","breadcrumb":{"@id":"https:\/\/www.uni.lu\/de\/allgemeine-datenschutzinformation\/cookies\/#breadcrumb"},"inLanguage":"de-DE","potentialAction":[{"@type":"ReadAction","target":["https:\/\/www.uni.lu\/de\/allgemeine-datenschutzinformation\/cookies\/"]}]},{"@type":"BreadcrumbList","@id":"https:\/\/www.uni.lu\/de\/allgemeine-datenschutzinformation\/cookies\/#breadcrumb","itemListElement":[{"@type":"ListItem","position":1,"name":"Home","item":"https:\/\/www.uni.lu\/de\/"},{"@type":"ListItem","position":2,"name":"Allgemeine Datenschutzinformation","item":"https:\/\/www.uni.lu\/de\/allgemeine-datenschutzinformation\/"},{"@type":"ListItem","position":3,"name":"Cookies"}]},{"@type":"WebSite","@id":"https:\/\/www.uni.lu\/de\/#website","url":"https:\/\/www.uni.lu\/de\/","name":"Uni.lu","description":"Universit\u00e4t Luxemburg","publisher":{"@id":"https:\/\/www.uni.lu\/de\/#organization"},"alternateName":"Universit\u00e4t Luxemburg","potentialAction":[{"@type":"SearchAction","target":{"@type":"EntryPoint","urlTemplate":"https:\/\/www.uni.lu\/de\/?s={search_term_string}"},"query-input":"required name=search_term_string"}],"inLanguage":"de-DE"},{"@type":"Organization","@id":"https:\/\/www.uni.lu\/de\/#organization","name":"Universit\u00e4t Luxemburg","alternateName":"Uni.lu","url":"https:\/\/www.uni.lu\/de\/","logo":{"@type":"ImageObject","inLanguage":"de-DE","@id":"https:\/\/www.uni.lu\/de\/#\/schema\/logo\/image\/","url":"https:\/\/www.uni.lu\/wp-content\/uploads\/sites\/10\/2026\/03\/03120000\/UNIV_SM-Profile_1600x1600px-scaled.jpg","contentUrl":"https:\/\/www.uni.lu\/wp-content\/uploads\/sites\/10\/2026\/03\/03120000\/UNIV_SM-Profile_1600x1600px-scaled.jpg","width":2560,"height":2560,"caption":"Universit\u00e4t Luxemburg"},"image":{"@id":"https:\/\/www.uni.lu\/de\/#\/schema\/logo\/image\/"},"sameAs":["https:\/\/www.facebook.com\/uni.lu","https:\/\/www.linkedin.com\/school\/university-of-luxembourg\/","https:\/\/www.instagram.com\/uni.lu","https:\/\/www.youtube.com\/@uni_lu","https:\/\/en.wikipedia.org\/wiki\/University_of_Luxembourg"]}]}},"ticketed":false,"_links":{"self":[{"href":"https:\/\/www.uni.lu\/de\/wp-json\/wp\/v2\/pages\/4149"}],"collection":[{"href":"https:\/\/www.uni.lu\/de\/wp-json\/wp\/v2\/pages"}],"about":[{"href":"https:\/\/www.uni.lu\/de\/wp-json\/wp\/v2\/types\/page"}],"author":[{"embeddable":true,"href":"https:\/\/www.uni.lu\/de\/wp-json\/wp\/v2\/users\/33"}],"replies":[{"embeddable":true,"href":"https:\/\/www.uni.lu\/de\/wp-json\/wp\/v2\/comments?post=4149"}],"version-history":[{"count":3,"href":"https:\/\/www.uni.lu\/de\/wp-json\/wp\/v2\/pages\/4149\/revisions"}],"predecessor-version":[{"id":4375,"href":"https:\/\/www.uni.lu\/de\/wp-json\/wp\/v2\/pages\/4149\/revisions\/4375"}],"up":[{"embeddable":true,"href":"https:\/\/www.uni.lu\/de\/wp-json\/wp\/v2\/pages\/4146"}],"wp:authorship":[{"embeddable":true,"href":"https:\/\/www.uni.lu\/de\/wp-json\/wp\/v2\/users\/33"}],"wp:attachment":[{"href":"https:\/\/www.uni.lu\/de\/wp-json\/wp\/v2\/media?parent=4149"}],"wp:term":[{"taxonomy":"field-of-interest","embeddable":true,"href":"https:\/\/www.uni.lu\/de\/wp-json\/wp\/v2\/field-of-interest?post=4149"},{"taxonomy":"organisation","embeddable":true,"href":"https:\/\/www.uni.lu\/de\/wp-json\/wp\/v2\/organisation?post=4149"}],"curies":[{"name":"wp","href":"https:\/\/api.w.org\/{rel}","templated":true}]}}