{"id":3806,"date":"2024-03-25T16:55:09","date_gmt":"2024-03-25T15:55:09","guid":{"rendered":"https:\/\/www.uni.lu\/de\/?page_id=3806"},"modified":"2024-08-09T10:42:29","modified_gmt":"2024-08-09T08:42:29","slug":"rechtlicher-hinweis","status":"publish","type":"page","link":"https:\/\/www.uni.lu\/de\/rechtlicher-hinweis\/","title":{"rendered":"Rechtlicher Hinweis"},"content":{"rendered":"\n<section class=\"py-0 wp-block-unilux-blocks-free-section section\"><div class=\"container xl:max-w-screen-xl\">\n<h1 class=\"has-text-align-left wp-block-unilux-blocks-heading\"        id=\"rechtlicher-hinweis\"\n    >\nRechtlicher Hinweis<\/h1>\n\n\n\n<h2 class=\"has-text-align-left wp-block-unilux-blocks-heading\"        id=\"allgemeine-nutzungsbedingungen\"\n    >\nAllgemeine Nutzungsbedingungen<\/h2>\n\n\n\n<ul class=\"ulux-list\">\n<li class=\"ulux-list-item\">Die Benutzer dieser Website der Universit\u00e4t Luxemburg (https:\/\/www.uni.lu\/), im Folgenden als \u201eBenutzer\u201c bezeichnet, best\u00e4tigen, dass sie ihre Computerkonfiguration \u00fcberpr\u00fcft haben, um sicherzustellen, dass sie keine Viren oder andere sch\u00e4dliche Software enth\u00e4lt und ordnungsgem\u00e4\u00df funktioniert.<\/li>\n\n\n\n<li class=\"ulux-list-item\">Sie allein sind f\u00fcr die Auswahl, Nutzung und Auslegung der von ihnen online abgerufenen, gesuchten und \u00fcbermittelten Daten verantwortlich.<\/li>\n\n\n\n<li class=\"ulux-list-item\">Die Universit\u00e4t Luxemburg beh\u00e4lt sich das Recht vor, diesen rechtlichen Hinweis jederzeit zu \u00fcberarbeiten. Die Benutzer sind verpflichtet, sich an die Nutzungsbedingungen des Portals zu halten, die in der aktuellsten Version des rechtlichen Hinweises festgelegt und zum Zeitpunkt der Nutzung auf dem Portal verf\u00fcgbar sind.<\/li>\n<\/ul>\n\n\n\n<h2 class=\"has-text-align-left wp-block-unilux-blocks-heading\"        id=\"inhalt-der-website\"\n    >\nInhalt der Website<\/h2>\n\n\n\n<ul class=\"ulux-list\">\n<li class=\"ulux-list-item\">Die Universit\u00e4t Luxemburg \u00fcbernimmt keine Verantwortung f\u00fcr das Vorhandensein von Viren oder b\u00f6sartiger Software auf ihrer Website.<\/li>\n\n\n\n<li class=\"ulux-list-item\">Die Universit\u00e4t Luxemburg beh\u00e4lt sich das Recht vor, den Inhalt dieser Website jederzeit und ohne Vorank\u00fcndigung zu korrigieren.<\/li>\n\n\n\n<li class=\"ulux-list-item\">Die Universit\u00e4t Luxemburg bem\u00fcht sich, den Benutzern verf\u00fcgbare und gepr\u00fcfte Informationen und\/oder Ressourcen bereitzustellen. Sie kann jedoch nicht f\u00fcr Fehler, mangelnde Verf\u00fcgbarkeit oder ungenaue Informationen verantwortlich gemacht werden.<\/li>\n\n\n\n<li class=\"ulux-list-item\">Die auf dieser Website enthaltenen Informationen stellen unter keinen Umst\u00e4nden eine Garantie im Falle von Verwaltungs- oder Informationsfehlern dar. F\u00fcr weitere Informationen wenden Sie sich bitte an das zust\u00e4ndige Sekretariat der Universit\u00e4t Luxemburg.<\/li>\n\n\n\n<li class=\"ulux-list-item\">Benutzer, die Ungenauigkeiten, fehlerhafte Informationen oder Informationen von eindeutig rechtswidrigem Charakter entdecken, werden gebeten, die Kommunikationsabteilung der Universit\u00e4t Luxemburg, 2, place de l&#8217;Universit\u00e9, L-4365 Esch-sur-Alzette zu informieren.<\/li>\n<\/ul>\n\n\n\n<h2 class=\"has-text-align-left wp-block-unilux-blocks-heading\"        id=\"verwendung-von-hyperlinks\"\n    >\n<strong>Verwendung von Hyperlinks<\/strong><\/h2>\n\n\n\n<ul class=\"ulux-list\">\n<li class=\"ulux-list-item\">Diese Website enth\u00e4lt Informationen, die \u00fcber Hyperlinks zu anderen, nicht von der Universit\u00e4t Luxemburg entwickelten Websites bereitgestellt werden.<\/li>\n\n\n\n<li class=\"ulux-list-item\">Die Universit\u00e4t Luxemburg \u00fcbernimmt keinerlei Haftung f\u00fcr Hyperlinks, die von dieser Website zu anderen Websites f\u00fchren.<\/li>\n\n\n\n<li class=\"ulux-list-item\">\u2022 Das Vorhandensein eines Links von dieser Website zu einer anderen Website bedeutet nicht, dass die Universit\u00e4t Luxemburg den Inhalt dieser Website oder einer Person, die diese Website betreibt, billigt oder garantiert.<\/li>\n\n\n\n<li class=\"ulux-list-item\">Das Einbinden von Hyperlinks zu dieser Website erfordert die vorherige ausdr\u00fcckliche Genehmigung der Universit\u00e4t Luxemburg.<\/li>\n<\/ul>\n\n\n\n<h2 class=\"has-text-align-left wp-block-unilux-blocks-heading\"        id=\"datenschutz\"\n    >\nDatenschutz<\/h2>\n\n\n\n<p>Einen allgemeinen \u00dcberblick \u00fcber die Art und Weise, wie diese Website Ihre personenbezogenen Daten verarbeitet, einschlie\u00dflich der Verwendung von Cookies, finden Sie in unserem <a href=\"https:\/\/www.uni.lu\/en\/general-information-notice\/\">Allgemeinen Informationshinweis (EN)<\/a>.<\/p>\n\n\n\n<h2 class=\"has-text-align-left wp-block-unilux-blocks-heading\"        id=\"geistiges-eigentum\"\n    >\nGeistiges Eigentum<\/h2>\n\n\n\n<p>Alle auf der Website https:\/\/www.uni.lu\/ verf\u00fcgbaren Informationen sind urheberrechtlich gesch\u00fctzt. Sofern nicht anderweitig angegeben, ist die Vervielf\u00e4ltigung der auf dieser Website befindlichen Texte zu nicht-gewerblichen Zwecken und insbesondere in bildungsspezifischen Situationen unter Erf\u00fcllung der folgenden drei Bedingungen gestattet:<\/p>\n\n\n\n<ul class=\"ulux-list\">\n<li class=\"ulux-list-item\">Kostenlose Verbreitung,<\/li>\n\n\n\n<li class=\"ulux-list-item\">Wahrung der Integrit\u00e4t der vervielf\u00e4ltigten Dokumente: keine Modifizierung oder Ver\u00e4nderung jedweder Art,<\/li>\n\n\n\n<li class=\"ulux-list-item\">Ausdr\u00fcckliche Nennung der Website&nbsp;https:\/\/www.uni.lu\/ als Quelle und Erkl\u00e4rung, dass die Vervielf\u00e4ltigungsrechte vorbehalten und eingeschr\u00e4nkt sind.<\/li>\n<\/ul>\n\n\n\n<p>F\u00fcr jegliche Ausnahme von diesen Vorschriften ist die vorherige schriftliche Genehmigung der Universit\u00e4t Luxemburg und des Verfassers der Inhalte einzuholen.<\/p>\n\n\n\n<p><strong>Bildrechte:<\/strong> Sofern nicht anderweitig angegeben, sind die Fotos auf dieser Website urheberrechtlich gesch\u00fctzt und Eigentum der Universit\u00e4t Luxemburg.<\/p>\n\n\n\n<h2 class=\"has-text-align-left wp-block-unilux-blocks-heading\"        id=\"zustaendigkeitsbereich\"\n    >\nZust\u00e4ndigkeitsbereich<\/h2>\n\n\n\n<p>Die Benutzer akzeptieren, dass der Zugriff und die Nutzung der Website auf eigene Verantwortung erfolgt.<br>Die Universit\u00e4t Luxemburg \u00fcbernimmt keine Haftung f\u00fcr direkte oder indirekte Sch\u00e4den, die durch die Nutzung der Website entstehen k\u00f6nnen. Dies gilt insbesondere f\u00fcr Unterbrechungen, Betriebsstillst\u00e4nde oder Funktionsst\u00f6rungen der Website, die beispielsweise auf Wartungsarbeiten oder Aktualisierungen am Computersystem der Universit\u00e4t Luxemburg, technische Probleme oder \u00dcberlastungen des Netzwerks, St\u00f6rungen der Telefonleitungen, Fehler, Fahrl\u00e4ssigkeit oder rechtswidrige Handlungen von Internetdienstanbietern oder Dritten oder durch im Internet erworbene Viren zur\u00fcckzuf\u00fchren sein k\u00f6nnten.<\/p>\n\n\n\n<h2 class=\"has-text-align-left wp-block-unilux-blocks-heading\"        id=\"die-universitaet-luxemburg-in-den-sozialen-medien\"\n    >\nDie Universit\u00e4t Luxemburg in den sozialen Medien<\/h2>\n\n\n\n<p>Die Universit\u00e4t Luxemburg nutzt soziale Medien, um eine enge Verbindung zu Studierenden, zuk\u00fcnftigen Studierenden, Forschern usw. herzustellen. Unser Ziel ist es, ihnen einen bevorzugten Zugang zu relevanten Informationen zu bieten, die f\u00fcr sie von Interesse sein k\u00f6nnten. Um einen hochwertigen Informationsfluss zu gew\u00e4hrleisten und sicherzustellen, dass Benutzer die besten sozialen Praktiken respektieren und sich frei beteiligen k\u00f6nnen, wurden zwei Leitf\u00e4den entwickelt, die ihnen zur Unterst\u00fctzung dienen sollen.<\/p>\n\n\n\n<p>Die <a href=\"https:\/\/www.uni.lu\/wp-content\/uploads\/sites\/9\/2023\/07\/Social_Media_Guidelines_EN_2018.pdf\" target=\"_blank\" rel=\"noreferrer noopener\">Richtlinien f\u00fcr soziale Medien<\/a> enthalten die wichtigsten Punkte, die vor dem Ver\u00f6ffentlichen von Informationen und dem Moderieren von Diskussionen zu beachten sind. Um eine einheitliche Darstellung in allen Medien und ver\u00f6ffentlichten Meldungen zu gew\u00e4hrleisten, w\u00e4ren wir Ihnen dankbar, wenn Sie die Einhaltung der folgenden redaktionellen Regeln sicherstellen k\u00f6nnten.<\/p>\n\n\n\n<p>Die <a href=\"https:\/\/www.uni.lu\/wp-content\/uploads\/sites\/9\/2023\/07\/General_Terms_of_Use_EN_2018.pdf\" target=\"_blank\" rel=\"noreferrer noopener\">Allgemeinen Nutzungsbedingungen<\/a> legen die grundlegenden Regeln dar, die bei der Nutzung von sozialen Medien zu beachten sind. Die Einhaltung der Gesetze und der bew\u00e4hrten sozialen Verfahren bilden die Grundlage f\u00fcr diese Regeln. Die Nutzungsbedingungen sind als Erg\u00e4nzung zu den von den einzelnen Plattformen festgelegten Nutzungsbedingungen auszulegen: Facebook, YouTube usw.<\/p>\n\n\n\n<h2 class=\"has-text-align-left wp-block-unilux-blocks-heading\"        id=\"luxemburgisches-recht-und-gerichte\"\n    >\nLuxemburgisches Recht und Gerichte<\/h2>\n\n\n\n<ul class=\"ulux-list\">\n<li class=\"ulux-list-item\">Es gilt das Recht von Luxemburg.<\/li>\n\n\n\n<li class=\"ulux-list-item\">Die Benutzer werden darauf hingewiesen, dass ausschlie\u00dflich luxemburgische Gerichte f\u00fcr die Entscheidung von Streitigkeiten zust\u00e4ndig sind, die sich aus der Nutzung, Auslegung und Anwendung der auf dieser Website enthaltenen Informationen und Daten ergeben k\u00f6nnen.<\/li>\n<\/ul>\n\n\n\n<h2 class=\"has-text-align-left wp-block-unilux-blocks-heading\"        id=\"kontakt\"\n    >\nKontakt<\/h2>\n\n\n\n<p>Communications Department, University of Luxembourg, 2, place de l\u2019Universit\u00e9, L-4365 Esch-sur-Alzette.<\/p>\n\n\n<ul class=\"wp-block-unilux-blocks-button-list\">\n    <li class=\"wp-block-unilux-blocks-button-list-item\">\n    <a\n            href=\"https:\/\/www.uni.lu\/de\/ueber-uns\/organisation\/verwaltung\/kommunikationsabteilung\/\"\n            class=\"quick-link wp-block-unilux-blocks-anchor\"        target=\"\"\n>\n    \n<span class=\"wp-block-unilux-blocks-wrapper quick-link__container\"><figure class=\"wp-block-dev4-reusable-blocks-image quick-link__img object-fit--scale-down\">\n        <\/figure>\n\n\n<span class=\"quick-link__name wp-block-unilux-blocks-plain-text\">Kommunikationsabteilung<\/span>\n\n<svg aria-hidden=\"true\" focusable=\"false\" class=\"icon icon-outline icon--arrow-right \"><use xlink:href=\"https:\/\/www.uni.lu\/wp-content\/themes\/unilux-theme\/assets\/images\/icons\/icons-outline.svg#icon--arrow-right\"><\/use><\/svg><\/span>\n<\/a>\n<\/li><\/ul>\n<\/div><\/section>\n\n\n\n<section class=\"wp-block-unilux-blocks-free-section section\"><div class=\"container xl:max-w-screen-xl\">\n<p><strong>Die Benutzer best\u00e4tigen, dass sie diesen rechtlichen Hinweis zur Kenntnis genommen haben und verpflichten sich, ihn zu beachten.<\/strong><\/p>\n<\/div><\/section>\n","protected":false},"excerpt":{"rendered":"","protected":false},"author":33,"featured_media":0,"parent":0,"menu_order":999,"comment_status":"closed","ping_status":"closed","template":"","meta":{"featured_image_focal_point":[],"show_featured_caption":false,"ulux_newsletter_groups":"","uluxPostTitle":"","uluxPrePostTitle":"","_trash_the_other_posts":false,"_price":"","_stock":"","_tribe_ticket_header":"","_tribe_default_ticket_provider":"","_tribe_ticket_capacity":"0","_ticket_start_date":"","_ticket_end_date":"","_tribe_ticket_show_description":"","_tribe_ticket_show_not_going":false,"_tribe_ticket_use_global_stock":"","_tribe_ticket_global_stock_level":"","_global_stock_mode":"","_global_stock_cap":"","_tribe_rsvp_for_event":"","_tribe_ticket_going_count":"","_tribe_ticket_not_going_count":"","_tribe_tickets_list":"[]","_tribe_ticket_has_attendee_info_fields":false,"footnotes":""},"field-of-interest":[],"organisation":[],"authorship":[33],"acf":[],"yoast_head":"<!-- This site is optimized with the Yoast SEO Premium plugin v22.3 (Yoast SEO v22.3) - https:\/\/yoast.com\/wordpress\/plugins\/seo\/ -->\n<title>Rechtlicher Hinweis - Universit\u00e4t Luxemburg<\/title>\n<meta name=\"description\" content=\"Rechtlicher Hinweis, allgemeine Nutzungsbedingungen, Inhalt der Website, Datenschutz, Geistiges Eigentum, und mehr.\" \/>\n<meta name=\"robots\" content=\"index, follow, max-snippet:-1, max-image-preview:large, max-video-preview:-1\" \/>\n<link rel=\"canonical\" href=\"https:\/\/www.uni.lu\/de\/rechtlicher-hinweis\/\" \/>\n<meta property=\"og:locale\" content=\"de_DE\" \/>\n<meta property=\"og:type\" content=\"article\" \/>\n<meta property=\"og:title\" content=\"Rechtlicher Hinweis\" \/>\n<meta property=\"og:description\" content=\"Rechtlicher Hinweis, allgemeine Nutzungsbedingungen, Inhalt der Website, Datenschutz, Geistiges Eigentum, und mehr.\" \/>\n<meta property=\"og:url\" content=\"https:\/\/www.uni.lu\/de\/rechtlicher-hinweis\/\" \/>\n<meta property=\"og:site_name\" content=\"UNI DE\" \/>\n<meta property=\"article:publisher\" content=\"https:\/\/www.facebook.com\/uni.lu\" \/>\n<meta property=\"article:modified_time\" content=\"2024-08-09T08:42:29+00:00\" \/>\n<meta property=\"og:image\" content=\"https:\/\/www.uni.lu\/wp-content\/uploads\/sites\/10\/2026\/03\/03120000\/UNIV_SM-Profile_1600x1600px-scaled.jpg\" \/>\n\t<meta property=\"og:image:width\" content=\"2560\" \/>\n\t<meta property=\"og:image:height\" content=\"2560\" \/>\n\t<meta property=\"og:image:type\" content=\"image\/jpeg\" \/>\n<meta name=\"twitter:card\" content=\"summary_large_image\" \/>\n<meta name=\"twitter:label1\" content=\"Gesch\u00e4tzte Lesezeit\" \/>\n\t<meta name=\"twitter:data1\" content=\"5 Minuten\" \/>\n<script type=\"application\/ld+json\" class=\"yoast-schema-graph\">{\"@context\":\"https:\/\/schema.org\",\"@graph\":[{\"@type\":\"WebPage\",\"@id\":\"https:\/\/www.uni.lu\/de\/rechtlicher-hinweis\/\",\"url\":\"https:\/\/www.uni.lu\/de\/rechtlicher-hinweis\/\",\"name\":\"Rechtlicher Hinweis - Universit\u00e4t Luxemburg\",\"isPartOf\":{\"@id\":\"https:\/\/www.uni.lu\/de\/#website\"},\"datePublished\":\"2024-03-25T15:55:09+00:00\",\"dateModified\":\"2024-08-09T08:42:29+00:00\",\"description\":\"Rechtlicher Hinweis, allgemeine Nutzungsbedingungen, Inhalt der Website, Datenschutz, Geistiges Eigentum, und mehr.\",\"breadcrumb\":{\"@id\":\"https:\/\/www.uni.lu\/de\/rechtlicher-hinweis\/#breadcrumb\"},\"inLanguage\":\"de-DE\",\"potentialAction\":[{\"@type\":\"ReadAction\",\"target\":[\"https:\/\/www.uni.lu\/de\/rechtlicher-hinweis\/\"]}]},{\"@type\":\"BreadcrumbList\",\"@id\":\"https:\/\/www.uni.lu\/de\/rechtlicher-hinweis\/#breadcrumb\",\"itemListElement\":[{\"@type\":\"ListItem\",\"position\":1,\"name\":\"Home\",\"item\":\"https:\/\/www.uni.lu\/de\/\"},{\"@type\":\"ListItem\",\"position\":2,\"name\":\"Rechtlicher Hinweis\"}]},{\"@type\":\"WebSite\",\"@id\":\"https:\/\/www.uni.lu\/de\/#website\",\"url\":\"https:\/\/www.uni.lu\/de\/\",\"name\":\"Uni.lu\",\"description\":\"Universit\u00e4t Luxemburg\",\"publisher\":{\"@id\":\"https:\/\/www.uni.lu\/de\/#organization\"},\"alternateName\":\"Universit\u00e4t Luxemburg\",\"potentialAction\":[{\"@type\":\"SearchAction\",\"target\":{\"@type\":\"EntryPoint\",\"urlTemplate\":\"https:\/\/www.uni.lu\/de\/?s={search_term_string}\"},\"query-input\":\"required name=search_term_string\"}],\"inLanguage\":\"de-DE\"},{\"@type\":\"Organization\",\"@id\":\"https:\/\/www.uni.lu\/de\/#organization\",\"name\":\"Universit\u00e4t Luxemburg\",\"alternateName\":\"Uni.lu\",\"url\":\"https:\/\/www.uni.lu\/de\/\",\"logo\":{\"@type\":\"ImageObject\",\"inLanguage\":\"de-DE\",\"@id\":\"https:\/\/www.uni.lu\/de\/#\/schema\/logo\/image\/\",\"url\":\"https:\/\/www.uni.lu\/wp-content\/uploads\/sites\/10\/2026\/03\/03120000\/UNIV_SM-Profile_1600x1600px-scaled.jpg\",\"contentUrl\":\"https:\/\/www.uni.lu\/wp-content\/uploads\/sites\/10\/2026\/03\/03120000\/UNIV_SM-Profile_1600x1600px-scaled.jpg\",\"width\":2560,\"height\":2560,\"caption\":\"Universit\u00e4t Luxemburg\"},\"image\":{\"@id\":\"https:\/\/www.uni.lu\/de\/#\/schema\/logo\/image\/\"},\"sameAs\":[\"https:\/\/www.facebook.com\/uni.lu\",\"https:\/\/www.linkedin.com\/school\/university-of-luxembourg\/\",\"https:\/\/www.instagram.com\/uni.lu\",\"https:\/\/www.youtube.com\/@uni_lu\",\"https:\/\/en.wikipedia.org\/wiki\/University_of_Luxembourg\"]}]}<\/script>\n<!-- \/ Yoast SEO Premium plugin. -->","yoast_head_json":{"title":"Rechtlicher Hinweis - Universit\u00e4t Luxemburg","description":"Rechtlicher Hinweis, allgemeine Nutzungsbedingungen, Inhalt der Website, Datenschutz, Geistiges Eigentum, und mehr.","robots":{"index":"index","follow":"follow","max-snippet":"max-snippet:-1","max-image-preview":"max-image-preview:large","max-video-preview":"max-video-preview:-1"},"canonical":"https:\/\/www.uni.lu\/de\/rechtlicher-hinweis\/","og_locale":"de_DE","og_type":"article","og_title":"Rechtlicher Hinweis","og_description":"Rechtlicher Hinweis, allgemeine Nutzungsbedingungen, Inhalt der Website, Datenschutz, Geistiges Eigentum, und mehr.","og_url":"https:\/\/www.uni.lu\/de\/rechtlicher-hinweis\/","og_site_name":"UNI DE","article_publisher":"https:\/\/www.facebook.com\/uni.lu","article_modified_time":"2024-08-09T08:42:29+00:00","og_image":[{"width":2560,"height":2560,"url":"https:\/\/www.uni.lu\/wp-content\/uploads\/sites\/10\/2026\/03\/03120000\/UNIV_SM-Profile_1600x1600px-scaled.jpg","type":"image\/jpeg"}],"twitter_card":"summary_large_image","twitter_misc":{"Gesch\u00e4tzte Lesezeit":"5 Minuten"},"schema":{"@context":"https:\/\/schema.org","@graph":[{"@type":"WebPage","@id":"https:\/\/www.uni.lu\/de\/rechtlicher-hinweis\/","url":"https:\/\/www.uni.lu\/de\/rechtlicher-hinweis\/","name":"Rechtlicher Hinweis - Universit\u00e4t Luxemburg","isPartOf":{"@id":"https:\/\/www.uni.lu\/de\/#website"},"datePublished":"2024-03-25T15:55:09+00:00","dateModified":"2024-08-09T08:42:29+00:00","description":"Rechtlicher Hinweis, allgemeine Nutzungsbedingungen, Inhalt der Website, Datenschutz, Geistiges Eigentum, und mehr.","breadcrumb":{"@id":"https:\/\/www.uni.lu\/de\/rechtlicher-hinweis\/#breadcrumb"},"inLanguage":"de-DE","potentialAction":[{"@type":"ReadAction","target":["https:\/\/www.uni.lu\/de\/rechtlicher-hinweis\/"]}]},{"@type":"BreadcrumbList","@id":"https:\/\/www.uni.lu\/de\/rechtlicher-hinweis\/#breadcrumb","itemListElement":[{"@type":"ListItem","position":1,"name":"Home","item":"https:\/\/www.uni.lu\/de\/"},{"@type":"ListItem","position":2,"name":"Rechtlicher Hinweis"}]},{"@type":"WebSite","@id":"https:\/\/www.uni.lu\/de\/#website","url":"https:\/\/www.uni.lu\/de\/","name":"Uni.lu","description":"Universit\u00e4t Luxemburg","publisher":{"@id":"https:\/\/www.uni.lu\/de\/#organization"},"alternateName":"Universit\u00e4t Luxemburg","potentialAction":[{"@type":"SearchAction","target":{"@type":"EntryPoint","urlTemplate":"https:\/\/www.uni.lu\/de\/?s={search_term_string}"},"query-input":"required name=search_term_string"}],"inLanguage":"de-DE"},{"@type":"Organization","@id":"https:\/\/www.uni.lu\/de\/#organization","name":"Universit\u00e4t Luxemburg","alternateName":"Uni.lu","url":"https:\/\/www.uni.lu\/de\/","logo":{"@type":"ImageObject","inLanguage":"de-DE","@id":"https:\/\/www.uni.lu\/de\/#\/schema\/logo\/image\/","url":"https:\/\/www.uni.lu\/wp-content\/uploads\/sites\/10\/2026\/03\/03120000\/UNIV_SM-Profile_1600x1600px-scaled.jpg","contentUrl":"https:\/\/www.uni.lu\/wp-content\/uploads\/sites\/10\/2026\/03\/03120000\/UNIV_SM-Profile_1600x1600px-scaled.jpg","width":2560,"height":2560,"caption":"Universit\u00e4t Luxemburg"},"image":{"@id":"https:\/\/www.uni.lu\/de\/#\/schema\/logo\/image\/"},"sameAs":["https:\/\/www.facebook.com\/uni.lu","https:\/\/www.linkedin.com\/school\/university-of-luxembourg\/","https:\/\/www.instagram.com\/uni.lu","https:\/\/www.youtube.com\/@uni_lu","https:\/\/en.wikipedia.org\/wiki\/University_of_Luxembourg"]}]}},"ticketed":false,"_links":{"self":[{"href":"https:\/\/www.uni.lu\/de\/wp-json\/wp\/v2\/pages\/3806"}],"collection":[{"href":"https:\/\/www.uni.lu\/de\/wp-json\/wp\/v2\/pages"}],"about":[{"href":"https:\/\/www.uni.lu\/de\/wp-json\/wp\/v2\/types\/page"}],"author":[{"embeddable":true,"href":"https:\/\/www.uni.lu\/de\/wp-json\/wp\/v2\/users\/33"}],"replies":[{"embeddable":true,"href":"https:\/\/www.uni.lu\/de\/wp-json\/wp\/v2\/comments?post=3806"}],"version-history":[{"count":3,"href":"https:\/\/www.uni.lu\/de\/wp-json\/wp\/v2\/pages\/3806\/revisions"}],"predecessor-version":[{"id":4885,"href":"https:\/\/www.uni.lu\/de\/wp-json\/wp\/v2\/pages\/3806\/revisions\/4885"}],"wp:authorship":[{"embeddable":true,"href":"https:\/\/www.uni.lu\/de\/wp-json\/wp\/v2\/users\/33"}],"wp:attachment":[{"href":"https:\/\/www.uni.lu\/de\/wp-json\/wp\/v2\/media?parent=3806"}],"wp:term":[{"taxonomy":"field-of-interest","embeddable":true,"href":"https:\/\/www.uni.lu\/de\/wp-json\/wp\/v2\/field-of-interest?post=3806"},{"taxonomy":"organisation","embeddable":true,"href":"https:\/\/www.uni.lu\/de\/wp-json\/wp\/v2\/organisation?post=3806"}],"curies":[{"name":"wp","href":"https:\/\/api.w.org\/{rel}","templated":true}]}}