{"id":3803,"date":"2024-03-25T16:44:27","date_gmt":"2024-03-25T15:44:27","guid":{"rendered":"https:\/\/www.uni.lu\/de\/?page_id=3803"},"modified":"2025-07-21T15:30:04","modified_gmt":"2025-07-21T13:30:04","slug":"vizerektorat-fuer-forschung","status":"publish","type":"page","link":"https:\/\/www.uni.lu\/de\/ueber-uns\/organisation\/verwaltung\/vizerektorat-fuer-forschung\/","title":{"rendered":"Vizerektorat f\u00fcr Forschung"},"content":{"rendered":"\n<section class=\"wp-block-unilux-blocks-free-section section\"><div class=\"container xl:max-w-screen-xl\">\n<h2 class=\"has-text-align-left wp-block-unilux-blocks-heading\"        id=\"vizerektorin-fuer-forschung\"\n    >\nVizerektorin f\u00fcr Forschung<\/h2>\n\n\n\n<p>Am 1. M\u00e4rz 2023 hat Prof. Dr. Simone Niclou ihre Stelle als Vizerektorin f\u00fcr Forschung an der Universit\u00e4t Luxemburg angetreten.<\/p>\n\n\n\n<p>Die Vizerektorin f\u00fcr Forschung ist verantwortlich f\u00fcr die Forschungsvision, -strategie und -agenda der Universit\u00e4t sowie f\u00fcr die Bewertung und Verbesserung der Forschungsqualit\u00e4t und der Forschungsergebnisse.<\/p>\n\n\n\n<p>Prof. Niclou koordiniert die Aktivit\u00e4ten der Universit\u00e4t zum Aufbau und zur Weiterentwicklung von Lehre und Forschung in den Bereichen Biowissenschaften, Medizin und Gesundheitsberufe, wobei sie eng mit nationalen Interessengruppen zusammenarbeitet.<\/p>\n\n\n\n<p>Weitere zentrale Aufgaben sind die Doktorandenausbildung und die St\u00e4rkung interdisziplin\u00e4rer und innovativer Initiativen. Prof. Niclou vertritt die Universit\u00e4t in nationalen und internationalen wissenschaftlichen Komitees und Organisationen und baut Beziehungen zu relevanten Akteuren des \u00f6ffentlichen Lebens und der Industrie auf.<\/p>\n\n\n<div class=\"py-48 first:pt-0 last:pb-0 wp-block-unilux-blocks-people-list\">\n    \n<h2 class=\"has-text-align-left wp-block-unilux-blocks-heading\"        id=\"vizerektorin-fuer-forschung\"\n    >\nVizerektorin f\u00fcr Forschung<\/h2>\n<ul class=\"flex flex-wrap -mx-16 wp-block-unilux-blocks-people-item-wrapper\">\n    <li class=\"w-full md:w-1\/2 p-16 wp-block-unilux-blocks-people-item-automated\"><div class=\"ulux-card card-people bg-theme\"><div class=\"list-people bg-theme\">\n    <div class=\"list-people__container\">\n        <div class=\"list-people__visual\">\n            <figure class=\"wp-block-dev4-reusable-blocks-image\">\n                <!-- Template Image Component: default -->\n<img decoding=\"async\" class=\"w-full\" width=\"\" height=\"\" rel=\"\" alt=\"Prof Simone NICLOU\" src=\"https:\/\/www.uni.lu\/en\/person-image\/NTAwMzU1OTBfX1NpbW9uZSBOSUNMT1U=\" srcset=\"https:\/\/www.uni.lu\/en\/person-image\/NTAwMzU1OTBfX1NpbW9uZSBOSUNMT1U=--thumbnail 150w,https:\/\/www.uni.lu\/en\/person-image\/NTAwMzU1OTBfX1NpbW9uZSBOSUNMT1U=--medium 300w,https:\/\/www.uni.lu\/en\/person-image\/NTAwMzU1OTBfX1NpbW9uZSBOSUNMT1U=--medium_large 768w,https:\/\/www.uni.lu\/en\/person-image\/NTAwMzU1OTBfX1NpbW9uZSBOSUNMT1U=--large 1024w,https:\/\/www.uni.lu\/en\/person-image\/NTAwMzU1OTBfX1NpbW9uZSBOSUNMT1U=--1536x1536 1536w,https:\/\/www.uni.lu\/en\/person-image\/NTAwMzU1OTBfX1NpbW9uZSBOSUNMT1U=--2048x2048 2048w\" loading=\"lazy\" \/><!-- end Image Component -->\n            <\/figure>\n        <\/div>\n        <div class=\"list-people__body\">\n            <h3 class=\"list-people__title\">Prof Simone NICLOU<\/h3>\n            <p class=\"list-people__description\">Vice-rector for research<\/p>\n            <div class=\"wp-block-unilux-blocks-simple-cta wp-block-unilux-blocks-people-item-automated\">\n    <a\n        href=\"https:\/\/www.uni.lu\/fstm-en\/people\/simone-niclou\/\"\n        title=\"Prof Simone NICLOU\"\n        class=\"link-text link-text--icon list-people__link link-absolute\"\n        target=\"\"\n    >\n        <span class=\"link-text__body\">\n            <span class=\"link-text__name\">Profil anzeigen<\/span>\n        <\/span>\n        <svg aria-hidden=\"true\" focusable=\"false\" class=\"icon icon-outline icon--arrow-right \"><use xlink:href=\"https:\/\/www.uni.lu\/wp-content\/themes\/unilux-theme\/assets\/images\/icons\/icons-outline.svg#icon--arrow-right\"><\/use><\/svg>    <\/a>\n<\/div>\n        <\/div>\n    <\/div>\n<\/div>\n<\/div><\/li><\/ul>\n\n<\/div>\n\n\n\n<div class=\"wp-block-unilux-blocks-spacer is-spacer-size-sm\"><\/div>\n\n\n<p>Das Team des B\u00fcros der Vizedirektorin besteht aus:<\/p>\n\n\n\n<ul class=\"ulux-list\">\n<li class=\"ulux-list-item\"><a href=\"https:\/\/www.uni.lu\/en\/people\/haizia-kechiche\/\"><strong>Haizia Kechiche<\/strong> (Pers\u00f6nliche Assistentin der Vizerektorin f\u00fcr Forschung)<\/a><\/li>\n\n\n\n<li class=\"ulux-list-item\"><a href=\"https:\/\/www.uni.lu\/en\/people\/sylvie-fromentin\/\"><strong>Sylvie Fromentin<\/strong> (Koordinatorin f\u00fcr strategische Projekte)<\/a><\/li>\n\n\n\n<li class=\"ulux-list-item\"><a href=\"https:\/\/www.uni.lu\/en\/people\/heike-scheuerpflug-hassane\/\"><strong>Heike Scheuerpflug<\/strong> (Leiterin der Abteilung f\u00fcr Forschungsf\u00f6rderung)<\/a><\/li>\n\n\n\n<li class=\"ulux-list-item\"><a href=\"https:\/\/www.uni.lu\/en\/people\/anja-lenninger\/\"><strong>Anja Lenninger<\/strong> (Koordinatorin des B\u00fcros f\u00fcr Doktorandenstudium)<\/a><\/li>\n\n\n\n<li class=\"ulux-list-item\"><a href=\"https:\/\/www.uni.lu\/en\/people\/paula-souza\/\"><strong>Paula Souza<\/strong> (Strategische Beraterin der Vizerektorin f\u00fcr Forschung)<\/a><\/li>\n\n\n\n<li class=\"ulux-list-item\"><a href=\"https:\/\/www.uni.lu\/en\/people\/marianna-bevova\/\"><strong>Marianna Bevova<\/strong> (Strategic Advisor to the Vice-rector focus on Medicine and Health Professions)<\/a><\/li>\n<\/ul>\n<\/div><\/section>\n\n\n\n<section class=\"wp-block-unilux-blocks-free-section section\"><div class=\"container xl:max-w-screen-xl\">\n<h2 class=\"has-text-align-left wp-block-unilux-blocks-heading\"        id=\"der-vizerektorin-fuer-forschung-unterstellt-sind\"\n    >\nDer Vizerektorin f\u00fcr Forschung unterstellt sind:<\/h2>\n\n\n\n<ul class=\"wp-block-unilux-blocks-quick-link-underline\">\n    \n<li class=\"wp-block-unilux-blocks-quick-link-underline-item\">\n    <a\n            href=\"https:\/\/www.uni.lu\/de\/ueber-uns\/organisation\/verwaltung\/abteilung-fuer-forschungsfoerderung\/\"\n            class=\"wp-block-unilux-blocks-anchor\"        target=\"\"\n>\n    \n<span class=\"hero__title__subject wp-block-unilux-blocks-plain-text\">Abteilung f\u00fcr Forschungsf\u00f6rderung<\/span><svg aria-hidden=\"true\" focusable=\"false\" class=\"icon icon-outline icon--arrow-right \"><use xlink:href=\"https:\/\/www.uni.lu\/wp-content\/themes\/unilux-theme\/assets\/images\/icons\/icons-outline.svg#icon--arrow-right\"><\/use><\/svg><\/a>\n<\/li>\n\n<li class=\"wp-block-unilux-blocks-quick-link-underline-item\">\n    <a\n            href=\"https:\/\/www.uni.lu\/de\/ueber-uns\/organisation\/verwaltung\/buero-fuer-doktorandenstudium\/\"\n            class=\"wp-block-unilux-blocks-anchor\"        target=\"\"\n>\n    \n<span class=\"hero__title__subject wp-block-unilux-blocks-plain-text\">B\u00fcro f\u00fcr Doktorandenstudium<\/span><svg aria-hidden=\"true\" focusable=\"false\" class=\"icon icon-outline icon--arrow-right \"><use xlink:href=\"https:\/\/www.uni.lu\/wp-content\/themes\/unilux-theme\/assets\/images\/icons\/icons-outline.svg#icon--arrow-right\"><\/use><\/svg><\/a>\n<\/li>\n<\/ul><\/div><\/section>\n","protected":false},"excerpt":{"rendered":"","protected":false},"author":33,"featured_media":0,"parent":1432,"menu_order":0,"comment_status":"closed","ping_status":"closed","template":"","meta":{"featured_image_focal_point":[],"show_featured_caption":false,"ulux_newsletter_groups":"","uluxPostTitle":"","uluxPrePostTitle":"","_trash_the_other_posts":false,"_price":"","_stock":"","_tribe_ticket_header":"","_tribe_default_ticket_provider":"","_tribe_ticket_capacity":"0","_ticket_start_date":"","_ticket_end_date":"","_tribe_ticket_show_description":"","_tribe_ticket_show_not_going":false,"_tribe_ticket_use_global_stock":"","_tribe_ticket_global_stock_level":"","_global_stock_mode":"","_global_stock_cap":"","_tribe_rsvp_for_event":"","_tribe_ticket_going_count":"","_tribe_ticket_not_going_count":"","_tribe_tickets_list":"[]","_tribe_ticket_has_attendee_info_fields":false,"footnotes":""},"field-of-interest":[],"organisation":[],"authorship":[33],"acf":[],"yoast_head":"<!-- This site is optimized with the Yoast SEO Premium plugin v22.3 (Yoast SEO v22.3) - https:\/\/yoast.com\/wordpress\/plugins\/seo\/ -->\n<title>Vizerektorat f\u00fcr Forschung - Universit\u00e4t Luxemburg<\/title>\n<meta name=\"description\" content=\"Am 1. M\u00e4rz 2023 hat Prof. Dr. Simone Niclou ihre Stelle als Vizerektorin f\u00fcr Forschung an der Universit\u00e4t Luxemburg angetreten.\" \/>\n<meta name=\"robots\" content=\"index, follow, max-snippet:-1, max-image-preview:large, max-video-preview:-1\" \/>\n<link rel=\"canonical\" href=\"https:\/\/www.uni.lu\/de\/ueber-uns\/organisation\/verwaltung\/vizerektorat-fuer-forschung\/\" \/>\n<meta property=\"og:locale\" content=\"de_DE\" \/>\n<meta property=\"og:type\" content=\"article\" \/>\n<meta property=\"og:title\" content=\"Vizerektorat f\u00fcr Forschung\" \/>\n<meta property=\"og:description\" content=\"Am 1. M\u00e4rz 2023 hat Prof. Dr. Simone Niclou ihre Stelle als Vizerektorin f\u00fcr Forschung an der Universit\u00e4t Luxemburg angetreten.\" \/>\n<meta property=\"og:url\" content=\"https:\/\/www.uni.lu\/de\/ueber-uns\/organisation\/verwaltung\/vizerektorat-fuer-forschung\/\" \/>\n<meta property=\"og:site_name\" content=\"UNI DE\" \/>\n<meta property=\"article:publisher\" content=\"https:\/\/www.facebook.com\/uni.lu\" \/>\n<meta property=\"article:modified_time\" content=\"2025-07-21T13:30:04+00:00\" \/>\n<meta property=\"og:image\" content=\"https:\/\/www.uni.lu\/wp-content\/uploads\/sites\/10\/2026\/03\/03120000\/UNIV_SM-Profile_1600x1600px-scaled.jpg\" \/>\n\t<meta property=\"og:image:width\" content=\"2560\" \/>\n\t<meta property=\"og:image:height\" content=\"2560\" \/>\n\t<meta property=\"og:image:type\" content=\"image\/jpeg\" \/>\n<meta name=\"twitter:card\" content=\"summary_large_image\" \/>\n<meta name=\"twitter:label1\" content=\"Gesch\u00e4tzte Lesezeit\" \/>\n\t<meta name=\"twitter:data1\" content=\"1 Minute\" \/>\n<script type=\"application\/ld+json\" class=\"yoast-schema-graph\">{\"@context\":\"https:\/\/schema.org\",\"@graph\":[{\"@type\":\"WebPage\",\"@id\":\"https:\/\/www.uni.lu\/de\/ueber-uns\/organisation\/verwaltung\/vizerektorat-fuer-forschung\/\",\"url\":\"https:\/\/www.uni.lu\/de\/ueber-uns\/organisation\/verwaltung\/vizerektorat-fuer-forschung\/\",\"name\":\"Vizerektorat f\u00fcr Forschung - Universit\u00e4t Luxemburg\",\"isPartOf\":{\"@id\":\"https:\/\/www.uni.lu\/de\/#website\"},\"datePublished\":\"2024-03-25T15:44:27+00:00\",\"dateModified\":\"2025-07-21T13:30:04+00:00\",\"description\":\"Am 1. M\u00e4rz 2023 hat Prof. Dr. Simone Niclou ihre Stelle als Vizerektorin f\u00fcr Forschung an der Universit\u00e4t Luxemburg angetreten.\",\"breadcrumb\":{\"@id\":\"https:\/\/www.uni.lu\/de\/ueber-uns\/organisation\/verwaltung\/vizerektorat-fuer-forschung\/#breadcrumb\"},\"inLanguage\":\"de-DE\",\"potentialAction\":[{\"@type\":\"ReadAction\",\"target\":[\"https:\/\/www.uni.lu\/de\/ueber-uns\/organisation\/verwaltung\/vizerektorat-fuer-forschung\/\"]}]},{\"@type\":\"BreadcrumbList\",\"@id\":\"https:\/\/www.uni.lu\/de\/ueber-uns\/organisation\/verwaltung\/vizerektorat-fuer-forschung\/#breadcrumb\",\"itemListElement\":[{\"@type\":\"ListItem\",\"position\":1,\"name\":\"Home\",\"item\":\"https:\/\/www.uni.lu\/de\/\"},{\"@type\":\"ListItem\",\"position\":2,\"name\":\"\u00dcber uns\",\"item\":\"https:\/\/www.uni.lu\/de\/ueber-uns\/\"},{\"@type\":\"ListItem\",\"position\":3,\"name\":\"Organisation\",\"item\":\"https:\/\/www.uni.lu\/de\/ueber-uns\/organisation\/\"},{\"@type\":\"ListItem\",\"position\":4,\"name\":\"Verwaltung\",\"item\":\"https:\/\/www.uni.lu\/de\/ueber-uns\/organisation\/verwaltung\/\"},{\"@type\":\"ListItem\",\"position\":5,\"name\":\"Vizerektorat f\u00fcr Forschung\"}]},{\"@type\":\"WebSite\",\"@id\":\"https:\/\/www.uni.lu\/de\/#website\",\"url\":\"https:\/\/www.uni.lu\/de\/\",\"name\":\"Uni.lu\",\"description\":\"Universit\u00e4t Luxemburg\",\"publisher\":{\"@id\":\"https:\/\/www.uni.lu\/de\/#organization\"},\"alternateName\":\"Universit\u00e4t Luxemburg\",\"potentialAction\":[{\"@type\":\"SearchAction\",\"target\":{\"@type\":\"EntryPoint\",\"urlTemplate\":\"https:\/\/www.uni.lu\/de\/?s={search_term_string}\"},\"query-input\":\"required name=search_term_string\"}],\"inLanguage\":\"de-DE\"},{\"@type\":\"Organization\",\"@id\":\"https:\/\/www.uni.lu\/de\/#organization\",\"name\":\"Universit\u00e4t Luxemburg\",\"alternateName\":\"Uni.lu\",\"url\":\"https:\/\/www.uni.lu\/de\/\",\"logo\":{\"@type\":\"ImageObject\",\"inLanguage\":\"de-DE\",\"@id\":\"https:\/\/www.uni.lu\/de\/#\/schema\/logo\/image\/\",\"url\":\"https:\/\/www.uni.lu\/wp-content\/uploads\/sites\/10\/2026\/03\/03120000\/UNIV_SM-Profile_1600x1600px-scaled.jpg\",\"contentUrl\":\"https:\/\/www.uni.lu\/wp-content\/uploads\/sites\/10\/2026\/03\/03120000\/UNIV_SM-Profile_1600x1600px-scaled.jpg\",\"width\":2560,\"height\":2560,\"caption\":\"Universit\u00e4t Luxemburg\"},\"image\":{\"@id\":\"https:\/\/www.uni.lu\/de\/#\/schema\/logo\/image\/\"},\"sameAs\":[\"https:\/\/www.facebook.com\/uni.lu\",\"https:\/\/www.linkedin.com\/school\/university-of-luxembourg\/\",\"https:\/\/www.instagram.com\/uni.lu\",\"https:\/\/www.youtube.com\/@uni_lu\",\"https:\/\/en.wikipedia.org\/wiki\/University_of_Luxembourg\"]}]}<\/script>\n<!-- \/ Yoast SEO Premium plugin. -->","yoast_head_json":{"title":"Vizerektorat f\u00fcr Forschung - Universit\u00e4t Luxemburg","description":"Am 1. M\u00e4rz 2023 hat Prof. Dr. Simone Niclou ihre Stelle als Vizerektorin f\u00fcr Forschung an der Universit\u00e4t Luxemburg angetreten.","robots":{"index":"index","follow":"follow","max-snippet":"max-snippet:-1","max-image-preview":"max-image-preview:large","max-video-preview":"max-video-preview:-1"},"canonical":"https:\/\/www.uni.lu\/de\/ueber-uns\/organisation\/verwaltung\/vizerektorat-fuer-forschung\/","og_locale":"de_DE","og_type":"article","og_title":"Vizerektorat f\u00fcr Forschung","og_description":"Am 1. M\u00e4rz 2023 hat Prof. Dr. Simone Niclou ihre Stelle als Vizerektorin f\u00fcr Forschung an der Universit\u00e4t Luxemburg angetreten.","og_url":"https:\/\/www.uni.lu\/de\/ueber-uns\/organisation\/verwaltung\/vizerektorat-fuer-forschung\/","og_site_name":"UNI DE","article_publisher":"https:\/\/www.facebook.com\/uni.lu","article_modified_time":"2025-07-21T13:30:04+00:00","og_image":[{"width":2560,"height":2560,"url":"https:\/\/www.uni.lu\/wp-content\/uploads\/sites\/10\/2026\/03\/03120000\/UNIV_SM-Profile_1600x1600px-scaled.jpg","type":"image\/jpeg"}],"twitter_card":"summary_large_image","twitter_misc":{"Gesch\u00e4tzte Lesezeit":"1 Minute"},"schema":{"@context":"https:\/\/schema.org","@graph":[{"@type":"WebPage","@id":"https:\/\/www.uni.lu\/de\/ueber-uns\/organisation\/verwaltung\/vizerektorat-fuer-forschung\/","url":"https:\/\/www.uni.lu\/de\/ueber-uns\/organisation\/verwaltung\/vizerektorat-fuer-forschung\/","name":"Vizerektorat f\u00fcr Forschung - Universit\u00e4t Luxemburg","isPartOf":{"@id":"https:\/\/www.uni.lu\/de\/#website"},"datePublished":"2024-03-25T15:44:27+00:00","dateModified":"2025-07-21T13:30:04+00:00","description":"Am 1. M\u00e4rz 2023 hat Prof. Dr. Simone Niclou ihre Stelle als Vizerektorin f\u00fcr Forschung an der Universit\u00e4t Luxemburg angetreten.","breadcrumb":{"@id":"https:\/\/www.uni.lu\/de\/ueber-uns\/organisation\/verwaltung\/vizerektorat-fuer-forschung\/#breadcrumb"},"inLanguage":"de-DE","potentialAction":[{"@type":"ReadAction","target":["https:\/\/www.uni.lu\/de\/ueber-uns\/organisation\/verwaltung\/vizerektorat-fuer-forschung\/"]}]},{"@type":"BreadcrumbList","@id":"https:\/\/www.uni.lu\/de\/ueber-uns\/organisation\/verwaltung\/vizerektorat-fuer-forschung\/#breadcrumb","itemListElement":[{"@type":"ListItem","position":1,"name":"Home","item":"https:\/\/www.uni.lu\/de\/"},{"@type":"ListItem","position":2,"name":"\u00dcber uns","item":"https:\/\/www.uni.lu\/de\/ueber-uns\/"},{"@type":"ListItem","position":3,"name":"Organisation","item":"https:\/\/www.uni.lu\/de\/ueber-uns\/organisation\/"},{"@type":"ListItem","position":4,"name":"Verwaltung","item":"https:\/\/www.uni.lu\/de\/ueber-uns\/organisation\/verwaltung\/"},{"@type":"ListItem","position":5,"name":"Vizerektorat f\u00fcr Forschung"}]},{"@type":"WebSite","@id":"https:\/\/www.uni.lu\/de\/#website","url":"https:\/\/www.uni.lu\/de\/","name":"Uni.lu","description":"Universit\u00e4t Luxemburg","publisher":{"@id":"https:\/\/www.uni.lu\/de\/#organization"},"alternateName":"Universit\u00e4t Luxemburg","potentialAction":[{"@type":"SearchAction","target":{"@type":"EntryPoint","urlTemplate":"https:\/\/www.uni.lu\/de\/?s={search_term_string}"},"query-input":"required name=search_term_string"}],"inLanguage":"de-DE"},{"@type":"Organization","@id":"https:\/\/www.uni.lu\/de\/#organization","name":"Universit\u00e4t Luxemburg","alternateName":"Uni.lu","url":"https:\/\/www.uni.lu\/de\/","logo":{"@type":"ImageObject","inLanguage":"de-DE","@id":"https:\/\/www.uni.lu\/de\/#\/schema\/logo\/image\/","url":"https:\/\/www.uni.lu\/wp-content\/uploads\/sites\/10\/2026\/03\/03120000\/UNIV_SM-Profile_1600x1600px-scaled.jpg","contentUrl":"https:\/\/www.uni.lu\/wp-content\/uploads\/sites\/10\/2026\/03\/03120000\/UNIV_SM-Profile_1600x1600px-scaled.jpg","width":2560,"height":2560,"caption":"Universit\u00e4t Luxemburg"},"image":{"@id":"https:\/\/www.uni.lu\/de\/#\/schema\/logo\/image\/"},"sameAs":["https:\/\/www.facebook.com\/uni.lu","https:\/\/www.linkedin.com\/school\/university-of-luxembourg\/","https:\/\/www.instagram.com\/uni.lu","https:\/\/www.youtube.com\/@uni_lu","https:\/\/en.wikipedia.org\/wiki\/University_of_Luxembourg"]}]}},"ticketed":false,"_links":{"self":[{"href":"https:\/\/www.uni.lu\/de\/wp-json\/wp\/v2\/pages\/3803"}],"collection":[{"href":"https:\/\/www.uni.lu\/de\/wp-json\/wp\/v2\/pages"}],"about":[{"href":"https:\/\/www.uni.lu\/de\/wp-json\/wp\/v2\/types\/page"}],"author":[{"embeddable":true,"href":"https:\/\/www.uni.lu\/de\/wp-json\/wp\/v2\/users\/33"}],"replies":[{"embeddable":true,"href":"https:\/\/www.uni.lu\/de\/wp-json\/wp\/v2\/comments?post=3803"}],"version-history":[{"count":5,"href":"https:\/\/www.uni.lu\/de\/wp-json\/wp\/v2\/pages\/3803\/revisions"}],"predecessor-version":[{"id":7129,"href":"https:\/\/www.uni.lu\/de\/wp-json\/wp\/v2\/pages\/3803\/revisions\/7129"}],"up":[{"embeddable":true,"href":"https:\/\/www.uni.lu\/de\/wp-json\/wp\/v2\/pages\/1432"}],"wp:authorship":[{"embeddable":true,"href":"https:\/\/www.uni.lu\/de\/wp-json\/wp\/v2\/users\/33"}],"wp:attachment":[{"href":"https:\/\/www.uni.lu\/de\/wp-json\/wp\/v2\/media?parent=3803"}],"wp:term":[{"taxonomy":"field-of-interest","embeddable":true,"href":"https:\/\/www.uni.lu\/de\/wp-json\/wp\/v2\/field-of-interest?post=3803"},{"taxonomy":"organisation","embeddable":true,"href":"https:\/\/www.uni.lu\/de\/wp-json\/wp\/v2\/organisation?post=3803"}],"curies":[{"name":"wp","href":"https:\/\/api.w.org\/{rel}","templated":true}]}}