{"id":3791,"date":"2024-03-25T16:05:03","date_gmt":"2024-03-25T15:05:03","guid":{"rendered":"https:\/\/www.uni.lu\/de\/?page_id=3791"},"modified":"2025-11-04T08:30:39","modified_gmt":"2025-11-04T07:30:39","slug":"abteilung-fuer-finanz-und-rechnungswesen","status":"publish","type":"page","link":"https:\/\/www.uni.lu\/de\/ueber-uns\/organisation\/verwaltung\/abteilung-fuer-finanz-und-rechnungswesen\/","title":{"rendered":"Abteilung f\u00fcr Finanz- und Rechnungswesen"},"content":{"rendered":"<section class=\"section section pb-0 wp-block-unilux-blocks-page-intro py-0\">\n    \n<div class=\"wp-block-unilux-blocks-wrapper container xl:max-w-screen-xl\">\n<div class=\"wp-block-unilux-blocks-wrapper flex flex-wrap -mx-16\">\n<div class=\"wp-block-unilux-blocks-wrapper flex-1 mb-48 px-16\">\n<h1 class=\"has-text-align-left wp-block-unilux-blocks-heading\"        id=\"abteilung-fuer-finanz-und-rechnungswesen\"\n    >\nAbteilung f\u00fcr Finanz- und Rechnungswesen<\/h1>\n\n\n\n<p>Die Abteilung f\u00fcr Finanz- und Rechnungswesen (Service des Finances et de la Comptabilit\u00e9, SFC) ist aktiv an der Lenkung der Universit\u00e4t beteiligt. Sie tr\u00e4gt die Verantwortung f\u00fcr die finanziellen Aspekte des Universit\u00e4tsbetriebs und k\u00fcmmert sich um die Planung und Berichterstattung der Universit\u00e4tsaktivit\u00e4ten, um Informationen \u00fcber deren finanzielle und buchhalterische Gesundheit bereitzustellen, die Entscheidungsfindung durch das Hervorheben relevanter Daten zu unterst\u00fctzen und der Universit\u00e4t die optimale Nutzung ihrer finanziellen Ressourcen zu erm\u00f6glichen.<\/p>\n\n\n\n<ul class=\"wp-block-unilux-blocks-custom-buttons btn-list\"><\/ul>\n<\/div>\n\n\n\n<div class=\"wp-block-unilux-blocks-wrapper w-full md:w-auto px-16\">\n<div class=\"wp-block-unilux-blocks-wrapper flex flex-col items-center\">\n<h2 class=\"text-h4 has-text-align-left wp-block-unilux-blocks-heading\"    >\n<\/h2>\n\n\n<a class=\"wp-block-unilux-blocks-button-highlight-square\"\n    href=\"https:\/\/www.uni.lu\/wp-content\/uploads\/sites\/9\/2025\/11\/04082944\/2025-11-03-orgchart-SFC-EN.pdf\"\n    target=\"_blank\"\n>\n    <span class=\"btn-highlight-square__container\">\n        <div class=\"btn-highlight-square__body\">\n    <svg aria-hidden=\"true\" focusable=\"false\" class=\"icon icon-outline icon--download-link icon--xl\"><use xlink:href=\"https:\/\/www.uni.lu\/wp-content\/themes\/unilux-theme\/assets\/images\/icons\/icons-outline.svg#icon--download-link\"><\/use><\/svg>    <span class=\"btn btn--dark\">\n        \n<span class=\"btn__name wp-block-unilux-blocks-plain-text\">Organigramm (EN)<\/span>    <\/span>\n<\/div><figure class=\"wp-block-dev4-reusable-blocks-image image-bg object-fit--cover\">\n    \n<img decoding=\"async\" class=\"wp-block-image unilux-custom-image-block\"\n                alt=\"\"\n            src=\"https:\/\/www.uni.lu\/wp-content\/uploads\/sites\/9\/2023\/08\/pdf-download.png\"\n                    style=\"object-position: 50.00% 50.00%; font-family: &quot;object-fit: cover; object-position: 50.00% 50.00%;&quot;; aspect-ratio: 3\/4; object-fit: cover; width: 100%;\"\n        loading=\"lazy\"\n\/>    <\/figure>    <\/span>\n<\/a><\/div>\n<\/div>\n<\/div>\n<\/div>\n<\/section>\n\n\n<section class=\"wp-block-unilux-blocks-free-section section\"><div class=\"container xl:max-w-screen-xl\">\n<p>Die Aktivit\u00e4ten der Abteilung f\u00fcr Finanz- und Rechnungswesen sind wie folgt organisiert:<\/p>\n\n\n\n<p><strong>Rechnungswesen:<\/strong><\/p>\n\n\n\n<ul class=\"ulux-list\">\n<li class=\"ulux-list-item\"><strong>Front office<\/strong>&nbsp;&#8211; Bearbeitung von Fragen und Informationsgesuchen, Verarbeitung von per E-Mail eingegangenen Rechnungen und Zahlungserinnerungen<\/li>\n\n\n\n<li class=\"ulux-list-item\"><strong>Back office<\/strong>&nbsp;&#8211; Bearbeitung eingehender Buchhaltungsunterlagen, Durchf\u00fchrung allgemeiner und analytischer Buchhaltungsvorg\u00e4nge, Erstellung von Kundenrechnungen und Vorbereitung von Zahlungen<\/li>\n\n\n\n<li class=\"ulux-list-item\"><strong>Abschlussb\u00fcro<\/strong>&nbsp;&#8211; Bearbeitung von Jahresendvorg\u00e4ngen und Steuererkl\u00e4rungen (Umsatzsteuer, Intrastat), Erstellung von Jahresabschl\u00fcssen und Bilanzen, Unterst\u00fctzung bei Abschlusspr\u00fcfungen und Pr\u00fcfungen f\u00fcr den Rechnungshof<\/li>\n<\/ul>\n\n\n\n<p><strong>Treasury-Abteilung:<\/strong> Verwaltung der Barmittel und Bankvorg\u00e4nge<\/p>\n\n\n\n<p><strong>Finanzplanung und -analyse (FP&amp;A):<\/strong> Haushaltsplanung und Kontrolle der Ausf\u00fchrung von Haushalt, Regeln und Verfahren, Haushaltsberichte<\/p>\n\n\n\n<p><strong>Abteilung f\u00fcr Drittmittel:<\/strong> Business Support, Finanzberichterstattung und Audit-Management f\u00fcr Drittmittel<\/p>\n\n\n\n<p>F\u00fcr weitere Informationen wenden Sie sich bitte an das Front Office der Abteilung f\u00fcr Finanz- und Rechnungswesen:<\/p>\n\n\n<div class=\"icon-info-wrapper\">\n    <ul class=\"wp-block-unilux-blocks-icon-info\">\n        <li class=\"wp-block-unilux-blocks-icon-info-item\">\n    \n<div class=\"wp-block-unilux-blocks-wrapper icon-info\">\n\n<div class=\"icon--primary icon--secondary-2  wp-block-unilux-blocks-icon-picker\">\n    <svg aria-hidden=\"true\" focusable=\"false\" class=\"icon icon-outline icon--email \"><use xlink:href=\"https:\/\/www.uni.lu\/wp-content\/themes\/unilux-theme\/assets\/images\/icons\/icons-outline.svg#icon--email\"><\/use><\/svg><\/div>\n\n<p class=\"has-1-125-rem-font-size\"><a href=\"mailto:sfc.fact@uni.lu\" target=\"_blank\" rel=\"noreferrer noopener\">sfc.fact@uni.lu<\/a>&nbsp;<\/p>\n\n<\/div>\n<\/li>\n    <\/ul>\n<\/div>\n\n\n<div class=\"py-48 first:pt-0 last:pb-0 wp-block-unilux-blocks-people-list\">\n    \n<h2 class=\"has-text-align-left wp-block-unilux-blocks-heading\"        id=\"leitung-der-abteilung-fuer-finanz-und-rechnungswesen\"\n    >\nLeitung der Abteilung f\u00fcr Finanz- und Rechnungswesen<\/h2>\n<ul class=\"flex flex-wrap -mx-16 wp-block-unilux-blocks-people-item-wrapper\">\n    <li class=\"w-full md:w-1\/2 p-16 wp-block-unilux-blocks-people-item-automated\"><div class=\"ulux-card card-people bg-theme\"><div class=\"list-people bg-theme\">\n    <div class=\"list-people__container\">\n        <div class=\"list-people__visual\">\n            <figure class=\"wp-block-dev4-reusable-blocks-image\">\n                <!-- Template Image Component: default -->\n<img decoding=\"async\" class=\"w-full\" width=\"\" height=\"\" rel=\"\" alt=\"Armand VANHEE\" src=\"https:\/\/www.uni.lu\/en\/person-image\/NTAwNDMwMjdfX0FybWFuZCBWQU5IRUU=\" srcset=\"https:\/\/www.uni.lu\/en\/person-image\/NTAwNDMwMjdfX0FybWFuZCBWQU5IRUU=--thumbnail 150w,https:\/\/www.uni.lu\/en\/person-image\/NTAwNDMwMjdfX0FybWFuZCBWQU5IRUU=--medium 300w,https:\/\/www.uni.lu\/en\/person-image\/NTAwNDMwMjdfX0FybWFuZCBWQU5IRUU=--medium_large 768w,https:\/\/www.uni.lu\/en\/person-image\/NTAwNDMwMjdfX0FybWFuZCBWQU5IRUU=--large 1024w,https:\/\/www.uni.lu\/en\/person-image\/NTAwNDMwMjdfX0FybWFuZCBWQU5IRUU=--1536x1536 1536w,https:\/\/www.uni.lu\/en\/person-image\/NTAwNDMwMjdfX0FybWFuZCBWQU5IRUU=--2048x2048 2048w\" loading=\"lazy\" \/><!-- end Image Component -->\n            <\/figure>\n        <\/div>\n        <div class=\"list-people__body\">\n            <h3 class=\"list-people__title\">Armand VANHEE<\/h3>\n            <p class=\"list-people__description\">Head of Finance and Accounting Department<\/p>\n            <div class=\"wp-block-unilux-blocks-simple-cta wp-block-unilux-blocks-people-item-automated\">\n    <a\n        href=\"https:\/\/www.uni.lu\/en\/people\/armand-vanhee\/\"\n        title=\"Armand VANHEE\"\n        class=\"link-text link-text--icon list-people__link link-absolute\"\n        target=\"\"\n    >\n        <span class=\"link-text__body\">\n            <span class=\"link-text__name\">Profil anzeigen<\/span>\n        <\/span>\n        <svg aria-hidden=\"true\" focusable=\"false\" class=\"icon icon-outline icon--arrow-right \"><use xlink:href=\"https:\/\/www.uni.lu\/wp-content\/themes\/unilux-theme\/assets\/images\/icons\/icons-outline.svg#icon--arrow-right\"><\/use><\/svg>    <\/a>\n<\/div>\n        <\/div>\n    <\/div>\n<\/div>\n<\/div><\/li><\/ul>\n\n<\/div>\n\n<\/div><\/section>\n\n\n\n<section class=\"py-0 wp-block-unilux-blocks-free-section section\"><div class=\"container xl:max-w-screen-xl\">\n<h3 class=\"has-text-align-left wp-block-unilux-blocks-heading\"        id=\"informationen-fuer-lieferanten-der-universitaet\"\n    >\nInformationen f\u00fcr Lieferanten der Universit\u00e4t<\/h3>\n\n\n\n<p>Bitte beachten Sie, dass ab dem 18. M\u00e4rz 2023 alle Rechnungen von Peppol versandt werden m\u00fcssen (siehe ID unten). Die E-Mail-Adresse <a href=\"mailto:sfc.fact@uni.lu\">sfc.fact@uni.lu<\/a> steht weiterhin f\u00fcr Proforma-Rechnungen, Mitgliedschaften und Zahlungserinnerungen zur Verf\u00fcgung.<\/p>\n\n\n\n<div class=\"wp-block-columns is-layout-flex wp-block-columns-is-layout-flex\">\n<div class=\"wp-block-column is-layout-flow wp-block-column-is-layout-flow\">\n<p><strong>Registrierte Adresse<\/strong><\/p>\n\n\n\n<p>Universit\u00e9 du Luxembourg<br>2, place de l&#8217;Universit\u00e9<br>L-4365 Esch-sur-Alzette<\/p>\n<\/div>\n\n\n\n<div class=\"wp-block-column is-layout-flow wp-block-column-is-layout-flow\">\n<p><strong><strong>Rechnungsadresse<\/strong><\/strong><\/p>\n\n\n\n<p>Universit\u00e9 du Luxembourg<br>Service Finances et Comptabilit\u00e9<br>2, place de l&#8217;Universit\u00e9<br>L-4365 Esch-sur-Alzette<\/p>\n<\/div>\n\n\n\n<div class=\"wp-block-column is-layout-flow wp-block-column-is-layout-flow\">\n<p><strong>Steuer- und gesetzliche ID-Nummern<\/strong><\/p>\n\n\n\n<p>Umsatzsteuer-Identifikationsnummer (EORI): LU19805732<br>Handels- und Firmenregisternummer (RCS): J20<br>NACE-Code: 85420<br>(terti\u00e4re Ausbildung)<\/p>\n<\/div>\n<\/div>\n\n\n\n<div class=\"wp-block-columns is-layout-flex wp-block-columns-is-layout-flex\">\n<div class=\"wp-block-column is-layout-flow wp-block-column-is-layout-flow\"><figure class=\"wp-block-dev4-reusable-blocks-image  object-fit--scale-down\">\n    \n<img decoding=\"async\" class=\"wp-block-image unilux-custom-image-block\"\n                alt=\"Logo Peppol\"\n            src=\"https:\/\/www.uni.lu\/wp-content\/uploads\/sites\/11\/2024\/01\/peppol.png\"\n                    style=\"object-position: 53.00% 50.00%; font-family: &quot;object-fit: scale-down; object-position: 53.00% 50.00%;&quot;; aspect-ratio: 16\/9; object-fit: scale-down; width: 50%;\"\n        loading=\"lazy\"\n\/>    <\/figure>\n\n\n<p><strong>Peppol ID:<\/strong><\/p>\n\n\n\n<p>9938:lu19805732<\/p>\n<\/div>\n\n\n\n<div class=\"wp-block-column is-layout-flow wp-block-column-is-layout-flow\"><\/div>\n\n\n\n<div class=\"wp-block-column is-layout-flow wp-block-column-is-layout-flow\"><\/div>\n<\/div>\n\n\n\n<p>Die Universit\u00e4t Luxemburg ist eine \u00f6ffentliche Einrichtung, die dem Hochschulgesetz (Gesetz vom 12. August 2003, abge\u00e4ndert durch das Gesetz vom 27. Juni 2018) unterliegt.<\/p>\n<\/div><\/section>\n","protected":false},"excerpt":{"rendered":"","protected":false},"author":33,"featured_media":0,"parent":1432,"menu_order":0,"comment_status":"closed","ping_status":"closed","template":"","meta":{"featured_image_focal_point":[],"show_featured_caption":false,"ulux_newsletter_groups":"","uluxPostTitle":"","uluxPrePostTitle":"","_trash_the_other_posts":false,"_price":"","_stock":"","_tribe_ticket_header":"","_tribe_default_ticket_provider":"","_tribe_ticket_capacity":"0","_ticket_start_date":"","_ticket_end_date":"","_tribe_ticket_show_description":"","_tribe_ticket_show_not_going":false,"_tribe_ticket_use_global_stock":"","_tribe_ticket_global_stock_level":"","_global_stock_mode":"","_global_stock_cap":"","_tribe_rsvp_for_event":"","_tribe_ticket_going_count":"","_tribe_ticket_not_going_count":"","_tribe_tickets_list":"[]","_tribe_ticket_has_attendee_info_fields":false,"footnotes":""},"field-of-interest":[],"organisation":[],"authorship":[33],"acf":[],"yoast_head":"<!-- This site is optimized with the Yoast SEO Premium plugin v22.3 (Yoast SEO v22.3) - https:\/\/yoast.com\/wordpress\/plugins\/seo\/ -->\n<title>Abteilung f\u00fcr Finanz- und Rechnungswesen I Uni.lu<\/title>\n<meta name=\"description\" content=\"Die Abteilung f\u00fcr Finanz- und Rechnungswesen (SFC) ist aktiv an der Lenkung der Universit\u00e4t Luxemburg beteiligt.\" \/>\n<meta name=\"robots\" content=\"index, follow, max-snippet:-1, max-image-preview:large, max-video-preview:-1\" \/>\n<link rel=\"canonical\" href=\"https:\/\/www.uni.lu\/de\/ueber-uns\/organisation\/verwaltung\/abteilung-fuer-finanz-und-rechnungswesen\/\" \/>\n<meta property=\"og:locale\" content=\"de_DE\" \/>\n<meta property=\"og:type\" content=\"article\" \/>\n<meta property=\"og:title\" content=\"Abteilung f\u00fcr Finanz- und Rechnungswesen\" \/>\n<meta property=\"og:description\" content=\"Die Abteilung f\u00fcr Finanz- und Rechnungswesen (SFC) ist aktiv an der Lenkung der Universit\u00e4t Luxemburg beteiligt.\" \/>\n<meta property=\"og:url\" content=\"https:\/\/www.uni.lu\/de\/ueber-uns\/organisation\/verwaltung\/abteilung-fuer-finanz-und-rechnungswesen\/\" \/>\n<meta property=\"og:site_name\" content=\"UNI DE\" \/>\n<meta property=\"article:publisher\" content=\"https:\/\/www.facebook.com\/uni.lu\" \/>\n<meta property=\"article:modified_time\" content=\"2025-11-04T07:30:39+00:00\" \/>\n<meta property=\"og:image\" content=\"https:\/\/www.uni.lu\/wp-content\/uploads\/sites\/10\/2026\/03\/03120000\/UNIV_SM-Profile_1600x1600px-scaled.jpg\" \/>\n\t<meta property=\"og:image:width\" content=\"2560\" \/>\n\t<meta property=\"og:image:height\" content=\"2560\" \/>\n\t<meta property=\"og:image:type\" content=\"image\/jpeg\" \/>\n<meta name=\"twitter:card\" content=\"summary_large_image\" \/>\n<meta name=\"twitter:label1\" content=\"Gesch\u00e4tzte Lesezeit\" \/>\n\t<meta name=\"twitter:data1\" content=\"2 Minuten\" \/>\n<script type=\"application\/ld+json\" class=\"yoast-schema-graph\">{\"@context\":\"https:\/\/schema.org\",\"@graph\":[{\"@type\":\"WebPage\",\"@id\":\"https:\/\/www.uni.lu\/de\/ueber-uns\/organisation\/verwaltung\/abteilung-fuer-finanz-und-rechnungswesen\/\",\"url\":\"https:\/\/www.uni.lu\/de\/ueber-uns\/organisation\/verwaltung\/abteilung-fuer-finanz-und-rechnungswesen\/\",\"name\":\"Abteilung f\u00fcr Finanz- und Rechnungswesen I Uni.lu\",\"isPartOf\":{\"@id\":\"https:\/\/www.uni.lu\/de\/#website\"},\"datePublished\":\"2024-03-25T15:05:03+00:00\",\"dateModified\":\"2025-11-04T07:30:39+00:00\",\"description\":\"Die Abteilung f\u00fcr Finanz- und Rechnungswesen (SFC) ist aktiv an der Lenkung der Universit\u00e4t Luxemburg beteiligt.\",\"breadcrumb\":{\"@id\":\"https:\/\/www.uni.lu\/de\/ueber-uns\/organisation\/verwaltung\/abteilung-fuer-finanz-und-rechnungswesen\/#breadcrumb\"},\"inLanguage\":\"de-DE\",\"potentialAction\":[{\"@type\":\"ReadAction\",\"target\":[\"https:\/\/www.uni.lu\/de\/ueber-uns\/organisation\/verwaltung\/abteilung-fuer-finanz-und-rechnungswesen\/\"]}]},{\"@type\":\"BreadcrumbList\",\"@id\":\"https:\/\/www.uni.lu\/de\/ueber-uns\/organisation\/verwaltung\/abteilung-fuer-finanz-und-rechnungswesen\/#breadcrumb\",\"itemListElement\":[{\"@type\":\"ListItem\",\"position\":1,\"name\":\"Home\",\"item\":\"https:\/\/www.uni.lu\/de\/\"},{\"@type\":\"ListItem\",\"position\":2,\"name\":\"\u00dcber uns\",\"item\":\"https:\/\/www.uni.lu\/de\/ueber-uns\/\"},{\"@type\":\"ListItem\",\"position\":3,\"name\":\"Organisation\",\"item\":\"https:\/\/www.uni.lu\/de\/ueber-uns\/organisation\/\"},{\"@type\":\"ListItem\",\"position\":4,\"name\":\"Verwaltung\",\"item\":\"https:\/\/www.uni.lu\/de\/ueber-uns\/organisation\/verwaltung\/\"},{\"@type\":\"ListItem\",\"position\":5,\"name\":\"Abteilung f\u00fcr Finanz- und Rechnungswesen\"}]},{\"@type\":\"WebSite\",\"@id\":\"https:\/\/www.uni.lu\/de\/#website\",\"url\":\"https:\/\/www.uni.lu\/de\/\",\"name\":\"Uni.lu\",\"description\":\"Universit\u00e4t Luxemburg\",\"publisher\":{\"@id\":\"https:\/\/www.uni.lu\/de\/#organization\"},\"alternateName\":\"Universit\u00e4t Luxemburg\",\"potentialAction\":[{\"@type\":\"SearchAction\",\"target\":{\"@type\":\"EntryPoint\",\"urlTemplate\":\"https:\/\/www.uni.lu\/de\/?s={search_term_string}\"},\"query-input\":\"required name=search_term_string\"}],\"inLanguage\":\"de-DE\"},{\"@type\":\"Organization\",\"@id\":\"https:\/\/www.uni.lu\/de\/#organization\",\"name\":\"Universit\u00e4t Luxemburg\",\"alternateName\":\"Uni.lu\",\"url\":\"https:\/\/www.uni.lu\/de\/\",\"logo\":{\"@type\":\"ImageObject\",\"inLanguage\":\"de-DE\",\"@id\":\"https:\/\/www.uni.lu\/de\/#\/schema\/logo\/image\/\",\"url\":\"https:\/\/www.uni.lu\/wp-content\/uploads\/sites\/10\/2026\/03\/03120000\/UNIV_SM-Profile_1600x1600px-scaled.jpg\",\"contentUrl\":\"https:\/\/www.uni.lu\/wp-content\/uploads\/sites\/10\/2026\/03\/03120000\/UNIV_SM-Profile_1600x1600px-scaled.jpg\",\"width\":2560,\"height\":2560,\"caption\":\"Universit\u00e4t Luxemburg\"},\"image\":{\"@id\":\"https:\/\/www.uni.lu\/de\/#\/schema\/logo\/image\/\"},\"sameAs\":[\"https:\/\/www.facebook.com\/uni.lu\",\"https:\/\/www.linkedin.com\/school\/university-of-luxembourg\/\",\"https:\/\/www.instagram.com\/uni.lu\",\"https:\/\/www.youtube.com\/@uni_lu\",\"https:\/\/en.wikipedia.org\/wiki\/University_of_Luxembourg\"]}]}<\/script>\n<!-- \/ Yoast SEO Premium plugin. -->","yoast_head_json":{"title":"Abteilung f\u00fcr Finanz- und Rechnungswesen I Uni.lu","description":"Die Abteilung f\u00fcr Finanz- und Rechnungswesen (SFC) ist aktiv an der Lenkung der Universit\u00e4t Luxemburg beteiligt.","robots":{"index":"index","follow":"follow","max-snippet":"max-snippet:-1","max-image-preview":"max-image-preview:large","max-video-preview":"max-video-preview:-1"},"canonical":"https:\/\/www.uni.lu\/de\/ueber-uns\/organisation\/verwaltung\/abteilung-fuer-finanz-und-rechnungswesen\/","og_locale":"de_DE","og_type":"article","og_title":"Abteilung f\u00fcr Finanz- und Rechnungswesen","og_description":"Die Abteilung f\u00fcr Finanz- und Rechnungswesen (SFC) ist aktiv an der Lenkung der Universit\u00e4t Luxemburg beteiligt.","og_url":"https:\/\/www.uni.lu\/de\/ueber-uns\/organisation\/verwaltung\/abteilung-fuer-finanz-und-rechnungswesen\/","og_site_name":"UNI DE","article_publisher":"https:\/\/www.facebook.com\/uni.lu","article_modified_time":"2025-11-04T07:30:39+00:00","og_image":[{"width":2560,"height":2560,"url":"https:\/\/www.uni.lu\/wp-content\/uploads\/sites\/10\/2026\/03\/03120000\/UNIV_SM-Profile_1600x1600px-scaled.jpg","type":"image\/jpeg"}],"twitter_card":"summary_large_image","twitter_misc":{"Gesch\u00e4tzte Lesezeit":"2 Minuten"},"schema":{"@context":"https:\/\/schema.org","@graph":[{"@type":"WebPage","@id":"https:\/\/www.uni.lu\/de\/ueber-uns\/organisation\/verwaltung\/abteilung-fuer-finanz-und-rechnungswesen\/","url":"https:\/\/www.uni.lu\/de\/ueber-uns\/organisation\/verwaltung\/abteilung-fuer-finanz-und-rechnungswesen\/","name":"Abteilung f\u00fcr Finanz- und Rechnungswesen I Uni.lu","isPartOf":{"@id":"https:\/\/www.uni.lu\/de\/#website"},"datePublished":"2024-03-25T15:05:03+00:00","dateModified":"2025-11-04T07:30:39+00:00","description":"Die Abteilung f\u00fcr Finanz- und Rechnungswesen (SFC) ist aktiv an der Lenkung der Universit\u00e4t Luxemburg beteiligt.","breadcrumb":{"@id":"https:\/\/www.uni.lu\/de\/ueber-uns\/organisation\/verwaltung\/abteilung-fuer-finanz-und-rechnungswesen\/#breadcrumb"},"inLanguage":"de-DE","potentialAction":[{"@type":"ReadAction","target":["https:\/\/www.uni.lu\/de\/ueber-uns\/organisation\/verwaltung\/abteilung-fuer-finanz-und-rechnungswesen\/"]}]},{"@type":"BreadcrumbList","@id":"https:\/\/www.uni.lu\/de\/ueber-uns\/organisation\/verwaltung\/abteilung-fuer-finanz-und-rechnungswesen\/#breadcrumb","itemListElement":[{"@type":"ListItem","position":1,"name":"Home","item":"https:\/\/www.uni.lu\/de\/"},{"@type":"ListItem","position":2,"name":"\u00dcber uns","item":"https:\/\/www.uni.lu\/de\/ueber-uns\/"},{"@type":"ListItem","position":3,"name":"Organisation","item":"https:\/\/www.uni.lu\/de\/ueber-uns\/organisation\/"},{"@type":"ListItem","position":4,"name":"Verwaltung","item":"https:\/\/www.uni.lu\/de\/ueber-uns\/organisation\/verwaltung\/"},{"@type":"ListItem","position":5,"name":"Abteilung f\u00fcr Finanz- und Rechnungswesen"}]},{"@type":"WebSite","@id":"https:\/\/www.uni.lu\/de\/#website","url":"https:\/\/www.uni.lu\/de\/","name":"Uni.lu","description":"Universit\u00e4t Luxemburg","publisher":{"@id":"https:\/\/www.uni.lu\/de\/#organization"},"alternateName":"Universit\u00e4t Luxemburg","potentialAction":[{"@type":"SearchAction","target":{"@type":"EntryPoint","urlTemplate":"https:\/\/www.uni.lu\/de\/?s={search_term_string}"},"query-input":"required name=search_term_string"}],"inLanguage":"de-DE"},{"@type":"Organization","@id":"https:\/\/www.uni.lu\/de\/#organization","name":"Universit\u00e4t Luxemburg","alternateName":"Uni.lu","url":"https:\/\/www.uni.lu\/de\/","logo":{"@type":"ImageObject","inLanguage":"de-DE","@id":"https:\/\/www.uni.lu\/de\/#\/schema\/logo\/image\/","url":"https:\/\/www.uni.lu\/wp-content\/uploads\/sites\/10\/2026\/03\/03120000\/UNIV_SM-Profile_1600x1600px-scaled.jpg","contentUrl":"https:\/\/www.uni.lu\/wp-content\/uploads\/sites\/10\/2026\/03\/03120000\/UNIV_SM-Profile_1600x1600px-scaled.jpg","width":2560,"height":2560,"caption":"Universit\u00e4t Luxemburg"},"image":{"@id":"https:\/\/www.uni.lu\/de\/#\/schema\/logo\/image\/"},"sameAs":["https:\/\/www.facebook.com\/uni.lu","https:\/\/www.linkedin.com\/school\/university-of-luxembourg\/","https:\/\/www.instagram.com\/uni.lu","https:\/\/www.youtube.com\/@uni_lu","https:\/\/en.wikipedia.org\/wiki\/University_of_Luxembourg"]}]}},"ticketed":false,"_links":{"self":[{"href":"https:\/\/www.uni.lu\/de\/wp-json\/wp\/v2\/pages\/3791"}],"collection":[{"href":"https:\/\/www.uni.lu\/de\/wp-json\/wp\/v2\/pages"}],"about":[{"href":"https:\/\/www.uni.lu\/de\/wp-json\/wp\/v2\/types\/page"}],"author":[{"embeddable":true,"href":"https:\/\/www.uni.lu\/de\/wp-json\/wp\/v2\/users\/33"}],"replies":[{"embeddable":true,"href":"https:\/\/www.uni.lu\/de\/wp-json\/wp\/v2\/comments?post=3791"}],"version-history":[{"count":5,"href":"https:\/\/www.uni.lu\/de\/wp-json\/wp\/v2\/pages\/3791\/revisions"}],"predecessor-version":[{"id":7940,"href":"https:\/\/www.uni.lu\/de\/wp-json\/wp\/v2\/pages\/3791\/revisions\/7940"}],"up":[{"embeddable":true,"href":"https:\/\/www.uni.lu\/de\/wp-json\/wp\/v2\/pages\/1432"}],"wp:authorship":[{"embeddable":true,"href":"https:\/\/www.uni.lu\/de\/wp-json\/wp\/v2\/users\/33"}],"wp:attachment":[{"href":"https:\/\/www.uni.lu\/de\/wp-json\/wp\/v2\/media?parent=3791"}],"wp:term":[{"taxonomy":"field-of-interest","embeddable":true,"href":"https:\/\/www.uni.lu\/de\/wp-json\/wp\/v2\/field-of-interest?post=3791"},{"taxonomy":"organisation","embeddable":true,"href":"https:\/\/www.uni.lu\/de\/wp-json\/wp\/v2\/organisation?post=3791"}],"curies":[{"name":"wp","href":"https:\/\/api.w.org\/{rel}","templated":true}]}}