{"id":3276,"date":"2024-02-09T10:18:18","date_gmt":"2024-02-09T09:18:18","guid":{"rendered":"https:\/\/www.uni.lu\/de\/?page_id=3276"},"modified":"2026-03-04T08:51:43","modified_gmt":"2026-03-04T07:51:43","slug":"events-uebersicht","status":"publish","type":"page","link":"https:\/\/www.uni.lu\/de\/events-uebersicht\/","title":{"rendered":"Events \u00dcbersicht"},"content":{"rendered":"\n<section class=\"py-0 wp-block-unilux-blocks-free-section section\"><div class=\"container xl:max-w-screen-xl\">\n<h1 class=\"has-text-align-left wp-block-unilux-blocks-heading\"        id=\"events\"\n    >\nEvents<\/h1>\n\n\n\n<p>Sie interessieren sich f\u00fcr \u00f6ffentliche Vorlesungen, f\u00fcr eine wissenschaftliche Konferenz, eine Ausstellung oder f\u00fcr unsere Informationsveranstaltungen zum Studium? Finden Sie heraus, was an der Universit\u00e4t Luxemburg los ist.<\/p>\n\n\n\n<div class=\"wp-block-unilux-filters-events-filter events-filter\">\n<div\n    data-component-type=\"filter\"\n    data-model=\"{&quot;filterEndpointUrl&quot;:&quot;https:\\\/\\\/www.uni.lu\\\/de\\\/wp-json\\\/ulux-elastic-customizations\\\/v1\\\/filter&quot;}\"\n    data-attributes=\"{&quot;postType&quot;:&quot;events&quot;,&quot;postTypeLabel&quot;:&quot;Events&quot;,&quot;postTypeAllItemsLabel&quot;:&quot;All events&quot;,&quot;showSpotlight&quot;:true,&quot;spotlightPostIds&quot;:&quot;&quot;,&quot;terms&quot;:[{&quot;caption&quot;:&quot;Date&quot;,&quot;slug&quot;:&quot;date&quot;,&quot;usePagination&quot;:true,&quot;_showTerms&quot;:false,&quot;terms&quot;:[{&quot;slug&quot;:&quot;date-today&quot;,&quot;name&quot;:&quot;Today&quot;,&quot;position&quot;:0},{&quot;slug&quot;:&quot;date-next-7-days&quot;,&quot;name&quot;:&quot;Next 7 days&quot;,&quot;position&quot;:1},{&quot;slug&quot;:&quot;date-next-30-days&quot;,&quot;name&quot;:&quot;Next 30 days&quot;,&quot;position&quot;:2},{&quot;slug&quot;:&quot;date-in-the-future&quot;,&quot;name&quot;:&quot;In the future&quot;,&quot;position&quot;:3},{&quot;slug&quot;:&quot;date-past-7-days&quot;,&quot;name&quot;:&quot;Past 7 days&quot;,&quot;position&quot;:4},{&quot;slug&quot;:&quot;date-past-30-days&quot;,&quot;name&quot;:&quot;Past 30 days&quot;,&quot;position&quot;:5},{&quot;slug&quot;:&quot;date-in-the-past&quot;,&quot;name&quot;:&quot;In the past&quot;,&quot;position&quot;:6},{&quot;slug&quot;:&quot;date-year-2026&quot;,&quot;position&quot;:7,&quot;name&quot;:&quot;2026&quot;},{&quot;slug&quot;:&quot;date-year-2025&quot;,&quot;position&quot;:8,&quot;name&quot;:&quot;2025&quot;},{&quot;slug&quot;:&quot;date-year-2024&quot;,&quot;position&quot;:9,&quot;name&quot;:&quot;2024&quot;},{&quot;slug&quot;:&quot;date-year-2023&quot;,&quot;position&quot;:10,&quot;name&quot;:&quot;2023&quot;},{&quot;slug&quot;:&quot;date-year-2022&quot;,&quot;position&quot;:11,&quot;name&quot;:&quot;2022&quot;},{&quot;slug&quot;:&quot;date-year-2021&quot;,&quot;position&quot;:12,&quot;name&quot;:&quot;2021&quot;},{&quot;slug&quot;:&quot;date-year-2020&quot;,&quot;position&quot;:13,&quot;name&quot;:&quot;2020&quot;},{&quot;slug&quot;:&quot;date-year-2019&quot;,&quot;position&quot;:14,&quot;name&quot;:&quot;2019&quot;},{&quot;slug&quot;:&quot;date-year-2018&quot;,&quot;position&quot;:15,&quot;name&quot;:&quot;2018&quot;}],&quot;numberItemsPerPage&quot;:12,&quot;numberVisibleItems&quot;:4},{&quot;caption&quot;:&quot;Organisation&quot;,&quot;slug&quot;:&quot;organisation&quot;,&quot;numberVisibleItems&quot;:11,&quot;usePagination&quot;:true,&quot;numberItemsPerPage&quot;:13,&quot;terms&quot;:[{&quot;slug&quot;:&quot;universitaet-zentralverwaltung-und-rektorat&quot;,&quot;name&quot;:&quot;Universit\\u00e4t \\\/ Zentralverwaltung und Rektorat&quot;,&quot;position&quot;:0},{&quot;slug&quot;:&quot;fakultaet-fuer-naturwissenschaften-technologie-und-medizin-fstm&quot;,&quot;name&quot;:&quot;Fakult\\u00e4t f\\u00fcr Naturwissenschaften, Technologie und Medizin (FSTM)&quot;,&quot;position&quot;:1},{&quot;slug&quot;:&quot;fakultaet-fuer-recht-wirtschaftswissenschaften-und-finanzwirtschaft-fdef&quot;,&quot;name&quot;:&quot;Fakult\\u00e4t f\\u00fcr Recht, Wirtschaftswissenschaften und Finanzwirtschaft (FDEF)&quot;,&quot;position&quot;:2},{&quot;slug&quot;:&quot;fakultaet-fuer-geisteswissenschaften-erziehungswissenschaften-und-sozialwissenschaften-fhse&quot;,&quot;name&quot;:&quot;Fakult\\u00e4t f\\u00fcr Geisteswissenschaften, Erziehungswissenschaften und Sozialwissenschaften (FHSE)&quot;,&quot;position&quot;:3},{&quot;slug&quot;:&quot;interdisciplinary-centre-for-security-reliability-and-trust-snt&quot;,&quot;name&quot;:&quot;Interdisciplinary Centre for Security, Reliability and Trust (SnT)&quot;,&quot;position&quot;:4},{&quot;slug&quot;:&quot;luxembourg-centre-for-systems-biomedicine-lcsb&quot;,&quot;name&quot;:&quot;Luxembourg Centre for Systems Biomedicine (LCSB)&quot;,&quot;position&quot;:5},{&quot;slug&quot;:&quot;luxembourg-centre-for-contemporary-and-digital-history-c2dh&quot;,&quot;name&quot;:&quot;Luxembourg Centre for Contemporary and Digital History (C2DH)&quot;,&quot;position&quot;:6},{&quot;slug&quot;:&quot;luxembourg-centre-for-european-law-lcel&quot;,&quot;name&quot;:&quot;Luxembourg Centre for European Law (LCEL)&quot;,&quot;position&quot;:7},{&quot;slug&quot;:&quot;luxembourg-learning-centre-llc&quot;,&quot;name&quot;:&quot;Luxembourg Learning Centre (LLC)&quot;,&quot;position&quot;:8},{&quot;slug&quot;:&quot;studierende&quot;,&quot;name&quot;:&quot;Studierende&quot;,&quot;position&quot;:9},{&quot;slug&quot;:&quot;espace-cultures&quot;,&quot;name&quot;:&quot;Espace cultures&quot;,&quot;position&quot;:10},{&quot;slug&quot;:&quot;department-informatik&quot;,&quot;name&quot;:&quot;Department Informatik&quot;,&quot;position&quot;:11},{&quot;slug&quot;:&quot;department-ingenieurwissenschaften&quot;,&quot;name&quot;:&quot;Department Ingenieurwissenschaften&quot;,&quot;position&quot;:12},{&quot;slug&quot;:&quot;department-lebenswissenschaften-und-medizin&quot;,&quot;name&quot;:&quot;Department Lebenswissenscha\\u200bften und Medizin&quot;,&quot;position&quot;:13},{&quot;slug&quot;:&quot;department-mathematik&quot;,&quot;name&quot;:&quot;Department Mathematik&quot;,&quot;position&quot;:14},{&quot;slug&quot;:&quot;department-physik-und-materialwissenschaften&quot;,&quot;name&quot;:&quot;Department Physik und Materialwissenschaften&quot;,&quot;position&quot;:15},{&quot;slug&quot;:&quot;department-finanzwirtschaft&quot;,&quot;name&quot;:&quot;Department Finanzwirtschaft&quot;,&quot;position&quot;:16},{&quot;slug&quot;:&quot;department-rechtswissenschaft&quot;,&quot;name&quot;:&quot;Department Rechtswissenschaft&quot;,&quot;position&quot;:17},{&quot;slug&quot;:&quot;department-wirtschaftswissenschaften&quot;,&quot;name&quot;:&quot;Department Wirtschaftswissenschaften&quot;,&quot;position&quot;:18},{&quot;slug&quot;:&quot;department-erziehungswissenschaft-und-sozialarbeit&quot;,&quot;name&quot;:&quot;Department Erziehungswissenschaft und Sozialarbeit&quot;,&quot;position&quot;:19},{&quot;slug&quot;:&quot;department-geisteswissenschaften&quot;,&quot;name&quot;:&quot;Department Geisteswissenschaften&quot;,&quot;position&quot;:20},{&quot;slug&quot;:&quot;department-geographie-und-raumplanung&quot;,&quot;name&quot;:&quot;Department Geographie und Raumplanung&quot;,&quot;position&quot;:21},{&quot;slug&quot;:&quot;department-sozialwissenschaften&quot;,&quot;name&quot;:&quot;Department Sozialwissenschaften&quot;,&quot;position&quot;:22},{&quot;slug&quot;:&quot;department-verhaltens-und-kognitionswissenschaften&quot;,&quot;name&quot;:&quot;Department Verhaltens- und Kognitionswissenschaften&quot;,&quot;position&quot;:23}]},{&quot;caption&quot;:&quot;Topic&quot;,&quot;slug&quot;:&quot;events-topic&quot;,&quot;terms&quot;:[{&quot;slug&quot;:&quot;informatik-ikt&quot;,&quot;name&quot;:&quot;Informatik &amp; IKT&quot;,&quot;position&quot;:0},{&quot;slug&quot;:&quot;erziehungswissenschaft-sozialarbeit&quot;,&quot;name&quot;:&quot;Erziehungswissenschaft &amp; Sozialarbeit&quot;,&quot;position&quot;:1},{&quot;slug&quot;:&quot;wirtschaftswissenschaften&quot;,&quot;name&quot;:&quot;Wirtschaftswissenschaften&quot;,&quot;position&quot;:2},{&quot;slug&quot;:&quot;ingenieurwissenschaften&quot;,&quot;name&quot;:&quot;Ingenieurwissenschaften&quot;,&quot;position&quot;:3},{&quot;slug&quot;:&quot;finanzwirtschaft&quot;,&quot;name&quot;:&quot;Finanzwirtschaft&quot;,&quot;position&quot;:4},{&quot;slug&quot;:&quot;geographie-raumplanung&quot;,&quot;name&quot;:&quot;Geographie &amp; Raumplanung&quot;,&quot;position&quot;:5},{&quot;slug&quot;:&quot;high-performance-computing-hpc&quot;,&quot;name&quot;:&quot;High Performance Computing (HPC)&quot;,&quot;position&quot;:6},{&quot;slug&quot;:&quot;geisteswissenschaften&quot;,&quot;name&quot;:&quot;Geisteswissenschaften&quot;,&quot;position&quot;:7},{&quot;slug&quot;:&quot;rechtswissenschaft&quot;,&quot;name&quot;:&quot;Rechtswissenschaft&quot;,&quot;position&quot;:8},{&quot;slug&quot;:&quot;lebenswissenschaften-medizin&quot;,&quot;name&quot;:&quot;Lebenswissenscha\\u200bften &amp; Medizin&quot;,&quot;position&quot;:9},{&quot;slug&quot;:&quot;mathematik&quot;,&quot;name&quot;:&quot;Mathematik&quot;,&quot;position&quot;:10},{&quot;slug&quot;:&quot;physik-materialwissenschaften&quot;,&quot;name&quot;:&quot;Physik &amp; Materialwissenschaften&quot;,&quot;position&quot;:11},{&quot;slug&quot;:&quot;psychologie-neurowissenschaften-verhaltensoekonomie&quot;,&quot;name&quot;:&quot;Psychologie, Neurowissenschaften &amp; Verhaltens\\u00f6konomie&quot;,&quot;position&quot;:12},{&quot;slug&quot;:&quot;sozialwissenschaften&quot;,&quot;name&quot;:&quot;Sozialwissenschaften&quot;,&quot;position&quot;:13},{&quot;slug&quot;:&quot;raumfahrt&quot;,&quot;name&quot;:&quot;Raumfahrt&quot;,&quot;position&quot;:14},{&quot;slug&quot;:&quot;campusleben&quot;,&quot;name&quot;:&quot;Campusleben&quot;,&quot;position&quot;:15},{&quot;slug&quot;:&quot;outreach&quot;,&quot;name&quot;:&quot;Outreach&quot;,&quot;position&quot;:16},{&quot;slug&quot;:&quot;universitaet&quot;,&quot;name&quot;:&quot;Universit\\u00e4t&quot;,&quot;position&quot;:17}]},{&quot;caption&quot;:&quot;Type&quot;,&quot;slug&quot;:&quot;events-type&quot;,&quot;terms&quot;:[{&quot;slug&quot;:&quot;vorlesungen-und-seminare&quot;,&quot;name&quot;:&quot;Vorlesungen und Seminare&quot;,&quot;position&quot;:0},{&quot;slug&quot;:&quot;kurse-und-workshops&quot;,&quot;name&quot;:&quot;Kurse und Workshops&quot;,&quot;position&quot;:1},{&quot;slug&quot;:&quot;vortraege&quot;,&quot;name&quot;:&quot;Vortr\\u00e4ge&quot;,&quot;position&quot;:2},{&quot;slug&quot;:&quot;serien&quot;,&quot;name&quot;:&quot;Serien&quot;,&quot;position&quot;:3},{&quot;slug&quot;:&quot;kulturelle-und-gesellschaftliche-events&quot;,&quot;name&quot;:&quot;Kulturelle und gesellschaftliche Events&quot;,&quot;position&quot;:4},{&quot;slug&quot;:&quot;studieninformation&quot;,&quot;name&quot;:&quot;Studieninformation&quot;,&quot;position&quot;:5},{&quot;slug&quot;:&quot;verteidigung-von-doktorarbeiten&quot;,&quot;name&quot;:&quot;Verteidigung von Doktorarbeiten&quot;,&quot;position&quot;:6},{&quot;slug&quot;:&quot;virtuelle-veranstaltungen&quot;,&quot;name&quot;:&quot;Virtuelle Veranstaltungen&quot;,&quot;position&quot;:7},{&quot;slug&quot;:&quot;praesenzveranstaltungen&quot;,&quot;name&quot;:&quot;Pr\\u00e4senzveranstaltungen&quot;,&quot;position&quot;:8},{&quot;slug&quot;:&quot;kostenfrei&quot;,&quot;name&quot;:&quot;Kostenfrei&quot;,&quot;position&quot;:9},{&quot;slug&quot;:&quot;kostenpflichtig&quot;,&quot;name&quot;:&quot;Kostenpflichtig&quot;,&quot;position&quot;:10}]}],&quot;clientId&quot;:&quot;a1d1082c-26cb-43da-9cb9-ae5337660ce6&quot;,&quot;imagePlaceHolder&quot;:&quot;https:\\\/\\\/www.uni.lu\\\/wp-content\\\/themes\\\/unilux-theme\\\/assets\\\/images\\\/general\\\/card-events-placeholder.png&quot;,&quot;filterSearchI18n&quot;:{&quot;accordionTitle&quot;:&quot;Filter search&quot;,&quot;fieldLabel&quot;:&quot;Search for a filter option&quot;,&quot;fieldPlaceholder&quot;:&quot;Search for a filter option (e.g. Language Centre)&quot;}}\"\n    data-blog=\"{&quot;blog_id&quot;:&quot;10&quot;,&quot;domain&quot;:&quot;www.uni.lu&quot;,&quot;path&quot;:&quot;\\\/de\\\/&quot;,&quot;site_id&quot;:&quot;1&quot;,&quot;registered&quot;:&quot;2022-08-20 08:02:35&quot;,&quot;last_updated&quot;:&quot;2026-04-15 14:41:06&quot;,&quot;public&quot;:&quot;1&quot;,&quot;archived&quot;:&quot;0&quot;,&quot;mature&quot;:&quot;0&quot;,&quot;spam&quot;:&quot;0&quot;,&quot;deleted&quot;:&quot;0&quot;,&quot;lang_id&quot;:&quot;0&quot;,&quot;blogname&quot;:&quot;UNI DE&quot;,&quot;siteurl&quot;:&quot;https:\\\/\\\/www.uni.lu\\\/de&quot;,&quot;post_count&quot;:&quot;0&quot;,&quot;home&quot;:&quot;https:\\\/\\\/www.uni.lu\\\/de&quot;}\"\n>\n    \n<div\n    data-component-type=\"spotlight\"\n    data-model=\"[]\"\n    data-attributes=\"{&quot;postType&quot;:&quot;events&quot;,&quot;postIds&quot;:&quot;&quot;}\"\n>\n<\/div>\n<\/div>\n<\/div>\n<\/div><\/section>\n","protected":false},"excerpt":{"rendered":"","protected":false},"author":33,"featured_media":8926,"parent":0,"menu_order":999,"comment_status":"closed","ping_status":"closed","template":"","meta":{"featured_image_focal_point":[],"show_featured_caption":false,"ulux_newsletter_groups":"","uluxPostTitle":"","uluxPrePostTitle":"","_trash_the_other_posts":false,"_price":"","_stock":"","_tribe_ticket_header":"","_tribe_default_ticket_provider":"","_tribe_ticket_capacity":"0","_ticket_start_date":"","_ticket_end_date":"","_tribe_ticket_show_description":"","_tribe_ticket_show_not_going":false,"_tribe_ticket_use_global_stock":"","_tribe_ticket_global_stock_level":"","_global_stock_mode":"","_global_stock_cap":"","_tribe_rsvp_for_event":"","_tribe_ticket_going_count":"","_tribe_ticket_not_going_count":"","_tribe_tickets_list":"[]","_tribe_ticket_has_attendee_info_fields":false,"footnotes":""},"field-of-interest":[],"organisation":[],"authorship":[33],"acf":[],"yoast_head":"<!-- This site is optimized with the Yoast SEO Premium plugin v22.3 (Yoast SEO v22.3) - https:\/\/yoast.com\/wordpress\/plugins\/seo\/ -->\n<title>Events \u00dcbersicht - Universit\u00e4t Luxemburg<\/title>\n<meta name=\"description\" content=\"Sie interessieren sich f\u00fcr \u00f6ffentliche Vorlesungen, f\u00fcr eine wissenschaftliche Konferenz, eine Ausstellung oder f\u00fcr unsere Informationsveranstaltungen zum\" \/>\n<meta name=\"robots\" content=\"index, follow, max-snippet:-1, max-image-preview:large, max-video-preview:-1\" \/>\n<link rel=\"canonical\" href=\"https:\/\/www.uni.lu\/de\/events-uebersicht\/\" \/>\n<meta property=\"og:locale\" content=\"de_DE\" \/>\n<meta property=\"og:type\" content=\"article\" \/>\n<meta property=\"og:title\" content=\"Events \u00dcbersicht\" \/>\n<meta property=\"og:description\" content=\"Sie interessieren sich f\u00fcr \u00f6ffentliche Vorlesungen, f\u00fcr eine wissenschaftliche Konferenz, eine Ausstellung oder f\u00fcr unsere Informationsveranstaltungen zum\" \/>\n<meta property=\"og:url\" content=\"https:\/\/www.uni.lu\/de\/events-uebersicht\/\" \/>\n<meta property=\"og:site_name\" content=\"UNI DE\" \/>\n<meta property=\"article:publisher\" content=\"https:\/\/www.facebook.com\/uni.lu\" \/>\n<meta property=\"article:modified_time\" content=\"2026-03-04T07:51:43+00:00\" \/>\n<meta property=\"og:image\" content=\"https:\/\/www.uni.lu\/wp-content\/uploads\/sites\/10\/2026\/03\/03120000\/UNIV_SM-Profile_1600x1600px-scaled.jpg\" \/>\n\t<meta property=\"og:image:width\" content=\"2560\" \/>\n\t<meta property=\"og:image:height\" content=\"2560\" \/>\n\t<meta property=\"og:image:type\" content=\"image\/jpeg\" \/>\n<meta name=\"twitter:card\" content=\"summary_large_image\" \/>\n<meta name=\"twitter:label1\" content=\"Gesch\u00e4tzte Lesezeit\" \/>\n\t<meta name=\"twitter:data1\" content=\"1 Minute\" \/>\n<script type=\"application\/ld+json\" class=\"yoast-schema-graph\">{\"@context\":\"https:\/\/schema.org\",\"@graph\":[{\"@type\":\"WebPage\",\"@id\":\"https:\/\/www.uni.lu\/de\/events-uebersicht\/\",\"url\":\"https:\/\/www.uni.lu\/de\/events-uebersicht\/\",\"name\":\"Events \u00dcbersicht - Universit\u00e4t Luxemburg\",\"isPartOf\":{\"@id\":\"https:\/\/www.uni.lu\/de\/#website\"},\"primaryImageOfPage\":{\"@id\":\"https:\/\/www.uni.lu\/de\/events-uebersicht\/#primaryimage\"},\"image\":{\"@id\":\"https:\/\/www.uni.lu\/de\/events-uebersicht\/#primaryimage\"},\"thumbnailUrl\":\"https:\/\/www.uni.lu\/wp-content\/uploads\/sites\/10\/2026\/03\/03120000\/UNIV_SM-Profile_1600x1600px-scaled.jpg\",\"datePublished\":\"2024-02-09T09:18:18+00:00\",\"dateModified\":\"2026-03-04T07:51:43+00:00\",\"description\":\"Sie interessieren sich f\u00fcr \u00f6ffentliche Vorlesungen, f\u00fcr eine wissenschaftliche Konferenz, eine Ausstellung oder f\u00fcr unsere Informationsveranstaltungen zum\",\"breadcrumb\":{\"@id\":\"https:\/\/www.uni.lu\/de\/events-uebersicht\/#breadcrumb\"},\"inLanguage\":\"de-DE\",\"potentialAction\":[{\"@type\":\"ReadAction\",\"target\":[\"https:\/\/www.uni.lu\/de\/events-uebersicht\/\"]}]},{\"@type\":\"ImageObject\",\"inLanguage\":\"de-DE\",\"@id\":\"https:\/\/www.uni.lu\/de\/events-uebersicht\/#primaryimage\",\"url\":\"https:\/\/www.uni.lu\/wp-content\/uploads\/sites\/10\/2026\/03\/03120000\/UNIV_SM-Profile_1600x1600px-scaled.jpg\",\"contentUrl\":\"https:\/\/www.uni.lu\/wp-content\/uploads\/sites\/10\/2026\/03\/03120000\/UNIV_SM-Profile_1600x1600px-scaled.jpg\",\"width\":2560,\"height\":2560},{\"@type\":\"BreadcrumbList\",\"@id\":\"https:\/\/www.uni.lu\/de\/events-uebersicht\/#breadcrumb\",\"itemListElement\":[{\"@type\":\"ListItem\",\"position\":1,\"name\":\"Home\",\"item\":\"https:\/\/www.uni.lu\/de\/\"},{\"@type\":\"ListItem\",\"position\":2,\"name\":\"Events \u00dcbersicht\"}]},{\"@type\":\"WebSite\",\"@id\":\"https:\/\/www.uni.lu\/de\/#website\",\"url\":\"https:\/\/www.uni.lu\/de\/\",\"name\":\"Uni.lu\",\"description\":\"Universit\u00e4t Luxemburg\",\"publisher\":{\"@id\":\"https:\/\/www.uni.lu\/de\/#organization\"},\"alternateName\":\"Universit\u00e4t Luxemburg\",\"potentialAction\":[{\"@type\":\"SearchAction\",\"target\":{\"@type\":\"EntryPoint\",\"urlTemplate\":\"https:\/\/www.uni.lu\/de\/?s={search_term_string}\"},\"query-input\":\"required name=search_term_string\"}],\"inLanguage\":\"de-DE\"},{\"@type\":\"Organization\",\"@id\":\"https:\/\/www.uni.lu\/de\/#organization\",\"name\":\"Universit\u00e4t Luxemburg\",\"alternateName\":\"Uni.lu\",\"url\":\"https:\/\/www.uni.lu\/de\/\",\"logo\":{\"@type\":\"ImageObject\",\"inLanguage\":\"de-DE\",\"@id\":\"https:\/\/www.uni.lu\/de\/#\/schema\/logo\/image\/\",\"url\":\"https:\/\/www.uni.lu\/wp-content\/uploads\/sites\/10\/2026\/03\/03120000\/UNIV_SM-Profile_1600x1600px-scaled.jpg\",\"contentUrl\":\"https:\/\/www.uni.lu\/wp-content\/uploads\/sites\/10\/2026\/03\/03120000\/UNIV_SM-Profile_1600x1600px-scaled.jpg\",\"width\":2560,\"height\":2560,\"caption\":\"Universit\u00e4t Luxemburg\"},\"image\":{\"@id\":\"https:\/\/www.uni.lu\/de\/#\/schema\/logo\/image\/\"},\"sameAs\":[\"https:\/\/www.facebook.com\/uni.lu\",\"https:\/\/www.linkedin.com\/school\/university-of-luxembourg\/\",\"https:\/\/www.instagram.com\/uni.lu\",\"https:\/\/www.youtube.com\/@uni_lu\",\"https:\/\/en.wikipedia.org\/wiki\/University_of_Luxembourg\"]}]}<\/script>\n<!-- \/ Yoast SEO Premium plugin. -->","yoast_head_json":{"title":"Events \u00dcbersicht - Universit\u00e4t Luxemburg","description":"Sie interessieren sich f\u00fcr \u00f6ffentliche Vorlesungen, f\u00fcr eine wissenschaftliche Konferenz, eine Ausstellung oder f\u00fcr unsere Informationsveranstaltungen zum","robots":{"index":"index","follow":"follow","max-snippet":"max-snippet:-1","max-image-preview":"max-image-preview:large","max-video-preview":"max-video-preview:-1"},"canonical":"https:\/\/www.uni.lu\/de\/events-uebersicht\/","og_locale":"de_DE","og_type":"article","og_title":"Events \u00dcbersicht","og_description":"Sie interessieren sich f\u00fcr \u00f6ffentliche Vorlesungen, f\u00fcr eine wissenschaftliche Konferenz, eine Ausstellung oder f\u00fcr unsere Informationsveranstaltungen zum","og_url":"https:\/\/www.uni.lu\/de\/events-uebersicht\/","og_site_name":"UNI DE","article_publisher":"https:\/\/www.facebook.com\/uni.lu","article_modified_time":"2026-03-04T07:51:43+00:00","og_image":[{"width":2560,"height":2560,"url":"https:\/\/www.uni.lu\/wp-content\/uploads\/sites\/10\/2026\/03\/03120000\/UNIV_SM-Profile_1600x1600px-scaled.jpg","type":"image\/jpeg"}],"twitter_card":"summary_large_image","twitter_misc":{"Gesch\u00e4tzte Lesezeit":"1 Minute"},"schema":{"@context":"https:\/\/schema.org","@graph":[{"@type":"WebPage","@id":"https:\/\/www.uni.lu\/de\/events-uebersicht\/","url":"https:\/\/www.uni.lu\/de\/events-uebersicht\/","name":"Events \u00dcbersicht - Universit\u00e4t Luxemburg","isPartOf":{"@id":"https:\/\/www.uni.lu\/de\/#website"},"primaryImageOfPage":{"@id":"https:\/\/www.uni.lu\/de\/events-uebersicht\/#primaryimage"},"image":{"@id":"https:\/\/www.uni.lu\/de\/events-uebersicht\/#primaryimage"},"thumbnailUrl":"https:\/\/www.uni.lu\/wp-content\/uploads\/sites\/10\/2026\/03\/03120000\/UNIV_SM-Profile_1600x1600px-scaled.jpg","datePublished":"2024-02-09T09:18:18+00:00","dateModified":"2026-03-04T07:51:43+00:00","description":"Sie interessieren sich f\u00fcr \u00f6ffentliche Vorlesungen, f\u00fcr eine wissenschaftliche Konferenz, eine Ausstellung oder f\u00fcr unsere Informationsveranstaltungen zum","breadcrumb":{"@id":"https:\/\/www.uni.lu\/de\/events-uebersicht\/#breadcrumb"},"inLanguage":"de-DE","potentialAction":[{"@type":"ReadAction","target":["https:\/\/www.uni.lu\/de\/events-uebersicht\/"]}]},{"@type":"ImageObject","inLanguage":"de-DE","@id":"https:\/\/www.uni.lu\/de\/events-uebersicht\/#primaryimage","url":"https:\/\/www.uni.lu\/wp-content\/uploads\/sites\/10\/2026\/03\/03120000\/UNIV_SM-Profile_1600x1600px-scaled.jpg","contentUrl":"https:\/\/www.uni.lu\/wp-content\/uploads\/sites\/10\/2026\/03\/03120000\/UNIV_SM-Profile_1600x1600px-scaled.jpg","width":2560,"height":2560},{"@type":"BreadcrumbList","@id":"https:\/\/www.uni.lu\/de\/events-uebersicht\/#breadcrumb","itemListElement":[{"@type":"ListItem","position":1,"name":"Home","item":"https:\/\/www.uni.lu\/de\/"},{"@type":"ListItem","position":2,"name":"Events \u00dcbersicht"}]},{"@type":"WebSite","@id":"https:\/\/www.uni.lu\/de\/#website","url":"https:\/\/www.uni.lu\/de\/","name":"Uni.lu","description":"Universit\u00e4t Luxemburg","publisher":{"@id":"https:\/\/www.uni.lu\/de\/#organization"},"alternateName":"Universit\u00e4t Luxemburg","potentialAction":[{"@type":"SearchAction","target":{"@type":"EntryPoint","urlTemplate":"https:\/\/www.uni.lu\/de\/?s={search_term_string}"},"query-input":"required name=search_term_string"}],"inLanguage":"de-DE"},{"@type":"Organization","@id":"https:\/\/www.uni.lu\/de\/#organization","name":"Universit\u00e4t Luxemburg","alternateName":"Uni.lu","url":"https:\/\/www.uni.lu\/de\/","logo":{"@type":"ImageObject","inLanguage":"de-DE","@id":"https:\/\/www.uni.lu\/de\/#\/schema\/logo\/image\/","url":"https:\/\/www.uni.lu\/wp-content\/uploads\/sites\/10\/2026\/03\/03120000\/UNIV_SM-Profile_1600x1600px-scaled.jpg","contentUrl":"https:\/\/www.uni.lu\/wp-content\/uploads\/sites\/10\/2026\/03\/03120000\/UNIV_SM-Profile_1600x1600px-scaled.jpg","width":2560,"height":2560,"caption":"Universit\u00e4t Luxemburg"},"image":{"@id":"https:\/\/www.uni.lu\/de\/#\/schema\/logo\/image\/"},"sameAs":["https:\/\/www.facebook.com\/uni.lu","https:\/\/www.linkedin.com\/school\/university-of-luxembourg\/","https:\/\/www.instagram.com\/uni.lu","https:\/\/www.youtube.com\/@uni_lu","https:\/\/en.wikipedia.org\/wiki\/University_of_Luxembourg"]}]}},"ticketed":false,"_links":{"self":[{"href":"https:\/\/www.uni.lu\/de\/wp-json\/wp\/v2\/pages\/3276"}],"collection":[{"href":"https:\/\/www.uni.lu\/de\/wp-json\/wp\/v2\/pages"}],"about":[{"href":"https:\/\/www.uni.lu\/de\/wp-json\/wp\/v2\/types\/page"}],"author":[{"embeddable":true,"href":"https:\/\/www.uni.lu\/de\/wp-json\/wp\/v2\/users\/33"}],"replies":[{"embeddable":true,"href":"https:\/\/www.uni.lu\/de\/wp-json\/wp\/v2\/comments?post=3276"}],"version-history":[{"count":5,"href":"https:\/\/www.uni.lu\/de\/wp-json\/wp\/v2\/pages\/3276\/revisions"}],"predecessor-version":[{"id":8936,"href":"https:\/\/www.uni.lu\/de\/wp-json\/wp\/v2\/pages\/3276\/revisions\/8936"}],"wp:authorship":[{"embeddable":true,"href":"https:\/\/www.uni.lu\/de\/wp-json\/wp\/v2\/users\/33"}],"wp:featuredmedia":[{"embeddable":true,"href":"https:\/\/www.uni.lu\/de\/wp-json\/wp\/v2\/media\/8926"}],"wp:attachment":[{"href":"https:\/\/www.uni.lu\/de\/wp-json\/wp\/v2\/media?parent=3276"}],"wp:term":[{"taxonomy":"field-of-interest","embeddable":true,"href":"https:\/\/www.uni.lu\/de\/wp-json\/wp\/v2\/field-of-interest?post=3276"},{"taxonomy":"organisation","embeddable":true,"href":"https:\/\/www.uni.lu\/de\/wp-json\/wp\/v2\/organisation?post=3276"}],"curies":[{"name":"wp","href":"https:\/\/api.w.org\/{rel}","templated":true}]}}