{"id":3150,"date":"2024-02-01T14:09:33","date_gmt":"2024-02-01T13:09:33","guid":{"rendered":"https:\/\/www.uni.lu\/de\/?page_id=3150"},"modified":"2024-08-09T10:44:11","modified_gmt":"2024-08-09T08:44:11","slug":"barrierefreiheitserklaerung","status":"publish","type":"page","link":"https:\/\/www.uni.lu\/de\/barrierefreiheitserklaerung\/","title":{"rendered":"Barrierefreiheitserkl\u00e4rung"},"content":{"rendered":"\n<section class=\"wp-block-unilux-blocks-free-section section\"><div class=\"container xl:max-w-screen-xl\">\n<h1 class=\"has-text-align-left wp-block-unilux-blocks-heading\"        id=\"barrierefreiheitserklaerung-fuer-diese-website\"\n    >\nBarrierefreiheitserkl\u00e4rung f\u00fcr diese Website<\/h1>\n\n\n\n<p>Dies ist eine Erkl\u00e4rung der Universit\u00e4t Luxemburg zur Barrierefreiheit.<\/p>\n\n\n\n<p>Ma\u00dfnahmen zur Unterst\u00fctzung der Barrierefreiheit<br>Die Universit\u00e4t Luxemburg ergreift die folgenden Ma\u00dfnahmen, um die Barrierefreiheit dieser Website zu gew\u00e4hrleisten:<\/p>\n\n\n\n<ul class=\"ulux-list\">\n<li class=\"ulux-list-item\">Barrierefreiheit ist ein Teil unseres Leitbildes.<\/li>\n\n\n\n<li class=\"ulux-list-item\">Barrierefreiheit ist in unseren internen Richtlinien verankert.<\/li>\n\n\n\n<li class=\"ulux-list-item\">Barrierefreiheit ist in unsere Beschaffungspraktiken integriert.<\/li>\n\n\n\n<li class=\"ulux-list-item\">F\u00fcr unser Personal werden laufend Schulungen zur Barrierefreiheit angeboten.<\/li>\n\n\n\n<li class=\"ulux-list-item\">Es werden formale Methoden zur Qualit\u00e4tssicherung der Barrierefreiheit angewandt.<\/li>\n<\/ul>\n\n\n\n<h2 class=\"has-text-align-left wp-block-unilux-blocks-heading\"        id=\"konformitaetsstatus\"\n    >\nKonformit\u00e4tsstatus<\/h2>\n\n\n\n<p>Die <a href=\"https:\/\/www.w3.org\/WAI\/standards-guidelines\/wcag\/\" target=\"_blank\" rel=\"noreferrer noopener\">Web Content Accessibility Guidelines (Richtlinien f\u00fcr barrierefreie Webinhalte \u2013 WCAG)<\/a> legen Anforderungen an Designer und Entwickler fest, um die Zug\u00e4nglichkeit f\u00fcr Menschen mit Behinderungen zu verbessern. Sie definieren drei Stufen der Konformit\u00e4t: Stufe A, Stufe AA und Stufe AAA. Diese Website entspricht teilweise WCAG 2.1 Stufe AA. Teilweise konform bedeutet, dass einige Teile des Inhalts nicht vollst\u00e4ndig dem Standard f\u00fcr Barrierefreiheit entsprechen.<\/p>\n\n\n\n<h2 class=\"has-text-align-left wp-block-unilux-blocks-heading\"        id=\"feedback\"\n    >\nFeedback<\/h2>\n\n\n\n<p>Wir freuen uns \u00fcber Ihr Feedback zur Barrierefreiheit dieser Website. Bitte teilen Sie uns mit, wenn Sie auf dieser Website auf Barrieren sto\u00dfen:<\/p>\n\n\n\n<ul class=\"ulux-list\">\n<li class=\"ulux-list-item\">E-mail:&nbsp;<a target=\"_blank\" href=\"mailto:communication@uni.lu\" rel=\"noreferrer noopener\">communication@uni.lu<\/a><\/li>\n\n\n\n<li class=\"ulux-list-item\"><a href=\"https:\/\/www.uni.lu\/de\/ueber-uns\/organisation\/verwaltung\/kommunikationsabteilung\/\">Kommunikationsabteilung<\/a><\/li>\n<\/ul>\n\n\n\n<p>Kompatibilit\u00e4t mit Browsern und unterst\u00fctzenden Technologien<br>Diese Website ist so konzipiert, dass sie mit den folgenden unterst\u00fctzenden Technologien kompatibel ist:<\/p>\n\n\n\n<ul class=\"ulux-list\">\n<li class=\"ulux-list-item\">Die Website verwendet responsives Webdesign und ist f\u00fcr Desktop-, Tablet- und mobile Benutzer optimiert.<\/li>\n\n\n\n<li class=\"ulux-list-item\">Letzte Android-Version<\/li>\n\n\n\n<li class=\"ulux-list-item\">Letzte Android-Version von Chrome<\/li>\n\n\n\n<li class=\"ulux-list-item\">Letzte 2 Chrome-Versionen<\/li>\n\n\n\n<li class=\"ulux-list-item\">Letzte 2 Firefox-Versionen<\/li>\n\n\n\n<li class=\"ulux-list-item\">Letzte 2 Safari-Versionen<\/li>\n\n\n\n<li class=\"ulux-list-item\">Letzte 2 IOS-Versionen<\/li>\n\n\n\n<li class=\"ulux-list-item\">Letzte 2 Edge-Versionen<\/li>\n<\/ul>\n\n\n\n<p>Diese Website ist nicht kompatibel mit:<\/p>\n\n\n\n<ul class=\"ulux-list\">\n<li class=\"ulux-list-item\">Internet Explorer<\/li>\n<\/ul>\n\n\n\n<h2 class=\"has-text-align-left wp-block-unilux-blocks-heading\"        id=\"technische-spezifikationen\"\n    >\nTechnische Spezifikationen<\/h2>\n\n\n\n<p>Die Barrierefreiheit dieser Website nutzt die folgenden Technologien, um mit der jeweiligen Kombination aus Ihrem Webbrowser und den auf Ihrem Computer installierten Hilfstechnologien oder Plug-ins zu arbeiten:<\/p>\n\n\n\n<ul class=\"ulux-list\">\n<li class=\"ulux-list-item\">HTML<\/li>\n\n\n\n<li class=\"ulux-list-item\">WAI-ARIA<\/li>\n\n\n\n<li class=\"ulux-list-item\">CSS<\/li>\n\n\n\n<li class=\"ulux-list-item\">JavaScript<\/li>\n<\/ul>\n\n\n\n<p>Diese Technologien gew\u00e4hrleisten die Konformit\u00e4t mit den Barrierefreiheitsstandards.<\/p>\n\n\n\n<h2 class=\"has-text-align-left wp-block-unilux-blocks-heading\"        id=\"einschraenkungen-und-alternativen\"\n    >\nEinschr\u00e4nkungen und Alternativen<\/h2>\n\n\n\n<p>Obwohl wir uns nach Kr\u00e4ften bem\u00fchen, die Barrierefreiheit dieser Website zu gew\u00e4hrleisten, kann es einige Einschr\u00e4nkungen geben. Im Folgenden finden Sie eine Beschreibung der bekannten Einschr\u00e4nkungen und m\u00f6glichen L\u00f6sungen. Bitte kontaktieren Sie uns, wenn Sie ein Problem feststellen, das hier nicht aufgef\u00fchrt ist.<br>Bekannte Einschr\u00e4nkungen f\u00fcr diese Website:<\/p>\n\n\n\n<ul class=\"ulux-list\">\n<li class=\"ulux-list-item\"><strong>Videos:<\/strong> Hochgeladene Videos sind m\u00f6glicherweise nicht mit Transkriptionen versehen, da wir \u00e4ltere Videos auf der Website haben und zum Zeitpunkt ihrer Erstellung die Barrierefreiheit nicht ber\u00fccksichtigt wurde.<\/li>\n<\/ul>\n\n\n\n<h2 class=\"has-text-align-left wp-block-unilux-blocks-heading\"        id=\"beurteilungsansatz\"\n    >\nBeurteilungsansatz<\/h2>\n\n\n\n<p>Die Universit\u00e4t Luxemburg hat die Barrierefreiheit dieser Website anhand der folgenden Ans\u00e4tze beurteilt:<\/p>\n\n\n\n<ul class=\"ulux-list\">\n<li class=\"ulux-list-item\">Selbstbeurteilung<\/li>\n<\/ul>\n\n\n\n<p>Datum: Diese Erkl\u00e4rung wurde am 18. Juli 2023 verfasst.<\/p>\n<\/div><\/section>\n","protected":false},"excerpt":{"rendered":"","protected":false},"author":33,"featured_media":0,"parent":0,"menu_order":9999,"comment_status":"closed","ping_status":"closed","template":"","meta":{"featured_image_focal_point":[],"show_featured_caption":false,"ulux_newsletter_groups":"","uluxPostTitle":"","uluxPrePostTitle":"","_trash_the_other_posts":false,"_price":"","_stock":"","_tribe_ticket_header":"","_tribe_default_ticket_provider":"","_tribe_ticket_capacity":"0","_ticket_start_date":"","_ticket_end_date":"","_tribe_ticket_show_description":"","_tribe_ticket_show_not_going":false,"_tribe_ticket_use_global_stock":"","_tribe_ticket_global_stock_level":"","_global_stock_mode":"","_global_stock_cap":"","_tribe_rsvp_for_event":"","_tribe_ticket_going_count":"","_tribe_ticket_not_going_count":"","_tribe_tickets_list":"[]","_tribe_ticket_has_attendee_info_fields":false,"footnotes":""},"field-of-interest":[],"organisation":[],"authorship":[33],"acf":[],"yoast_head":"<!-- This site is optimized with the Yoast SEO Premium plugin v22.3 (Yoast SEO v22.3) - https:\/\/yoast.com\/wordpress\/plugins\/seo\/ -->\n<title>Barrierefreiheitserkl\u00e4rung - Universit\u00e4t Luxemburg<\/title>\n<meta name=\"description\" content=\"Die Universit\u00e4t Luxemburg ergreift die folgenden Ma\u00dfnahmen, um die Barrierefreiheit dieser Website zu gew\u00e4hrleisten\" \/>\n<meta name=\"robots\" content=\"index, follow, max-snippet:-1, max-image-preview:large, max-video-preview:-1\" \/>\n<link rel=\"canonical\" href=\"https:\/\/www.uni.lu\/de\/barrierefreiheitserklaerung\/\" \/>\n<meta property=\"og:locale\" content=\"de_DE\" \/>\n<meta property=\"og:type\" content=\"article\" \/>\n<meta property=\"og:title\" content=\"Barrierefreiheitserkl\u00e4rung\" \/>\n<meta property=\"og:description\" content=\"Die Universit\u00e4t Luxemburg ergreift die folgenden Ma\u00dfnahmen, um die Barrierefreiheit dieser Website zu gew\u00e4hrleisten\" \/>\n<meta property=\"og:url\" content=\"https:\/\/www.uni.lu\/de\/barrierefreiheitserklaerung\/\" \/>\n<meta property=\"og:site_name\" content=\"UNI DE\" \/>\n<meta property=\"article:publisher\" content=\"https:\/\/www.facebook.com\/uni.lu\" \/>\n<meta property=\"article:modified_time\" content=\"2024-08-09T08:44:11+00:00\" \/>\n<meta property=\"og:image\" content=\"https:\/\/www.uni.lu\/wp-content\/uploads\/sites\/10\/2026\/03\/03120000\/UNIV_SM-Profile_1600x1600px-scaled.jpg\" \/>\n\t<meta property=\"og:image:width\" content=\"2560\" \/>\n\t<meta property=\"og:image:height\" content=\"2560\" \/>\n\t<meta property=\"og:image:type\" content=\"image\/jpeg\" \/>\n<meta name=\"twitter:card\" content=\"summary_large_image\" \/>\n<meta name=\"twitter:label1\" content=\"Gesch\u00e4tzte Lesezeit\" \/>\n\t<meta name=\"twitter:data1\" content=\"2 Minuten\" \/>\n<script type=\"application\/ld+json\" class=\"yoast-schema-graph\">{\"@context\":\"https:\/\/schema.org\",\"@graph\":[{\"@type\":\"WebPage\",\"@id\":\"https:\/\/www.uni.lu\/de\/barrierefreiheitserklaerung\/\",\"url\":\"https:\/\/www.uni.lu\/de\/barrierefreiheitserklaerung\/\",\"name\":\"Barrierefreiheitserkl\u00e4rung - Universit\u00e4t Luxemburg\",\"isPartOf\":{\"@id\":\"https:\/\/www.uni.lu\/de\/#website\"},\"datePublished\":\"2024-02-01T13:09:33+00:00\",\"dateModified\":\"2024-08-09T08:44:11+00:00\",\"description\":\"Die Universit\u00e4t Luxemburg ergreift die folgenden Ma\u00dfnahmen, um die Barrierefreiheit dieser Website zu gew\u00e4hrleisten\",\"breadcrumb\":{\"@id\":\"https:\/\/www.uni.lu\/de\/barrierefreiheitserklaerung\/#breadcrumb\"},\"inLanguage\":\"de-DE\",\"potentialAction\":[{\"@type\":\"ReadAction\",\"target\":[\"https:\/\/www.uni.lu\/de\/barrierefreiheitserklaerung\/\"]}]},{\"@type\":\"BreadcrumbList\",\"@id\":\"https:\/\/www.uni.lu\/de\/barrierefreiheitserklaerung\/#breadcrumb\",\"itemListElement\":[{\"@type\":\"ListItem\",\"position\":1,\"name\":\"Home\",\"item\":\"https:\/\/www.uni.lu\/de\/\"},{\"@type\":\"ListItem\",\"position\":2,\"name\":\"Barrierefreiheitserkl\u00e4rung\"}]},{\"@type\":\"WebSite\",\"@id\":\"https:\/\/www.uni.lu\/de\/#website\",\"url\":\"https:\/\/www.uni.lu\/de\/\",\"name\":\"Uni.lu\",\"description\":\"Universit\u00e4t Luxemburg\",\"publisher\":{\"@id\":\"https:\/\/www.uni.lu\/de\/#organization\"},\"alternateName\":\"Universit\u00e4t Luxemburg\",\"potentialAction\":[{\"@type\":\"SearchAction\",\"target\":{\"@type\":\"EntryPoint\",\"urlTemplate\":\"https:\/\/www.uni.lu\/de\/?s={search_term_string}\"},\"query-input\":\"required name=search_term_string\"}],\"inLanguage\":\"de-DE\"},{\"@type\":\"Organization\",\"@id\":\"https:\/\/www.uni.lu\/de\/#organization\",\"name\":\"Universit\u00e4t Luxemburg\",\"alternateName\":\"Uni.lu\",\"url\":\"https:\/\/www.uni.lu\/de\/\",\"logo\":{\"@type\":\"ImageObject\",\"inLanguage\":\"de-DE\",\"@id\":\"https:\/\/www.uni.lu\/de\/#\/schema\/logo\/image\/\",\"url\":\"https:\/\/www.uni.lu\/wp-content\/uploads\/sites\/10\/2026\/03\/03120000\/UNIV_SM-Profile_1600x1600px-scaled.jpg\",\"contentUrl\":\"https:\/\/www.uni.lu\/wp-content\/uploads\/sites\/10\/2026\/03\/03120000\/UNIV_SM-Profile_1600x1600px-scaled.jpg\",\"width\":2560,\"height\":2560,\"caption\":\"Universit\u00e4t Luxemburg\"},\"image\":{\"@id\":\"https:\/\/www.uni.lu\/de\/#\/schema\/logo\/image\/\"},\"sameAs\":[\"https:\/\/www.facebook.com\/uni.lu\",\"https:\/\/www.linkedin.com\/school\/university-of-luxembourg\/\",\"https:\/\/www.instagram.com\/uni.lu\",\"https:\/\/www.youtube.com\/@uni_lu\",\"https:\/\/en.wikipedia.org\/wiki\/University_of_Luxembourg\"]}]}<\/script>\n<!-- \/ Yoast SEO Premium plugin. -->","yoast_head_json":{"title":"Barrierefreiheitserkl\u00e4rung - Universit\u00e4t Luxemburg","description":"Die Universit\u00e4t Luxemburg ergreift die folgenden Ma\u00dfnahmen, um die Barrierefreiheit dieser Website zu gew\u00e4hrleisten","robots":{"index":"index","follow":"follow","max-snippet":"max-snippet:-1","max-image-preview":"max-image-preview:large","max-video-preview":"max-video-preview:-1"},"canonical":"https:\/\/www.uni.lu\/de\/barrierefreiheitserklaerung\/","og_locale":"de_DE","og_type":"article","og_title":"Barrierefreiheitserkl\u00e4rung","og_description":"Die Universit\u00e4t Luxemburg ergreift die folgenden Ma\u00dfnahmen, um die Barrierefreiheit dieser Website zu gew\u00e4hrleisten","og_url":"https:\/\/www.uni.lu\/de\/barrierefreiheitserklaerung\/","og_site_name":"UNI DE","article_publisher":"https:\/\/www.facebook.com\/uni.lu","article_modified_time":"2024-08-09T08:44:11+00:00","og_image":[{"width":2560,"height":2560,"url":"https:\/\/www.uni.lu\/wp-content\/uploads\/sites\/10\/2026\/03\/03120000\/UNIV_SM-Profile_1600x1600px-scaled.jpg","type":"image\/jpeg"}],"twitter_card":"summary_large_image","twitter_misc":{"Gesch\u00e4tzte Lesezeit":"2 Minuten"},"schema":{"@context":"https:\/\/schema.org","@graph":[{"@type":"WebPage","@id":"https:\/\/www.uni.lu\/de\/barrierefreiheitserklaerung\/","url":"https:\/\/www.uni.lu\/de\/barrierefreiheitserklaerung\/","name":"Barrierefreiheitserkl\u00e4rung - Universit\u00e4t Luxemburg","isPartOf":{"@id":"https:\/\/www.uni.lu\/de\/#website"},"datePublished":"2024-02-01T13:09:33+00:00","dateModified":"2024-08-09T08:44:11+00:00","description":"Die Universit\u00e4t Luxemburg ergreift die folgenden Ma\u00dfnahmen, um die Barrierefreiheit dieser Website zu gew\u00e4hrleisten","breadcrumb":{"@id":"https:\/\/www.uni.lu\/de\/barrierefreiheitserklaerung\/#breadcrumb"},"inLanguage":"de-DE","potentialAction":[{"@type":"ReadAction","target":["https:\/\/www.uni.lu\/de\/barrierefreiheitserklaerung\/"]}]},{"@type":"BreadcrumbList","@id":"https:\/\/www.uni.lu\/de\/barrierefreiheitserklaerung\/#breadcrumb","itemListElement":[{"@type":"ListItem","position":1,"name":"Home","item":"https:\/\/www.uni.lu\/de\/"},{"@type":"ListItem","position":2,"name":"Barrierefreiheitserkl\u00e4rung"}]},{"@type":"WebSite","@id":"https:\/\/www.uni.lu\/de\/#website","url":"https:\/\/www.uni.lu\/de\/","name":"Uni.lu","description":"Universit\u00e4t Luxemburg","publisher":{"@id":"https:\/\/www.uni.lu\/de\/#organization"},"alternateName":"Universit\u00e4t Luxemburg","potentialAction":[{"@type":"SearchAction","target":{"@type":"EntryPoint","urlTemplate":"https:\/\/www.uni.lu\/de\/?s={search_term_string}"},"query-input":"required name=search_term_string"}],"inLanguage":"de-DE"},{"@type":"Organization","@id":"https:\/\/www.uni.lu\/de\/#organization","name":"Universit\u00e4t Luxemburg","alternateName":"Uni.lu","url":"https:\/\/www.uni.lu\/de\/","logo":{"@type":"ImageObject","inLanguage":"de-DE","@id":"https:\/\/www.uni.lu\/de\/#\/schema\/logo\/image\/","url":"https:\/\/www.uni.lu\/wp-content\/uploads\/sites\/10\/2026\/03\/03120000\/UNIV_SM-Profile_1600x1600px-scaled.jpg","contentUrl":"https:\/\/www.uni.lu\/wp-content\/uploads\/sites\/10\/2026\/03\/03120000\/UNIV_SM-Profile_1600x1600px-scaled.jpg","width":2560,"height":2560,"caption":"Universit\u00e4t Luxemburg"},"image":{"@id":"https:\/\/www.uni.lu\/de\/#\/schema\/logo\/image\/"},"sameAs":["https:\/\/www.facebook.com\/uni.lu","https:\/\/www.linkedin.com\/school\/university-of-luxembourg\/","https:\/\/www.instagram.com\/uni.lu","https:\/\/www.youtube.com\/@uni_lu","https:\/\/en.wikipedia.org\/wiki\/University_of_Luxembourg"]}]}},"ticketed":false,"_links":{"self":[{"href":"https:\/\/www.uni.lu\/de\/wp-json\/wp\/v2\/pages\/3150"}],"collection":[{"href":"https:\/\/www.uni.lu\/de\/wp-json\/wp\/v2\/pages"}],"about":[{"href":"https:\/\/www.uni.lu\/de\/wp-json\/wp\/v2\/types\/page"}],"author":[{"embeddable":true,"href":"https:\/\/www.uni.lu\/de\/wp-json\/wp\/v2\/users\/33"}],"replies":[{"embeddable":true,"href":"https:\/\/www.uni.lu\/de\/wp-json\/wp\/v2\/comments?post=3150"}],"version-history":[{"count":2,"href":"https:\/\/www.uni.lu\/de\/wp-json\/wp\/v2\/pages\/3150\/revisions"}],"predecessor-version":[{"id":3203,"href":"https:\/\/www.uni.lu\/de\/wp-json\/wp\/v2\/pages\/3150\/revisions\/3203"}],"wp:authorship":[{"embeddable":true,"href":"https:\/\/www.uni.lu\/de\/wp-json\/wp\/v2\/users\/33"}],"wp:attachment":[{"href":"https:\/\/www.uni.lu\/de\/wp-json\/wp\/v2\/media?parent=3150"}],"wp:term":[{"taxonomy":"field-of-interest","embeddable":true,"href":"https:\/\/www.uni.lu\/de\/wp-json\/wp\/v2\/field-of-interest?post=3150"},{"taxonomy":"organisation","embeddable":true,"href":"https:\/\/www.uni.lu\/de\/wp-json\/wp\/v2\/organisation?post=3150"}],"curies":[{"name":"wp","href":"https:\/\/api.w.org\/{rel}","templated":true}]}}