{"id":3145,"date":"2024-02-01T13:59:32","date_gmt":"2024-02-01T12:59:32","guid":{"rendered":"https:\/\/www.uni.lu\/de\/?page_id=3145"},"modified":"2026-03-24T17:16:51","modified_gmt":"2026-03-24T16:16:51","slug":"personalabteilung","status":"publish","type":"page","link":"https:\/\/www.uni.lu\/de\/ueber-uns\/organisation\/verwaltung\/personalabteilung\/","title":{"rendered":"Personalabteilung"},"content":{"rendered":"<section class=\"section section pb-0 wp-block-unilux-blocks-page-intro py-0\">\n    \n<div class=\"wp-block-unilux-blocks-wrapper container xl:max-w-screen-xl\">\n<div class=\"wp-block-unilux-blocks-wrapper flex flex-wrap -mx-16\">\n<div class=\"wp-block-unilux-blocks-wrapper flex-1 mb-48 px-16\">\n<h1 class=\"has-text-align-left wp-block-unilux-blocks-heading\"        id=\"personalabteilung\"\n    >\nPersonalabteilung<\/h1>\n\n\n\n<p>Die Personalabteilung bietet strategische Dienstleistungen f\u00fcr die Abteilungen, Fakult\u00e4ten und Zentren der Universit\u00e4t Luxemburg an.<\/p>\n\n\n\n<ul class=\"wp-block-unilux-blocks-custom-buttons btn-list\"><\/ul>\n<\/div>\n\n\n\n<div class=\"wp-block-unilux-blocks-wrapper w-full md:w-auto px-16\">\n<div class=\"wp-block-unilux-blocks-wrapper flex flex-col items-center\">\n<h2 class=\"text-h4 has-text-align-left wp-block-unilux-blocks-heading\"    >\n<\/h2>\n\n\n<a class=\"wp-block-unilux-blocks-button-highlight-square\"\n    href=\"https:\/\/www.uni.lu\/wp-content\/uploads\/sites\/9\/2025\/11\/11134306\/2025-11-07-orgchart-HR-EN.pdf\"\n    target=\"_blank\"\n>\n    <span class=\"btn-highlight-square__container\">\n        <div class=\"btn-highlight-square__body\">\n    <svg aria-hidden=\"true\" focusable=\"false\" class=\"icon icon-outline icon--download-link icon--xl\"><use xlink:href=\"https:\/\/www.uni.lu\/wp-content\/themes\/unilux-theme\/assets\/images\/icons\/icons-outline.svg#icon--download-link\"><\/use><\/svg>    <span class=\"btn btn--dark\">\n        \n<span class=\"btn__name wp-block-unilux-blocks-plain-text\">Organigramm (EN)<\/span>    <\/span>\n<\/div><figure class=\"wp-block-dev4-reusable-blocks-image image-bg object-fit--cover\">\n    \n<img decoding=\"async\" class=\"wp-block-image unilux-custom-image-block\"\n                alt=\"\"\n            src=\"https:\/\/www.uni.lu\/wp-content\/uploads\/sites\/9\/2023\/08\/pdf-download.png\"\n                    style=\"object-position: 50.00% 50.00%; font-family: &quot;object-fit: cover; object-position: 50.00% 50.00%;&quot;; aspect-ratio: 3\/4; object-fit: cover; width: 100%;\"\n        loading=\"lazy\"\n\/>    <\/figure>    <\/span>\n<\/a><\/div>\n<\/div>\n<\/div>\n<\/div>\n<\/section>\n\n\n<section class=\"wp-block-unilux-blocks-free-section section\"><div class=\"container xl:max-w-screen-xl\">\n<p>Die Abteilung bietet Kompetenzen in allen Bereichen des Personalwesens, von der Anwerbung, Auswahl und Gehaltsabrechnung bis hin zur Mitarbeiterbindung. Das Team ber\u00e4t auch in Fragen der Sozialversicherung, der Steuern und des Wohnsitzes und erledigt Verwaltungsaufgaben im Zusammenhang mit Lehrkr\u00e4ften und Gastforschern.<\/p>\n\n\n\n<p>Die Organisationsstruktur der Abteilung umfasst die HR-Partner, das HR-Kompetenzzentrum und die allgemeine Personalverwaltung.<\/p>\n\n\n\n<p>Die HR-Partner fungieren als erste Anlaufstelle f\u00fcr Dekane, Direktoren und Leiter von Einrichtungen. HR-Partner m\u00fcssen die Herausforderungen in den verschiedenen Bereichen verstehen und Informationen zu HR-Themen bereitstellen. Sie m\u00fcssen auch in der Lage sein, L\u00f6sungen im Rahmen der bestehenden Regeln und Vorschriften zu finden.<\/p>\n\n\n\n<p>Die allgemeine Personalverwaltung ist f\u00fcr die Gehaltsabrechnung, das Onboarding neuer Mitarbeiter:innen und die Abwesenheitsverwaltung sowie f\u00fcr Verwaltungsaufgaben im Zusammenhang mit Lehrkr\u00e4ften und Gastwissenschaftlern zust\u00e4ndig. Das Team ist auch f\u00fcr die Personalbuchhaltung zust\u00e4ndig.<\/p>\n\n\n\n<p>Das HR-Kompetenzzentrum unterst\u00fctzt die Mitarbeiter:innen in allen Bereichen des Personalwesens, indem es Expertenwissen zum Arbeitsrecht und anderen gesetzlich geregelten Personalangelegenheiten bereitstellt. Das Kompetenzzentrum verwaltet und \u00fcberwacht auch die Einhaltung der Richtlinien f\u00fcr Verg\u00fctungen und Leistungen.<\/p>\n\n\n\n<p><strong>Kontakt<\/strong><\/p>\n\n\n<div class=\"icon-info-wrapper\">\n    <ul class=\"wp-block-unilux-blocks-icon-info\">\n        <li class=\"wp-block-unilux-blocks-icon-info-item\">\n    \n<div class=\"wp-block-unilux-blocks-wrapper icon-info\">\n<div class=\"icon--primary icon--secondary-2  wp-block-unilux-blocks-icon-picker\">\n    <svg aria-hidden=\"true\" focusable=\"false\" class=\"icon icon-outline icon--email \"><use xlink:href=\"https:\/\/www.uni.lu\/wp-content\/themes\/unilux-theme\/assets\/images\/icons\/icons-outline.svg#icon--email\"><\/use><\/svg><\/div>\n\n\n<p class=\"has-1-125-rem-font-size\"><a href=\"mailto:hr4u@uni.lu\">hr4u@uni.lu<\/a><\/p>\n<\/div>\n<\/li>\n<li class=\"wp-block-unilux-blocks-icon-info-item\">\n    \n<div class=\"wp-block-unilux-blocks-wrapper icon-info\">\n<div class=\"icon--primary icon--secondary-2  wp-block-unilux-blocks-icon-picker\">\n    <svg aria-hidden=\"true\" focusable=\"false\" class=\"icon icon-outline icon--phone \"><use xlink:href=\"https:\/\/www.uni.lu\/wp-content\/themes\/unilux-theme\/assets\/images\/icons\/icons-outline.svg#icon--phone\"><\/use><\/svg><\/div>\n\n\n<p class=\"has-1-125-rem-font-size\">(+352) 46 66 44 9999<\/p>\n<\/div>\n<\/li>\n    <\/ul>\n<\/div>\n\n\n<div class=\"py-48 first:pt-0 last:pb-0 wp-block-unilux-blocks-people-list\">\n    \n<h2 class=\"has-text-align-left wp-block-unilux-blocks-heading\"        id=\"leiterin-der-personalabteilung\"\n    >\nLeiterin der Personalabteilung<\/h2>\n<ul class=\"flex flex-wrap -mx-16 wp-block-unilux-blocks-people-item-wrapper\">\n    <li class=\"w-full md:w-1\/2 p-16 wp-block-unilux-blocks-people-item-automated\"><div class=\"ulux-card card-people bg-theme\"><div class=\"list-people bg-theme\">\n    <div class=\"list-people__container\">\n        <div class=\"list-people__visual\">\n            <figure class=\"wp-block-dev4-reusable-blocks-image\">\n                <!-- Template Image Component: default -->\n<img decoding=\"async\" class=\"w-full\" width=\"\" height=\"\" rel=\"\" alt=\"Claire AUDOLLENT\" src=\"https:\/\/www.uni.lu\/en\/person-image\/NTAwMzQ4NTBfX0NsYWlyZSBBVURPTExFTlQ=\" srcset=\"https:\/\/www.uni.lu\/en\/person-image\/NTAwMzQ4NTBfX0NsYWlyZSBBVURPTExFTlQ=--thumbnail 150w,https:\/\/www.uni.lu\/en\/person-image\/NTAwMzQ4NTBfX0NsYWlyZSBBVURPTExFTlQ=--medium 300w,https:\/\/www.uni.lu\/en\/person-image\/NTAwMzQ4NTBfX0NsYWlyZSBBVURPTExFTlQ=--medium_large 768w,https:\/\/www.uni.lu\/en\/person-image\/NTAwMzQ4NTBfX0NsYWlyZSBBVURPTExFTlQ=--large 1024w,https:\/\/www.uni.lu\/en\/person-image\/NTAwMzQ4NTBfX0NsYWlyZSBBVURPTExFTlQ=--1536x1536 1536w,https:\/\/www.uni.lu\/en\/person-image\/NTAwMzQ4NTBfX0NsYWlyZSBBVURPTExFTlQ=--2048x2048 2048w\" loading=\"lazy\" \/><!-- end Image Component -->\n            <\/figure>\n        <\/div>\n        <div class=\"list-people__body\">\n            <h3 class=\"list-people__title\">Claire AUDOLLENT<\/h3>\n            <p class=\"list-people__description\">Head of HR Department<\/p>\n            <div class=\"wp-block-unilux-blocks-simple-cta wp-block-unilux-blocks-people-item-automated\">\n    <a\n        href=\"https:\/\/www.uni.lu\/en\/people\/claire-audollent\/\"\n        title=\"Claire AUDOLLENT\"\n        class=\"link-text link-text--icon list-people__link link-absolute\"\n        target=\"\"\n    >\n        <span class=\"link-text__body\">\n            <span class=\"link-text__name\">Profil anzeigen<\/span>\n        <\/span>\n        <svg aria-hidden=\"true\" focusable=\"false\" class=\"icon icon-outline icon--arrow-right \"><use xlink:href=\"https:\/\/www.uni.lu\/wp-content\/themes\/unilux-theme\/assets\/images\/icons\/icons-outline.svg#icon--arrow-right\"><\/use><\/svg>    <\/a>\n<\/div>\n        <\/div>\n    <\/div>\n<\/div>\n<\/div><\/li><\/ul>\n\n<\/div>\n\n\n\n\n<ul class=\"wp-block-unilux-blocks-quick-link-highlight quick-link-list\">\n<li class=\"wp-block-unilux-blocks-quick-link-highlight-item\">\n    <a\n                    href=\"https:\/\/www.uni.lu\/de\/ueber-uns\/arbeit\/\"\n                    class=\"quick-link\"\n            target=\"\"\n    >\n            <span class=\"quick-link__container\">\n                <span class=\"quick-link__body\">\n                    <span class=\"quick-link__number\">\n                                            <\/span>\n                    <span class=\"quick-link__title\">\n                        Arbeiten an der Universit\u00e4t                    <\/span>\n                    <span class=\"quick-link__action\">\n                        Werden Sie Teil der Universit\u00e4t Luxemburg \u2013 einer f\u00fchrenden Einrichtung in einem dynamischen, internationalen Umfeld, in dem Innovation und Vielfalt gedeihen.                    <\/span>\n                <\/span>\n                <svg aria-hidden=\"true\" focusable=\"false\" class=\"icon icon-outline icon--arrow-right \"><use xlink:href=\"https:\/\/www.uni.lu\/wp-content\/themes\/unilux-theme\/assets\/images\/icons\/icons-outline.svg#icon--arrow-right\"><\/use><\/svg>            <\/span>\n    <\/a>\n<\/li>\n<\/ul>\n<\/div><\/section>\n","protected":false},"excerpt":{"rendered":"","protected":false},"author":33,"featured_media":0,"parent":1432,"menu_order":0,"comment_status":"closed","ping_status":"closed","template":"","meta":{"featured_image_focal_point":[],"show_featured_caption":false,"ulux_newsletter_groups":"","uluxPostTitle":"","uluxPrePostTitle":"","_trash_the_other_posts":false,"_price":"","_stock":"","_tribe_ticket_header":"","_tribe_default_ticket_provider":"","_tribe_ticket_capacity":"0","_ticket_start_date":"","_ticket_end_date":"","_tribe_ticket_show_description":"","_tribe_ticket_show_not_going":false,"_tribe_ticket_use_global_stock":"","_tribe_ticket_global_stock_level":"","_global_stock_mode":"","_global_stock_cap":"","_tribe_rsvp_for_event":"","_tribe_ticket_going_count":"","_tribe_ticket_not_going_count":"","_tribe_tickets_list":"[]","_tribe_ticket_has_attendee_info_fields":false,"footnotes":""},"field-of-interest":[],"organisation":[],"authorship":[33],"acf":[],"yoast_head":"<!-- This site is optimized with the Yoast SEO Premium plugin v22.3 (Yoast SEO v22.3) - https:\/\/yoast.com\/wordpress\/plugins\/seo\/ -->\n<title>Personalabteilung - Universit\u00e4t Luxemburg<\/title>\n<meta name=\"description\" content=\"Die Personalabteilung bietet strategische Dienstleistungen f\u00fcr die Abteilungen, Fakult\u00e4ten und Zentren der Universit\u00e4t Luxemburg an.\" \/>\n<meta name=\"robots\" content=\"index, follow, max-snippet:-1, max-image-preview:large, max-video-preview:-1\" \/>\n<link rel=\"canonical\" href=\"https:\/\/www.uni.lu\/de\/ueber-uns\/organisation\/verwaltung\/personalabteilung\/\" \/>\n<meta property=\"og:locale\" content=\"de_DE\" \/>\n<meta property=\"og:type\" content=\"article\" \/>\n<meta property=\"og:title\" content=\"Personalabteilung\" \/>\n<meta property=\"og:description\" content=\"Die Personalabteilung bietet strategische Dienstleistungen f\u00fcr die Abteilungen, Fakult\u00e4ten und Zentren der Universit\u00e4t Luxemburg an.\" \/>\n<meta property=\"og:url\" content=\"https:\/\/www.uni.lu\/de\/ueber-uns\/organisation\/verwaltung\/personalabteilung\/\" \/>\n<meta property=\"og:site_name\" content=\"UNI DE\" \/>\n<meta property=\"article:publisher\" content=\"https:\/\/www.facebook.com\/uni.lu\" \/>\n<meta property=\"article:modified_time\" content=\"2026-03-24T16:16:51+00:00\" \/>\n<meta property=\"og:image\" content=\"https:\/\/www.uni.lu\/wp-content\/uploads\/sites\/10\/2026\/03\/03120000\/UNIV_SM-Profile_1600x1600px-scaled.jpg\" \/>\n\t<meta property=\"og:image:width\" content=\"2560\" \/>\n\t<meta property=\"og:image:height\" content=\"2560\" \/>\n\t<meta property=\"og:image:type\" content=\"image\/jpeg\" \/>\n<meta name=\"twitter:card\" content=\"summary_large_image\" \/>\n<meta name=\"twitter:label1\" content=\"Gesch\u00e4tzte Lesezeit\" \/>\n\t<meta name=\"twitter:data1\" content=\"2 Minuten\" \/>\n<script type=\"application\/ld+json\" class=\"yoast-schema-graph\">{\"@context\":\"https:\/\/schema.org\",\"@graph\":[{\"@type\":\"WebPage\",\"@id\":\"https:\/\/www.uni.lu\/de\/ueber-uns\/organisation\/verwaltung\/personalabteilung\/\",\"url\":\"https:\/\/www.uni.lu\/de\/ueber-uns\/organisation\/verwaltung\/personalabteilung\/\",\"name\":\"Personalabteilung - Universit\u00e4t Luxemburg\",\"isPartOf\":{\"@id\":\"https:\/\/www.uni.lu\/de\/#website\"},\"datePublished\":\"2024-02-01T12:59:32+00:00\",\"dateModified\":\"2026-03-24T16:16:51+00:00\",\"description\":\"Die Personalabteilung bietet strategische Dienstleistungen f\u00fcr die Abteilungen, Fakult\u00e4ten und Zentren der Universit\u00e4t Luxemburg an.\",\"breadcrumb\":{\"@id\":\"https:\/\/www.uni.lu\/de\/ueber-uns\/organisation\/verwaltung\/personalabteilung\/#breadcrumb\"},\"inLanguage\":\"de-DE\",\"potentialAction\":[{\"@type\":\"ReadAction\",\"target\":[\"https:\/\/www.uni.lu\/de\/ueber-uns\/organisation\/verwaltung\/personalabteilung\/\"]}]},{\"@type\":\"BreadcrumbList\",\"@id\":\"https:\/\/www.uni.lu\/de\/ueber-uns\/organisation\/verwaltung\/personalabteilung\/#breadcrumb\",\"itemListElement\":[{\"@type\":\"ListItem\",\"position\":1,\"name\":\"Home\",\"item\":\"https:\/\/www.uni.lu\/de\/\"},{\"@type\":\"ListItem\",\"position\":2,\"name\":\"\u00dcber uns\",\"item\":\"https:\/\/www.uni.lu\/de\/ueber-uns\/\"},{\"@type\":\"ListItem\",\"position\":3,\"name\":\"Organisation\",\"item\":\"https:\/\/www.uni.lu\/de\/ueber-uns\/organisation\/\"},{\"@type\":\"ListItem\",\"position\":4,\"name\":\"Verwaltung\",\"item\":\"https:\/\/www.uni.lu\/de\/ueber-uns\/organisation\/verwaltung\/\"},{\"@type\":\"ListItem\",\"position\":5,\"name\":\"Personalabteilung\"}]},{\"@type\":\"WebSite\",\"@id\":\"https:\/\/www.uni.lu\/de\/#website\",\"url\":\"https:\/\/www.uni.lu\/de\/\",\"name\":\"Uni.lu\",\"description\":\"Universit\u00e4t Luxemburg\",\"publisher\":{\"@id\":\"https:\/\/www.uni.lu\/de\/#organization\"},\"alternateName\":\"Universit\u00e4t Luxemburg\",\"potentialAction\":[{\"@type\":\"SearchAction\",\"target\":{\"@type\":\"EntryPoint\",\"urlTemplate\":\"https:\/\/www.uni.lu\/de\/?s={search_term_string}\"},\"query-input\":\"required name=search_term_string\"}],\"inLanguage\":\"de-DE\"},{\"@type\":\"Organization\",\"@id\":\"https:\/\/www.uni.lu\/de\/#organization\",\"name\":\"Universit\u00e4t Luxemburg\",\"alternateName\":\"Uni.lu\",\"url\":\"https:\/\/www.uni.lu\/de\/\",\"logo\":{\"@type\":\"ImageObject\",\"inLanguage\":\"de-DE\",\"@id\":\"https:\/\/www.uni.lu\/de\/#\/schema\/logo\/image\/\",\"url\":\"https:\/\/www.uni.lu\/wp-content\/uploads\/sites\/10\/2026\/03\/03120000\/UNIV_SM-Profile_1600x1600px-scaled.jpg\",\"contentUrl\":\"https:\/\/www.uni.lu\/wp-content\/uploads\/sites\/10\/2026\/03\/03120000\/UNIV_SM-Profile_1600x1600px-scaled.jpg\",\"width\":2560,\"height\":2560,\"caption\":\"Universit\u00e4t Luxemburg\"},\"image\":{\"@id\":\"https:\/\/www.uni.lu\/de\/#\/schema\/logo\/image\/\"},\"sameAs\":[\"https:\/\/www.facebook.com\/uni.lu\",\"https:\/\/www.linkedin.com\/school\/university-of-luxembourg\/\",\"https:\/\/www.instagram.com\/uni.lu\",\"https:\/\/www.youtube.com\/@uni_lu\",\"https:\/\/en.wikipedia.org\/wiki\/University_of_Luxembourg\"]}]}<\/script>\n<!-- \/ Yoast SEO Premium plugin. -->","yoast_head_json":{"title":"Personalabteilung - Universit\u00e4t Luxemburg","description":"Die Personalabteilung bietet strategische Dienstleistungen f\u00fcr die Abteilungen, Fakult\u00e4ten und Zentren der Universit\u00e4t Luxemburg an.","robots":{"index":"index","follow":"follow","max-snippet":"max-snippet:-1","max-image-preview":"max-image-preview:large","max-video-preview":"max-video-preview:-1"},"canonical":"https:\/\/www.uni.lu\/de\/ueber-uns\/organisation\/verwaltung\/personalabteilung\/","og_locale":"de_DE","og_type":"article","og_title":"Personalabteilung","og_description":"Die Personalabteilung bietet strategische Dienstleistungen f\u00fcr die Abteilungen, Fakult\u00e4ten und Zentren der Universit\u00e4t Luxemburg an.","og_url":"https:\/\/www.uni.lu\/de\/ueber-uns\/organisation\/verwaltung\/personalabteilung\/","og_site_name":"UNI DE","article_publisher":"https:\/\/www.facebook.com\/uni.lu","article_modified_time":"2026-03-24T16:16:51+00:00","og_image":[{"width":2560,"height":2560,"url":"https:\/\/www.uni.lu\/wp-content\/uploads\/sites\/10\/2026\/03\/03120000\/UNIV_SM-Profile_1600x1600px-scaled.jpg","type":"image\/jpeg"}],"twitter_card":"summary_large_image","twitter_misc":{"Gesch\u00e4tzte Lesezeit":"2 Minuten"},"schema":{"@context":"https:\/\/schema.org","@graph":[{"@type":"WebPage","@id":"https:\/\/www.uni.lu\/de\/ueber-uns\/organisation\/verwaltung\/personalabteilung\/","url":"https:\/\/www.uni.lu\/de\/ueber-uns\/organisation\/verwaltung\/personalabteilung\/","name":"Personalabteilung - Universit\u00e4t Luxemburg","isPartOf":{"@id":"https:\/\/www.uni.lu\/de\/#website"},"datePublished":"2024-02-01T12:59:32+00:00","dateModified":"2026-03-24T16:16:51+00:00","description":"Die Personalabteilung bietet strategische Dienstleistungen f\u00fcr die Abteilungen, Fakult\u00e4ten und Zentren der Universit\u00e4t Luxemburg an.","breadcrumb":{"@id":"https:\/\/www.uni.lu\/de\/ueber-uns\/organisation\/verwaltung\/personalabteilung\/#breadcrumb"},"inLanguage":"de-DE","potentialAction":[{"@type":"ReadAction","target":["https:\/\/www.uni.lu\/de\/ueber-uns\/organisation\/verwaltung\/personalabteilung\/"]}]},{"@type":"BreadcrumbList","@id":"https:\/\/www.uni.lu\/de\/ueber-uns\/organisation\/verwaltung\/personalabteilung\/#breadcrumb","itemListElement":[{"@type":"ListItem","position":1,"name":"Home","item":"https:\/\/www.uni.lu\/de\/"},{"@type":"ListItem","position":2,"name":"\u00dcber uns","item":"https:\/\/www.uni.lu\/de\/ueber-uns\/"},{"@type":"ListItem","position":3,"name":"Organisation","item":"https:\/\/www.uni.lu\/de\/ueber-uns\/organisation\/"},{"@type":"ListItem","position":4,"name":"Verwaltung","item":"https:\/\/www.uni.lu\/de\/ueber-uns\/organisation\/verwaltung\/"},{"@type":"ListItem","position":5,"name":"Personalabteilung"}]},{"@type":"WebSite","@id":"https:\/\/www.uni.lu\/de\/#website","url":"https:\/\/www.uni.lu\/de\/","name":"Uni.lu","description":"Universit\u00e4t Luxemburg","publisher":{"@id":"https:\/\/www.uni.lu\/de\/#organization"},"alternateName":"Universit\u00e4t Luxemburg","potentialAction":[{"@type":"SearchAction","target":{"@type":"EntryPoint","urlTemplate":"https:\/\/www.uni.lu\/de\/?s={search_term_string}"},"query-input":"required name=search_term_string"}],"inLanguage":"de-DE"},{"@type":"Organization","@id":"https:\/\/www.uni.lu\/de\/#organization","name":"Universit\u00e4t Luxemburg","alternateName":"Uni.lu","url":"https:\/\/www.uni.lu\/de\/","logo":{"@type":"ImageObject","inLanguage":"de-DE","@id":"https:\/\/www.uni.lu\/de\/#\/schema\/logo\/image\/","url":"https:\/\/www.uni.lu\/wp-content\/uploads\/sites\/10\/2026\/03\/03120000\/UNIV_SM-Profile_1600x1600px-scaled.jpg","contentUrl":"https:\/\/www.uni.lu\/wp-content\/uploads\/sites\/10\/2026\/03\/03120000\/UNIV_SM-Profile_1600x1600px-scaled.jpg","width":2560,"height":2560,"caption":"Universit\u00e4t Luxemburg"},"image":{"@id":"https:\/\/www.uni.lu\/de\/#\/schema\/logo\/image\/"},"sameAs":["https:\/\/www.facebook.com\/uni.lu","https:\/\/www.linkedin.com\/school\/university-of-luxembourg\/","https:\/\/www.instagram.com\/uni.lu","https:\/\/www.youtube.com\/@uni_lu","https:\/\/en.wikipedia.org\/wiki\/University_of_Luxembourg"]}]}},"ticketed":false,"_links":{"self":[{"href":"https:\/\/www.uni.lu\/de\/wp-json\/wp\/v2\/pages\/3145"}],"collection":[{"href":"https:\/\/www.uni.lu\/de\/wp-json\/wp\/v2\/pages"}],"about":[{"href":"https:\/\/www.uni.lu\/de\/wp-json\/wp\/v2\/types\/page"}],"author":[{"embeddable":true,"href":"https:\/\/www.uni.lu\/de\/wp-json\/wp\/v2\/users\/33"}],"replies":[{"embeddable":true,"href":"https:\/\/www.uni.lu\/de\/wp-json\/wp\/v2\/comments?post=3145"}],"version-history":[{"count":5,"href":"https:\/\/www.uni.lu\/de\/wp-json\/wp\/v2\/pages\/3145\/revisions"}],"predecessor-version":[{"id":9108,"href":"https:\/\/www.uni.lu\/de\/wp-json\/wp\/v2\/pages\/3145\/revisions\/9108"}],"up":[{"embeddable":true,"href":"https:\/\/www.uni.lu\/de\/wp-json\/wp\/v2\/pages\/1432"}],"wp:authorship":[{"embeddable":true,"href":"https:\/\/www.uni.lu\/de\/wp-json\/wp\/v2\/users\/33"}],"wp:attachment":[{"href":"https:\/\/www.uni.lu\/de\/wp-json\/wp\/v2\/media?parent=3145"}],"wp:term":[{"taxonomy":"field-of-interest","embeddable":true,"href":"https:\/\/www.uni.lu\/de\/wp-json\/wp\/v2\/field-of-interest?post=3145"},{"taxonomy":"organisation","embeddable":true,"href":"https:\/\/www.uni.lu\/de\/wp-json\/wp\/v2\/organisation?post=3145"}],"curies":[{"name":"wp","href":"https:\/\/api.w.org\/{rel}","templated":true}]}}