{"id":3141,"date":"2024-02-01T13:54:38","date_gmt":"2024-02-01T12:54:38","guid":{"rendered":"https:\/\/www.uni.lu\/de\/?page_id=3141"},"modified":"2024-11-19T12:29:03","modified_gmt":"2024-11-19T11:29:03","slug":"ihre-rechte","status":"publish","type":"page","link":"https:\/\/www.uni.lu\/de\/ueber-uns\/organisation\/verwaltung\/datenschutz\/ihre-rechte\/","title":{"rendered":"Ihre Rechte"},"content":{"rendered":"\n<section class=\"wp-block-unilux-blocks-free-section section\"><div class=\"container xl:max-w-screen-xl\">\n<h2 class=\"has-text-align-left wp-block-unilux-blocks-heading\"        id=\"ihre-rechte\"\n    >\nIhre Rechte<\/h2>\n\n\n\n<h3 class=\"has-text-align-left wp-block-unilux-blocks-heading\"        id=\"ihre-rechte-wenn-wir-ihre-personenbezogenen-daten-verarbeiten\"\n    >\nIhre Rechte, wenn wir Ihre personenbezogenen Daten verarbeiten<\/h3>\n\n\n\n<p>Wenn Ihre personenbezogenen Daten von der Universit\u00e4t Luxemburg verarbeitet werden, bedeutet dies, dass Sie eine betroffene Person sind und verschiedene Rechte gem\u00e4\u00df der Datenschutz-Grundverordnung (DSGVO) haben. Weitere Informationen finden Sie in der <a href=\"https:\/\/www.uni.lu\/de\/ueber-uns\/organisation\/verwaltung\/datenschutz\/datenschutzrichtlinie\/\">Datenschutzrichtlinie<\/a> auf der Website der Universit\u00e4t und auf der Website der <a href=\"https:\/\/cnpd.public.lu\/de.html\" target=\"_blank\" rel=\"noreferrer noopener\">Commission nationale pour la protection des donn\u00e9es<\/a> (Nationale Kommission f\u00fcr den Datenschutz, im Folgenden \u201eCNPD\u201c).<\/p>\n\n\n\n<ul class=\"wp-block-unilux-blocks-highlighted-list list-highlighted list-highlighted--architectural\"><li class=\"list-highlighted__item  wp-block-unilux-blocks-highlighted-list-item\">\n    <header class=\"list-highlighted__header wp-block-unilux-blocks-highlighted-list-item-header\">\n    \n<h4 class=\"title text-18 font-bold has-text-align-left wp-block-unilux-blocks-heading\"        id=\"recht-auf-zugang\"\n    >\nRecht auf Zugang<\/h4>\n<div class=\"wp-block-unilux-blocks-bigtext\">\n    <span>\n        \n    <\/span>\n<\/div><\/header><div class=\"list-highlighted__body wp-block-unilux-blocks-highlighted-list-item-body\">\n    <div class=\"wp-block-unilux-blocks-highlighted-list-item-free-content-area\">\n    \n<p>Sie haben das Recht, von uns eine Best\u00e4tigung dar\u00fcber zu erhalten, ob Sie betreffende personenbezogene Daten verarbeitet werden oder nicht. In diesem Fall k\u00f6nnen Sie Zugang zu den personenbezogenen Daten und den in Artikel 15 der DSGVO genannten Informationen erhalten.<\/p>\n<\/div><\/div><\/li>\n\n<li class=\"list-highlighted__item  wp-block-unilux-blocks-highlighted-list-item\">\n    <header class=\"list-highlighted__header wp-block-unilux-blocks-highlighted-list-item-header\">\n    \n<h4 class=\"title text-18 font-bold has-text-align-left wp-block-unilux-blocks-heading\"        id=\"recht-auf-berichtigung\"\n    >\nRecht auf Berichtigung<\/h4>\n<div class=\"wp-block-unilux-blocks-bigtext\">\n    <span>\n        \n    <\/span>\n<\/div><\/header><div class=\"list-highlighted__body wp-block-unilux-blocks-highlighted-list-item-body\">\n    <div class=\"wp-block-unilux-blocks-highlighted-list-item-free-content-area\">\n    \n<p>Sollten die Sie betreffenden personenbezogenen Daten unrichtig oder unvollst\u00e4ndig sein, haben Sie das Recht, von uns unverz\u00fcglich eine Berichtigung oder Vervollst\u00e4ndigung zu verlangen.<\/p>\n<\/div><\/div><\/li>\n\n<li class=\"list-highlighted__item  wp-block-unilux-blocks-highlighted-list-item\">\n    <header class=\"list-highlighted__header wp-block-unilux-blocks-highlighted-list-item-header\">\n    \n<h4 class=\"title text-18 font-bold has-text-align-left wp-block-unilux-blocks-heading\"        id=\"recht-auf-loeschung-recht-auf-vergessenwerden\"\n    >\nRecht auf L\u00f6schung (\u201eRecht auf Vergessenwerden\u201c)<\/h4>\n<div class=\"wp-block-unilux-blocks-bigtext\">\n    <span>\n        \n    <\/span>\n<\/div><\/header><div class=\"list-highlighted__body wp-block-unilux-blocks-highlighted-list-item-body\">\n    <div class=\"wp-block-unilux-blocks-highlighted-list-item-free-content-area\">\n    \n<p>Sie haben das Recht, von uns die unverz\u00fcgliche L\u00f6schung der Sie betreffenden personenbezogenen Daten zu verlangen, wenn einer der oben genannten Gr\u00fcnde zutrifft und die Verarbeitung nicht erforderlich ist gem\u00e4\u00df Art. 17(3), DSGVO.<\/p>\n<\/div><\/div><\/li>\n\n<li class=\"list-highlighted__item  wp-block-unilux-blocks-highlighted-list-item\">\n    <header class=\"list-highlighted__header wp-block-unilux-blocks-highlighted-list-item-header\">\n    \n<h4 class=\"title text-18 font-bold has-text-align-left wp-block-unilux-blocks-heading\"        id=\"recht-auf-einschraenkung-der-verarbeitung\"\n    >\nRecht auf Einschr\u00e4nkung der Verarbeitung<\/h4>\n<div class=\"wp-block-unilux-blocks-bigtext\">\n    <span>\n        \n    <\/span>\n<\/div><\/header><div class=\"list-highlighted__body wp-block-unilux-blocks-highlighted-list-item-body\">\n    <div class=\"wp-block-unilux-blocks-highlighted-list-item-free-content-area\">\n    \n<p>Unter bestimmten Umst\u00e4nden haben Sie das Recht, von uns die Einschr\u00e4nkung der Verarbeitung zu verlangen.<\/p>\n<\/div><\/div><\/li>\n\n<li class=\"list-highlighted__item  wp-block-unilux-blocks-highlighted-list-item\">\n    <header class=\"list-highlighted__header wp-block-unilux-blocks-highlighted-list-item-header\">\n    \n<h4 class=\"title text-18 font-bold has-text-align-left wp-block-unilux-blocks-heading\"        id=\"recht-auf-datenuebertragbarkeit\"\n    >\nRecht auf Daten\u00fcbertragbarkeit<\/h4>\n<div class=\"wp-block-unilux-blocks-bigtext\">\n    <span>\n        \n    <\/span>\n<\/div><\/header><div class=\"list-highlighted__body wp-block-unilux-blocks-highlighted-list-item-body\">\n    <div class=\"wp-block-unilux-blocks-highlighted-list-item-free-content-area\">\n    \n<p>Unter den in der DSGVO festgelegten Bedingungen haben Sie das Recht, die Sie betreffenden personenbezogenen Daten, die Sie uns zur Verf\u00fcgung gestellt haben, in einem strukturierten, g\u00e4ngigen und maschinenlesbaren Format zu erhalten, und Sie haben das Recht, diese Daten ohne Behinderung durch uns an einen anderen Verantwortlichen zu \u00fcbermitteln.<\/p>\n<\/div><\/div><\/li>\n\n<li class=\"list-highlighted__item  wp-block-unilux-blocks-highlighted-list-item\">\n    <header class=\"list-highlighted__header wp-block-unilux-blocks-highlighted-list-item-header\">\n    \n<h4 class=\"title text-18 font-bold has-text-align-left wp-block-unilux-blocks-heading\"        id=\"recht-auf-widerspruch\"\n    >\nRecht auf Widerspruch<\/h4>\n<div class=\"wp-block-unilux-blocks-bigtext\">\n    <span>\n        \n    <\/span>\n<\/div><\/header><div class=\"list-highlighted__body wp-block-unilux-blocks-highlighted-list-item-body\">\n    <div class=\"wp-block-unilux-blocks-highlighted-list-item-free-content-area\">\n    \n<p>Sie haben das Recht, aus Gr\u00fcnden, die sich aus Ihrer besonderen Situation ergeben, jederzeit gegen die Verarbeitung Sie betreffender personenbezogener Daten Einspruch zu erheben, auf der Grundlage von Buchstabe e oder f des Art. 6(1). Wir werden die personenbezogenen Daten nicht mehr verarbeiten, es sei denn, wir k\u00f6nnen zwingende legitime Gr\u00fcnde f\u00fcr die Verarbeitung nachweisen, die Ihre Interessen, Rechte und Freiheiten \u00fcberwiegen, oder sie dienen der Geltendmachung, Aus\u00fcbung oder Verteidigung von Rechtsanspr\u00fcchen.<\/p>\n<\/div><\/div><\/li>\n\n<li class=\"list-highlighted__item  wp-block-unilux-blocks-highlighted-list-item\">\n    <header class=\"list-highlighted__header wp-block-unilux-blocks-highlighted-list-item-header\">\n    \n<h4 class=\"title text-18 font-bold has-text-align-left wp-block-unilux-blocks-heading\"        id=\"recht-auf-einreichung-einer-beschwerde-bei-einer-aufsichtsbehoerde\"\n    >\nRecht auf Einreichung einer Beschwerde bei einer Aufsichtsbeh\u00f6rde<\/h4>\n<div class=\"wp-block-unilux-blocks-bigtext\">\n    <span>\n        \n    <\/span>\n<\/div><\/header><div class=\"list-highlighted__body wp-block-unilux-blocks-highlighted-list-item-body\">\n    <div class=\"wp-block-unilux-blocks-highlighted-list-item-free-content-area\">\n    \n<p>Wenn Sie der Ansicht sind, dass die Verarbeitung der Sie betreffenden personenbezogenen Daten gegen die DSGVO verst\u00f6\u00dft, haben Sie &#8211; unbeschadet eines anderweitigen verwaltungsrechtlichen oder gerichtlichen Rechtsbehelfs &#8211; das Recht auf Beschwerde bei einer Aufsichtsbeh\u00f6rde, insbesondere in dem Mitgliedstaat Ihres gew\u00f6hnlichen Aufenthalts, Ihres Arbeitsplatzes oder des Orts des mutma\u00dflichen Versto\u00dfes.<\/p>\n<\/div><\/div><\/li><\/ul>\n\n\n<div class=\"wp-block-unilux-blocks-spacer is-spacer-size-md\"><\/div>\n\n\n<h4 class=\"has-text-align-left wp-block-unilux-blocks-heading\"        id=\"wie-sie-ihre-datenschutzrechte-an-der-universitaet-luxemburg-ausueben-koennen\"\n    >\n<strong>Wie Sie Ihre Datenschutzrechte an der Universit\u00e4t Luxemburg aus\u00fcben k\u00f6nnen<\/strong><\/h4>\n\n\n\n<ul class=\"ulux-list\">\n<li class=\"ulux-list-item\">Wenn die Universit\u00e4t Luxemburg Ihre personenbezogenen Daten verarbeitet und Sie Ihre Datenschutzrechte wahrnehmen m\u00f6chten, senden Sie uns bitte eine schriftliche Anfrage;<\/li>\n\n\n\n<li class=\"ulux-list-item\">M\u00fcndliche Anfragen (telefonisch oder pers\u00f6nlich) k\u00f6nnen wir grunds\u00e4tzlich nicht annehmen, da wir Ihre Anfrage m\u00f6glicherweise nicht sofort bearbeiten k\u00f6nnen, ohne sie vorher zu analysieren und Sie zuverl\u00e4ssig zu identifizieren;<\/li>\n\n\n\n<li class=\"ulux-list-item\">Sie k\u00f6nnen Ihre Anfrage per Post in einem verschlossenen Umschlag an den Datenschutzbeauftragten der Universit\u00e4t senden oder unser\u00a0<a href=\"https:\/\/ulsurvey.uni.lu\/index.php\/764494?lang=en\" target=\"_blank\" rel=\"noreferrer noopener\">Kontaktformular<\/a> verwenden;<\/li>\n\n\n\n<li class=\"ulux-list-item\">Wenn Sie ein Student sind, steht Ihnen ein Ticket auf ServiceNow zur Verf\u00fcgung.\u00a0Wir empfehlen Ihnen, diesen bequemeren und nachvollziehbaren Kanal zu bevorzugen: <a href=\"https:\/\/service.uni.lu\/ssp?id=sc_cat_item&amp;sys_id=40ccd43e8790a510c874ecee8bbb3582&amp;sysparm_category=1de6571d8723c910c874ecee8bbb350b\">ein Ticket er\u00f6ffnen<\/a><\/li>\n\n\n\n<li class=\"ulux-list-item\">Wenn Sie ein Angestellter sind, steht Ihnen ein Ticket auf ServiceNow zur Verf\u00fcgung.\u00a0Wir empfehlen Ihnen, diesen bequemeren und nachvollziehbaren Kanal zu bevorzugen:<a href=\"https:\/\/service.uni.lu\/sp?id=sc_cat_item&amp;sys_id=40ccd43e8790a510c874ecee8bbb3582&amp;sysparm_category=1de6571d8723c910c874ecee8bbb350b\"> ein Ticket er\u00f6ffnen<\/a><\/li>\n\n\n\n<li class=\"ulux-list-item\">Ihr Antrag sollte eine detaillierte und genaue Beschreibung des Rechts, das Sie aus\u00fcben m\u00f6chten, und der betroffenen personenbezogenen Daten enthalten;<\/li>\n\n\n\n<li class=\"ulux-list-item\">Gegebenenfalls bitten wir Sie, eine Kopie eines Ausweises vorzulegen, um Ihre Identit\u00e4t zu best\u00e4tigen, z. B. einen Personalausweis oder Reisepass. Das Dokument sollte eine Identifikationsnummer, das Ausstellungsland, die G\u00fcltigkeitsdauer sowie Ihren Namen, Ihre Adresse und Ihr Geburtsdatum enthalten;<\/li>\n\n\n\n<li class=\"ulux-list-item\">Wir empfehlen, alle anderen Daten auf der Kopie des Ausweises, wie z. B. ein Foto oder pers\u00f6nliche Merkmale, zu;<\/li>\n\n\n\n<li class=\"ulux-list-item\">Wir verwenden die Informationen auf Ihrem Ausweisdokument nur in beschr\u00e4nktem Umfang: Die Daten werden nur zur \u00dcberpr\u00fcfung Ihrer Identit\u00e4t verwendet und nicht l\u00e4nger als f\u00fcr diesen Zweck erforderlich gespeichert;<\/li>\n\n\n\n<li class=\"ulux-list-item\">Wir akzeptieren grunds\u00e4tzlich keine anderen Mittel zur \u00dcberpr\u00fcfung Ihrer Identit\u00e4t. Falls Sie Alternativen vorschlagen m\u00f6chten, werden wir deren Angemessenheit von Fall zu Fall pr\u00fcfen.<\/li>\n<\/ul>\n\n\n<div class=\"wp-block-unilux-blocks-spacer is-spacer-size-md\"><\/div><\/div><\/section>\n","protected":false},"excerpt":{"rendered":"","protected":false},"author":33,"featured_media":0,"parent":1449,"menu_order":0,"comment_status":"closed","ping_status":"closed","template":"","meta":{"featured_image_focal_point":[],"show_featured_caption":false,"ulux_newsletter_groups":"","uluxPostTitle":"B\u00fcro f\u00fcr Datenschutz","uluxPrePostTitle":"","_trash_the_other_posts":false,"_price":"","_stock":"","_tribe_ticket_header":"","_tribe_default_ticket_provider":"","_tribe_ticket_capacity":"0","_ticket_start_date":"","_ticket_end_date":"","_tribe_ticket_show_description":"","_tribe_ticket_show_not_going":false,"_tribe_ticket_use_global_stock":"","_tribe_ticket_global_stock_level":"","_global_stock_mode":"","_global_stock_cap":"","_tribe_rsvp_for_event":"","_tribe_ticket_going_count":"","_tribe_ticket_not_going_count":"","_tribe_tickets_list":"[]","_tribe_ticket_has_attendee_info_fields":false,"footnotes":""},"field-of-interest":[],"organisation":[],"authorship":[33],"acf":[],"yoast_head":"<!-- This site is optimized with the Yoast SEO Premium plugin v22.3 (Yoast SEO v22.3) - https:\/\/yoast.com\/wordpress\/plugins\/seo\/ -->\n<title>Ihre Rechte - Universit\u00e4t Luxemburg<\/title>\n<meta name=\"description\" content=\"Ihre Rechte, wenn wir Ihre personenbezogenen Daten verarbeiten, Sie verschiedene Rechte gem\u00e4\u00df der Datenschutz-Grundverordnung (DSGVO) haben.\" \/>\n<meta name=\"robots\" content=\"index, follow, max-snippet:-1, max-image-preview:large, max-video-preview:-1\" \/>\n<link rel=\"canonical\" href=\"https:\/\/www.uni.lu\/de\/ueber-uns\/organisation\/verwaltung\/datenschutz\/ihre-rechte\/\" \/>\n<meta property=\"og:locale\" content=\"de_DE\" \/>\n<meta property=\"og:type\" content=\"article\" \/>\n<meta property=\"og:title\" content=\"Ihre Rechte\" \/>\n<meta property=\"og:description\" content=\"Ihre Rechte, wenn wir Ihre personenbezogenen Daten verarbeiten, Sie verschiedene Rechte gem\u00e4\u00df der Datenschutz-Grundverordnung (DSGVO) haben.\" \/>\n<meta property=\"og:url\" content=\"https:\/\/www.uni.lu\/de\/ueber-uns\/organisation\/verwaltung\/datenschutz\/ihre-rechte\/\" \/>\n<meta property=\"og:site_name\" content=\"UNI DE\" \/>\n<meta property=\"article:publisher\" content=\"https:\/\/www.facebook.com\/uni.lu\" \/>\n<meta property=\"article:modified_time\" content=\"2024-11-19T11:29:03+00:00\" \/>\n<meta property=\"og:image\" content=\"https:\/\/www.uni.lu\/wp-content\/uploads\/sites\/10\/2026\/03\/03120000\/UNIV_SM-Profile_1600x1600px-scaled.jpg\" \/>\n\t<meta property=\"og:image:width\" content=\"2560\" \/>\n\t<meta property=\"og:image:height\" content=\"2560\" \/>\n\t<meta property=\"og:image:type\" content=\"image\/jpeg\" \/>\n<meta name=\"twitter:card\" content=\"summary_large_image\" \/>\n<meta name=\"twitter:label1\" content=\"Gesch\u00e4tzte Lesezeit\" \/>\n\t<meta name=\"twitter:data1\" content=\"4 Minuten\" \/>\n<script type=\"application\/ld+json\" class=\"yoast-schema-graph\">{\"@context\":\"https:\/\/schema.org\",\"@graph\":[{\"@type\":\"WebPage\",\"@id\":\"https:\/\/www.uni.lu\/de\/ueber-uns\/organisation\/verwaltung\/datenschutz\/ihre-rechte\/\",\"url\":\"https:\/\/www.uni.lu\/de\/ueber-uns\/organisation\/verwaltung\/datenschutz\/ihre-rechte\/\",\"name\":\"Ihre Rechte - Universit\u00e4t Luxemburg\",\"isPartOf\":{\"@id\":\"https:\/\/www.uni.lu\/de\/#website\"},\"datePublished\":\"2024-02-01T12:54:38+00:00\",\"dateModified\":\"2024-11-19T11:29:03+00:00\",\"description\":\"Ihre Rechte, wenn wir Ihre personenbezogenen Daten verarbeiten, Sie verschiedene Rechte gem\u00e4\u00df der Datenschutz-Grundverordnung (DSGVO) haben.\",\"breadcrumb\":{\"@id\":\"https:\/\/www.uni.lu\/de\/ueber-uns\/organisation\/verwaltung\/datenschutz\/ihre-rechte\/#breadcrumb\"},\"inLanguage\":\"de-DE\",\"potentialAction\":[{\"@type\":\"ReadAction\",\"target\":[\"https:\/\/www.uni.lu\/de\/ueber-uns\/organisation\/verwaltung\/datenschutz\/ihre-rechte\/\"]}]},{\"@type\":\"BreadcrumbList\",\"@id\":\"https:\/\/www.uni.lu\/de\/ueber-uns\/organisation\/verwaltung\/datenschutz\/ihre-rechte\/#breadcrumb\",\"itemListElement\":[{\"@type\":\"ListItem\",\"position\":1,\"name\":\"Home\",\"item\":\"https:\/\/www.uni.lu\/de\/\"},{\"@type\":\"ListItem\",\"position\":2,\"name\":\"\u00dcber uns\",\"item\":\"https:\/\/www.uni.lu\/de\/ueber-uns\/\"},{\"@type\":\"ListItem\",\"position\":3,\"name\":\"Organisation\",\"item\":\"https:\/\/www.uni.lu\/de\/ueber-uns\/organisation\/\"},{\"@type\":\"ListItem\",\"position\":4,\"name\":\"Verwaltung\",\"item\":\"https:\/\/www.uni.lu\/de\/ueber-uns\/organisation\/verwaltung\/\"},{\"@type\":\"ListItem\",\"position\":5,\"name\":\"B\u00fcro f\u00fcr Datenschutz\",\"item\":\"https:\/\/www.uni.lu\/de\/ueber-uns\/organisation\/verwaltung\/datenschutz\/\"},{\"@type\":\"ListItem\",\"position\":6,\"name\":\"Ihre Rechte\"}]},{\"@type\":\"WebSite\",\"@id\":\"https:\/\/www.uni.lu\/de\/#website\",\"url\":\"https:\/\/www.uni.lu\/de\/\",\"name\":\"Uni.lu\",\"description\":\"Universit\u00e4t Luxemburg\",\"publisher\":{\"@id\":\"https:\/\/www.uni.lu\/de\/#organization\"},\"alternateName\":\"Universit\u00e4t Luxemburg\",\"potentialAction\":[{\"@type\":\"SearchAction\",\"target\":{\"@type\":\"EntryPoint\",\"urlTemplate\":\"https:\/\/www.uni.lu\/de\/?s={search_term_string}\"},\"query-input\":\"required name=search_term_string\"}],\"inLanguage\":\"de-DE\"},{\"@type\":\"Organization\",\"@id\":\"https:\/\/www.uni.lu\/de\/#organization\",\"name\":\"Universit\u00e4t Luxemburg\",\"alternateName\":\"Uni.lu\",\"url\":\"https:\/\/www.uni.lu\/de\/\",\"logo\":{\"@type\":\"ImageObject\",\"inLanguage\":\"de-DE\",\"@id\":\"https:\/\/www.uni.lu\/de\/#\/schema\/logo\/image\/\",\"url\":\"https:\/\/www.uni.lu\/wp-content\/uploads\/sites\/10\/2026\/03\/03120000\/UNIV_SM-Profile_1600x1600px-scaled.jpg\",\"contentUrl\":\"https:\/\/www.uni.lu\/wp-content\/uploads\/sites\/10\/2026\/03\/03120000\/UNIV_SM-Profile_1600x1600px-scaled.jpg\",\"width\":2560,\"height\":2560,\"caption\":\"Universit\u00e4t Luxemburg\"},\"image\":{\"@id\":\"https:\/\/www.uni.lu\/de\/#\/schema\/logo\/image\/\"},\"sameAs\":[\"https:\/\/www.facebook.com\/uni.lu\",\"https:\/\/www.linkedin.com\/school\/university-of-luxembourg\/\",\"https:\/\/www.instagram.com\/uni.lu\",\"https:\/\/www.youtube.com\/@uni_lu\",\"https:\/\/en.wikipedia.org\/wiki\/University_of_Luxembourg\"]}]}<\/script>\n<!-- \/ Yoast SEO Premium plugin. -->","yoast_head_json":{"title":"Ihre Rechte - Universit\u00e4t Luxemburg","description":"Ihre Rechte, wenn wir Ihre personenbezogenen Daten verarbeiten, Sie verschiedene Rechte gem\u00e4\u00df der Datenschutz-Grundverordnung (DSGVO) haben.","robots":{"index":"index","follow":"follow","max-snippet":"max-snippet:-1","max-image-preview":"max-image-preview:large","max-video-preview":"max-video-preview:-1"},"canonical":"https:\/\/www.uni.lu\/de\/ueber-uns\/organisation\/verwaltung\/datenschutz\/ihre-rechte\/","og_locale":"de_DE","og_type":"article","og_title":"Ihre Rechte","og_description":"Ihre Rechte, wenn wir Ihre personenbezogenen Daten verarbeiten, Sie verschiedene Rechte gem\u00e4\u00df der Datenschutz-Grundverordnung (DSGVO) haben.","og_url":"https:\/\/www.uni.lu\/de\/ueber-uns\/organisation\/verwaltung\/datenschutz\/ihre-rechte\/","og_site_name":"UNI DE","article_publisher":"https:\/\/www.facebook.com\/uni.lu","article_modified_time":"2024-11-19T11:29:03+00:00","og_image":[{"width":2560,"height":2560,"url":"https:\/\/www.uni.lu\/wp-content\/uploads\/sites\/10\/2026\/03\/03120000\/UNIV_SM-Profile_1600x1600px-scaled.jpg","type":"image\/jpeg"}],"twitter_card":"summary_large_image","twitter_misc":{"Gesch\u00e4tzte Lesezeit":"4 Minuten"},"schema":{"@context":"https:\/\/schema.org","@graph":[{"@type":"WebPage","@id":"https:\/\/www.uni.lu\/de\/ueber-uns\/organisation\/verwaltung\/datenschutz\/ihre-rechte\/","url":"https:\/\/www.uni.lu\/de\/ueber-uns\/organisation\/verwaltung\/datenschutz\/ihre-rechte\/","name":"Ihre Rechte - Universit\u00e4t Luxemburg","isPartOf":{"@id":"https:\/\/www.uni.lu\/de\/#website"},"datePublished":"2024-02-01T12:54:38+00:00","dateModified":"2024-11-19T11:29:03+00:00","description":"Ihre Rechte, wenn wir Ihre personenbezogenen Daten verarbeiten, Sie verschiedene Rechte gem\u00e4\u00df der Datenschutz-Grundverordnung (DSGVO) haben.","breadcrumb":{"@id":"https:\/\/www.uni.lu\/de\/ueber-uns\/organisation\/verwaltung\/datenschutz\/ihre-rechte\/#breadcrumb"},"inLanguage":"de-DE","potentialAction":[{"@type":"ReadAction","target":["https:\/\/www.uni.lu\/de\/ueber-uns\/organisation\/verwaltung\/datenschutz\/ihre-rechte\/"]}]},{"@type":"BreadcrumbList","@id":"https:\/\/www.uni.lu\/de\/ueber-uns\/organisation\/verwaltung\/datenschutz\/ihre-rechte\/#breadcrumb","itemListElement":[{"@type":"ListItem","position":1,"name":"Home","item":"https:\/\/www.uni.lu\/de\/"},{"@type":"ListItem","position":2,"name":"\u00dcber uns","item":"https:\/\/www.uni.lu\/de\/ueber-uns\/"},{"@type":"ListItem","position":3,"name":"Organisation","item":"https:\/\/www.uni.lu\/de\/ueber-uns\/organisation\/"},{"@type":"ListItem","position":4,"name":"Verwaltung","item":"https:\/\/www.uni.lu\/de\/ueber-uns\/organisation\/verwaltung\/"},{"@type":"ListItem","position":5,"name":"B\u00fcro f\u00fcr Datenschutz","item":"https:\/\/www.uni.lu\/de\/ueber-uns\/organisation\/verwaltung\/datenschutz\/"},{"@type":"ListItem","position":6,"name":"Ihre Rechte"}]},{"@type":"WebSite","@id":"https:\/\/www.uni.lu\/de\/#website","url":"https:\/\/www.uni.lu\/de\/","name":"Uni.lu","description":"Universit\u00e4t Luxemburg","publisher":{"@id":"https:\/\/www.uni.lu\/de\/#organization"},"alternateName":"Universit\u00e4t Luxemburg","potentialAction":[{"@type":"SearchAction","target":{"@type":"EntryPoint","urlTemplate":"https:\/\/www.uni.lu\/de\/?s={search_term_string}"},"query-input":"required name=search_term_string"}],"inLanguage":"de-DE"},{"@type":"Organization","@id":"https:\/\/www.uni.lu\/de\/#organization","name":"Universit\u00e4t Luxemburg","alternateName":"Uni.lu","url":"https:\/\/www.uni.lu\/de\/","logo":{"@type":"ImageObject","inLanguage":"de-DE","@id":"https:\/\/www.uni.lu\/de\/#\/schema\/logo\/image\/","url":"https:\/\/www.uni.lu\/wp-content\/uploads\/sites\/10\/2026\/03\/03120000\/UNIV_SM-Profile_1600x1600px-scaled.jpg","contentUrl":"https:\/\/www.uni.lu\/wp-content\/uploads\/sites\/10\/2026\/03\/03120000\/UNIV_SM-Profile_1600x1600px-scaled.jpg","width":2560,"height":2560,"caption":"Universit\u00e4t Luxemburg"},"image":{"@id":"https:\/\/www.uni.lu\/de\/#\/schema\/logo\/image\/"},"sameAs":["https:\/\/www.facebook.com\/uni.lu","https:\/\/www.linkedin.com\/school\/university-of-luxembourg\/","https:\/\/www.instagram.com\/uni.lu","https:\/\/www.youtube.com\/@uni_lu","https:\/\/en.wikipedia.org\/wiki\/University_of_Luxembourg"]}]}},"ticketed":false,"_links":{"self":[{"href":"https:\/\/www.uni.lu\/de\/wp-json\/wp\/v2\/pages\/3141"}],"collection":[{"href":"https:\/\/www.uni.lu\/de\/wp-json\/wp\/v2\/pages"}],"about":[{"href":"https:\/\/www.uni.lu\/de\/wp-json\/wp\/v2\/types\/page"}],"author":[{"embeddable":true,"href":"https:\/\/www.uni.lu\/de\/wp-json\/wp\/v2\/users\/33"}],"replies":[{"embeddable":true,"href":"https:\/\/www.uni.lu\/de\/wp-json\/wp\/v2\/comments?post=3141"}],"version-history":[{"count":4,"href":"https:\/\/www.uni.lu\/de\/wp-json\/wp\/v2\/pages\/3141\/revisions"}],"predecessor-version":[{"id":5376,"href":"https:\/\/www.uni.lu\/de\/wp-json\/wp\/v2\/pages\/3141\/revisions\/5376"}],"up":[{"embeddable":true,"href":"https:\/\/www.uni.lu\/de\/wp-json\/wp\/v2\/pages\/1449"}],"wp:authorship":[{"embeddable":true,"href":"https:\/\/www.uni.lu\/de\/wp-json\/wp\/v2\/users\/33"}],"wp:attachment":[{"href":"https:\/\/www.uni.lu\/de\/wp-json\/wp\/v2\/media?parent=3141"}],"wp:term":[{"taxonomy":"field-of-interest","embeddable":true,"href":"https:\/\/www.uni.lu\/de\/wp-json\/wp\/v2\/field-of-interest?post=3141"},{"taxonomy":"organisation","embeddable":true,"href":"https:\/\/www.uni.lu\/de\/wp-json\/wp\/v2\/organisation?post=3141"}],"curies":[{"name":"wp","href":"https:\/\/api.w.org\/{rel}","templated":true}]}}